{"id":233486,"date":"2021-06-24T13:22:22","date_gmt":"2021-06-24T05:22:22","guid":{"rendered":"https:\/\/leatai.com\/product\/sem%20categoria\/aplicacao-de-hot-stamping-e-gravacao-em-relevo-como-servico-terceirizado\/"},"modified":"2025-11-26T11:52:22","modified_gmt":"2025-11-26T03:52:22","slug":"aplicacao-de-hot-stamping-e-gravacao-em-relevo-como-servico-terceirizado","status":"publish","type":"product","link":"https:\/\/leatai.com\/pt-br\/product\/outras-manufaturas\/aplicacao-de-hot-stamping-e-gravacao-em-relevo-como-servico-terceirizado\/","title":{"rendered":"Aplica\u00e7\u00e3o de hot stamping e grava\u00e7\u00e3o em relevo como servi\u00e7o terceirizado."},"content":{"rendered":"<p>Itens de terceiriza\u00e7\u00e3o: hot stamping e grava\u00e7\u00e3o em relevo<br \/>\nDescri\u00e7\u00e3o do conte\u00fado: ap\u00f3s a produ\u00e7\u00e3o da matriz de zinco, aplica-se calor e press\u00e3o sobre materiais como couro sint\u00e9tico ou papel. A folha met\u00e1lica varia conforme o tipo de material, pois cada um possui diferente n\u00edvel de compatibilidade. A grava\u00e7\u00e3o em relevo funciona com o mesmo princ\u00edpio, e o couro sint\u00e9tico nem sempre muda de cor durante o processo.<\/p>\n","protected":false},"excerpt":{"rendered":"<p>Hot stamping e grava\u00e7\u00e3o em relevo como servi\u00e7o terceirizado.<\/p>\n","protected":false},"featured_media":233487,"template":"","meta":{"_acf_changed":false},"product_brand":[],"product_cat":[1159],"product_tag":[],"home_works":[],"class_list":{"0":"post-233486","1":"product","2":"type-product","3":"status-publish","4":"has-post-thumbnail","6":"product_cat-outras-manufaturas","8":"first","9":"outofstock","10":"sold-individually","11":"shipping-taxable","12":"purchasable","13":"product-type-variable","14":"has-default-attributes"},"acf":[],"yoast_head":"<!-- This site is optimized with the Yoast SEO plugin v27.2 - https:\/\/yoast.com\/product\/yoast-seo-wordpress\/ -->\n<title>Aplica\u00e7\u00e3o de hot stamping e grava\u00e7\u00e3o em relevo como servi\u00e7o terceirizado. - Leatai \u2013 Fabricante de cadernos personalizados<\/title>\n<meta name=\"description\" content=\"Itens de terceiriza\u00e7\u00e3o: hot stamping e grava\u00e7\u00e3o em relevo Descri\u00e7\u00e3o do conte\u00fado: a matriz de zinco \u00e9 aquecida e pressionada sobre materiais como couro sint\u00e9tico ou papel. A escolha da folha met\u00e1lica varia conforme o material, pois cada superf\u00edcie possui um n\u00edvel diferente de compatibilidade. A grava\u00e7\u00e3o em relevo segue o mesmo princ\u00edpio, e o couro sint\u00e9tico nem sempre muda de cor durante o processo.\" \/>\n<meta name=\"robots\" content=\"index, follow, max-snippet:-1, max-image-preview:large, max-video-preview:-1\" \/>\n<link rel=\"canonical\" href=\"https:\/\/leatai.com\/pt-br\/product\/outras-manufaturas\/aplicacao-de-hot-stamping-e-gravacao-em-relevo-como-servico-terceirizado\/\" \/>\n<meta property=\"og:locale\" content=\"pt_BR\" \/>\n<meta property=\"og:type\" content=\"article\" \/>\n<meta property=\"og:title\" content=\"Aplica\u00e7\u00e3o de hot stamping e grava\u00e7\u00e3o em relevo como servi\u00e7o terceirizado. - Leatai \u2013 Fabricante de cadernos personalizados\" \/>\n<meta property=\"og:description\" content=\"Itens de terceiriza\u00e7\u00e3o: hot stamping e grava\u00e7\u00e3o em relevo Descri\u00e7\u00e3o do conte\u00fado: a matriz de zinco \u00e9 aquecida e pressionada sobre materiais como couro sint\u00e9tico ou papel. A escolha da folha met\u00e1lica varia conforme o material, pois cada superf\u00edcie possui um n\u00edvel diferente de compatibilidade. A grava\u00e7\u00e3o em relevo segue o mesmo princ\u00edpio, e o couro sint\u00e9tico nem sempre muda de cor durante o processo.\" \/>\n<meta property=\"og:url\" content=\"https:\/\/leatai.com\/pt-br\/product\/outras-manufaturas\/aplicacao-de-hot-stamping-e-gravacao-em-relevo-como-servico-terceirizado\/\" \/>\n<meta property=\"og:site_name\" content=\"Leatai \u2013 Fabricante de cadernos personalizados\" \/>\n<meta property=\"article:modified_time\" content=\"2025-11-26T03:52:22+00:00\" \/>\n<meta property=\"og:image\" content=\"https:\/\/leatai.com\/wp-content\/uploads\/2016_01_20_1505510.jpg\" \/>\n\t<meta property=\"og:image:width\" content=\"1000\" \/>\n\t<meta property=\"og:image:height\" content=\"750\" \/>\n\t<meta property=\"og:image:type\" content=\"image\/jpeg\" \/>\n<meta name=\"twitter:card\" content=\"summary_large_image\" \/>\n<meta name=\"twitter:label1\" content=\"Est. tempo de leitura\" \/>\n\t<meta name=\"twitter:data1\" content=\"1 minuto\" \/>\n<script type=\"application\/ld+json\" class=\"yoast-schema-graph\">{\"@context\":\"https:\/\/schema.org\",\"@graph\":[{\"@type\":\"WebPage\",\"@id\":\"https:\/\/leatai.com\/pt-br\/product\/outras-manufaturas\/aplicacao-de-hot-stamping-e-gravacao-em-relevo-como-servico-terceirizado\/\",\"url\":\"https:\/\/leatai.com\/pt-br\/product\/outras-manufaturas\/aplicacao-de-hot-stamping-e-gravacao-em-relevo-como-servico-terceirizado\/\",\"name\":\"Aplica\u00e7\u00e3o de hot stamping e grava\u00e7\u00e3o em relevo como servi\u00e7o terceirizado. - Leatai \u2013 Fabricante de cadernos personalizados\",\"isPartOf\":{\"@id\":\"https:\/\/leatai.com\/pt-br\/#website\"},\"primaryImageOfPage\":{\"@id\":\"https:\/\/leatai.com\/pt-br\/product\/outras-manufaturas\/aplicacao-de-hot-stamping-e-gravacao-em-relevo-como-servico-terceirizado\/#primaryimage\"},\"image\":{\"@id\":\"https:\/\/leatai.com\/pt-br\/product\/outras-manufaturas\/aplicacao-de-hot-stamping-e-gravacao-em-relevo-como-servico-terceirizado\/#primaryimage\"},\"thumbnailUrl\":\"https:\/\/leatai.com\/wp-content\/uploads\/2016_01_20_1505510.jpg\",\"datePublished\":\"2021-06-24T05:22:22+00:00\",\"dateModified\":\"2025-11-26T03:52:22+00:00\",\"description\":\"Itens de terceiriza\u00e7\u00e3o: hot stamping e grava\u00e7\u00e3o em relevo Descri\u00e7\u00e3o do conte\u00fado: a matriz de zinco \u00e9 aquecida e pressionada sobre materiais como couro sint\u00e9tico ou papel. A escolha da folha met\u00e1lica varia conforme o material, pois cada superf\u00edcie possui um n\u00edvel diferente de compatibilidade. A grava\u00e7\u00e3o em relevo segue o mesmo princ\u00edpio, e o couro sint\u00e9tico nem sempre muda de cor durante o processo.\",\"breadcrumb\":{\"@id\":\"https:\/\/leatai.com\/pt-br\/product\/outras-manufaturas\/aplicacao-de-hot-stamping-e-gravacao-em-relevo-como-servico-terceirizado\/#breadcrumb\"},\"inLanguage\":\"pt-BR\",\"potentialAction\":[{\"@type\":\"ReadAction\",\"target\":[\"https:\/\/leatai.com\/pt-br\/product\/outras-manufaturas\/aplicacao-de-hot-stamping-e-gravacao-em-relevo-como-servico-terceirizado\/\"]}]},{\"@type\":\"ImageObject\",\"inLanguage\":\"pt-BR\",\"@id\":\"https:\/\/leatai.com\/pt-br\/product\/outras-manufaturas\/aplicacao-de-hot-stamping-e-gravacao-em-relevo-como-servico-terceirizado\/#primaryimage\",\"url\":\"https:\/\/leatai.com\/wp-content\/uploads\/2016_01_20_1505510.jpg\",\"contentUrl\":\"https:\/\/leatai.com\/wp-content\/uploads\/2016_01_20_1505510.jpg\",\"width\":1000,\"height\":750,\"caption\":\"Hot stamping e grava\u00e7\u00e3o em relevo como servi\u00e7o terceirizado.\"},{\"@type\":\"BreadcrumbList\",\"@id\":\"https:\/\/leatai.com\/pt-br\/product\/outras-manufaturas\/aplicacao-de-hot-stamping-e-gravacao-em-relevo-como-servico-terceirizado\/#breadcrumb\",\"itemListElement\":[{\"@type\":\"ListItem\",\"position\":1,\"name\":\"Home\",\"item\":\"https:\/\/leatai.com\/pt-br\/\"},{\"@type\":\"ListItem\",\"position\":2,\"name\":\"Apresenta\u00e7\u00e3o de produtos\",\"item\":\"https:\/\/leatai.com\/products\/\"},{\"@type\":\"ListItem\",\"position\":3,\"name\":\"Outras manufaturas\",\"item\":\"https:\/\/leatai.com\/pt-br\/categoria-produto\/outras-manufaturas\/\"},{\"@type\":\"ListItem\",\"position\":4,\"name\":\"Aplica\u00e7\u00e3o de hot stamping e grava\u00e7\u00e3o em relevo como servi\u00e7o terceirizado.\"}]},{\"@type\":\"WebSite\",\"@id\":\"https:\/\/leatai.com\/pt-br\/#website\",\"url\":\"https:\/\/leatai.com\/pt-br\/\",\"name\":\"Leatai \u2013 Fabricante de cadernos personalizados\",\"description\":\"A Leatai fornece cadernos e planejadores personalizados para marcas e distribuidores em todo o mundo.\",\"publisher\":{\"@id\":\"https:\/\/leatai.com\/pt-br\/#organization\"},\"potentialAction\":[{\"@type\":\"SearchAction\",\"target\":{\"@type\":\"EntryPoint\",\"urlTemplate\":\"https:\/\/leatai.com\/pt-br\/?s={search_term_string}\"},\"query-input\":{\"@type\":\"PropertyValueSpecification\",\"valueRequired\":true,\"valueName\":\"search_term_string\"}}],\"inLanguage\":\"pt-BR\"},{\"@type\":\"Organization\",\"@id\":\"https:\/\/leatai.com\/pt-br\/#organization\",\"name\":\"Leatai Diary, customized journal and business organizer\",\"url\":\"https:\/\/leatai.com\/pt-br\/\",\"logo\":{\"@type\":\"ImageObject\",\"inLanguage\":\"pt-BR\",\"@id\":\"https:\/\/leatai.com\/pt-br\/#\/schema\/logo\/image\/\",\"url\":\"https:\/\/leatai.com\/wp-content\/uploads\/logo-blue.png\",\"contentUrl\":\"https:\/\/leatai.com\/wp-content\/uploads\/logo-blue.png\",\"width\":230,\"height\":60,\"caption\":\"Leatai Diary, customized journal and business organizer\"},\"image\":{\"@id\":\"https:\/\/leatai.com\/pt-br\/#\/schema\/logo\/image\/\"}}]}<\/script>\n<!-- \/ Yoast SEO plugin. -->","yoast_head_json":{"title":"Aplica\u00e7\u00e3o de hot stamping e grava\u00e7\u00e3o em relevo como servi\u00e7o terceirizado. - Leatai \u2013 Fabricante de cadernos personalizados","description":"Itens de terceiriza\u00e7\u00e3o: hot stamping e grava\u00e7\u00e3o em relevo Descri\u00e7\u00e3o do conte\u00fado: a matriz de zinco \u00e9 aquecida e pressionada sobre materiais como couro sint\u00e9tico ou papel. A escolha da folha met\u00e1lica varia conforme o material, pois cada superf\u00edcie possui um n\u00edvel diferente de compatibilidade. A grava\u00e7\u00e3o em relevo segue o mesmo princ\u00edpio, e o couro sint\u00e9tico nem sempre muda de cor durante o processo.","robots":{"index":"index","follow":"follow","max-snippet":"max-snippet:-1","max-image-preview":"max-image-preview:large","max-video-preview":"max-video-preview:-1"},"canonical":"https:\/\/leatai.com\/pt-br\/product\/outras-manufaturas\/aplicacao-de-hot-stamping-e-gravacao-em-relevo-como-servico-terceirizado\/","og_locale":"pt_BR","og_type":"article","og_title":"Aplica\u00e7\u00e3o de hot stamping e grava\u00e7\u00e3o em relevo como servi\u00e7o terceirizado. - Leatai \u2013 Fabricante de cadernos personalizados","og_description":"Itens de terceiriza\u00e7\u00e3o: hot stamping e grava\u00e7\u00e3o em relevo Descri\u00e7\u00e3o do conte\u00fado: a matriz de zinco \u00e9 aquecida e pressionada sobre materiais como couro sint\u00e9tico ou papel. A escolha da folha met\u00e1lica varia conforme o material, pois cada superf\u00edcie possui um n\u00edvel diferente de compatibilidade. A grava\u00e7\u00e3o em relevo segue o mesmo princ\u00edpio, e o couro sint\u00e9tico nem sempre muda de cor durante o processo.","og_url":"https:\/\/leatai.com\/pt-br\/product\/outras-manufaturas\/aplicacao-de-hot-stamping-e-gravacao-em-relevo-como-servico-terceirizado\/","og_site_name":"Leatai \u2013 Fabricante de cadernos personalizados","article_modified_time":"2025-11-26T03:52:22+00:00","og_image":[{"width":1000,"height":750,"url":"https:\/\/leatai.com\/wp-content\/uploads\/2016_01_20_1505510.jpg","type":"image\/jpeg"}],"twitter_card":"summary_large_image","twitter_misc":{"Est. tempo de leitura":"1 minuto"},"schema":{"@context":"https:\/\/schema.org","@graph":[{"@type":"WebPage","@id":"https:\/\/leatai.com\/pt-br\/product\/outras-manufaturas\/aplicacao-de-hot-stamping-e-gravacao-em-relevo-como-servico-terceirizado\/","url":"https:\/\/leatai.com\/pt-br\/product\/outras-manufaturas\/aplicacao-de-hot-stamping-e-gravacao-em-relevo-como-servico-terceirizado\/","name":"Aplica\u00e7\u00e3o de hot stamping e grava\u00e7\u00e3o em relevo como servi\u00e7o terceirizado. - Leatai \u2013 Fabricante de cadernos personalizados","isPartOf":{"@id":"https:\/\/leatai.com\/pt-br\/#website"},"primaryImageOfPage":{"@id":"https:\/\/leatai.com\/pt-br\/product\/outras-manufaturas\/aplicacao-de-hot-stamping-e-gravacao-em-relevo-como-servico-terceirizado\/#primaryimage"},"image":{"@id":"https:\/\/leatai.com\/pt-br\/product\/outras-manufaturas\/aplicacao-de-hot-stamping-e-gravacao-em-relevo-como-servico-terceirizado\/#primaryimage"},"thumbnailUrl":"https:\/\/leatai.com\/wp-content\/uploads\/2016_01_20_1505510.jpg","datePublished":"2021-06-24T05:22:22+00:00","dateModified":"2025-11-26T03:52:22+00:00","description":"Itens de terceiriza\u00e7\u00e3o: hot stamping e grava\u00e7\u00e3o em relevo Descri\u00e7\u00e3o do conte\u00fado: a matriz de zinco \u00e9 aquecida e pressionada sobre materiais como couro sint\u00e9tico ou papel. A escolha da folha met\u00e1lica varia conforme o material, pois cada superf\u00edcie possui um n\u00edvel diferente de compatibilidade. A grava\u00e7\u00e3o em relevo segue o mesmo princ\u00edpio, e o couro sint\u00e9tico nem sempre muda de cor durante o processo.","breadcrumb":{"@id":"https:\/\/leatai.com\/pt-br\/product\/outras-manufaturas\/aplicacao-de-hot-stamping-e-gravacao-em-relevo-como-servico-terceirizado\/#breadcrumb"},"inLanguage":"pt-BR","potentialAction":[{"@type":"ReadAction","target":["https:\/\/leatai.com\/pt-br\/product\/outras-manufaturas\/aplicacao-de-hot-stamping-e-gravacao-em-relevo-como-servico-terceirizado\/"]}]},{"@type":"ImageObject","inLanguage":"pt-BR","@id":"https:\/\/leatai.com\/pt-br\/product\/outras-manufaturas\/aplicacao-de-hot-stamping-e-gravacao-em-relevo-como-servico-terceirizado\/#primaryimage","url":"https:\/\/leatai.com\/wp-content\/uploads\/2016_01_20_1505510.jpg","contentUrl":"https:\/\/leatai.com\/wp-content\/uploads\/2016_01_20_1505510.jpg","width":1000,"height":750,"caption":"Hot stamping e grava\u00e7\u00e3o em relevo como servi\u00e7o terceirizado."},{"@type":"BreadcrumbList","@id":"https:\/\/leatai.com\/pt-br\/product\/outras-manufaturas\/aplicacao-de-hot-stamping-e-gravacao-em-relevo-como-servico-terceirizado\/#breadcrumb","itemListElement":[{"@type":"ListItem","position":1,"name":"Home","item":"https:\/\/leatai.com\/pt-br\/"},{"@type":"ListItem","position":2,"name":"Apresenta\u00e7\u00e3o de produtos","item":"https:\/\/leatai.com\/products\/"},{"@type":"ListItem","position":3,"name":"Outras manufaturas","item":"https:\/\/leatai.com\/pt-br\/categoria-produto\/outras-manufaturas\/"},{"@type":"ListItem","position":4,"name":"Aplica\u00e7\u00e3o de hot stamping e grava\u00e7\u00e3o em relevo como servi\u00e7o terceirizado."}]},{"@type":"WebSite","@id":"https:\/\/leatai.com\/pt-br\/#website","url":"https:\/\/leatai.com\/pt-br\/","name":"Leatai \u2013 Fabricante de cadernos personalizados","description":"A Leatai fornece cadernos e planejadores personalizados para marcas e distribuidores em todo o mundo.","publisher":{"@id":"https:\/\/leatai.com\/pt-br\/#organization"},"potentialAction":[{"@type":"SearchAction","target":{"@type":"EntryPoint","urlTemplate":"https:\/\/leatai.com\/pt-br\/?s={search_term_string}"},"query-input":{"@type":"PropertyValueSpecification","valueRequired":true,"valueName":"search_term_string"}}],"inLanguage":"pt-BR"},{"@type":"Organization","@id":"https:\/\/leatai.com\/pt-br\/#organization","name":"Leatai Diary, customized journal and business organizer","url":"https:\/\/leatai.com\/pt-br\/","logo":{"@type":"ImageObject","inLanguage":"pt-BR","@id":"https:\/\/leatai.com\/pt-br\/#\/schema\/logo\/image\/","url":"https:\/\/leatai.com\/wp-content\/uploads\/logo-blue.png","contentUrl":"https:\/\/leatai.com\/wp-content\/uploads\/logo-blue.png","width":230,"height":60,"caption":"Leatai Diary, customized journal and business organizer"},"image":{"@id":"https:\/\/leatai.com\/pt-br\/#\/schema\/logo\/image\/"}}]}},"_links":{"self":[{"href":"https:\/\/leatai.com\/pt-br\/wp-json\/wp\/v2\/product\/233486","targetHints":{"allow":["GET"]}}],"collection":[{"href":"https:\/\/leatai.com\/pt-br\/wp-json\/wp\/v2\/product"}],"about":[{"href":"https:\/\/leatai.com\/pt-br\/wp-json\/wp\/v2\/types\/product"}],"wp:featuredmedia":[{"embeddable":true,"href":"https:\/\/leatai.com\/pt-br\/wp-json\/wp\/v2\/media\/233487"}],"wp:attachment":[{"href":"https:\/\/leatai.com\/pt-br\/wp-json\/wp\/v2\/media?parent=233486"}],"wp:term":[{"taxonomy":"product_brand","embeddable":true,"href":"https:\/\/leatai.com\/pt-br\/wp-json\/wp\/v2\/product_brand?post=233486"},{"taxonomy":"product_cat","embeddable":true,"href":"https:\/\/leatai.com\/pt-br\/wp-json\/wp\/v2\/product_cat?post=233486"},{"taxonomy":"product_tag","embeddable":true,"href":"https:\/\/leatai.com\/pt-br\/wp-json\/wp\/v2\/product_tag?post=233486"},{"taxonomy":"home_works","embeddable":true,"href":"https:\/\/leatai.com\/pt-br\/wp-json\/wp\/v2\/home_works?post=233486"}],"curies":[{"name":"wp","href":"https:\/\/api.w.org\/{rel}","templated":true}]}}