{"id":232878,"date":"2021-08-19T21:25:43","date_gmt":"2021-08-19T13:25:43","guid":{"rendered":"https:\/\/leatai.com\/product\/sem%20categoria\/tau-ju\/"},"modified":"2025-11-24T11:33:25","modified_gmt":"2025-11-24T03:33:25","slug":"tau-ju","status":"publish","type":"product","link":"https:\/\/leatai.com\/pt-br\/product\/varios-amostras-oem\/caderno-de-capa-dura-oem\/tau-ju\/","title":{"rendered":"Tau-Ju"},"content":{"rendered":"<p>Nome do cliente: Tau-Ju<br \/>\nTamanho do caso: 48K<br \/>\nModelo do caso: caderno capa dura<br \/>\nEfeito do logo do caso: hot stamping em preto<br \/>\nPontos de destaque: utilizando papel art\u00edstico como material e escolhendo o formato de capa dura com aba dobrada, o resultado \u00e9 pequeno e delicado; o logo em hot stamping preto cria um forte efeito visual de estilo liter\u00e1rio, deixando uma impress\u00e3o marcante.<\/p>\n<p>&nbsp;<\/p>\n<p><strong>\ud83d\udcd6<\/strong>Todos os exemplos de personaliza\u00e7\u00e3o: <a href=\"https:\/\/leatai.com\/pt-br\/produto-tag\/oem-pt-br\/\" target=\"_blank\" rel=\"noopener\">Cadernos personalizados \/ Di\u00e1rios comerciais personalizados<\/a><br \/>\n<strong>\ud83d\udcd6<\/strong>Para produtos padr\u00e3o de cadernos personalizados \/ di\u00e1rios comerciais, consulte:<br \/>\n<a href=\"https:\/\/leatai.com\/pt-br\/categoria-produto\/caderno-personalizado\/caderno-com-capa-dura\/\" target=\"_blank\" rel=\"noopener\">Caderno de capa dura \/ Di\u00e1rio comercial de capa dura<\/a><br \/>\n<a href=\"https:\/\/leatai.com\/pt-br\/categoria-produto\/caderno-personalizado\/caderno-de-folhas-soltas\/\" target=\"_blank\" rel=\"noopener\">Caderno de argolas \/ Di\u00e1rio comercial de argolas<\/a><br \/>\n<a href=\"https:\/\/leatai.com\/pt-br\/categoria-produto\/caderno-personalizado\/caderno-removivel\/\" target=\"_blank\" rel=\"noopener\">Caderno de argolas destac\u00e1vel \/ Di\u00e1rio comercial destac\u00e1vel<\/a><br \/>\n<a href=\"https:\/\/leatai.com\/pt-br\/categoria-produto\/caderno-personalizado\/caderno-brochura\/\" target=\"_blank\" rel=\"noopener\">Caderno de brochura \/ Di\u00e1rio comercial de brochura<\/a><br \/>\n<a href=\"https:\/\/leatai.com\/pt-br\/categoria-produto\/caderno-personalizado\/caderno-espiral\/\" target=\"_blank\" rel=\"noopener\">Caderno espiral \/ Di\u00e1rio comercial espiral<\/a><\/p>\n<p><strong><b>\ud83d\udcd6<\/b><\/strong>Para uma explica\u00e7\u00e3o completa dos tamanhos, consulte:<a href=\"https:\/\/leatai.com\/pt-br\/conhecimento-sobre-cadernos\/guia-de-tamanhos-de-papel-entendendo-tamanhos-comuns-como-b3-a4-b5-8k-16k-e-mais-um-grafico-de-tamanhos-abrangente-para-referencia-facil\/\" target=\"_blank\" rel=\"noopener\"> Guia de tamanhos de papel: como diferenciar B3, A4, B5, 8K, 16K e outros tamanhos comuns? Tabela de compara\u00e7\u00e3o de tamanhos de papel f\u00e1cil de entender!<\/a><\/p>\n","protected":false},"excerpt":{"rendered":"<p>Nome do cliente: Tau-Ju Tamanho do caso: 48K Modelo do caso: caderno capa dura Efeito do logo do caso: hot stamping em preto Pontos de destaque: utilizando papel art\u00edstico como material e escolhendo o formato de capa dura com aba dobrada, o resultado \u00e9 pequeno e delicado; o logo em hot stamping preto cria um [&hellip;]<\/p>\n","protected":false},"featured_media":232880,"template":"","meta":{"_acf_changed":false},"product_brand":[],"product_cat":[886],"product_tag":[1548],"home_works":[],"class_list":{"0":"post-232878","1":"product","2":"type-product","3":"status-publish","4":"has-post-thumbnail","6":"product_cat-caderno-de-capa-dura-oem","7":"product_tag-oem-pt-br","9":"first","10":"outofstock","11":"sold-individually","12":"shipping-taxable","13":"purchasable","14":"product-type-variable","15":"has-default-attributes"},"acf":[],"yoast_head":"<!-- This site is optimized with the Yoast SEO plugin v27.2 - https:\/\/yoast.com\/product\/yoast-seo-wordpress\/ -->\n<title>Tau-Ju - Leatai \u2013 Fabricante de cadernos personalizados<\/title>\n<meta name=\"description\" content=\"Caso de livro capa dura OEM: Tau-Ju, modelo: caderno capa dura, tamanho: 48K. Pontos de destaque: feito com papel art\u00edstico e utilizando o formato de capa dura com aba dobrada, o resultado \u00e9 pequeno e delicado; o logo em hot stamping preto cria um forte efeito visual de estilo liter\u00e1rio, deixando uma impress\u00e3o marcante.\" \/>\n<meta name=\"robots\" content=\"index, follow, max-snippet:-1, max-image-preview:large, max-video-preview:-1\" \/>\n<link rel=\"canonical\" href=\"https:\/\/leatai.com\/pt-br\/product\/varios-amostras-oem\/caderno-de-capa-dura-oem\/tau-ju\/\" \/>\n<meta property=\"og:locale\" content=\"pt_BR\" \/>\n<meta property=\"og:type\" content=\"article\" \/>\n<meta property=\"og:title\" content=\"Tau-Ju - Leatai \u2013 Fabricante de cadernos personalizados\" \/>\n<meta property=\"og:description\" content=\"Caso de livro capa dura OEM: Tau-Ju, modelo: caderno capa dura, tamanho: 48K. Pontos de destaque: feito com papel art\u00edstico e utilizando o formato de capa dura com aba dobrada, o resultado \u00e9 pequeno e delicado; o logo em hot stamping preto cria um forte efeito visual de estilo liter\u00e1rio, deixando uma impress\u00e3o marcante.\" \/>\n<meta property=\"og:url\" content=\"https:\/\/leatai.com\/pt-br\/product\/varios-amostras-oem\/caderno-de-capa-dura-oem\/tau-ju\/\" \/>\n<meta property=\"og:site_name\" content=\"Leatai \u2013 Fabricante de cadernos personalizados\" \/>\n<meta property=\"article:modified_time\" content=\"2025-11-24T03:33:25+00:00\" \/>\n<meta property=\"og:image\" content=\"https:\/\/leatai.com\/wp-content\/uploads\/DSC_0581.jpg\" \/>\n\t<meta property=\"og:image:width\" content=\"1000\" \/>\n\t<meta property=\"og:image:height\" content=\"750\" \/>\n\t<meta property=\"og:image:type\" content=\"image\/jpeg\" \/>\n<meta name=\"twitter:card\" content=\"summary_large_image\" \/>\n<meta name=\"twitter:label1\" content=\"Est. tempo de leitura\" \/>\n\t<meta name=\"twitter:data1\" content=\"2 minutos\" \/>\n<script type=\"application\/ld+json\" class=\"yoast-schema-graph\">{\"@context\":\"https:\/\/schema.org\",\"@graph\":[{\"@type\":\"WebPage\",\"@id\":\"https:\/\/leatai.com\/pt-br\/product\/varios-amostras-oem\/caderno-de-capa-dura-oem\/tau-ju\/\",\"url\":\"https:\/\/leatai.com\/pt-br\/product\/varios-amostras-oem\/caderno-de-capa-dura-oem\/tau-ju\/\",\"name\":\"Tau-Ju - Leatai \u2013 Fabricante de cadernos personalizados\",\"isPartOf\":{\"@id\":\"https:\/\/leatai.com\/pt-br\/#website\"},\"primaryImageOfPage\":{\"@id\":\"https:\/\/leatai.com\/pt-br\/product\/varios-amostras-oem\/caderno-de-capa-dura-oem\/tau-ju\/#primaryimage\"},\"image\":{\"@id\":\"https:\/\/leatai.com\/pt-br\/product\/varios-amostras-oem\/caderno-de-capa-dura-oem\/tau-ju\/#primaryimage\"},\"thumbnailUrl\":\"https:\/\/leatai.com\/wp-content\/uploads\/DSC_0581.jpg\",\"datePublished\":\"2021-08-19T13:25:43+00:00\",\"dateModified\":\"2025-11-24T03:33:25+00:00\",\"description\":\"Caso de livro capa dura OEM: Tau-Ju, modelo: caderno capa dura, tamanho: 48K. Pontos de destaque: feito com papel art\u00edstico e utilizando o formato de capa dura com aba dobrada, o resultado \u00e9 pequeno e delicado; o logo em hot stamping preto cria um forte efeito visual de estilo liter\u00e1rio, deixando uma impress\u00e3o marcante.\",\"breadcrumb\":{\"@id\":\"https:\/\/leatai.com\/pt-br\/product\/varios-amostras-oem\/caderno-de-capa-dura-oem\/tau-ju\/#breadcrumb\"},\"inLanguage\":\"pt-BR\",\"potentialAction\":[{\"@type\":\"ReadAction\",\"target\":[\"https:\/\/leatai.com\/pt-br\/product\/varios-amostras-oem\/caderno-de-capa-dura-oem\/tau-ju\/\"]}]},{\"@type\":\"ImageObject\",\"inLanguage\":\"pt-BR\",\"@id\":\"https:\/\/leatai.com\/pt-br\/product\/varios-amostras-oem\/caderno-de-capa-dura-oem\/tau-ju\/#primaryimage\",\"url\":\"https:\/\/leatai.com\/wp-content\/uploads\/DSC_0581.jpg\",\"contentUrl\":\"https:\/\/leatai.com\/wp-content\/uploads\/DSC_0581.jpg\",\"width\":1000,\"height\":750,\"caption\":\"capa dura\"},{\"@type\":\"BreadcrumbList\",\"@id\":\"https:\/\/leatai.com\/pt-br\/product\/varios-amostras-oem\/caderno-de-capa-dura-oem\/tau-ju\/#breadcrumb\",\"itemListElement\":[{\"@type\":\"ListItem\",\"position\":1,\"name\":\"Home\",\"item\":\"https:\/\/leatai.com\/pt-br\/\"},{\"@type\":\"ListItem\",\"position\":2,\"name\":\"Apresenta\u00e7\u00e3o de produtos\",\"item\":\"https:\/\/leatai.com\/products\/\"},{\"@type\":\"ListItem\",\"position\":3,\"name\":\"V\u00e1rios Amostras OEM\",\"item\":\"https:\/\/leatai.com\/pt-br\/categoria-produto\/varios-amostras-oem\/\"},{\"@type\":\"ListItem\",\"position\":4,\"name\":\"Caderno de Capa Dura OEM\",\"item\":\"https:\/\/leatai.com\/pt-br\/categoria-produto\/varios-amostras-oem\/caderno-de-capa-dura-oem\/\"},{\"@type\":\"ListItem\",\"position\":5,\"name\":\"Tau-Ju\"}]},{\"@type\":\"WebSite\",\"@id\":\"https:\/\/leatai.com\/pt-br\/#website\",\"url\":\"https:\/\/leatai.com\/pt-br\/\",\"name\":\"Leatai \u2013 Fabricante de cadernos personalizados\",\"description\":\"A Leatai fornece cadernos e planejadores personalizados para marcas e distribuidores em todo o mundo.\",\"publisher\":{\"@id\":\"https:\/\/leatai.com\/pt-br\/#organization\"},\"potentialAction\":[{\"@type\":\"SearchAction\",\"target\":{\"@type\":\"EntryPoint\",\"urlTemplate\":\"https:\/\/leatai.com\/pt-br\/?s={search_term_string}\"},\"query-input\":{\"@type\":\"PropertyValueSpecification\",\"valueRequired\":true,\"valueName\":\"search_term_string\"}}],\"inLanguage\":\"pt-BR\"},{\"@type\":\"Organization\",\"@id\":\"https:\/\/leatai.com\/pt-br\/#organization\",\"name\":\"Leatai Diary, customized journal and business organizer\",\"url\":\"https:\/\/leatai.com\/pt-br\/\",\"logo\":{\"@type\":\"ImageObject\",\"inLanguage\":\"pt-BR\",\"@id\":\"https:\/\/leatai.com\/pt-br\/#\/schema\/logo\/image\/\",\"url\":\"https:\/\/leatai.com\/wp-content\/uploads\/logo-blue.png\",\"contentUrl\":\"https:\/\/leatai.com\/wp-content\/uploads\/logo-blue.png\",\"width\":230,\"height\":60,\"caption\":\"Leatai Diary, customized journal and business organizer\"},\"image\":{\"@id\":\"https:\/\/leatai.com\/pt-br\/#\/schema\/logo\/image\/\"}}]}<\/script>\n<!-- \/ Yoast SEO plugin. -->","yoast_head_json":{"title":"Tau-Ju - Leatai \u2013 Fabricante de cadernos personalizados","description":"Caso de livro capa dura OEM: Tau-Ju, modelo: caderno capa dura, tamanho: 48K. Pontos de destaque: feito com papel art\u00edstico e utilizando o formato de capa dura com aba dobrada, o resultado \u00e9 pequeno e delicado; o logo em hot stamping preto cria um forte efeito visual de estilo liter\u00e1rio, deixando uma impress\u00e3o marcante.","robots":{"index":"index","follow":"follow","max-snippet":"max-snippet:-1","max-image-preview":"max-image-preview:large","max-video-preview":"max-video-preview:-1"},"canonical":"https:\/\/leatai.com\/pt-br\/product\/varios-amostras-oem\/caderno-de-capa-dura-oem\/tau-ju\/","og_locale":"pt_BR","og_type":"article","og_title":"Tau-Ju - Leatai \u2013 Fabricante de cadernos personalizados","og_description":"Caso de livro capa dura OEM: Tau-Ju, modelo: caderno capa dura, tamanho: 48K. Pontos de destaque: feito com papel art\u00edstico e utilizando o formato de capa dura com aba dobrada, o resultado \u00e9 pequeno e delicado; o logo em hot stamping preto cria um forte efeito visual de estilo liter\u00e1rio, deixando uma impress\u00e3o marcante.","og_url":"https:\/\/leatai.com\/pt-br\/product\/varios-amostras-oem\/caderno-de-capa-dura-oem\/tau-ju\/","og_site_name":"Leatai \u2013 Fabricante de cadernos personalizados","article_modified_time":"2025-11-24T03:33:25+00:00","og_image":[{"width":1000,"height":750,"url":"https:\/\/leatai.com\/wp-content\/uploads\/DSC_0581.jpg","type":"image\/jpeg"}],"twitter_card":"summary_large_image","twitter_misc":{"Est. tempo de leitura":"2 minutos"},"schema":{"@context":"https:\/\/schema.org","@graph":[{"@type":"WebPage","@id":"https:\/\/leatai.com\/pt-br\/product\/varios-amostras-oem\/caderno-de-capa-dura-oem\/tau-ju\/","url":"https:\/\/leatai.com\/pt-br\/product\/varios-amostras-oem\/caderno-de-capa-dura-oem\/tau-ju\/","name":"Tau-Ju - Leatai \u2013 Fabricante de cadernos personalizados","isPartOf":{"@id":"https:\/\/leatai.com\/pt-br\/#website"},"primaryImageOfPage":{"@id":"https:\/\/leatai.com\/pt-br\/product\/varios-amostras-oem\/caderno-de-capa-dura-oem\/tau-ju\/#primaryimage"},"image":{"@id":"https:\/\/leatai.com\/pt-br\/product\/varios-amostras-oem\/caderno-de-capa-dura-oem\/tau-ju\/#primaryimage"},"thumbnailUrl":"https:\/\/leatai.com\/wp-content\/uploads\/DSC_0581.jpg","datePublished":"2021-08-19T13:25:43+00:00","dateModified":"2025-11-24T03:33:25+00:00","description":"Caso de livro capa dura OEM: Tau-Ju, modelo: caderno capa dura, tamanho: 48K. Pontos de destaque: feito com papel art\u00edstico e utilizando o formato de capa dura com aba dobrada, o resultado \u00e9 pequeno e delicado; o logo em hot stamping preto cria um forte efeito visual de estilo liter\u00e1rio, deixando uma impress\u00e3o marcante.","breadcrumb":{"@id":"https:\/\/leatai.com\/pt-br\/product\/varios-amostras-oem\/caderno-de-capa-dura-oem\/tau-ju\/#breadcrumb"},"inLanguage":"pt-BR","potentialAction":[{"@type":"ReadAction","target":["https:\/\/leatai.com\/pt-br\/product\/varios-amostras-oem\/caderno-de-capa-dura-oem\/tau-ju\/"]}]},{"@type":"ImageObject","inLanguage":"pt-BR","@id":"https:\/\/leatai.com\/pt-br\/product\/varios-amostras-oem\/caderno-de-capa-dura-oem\/tau-ju\/#primaryimage","url":"https:\/\/leatai.com\/wp-content\/uploads\/DSC_0581.jpg","contentUrl":"https:\/\/leatai.com\/wp-content\/uploads\/DSC_0581.jpg","width":1000,"height":750,"caption":"capa dura"},{"@type":"BreadcrumbList","@id":"https:\/\/leatai.com\/pt-br\/product\/varios-amostras-oem\/caderno-de-capa-dura-oem\/tau-ju\/#breadcrumb","itemListElement":[{"@type":"ListItem","position":1,"name":"Home","item":"https:\/\/leatai.com\/pt-br\/"},{"@type":"ListItem","position":2,"name":"Apresenta\u00e7\u00e3o de produtos","item":"https:\/\/leatai.com\/products\/"},{"@type":"ListItem","position":3,"name":"V\u00e1rios Amostras OEM","item":"https:\/\/leatai.com\/pt-br\/categoria-produto\/varios-amostras-oem\/"},{"@type":"ListItem","position":4,"name":"Caderno de Capa Dura OEM","item":"https:\/\/leatai.com\/pt-br\/categoria-produto\/varios-amostras-oem\/caderno-de-capa-dura-oem\/"},{"@type":"ListItem","position":5,"name":"Tau-Ju"}]},{"@type":"WebSite","@id":"https:\/\/leatai.com\/pt-br\/#website","url":"https:\/\/leatai.com\/pt-br\/","name":"Leatai \u2013 Fabricante de cadernos personalizados","description":"A Leatai fornece cadernos e planejadores personalizados para marcas e distribuidores em todo o mundo.","publisher":{"@id":"https:\/\/leatai.com\/pt-br\/#organization"},"potentialAction":[{"@type":"SearchAction","target":{"@type":"EntryPoint","urlTemplate":"https:\/\/leatai.com\/pt-br\/?s={search_term_string}"},"query-input":{"@type":"PropertyValueSpecification","valueRequired":true,"valueName":"search_term_string"}}],"inLanguage":"pt-BR"},{"@type":"Organization","@id":"https:\/\/leatai.com\/pt-br\/#organization","name":"Leatai Diary, customized journal and business organizer","url":"https:\/\/leatai.com\/pt-br\/","logo":{"@type":"ImageObject","inLanguage":"pt-BR","@id":"https:\/\/leatai.com\/pt-br\/#\/schema\/logo\/image\/","url":"https:\/\/leatai.com\/wp-content\/uploads\/logo-blue.png","contentUrl":"https:\/\/leatai.com\/wp-content\/uploads\/logo-blue.png","width":230,"height":60,"caption":"Leatai Diary, customized journal and business organizer"},"image":{"@id":"https:\/\/leatai.com\/pt-br\/#\/schema\/logo\/image\/"}}]}},"_links":{"self":[{"href":"https:\/\/leatai.com\/pt-br\/wp-json\/wp\/v2\/product\/232878","targetHints":{"allow":["GET"]}}],"collection":[{"href":"https:\/\/leatai.com\/pt-br\/wp-json\/wp\/v2\/product"}],"about":[{"href":"https:\/\/leatai.com\/pt-br\/wp-json\/wp\/v2\/types\/product"}],"wp:featuredmedia":[{"embeddable":true,"href":"https:\/\/leatai.com\/pt-br\/wp-json\/wp\/v2\/media\/232880"}],"wp:attachment":[{"href":"https:\/\/leatai.com\/pt-br\/wp-json\/wp\/v2\/media?parent=232878"}],"wp:term":[{"taxonomy":"product_brand","embeddable":true,"href":"https:\/\/leatai.com\/pt-br\/wp-json\/wp\/v2\/product_brand?post=232878"},{"taxonomy":"product_cat","embeddable":true,"href":"https:\/\/leatai.com\/pt-br\/wp-json\/wp\/v2\/product_cat?post=232878"},{"taxonomy":"product_tag","embeddable":true,"href":"https:\/\/leatai.com\/pt-br\/wp-json\/wp\/v2\/product_tag?post=232878"},{"taxonomy":"home_works","embeddable":true,"href":"https:\/\/leatai.com\/pt-br\/wp-json\/wp\/v2\/home_works?post=232878"}],"curies":[{"name":"wp","href":"https:\/\/api.w.org\/{rel}","templated":true}]}}