{"id":230563,"date":"2021-08-17T19:38:01","date_gmt":"2021-08-17T11:38:01","guid":{"rendered":"https:\/\/leatai.com\/product\/sem%20categoria\/leicht\/"},"modified":"2025-11-10T11:51:15","modified_gmt":"2025-11-10T03:51:15","slug":"leicht","status":"publish","type":"product","link":"https:\/\/leatai.com\/pt-br\/product\/varios-amostras-oem\/caderno-removivel-oem\/leicht\/","title":{"rendered":"LEICHT"},"content":{"rendered":"<p>Nome do cliente: LEICHT<br \/>\nTamanho do caso: 25K<br \/>\nModelo do caso: Caderno de argolas destac\u00e1vel<br \/>\nEfeito do logotipo do caso: Grava\u00e7\u00e3o em relevo<br \/>\nAcess\u00f3rio opcional: El\u00e1stico de fechamento<br \/>\nDestaques: L\u00edder mundial no setor de cozinhas, a marca traduz sua est\u00e9tica de vida alinhada \u00e0s tend\u00eancias globais tamb\u00e9m em seus produtos personalizados. O design reflete uma continuidade de bom gosto e sofistica\u00e7\u00e3o \u2014 uma verdadeira express\u00e3o de estilo e eleg\u00e2ncia no dia a dia.<\/p>\n<p>&nbsp;<\/p>\n<p><strong>\ud83d\udcd6<\/strong>Todos os exemplos de personaliza\u00e7\u00e3o: <a href=\"https:\/\/leatai.com\/pt-br\/produto-tag\/oem-pt-br\/\" target=\"_blank\" rel=\"noopener\">Cadernos personalizados \/ Di\u00e1rios comerciais personalizados<\/a><br \/>\n<strong>\ud83d\udcd6<\/strong>Para produtos padr\u00e3o de cadernos personalizados \/ di\u00e1rios comerciais, consulte:<br \/>\n<a href=\"https:\/\/leatai.com\/pt-br\/categoria-produto\/caderno-personalizado\/caderno-com-capa-dura\/\" target=\"_blank\" rel=\"noopener\">Caderno de capa dura \/ Di\u00e1rio comercial de capa dura<\/a><br \/>\n<a href=\"https:\/\/leatai.com\/pt-br\/categoria-produto\/caderno-personalizado\/caderno-de-folhas-soltas\/\" target=\"_blank\" rel=\"noopener\">Caderno de argolas \/ Di\u00e1rio comercial de argolas<\/a><br \/>\n<a href=\"https:\/\/leatai.com\/pt-br\/categoria-produto\/caderno-personalizado\/caderno-removivel\/\" target=\"_blank\" rel=\"noopener\">Caderno de argolas destac\u00e1vel \/ Di\u00e1rio comercial destac\u00e1vel<\/a><br \/>\n<a href=\"https:\/\/leatai.com\/pt-br\/categoria-produto\/caderno-personalizado\/caderno-brochura\/\" target=\"_blank\" rel=\"noopener\">Caderno de brochura \/ Di\u00e1rio comercial de brochura<\/a><br \/>\n<a href=\"https:\/\/leatai.com\/pt-br\/categoria-produto\/caderno-personalizado\/caderno-espiral\/\" target=\"_blank\" rel=\"noopener\">Caderno espiral \/ Di\u00e1rio comercial espiral<\/a><\/p>\n<p><strong><b>\ud83d\udcd6<\/b><\/strong>Para uma explica\u00e7\u00e3o completa dos tamanhos, consulte:<a href=\"https:\/\/leatai.com\/pt-br\/conhecimento-sobre-cadernos\/guia-de-tamanhos-de-papel-entendendo-tamanhos-comuns-como-b3-a4-b5-8k-16k-e-mais-um-grafico-de-tamanhos-abrangente-para-referencia-facil\/\" target=\"_blank\" rel=\"noopener\"> Guia de tamanhos de papel: como diferenciar B3, A4, B5, 8K, 16K e outros tamanhos comuns? Tabela de compara\u00e7\u00e3o de tamanhos de papel f\u00e1cil de entender!<\/a><\/p>\n","protected":false},"excerpt":{"rendered":"<p>Nome do cliente: LEICHT Tamanho do caso: 25K Modelo do caso: Caderno de argolas destac\u00e1vel Efeito do logotipo do caso: Grava\u00e7\u00e3o em relevo Acess\u00f3rio opcional: El\u00e1stico de fechamento Destaques: L\u00edder mundial no setor de cozinhas, a marca traduz sua est\u00e9tica de vida alinhada \u00e0s tend\u00eancias globais tamb\u00e9m em seus produtos personalizados. O design reflete uma [&hellip;]<\/p>\n","protected":false},"featured_media":230564,"template":"","meta":{"_acf_changed":false},"product_brand":[],"product_cat":[912],"product_tag":[1548],"home_works":[1599],"class_list":{"0":"post-230563","1":"product","2":"type-product","3":"status-publish","4":"has-post-thumbnail","6":"product_cat-caderno-removivel-oem","7":"product_tag-oem-pt-br","8":"home_works-exibicao-na-pagina-inicial","10":"first","11":"outofstock","12":"sold-individually","13":"shipping-taxable","14":"purchasable","15":"product-type-variable","16":"has-default-attributes"},"acf":[],"yoast_head":"<!-- This site is optimized with the Yoast SEO plugin v27.2 - https:\/\/yoast.com\/product\/yoast-seo-wordpress\/ -->\n<title>LEICHT - Uma est\u00e9tica de vida em sintonia com as tend\u00eancias globais. - Leatai \u2013 Fabricante de cadernos personalizados<\/title>\n<meta name=\"description\" content=\"Caso OEM: LEICHT Estilo: Caderno de argolas destac\u00e1vel Tamanho: 25K Destaques: L\u00edder no setor de cozinhas, a LEICHT reflete uma est\u00e9tica de vida em sintonia com as tend\u00eancias globais. Esse mesmo senso de estilo se estende ao design de seus cadernos personalizados \u2014 uma combina\u00e7\u00e3o harmoniosa de bom gosto, eleg\u00e2ncia e coer\u00eancia visual que expressa personalidade e refinamento.\" \/>\n<meta name=\"robots\" content=\"index, follow, max-snippet:-1, max-image-preview:large, max-video-preview:-1\" \/>\n<link rel=\"canonical\" href=\"https:\/\/leatai.com\/pt-br\/product\/varios-amostras-oem\/caderno-removivel-oem\/leicht\/\" \/>\n<meta property=\"og:locale\" content=\"pt_BR\" \/>\n<meta property=\"og:type\" content=\"article\" \/>\n<meta property=\"og:title\" content=\"LEICHT - Uma est\u00e9tica de vida em sintonia com as tend\u00eancias globais. - Leatai \u2013 Fabricante de cadernos personalizados\" \/>\n<meta property=\"og:description\" content=\"Caso OEM: LEICHT Estilo: Caderno de argolas destac\u00e1vel Tamanho: 25K Destaques: L\u00edder no setor de cozinhas, a LEICHT reflete uma est\u00e9tica de vida em sintonia com as tend\u00eancias globais. Esse mesmo senso de estilo se estende ao design de seus cadernos personalizados \u2014 uma combina\u00e7\u00e3o harmoniosa de bom gosto, eleg\u00e2ncia e coer\u00eancia visual que expressa personalidade e refinamento.\" \/>\n<meta property=\"og:url\" content=\"https:\/\/leatai.com\/pt-br\/product\/varios-amostras-oem\/caderno-removivel-oem\/leicht\/\" \/>\n<meta property=\"og:site_name\" content=\"Leatai \u2013 Fabricante de cadernos personalizados\" \/>\n<meta property=\"article:modified_time\" content=\"2025-11-10T03:51:15+00:00\" \/>\n<meta property=\"og:image\" content=\"https:\/\/leatai.com\/wp-content\/uploads\/DSC_7994.jpg\" \/>\n\t<meta property=\"og:image:width\" content=\"1000\" \/>\n\t<meta property=\"og:image:height\" content=\"750\" \/>\n\t<meta property=\"og:image:type\" content=\"image\/jpeg\" \/>\n<meta name=\"twitter:card\" content=\"summary_large_image\" \/>\n<meta name=\"twitter:label1\" content=\"Est. tempo de leitura\" \/>\n\t<meta name=\"twitter:data1\" content=\"2 minutos\" \/>\n<script type=\"application\/ld+json\" class=\"yoast-schema-graph\">{\"@context\":\"https:\/\/schema.org\",\"@graph\":[{\"@type\":\"WebPage\",\"@id\":\"https:\/\/leatai.com\/pt-br\/product\/varios-amostras-oem\/caderno-removivel-oem\/leicht\/\",\"url\":\"https:\/\/leatai.com\/pt-br\/product\/varios-amostras-oem\/caderno-removivel-oem\/leicht\/\",\"name\":\"LEICHT - Uma est\u00e9tica de vida em sintonia com as tend\u00eancias globais. - Leatai \u2013 Fabricante de cadernos personalizados\",\"isPartOf\":{\"@id\":\"https:\/\/leatai.com\/pt-br\/#website\"},\"primaryImageOfPage\":{\"@id\":\"https:\/\/leatai.com\/pt-br\/product\/varios-amostras-oem\/caderno-removivel-oem\/leicht\/#primaryimage\"},\"image\":{\"@id\":\"https:\/\/leatai.com\/pt-br\/product\/varios-amostras-oem\/caderno-removivel-oem\/leicht\/#primaryimage\"},\"thumbnailUrl\":\"https:\/\/leatai.com\/wp-content\/uploads\/DSC_7994.jpg\",\"datePublished\":\"2021-08-17T11:38:01+00:00\",\"dateModified\":\"2025-11-10T03:51:15+00:00\",\"description\":\"Caso OEM: LEICHT Estilo: Caderno de argolas destac\u00e1vel Tamanho: 25K Destaques: L\u00edder no setor de cozinhas, a LEICHT reflete uma est\u00e9tica de vida em sintonia com as tend\u00eancias globais. Esse mesmo senso de estilo se estende ao design de seus cadernos personalizados \u2014 uma combina\u00e7\u00e3o harmoniosa de bom gosto, eleg\u00e2ncia e coer\u00eancia visual que expressa personalidade e refinamento.\",\"breadcrumb\":{\"@id\":\"https:\/\/leatai.com\/pt-br\/product\/varios-amostras-oem\/caderno-removivel-oem\/leicht\/#breadcrumb\"},\"inLanguage\":\"pt-BR\",\"potentialAction\":[{\"@type\":\"ReadAction\",\"target\":[\"https:\/\/leatai.com\/pt-br\/product\/varios-amostras-oem\/caderno-removivel-oem\/leicht\/\"]}]},{\"@type\":\"ImageObject\",\"inLanguage\":\"pt-BR\",\"@id\":\"https:\/\/leatai.com\/pt-br\/product\/varios-amostras-oem\/caderno-removivel-oem\/leicht\/#primaryimage\",\"url\":\"https:\/\/leatai.com\/wp-content\/uploads\/DSC_7994.jpg\",\"contentUrl\":\"https:\/\/leatai.com\/wp-content\/uploads\/DSC_7994.jpg\",\"width\":1000,\"height\":750,\"caption\":\"Caderno de argolas destac\u00e1vel\"},{\"@type\":\"BreadcrumbList\",\"@id\":\"https:\/\/leatai.com\/pt-br\/product\/varios-amostras-oem\/caderno-removivel-oem\/leicht\/#breadcrumb\",\"itemListElement\":[{\"@type\":\"ListItem\",\"position\":1,\"name\":\"Home\",\"item\":\"https:\/\/leatai.com\/pt-br\/\"},{\"@type\":\"ListItem\",\"position\":2,\"name\":\"Apresenta\u00e7\u00e3o de produtos\",\"item\":\"https:\/\/leatai.com\/products\/\"},{\"@type\":\"ListItem\",\"position\":3,\"name\":\"V\u00e1rios Amostras OEM\",\"item\":\"https:\/\/leatai.com\/pt-br\/categoria-produto\/varios-amostras-oem\/\"},{\"@type\":\"ListItem\",\"position\":4,\"name\":\"Caderno remov\u00edvel OEM\",\"item\":\"https:\/\/leatai.com\/pt-br\/categoria-produto\/varios-amostras-oem\/caderno-removivel-oem\/\"},{\"@type\":\"ListItem\",\"position\":5,\"name\":\"LEICHT\"}]},{\"@type\":\"WebSite\",\"@id\":\"https:\/\/leatai.com\/pt-br\/#website\",\"url\":\"https:\/\/leatai.com\/pt-br\/\",\"name\":\"Leatai \u2013 Fabricante de cadernos personalizados\",\"description\":\"A Leatai fornece cadernos e planejadores personalizados para marcas e distribuidores em todo o mundo.\",\"publisher\":{\"@id\":\"https:\/\/leatai.com\/pt-br\/#organization\"},\"potentialAction\":[{\"@type\":\"SearchAction\",\"target\":{\"@type\":\"EntryPoint\",\"urlTemplate\":\"https:\/\/leatai.com\/pt-br\/?s={search_term_string}\"},\"query-input\":{\"@type\":\"PropertyValueSpecification\",\"valueRequired\":true,\"valueName\":\"search_term_string\"}}],\"inLanguage\":\"pt-BR\"},{\"@type\":\"Organization\",\"@id\":\"https:\/\/leatai.com\/pt-br\/#organization\",\"name\":\"Leatai Diary, customized journal and business organizer\",\"url\":\"https:\/\/leatai.com\/pt-br\/\",\"logo\":{\"@type\":\"ImageObject\",\"inLanguage\":\"pt-BR\",\"@id\":\"https:\/\/leatai.com\/pt-br\/#\/schema\/logo\/image\/\",\"url\":\"https:\/\/leatai.com\/wp-content\/uploads\/logo-blue.png\",\"contentUrl\":\"https:\/\/leatai.com\/wp-content\/uploads\/logo-blue.png\",\"width\":230,\"height\":60,\"caption\":\"Leatai Diary, customized journal and business organizer\"},\"image\":{\"@id\":\"https:\/\/leatai.com\/pt-br\/#\/schema\/logo\/image\/\"}}]}<\/script>\n<!-- \/ Yoast SEO plugin. -->","yoast_head_json":{"title":"LEICHT - Uma est\u00e9tica de vida em sintonia com as tend\u00eancias globais. - Leatai \u2013 Fabricante de cadernos personalizados","description":"Caso OEM: LEICHT Estilo: Caderno de argolas destac\u00e1vel Tamanho: 25K Destaques: L\u00edder no setor de cozinhas, a LEICHT reflete uma est\u00e9tica de vida em sintonia com as tend\u00eancias globais. Esse mesmo senso de estilo se estende ao design de seus cadernos personalizados \u2014 uma combina\u00e7\u00e3o harmoniosa de bom gosto, eleg\u00e2ncia e coer\u00eancia visual que expressa personalidade e refinamento.","robots":{"index":"index","follow":"follow","max-snippet":"max-snippet:-1","max-image-preview":"max-image-preview:large","max-video-preview":"max-video-preview:-1"},"canonical":"https:\/\/leatai.com\/pt-br\/product\/varios-amostras-oem\/caderno-removivel-oem\/leicht\/","og_locale":"pt_BR","og_type":"article","og_title":"LEICHT - Uma est\u00e9tica de vida em sintonia com as tend\u00eancias globais. - Leatai \u2013 Fabricante de cadernos personalizados","og_description":"Caso OEM: LEICHT Estilo: Caderno de argolas destac\u00e1vel Tamanho: 25K Destaques: L\u00edder no setor de cozinhas, a LEICHT reflete uma est\u00e9tica de vida em sintonia com as tend\u00eancias globais. Esse mesmo senso de estilo se estende ao design de seus cadernos personalizados \u2014 uma combina\u00e7\u00e3o harmoniosa de bom gosto, eleg\u00e2ncia e coer\u00eancia visual que expressa personalidade e refinamento.","og_url":"https:\/\/leatai.com\/pt-br\/product\/varios-amostras-oem\/caderno-removivel-oem\/leicht\/","og_site_name":"Leatai \u2013 Fabricante de cadernos personalizados","article_modified_time":"2025-11-10T03:51:15+00:00","og_image":[{"width":1000,"height":750,"url":"https:\/\/leatai.com\/wp-content\/uploads\/DSC_7994.jpg","type":"image\/jpeg"}],"twitter_card":"summary_large_image","twitter_misc":{"Est. tempo de leitura":"2 minutos"},"schema":{"@context":"https:\/\/schema.org","@graph":[{"@type":"WebPage","@id":"https:\/\/leatai.com\/pt-br\/product\/varios-amostras-oem\/caderno-removivel-oem\/leicht\/","url":"https:\/\/leatai.com\/pt-br\/product\/varios-amostras-oem\/caderno-removivel-oem\/leicht\/","name":"LEICHT - Uma est\u00e9tica de vida em sintonia com as tend\u00eancias globais. - Leatai \u2013 Fabricante de cadernos personalizados","isPartOf":{"@id":"https:\/\/leatai.com\/pt-br\/#website"},"primaryImageOfPage":{"@id":"https:\/\/leatai.com\/pt-br\/product\/varios-amostras-oem\/caderno-removivel-oem\/leicht\/#primaryimage"},"image":{"@id":"https:\/\/leatai.com\/pt-br\/product\/varios-amostras-oem\/caderno-removivel-oem\/leicht\/#primaryimage"},"thumbnailUrl":"https:\/\/leatai.com\/wp-content\/uploads\/DSC_7994.jpg","datePublished":"2021-08-17T11:38:01+00:00","dateModified":"2025-11-10T03:51:15+00:00","description":"Caso OEM: LEICHT Estilo: Caderno de argolas destac\u00e1vel Tamanho: 25K Destaques: L\u00edder no setor de cozinhas, a LEICHT reflete uma est\u00e9tica de vida em sintonia com as tend\u00eancias globais. Esse mesmo senso de estilo se estende ao design de seus cadernos personalizados \u2014 uma combina\u00e7\u00e3o harmoniosa de bom gosto, eleg\u00e2ncia e coer\u00eancia visual que expressa personalidade e refinamento.","breadcrumb":{"@id":"https:\/\/leatai.com\/pt-br\/product\/varios-amostras-oem\/caderno-removivel-oem\/leicht\/#breadcrumb"},"inLanguage":"pt-BR","potentialAction":[{"@type":"ReadAction","target":["https:\/\/leatai.com\/pt-br\/product\/varios-amostras-oem\/caderno-removivel-oem\/leicht\/"]}]},{"@type":"ImageObject","inLanguage":"pt-BR","@id":"https:\/\/leatai.com\/pt-br\/product\/varios-amostras-oem\/caderno-removivel-oem\/leicht\/#primaryimage","url":"https:\/\/leatai.com\/wp-content\/uploads\/DSC_7994.jpg","contentUrl":"https:\/\/leatai.com\/wp-content\/uploads\/DSC_7994.jpg","width":1000,"height":750,"caption":"Caderno de argolas destac\u00e1vel"},{"@type":"BreadcrumbList","@id":"https:\/\/leatai.com\/pt-br\/product\/varios-amostras-oem\/caderno-removivel-oem\/leicht\/#breadcrumb","itemListElement":[{"@type":"ListItem","position":1,"name":"Home","item":"https:\/\/leatai.com\/pt-br\/"},{"@type":"ListItem","position":2,"name":"Apresenta\u00e7\u00e3o de produtos","item":"https:\/\/leatai.com\/products\/"},{"@type":"ListItem","position":3,"name":"V\u00e1rios Amostras OEM","item":"https:\/\/leatai.com\/pt-br\/categoria-produto\/varios-amostras-oem\/"},{"@type":"ListItem","position":4,"name":"Caderno remov\u00edvel OEM","item":"https:\/\/leatai.com\/pt-br\/categoria-produto\/varios-amostras-oem\/caderno-removivel-oem\/"},{"@type":"ListItem","position":5,"name":"LEICHT"}]},{"@type":"WebSite","@id":"https:\/\/leatai.com\/pt-br\/#website","url":"https:\/\/leatai.com\/pt-br\/","name":"Leatai \u2013 Fabricante de cadernos personalizados","description":"A Leatai fornece cadernos e planejadores personalizados para marcas e distribuidores em todo o mundo.","publisher":{"@id":"https:\/\/leatai.com\/pt-br\/#organization"},"potentialAction":[{"@type":"SearchAction","target":{"@type":"EntryPoint","urlTemplate":"https:\/\/leatai.com\/pt-br\/?s={search_term_string}"},"query-input":{"@type":"PropertyValueSpecification","valueRequired":true,"valueName":"search_term_string"}}],"inLanguage":"pt-BR"},{"@type":"Organization","@id":"https:\/\/leatai.com\/pt-br\/#organization","name":"Leatai Diary, customized journal and business organizer","url":"https:\/\/leatai.com\/pt-br\/","logo":{"@type":"ImageObject","inLanguage":"pt-BR","@id":"https:\/\/leatai.com\/pt-br\/#\/schema\/logo\/image\/","url":"https:\/\/leatai.com\/wp-content\/uploads\/logo-blue.png","contentUrl":"https:\/\/leatai.com\/wp-content\/uploads\/logo-blue.png","width":230,"height":60,"caption":"Leatai Diary, customized journal and business organizer"},"image":{"@id":"https:\/\/leatai.com\/pt-br\/#\/schema\/logo\/image\/"}}]}},"_links":{"self":[{"href":"https:\/\/leatai.com\/pt-br\/wp-json\/wp\/v2\/product\/230563","targetHints":{"allow":["GET"]}}],"collection":[{"href":"https:\/\/leatai.com\/pt-br\/wp-json\/wp\/v2\/product"}],"about":[{"href":"https:\/\/leatai.com\/pt-br\/wp-json\/wp\/v2\/types\/product"}],"wp:featuredmedia":[{"embeddable":true,"href":"https:\/\/leatai.com\/pt-br\/wp-json\/wp\/v2\/media\/230564"}],"wp:attachment":[{"href":"https:\/\/leatai.com\/pt-br\/wp-json\/wp\/v2\/media?parent=230563"}],"wp:term":[{"taxonomy":"product_brand","embeddable":true,"href":"https:\/\/leatai.com\/pt-br\/wp-json\/wp\/v2\/product_brand?post=230563"},{"taxonomy":"product_cat","embeddable":true,"href":"https:\/\/leatai.com\/pt-br\/wp-json\/wp\/v2\/product_cat?post=230563"},{"taxonomy":"product_tag","embeddable":true,"href":"https:\/\/leatai.com\/pt-br\/wp-json\/wp\/v2\/product_tag?post=230563"},{"taxonomy":"home_works","embeddable":true,"href":"https:\/\/leatai.com\/pt-br\/wp-json\/wp\/v2\/home_works?post=230563"}],"curies":[{"name":"wp","href":"https:\/\/api.w.org\/{rel}","templated":true}]}}