{"id":230444,"date":"2022-03-02T21:03:48","date_gmt":"2022-03-02T13:03:48","guid":{"rendered":"https:\/\/leatai.com\/product\/sem%20categoria\/doraemon-x-tsutaya-x-leatai\/"},"modified":"2025-11-28T13:45:04","modified_gmt":"2025-11-28T05:45:04","slug":"doraemon-x-tsutaya-x-leatai","status":"publish","type":"product","link":"https:\/\/leatai.com\/pt-br\/product\/colaboracao-entre-industrias\/industria-cinematografica-pt-br\/doraemon-x-tsutaya-x-leatai\/","title":{"rendered":"Doraemon x TSUTAYA x Leatai"},"content":{"rendered":"<article class=\"text-token-text-primary w-full focus:outline-none [--shadow-height:45px] has-data-writing-block:pointer-events-none has-data-writing-block:-mt-(--shadow-height) has-data-writing-block:pt-(--shadow-height) [&amp;:has([data-writing-block])&gt;*]:pointer-events-auto [content-visibility:auto] supports-[content-visibility:auto]:[contain-intrinsic-size:auto_100lvh] scroll-mt-[calc(var(--header-height)+min(200px,max(70px,20svh)))]\" dir=\"auto\" tabindex=\"-1\" data-turn-id=\"request-6908162c-9a18-8322-9b77-f133ab7055e7-33\" data-testid=\"conversation-turn-498\" data-scroll-anchor=\"true\" data-turn=\"assistant\">\n<div class=\"text-base my-auto mx-auto pb-10 [--thread-content-margin:--spacing(4)] thread-sm:[--thread-content-margin:--spacing(6)] thread-lg:[--thread-content-margin:--spacing(16)] px-(--thread-content-margin)\">\n<div class=\"[--thread-content-max-width:40rem] thread-lg:[--thread-content-max-width:48rem] mx-auto max-w-(--thread-content-max-width) flex-1 group\/turn-messages focus-visible:outline-hidden relative flex w-full min-w-0 flex-col agent-turn\" tabindex=\"-1\">\n<div class=\"flex max-w-full flex-col grow\">\n<div class=\"min-h-8 text-message relative flex w-full flex-col items-end gap-2 text-start break-words whitespace-normal [.text-message+&amp;]:mt-1\" dir=\"auto\" data-message-author-role=\"assistant\" data-message-id=\"0527b57a-4935-4c9c-8213-52d124b709c7\" data-message-model-slug=\"gpt-5\">\n<div class=\"flex w-full flex-col gap-1 empty:hidden first:pt-[1px]\">\n<div class=\"markdown prose dark:prose-invert w-full break-words dark markdown-new-styling\">\n<p data-start=\"58\" data-end=\"445\">Para comemorar o 50\u00ba anivers\u00e1rio de Doraemon, a TSUTAYA do Jap\u00e3o colaborou especialmente com a marca taiwanesa de cadernos de alta qualidade Leatai para lan\u00e7ar o caderno original de Doraemon!<br data-start=\"265\" data-end=\"268\" \/>Dividido em duas vers\u00f5es \u2014 Doraemon \u201cMESSAGE\u201d e \u201cHEART\u201d, come\u00e7ou a ser vendido gradualmente em algumas lojas f\u00edsicas da TSUTAYA no Jap\u00e3o a partir de 31 de janeiro.<\/p>\n<p data-start=\"447\" data-end=\"524\" data-is-last-node=\"\" data-is-only-node=\"\">As informa\u00e7\u00f5es acima foram citadas de: <a class=\"decorated-link\" href=\"https:\/\/chinesedora.com\/news\/27075.htm\" target=\"_new\" rel=\"noopener\" data-start=\"486\" data-end=\"524\" data-is-last-node=\"\">https:\/\/chinesedora.com\/news\/27075.htm<\/a><\/p>\n<\/div>\n<\/div>\n<\/div>\n<\/div>\n<div class=\"z-0 flex min-h-[46px] justify-start\"><\/div>\n<div class=\"mt-3 w-full empty:hidden\">\n<div class=\"text-center\">\n<p style=\"text-align: left;\"><strong>\ud83d\udcd6<\/strong>Todos os exemplos de personaliza\u00e7\u00e3o: <a href=\"https:\/\/leatai.com\/pt-br\/produto-tag\/oem-pt-br\/\" target=\"_blank\" rel=\"noopener\">Cadernos personalizados \/ Di\u00e1rios comerciais personalizados<\/a><br \/>\n<strong>\ud83d\udcd6<\/strong>Para produtos padr\u00e3o de cadernos personalizados \/ di\u00e1rios comerciais, consulte:<br \/>\n<a href=\"https:\/\/leatai.com\/pt-br\/categoria-produto\/caderno-personalizado\/caderno-com-capa-dura\/\" target=\"_blank\" rel=\"noopener\">Caderno de capa dura \/ Di\u00e1rio comercial de capa dura<\/a><br \/>\n<a href=\"https:\/\/leatai.com\/pt-br\/categoria-produto\/caderno-personalizado\/caderno-de-folhas-soltas\/\" target=\"_blank\" rel=\"noopener\">Caderno de argolas \/ Di\u00e1rio comercial de argolas<\/a><br \/>\n<a href=\"https:\/\/leatai.com\/pt-br\/categoria-produto\/caderno-personalizado\/caderno-removivel\/\" target=\"_blank\" rel=\"noopener\">Caderno de argolas destac\u00e1vel \/ Di\u00e1rio comercial destac\u00e1vel<\/a><br \/>\n<a href=\"https:\/\/leatai.com\/pt-br\/categoria-produto\/caderno-personalizado\/caderno-brochura\/\" target=\"_blank\" rel=\"noopener\">Caderno de brochura \/ Di\u00e1rio comercial de brochura<\/a><br \/>\n<a href=\"https:\/\/leatai.com\/pt-br\/categoria-produto\/caderno-personalizado\/caderno-espiral\/\" target=\"_blank\" rel=\"noopener\">Caderno espiral \/ Di\u00e1rio comercial espiral<\/a><\/p>\n<p style=\"text-align: left;\"><strong><b>\ud83d\udcd6<\/b><\/strong>Para uma explica\u00e7\u00e3o completa dos tamanhos, consulte:<a href=\"https:\/\/leatai.com\/pt-br\/conhecimento-sobre-cadernos\/guia-de-tamanhos-de-papel-entendendo-tamanhos-comuns-como-b3-a4-b5-8k-16k-e-mais-um-grafico-de-tamanhos-abrangente-para-referencia-facil\/\" target=\"_blank\" rel=\"noopener\"> Guia de tamanhos de papel: como diferenciar B3, A4, B5, 8K, 16K e outros tamanhos comuns? Tabela de compara\u00e7\u00e3o de tamanhos de papel f\u00e1cil de entender!<\/a><\/p>\n<\/div>\n<\/div>\n<\/div>\n<\/div>\n<\/article>\n","protected":false},"excerpt":{"rendered":"<p>Para comemorar o 50\u00ba anivers\u00e1rio de Doraemon, a TSUTAYA do Jap\u00e3o colaborou especialmente com a marca taiwanesa de cadernos de alta qualidade Leatai para lan\u00e7ar o caderno original de Doraemon!Dividido em duas vers\u00f5es \u2014 Doraemon \u201cMESSAGE\u201d e \u201cHEART\u201d, come\u00e7ou a ser vendido gradualmente em algumas lojas f\u00edsicas da TSUTAYA no Jap\u00e3o a partir de 31 [&hellip;]<\/p>\n","protected":false},"featured_media":92947,"template":"","meta":{"_acf_changed":false},"product_brand":[],"product_cat":[912,1094],"product_tag":[1548],"home_works":[],"class_list":{"0":"post-230444","1":"product","2":"type-product","3":"status-publish","4":"has-post-thumbnail","6":"product_cat-caderno-removivel-oem","7":"product_cat-industria-cinematografica-pt-br","8":"product_tag-oem-pt-br","10":"first","11":"outofstock","12":"sold-individually","13":"shipping-taxable","14":"purchasable","15":"product-type-variable","16":"has-default-attributes"},"acf":[],"yoast_head":"<!-- This site is optimized with the Yoast SEO plugin v27.2 - https:\/\/yoast.com\/product\/yoast-seo-wordpress\/ -->\n<title>Doraemon x TSUTAYA x Leatai - Caderno colaborativo com uma propriedade intelectual (IP) japonesa famosa - Leatai \u2013 Fabricante de cadernos personalizados<\/title>\n<meta name=\"description\" content=\"Em comemora\u00e7\u00e3o ao 50\u00ba anivers\u00e1rio de Doraemon, a TSUTAYA do Jap\u00e3o uniu-se \u00e0 marca taiwanesa de cadernos de alta qualidade Leatai para lan\u00e7ar, em uma colabora\u00e7\u00e3o tripla, o caderno original de Doraemon! Dispon\u00edvel em duas vers\u00f5es \u2014 \u201cMESSAGE\u201d e \u201cHEART\u201d \u2014 esta edi\u00e7\u00e3o \u00e9 exclusiva do Jap\u00e3o.\" \/>\n<meta name=\"robots\" content=\"index, follow, max-snippet:-1, max-image-preview:large, max-video-preview:-1\" \/>\n<link rel=\"canonical\" href=\"https:\/\/leatai.com\/pt-br\/product\/colaboracao-entre-industrias\/industria-cinematografica-pt-br\/doraemon-x-tsutaya-x-leatai\/\" \/>\n<meta property=\"og:locale\" content=\"pt_BR\" \/>\n<meta property=\"og:type\" content=\"article\" \/>\n<meta property=\"og:title\" content=\"Doraemon x TSUTAYA x Leatai - Caderno colaborativo com uma propriedade intelectual (IP) japonesa famosa - Leatai \u2013 Fabricante de cadernos personalizados\" \/>\n<meta property=\"og:description\" content=\"Em comemora\u00e7\u00e3o ao 50\u00ba anivers\u00e1rio de Doraemon, a TSUTAYA do Jap\u00e3o uniu-se \u00e0 marca taiwanesa de cadernos de alta qualidade Leatai para lan\u00e7ar, em uma colabora\u00e7\u00e3o tripla, o caderno original de Doraemon! Dispon\u00edvel em duas vers\u00f5es \u2014 \u201cMESSAGE\u201d e \u201cHEART\u201d \u2014 esta edi\u00e7\u00e3o \u00e9 exclusiva do Jap\u00e3o.\" \/>\n<meta property=\"og:url\" content=\"https:\/\/leatai.com\/pt-br\/product\/colaboracao-entre-industrias\/industria-cinematografica-pt-br\/doraemon-x-tsutaya-x-leatai\/\" \/>\n<meta property=\"og:site_name\" content=\"Leatai \u2013 Fabricante de cadernos personalizados\" \/>\n<meta property=\"article:modified_time\" content=\"2025-11-28T05:45:04+00:00\" \/>\n<meta property=\"og:image\" content=\"https:\/\/leatai.com\/wp-content\/uploads\/DSC_0511-1.jpg\" \/>\n\t<meta property=\"og:image:width\" content=\"1000\" \/>\n\t<meta property=\"og:image:height\" content=\"750\" \/>\n\t<meta property=\"og:image:type\" content=\"image\/jpeg\" \/>\n<meta name=\"twitter:card\" content=\"summary_large_image\" \/>\n<meta name=\"twitter:label1\" content=\"Est. tempo de leitura\" \/>\n\t<meta name=\"twitter:data1\" content=\"2 minutos\" \/>\n<script type=\"application\/ld+json\" class=\"yoast-schema-graph\">{\"@context\":\"https:\/\/schema.org\",\"@graph\":[{\"@type\":\"WebPage\",\"@id\":\"https:\/\/leatai.com\/pt-br\/product\/colaboracao-entre-industrias\/industria-cinematografica-pt-br\/doraemon-x-tsutaya-x-leatai\/\",\"url\":\"https:\/\/leatai.com\/pt-br\/product\/colaboracao-entre-industrias\/industria-cinematografica-pt-br\/doraemon-x-tsutaya-x-leatai\/\",\"name\":\"Doraemon x TSUTAYA x Leatai - Caderno colaborativo com uma propriedade intelectual (IP) japonesa famosa - Leatai \u2013 Fabricante de cadernos personalizados\",\"isPartOf\":{\"@id\":\"https:\/\/leatai.com\/pt-br\/#website\"},\"primaryImageOfPage\":{\"@id\":\"https:\/\/leatai.com\/pt-br\/product\/colaboracao-entre-industrias\/industria-cinematografica-pt-br\/doraemon-x-tsutaya-x-leatai\/#primaryimage\"},\"image\":{\"@id\":\"https:\/\/leatai.com\/pt-br\/product\/colaboracao-entre-industrias\/industria-cinematografica-pt-br\/doraemon-x-tsutaya-x-leatai\/#primaryimage\"},\"thumbnailUrl\":\"https:\/\/leatai.com\/wp-content\/uploads\/DSC_0511-1.jpg\",\"datePublished\":\"2022-03-02T13:03:48+00:00\",\"dateModified\":\"2025-11-28T05:45:04+00:00\",\"description\":\"Em comemora\u00e7\u00e3o ao 50\u00ba anivers\u00e1rio de Doraemon, a TSUTAYA do Jap\u00e3o uniu-se \u00e0 marca taiwanesa de cadernos de alta qualidade Leatai para lan\u00e7ar, em uma colabora\u00e7\u00e3o tripla, o caderno original de Doraemon! Dispon\u00edvel em duas vers\u00f5es \u2014 \u201cMESSAGE\u201d e \u201cHEART\u201d \u2014 esta edi\u00e7\u00e3o \u00e9 exclusiva do Jap\u00e3o.\",\"breadcrumb\":{\"@id\":\"https:\/\/leatai.com\/pt-br\/product\/colaboracao-entre-industrias\/industria-cinematografica-pt-br\/doraemon-x-tsutaya-x-leatai\/#breadcrumb\"},\"inLanguage\":\"pt-BR\",\"potentialAction\":[{\"@type\":\"ReadAction\",\"target\":[\"https:\/\/leatai.com\/pt-br\/product\/colaboracao-entre-industrias\/industria-cinematografica-pt-br\/doraemon-x-tsutaya-x-leatai\/\"]}]},{\"@type\":\"ImageObject\",\"inLanguage\":\"pt-BR\",\"@id\":\"https:\/\/leatai.com\/pt-br\/product\/colaboracao-entre-industrias\/industria-cinematografica-pt-br\/doraemon-x-tsutaya-x-leatai\/#primaryimage\",\"url\":\"https:\/\/leatai.com\/wp-content\/uploads\/DSC_0511-1.jpg\",\"contentUrl\":\"https:\/\/leatai.com\/wp-content\/uploads\/DSC_0511-1.jpg\",\"width\":1000,\"height\":750,\"caption\":\"Caderno colaborativo TSUTAYA \u00d7 Doraemon\"},{\"@type\":\"BreadcrumbList\",\"@id\":\"https:\/\/leatai.com\/pt-br\/product\/colaboracao-entre-industrias\/industria-cinematografica-pt-br\/doraemon-x-tsutaya-x-leatai\/#breadcrumb\",\"itemListElement\":[{\"@type\":\"ListItem\",\"position\":1,\"name\":\"Home\",\"item\":\"https:\/\/leatai.com\/pt-br\/\"},{\"@type\":\"ListItem\",\"position\":2,\"name\":\"Apresenta\u00e7\u00e3o de produtos\",\"item\":\"https:\/\/leatai.com\/products\/\"},{\"@type\":\"ListItem\",\"position\":3,\"name\":\"Colabora\u00e7\u00e3o entre Ind\u00fastrias\",\"item\":\"https:\/\/leatai.com\/pt-br\/categoria-produto\/colaboracao-entre-industrias\/\"},{\"@type\":\"ListItem\",\"position\":4,\"name\":\"Ind\u00fastria Cinematogr\u00e1fica\",\"item\":\"https:\/\/leatai.com\/pt-br\/categoria-produto\/colaboracao-entre-industrias\/industria-cinematografica-pt-br\/\"},{\"@type\":\"ListItem\",\"position\":5,\"name\":\"Doraemon x TSUTAYA x Leatai\"}]},{\"@type\":\"WebSite\",\"@id\":\"https:\/\/leatai.com\/pt-br\/#website\",\"url\":\"https:\/\/leatai.com\/pt-br\/\",\"name\":\"Leatai \u2013 Fabricante de cadernos personalizados\",\"description\":\"A Leatai fornece cadernos e planejadores personalizados para marcas e distribuidores em todo o mundo.\",\"publisher\":{\"@id\":\"https:\/\/leatai.com\/pt-br\/#organization\"},\"potentialAction\":[{\"@type\":\"SearchAction\",\"target\":{\"@type\":\"EntryPoint\",\"urlTemplate\":\"https:\/\/leatai.com\/pt-br\/?s={search_term_string}\"},\"query-input\":{\"@type\":\"PropertyValueSpecification\",\"valueRequired\":true,\"valueName\":\"search_term_string\"}}],\"inLanguage\":\"pt-BR\"},{\"@type\":\"Organization\",\"@id\":\"https:\/\/leatai.com\/pt-br\/#organization\",\"name\":\"Leatai Diary, customized journal and business organizer\",\"url\":\"https:\/\/leatai.com\/pt-br\/\",\"logo\":{\"@type\":\"ImageObject\",\"inLanguage\":\"pt-BR\",\"@id\":\"https:\/\/leatai.com\/pt-br\/#\/schema\/logo\/image\/\",\"url\":\"https:\/\/leatai.com\/wp-content\/uploads\/logo-blue.png\",\"contentUrl\":\"https:\/\/leatai.com\/wp-content\/uploads\/logo-blue.png\",\"width\":230,\"height\":60,\"caption\":\"Leatai Diary, customized journal and business organizer\"},\"image\":{\"@id\":\"https:\/\/leatai.com\/pt-br\/#\/schema\/logo\/image\/\"}}]}<\/script>\n<!-- \/ Yoast SEO plugin. -->","yoast_head_json":{"title":"Doraemon x TSUTAYA x Leatai - Caderno colaborativo com uma propriedade intelectual (IP) japonesa famosa - Leatai \u2013 Fabricante de cadernos personalizados","description":"Em comemora\u00e7\u00e3o ao 50\u00ba anivers\u00e1rio de Doraemon, a TSUTAYA do Jap\u00e3o uniu-se \u00e0 marca taiwanesa de cadernos de alta qualidade Leatai para lan\u00e7ar, em uma colabora\u00e7\u00e3o tripla, o caderno original de Doraemon! Dispon\u00edvel em duas vers\u00f5es \u2014 \u201cMESSAGE\u201d e \u201cHEART\u201d \u2014 esta edi\u00e7\u00e3o \u00e9 exclusiva do Jap\u00e3o.","robots":{"index":"index","follow":"follow","max-snippet":"max-snippet:-1","max-image-preview":"max-image-preview:large","max-video-preview":"max-video-preview:-1"},"canonical":"https:\/\/leatai.com\/pt-br\/product\/colaboracao-entre-industrias\/industria-cinematografica-pt-br\/doraemon-x-tsutaya-x-leatai\/","og_locale":"pt_BR","og_type":"article","og_title":"Doraemon x TSUTAYA x Leatai - Caderno colaborativo com uma propriedade intelectual (IP) japonesa famosa - Leatai \u2013 Fabricante de cadernos personalizados","og_description":"Em comemora\u00e7\u00e3o ao 50\u00ba anivers\u00e1rio de Doraemon, a TSUTAYA do Jap\u00e3o uniu-se \u00e0 marca taiwanesa de cadernos de alta qualidade Leatai para lan\u00e7ar, em uma colabora\u00e7\u00e3o tripla, o caderno original de Doraemon! Dispon\u00edvel em duas vers\u00f5es \u2014 \u201cMESSAGE\u201d e \u201cHEART\u201d \u2014 esta edi\u00e7\u00e3o \u00e9 exclusiva do Jap\u00e3o.","og_url":"https:\/\/leatai.com\/pt-br\/product\/colaboracao-entre-industrias\/industria-cinematografica-pt-br\/doraemon-x-tsutaya-x-leatai\/","og_site_name":"Leatai \u2013 Fabricante de cadernos personalizados","article_modified_time":"2025-11-28T05:45:04+00:00","og_image":[{"width":1000,"height":750,"url":"https:\/\/leatai.com\/wp-content\/uploads\/DSC_0511-1.jpg","type":"image\/jpeg"}],"twitter_card":"summary_large_image","twitter_misc":{"Est. tempo de leitura":"2 minutos"},"schema":{"@context":"https:\/\/schema.org","@graph":[{"@type":"WebPage","@id":"https:\/\/leatai.com\/pt-br\/product\/colaboracao-entre-industrias\/industria-cinematografica-pt-br\/doraemon-x-tsutaya-x-leatai\/","url":"https:\/\/leatai.com\/pt-br\/product\/colaboracao-entre-industrias\/industria-cinematografica-pt-br\/doraemon-x-tsutaya-x-leatai\/","name":"Doraemon x TSUTAYA x Leatai - Caderno colaborativo com uma propriedade intelectual (IP) japonesa famosa - Leatai \u2013 Fabricante de cadernos personalizados","isPartOf":{"@id":"https:\/\/leatai.com\/pt-br\/#website"},"primaryImageOfPage":{"@id":"https:\/\/leatai.com\/pt-br\/product\/colaboracao-entre-industrias\/industria-cinematografica-pt-br\/doraemon-x-tsutaya-x-leatai\/#primaryimage"},"image":{"@id":"https:\/\/leatai.com\/pt-br\/product\/colaboracao-entre-industrias\/industria-cinematografica-pt-br\/doraemon-x-tsutaya-x-leatai\/#primaryimage"},"thumbnailUrl":"https:\/\/leatai.com\/wp-content\/uploads\/DSC_0511-1.jpg","datePublished":"2022-03-02T13:03:48+00:00","dateModified":"2025-11-28T05:45:04+00:00","description":"Em comemora\u00e7\u00e3o ao 50\u00ba anivers\u00e1rio de Doraemon, a TSUTAYA do Jap\u00e3o uniu-se \u00e0 marca taiwanesa de cadernos de alta qualidade Leatai para lan\u00e7ar, em uma colabora\u00e7\u00e3o tripla, o caderno original de Doraemon! Dispon\u00edvel em duas vers\u00f5es \u2014 \u201cMESSAGE\u201d e \u201cHEART\u201d \u2014 esta edi\u00e7\u00e3o \u00e9 exclusiva do Jap\u00e3o.","breadcrumb":{"@id":"https:\/\/leatai.com\/pt-br\/product\/colaboracao-entre-industrias\/industria-cinematografica-pt-br\/doraemon-x-tsutaya-x-leatai\/#breadcrumb"},"inLanguage":"pt-BR","potentialAction":[{"@type":"ReadAction","target":["https:\/\/leatai.com\/pt-br\/product\/colaboracao-entre-industrias\/industria-cinematografica-pt-br\/doraemon-x-tsutaya-x-leatai\/"]}]},{"@type":"ImageObject","inLanguage":"pt-BR","@id":"https:\/\/leatai.com\/pt-br\/product\/colaboracao-entre-industrias\/industria-cinematografica-pt-br\/doraemon-x-tsutaya-x-leatai\/#primaryimage","url":"https:\/\/leatai.com\/wp-content\/uploads\/DSC_0511-1.jpg","contentUrl":"https:\/\/leatai.com\/wp-content\/uploads\/DSC_0511-1.jpg","width":1000,"height":750,"caption":"Caderno colaborativo TSUTAYA \u00d7 Doraemon"},{"@type":"BreadcrumbList","@id":"https:\/\/leatai.com\/pt-br\/product\/colaboracao-entre-industrias\/industria-cinematografica-pt-br\/doraemon-x-tsutaya-x-leatai\/#breadcrumb","itemListElement":[{"@type":"ListItem","position":1,"name":"Home","item":"https:\/\/leatai.com\/pt-br\/"},{"@type":"ListItem","position":2,"name":"Apresenta\u00e7\u00e3o de produtos","item":"https:\/\/leatai.com\/products\/"},{"@type":"ListItem","position":3,"name":"Colabora\u00e7\u00e3o entre Ind\u00fastrias","item":"https:\/\/leatai.com\/pt-br\/categoria-produto\/colaboracao-entre-industrias\/"},{"@type":"ListItem","position":4,"name":"Ind\u00fastria Cinematogr\u00e1fica","item":"https:\/\/leatai.com\/pt-br\/categoria-produto\/colaboracao-entre-industrias\/industria-cinematografica-pt-br\/"},{"@type":"ListItem","position":5,"name":"Doraemon x TSUTAYA x Leatai"}]},{"@type":"WebSite","@id":"https:\/\/leatai.com\/pt-br\/#website","url":"https:\/\/leatai.com\/pt-br\/","name":"Leatai \u2013 Fabricante de cadernos personalizados","description":"A Leatai fornece cadernos e planejadores personalizados para marcas e distribuidores em todo o mundo.","publisher":{"@id":"https:\/\/leatai.com\/pt-br\/#organization"},"potentialAction":[{"@type":"SearchAction","target":{"@type":"EntryPoint","urlTemplate":"https:\/\/leatai.com\/pt-br\/?s={search_term_string}"},"query-input":{"@type":"PropertyValueSpecification","valueRequired":true,"valueName":"search_term_string"}}],"inLanguage":"pt-BR"},{"@type":"Organization","@id":"https:\/\/leatai.com\/pt-br\/#organization","name":"Leatai Diary, customized journal and business organizer","url":"https:\/\/leatai.com\/pt-br\/","logo":{"@type":"ImageObject","inLanguage":"pt-BR","@id":"https:\/\/leatai.com\/pt-br\/#\/schema\/logo\/image\/","url":"https:\/\/leatai.com\/wp-content\/uploads\/logo-blue.png","contentUrl":"https:\/\/leatai.com\/wp-content\/uploads\/logo-blue.png","width":230,"height":60,"caption":"Leatai Diary, customized journal and business organizer"},"image":{"@id":"https:\/\/leatai.com\/pt-br\/#\/schema\/logo\/image\/"}}]}},"_links":{"self":[{"href":"https:\/\/leatai.com\/pt-br\/wp-json\/wp\/v2\/product\/230444","targetHints":{"allow":["GET"]}}],"collection":[{"href":"https:\/\/leatai.com\/pt-br\/wp-json\/wp\/v2\/product"}],"about":[{"href":"https:\/\/leatai.com\/pt-br\/wp-json\/wp\/v2\/types\/product"}],"wp:featuredmedia":[{"embeddable":true,"href":"https:\/\/leatai.com\/pt-br\/wp-json\/wp\/v2\/media\/92947"}],"wp:attachment":[{"href":"https:\/\/leatai.com\/pt-br\/wp-json\/wp\/v2\/media?parent=230444"}],"wp:term":[{"taxonomy":"product_brand","embeddable":true,"href":"https:\/\/leatai.com\/pt-br\/wp-json\/wp\/v2\/product_brand?post=230444"},{"taxonomy":"product_cat","embeddable":true,"href":"https:\/\/leatai.com\/pt-br\/wp-json\/wp\/v2\/product_cat?post=230444"},{"taxonomy":"product_tag","embeddable":true,"href":"https:\/\/leatai.com\/pt-br\/wp-json\/wp\/v2\/product_tag?post=230444"},{"taxonomy":"home_works","embeddable":true,"href":"https:\/\/leatai.com\/pt-br\/wp-json\/wp\/v2\/home_works?post=230444"}],"curies":[{"name":"wp","href":"https:\/\/api.w.org\/{rel}","templated":true}]}}