{"id":230347,"date":"2023-04-29T20:49:10","date_gmt":"2023-04-29T12:49:10","guid":{"rendered":"https:\/\/leatai.com\/product\/sem%20categoria\/demon-slayer-x-tsutaya-x-leatai\/"},"modified":"2025-11-27T14:50:07","modified_gmt":"2025-11-27T06:50:07","slug":"demon-slayer-x-tsutaya-x-leatai","status":"publish","type":"product","link":"https:\/\/leatai.com\/pt-br\/product\/colaboracao-entre-industrias\/industria-cinematografica-pt-br\/demon-slayer-x-tsutaya-x-leatai\/","title":{"rendered":"Demon Slayer x TSUTAYA x Leatai"},"content":{"rendered":"<p>A TSUTAYA, famosa livraria e rede cultural japonesa, uniu-se ao popular anime Demon Slayer (Kimetsu no Yaiba) e \u00e0 marca taiwanesa de cadernos de alta qualidade Leatai para lan\u00e7ar uma edi\u00e7\u00e3o colaborativa tripla de cadernos \u2014 uma cole\u00e7\u00e3o exclusiva dispon\u00edvel apenas no Jap\u00e3o.<\/p>\n<p>&nbsp;<\/p>\n<p><strong>\ud83d\udcd6<\/strong>Todos os exemplos de personaliza\u00e7\u00e3o: <a href=\"https:\/\/leatai.com\/pt-br\/produto-tag\/oem-pt-br\/\" target=\"_blank\" rel=\"noopener\">Cadernos personalizados \/ Di\u00e1rios comerciais personalizados<\/a><br \/>\n<strong>\ud83d\udcd6<\/strong>Para produtos padr\u00e3o de cadernos personalizados \/ di\u00e1rios comerciais, consulte:<br \/>\n<a href=\"https:\/\/leatai.com\/pt-br\/categoria-produto\/caderno-personalizado\/caderno-com-capa-dura\/\" target=\"_blank\" rel=\"noopener\">Caderno de capa dura \/ Di\u00e1rio comercial de capa dura<\/a><br \/>\n<a href=\"https:\/\/leatai.com\/pt-br\/categoria-produto\/caderno-personalizado\/caderno-de-folhas-soltas\/\" target=\"_blank\" rel=\"noopener\">Caderno de argolas \/ Di\u00e1rio comercial de argolas<\/a><br \/>\n<a href=\"https:\/\/leatai.com\/pt-br\/categoria-produto\/caderno-personalizado\/caderno-removivel\/\" target=\"_blank\" rel=\"noopener\">Caderno de argolas destac\u00e1vel \/ Di\u00e1rio comercial destac\u00e1vel<\/a><br \/>\n<a href=\"https:\/\/leatai.com\/pt-br\/categoria-produto\/caderno-personalizado\/caderno-brochura\/\" target=\"_blank\" rel=\"noopener\">Caderno de brochura \/ Di\u00e1rio comercial de brochura<\/a><br \/>\n<a href=\"https:\/\/leatai.com\/pt-br\/categoria-produto\/caderno-personalizado\/caderno-espiral\/\" target=\"_blank\" rel=\"noopener\">Caderno espiral \/ Di\u00e1rio comercial espiral<\/a><\/p>\n<p><strong><b>\ud83d\udcd6<\/b><\/strong>Para uma explica\u00e7\u00e3o completa dos tamanhos, consulte:<a href=\"https:\/\/leatai.com\/pt-br\/conhecimento-sobre-cadernos\/guia-de-tamanhos-de-papel-entendendo-tamanhos-comuns-como-b3-a4-b5-8k-16k-e-mais-um-grafico-de-tamanhos-abrangente-para-referencia-facil\/\" target=\"_blank\" rel=\"noopener\"> Guia de tamanhos de papel: como diferenciar B3, A4, B5, 8K, 16K e outros tamanhos comuns? Tabela de compara\u00e7\u00e3o de tamanhos de papel f\u00e1cil de entender!<\/a><\/p>\n","protected":false},"excerpt":{"rendered":"<p>A TSUTAYA, famosa livraria e rede cultural japonesa, uniu-se ao popular anime Demon Slayer (Kimetsu no Yaiba) e \u00e0 marca taiwanesa de cadernos de alta qualidade Leatai para lan\u00e7ar uma edi\u00e7\u00e3o colaborativa tripla de cadernos \u2014 uma cole\u00e7\u00e3o exclusiva dispon\u00edvel apenas no Jap\u00e3o. &nbsp; \ud83d\udcd6Todos os exemplos de personaliza\u00e7\u00e3o: Cadernos personalizados \/ Di\u00e1rios comerciais personalizados [&hellip;]<\/p>\n","protected":false},"featured_media":230348,"template":"","meta":{"_acf_changed":false},"product_brand":[],"product_cat":[912,1094],"product_tag":[1548],"home_works":[],"class_list":{"0":"post-230347","1":"product","2":"type-product","3":"status-publish","4":"has-post-thumbnail","6":"product_cat-caderno-removivel-oem","7":"product_cat-industria-cinematografica-pt-br","8":"product_tag-oem-pt-br","10":"first","11":"outofstock","12":"sold-individually","13":"shipping-taxable","14":"purchasable","15":"product-type-variable","16":"has-default-attributes"},"acf":[],"yoast_head":"<!-- This site is optimized with the Yoast SEO plugin v27.2 - https:\/\/yoast.com\/product\/yoast-seo-wordpress\/ -->\n<title>Demon Slayer x TSUTAYA x Leatai - Caderno de edi\u00e7\u00e3o colaborativa com IP japon\u00eas famoso - Leatai \u2013 Fabricante de cadernos personalizados<\/title>\n<meta name=\"description\" content=\"A TSUTAYA, renomada rede japonesa, uniu-se ao popular anime **Demon Slayer (Kimetsu no Yaiba)** e \u00e0 marca taiwanesa de cadernos premium **Leatai** para lan\u00e7ar uma edi\u00e7\u00e3o tripla colaborativa exclusiva de cadernos, dispon\u00edvel **somente no Jap\u00e3o**.\" \/>\n<meta name=\"robots\" content=\"index, follow, max-snippet:-1, max-image-preview:large, max-video-preview:-1\" \/>\n<link rel=\"canonical\" href=\"https:\/\/leatai.com\/pt-br\/product\/colaboracao-entre-industrias\/industria-cinematografica-pt-br\/demon-slayer-x-tsutaya-x-leatai\/\" \/>\n<meta property=\"og:locale\" content=\"pt_BR\" \/>\n<meta property=\"og:type\" content=\"article\" \/>\n<meta property=\"og:title\" content=\"Demon Slayer x TSUTAYA x Leatai - Caderno de edi\u00e7\u00e3o colaborativa com IP japon\u00eas famoso - Leatai \u2013 Fabricante de cadernos personalizados\" \/>\n<meta property=\"og:description\" content=\"A TSUTAYA, renomada rede japonesa, uniu-se ao popular anime **Demon Slayer (Kimetsu no Yaiba)** e \u00e0 marca taiwanesa de cadernos premium **Leatai** para lan\u00e7ar uma edi\u00e7\u00e3o tripla colaborativa exclusiva de cadernos, dispon\u00edvel **somente no Jap\u00e3o**.\" \/>\n<meta property=\"og:url\" content=\"https:\/\/leatai.com\/pt-br\/product\/colaboracao-entre-industrias\/industria-cinematografica-pt-br\/demon-slayer-x-tsutaya-x-leatai\/\" \/>\n<meta property=\"og:site_name\" content=\"Leatai \u2013 Fabricante de cadernos personalizados\" \/>\n<meta property=\"article:modified_time\" content=\"2025-11-27T06:50:07+00:00\" \/>\n<meta property=\"og:image\" content=\"https:\/\/leatai.com\/wp-content\/uploads\/DSC_5986-2.jpg\" \/>\n\t<meta property=\"og:image:width\" content=\"1000\" \/>\n\t<meta property=\"og:image:height\" content=\"750\" \/>\n\t<meta property=\"og:image:type\" content=\"image\/jpeg\" \/>\n<meta name=\"twitter:card\" content=\"summary_large_image\" \/>\n<meta name=\"twitter:label1\" content=\"Est. tempo de leitura\" \/>\n\t<meta name=\"twitter:data1\" content=\"1 minuto\" \/>\n<script type=\"application\/ld+json\" class=\"yoast-schema-graph\">{\"@context\":\"https:\/\/schema.org\",\"@graph\":[{\"@type\":\"WebPage\",\"@id\":\"https:\/\/leatai.com\/pt-br\/product\/colaboracao-entre-industrias\/industria-cinematografica-pt-br\/demon-slayer-x-tsutaya-x-leatai\/\",\"url\":\"https:\/\/leatai.com\/pt-br\/product\/colaboracao-entre-industrias\/industria-cinematografica-pt-br\/demon-slayer-x-tsutaya-x-leatai\/\",\"name\":\"Demon Slayer x TSUTAYA x Leatai - Caderno de edi\u00e7\u00e3o colaborativa com IP japon\u00eas famoso - Leatai \u2013 Fabricante de cadernos personalizados\",\"isPartOf\":{\"@id\":\"https:\/\/leatai.com\/pt-br\/#website\"},\"primaryImageOfPage\":{\"@id\":\"https:\/\/leatai.com\/pt-br\/product\/colaboracao-entre-industrias\/industria-cinematografica-pt-br\/demon-slayer-x-tsutaya-x-leatai\/#primaryimage\"},\"image\":{\"@id\":\"https:\/\/leatai.com\/pt-br\/product\/colaboracao-entre-industrias\/industria-cinematografica-pt-br\/demon-slayer-x-tsutaya-x-leatai\/#primaryimage\"},\"thumbnailUrl\":\"https:\/\/leatai.com\/wp-content\/uploads\/DSC_5986-2.jpg\",\"datePublished\":\"2023-04-29T12:49:10+00:00\",\"dateModified\":\"2025-11-27T06:50:07+00:00\",\"description\":\"A TSUTAYA, renomada rede japonesa, uniu-se ao popular anime **Demon Slayer (Kimetsu no Yaiba)** e \u00e0 marca taiwanesa de cadernos premium **Leatai** para lan\u00e7ar uma edi\u00e7\u00e3o tripla colaborativa exclusiva de cadernos, dispon\u00edvel **somente no Jap\u00e3o**.\",\"breadcrumb\":{\"@id\":\"https:\/\/leatai.com\/pt-br\/product\/colaboracao-entre-industrias\/industria-cinematografica-pt-br\/demon-slayer-x-tsutaya-x-leatai\/#breadcrumb\"},\"inLanguage\":\"pt-BR\",\"potentialAction\":[{\"@type\":\"ReadAction\",\"target\":[\"https:\/\/leatai.com\/pt-br\/product\/colaboracao-entre-industrias\/industria-cinematografica-pt-br\/demon-slayer-x-tsutaya-x-leatai\/\"]}]},{\"@type\":\"ImageObject\",\"inLanguage\":\"pt-BR\",\"@id\":\"https:\/\/leatai.com\/pt-br\/product\/colaboracao-entre-industrias\/industria-cinematografica-pt-br\/demon-slayer-x-tsutaya-x-leatai\/#primaryimage\",\"url\":\"https:\/\/leatai.com\/wp-content\/uploads\/DSC_5986-2.jpg\",\"contentUrl\":\"https:\/\/leatai.com\/wp-content\/uploads\/DSC_5986-2.jpg\",\"width\":1000,\"height\":750,\"caption\":\"Caso de colabora\u00e7\u00e3o em brindes e produtos personalizados \u2014Demon Slayer x TSUTAYA x Leatai\"},{\"@type\":\"BreadcrumbList\",\"@id\":\"https:\/\/leatai.com\/pt-br\/product\/colaboracao-entre-industrias\/industria-cinematografica-pt-br\/demon-slayer-x-tsutaya-x-leatai\/#breadcrumb\",\"itemListElement\":[{\"@type\":\"ListItem\",\"position\":1,\"name\":\"Home\",\"item\":\"https:\/\/leatai.com\/pt-br\/\"},{\"@type\":\"ListItem\",\"position\":2,\"name\":\"Apresenta\u00e7\u00e3o de produtos\",\"item\":\"https:\/\/leatai.com\/products\/\"},{\"@type\":\"ListItem\",\"position\":3,\"name\":\"Colabora\u00e7\u00e3o entre Ind\u00fastrias\",\"item\":\"https:\/\/leatai.com\/pt-br\/categoria-produto\/colaboracao-entre-industrias\/\"},{\"@type\":\"ListItem\",\"position\":4,\"name\":\"Ind\u00fastria Cinematogr\u00e1fica\",\"item\":\"https:\/\/leatai.com\/pt-br\/categoria-produto\/colaboracao-entre-industrias\/industria-cinematografica-pt-br\/\"},{\"@type\":\"ListItem\",\"position\":5,\"name\":\"Demon Slayer x TSUTAYA x Leatai\"}]},{\"@type\":\"WebSite\",\"@id\":\"https:\/\/leatai.com\/pt-br\/#website\",\"url\":\"https:\/\/leatai.com\/pt-br\/\",\"name\":\"Leatai \u2013 Fabricante de cadernos personalizados\",\"description\":\"A Leatai fornece cadernos e planejadores personalizados para marcas e distribuidores em todo o mundo.\",\"publisher\":{\"@id\":\"https:\/\/leatai.com\/pt-br\/#organization\"},\"potentialAction\":[{\"@type\":\"SearchAction\",\"target\":{\"@type\":\"EntryPoint\",\"urlTemplate\":\"https:\/\/leatai.com\/pt-br\/?s={search_term_string}\"},\"query-input\":{\"@type\":\"PropertyValueSpecification\",\"valueRequired\":true,\"valueName\":\"search_term_string\"}}],\"inLanguage\":\"pt-BR\"},{\"@type\":\"Organization\",\"@id\":\"https:\/\/leatai.com\/pt-br\/#organization\",\"name\":\"Leatai Diary, customized journal and business organizer\",\"url\":\"https:\/\/leatai.com\/pt-br\/\",\"logo\":{\"@type\":\"ImageObject\",\"inLanguage\":\"pt-BR\",\"@id\":\"https:\/\/leatai.com\/pt-br\/#\/schema\/logo\/image\/\",\"url\":\"https:\/\/leatai.com\/wp-content\/uploads\/logo-blue.png\",\"contentUrl\":\"https:\/\/leatai.com\/wp-content\/uploads\/logo-blue.png\",\"width\":230,\"height\":60,\"caption\":\"Leatai Diary, customized journal and business organizer\"},\"image\":{\"@id\":\"https:\/\/leatai.com\/pt-br\/#\/schema\/logo\/image\/\"}}]}<\/script>\n<!-- \/ Yoast SEO plugin. -->","yoast_head_json":{"title":"Demon Slayer x TSUTAYA x Leatai - Caderno de edi\u00e7\u00e3o colaborativa com IP japon\u00eas famoso - Leatai \u2013 Fabricante de cadernos personalizados","description":"A TSUTAYA, renomada rede japonesa, uniu-se ao popular anime **Demon Slayer (Kimetsu no Yaiba)** e \u00e0 marca taiwanesa de cadernos premium **Leatai** para lan\u00e7ar uma edi\u00e7\u00e3o tripla colaborativa exclusiva de cadernos, dispon\u00edvel **somente no Jap\u00e3o**.","robots":{"index":"index","follow":"follow","max-snippet":"max-snippet:-1","max-image-preview":"max-image-preview:large","max-video-preview":"max-video-preview:-1"},"canonical":"https:\/\/leatai.com\/pt-br\/product\/colaboracao-entre-industrias\/industria-cinematografica-pt-br\/demon-slayer-x-tsutaya-x-leatai\/","og_locale":"pt_BR","og_type":"article","og_title":"Demon Slayer x TSUTAYA x Leatai - Caderno de edi\u00e7\u00e3o colaborativa com IP japon\u00eas famoso - Leatai \u2013 Fabricante de cadernos personalizados","og_description":"A TSUTAYA, renomada rede japonesa, uniu-se ao popular anime **Demon Slayer (Kimetsu no Yaiba)** e \u00e0 marca taiwanesa de cadernos premium **Leatai** para lan\u00e7ar uma edi\u00e7\u00e3o tripla colaborativa exclusiva de cadernos, dispon\u00edvel **somente no Jap\u00e3o**.","og_url":"https:\/\/leatai.com\/pt-br\/product\/colaboracao-entre-industrias\/industria-cinematografica-pt-br\/demon-slayer-x-tsutaya-x-leatai\/","og_site_name":"Leatai \u2013 Fabricante de cadernos personalizados","article_modified_time":"2025-11-27T06:50:07+00:00","og_image":[{"width":1000,"height":750,"url":"https:\/\/leatai.com\/wp-content\/uploads\/DSC_5986-2.jpg","type":"image\/jpeg"}],"twitter_card":"summary_large_image","twitter_misc":{"Est. tempo de leitura":"1 minuto"},"schema":{"@context":"https:\/\/schema.org","@graph":[{"@type":"WebPage","@id":"https:\/\/leatai.com\/pt-br\/product\/colaboracao-entre-industrias\/industria-cinematografica-pt-br\/demon-slayer-x-tsutaya-x-leatai\/","url":"https:\/\/leatai.com\/pt-br\/product\/colaboracao-entre-industrias\/industria-cinematografica-pt-br\/demon-slayer-x-tsutaya-x-leatai\/","name":"Demon Slayer x TSUTAYA x Leatai - Caderno de edi\u00e7\u00e3o colaborativa com IP japon\u00eas famoso - Leatai \u2013 Fabricante de cadernos personalizados","isPartOf":{"@id":"https:\/\/leatai.com\/pt-br\/#website"},"primaryImageOfPage":{"@id":"https:\/\/leatai.com\/pt-br\/product\/colaboracao-entre-industrias\/industria-cinematografica-pt-br\/demon-slayer-x-tsutaya-x-leatai\/#primaryimage"},"image":{"@id":"https:\/\/leatai.com\/pt-br\/product\/colaboracao-entre-industrias\/industria-cinematografica-pt-br\/demon-slayer-x-tsutaya-x-leatai\/#primaryimage"},"thumbnailUrl":"https:\/\/leatai.com\/wp-content\/uploads\/DSC_5986-2.jpg","datePublished":"2023-04-29T12:49:10+00:00","dateModified":"2025-11-27T06:50:07+00:00","description":"A TSUTAYA, renomada rede japonesa, uniu-se ao popular anime **Demon Slayer (Kimetsu no Yaiba)** e \u00e0 marca taiwanesa de cadernos premium **Leatai** para lan\u00e7ar uma edi\u00e7\u00e3o tripla colaborativa exclusiva de cadernos, dispon\u00edvel **somente no Jap\u00e3o**.","breadcrumb":{"@id":"https:\/\/leatai.com\/pt-br\/product\/colaboracao-entre-industrias\/industria-cinematografica-pt-br\/demon-slayer-x-tsutaya-x-leatai\/#breadcrumb"},"inLanguage":"pt-BR","potentialAction":[{"@type":"ReadAction","target":["https:\/\/leatai.com\/pt-br\/product\/colaboracao-entre-industrias\/industria-cinematografica-pt-br\/demon-slayer-x-tsutaya-x-leatai\/"]}]},{"@type":"ImageObject","inLanguage":"pt-BR","@id":"https:\/\/leatai.com\/pt-br\/product\/colaboracao-entre-industrias\/industria-cinematografica-pt-br\/demon-slayer-x-tsutaya-x-leatai\/#primaryimage","url":"https:\/\/leatai.com\/wp-content\/uploads\/DSC_5986-2.jpg","contentUrl":"https:\/\/leatai.com\/wp-content\/uploads\/DSC_5986-2.jpg","width":1000,"height":750,"caption":"Caso de colabora\u00e7\u00e3o em brindes e produtos personalizados \u2014Demon Slayer x TSUTAYA x Leatai"},{"@type":"BreadcrumbList","@id":"https:\/\/leatai.com\/pt-br\/product\/colaboracao-entre-industrias\/industria-cinematografica-pt-br\/demon-slayer-x-tsutaya-x-leatai\/#breadcrumb","itemListElement":[{"@type":"ListItem","position":1,"name":"Home","item":"https:\/\/leatai.com\/pt-br\/"},{"@type":"ListItem","position":2,"name":"Apresenta\u00e7\u00e3o de produtos","item":"https:\/\/leatai.com\/products\/"},{"@type":"ListItem","position":3,"name":"Colabora\u00e7\u00e3o entre Ind\u00fastrias","item":"https:\/\/leatai.com\/pt-br\/categoria-produto\/colaboracao-entre-industrias\/"},{"@type":"ListItem","position":4,"name":"Ind\u00fastria Cinematogr\u00e1fica","item":"https:\/\/leatai.com\/pt-br\/categoria-produto\/colaboracao-entre-industrias\/industria-cinematografica-pt-br\/"},{"@type":"ListItem","position":5,"name":"Demon Slayer x TSUTAYA x Leatai"}]},{"@type":"WebSite","@id":"https:\/\/leatai.com\/pt-br\/#website","url":"https:\/\/leatai.com\/pt-br\/","name":"Leatai \u2013 Fabricante de cadernos personalizados","description":"A Leatai fornece cadernos e planejadores personalizados para marcas e distribuidores em todo o mundo.","publisher":{"@id":"https:\/\/leatai.com\/pt-br\/#organization"},"potentialAction":[{"@type":"SearchAction","target":{"@type":"EntryPoint","urlTemplate":"https:\/\/leatai.com\/pt-br\/?s={search_term_string}"},"query-input":{"@type":"PropertyValueSpecification","valueRequired":true,"valueName":"search_term_string"}}],"inLanguage":"pt-BR"},{"@type":"Organization","@id":"https:\/\/leatai.com\/pt-br\/#organization","name":"Leatai Diary, customized journal and business organizer","url":"https:\/\/leatai.com\/pt-br\/","logo":{"@type":"ImageObject","inLanguage":"pt-BR","@id":"https:\/\/leatai.com\/pt-br\/#\/schema\/logo\/image\/","url":"https:\/\/leatai.com\/wp-content\/uploads\/logo-blue.png","contentUrl":"https:\/\/leatai.com\/wp-content\/uploads\/logo-blue.png","width":230,"height":60,"caption":"Leatai Diary, customized journal and business organizer"},"image":{"@id":"https:\/\/leatai.com\/pt-br\/#\/schema\/logo\/image\/"}}]}},"_links":{"self":[{"href":"https:\/\/leatai.com\/pt-br\/wp-json\/wp\/v2\/product\/230347","targetHints":{"allow":["GET"]}}],"collection":[{"href":"https:\/\/leatai.com\/pt-br\/wp-json\/wp\/v2\/product"}],"about":[{"href":"https:\/\/leatai.com\/pt-br\/wp-json\/wp\/v2\/types\/product"}],"wp:featuredmedia":[{"embeddable":true,"href":"https:\/\/leatai.com\/pt-br\/wp-json\/wp\/v2\/media\/230348"}],"wp:attachment":[{"href":"https:\/\/leatai.com\/pt-br\/wp-json\/wp\/v2\/media?parent=230347"}],"wp:term":[{"taxonomy":"product_brand","embeddable":true,"href":"https:\/\/leatai.com\/pt-br\/wp-json\/wp\/v2\/product_brand?post=230347"},{"taxonomy":"product_cat","embeddable":true,"href":"https:\/\/leatai.com\/pt-br\/wp-json\/wp\/v2\/product_cat?post=230347"},{"taxonomy":"product_tag","embeddable":true,"href":"https:\/\/leatai.com\/pt-br\/wp-json\/wp\/v2\/product_tag?post=230347"},{"taxonomy":"home_works","embeddable":true,"href":"https:\/\/leatai.com\/pt-br\/wp-json\/wp\/v2\/home_works?post=230347"}],"curies":[{"name":"wp","href":"https:\/\/api.w.org\/{rel}","templated":true}]}}