{"id":230243,"date":"2021-08-19T21:50:56","date_gmt":"2021-08-19T13:50:56","guid":{"rendered":"https:\/\/leatai.com\/product\/sem%20categoria\/tmnewa\/"},"modified":"2025-11-05T15:30:33","modified_gmt":"2025-11-05T07:30:33","slug":"tmnewa","status":"publish","type":"product","link":"https:\/\/leatai.com\/pt-br\/product\/varios-amostras-oem\/caderno-brochura-oem\/tmnewa\/","title":{"rendered":"TMNEWA"},"content":{"rendered":"<p>Nome do cliente: TMNEWA<br \/>\nTamanho do caso: 16K e 48K<br \/>\nModelo do caso: Caderno brochura (encaderna\u00e7\u00e3o flex\u00edvel)<br \/>\nEfeito do logotipo do caso: Grava\u00e7\u00e3o em relevo<br \/>\nDestaques: O conjunto inclui dois tamanhos \u2014 grande e pequeno \u2014 com padr\u00f5es personalizados gravados na lombada. As p\u00e1ginas internas apresentam impress\u00e3o exclusiva, resultando em um design distinto e sofisticado que transmite eleg\u00e2ncia e exclusividade.<\/p>\n<p>&nbsp;<\/p>\n<p><strong>\ud83d\udcd6<\/strong>Todos os exemplos de personaliza\u00e7\u00e3o: <a href=\"https:\/\/leatai.com\/pt-br\/produto-tag\/oem-pt-br\/\" target=\"_blank\" rel=\"noopener\">Cadernos personalizados \/ Di\u00e1rios comerciais personalizados<\/a><br \/>\n<strong>\ud83d\udcd6<\/strong>Para produtos padr\u00e3o de cadernos personalizados \/ di\u00e1rios comerciais, consulte:<br \/>\n<a href=\"https:\/\/leatai.com\/pt-br\/categoria-produto\/caderno-personalizado\/caderno-com-capa-dura\/\" target=\"_blank\" rel=\"noopener\">Caderno de capa dura \/ Di\u00e1rio comercial de capa dura<\/a><br \/>\n<a href=\"https:\/\/leatai.com\/pt-br\/categoria-produto\/caderno-personalizado\/caderno-de-folhas-soltas\/\" target=\"_blank\" rel=\"noopener\">Caderno de argolas \/ Di\u00e1rio comercial de argolas<\/a><br \/>\n<a href=\"https:\/\/leatai.com\/pt-br\/categoria-produto\/caderno-personalizado\/caderno-removivel\/\" target=\"_blank\" rel=\"noopener\">Caderno de argolas destac\u00e1vel \/ Di\u00e1rio comercial destac\u00e1vel<\/a><br \/>\n<a href=\"https:\/\/leatai.com\/pt-br\/categoria-produto\/caderno-personalizado\/caderno-brochura\/\" target=\"_blank\" rel=\"noopener\">Caderno de brochura \/ Di\u00e1rio comercial de brochura<\/a><br \/>\n<a href=\"https:\/\/leatai.com\/pt-br\/categoria-produto\/caderno-personalizado\/caderno-espiral\/\" target=\"_blank\" rel=\"noopener\">Caderno espiral \/ Di\u00e1rio comercial espiral<\/a><\/p>\n<p><strong><b>\ud83d\udcd6<\/b><\/strong>Para uma explica\u00e7\u00e3o completa dos tamanhos, consulte:<a href=\"https:\/\/leatai.com\/pt-br\/conhecimento-sobre-cadernos\/guia-de-tamanhos-de-papel-entendendo-tamanhos-comuns-como-b3-a4-b5-8k-16k-e-mais-um-grafico-de-tamanhos-abrangente-para-referencia-facil\/\" target=\"_blank\" rel=\"noopener\"> Guia de tamanhos de papel: como diferenciar B3, A4, B5, 8K, 16K e outros tamanhos comuns? Tabela de compara\u00e7\u00e3o de tamanhos de papel f\u00e1cil de entender!<\/a><\/p>\n","protected":false},"excerpt":{"rendered":"<p>Nome do cliente: TMNEWA Tamanho do caso: 16K e 48K Modelo do caso: Caderno brochura (encaderna\u00e7\u00e3o flex\u00edvel) Efeito do logotipo do caso: Grava\u00e7\u00e3o em relevo Destaques: O conjunto inclui dois tamanhos \u2014 grande e pequeno \u2014 com padr\u00f5es personalizados gravados na lombada. As p\u00e1ginas internas apresentam impress\u00e3o exclusiva, resultando em um design distinto e sofisticado [&hellip;]<\/p>\n","protected":false},"featured_media":230247,"template":"","meta":{"_acf_changed":false},"product_brand":[],"product_cat":[938],"product_tag":[1548],"home_works":[],"class_list":{"0":"post-230243","1":"product","2":"type-product","3":"status-publish","4":"has-post-thumbnail","6":"product_cat-caderno-brochura-oem","7":"product_tag-oem-pt-br","9":"first","10":"outofstock","11":"sold-individually","12":"shipping-taxable","13":"purchasable","14":"product-type-variable","15":"has-default-attributes"},"acf":[],"yoast_head":"<!-- This site is optimized with the Yoast SEO plugin v27.2 - https:\/\/yoast.com\/product\/yoast-seo-wordpress\/ -->\n<title>TMNEWA - Padr\u00f5es tamb\u00e9m podem ser personalizados com grava\u00e7\u00e3o em relevo \u2014 eleg\u00e2ncia e exclusividade em cada detalhe. - Leatai \u2013 Fabricante de cadernos personalizados<\/title>\n<meta name=\"description\" content=\"Caso OEM: TMNEWA Estilo: Caderno brochura (encaderna\u00e7\u00e3o flex\u00edvel) Tamanho: 16K e 48K Destaques: O conjunto foi desenvolvido em dois tamanhos \u2014 grande e pequeno \u2014 com padr\u00f5es personalizados gravados na lombada. As p\u00e1ginas internas possuem impress\u00e3o exclusiva, resultando em um design elegante, distinto e de car\u00e1ter verdadeiramente sofisticado.\" \/>\n<meta name=\"robots\" content=\"index, follow, max-snippet:-1, max-image-preview:large, max-video-preview:-1\" \/>\n<link rel=\"canonical\" href=\"https:\/\/leatai.com\/pt-br\/product\/varios-amostras-oem\/caderno-brochura-oem\/tmnewa\/\" \/>\n<meta property=\"og:locale\" content=\"pt_BR\" \/>\n<meta property=\"og:type\" content=\"article\" \/>\n<meta property=\"og:title\" content=\"TMNEWA - Padr\u00f5es tamb\u00e9m podem ser personalizados com grava\u00e7\u00e3o em relevo \u2014 eleg\u00e2ncia e exclusividade em cada detalhe. - Leatai \u2013 Fabricante de cadernos personalizados\" \/>\n<meta property=\"og:description\" content=\"Caso OEM: TMNEWA Estilo: Caderno brochura (encaderna\u00e7\u00e3o flex\u00edvel) Tamanho: 16K e 48K Destaques: O conjunto foi desenvolvido em dois tamanhos \u2014 grande e pequeno \u2014 com padr\u00f5es personalizados gravados na lombada. As p\u00e1ginas internas possuem impress\u00e3o exclusiva, resultando em um design elegante, distinto e de car\u00e1ter verdadeiramente sofisticado.\" \/>\n<meta property=\"og:url\" content=\"https:\/\/leatai.com\/pt-br\/product\/varios-amostras-oem\/caderno-brochura-oem\/tmnewa\/\" \/>\n<meta property=\"og:site_name\" content=\"Leatai \u2013 Fabricante de cadernos personalizados\" \/>\n<meta property=\"article:modified_time\" content=\"2025-11-05T07:30:33+00:00\" \/>\n<meta property=\"og:image\" content=\"https:\/\/leatai.com\/wp-content\/uploads\/DSC_0543.jpg\" \/>\n\t<meta property=\"og:image:width\" content=\"1000\" \/>\n\t<meta property=\"og:image:height\" content=\"750\" \/>\n\t<meta property=\"og:image:type\" content=\"image\/jpeg\" \/>\n<meta name=\"twitter:card\" content=\"summary_large_image\" \/>\n<meta name=\"twitter:label1\" content=\"Est. tempo de leitura\" \/>\n\t<meta name=\"twitter:data1\" content=\"2 minutos\" \/>\n<script type=\"application\/ld+json\" class=\"yoast-schema-graph\">{\"@context\":\"https:\/\/schema.org\",\"@graph\":[{\"@type\":\"WebPage\",\"@id\":\"https:\/\/leatai.com\/pt-br\/product\/varios-amostras-oem\/caderno-brochura-oem\/tmnewa\/\",\"url\":\"https:\/\/leatai.com\/pt-br\/product\/varios-amostras-oem\/caderno-brochura-oem\/tmnewa\/\",\"name\":\"TMNEWA - Padr\u00f5es tamb\u00e9m podem ser personalizados com grava\u00e7\u00e3o em relevo \u2014 eleg\u00e2ncia e exclusividade em cada detalhe. - Leatai \u2013 Fabricante de cadernos personalizados\",\"isPartOf\":{\"@id\":\"https:\/\/leatai.com\/pt-br\/#website\"},\"primaryImageOfPage\":{\"@id\":\"https:\/\/leatai.com\/pt-br\/product\/varios-amostras-oem\/caderno-brochura-oem\/tmnewa\/#primaryimage\"},\"image\":{\"@id\":\"https:\/\/leatai.com\/pt-br\/product\/varios-amostras-oem\/caderno-brochura-oem\/tmnewa\/#primaryimage\"},\"thumbnailUrl\":\"https:\/\/leatai.com\/wp-content\/uploads\/DSC_0543.jpg\",\"datePublished\":\"2021-08-19T13:50:56+00:00\",\"dateModified\":\"2025-11-05T07:30:33+00:00\",\"description\":\"Caso OEM: TMNEWA Estilo: Caderno brochura (encaderna\u00e7\u00e3o flex\u00edvel) Tamanho: 16K e 48K Destaques: O conjunto foi desenvolvido em dois tamanhos \u2014 grande e pequeno \u2014 com padr\u00f5es personalizados gravados na lombada. As p\u00e1ginas internas possuem impress\u00e3o exclusiva, resultando em um design elegante, distinto e de car\u00e1ter verdadeiramente sofisticado.\",\"breadcrumb\":{\"@id\":\"https:\/\/leatai.com\/pt-br\/product\/varios-amostras-oem\/caderno-brochura-oem\/tmnewa\/#breadcrumb\"},\"inLanguage\":\"pt-BR\",\"potentialAction\":[{\"@type\":\"ReadAction\",\"target\":[\"https:\/\/leatai.com\/pt-br\/product\/varios-amostras-oem\/caderno-brochura-oem\/tmnewa\/\"]}]},{\"@type\":\"ImageObject\",\"inLanguage\":\"pt-BR\",\"@id\":\"https:\/\/leatai.com\/pt-br\/product\/varios-amostras-oem\/caderno-brochura-oem\/tmnewa\/#primaryimage\",\"url\":\"https:\/\/leatai.com\/wp-content\/uploads\/DSC_0543.jpg\",\"contentUrl\":\"https:\/\/leatai.com\/wp-content\/uploads\/DSC_0543.jpg\",\"width\":1000,\"height\":750,\"caption\":\"Caderno de brochura\"},{\"@type\":\"BreadcrumbList\",\"@id\":\"https:\/\/leatai.com\/pt-br\/product\/varios-amostras-oem\/caderno-brochura-oem\/tmnewa\/#breadcrumb\",\"itemListElement\":[{\"@type\":\"ListItem\",\"position\":1,\"name\":\"Home\",\"item\":\"https:\/\/leatai.com\/pt-br\/\"},{\"@type\":\"ListItem\",\"position\":2,\"name\":\"Apresenta\u00e7\u00e3o de produtos\",\"item\":\"https:\/\/leatai.com\/products\/\"},{\"@type\":\"ListItem\",\"position\":3,\"name\":\"V\u00e1rios Amostras OEM\",\"item\":\"https:\/\/leatai.com\/pt-br\/categoria-produto\/varios-amostras-oem\/\"},{\"@type\":\"ListItem\",\"position\":4,\"name\":\"Caderno Brochura OEM\",\"item\":\"https:\/\/leatai.com\/pt-br\/categoria-produto\/varios-amostras-oem\/caderno-brochura-oem\/\"},{\"@type\":\"ListItem\",\"position\":5,\"name\":\"TMNEWA\"}]},{\"@type\":\"WebSite\",\"@id\":\"https:\/\/leatai.com\/pt-br\/#website\",\"url\":\"https:\/\/leatai.com\/pt-br\/\",\"name\":\"Leatai \u2013 Fabricante de cadernos personalizados\",\"description\":\"A Leatai fornece cadernos e planejadores personalizados para marcas e distribuidores em todo o mundo.\",\"publisher\":{\"@id\":\"https:\/\/leatai.com\/pt-br\/#organization\"},\"potentialAction\":[{\"@type\":\"SearchAction\",\"target\":{\"@type\":\"EntryPoint\",\"urlTemplate\":\"https:\/\/leatai.com\/pt-br\/?s={search_term_string}\"},\"query-input\":{\"@type\":\"PropertyValueSpecification\",\"valueRequired\":true,\"valueName\":\"search_term_string\"}}],\"inLanguage\":\"pt-BR\"},{\"@type\":\"Organization\",\"@id\":\"https:\/\/leatai.com\/pt-br\/#organization\",\"name\":\"Leatai Diary, customized journal and business organizer\",\"url\":\"https:\/\/leatai.com\/pt-br\/\",\"logo\":{\"@type\":\"ImageObject\",\"inLanguage\":\"pt-BR\",\"@id\":\"https:\/\/leatai.com\/pt-br\/#\/schema\/logo\/image\/\",\"url\":\"https:\/\/leatai.com\/wp-content\/uploads\/logo-blue.png\",\"contentUrl\":\"https:\/\/leatai.com\/wp-content\/uploads\/logo-blue.png\",\"width\":230,\"height\":60,\"caption\":\"Leatai Diary, customized journal and business organizer\"},\"image\":{\"@id\":\"https:\/\/leatai.com\/pt-br\/#\/schema\/logo\/image\/\"}}]}<\/script>\n<!-- \/ Yoast SEO plugin. -->","yoast_head_json":{"title":"TMNEWA - Padr\u00f5es tamb\u00e9m podem ser personalizados com grava\u00e7\u00e3o em relevo \u2014 eleg\u00e2ncia e exclusividade em cada detalhe. - Leatai \u2013 Fabricante de cadernos personalizados","description":"Caso OEM: TMNEWA Estilo: Caderno brochura (encaderna\u00e7\u00e3o flex\u00edvel) Tamanho: 16K e 48K Destaques: O conjunto foi desenvolvido em dois tamanhos \u2014 grande e pequeno \u2014 com padr\u00f5es personalizados gravados na lombada. As p\u00e1ginas internas possuem impress\u00e3o exclusiva, resultando em um design elegante, distinto e de car\u00e1ter verdadeiramente sofisticado.","robots":{"index":"index","follow":"follow","max-snippet":"max-snippet:-1","max-image-preview":"max-image-preview:large","max-video-preview":"max-video-preview:-1"},"canonical":"https:\/\/leatai.com\/pt-br\/product\/varios-amostras-oem\/caderno-brochura-oem\/tmnewa\/","og_locale":"pt_BR","og_type":"article","og_title":"TMNEWA - Padr\u00f5es tamb\u00e9m podem ser personalizados com grava\u00e7\u00e3o em relevo \u2014 eleg\u00e2ncia e exclusividade em cada detalhe. - Leatai \u2013 Fabricante de cadernos personalizados","og_description":"Caso OEM: TMNEWA Estilo: Caderno brochura (encaderna\u00e7\u00e3o flex\u00edvel) Tamanho: 16K e 48K Destaques: O conjunto foi desenvolvido em dois tamanhos \u2014 grande e pequeno \u2014 com padr\u00f5es personalizados gravados na lombada. As p\u00e1ginas internas possuem impress\u00e3o exclusiva, resultando em um design elegante, distinto e de car\u00e1ter verdadeiramente sofisticado.","og_url":"https:\/\/leatai.com\/pt-br\/product\/varios-amostras-oem\/caderno-brochura-oem\/tmnewa\/","og_site_name":"Leatai \u2013 Fabricante de cadernos personalizados","article_modified_time":"2025-11-05T07:30:33+00:00","og_image":[{"width":1000,"height":750,"url":"https:\/\/leatai.com\/wp-content\/uploads\/DSC_0543.jpg","type":"image\/jpeg"}],"twitter_card":"summary_large_image","twitter_misc":{"Est. tempo de leitura":"2 minutos"},"schema":{"@context":"https:\/\/schema.org","@graph":[{"@type":"WebPage","@id":"https:\/\/leatai.com\/pt-br\/product\/varios-amostras-oem\/caderno-brochura-oem\/tmnewa\/","url":"https:\/\/leatai.com\/pt-br\/product\/varios-amostras-oem\/caderno-brochura-oem\/tmnewa\/","name":"TMNEWA - Padr\u00f5es tamb\u00e9m podem ser personalizados com grava\u00e7\u00e3o em relevo \u2014 eleg\u00e2ncia e exclusividade em cada detalhe. - Leatai \u2013 Fabricante de cadernos personalizados","isPartOf":{"@id":"https:\/\/leatai.com\/pt-br\/#website"},"primaryImageOfPage":{"@id":"https:\/\/leatai.com\/pt-br\/product\/varios-amostras-oem\/caderno-brochura-oem\/tmnewa\/#primaryimage"},"image":{"@id":"https:\/\/leatai.com\/pt-br\/product\/varios-amostras-oem\/caderno-brochura-oem\/tmnewa\/#primaryimage"},"thumbnailUrl":"https:\/\/leatai.com\/wp-content\/uploads\/DSC_0543.jpg","datePublished":"2021-08-19T13:50:56+00:00","dateModified":"2025-11-05T07:30:33+00:00","description":"Caso OEM: TMNEWA Estilo: Caderno brochura (encaderna\u00e7\u00e3o flex\u00edvel) Tamanho: 16K e 48K Destaques: O conjunto foi desenvolvido em dois tamanhos \u2014 grande e pequeno \u2014 com padr\u00f5es personalizados gravados na lombada. As p\u00e1ginas internas possuem impress\u00e3o exclusiva, resultando em um design elegante, distinto e de car\u00e1ter verdadeiramente sofisticado.","breadcrumb":{"@id":"https:\/\/leatai.com\/pt-br\/product\/varios-amostras-oem\/caderno-brochura-oem\/tmnewa\/#breadcrumb"},"inLanguage":"pt-BR","potentialAction":[{"@type":"ReadAction","target":["https:\/\/leatai.com\/pt-br\/product\/varios-amostras-oem\/caderno-brochura-oem\/tmnewa\/"]}]},{"@type":"ImageObject","inLanguage":"pt-BR","@id":"https:\/\/leatai.com\/pt-br\/product\/varios-amostras-oem\/caderno-brochura-oem\/tmnewa\/#primaryimage","url":"https:\/\/leatai.com\/wp-content\/uploads\/DSC_0543.jpg","contentUrl":"https:\/\/leatai.com\/wp-content\/uploads\/DSC_0543.jpg","width":1000,"height":750,"caption":"Caderno de brochura"},{"@type":"BreadcrumbList","@id":"https:\/\/leatai.com\/pt-br\/product\/varios-amostras-oem\/caderno-brochura-oem\/tmnewa\/#breadcrumb","itemListElement":[{"@type":"ListItem","position":1,"name":"Home","item":"https:\/\/leatai.com\/pt-br\/"},{"@type":"ListItem","position":2,"name":"Apresenta\u00e7\u00e3o de produtos","item":"https:\/\/leatai.com\/products\/"},{"@type":"ListItem","position":3,"name":"V\u00e1rios Amostras OEM","item":"https:\/\/leatai.com\/pt-br\/categoria-produto\/varios-amostras-oem\/"},{"@type":"ListItem","position":4,"name":"Caderno Brochura OEM","item":"https:\/\/leatai.com\/pt-br\/categoria-produto\/varios-amostras-oem\/caderno-brochura-oem\/"},{"@type":"ListItem","position":5,"name":"TMNEWA"}]},{"@type":"WebSite","@id":"https:\/\/leatai.com\/pt-br\/#website","url":"https:\/\/leatai.com\/pt-br\/","name":"Leatai \u2013 Fabricante de cadernos personalizados","description":"A Leatai fornece cadernos e planejadores personalizados para marcas e distribuidores em todo o mundo.","publisher":{"@id":"https:\/\/leatai.com\/pt-br\/#organization"},"potentialAction":[{"@type":"SearchAction","target":{"@type":"EntryPoint","urlTemplate":"https:\/\/leatai.com\/pt-br\/?s={search_term_string}"},"query-input":{"@type":"PropertyValueSpecification","valueRequired":true,"valueName":"search_term_string"}}],"inLanguage":"pt-BR"},{"@type":"Organization","@id":"https:\/\/leatai.com\/pt-br\/#organization","name":"Leatai Diary, customized journal and business organizer","url":"https:\/\/leatai.com\/pt-br\/","logo":{"@type":"ImageObject","inLanguage":"pt-BR","@id":"https:\/\/leatai.com\/pt-br\/#\/schema\/logo\/image\/","url":"https:\/\/leatai.com\/wp-content\/uploads\/logo-blue.png","contentUrl":"https:\/\/leatai.com\/wp-content\/uploads\/logo-blue.png","width":230,"height":60,"caption":"Leatai Diary, customized journal and business organizer"},"image":{"@id":"https:\/\/leatai.com\/pt-br\/#\/schema\/logo\/image\/"}}]}},"_links":{"self":[{"href":"https:\/\/leatai.com\/pt-br\/wp-json\/wp\/v2\/product\/230243","targetHints":{"allow":["GET"]}}],"collection":[{"href":"https:\/\/leatai.com\/pt-br\/wp-json\/wp\/v2\/product"}],"about":[{"href":"https:\/\/leatai.com\/pt-br\/wp-json\/wp\/v2\/types\/product"}],"wp:featuredmedia":[{"embeddable":true,"href":"https:\/\/leatai.com\/pt-br\/wp-json\/wp\/v2\/media\/230247"}],"wp:attachment":[{"href":"https:\/\/leatai.com\/pt-br\/wp-json\/wp\/v2\/media?parent=230243"}],"wp:term":[{"taxonomy":"product_brand","embeddable":true,"href":"https:\/\/leatai.com\/pt-br\/wp-json\/wp\/v2\/product_brand?post=230243"},{"taxonomy":"product_cat","embeddable":true,"href":"https:\/\/leatai.com\/pt-br\/wp-json\/wp\/v2\/product_cat?post=230243"},{"taxonomy":"product_tag","embeddable":true,"href":"https:\/\/leatai.com\/pt-br\/wp-json\/wp\/v2\/product_tag?post=230243"},{"taxonomy":"home_works","embeddable":true,"href":"https:\/\/leatai.com\/pt-br\/wp-json\/wp\/v2\/home_works?post=230243"}],"curies":[{"name":"wp","href":"https:\/\/api.w.org\/{rel}","templated":true}]}}