{"id":230136,"date":"2021-08-19T22:14:27","date_gmt":"2021-08-19T14:14:27","guid":{"rendered":"https:\/\/leatai.com\/product\/sem%20categoria\/gemi-tek\/"},"modified":"2025-11-05T17:04:09","modified_gmt":"2025-11-05T09:04:09","slug":"gemi-tek","status":"publish","type":"product","link":"https:\/\/leatai.com\/pt-br\/product\/varios-amostras-oem\/caderno-brochura-oem\/gemi-tek\/","title":{"rendered":"Gemi tek"},"content":{"rendered":"<p>Nome do cliente: Gemi Tek<br \/>\nTamanho do caso: 48K<br \/>\nModelo do caso: Caderno brochura (encaderna\u00e7\u00e3o flex\u00edvel)<br \/>\nEfeito do logotipo do caso: Hot stamping em prata<br \/>\nDestaques: Com foco em equipamentos de controle t\u00e9rmico para a ind\u00fastria de semicondutores, a empresa preza pela precis\u00e3o em cada opera\u00e7\u00e3o para alcan\u00e7ar as expectativas de seus clientes. O exterior simples reflete uma ess\u00eancia confi\u00e1vel e s\u00f3lida \u2014 um equil\u00edbrio entre funcionalidade e profissionalismo.<\/p>\n<p>&nbsp;<\/p>\n<p><strong>\ud83d\udcd6<\/strong>Todos os exemplos de personaliza\u00e7\u00e3o: <a href=\"https:\/\/leatai.com\/pt-br\/produto-tag\/oem-pt-br\/\" target=\"_blank\" rel=\"noopener\">Cadernos personalizados \/ Di\u00e1rios comerciais personalizados<\/a><br \/>\n<strong>\ud83d\udcd6<\/strong>Para produtos padr\u00e3o de cadernos personalizados \/ di\u00e1rios comerciais, consulte:<br \/>\n<a href=\"https:\/\/leatai.com\/pt-br\/categoria-produto\/caderno-personalizado\/caderno-com-capa-dura\/\" target=\"_blank\" rel=\"noopener\">Caderno de capa dura \/ Di\u00e1rio comercial de capa dura<\/a><br \/>\n<a href=\"https:\/\/leatai.com\/pt-br\/categoria-produto\/caderno-personalizado\/caderno-de-folhas-soltas\/\" target=\"_blank\" rel=\"noopener\">Caderno de argolas \/ Di\u00e1rio comercial de argolas<\/a><br \/>\n<a href=\"https:\/\/leatai.com\/pt-br\/categoria-produto\/caderno-personalizado\/caderno-removivel\/\" target=\"_blank\" rel=\"noopener\">Caderno de argolas destac\u00e1vel \/ Di\u00e1rio comercial destac\u00e1vel<\/a><br \/>\n<a href=\"https:\/\/leatai.com\/pt-br\/categoria-produto\/caderno-personalizado\/caderno-brochura\/\" target=\"_blank\" rel=\"noopener\">Caderno de brochura \/ Di\u00e1rio comercial de brochura<\/a><br \/>\n<a href=\"https:\/\/leatai.com\/pt-br\/categoria-produto\/caderno-personalizado\/caderno-espiral\/\" target=\"_blank\" rel=\"noopener\">Caderno espiral \/ Di\u00e1rio comercial espiral<\/a><\/p>\n<p><strong><b>\ud83d\udcd6<\/b><\/strong>Para uma explica\u00e7\u00e3o completa dos tamanhos, consulte:<a href=\"https:\/\/leatai.com\/pt-br\/conhecimento-sobre-cadernos\/guia-de-tamanhos-de-papel-entendendo-tamanhos-comuns-como-b3-a4-b5-8k-16k-e-mais-um-grafico-de-tamanhos-abrangente-para-referencia-facil\/\" target=\"_blank\" rel=\"noopener\"> Guia de tamanhos de papel: como diferenciar B3, A4, B5, 8K, 16K e outros tamanhos comuns? Tabela de compara\u00e7\u00e3o de tamanhos de papel f\u00e1cil de entender!<\/a><\/p>\n","protected":false},"excerpt":{"rendered":"<p>Nome do cliente: Gemi Tek Tamanho do caso: 48K Modelo do caso: Caderno brochura (encaderna\u00e7\u00e3o flex\u00edvel) Efeito do logotipo do caso: Hot stamping em prata Destaques: Com foco em equipamentos de controle t\u00e9rmico para a ind\u00fastria de semicondutores, a empresa preza pela precis\u00e3o em cada opera\u00e7\u00e3o para alcan\u00e7ar as expectativas de seus clientes. O exterior [&hellip;]<\/p>\n","protected":false},"featured_media":230137,"template":"","meta":{"_acf_changed":false},"product_brand":[],"product_cat":[938],"product_tag":[1548],"home_works":[],"class_list":{"0":"post-230136","1":"product","2":"type-product","3":"status-publish","4":"has-post-thumbnail","6":"product_cat-caderno-brochura-oem","7":"product_tag-oem-pt-br","9":"first","10":"outofstock","11":"sold-individually","12":"shipping-taxable","13":"purchasable","14":"product-type-variable","15":"has-default-attributes"},"acf":[],"yoast_head":"<!-- This site is optimized with the Yoast SEO plugin v27.2 - https:\/\/yoast.com\/product\/yoast-seo-wordpress\/ -->\n<title>Gemi tek - Um exterior simples que revela uma ess\u00eancia confi\u00e1vel. - Leatai \u2013 Fabricante de cadernos personalizados<\/title>\n<meta name=\"description\" content=\"Caso OEM: Gemi Tek Estilo: Caderno brochura (encaderna\u00e7\u00e3o flex\u00edvel) Tamanho: 48K Destaques: Especializada em equipamentos de controle t\u00e9rmico para a ind\u00fastria de semicondutores, a empresa valoriza a precis\u00e3o em cada etapa do processo para atingir as metas de seus clientes. Seu design simples reflete uma ess\u00eancia s\u00f3lida e confi\u00e1vel, simbolizando profissionalismo e comprometimento com a excel\u00eancia.\" \/>\n<meta name=\"robots\" content=\"index, follow, max-snippet:-1, max-image-preview:large, max-video-preview:-1\" \/>\n<link rel=\"canonical\" href=\"https:\/\/leatai.com\/pt-br\/product\/varios-amostras-oem\/caderno-brochura-oem\/gemi-tek\/\" \/>\n<meta property=\"og:locale\" content=\"pt_BR\" \/>\n<meta property=\"og:type\" content=\"article\" \/>\n<meta property=\"og:title\" content=\"Gemi tek - Um exterior simples que revela uma ess\u00eancia confi\u00e1vel. - Leatai \u2013 Fabricante de cadernos personalizados\" \/>\n<meta property=\"og:description\" content=\"Caso OEM: Gemi Tek Estilo: Caderno brochura (encaderna\u00e7\u00e3o flex\u00edvel) Tamanho: 48K Destaques: Especializada em equipamentos de controle t\u00e9rmico para a ind\u00fastria de semicondutores, a empresa valoriza a precis\u00e3o em cada etapa do processo para atingir as metas de seus clientes. Seu design simples reflete uma ess\u00eancia s\u00f3lida e confi\u00e1vel, simbolizando profissionalismo e comprometimento com a excel\u00eancia.\" \/>\n<meta property=\"og:url\" content=\"https:\/\/leatai.com\/pt-br\/product\/varios-amostras-oem\/caderno-brochura-oem\/gemi-tek\/\" \/>\n<meta property=\"og:site_name\" content=\"Leatai \u2013 Fabricante de cadernos personalizados\" \/>\n<meta property=\"article:modified_time\" content=\"2025-11-05T09:04:09+00:00\" \/>\n<meta property=\"og:image\" content=\"https:\/\/leatai.com\/wp-content\/uploads\/1-24.jpg\" \/>\n\t<meta property=\"og:image:width\" content=\"1000\" \/>\n\t<meta property=\"og:image:height\" content=\"750\" \/>\n\t<meta property=\"og:image:type\" content=\"image\/jpeg\" \/>\n<meta name=\"twitter:card\" content=\"summary_large_image\" \/>\n<meta name=\"twitter:label1\" content=\"Est. tempo de leitura\" \/>\n\t<meta name=\"twitter:data1\" content=\"2 minutos\" \/>\n<script type=\"application\/ld+json\" class=\"yoast-schema-graph\">{\"@context\":\"https:\/\/schema.org\",\"@graph\":[{\"@type\":\"WebPage\",\"@id\":\"https:\/\/leatai.com\/pt-br\/product\/varios-amostras-oem\/caderno-brochura-oem\/gemi-tek\/\",\"url\":\"https:\/\/leatai.com\/pt-br\/product\/varios-amostras-oem\/caderno-brochura-oem\/gemi-tek\/\",\"name\":\"Gemi tek - Um exterior simples que revela uma ess\u00eancia confi\u00e1vel. - Leatai \u2013 Fabricante de cadernos personalizados\",\"isPartOf\":{\"@id\":\"https:\/\/leatai.com\/pt-br\/#website\"},\"primaryImageOfPage\":{\"@id\":\"https:\/\/leatai.com\/pt-br\/product\/varios-amostras-oem\/caderno-brochura-oem\/gemi-tek\/#primaryimage\"},\"image\":{\"@id\":\"https:\/\/leatai.com\/pt-br\/product\/varios-amostras-oem\/caderno-brochura-oem\/gemi-tek\/#primaryimage\"},\"thumbnailUrl\":\"https:\/\/leatai.com\/wp-content\/uploads\/1-24.jpg\",\"datePublished\":\"2021-08-19T14:14:27+00:00\",\"dateModified\":\"2025-11-05T09:04:09+00:00\",\"description\":\"Caso OEM: Gemi Tek Estilo: Caderno brochura (encaderna\u00e7\u00e3o flex\u00edvel) Tamanho: 48K Destaques: Especializada em equipamentos de controle t\u00e9rmico para a ind\u00fastria de semicondutores, a empresa valoriza a precis\u00e3o em cada etapa do processo para atingir as metas de seus clientes. Seu design simples reflete uma ess\u00eancia s\u00f3lida e confi\u00e1vel, simbolizando profissionalismo e comprometimento com a excel\u00eancia.\",\"breadcrumb\":{\"@id\":\"https:\/\/leatai.com\/pt-br\/product\/varios-amostras-oem\/caderno-brochura-oem\/gemi-tek\/#breadcrumb\"},\"inLanguage\":\"pt-BR\",\"potentialAction\":[{\"@type\":\"ReadAction\",\"target\":[\"https:\/\/leatai.com\/pt-br\/product\/varios-amostras-oem\/caderno-brochura-oem\/gemi-tek\/\"]}]},{\"@type\":\"ImageObject\",\"inLanguage\":\"pt-BR\",\"@id\":\"https:\/\/leatai.com\/pt-br\/product\/varios-amostras-oem\/caderno-brochura-oem\/gemi-tek\/#primaryimage\",\"url\":\"https:\/\/leatai.com\/wp-content\/uploads\/1-24.jpg\",\"contentUrl\":\"https:\/\/leatai.com\/wp-content\/uploads\/1-24.jpg\",\"width\":1000,\"height\":750,\"caption\":\"Caderno de brochura\"},{\"@type\":\"BreadcrumbList\",\"@id\":\"https:\/\/leatai.com\/pt-br\/product\/varios-amostras-oem\/caderno-brochura-oem\/gemi-tek\/#breadcrumb\",\"itemListElement\":[{\"@type\":\"ListItem\",\"position\":1,\"name\":\"Home\",\"item\":\"https:\/\/leatai.com\/pt-br\/\"},{\"@type\":\"ListItem\",\"position\":2,\"name\":\"Apresenta\u00e7\u00e3o de produtos\",\"item\":\"https:\/\/leatai.com\/products\/\"},{\"@type\":\"ListItem\",\"position\":3,\"name\":\"V\u00e1rios Amostras OEM\",\"item\":\"https:\/\/leatai.com\/pt-br\/categoria-produto\/varios-amostras-oem\/\"},{\"@type\":\"ListItem\",\"position\":4,\"name\":\"Caderno Brochura OEM\",\"item\":\"https:\/\/leatai.com\/pt-br\/categoria-produto\/varios-amostras-oem\/caderno-brochura-oem\/\"},{\"@type\":\"ListItem\",\"position\":5,\"name\":\"Gemi tek\"}]},{\"@type\":\"WebSite\",\"@id\":\"https:\/\/leatai.com\/pt-br\/#website\",\"url\":\"https:\/\/leatai.com\/pt-br\/\",\"name\":\"Leatai \u2013 Fabricante de cadernos personalizados\",\"description\":\"A Leatai fornece cadernos e planejadores personalizados para marcas e distribuidores em todo o mundo.\",\"publisher\":{\"@id\":\"https:\/\/leatai.com\/pt-br\/#organization\"},\"potentialAction\":[{\"@type\":\"SearchAction\",\"target\":{\"@type\":\"EntryPoint\",\"urlTemplate\":\"https:\/\/leatai.com\/pt-br\/?s={search_term_string}\"},\"query-input\":{\"@type\":\"PropertyValueSpecification\",\"valueRequired\":true,\"valueName\":\"search_term_string\"}}],\"inLanguage\":\"pt-BR\"},{\"@type\":\"Organization\",\"@id\":\"https:\/\/leatai.com\/pt-br\/#organization\",\"name\":\"Leatai Diary, customized journal and business organizer\",\"url\":\"https:\/\/leatai.com\/pt-br\/\",\"logo\":{\"@type\":\"ImageObject\",\"inLanguage\":\"pt-BR\",\"@id\":\"https:\/\/leatai.com\/pt-br\/#\/schema\/logo\/image\/\",\"url\":\"https:\/\/leatai.com\/wp-content\/uploads\/logo-blue.png\",\"contentUrl\":\"https:\/\/leatai.com\/wp-content\/uploads\/logo-blue.png\",\"width\":230,\"height\":60,\"caption\":\"Leatai Diary, customized journal and business organizer\"},\"image\":{\"@id\":\"https:\/\/leatai.com\/pt-br\/#\/schema\/logo\/image\/\"}}]}<\/script>\n<!-- \/ Yoast SEO plugin. -->","yoast_head_json":{"title":"Gemi tek - Um exterior simples que revela uma ess\u00eancia confi\u00e1vel. - Leatai \u2013 Fabricante de cadernos personalizados","description":"Caso OEM: Gemi Tek Estilo: Caderno brochura (encaderna\u00e7\u00e3o flex\u00edvel) Tamanho: 48K Destaques: Especializada em equipamentos de controle t\u00e9rmico para a ind\u00fastria de semicondutores, a empresa valoriza a precis\u00e3o em cada etapa do processo para atingir as metas de seus clientes. Seu design simples reflete uma ess\u00eancia s\u00f3lida e confi\u00e1vel, simbolizando profissionalismo e comprometimento com a excel\u00eancia.","robots":{"index":"index","follow":"follow","max-snippet":"max-snippet:-1","max-image-preview":"max-image-preview:large","max-video-preview":"max-video-preview:-1"},"canonical":"https:\/\/leatai.com\/pt-br\/product\/varios-amostras-oem\/caderno-brochura-oem\/gemi-tek\/","og_locale":"pt_BR","og_type":"article","og_title":"Gemi tek - Um exterior simples que revela uma ess\u00eancia confi\u00e1vel. - Leatai \u2013 Fabricante de cadernos personalizados","og_description":"Caso OEM: Gemi Tek Estilo: Caderno brochura (encaderna\u00e7\u00e3o flex\u00edvel) Tamanho: 48K Destaques: Especializada em equipamentos de controle t\u00e9rmico para a ind\u00fastria de semicondutores, a empresa valoriza a precis\u00e3o em cada etapa do processo para atingir as metas de seus clientes. Seu design simples reflete uma ess\u00eancia s\u00f3lida e confi\u00e1vel, simbolizando profissionalismo e comprometimento com a excel\u00eancia.","og_url":"https:\/\/leatai.com\/pt-br\/product\/varios-amostras-oem\/caderno-brochura-oem\/gemi-tek\/","og_site_name":"Leatai \u2013 Fabricante de cadernos personalizados","article_modified_time":"2025-11-05T09:04:09+00:00","og_image":[{"width":1000,"height":750,"url":"https:\/\/leatai.com\/wp-content\/uploads\/1-24.jpg","type":"image\/jpeg"}],"twitter_card":"summary_large_image","twitter_misc":{"Est. tempo de leitura":"2 minutos"},"schema":{"@context":"https:\/\/schema.org","@graph":[{"@type":"WebPage","@id":"https:\/\/leatai.com\/pt-br\/product\/varios-amostras-oem\/caderno-brochura-oem\/gemi-tek\/","url":"https:\/\/leatai.com\/pt-br\/product\/varios-amostras-oem\/caderno-brochura-oem\/gemi-tek\/","name":"Gemi tek - Um exterior simples que revela uma ess\u00eancia confi\u00e1vel. - Leatai \u2013 Fabricante de cadernos personalizados","isPartOf":{"@id":"https:\/\/leatai.com\/pt-br\/#website"},"primaryImageOfPage":{"@id":"https:\/\/leatai.com\/pt-br\/product\/varios-amostras-oem\/caderno-brochura-oem\/gemi-tek\/#primaryimage"},"image":{"@id":"https:\/\/leatai.com\/pt-br\/product\/varios-amostras-oem\/caderno-brochura-oem\/gemi-tek\/#primaryimage"},"thumbnailUrl":"https:\/\/leatai.com\/wp-content\/uploads\/1-24.jpg","datePublished":"2021-08-19T14:14:27+00:00","dateModified":"2025-11-05T09:04:09+00:00","description":"Caso OEM: Gemi Tek Estilo: Caderno brochura (encaderna\u00e7\u00e3o flex\u00edvel) Tamanho: 48K Destaques: Especializada em equipamentos de controle t\u00e9rmico para a ind\u00fastria de semicondutores, a empresa valoriza a precis\u00e3o em cada etapa do processo para atingir as metas de seus clientes. Seu design simples reflete uma ess\u00eancia s\u00f3lida e confi\u00e1vel, simbolizando profissionalismo e comprometimento com a excel\u00eancia.","breadcrumb":{"@id":"https:\/\/leatai.com\/pt-br\/product\/varios-amostras-oem\/caderno-brochura-oem\/gemi-tek\/#breadcrumb"},"inLanguage":"pt-BR","potentialAction":[{"@type":"ReadAction","target":["https:\/\/leatai.com\/pt-br\/product\/varios-amostras-oem\/caderno-brochura-oem\/gemi-tek\/"]}]},{"@type":"ImageObject","inLanguage":"pt-BR","@id":"https:\/\/leatai.com\/pt-br\/product\/varios-amostras-oem\/caderno-brochura-oem\/gemi-tek\/#primaryimage","url":"https:\/\/leatai.com\/wp-content\/uploads\/1-24.jpg","contentUrl":"https:\/\/leatai.com\/wp-content\/uploads\/1-24.jpg","width":1000,"height":750,"caption":"Caderno de brochura"},{"@type":"BreadcrumbList","@id":"https:\/\/leatai.com\/pt-br\/product\/varios-amostras-oem\/caderno-brochura-oem\/gemi-tek\/#breadcrumb","itemListElement":[{"@type":"ListItem","position":1,"name":"Home","item":"https:\/\/leatai.com\/pt-br\/"},{"@type":"ListItem","position":2,"name":"Apresenta\u00e7\u00e3o de produtos","item":"https:\/\/leatai.com\/products\/"},{"@type":"ListItem","position":3,"name":"V\u00e1rios Amostras OEM","item":"https:\/\/leatai.com\/pt-br\/categoria-produto\/varios-amostras-oem\/"},{"@type":"ListItem","position":4,"name":"Caderno Brochura OEM","item":"https:\/\/leatai.com\/pt-br\/categoria-produto\/varios-amostras-oem\/caderno-brochura-oem\/"},{"@type":"ListItem","position":5,"name":"Gemi tek"}]},{"@type":"WebSite","@id":"https:\/\/leatai.com\/pt-br\/#website","url":"https:\/\/leatai.com\/pt-br\/","name":"Leatai \u2013 Fabricante de cadernos personalizados","description":"A Leatai fornece cadernos e planejadores personalizados para marcas e distribuidores em todo o mundo.","publisher":{"@id":"https:\/\/leatai.com\/pt-br\/#organization"},"potentialAction":[{"@type":"SearchAction","target":{"@type":"EntryPoint","urlTemplate":"https:\/\/leatai.com\/pt-br\/?s={search_term_string}"},"query-input":{"@type":"PropertyValueSpecification","valueRequired":true,"valueName":"search_term_string"}}],"inLanguage":"pt-BR"},{"@type":"Organization","@id":"https:\/\/leatai.com\/pt-br\/#organization","name":"Leatai Diary, customized journal and business organizer","url":"https:\/\/leatai.com\/pt-br\/","logo":{"@type":"ImageObject","inLanguage":"pt-BR","@id":"https:\/\/leatai.com\/pt-br\/#\/schema\/logo\/image\/","url":"https:\/\/leatai.com\/wp-content\/uploads\/logo-blue.png","contentUrl":"https:\/\/leatai.com\/wp-content\/uploads\/logo-blue.png","width":230,"height":60,"caption":"Leatai Diary, customized journal and business organizer"},"image":{"@id":"https:\/\/leatai.com\/pt-br\/#\/schema\/logo\/image\/"}}]}},"_links":{"self":[{"href":"https:\/\/leatai.com\/pt-br\/wp-json\/wp\/v2\/product\/230136","targetHints":{"allow":["GET"]}}],"collection":[{"href":"https:\/\/leatai.com\/pt-br\/wp-json\/wp\/v2\/product"}],"about":[{"href":"https:\/\/leatai.com\/pt-br\/wp-json\/wp\/v2\/types\/product"}],"wp:featuredmedia":[{"embeddable":true,"href":"https:\/\/leatai.com\/pt-br\/wp-json\/wp\/v2\/media\/230137"}],"wp:attachment":[{"href":"https:\/\/leatai.com\/pt-br\/wp-json\/wp\/v2\/media?parent=230136"}],"wp:term":[{"taxonomy":"product_brand","embeddable":true,"href":"https:\/\/leatai.com\/pt-br\/wp-json\/wp\/v2\/product_brand?post=230136"},{"taxonomy":"product_cat","embeddable":true,"href":"https:\/\/leatai.com\/pt-br\/wp-json\/wp\/v2\/product_cat?post=230136"},{"taxonomy":"product_tag","embeddable":true,"href":"https:\/\/leatai.com\/pt-br\/wp-json\/wp\/v2\/product_tag?post=230136"},{"taxonomy":"home_works","embeddable":true,"href":"https:\/\/leatai.com\/pt-br\/wp-json\/wp\/v2\/home_works?post=230136"}],"curies":[{"name":"wp","href":"https:\/\/api.w.org\/{rel}","templated":true}]}}