{"id":188833,"date":"2025-04-20T16:47:55","date_gmt":"2025-04-20T08:47:55","guid":{"rendered":"https:\/\/leatai.com\/?post_type=product&#038;p=188833"},"modified":"2025-11-03T16:11:44","modified_gmt":"2025-11-03T08:11:44","slug":"lady-flavor","status":"publish","type":"product","link":"https:\/\/leatai.com\/pt-br\/product\/varios-amostras-oem\/calendario-oem-pt-br\/lady-flavor\/","title":{"rendered":"Lady Flavor"},"content":{"rendered":"<p>Empresa: Lady Flavor<br \/>\nTamanho: Tamanho personalizado<br \/>\nItem: Calend\u00e1rio personalizado<br \/>\nProcessamento do logotipo: Impress\u00e3o<br \/>\nDescri\u00e7\u00e3o: Lady Flavor captura os momentos suaves da vida com gatos atrav\u00e9s de uma lente calorosa e sens\u00edvel, contando hist\u00f3rias por meio de suas cria\u00e7\u00f5es culin\u00e1rias. Ela criou um universo \u00fanico que combina o cotidiano com uma sensa\u00e7\u00e3o de cura. O mini calend\u00e1rio personalizado que ela desenhou possui um encanto pr\u00f3prio e distinto.<\/p>\n<p>&nbsp;<\/p>\n<p><strong>\ud83d\udcd6<\/strong>Todos os exemplos de personaliza\u00e7\u00e3o: <a href=\"https:\/\/leatai.com\/pt-br\/produto-tag\/oem-pt-br\/\" target=\"_blank\" rel=\"noopener\">Cadernos personalizados \/ Di\u00e1rios comerciais personalizados<\/a><br \/>\n<strong>\ud83d\udcd6<\/strong>Para produtos padr\u00e3o de cadernos personalizados \/ di\u00e1rios comerciais, consulte:<br \/>\n<a href=\"https:\/\/leatai.com\/pt-br\/categoria-produto\/caderno-personalizado\/caderno-com-capa-dura\/\" target=\"_blank\" rel=\"noopener\">Caderno de capa dura \/ Di\u00e1rio comercial de capa dura<\/a><br \/>\n<a href=\"https:\/\/leatai.com\/pt-br\/categoria-produto\/caderno-personalizado\/caderno-de-folhas-soltas\/\" target=\"_blank\" rel=\"noopener\">Caderno de argolas \/ Di\u00e1rio comercial de argolas<\/a><br \/>\n<a href=\"https:\/\/leatai.com\/pt-br\/categoria-produto\/caderno-personalizado\/caderno-removivel\/\" target=\"_blank\" rel=\"noopener\">Caderno de argolas destac\u00e1vel \/ Di\u00e1rio comercial destac\u00e1vel<\/a><br \/>\n<a href=\"https:\/\/leatai.com\/pt-br\/categoria-produto\/caderno-personalizado\/caderno-brochura\/\" target=\"_blank\" rel=\"noopener\">Caderno de brochura \/ Di\u00e1rio comercial de brochura<\/a><br \/>\n<a href=\"https:\/\/leatai.com\/pt-br\/categoria-produto\/caderno-personalizado\/caderno-espiral\/\" target=\"_blank\" rel=\"noopener\">Caderno espiral \/ Di\u00e1rio comercial espiral<\/a><\/p>\n<p><strong><b>\ud83d\udcd6<\/b><\/strong>Para uma explica\u00e7\u00e3o completa dos tamanhos, consulte:<a href=\"https:\/\/leatai.com\/pt-br\/conhecimento-sobre-cadernos\/guia-de-tamanhos-de-papel-entendendo-tamanhos-comuns-como-b3-a4-b5-8k-16k-e-mais-um-grafico-de-tamanhos-abrangente-para-referencia-facil\/\" target=\"_blank\" rel=\"noopener\"> Guia de tamanhos de papel: como diferenciar B3, A4, B5, 8K, 16K e outros tamanhos comuns? Tabela de compara\u00e7\u00e3o de tamanhos de papel f\u00e1cil de entender!<\/a><\/p>\n","protected":false},"excerpt":{"rendered":"<p>Empresa: Lady Flavor Tamanho: Tamanho personalizado Item: Calend\u00e1rio personalizado Processamento do logotipo: Impress\u00e3o Descri\u00e7\u00e3o: Lady Flavor captura os momentos suaves da vida com gatos atrav\u00e9s de uma lente calorosa e sens\u00edvel, contando hist\u00f3rias por meio de suas cria\u00e7\u00f5es culin\u00e1rias. Ela criou um universo \u00fanico que combina o cotidiano com uma sensa\u00e7\u00e3o de cura. O mini [&hellip;]<\/p>\n","protected":false},"featured_media":188074,"template":"","meta":{"_acf_changed":false},"product_brand":[],"product_cat":[964],"product_tag":[1548],"home_works":[],"class_list":{"0":"post-188833","1":"product","2":"type-product","3":"status-publish","4":"has-post-thumbnail","6":"product_cat-calendario-oem-pt-br","7":"product_tag-oem-pt-br","9":"first","10":"instock","11":"sold-individually","12":"shipping-taxable","13":"purchasable","14":"product-type-variable"},"acf":[],"yoast_head":"<!-- This site is optimized with the Yoast SEO plugin v27.2 - https:\/\/yoast.com\/product\/yoast-seo-wordpress\/ -->\n<title>Lady Flavor - Leatai \u2013 Fabricante de cadernos personalizados<\/title>\n<meta name=\"description\" content=\"Empresa: Lady FlavorTamanho: Tamanho personalizadoItem: Calend\u00e1rio personalizadoProcessamento do logotipo: Impress\u00e3oDescri\u00e7\u00e3o: Lady Flavor captura os momentos delicados da vida com gatos atrav\u00e9s de uma lente calorosa e atenciosa, contando hist\u00f3rias por meio de suas cria\u00e7\u00f5es culin\u00e1rias. Ela criou um universo \u00fanico que combina o cotidiano com uma sensa\u00e7\u00e3o de bem-estar. O mini calend\u00e1rio personalizado que ela projetou possui um charme distinto e singular.\" \/>\n<meta name=\"robots\" content=\"index, follow, max-snippet:-1, max-image-preview:large, max-video-preview:-1\" \/>\n<link rel=\"canonical\" href=\"https:\/\/leatai.com\/pt-br\/product\/varios-amostras-oem\/calendario-oem-pt-br\/lady-flavor\/\" \/>\n<meta property=\"og:locale\" content=\"pt_BR\" \/>\n<meta property=\"og:type\" content=\"article\" \/>\n<meta property=\"og:title\" content=\"Lady Flavor - Leatai \u2013 Fabricante de cadernos personalizados\" \/>\n<meta property=\"og:description\" content=\"Empresa: Lady FlavorTamanho: Tamanho personalizadoItem: Calend\u00e1rio personalizadoProcessamento do logotipo: Impress\u00e3oDescri\u00e7\u00e3o: Lady Flavor captura os momentos delicados da vida com gatos atrav\u00e9s de uma lente calorosa e atenciosa, contando hist\u00f3rias por meio de suas cria\u00e7\u00f5es culin\u00e1rias. Ela criou um universo \u00fanico que combina o cotidiano com uma sensa\u00e7\u00e3o de bem-estar. O mini calend\u00e1rio personalizado que ela projetou possui um charme distinto e singular.\" \/>\n<meta property=\"og:url\" content=\"https:\/\/leatai.com\/pt-br\/product\/varios-amostras-oem\/calendario-oem-pt-br\/lady-flavor\/\" \/>\n<meta property=\"og:site_name\" content=\"Leatai \u2013 Fabricante de cadernos personalizados\" \/>\n<meta property=\"article:modified_time\" content=\"2025-11-03T08:11:44+00:00\" \/>\n<meta property=\"og:image\" content=\"https:\/\/leatai.com\/wp-content\/uploads\/DSC_2992.jpg\" \/>\n\t<meta property=\"og:image:width\" content=\"1000\" \/>\n\t<meta property=\"og:image:height\" content=\"750\" \/>\n\t<meta property=\"og:image:type\" content=\"image\/jpeg\" \/>\n<meta name=\"twitter:card\" content=\"summary_large_image\" \/>\n<meta name=\"twitter:label1\" content=\"Est. tempo de leitura\" \/>\n\t<meta name=\"twitter:data1\" content=\"2 minutos\" \/>\n<script type=\"application\/ld+json\" class=\"yoast-schema-graph\">{\"@context\":\"https:\/\/schema.org\",\"@graph\":[{\"@type\":\"WebPage\",\"@id\":\"https:\/\/leatai.com\/pt-br\/product\/varios-amostras-oem\/calendario-oem-pt-br\/lady-flavor\/\",\"url\":\"https:\/\/leatai.com\/pt-br\/product\/varios-amostras-oem\/calendario-oem-pt-br\/lady-flavor\/\",\"name\":\"Lady Flavor - Leatai \u2013 Fabricante de cadernos personalizados\",\"isPartOf\":{\"@id\":\"https:\/\/leatai.com\/pt-br\/#website\"},\"primaryImageOfPage\":{\"@id\":\"https:\/\/leatai.com\/pt-br\/product\/varios-amostras-oem\/calendario-oem-pt-br\/lady-flavor\/#primaryimage\"},\"image\":{\"@id\":\"https:\/\/leatai.com\/pt-br\/product\/varios-amostras-oem\/calendario-oem-pt-br\/lady-flavor\/#primaryimage\"},\"thumbnailUrl\":\"https:\/\/leatai.com\/wp-content\/uploads\/DSC_2992.jpg\",\"datePublished\":\"2025-04-20T08:47:55+00:00\",\"dateModified\":\"2025-11-03T08:11:44+00:00\",\"description\":\"Empresa: Lady FlavorTamanho: Tamanho personalizadoItem: Calend\u00e1rio personalizadoProcessamento do logotipo: Impress\u00e3oDescri\u00e7\u00e3o: Lady Flavor captura os momentos delicados da vida com gatos atrav\u00e9s de uma lente calorosa e atenciosa, contando hist\u00f3rias por meio de suas cria\u00e7\u00f5es culin\u00e1rias. Ela criou um universo \u00fanico que combina o cotidiano com uma sensa\u00e7\u00e3o de bem-estar. O mini calend\u00e1rio personalizado que ela projetou possui um charme distinto e singular.\",\"breadcrumb\":{\"@id\":\"https:\/\/leatai.com\/pt-br\/product\/varios-amostras-oem\/calendario-oem-pt-br\/lady-flavor\/#breadcrumb\"},\"inLanguage\":\"pt-BR\",\"potentialAction\":[{\"@type\":\"ReadAction\",\"target\":[\"https:\/\/leatai.com\/pt-br\/product\/varios-amostras-oem\/calendario-oem-pt-br\/lady-flavor\/\"]}]},{\"@type\":\"ImageObject\",\"inLanguage\":\"pt-BR\",\"@id\":\"https:\/\/leatai.com\/pt-br\/product\/varios-amostras-oem\/calendario-oem-pt-br\/lady-flavor\/#primaryimage\",\"url\":\"https:\/\/leatai.com\/wp-content\/uploads\/DSC_2992.jpg\",\"contentUrl\":\"https:\/\/leatai.com\/wp-content\/uploads\/DSC_2992.jpg\",\"width\":1000,\"height\":750,\"caption\":\"\u624b\u6495\u5c0f\u65e5\u66c6\"},{\"@type\":\"BreadcrumbList\",\"@id\":\"https:\/\/leatai.com\/pt-br\/product\/varios-amostras-oem\/calendario-oem-pt-br\/lady-flavor\/#breadcrumb\",\"itemListElement\":[{\"@type\":\"ListItem\",\"position\":1,\"name\":\"Home\",\"item\":\"https:\/\/leatai.com\/pt-br\/\"},{\"@type\":\"ListItem\",\"position\":2,\"name\":\"Apresenta\u00e7\u00e3o de produtos\",\"item\":\"https:\/\/leatai.com\/products\/\"},{\"@type\":\"ListItem\",\"position\":3,\"name\":\"V\u00e1rios Amostras OEM\",\"item\":\"https:\/\/leatai.com\/pt-br\/categoria-produto\/varios-amostras-oem\/\"},{\"@type\":\"ListItem\",\"position\":4,\"name\":\"Calend\u00e1rio-OEM\",\"item\":\"https:\/\/leatai.com\/pt-br\/categoria-produto\/varios-amostras-oem\/calendario-oem-pt-br\/\"},{\"@type\":\"ListItem\",\"position\":5,\"name\":\"Lady Flavor\"}]},{\"@type\":\"WebSite\",\"@id\":\"https:\/\/leatai.com\/pt-br\/#website\",\"url\":\"https:\/\/leatai.com\/pt-br\/\",\"name\":\"Leatai \u2013 Fabricante de cadernos personalizados\",\"description\":\"A Leatai fornece cadernos e planejadores personalizados para marcas e distribuidores em todo o mundo.\",\"publisher\":{\"@id\":\"https:\/\/leatai.com\/pt-br\/#organization\"},\"potentialAction\":[{\"@type\":\"SearchAction\",\"target\":{\"@type\":\"EntryPoint\",\"urlTemplate\":\"https:\/\/leatai.com\/pt-br\/?s={search_term_string}\"},\"query-input\":{\"@type\":\"PropertyValueSpecification\",\"valueRequired\":true,\"valueName\":\"search_term_string\"}}],\"inLanguage\":\"pt-BR\"},{\"@type\":\"Organization\",\"@id\":\"https:\/\/leatai.com\/pt-br\/#organization\",\"name\":\"Leatai Diary, customized journal and business organizer\",\"url\":\"https:\/\/leatai.com\/pt-br\/\",\"logo\":{\"@type\":\"ImageObject\",\"inLanguage\":\"pt-BR\",\"@id\":\"https:\/\/leatai.com\/pt-br\/#\/schema\/logo\/image\/\",\"url\":\"https:\/\/leatai.com\/wp-content\/uploads\/logo-blue.png\",\"contentUrl\":\"https:\/\/leatai.com\/wp-content\/uploads\/logo-blue.png\",\"width\":230,\"height\":60,\"caption\":\"Leatai Diary, customized journal and business organizer\"},\"image\":{\"@id\":\"https:\/\/leatai.com\/pt-br\/#\/schema\/logo\/image\/\"}}]}<\/script>\n<!-- \/ Yoast SEO plugin. -->","yoast_head_json":{"title":"Lady Flavor - Leatai \u2013 Fabricante de cadernos personalizados","description":"Empresa: Lady FlavorTamanho: Tamanho personalizadoItem: Calend\u00e1rio personalizadoProcessamento do logotipo: Impress\u00e3oDescri\u00e7\u00e3o: Lady Flavor captura os momentos delicados da vida com gatos atrav\u00e9s de uma lente calorosa e atenciosa, contando hist\u00f3rias por meio de suas cria\u00e7\u00f5es culin\u00e1rias. Ela criou um universo \u00fanico que combina o cotidiano com uma sensa\u00e7\u00e3o de bem-estar. O mini calend\u00e1rio personalizado que ela projetou possui um charme distinto e singular.","robots":{"index":"index","follow":"follow","max-snippet":"max-snippet:-1","max-image-preview":"max-image-preview:large","max-video-preview":"max-video-preview:-1"},"canonical":"https:\/\/leatai.com\/pt-br\/product\/varios-amostras-oem\/calendario-oem-pt-br\/lady-flavor\/","og_locale":"pt_BR","og_type":"article","og_title":"Lady Flavor - Leatai \u2013 Fabricante de cadernos personalizados","og_description":"Empresa: Lady FlavorTamanho: Tamanho personalizadoItem: Calend\u00e1rio personalizadoProcessamento do logotipo: Impress\u00e3oDescri\u00e7\u00e3o: Lady Flavor captura os momentos delicados da vida com gatos atrav\u00e9s de uma lente calorosa e atenciosa, contando hist\u00f3rias por meio de suas cria\u00e7\u00f5es culin\u00e1rias. Ela criou um universo \u00fanico que combina o cotidiano com uma sensa\u00e7\u00e3o de bem-estar. O mini calend\u00e1rio personalizado que ela projetou possui um charme distinto e singular.","og_url":"https:\/\/leatai.com\/pt-br\/product\/varios-amostras-oem\/calendario-oem-pt-br\/lady-flavor\/","og_site_name":"Leatai \u2013 Fabricante de cadernos personalizados","article_modified_time":"2025-11-03T08:11:44+00:00","og_image":[{"width":1000,"height":750,"url":"https:\/\/leatai.com\/wp-content\/uploads\/DSC_2992.jpg","type":"image\/jpeg"}],"twitter_card":"summary_large_image","twitter_misc":{"Est. tempo de leitura":"2 minutos"},"schema":{"@context":"https:\/\/schema.org","@graph":[{"@type":"WebPage","@id":"https:\/\/leatai.com\/pt-br\/product\/varios-amostras-oem\/calendario-oem-pt-br\/lady-flavor\/","url":"https:\/\/leatai.com\/pt-br\/product\/varios-amostras-oem\/calendario-oem-pt-br\/lady-flavor\/","name":"Lady Flavor - Leatai \u2013 Fabricante de cadernos personalizados","isPartOf":{"@id":"https:\/\/leatai.com\/pt-br\/#website"},"primaryImageOfPage":{"@id":"https:\/\/leatai.com\/pt-br\/product\/varios-amostras-oem\/calendario-oem-pt-br\/lady-flavor\/#primaryimage"},"image":{"@id":"https:\/\/leatai.com\/pt-br\/product\/varios-amostras-oem\/calendario-oem-pt-br\/lady-flavor\/#primaryimage"},"thumbnailUrl":"https:\/\/leatai.com\/wp-content\/uploads\/DSC_2992.jpg","datePublished":"2025-04-20T08:47:55+00:00","dateModified":"2025-11-03T08:11:44+00:00","description":"Empresa: Lady FlavorTamanho: Tamanho personalizadoItem: Calend\u00e1rio personalizadoProcessamento do logotipo: Impress\u00e3oDescri\u00e7\u00e3o: Lady Flavor captura os momentos delicados da vida com gatos atrav\u00e9s de uma lente calorosa e atenciosa, contando hist\u00f3rias por meio de suas cria\u00e7\u00f5es culin\u00e1rias. Ela criou um universo \u00fanico que combina o cotidiano com uma sensa\u00e7\u00e3o de bem-estar. O mini calend\u00e1rio personalizado que ela projetou possui um charme distinto e singular.","breadcrumb":{"@id":"https:\/\/leatai.com\/pt-br\/product\/varios-amostras-oem\/calendario-oem-pt-br\/lady-flavor\/#breadcrumb"},"inLanguage":"pt-BR","potentialAction":[{"@type":"ReadAction","target":["https:\/\/leatai.com\/pt-br\/product\/varios-amostras-oem\/calendario-oem-pt-br\/lady-flavor\/"]}]},{"@type":"ImageObject","inLanguage":"pt-BR","@id":"https:\/\/leatai.com\/pt-br\/product\/varios-amostras-oem\/calendario-oem-pt-br\/lady-flavor\/#primaryimage","url":"https:\/\/leatai.com\/wp-content\/uploads\/DSC_2992.jpg","contentUrl":"https:\/\/leatai.com\/wp-content\/uploads\/DSC_2992.jpg","width":1000,"height":750,"caption":"\u624b\u6495\u5c0f\u65e5\u66c6"},{"@type":"BreadcrumbList","@id":"https:\/\/leatai.com\/pt-br\/product\/varios-amostras-oem\/calendario-oem-pt-br\/lady-flavor\/#breadcrumb","itemListElement":[{"@type":"ListItem","position":1,"name":"Home","item":"https:\/\/leatai.com\/pt-br\/"},{"@type":"ListItem","position":2,"name":"Apresenta\u00e7\u00e3o de produtos","item":"https:\/\/leatai.com\/products\/"},{"@type":"ListItem","position":3,"name":"V\u00e1rios Amostras OEM","item":"https:\/\/leatai.com\/pt-br\/categoria-produto\/varios-amostras-oem\/"},{"@type":"ListItem","position":4,"name":"Calend\u00e1rio-OEM","item":"https:\/\/leatai.com\/pt-br\/categoria-produto\/varios-amostras-oem\/calendario-oem-pt-br\/"},{"@type":"ListItem","position":5,"name":"Lady Flavor"}]},{"@type":"WebSite","@id":"https:\/\/leatai.com\/pt-br\/#website","url":"https:\/\/leatai.com\/pt-br\/","name":"Leatai \u2013 Fabricante de cadernos personalizados","description":"A Leatai fornece cadernos e planejadores personalizados para marcas e distribuidores em todo o mundo.","publisher":{"@id":"https:\/\/leatai.com\/pt-br\/#organization"},"potentialAction":[{"@type":"SearchAction","target":{"@type":"EntryPoint","urlTemplate":"https:\/\/leatai.com\/pt-br\/?s={search_term_string}"},"query-input":{"@type":"PropertyValueSpecification","valueRequired":true,"valueName":"search_term_string"}}],"inLanguage":"pt-BR"},{"@type":"Organization","@id":"https:\/\/leatai.com\/pt-br\/#organization","name":"Leatai Diary, customized journal and business organizer","url":"https:\/\/leatai.com\/pt-br\/","logo":{"@type":"ImageObject","inLanguage":"pt-BR","@id":"https:\/\/leatai.com\/pt-br\/#\/schema\/logo\/image\/","url":"https:\/\/leatai.com\/wp-content\/uploads\/logo-blue.png","contentUrl":"https:\/\/leatai.com\/wp-content\/uploads\/logo-blue.png","width":230,"height":60,"caption":"Leatai Diary, customized journal and business organizer"},"image":{"@id":"https:\/\/leatai.com\/pt-br\/#\/schema\/logo\/image\/"}}]}},"_links":{"self":[{"href":"https:\/\/leatai.com\/pt-br\/wp-json\/wp\/v2\/product\/188833","targetHints":{"allow":["GET"]}}],"collection":[{"href":"https:\/\/leatai.com\/pt-br\/wp-json\/wp\/v2\/product"}],"about":[{"href":"https:\/\/leatai.com\/pt-br\/wp-json\/wp\/v2\/types\/product"}],"wp:featuredmedia":[{"embeddable":true,"href":"https:\/\/leatai.com\/pt-br\/wp-json\/wp\/v2\/media\/188074"}],"wp:attachment":[{"href":"https:\/\/leatai.com\/pt-br\/wp-json\/wp\/v2\/media?parent=188833"}],"wp:term":[{"taxonomy":"product_brand","embeddable":true,"href":"https:\/\/leatai.com\/pt-br\/wp-json\/wp\/v2\/product_brand?post=188833"},{"taxonomy":"product_cat","embeddable":true,"href":"https:\/\/leatai.com\/pt-br\/wp-json\/wp\/v2\/product_cat?post=188833"},{"taxonomy":"product_tag","embeddable":true,"href":"https:\/\/leatai.com\/pt-br\/wp-json\/wp\/v2\/product_tag?post=188833"},{"taxonomy":"home_works","embeddable":true,"href":"https:\/\/leatai.com\/pt-br\/wp-json\/wp\/v2\/home_works?post=188833"}],"curies":[{"name":"wp","href":"https:\/\/api.w.org\/{rel}","templated":true}]}}