{"id":96691,"date":"2023-05-07T19:06:09","date_gmt":"2023-05-07T11:06:09","guid":{"rendered":"https:\/\/leatai.com\/product\/ukategorisert\/taiwans-famous-influencer-hook\/"},"modified":"2026-03-04T13:42:17","modified_gmt":"2026-03-04T05:42:17","slug":"taiwans-famous-influencer-hook","status":"publish","type":"product","link":"https:\/\/leatai.com\/no\/product\/ulike-oem-prover\/oem-kalender-no\/taiwans-famous-influencer-hook\/","title":{"rendered":"Taiwan\u2019s Famous Influencer Hook"},"content":{"rendered":"<p>Kundenavn: Taiwan\u2019s Famous Influencer Hook<br \/>\nSaksst\u00f8rrelse: Tilpasset st\u00f8rrelse<br \/>\nSakstype: Trykk og produksjon av liten rivekalender<br \/>\nLogoeffekt: Fargetrykk<\/p>\n<p>N\u00f8kkelfunksjoner:<br \/>\nDen kjente influenceren med millioner av f\u00f8lgere, HOOK, brukte lang tid p\u00e5 \u00e5 forberede produksjonen av rivekalenderen. Det var et sv\u00e6rt gjennomtenkt planlagt folkefinansieringsprodukt som oppn\u00e5dde en vanskelig overg\u00e5elig suksess p\u00e5 Zeczec-plattformen og ble avsluttet p\u00e5 en vellykket og perfekt m\u00e5te.<\/p>\n<p>\ud83d\udcd6For standardprodukter av tilpassede notatb\u00f8ker \/ forretningsplanleggere, vennligst se:<br \/>\n<a href=\"https:\/\/leatai.com\/no\/produktkategori\/tilpasset-notatbok\/innbundet-notatbok\/\" target=\"_blank\" rel=\"noopener\">Hardcover notatbok \/ Hardcover forretningsplanlegger<\/a><br \/>\n<a href=\"https:\/\/leatai.com\/no\/produktkategori\/tilpasset-notatbok\/loseblad-notatbok\/\" target=\"_blank\" rel=\"noopener\">Notatbok med l\u00f8se ark \/ Forretningsplanlegger med l\u00f8se ark<\/a><br \/>\n<a href=\"https:\/\/leatai.com\/no\/produktkategori\/tilpasset-notatbok\/avtakbar-notatbok\/\" target=\"_blank\" rel=\"noopener\">Uttakbar notatbok med l\u00f8se ark \/ Uttakbar forretningsplanlegger<\/a><br \/>\n<a href=\"https:\/\/leatai.com\/no\/produktkategori\/tilpasset-notatbok\/paperback-notatbok\/\" target=\"_blank\" rel=\"noopener\">Paperback notatbok \/ Paperback forretningsplanlegger<\/a><br \/>\n<a href=\"https:\/\/leatai.com\/no\/produktkategori\/tilpasset-notatbok\/spiral-notatbok\/\" target=\"_blank\" rel=\"noopener\">Spiralbundet notatbok \/ Spiralbundet forretningsplanlegger<\/a><\/p>\n<p>\ud83d\udcd6For fullstendig forklaring av papirst\u00f8rrelser, vennligst se: <a href=\"https:\/\/leatai.com\/no\/notatbokskunnskap\/papirstorrelsesguide-forsta-vanlige-storrelser-som-b3-a4-b5-8k-16k-og-mer-en-omfattende-storrelsesdiagram-for-enkel-referanse\/\" target=\"_blank\" rel=\"noopener\">Papirst\u00f8rrelsesguide: Hvordan skille mellom vanlige st\u00f8rrelser som B3, A4, B5, 8K, 16K? En oversikt over papirst\u00f8rrelser som er lett \u00e5 forst\u00e5!<\/a><\/p>\n","protected":false},"excerpt":{"rendered":"<p>Kundenavn: Taiwan\u2019s Famous Influencer Hook Saksst\u00f8rrelse: Tilpasset st\u00f8rrelse Sakstype: Trykk og produksjon av liten rivekalender Logoeffekt: Fargetrykk N\u00f8kkelfunksjoner: Den kjente influenceren med millioner av f\u00f8lgere, HOOK, brukte lang tid p\u00e5 \u00e5 forberede produksjonen av rivekalenderen. Det var et sv\u00e6rt gjennomtenkt planlagt folkefinansieringsprodukt som oppn\u00e5dde en vanskelig overg\u00e5elig suksess p\u00e5 Zeczec-plattformen og ble avsluttet p\u00e5 en [&hellip;]<\/p>\n","protected":false},"featured_media":96692,"template":"","meta":{"_acf_changed":false},"product_brand":[],"product_cat":[963],"product_tag":[1547],"home_works":[],"class_list":{"0":"post-96691","1":"product","2":"type-product","3":"status-publish","4":"has-post-thumbnail","6":"product_cat-oem-kalender-no","7":"product_tag-oem-no","9":"first","10":"instock","11":"sold-individually","12":"shipping-taxable","13":"purchasable","14":"product-type-variable","15":"has-default-attributes"},"acf":[],"yoast_head":"<!-- This site is optimized with the Yoast SEO plugin v27.2 - https:\/\/yoast.com\/product\/yoast-seo-wordpress\/ -->\n<title>Rivekalender | Every Day Want Shit \u2013 Popul\u00e6r folkefinansiert rivekalender med tilpasset trykk og produksjon - Leatai \u2013 Produsent av tilpassede notatb\u00f8ker<\/title>\n<meta name=\"description\" content=\"Utforsk Leatais h\u00f8ykvalitets tilpassede rivekalendere, trykk og produksjonstjenester. V\u00e5re kalendere har elegant design og materialer av h\u00f8y kvalitet, egnet for bedrifts\u00adtilpasning og personlig bruk. Velg den rivekalenderleverand\u00f8ren som passer deg best, og styrk ditt merkevareimage og din evne til daglig planlegging. Bes\u00f8k Leatais offisielle nettside n\u00e5 for \u00e5 l\u00e6re mer om rivekalendere og nyt en effektiv opplevelse for registrering og planlegging.\" \/>\n<meta name=\"robots\" content=\"index, follow, max-snippet:-1, max-image-preview:large, max-video-preview:-1\" \/>\n<link rel=\"canonical\" href=\"https:\/\/leatai.com\/no\/product\/ulike-oem-prover\/oem-kalender-no\/taiwans-famous-influencer-hook\/\" \/>\n<meta property=\"og:locale\" content=\"nb_NO\" \/>\n<meta property=\"og:type\" content=\"article\" \/>\n<meta property=\"og:title\" content=\"Rivekalender | Every Day Want Shit \u2013 Popul\u00e6r folkefinansiert rivekalender med tilpasset trykk og produksjon - Leatai \u2013 Produsent av tilpassede notatb\u00f8ker\" \/>\n<meta property=\"og:description\" content=\"Utforsk Leatais h\u00f8ykvalitets tilpassede rivekalendere, trykk og produksjonstjenester. V\u00e5re kalendere har elegant design og materialer av h\u00f8y kvalitet, egnet for bedrifts\u00adtilpasning og personlig bruk. Velg den rivekalenderleverand\u00f8ren som passer deg best, og styrk ditt merkevareimage og din evne til daglig planlegging. Bes\u00f8k Leatais offisielle nettside n\u00e5 for \u00e5 l\u00e6re mer om rivekalendere og nyt en effektiv opplevelse for registrering og planlegging.\" \/>\n<meta property=\"og:url\" content=\"https:\/\/leatai.com\/no\/product\/ulike-oem-prover\/oem-kalender-no\/taiwans-famous-influencer-hook\/\" \/>\n<meta property=\"og:site_name\" content=\"Leatai \u2013 Produsent av tilpassede notatb\u00f8ker\" \/>\n<meta property=\"article:modified_time\" content=\"2026-03-04T05:42:17+00:00\" \/>\n<meta property=\"og:image\" content=\"https:\/\/leatai.com\/wp-content\/uploads\/DSC_0156.jpg\" \/>\n\t<meta property=\"og:image:width\" content=\"1000\" \/>\n\t<meta property=\"og:image:height\" content=\"750\" \/>\n\t<meta property=\"og:image:type\" content=\"image\/jpeg\" \/>\n<meta name=\"twitter:card\" content=\"summary_large_image\" \/>\n<meta name=\"twitter:label1\" content=\"Ansl. lesetid\" \/>\n\t<meta name=\"twitter:data1\" content=\"1 minutt\" \/>\n<script type=\"application\/ld+json\" class=\"yoast-schema-graph\">{\"@context\":\"https:\/\/schema.org\",\"@graph\":[{\"@type\":\"WebPage\",\"@id\":\"https:\/\/leatai.com\/no\/product\/ulike-oem-prover\/oem-kalender-no\/taiwans-famous-influencer-hook\/\",\"url\":\"https:\/\/leatai.com\/no\/product\/ulike-oem-prover\/oem-kalender-no\/taiwans-famous-influencer-hook\/\",\"name\":\"Rivekalender | Every Day Want Shit \u2013 Popul\u00e6r folkefinansiert rivekalender med tilpasset trykk og produksjon - Leatai \u2013 Produsent av tilpassede notatb\u00f8ker\",\"isPartOf\":{\"@id\":\"https:\/\/leatai.com\/no\/#website\"},\"primaryImageOfPage\":{\"@id\":\"https:\/\/leatai.com\/no\/product\/ulike-oem-prover\/oem-kalender-no\/taiwans-famous-influencer-hook\/#primaryimage\"},\"image\":{\"@id\":\"https:\/\/leatai.com\/no\/product\/ulike-oem-prover\/oem-kalender-no\/taiwans-famous-influencer-hook\/#primaryimage\"},\"thumbnailUrl\":\"https:\/\/leatai.com\/wp-content\/uploads\/DSC_0156.jpg\",\"datePublished\":\"2023-05-07T11:06:09+00:00\",\"dateModified\":\"2026-03-04T05:42:17+00:00\",\"description\":\"Utforsk Leatais h\u00f8ykvalitets tilpassede rivekalendere, trykk og produksjonstjenester. V\u00e5re kalendere har elegant design og materialer av h\u00f8y kvalitet, egnet for bedrifts\u00adtilpasning og personlig bruk. Velg den rivekalenderleverand\u00f8ren som passer deg best, og styrk ditt merkevareimage og din evne til daglig planlegging. Bes\u00f8k Leatais offisielle nettside n\u00e5 for \u00e5 l\u00e6re mer om rivekalendere og nyt en effektiv opplevelse for registrering og planlegging.\",\"breadcrumb\":{\"@id\":\"https:\/\/leatai.com\/no\/product\/ulike-oem-prover\/oem-kalender-no\/taiwans-famous-influencer-hook\/#breadcrumb\"},\"inLanguage\":\"nb-NO\",\"potentialAction\":[{\"@type\":\"ReadAction\",\"target\":[\"https:\/\/leatai.com\/no\/product\/ulike-oem-prover\/oem-kalender-no\/taiwans-famous-influencer-hook\/\"]}]},{\"@type\":\"ImageObject\",\"inLanguage\":\"nb-NO\",\"@id\":\"https:\/\/leatai.com\/no\/product\/ulike-oem-prover\/oem-kalender-no\/taiwans-famous-influencer-hook\/#primaryimage\",\"url\":\"https:\/\/leatai.com\/wp-content\/uploads\/DSC_0156.jpg\",\"contentUrl\":\"https:\/\/leatai.com\/wp-content\/uploads\/DSC_0156.jpg\",\"width\":1000,\"height\":750,\"caption\":\"Liten rivekalender\"},{\"@type\":\"BreadcrumbList\",\"@id\":\"https:\/\/leatai.com\/no\/product\/ulike-oem-prover\/oem-kalender-no\/taiwans-famous-influencer-hook\/#breadcrumb\",\"itemListElement\":[{\"@type\":\"ListItem\",\"position\":1,\"name\":\"Home\",\"item\":\"https:\/\/leatai.com\/no\/\"},{\"@type\":\"ListItem\",\"position\":2,\"name\":\"Produktpresentasjon\",\"item\":\"https:\/\/leatai.com\/products\/\"},{\"@type\":\"ListItem\",\"position\":3,\"name\":\"Ulike OEM-pr\u00f8ver\",\"item\":\"https:\/\/leatai.com\/no\/produktkategori\/ulike-oem-prover\/\"},{\"@type\":\"ListItem\",\"position\":4,\"name\":\"OEM-kalender\",\"item\":\"https:\/\/leatai.com\/no\/produktkategori\/ulike-oem-prover\/oem-kalender-no\/\"},{\"@type\":\"ListItem\",\"position\":5,\"name\":\"Taiwan\u2019s Famous Influencer Hook\"}]},{\"@type\":\"WebSite\",\"@id\":\"https:\/\/leatai.com\/no\/#website\",\"url\":\"https:\/\/leatai.com\/no\/\",\"name\":\"Leatai \u2013 Produsent av tilpassede notatb\u00f8ker\",\"description\":\"Leatai tilbyr tilpassede notatb\u00f8ker og planleggere til globale merkevarer og distribut\u00f8rer.\",\"publisher\":{\"@id\":\"https:\/\/leatai.com\/no\/#organization\"},\"potentialAction\":[{\"@type\":\"SearchAction\",\"target\":{\"@type\":\"EntryPoint\",\"urlTemplate\":\"https:\/\/leatai.com\/no\/?s={search_term_string}\"},\"query-input\":{\"@type\":\"PropertyValueSpecification\",\"valueRequired\":true,\"valueName\":\"search_term_string\"}}],\"inLanguage\":\"nb-NO\"},{\"@type\":\"Organization\",\"@id\":\"https:\/\/leatai.com\/no\/#organization\",\"name\":\"Leatai Diary, customized journal and business organizer\",\"url\":\"https:\/\/leatai.com\/no\/\",\"logo\":{\"@type\":\"ImageObject\",\"inLanguage\":\"nb-NO\",\"@id\":\"https:\/\/leatai.com\/no\/#\/schema\/logo\/image\/\",\"url\":\"https:\/\/leatai.com\/wp-content\/uploads\/logo-blue.png\",\"contentUrl\":\"https:\/\/leatai.com\/wp-content\/uploads\/logo-blue.png\",\"width\":230,\"height\":60,\"caption\":\"Leatai Diary, customized journal and business organizer\"},\"image\":{\"@id\":\"https:\/\/leatai.com\/no\/#\/schema\/logo\/image\/\"}}]}<\/script>\n<!-- \/ Yoast SEO plugin. -->","yoast_head_json":{"title":"Rivekalender | Every Day Want Shit \u2013 Popul\u00e6r folkefinansiert rivekalender med tilpasset trykk og produksjon - Leatai \u2013 Produsent av tilpassede notatb\u00f8ker","description":"Utforsk Leatais h\u00f8ykvalitets tilpassede rivekalendere, trykk og produksjonstjenester. V\u00e5re kalendere har elegant design og materialer av h\u00f8y kvalitet, egnet for bedrifts\u00adtilpasning og personlig bruk. Velg den rivekalenderleverand\u00f8ren som passer deg best, og styrk ditt merkevareimage og din evne til daglig planlegging. Bes\u00f8k Leatais offisielle nettside n\u00e5 for \u00e5 l\u00e6re mer om rivekalendere og nyt en effektiv opplevelse for registrering og planlegging.","robots":{"index":"index","follow":"follow","max-snippet":"max-snippet:-1","max-image-preview":"max-image-preview:large","max-video-preview":"max-video-preview:-1"},"canonical":"https:\/\/leatai.com\/no\/product\/ulike-oem-prover\/oem-kalender-no\/taiwans-famous-influencer-hook\/","og_locale":"nb_NO","og_type":"article","og_title":"Rivekalender | Every Day Want Shit \u2013 Popul\u00e6r folkefinansiert rivekalender med tilpasset trykk og produksjon - Leatai \u2013 Produsent av tilpassede notatb\u00f8ker","og_description":"Utforsk Leatais h\u00f8ykvalitets tilpassede rivekalendere, trykk og produksjonstjenester. V\u00e5re kalendere har elegant design og materialer av h\u00f8y kvalitet, egnet for bedrifts\u00adtilpasning og personlig bruk. Velg den rivekalenderleverand\u00f8ren som passer deg best, og styrk ditt merkevareimage og din evne til daglig planlegging. Bes\u00f8k Leatais offisielle nettside n\u00e5 for \u00e5 l\u00e6re mer om rivekalendere og nyt en effektiv opplevelse for registrering og planlegging.","og_url":"https:\/\/leatai.com\/no\/product\/ulike-oem-prover\/oem-kalender-no\/taiwans-famous-influencer-hook\/","og_site_name":"Leatai \u2013 Produsent av tilpassede notatb\u00f8ker","article_modified_time":"2026-03-04T05:42:17+00:00","og_image":[{"width":1000,"height":750,"url":"https:\/\/leatai.com\/wp-content\/uploads\/DSC_0156.jpg","type":"image\/jpeg"}],"twitter_card":"summary_large_image","twitter_misc":{"Ansl. lesetid":"1 minutt"},"schema":{"@context":"https:\/\/schema.org","@graph":[{"@type":"WebPage","@id":"https:\/\/leatai.com\/no\/product\/ulike-oem-prover\/oem-kalender-no\/taiwans-famous-influencer-hook\/","url":"https:\/\/leatai.com\/no\/product\/ulike-oem-prover\/oem-kalender-no\/taiwans-famous-influencer-hook\/","name":"Rivekalender | Every Day Want Shit \u2013 Popul\u00e6r folkefinansiert rivekalender med tilpasset trykk og produksjon - Leatai \u2013 Produsent av tilpassede notatb\u00f8ker","isPartOf":{"@id":"https:\/\/leatai.com\/no\/#website"},"primaryImageOfPage":{"@id":"https:\/\/leatai.com\/no\/product\/ulike-oem-prover\/oem-kalender-no\/taiwans-famous-influencer-hook\/#primaryimage"},"image":{"@id":"https:\/\/leatai.com\/no\/product\/ulike-oem-prover\/oem-kalender-no\/taiwans-famous-influencer-hook\/#primaryimage"},"thumbnailUrl":"https:\/\/leatai.com\/wp-content\/uploads\/DSC_0156.jpg","datePublished":"2023-05-07T11:06:09+00:00","dateModified":"2026-03-04T05:42:17+00:00","description":"Utforsk Leatais h\u00f8ykvalitets tilpassede rivekalendere, trykk og produksjonstjenester. V\u00e5re kalendere har elegant design og materialer av h\u00f8y kvalitet, egnet for bedrifts\u00adtilpasning og personlig bruk. Velg den rivekalenderleverand\u00f8ren som passer deg best, og styrk ditt merkevareimage og din evne til daglig planlegging. Bes\u00f8k Leatais offisielle nettside n\u00e5 for \u00e5 l\u00e6re mer om rivekalendere og nyt en effektiv opplevelse for registrering og planlegging.","breadcrumb":{"@id":"https:\/\/leatai.com\/no\/product\/ulike-oem-prover\/oem-kalender-no\/taiwans-famous-influencer-hook\/#breadcrumb"},"inLanguage":"nb-NO","potentialAction":[{"@type":"ReadAction","target":["https:\/\/leatai.com\/no\/product\/ulike-oem-prover\/oem-kalender-no\/taiwans-famous-influencer-hook\/"]}]},{"@type":"ImageObject","inLanguage":"nb-NO","@id":"https:\/\/leatai.com\/no\/product\/ulike-oem-prover\/oem-kalender-no\/taiwans-famous-influencer-hook\/#primaryimage","url":"https:\/\/leatai.com\/wp-content\/uploads\/DSC_0156.jpg","contentUrl":"https:\/\/leatai.com\/wp-content\/uploads\/DSC_0156.jpg","width":1000,"height":750,"caption":"Liten rivekalender"},{"@type":"BreadcrumbList","@id":"https:\/\/leatai.com\/no\/product\/ulike-oem-prover\/oem-kalender-no\/taiwans-famous-influencer-hook\/#breadcrumb","itemListElement":[{"@type":"ListItem","position":1,"name":"Home","item":"https:\/\/leatai.com\/no\/"},{"@type":"ListItem","position":2,"name":"Produktpresentasjon","item":"https:\/\/leatai.com\/products\/"},{"@type":"ListItem","position":3,"name":"Ulike OEM-pr\u00f8ver","item":"https:\/\/leatai.com\/no\/produktkategori\/ulike-oem-prover\/"},{"@type":"ListItem","position":4,"name":"OEM-kalender","item":"https:\/\/leatai.com\/no\/produktkategori\/ulike-oem-prover\/oem-kalender-no\/"},{"@type":"ListItem","position":5,"name":"Taiwan\u2019s Famous Influencer Hook"}]},{"@type":"WebSite","@id":"https:\/\/leatai.com\/no\/#website","url":"https:\/\/leatai.com\/no\/","name":"Leatai \u2013 Produsent av tilpassede notatb\u00f8ker","description":"Leatai tilbyr tilpassede notatb\u00f8ker og planleggere til globale merkevarer og distribut\u00f8rer.","publisher":{"@id":"https:\/\/leatai.com\/no\/#organization"},"potentialAction":[{"@type":"SearchAction","target":{"@type":"EntryPoint","urlTemplate":"https:\/\/leatai.com\/no\/?s={search_term_string}"},"query-input":{"@type":"PropertyValueSpecification","valueRequired":true,"valueName":"search_term_string"}}],"inLanguage":"nb-NO"},{"@type":"Organization","@id":"https:\/\/leatai.com\/no\/#organization","name":"Leatai Diary, customized journal and business organizer","url":"https:\/\/leatai.com\/no\/","logo":{"@type":"ImageObject","inLanguage":"nb-NO","@id":"https:\/\/leatai.com\/no\/#\/schema\/logo\/image\/","url":"https:\/\/leatai.com\/wp-content\/uploads\/logo-blue.png","contentUrl":"https:\/\/leatai.com\/wp-content\/uploads\/logo-blue.png","width":230,"height":60,"caption":"Leatai Diary, customized journal and business organizer"},"image":{"@id":"https:\/\/leatai.com\/no\/#\/schema\/logo\/image\/"}}]}},"_links":{"self":[{"href":"https:\/\/leatai.com\/no\/wp-json\/wp\/v2\/product\/96691","targetHints":{"allow":["GET"]}}],"collection":[{"href":"https:\/\/leatai.com\/no\/wp-json\/wp\/v2\/product"}],"about":[{"href":"https:\/\/leatai.com\/no\/wp-json\/wp\/v2\/types\/product"}],"wp:featuredmedia":[{"embeddable":true,"href":"https:\/\/leatai.com\/no\/wp-json\/wp\/v2\/media\/96692"}],"wp:attachment":[{"href":"https:\/\/leatai.com\/no\/wp-json\/wp\/v2\/media?parent=96691"}],"wp:term":[{"taxonomy":"product_brand","embeddable":true,"href":"https:\/\/leatai.com\/no\/wp-json\/wp\/v2\/product_brand?post=96691"},{"taxonomy":"product_cat","embeddable":true,"href":"https:\/\/leatai.com\/no\/wp-json\/wp\/v2\/product_cat?post=96691"},{"taxonomy":"product_tag","embeddable":true,"href":"https:\/\/leatai.com\/no\/wp-json\/wp\/v2\/product_tag?post=96691"},{"taxonomy":"home_works","embeddable":true,"href":"https:\/\/leatai.com\/no\/wp-json\/wp\/v2\/home_works?post=96691"}],"curies":[{"name":"wp","href":"https:\/\/api.w.org\/{rel}","templated":true}]}}