{"id":96347,"date":"2023-05-07T18:42:06","date_gmt":"2023-05-07T10:42:06","guid":{"rendered":"https:\/\/leatai.com\/product\/ukategorisert\/i-eating-light\/"},"modified":"2026-03-04T13:39:33","modified_gmt":"2026-03-04T05:39:33","slug":"i-eating-light","status":"publish","type":"product","link":"https:\/\/leatai.com\/no\/product\/ulike-oem-prover\/oem-kalender-no\/i-eating-light\/","title":{"rendered":"I EATING LIGHT"},"content":{"rendered":"<p>Kundenavn: I EATING LIGHT<br \/>\nSaksst\u00f8rrelse: Tilpasset st\u00f8rrelse<br \/>\nSakstype: Trekantet bordkalender<br \/>\nLogoeffekt: Fargetrykk<\/p>\n<p>N\u00f8kkelfunksjoner:<br \/>\nEt kjent merke innen helsekostprodukter har f\u00e5tt produsert en trekantet bordkalender i spesialtilpasset st\u00f8rrelse. Den friske designen og fargevalget passer sv\u00e6rt godt til merkevaren, samtidig som den bedre oppfyller brukernes behov.<\/p>\n<p>\ud83d\udcd6For standardprodukter av tilpassede notatb\u00f8ker \/ forretningsplanleggere, vennligst se:<br \/>\n<a href=\"https:\/\/leatai.com\/no\/produktkategori\/tilpasset-notatbok\/innbundet-notatbok\/\" target=\"_blank\" rel=\"noopener\">Hardcover notatbok \/ Hardcover forretningsplanlegger<\/a><br \/>\n<a href=\"https:\/\/leatai.com\/no\/produktkategori\/tilpasset-notatbok\/loseblad-notatbok\/\" target=\"_blank\" rel=\"noopener\">Notatbok med l\u00f8se ark \/ Forretningsplanlegger med l\u00f8se ark<\/a><br \/>\n<a href=\"https:\/\/leatai.com\/no\/produktkategori\/tilpasset-notatbok\/avtakbar-notatbok\/\" target=\"_blank\" rel=\"noopener\">Uttakbar notatbok med l\u00f8se ark \/ Uttakbar forretningsplanlegger<\/a><br \/>\n<a href=\"https:\/\/leatai.com\/no\/produktkategori\/tilpasset-notatbok\/paperback-notatbok\/\" target=\"_blank\" rel=\"noopener\">Paperback notatbok \/ Paperback forretningsplanlegger<\/a><br \/>\n<a href=\"https:\/\/leatai.com\/no\/produktkategori\/tilpasset-notatbok\/spiral-notatbok\/\" target=\"_blank\" rel=\"noopener\">Spiralbundet notatbok \/ Spiralbundet forretningsplanlegger<\/a><\/p>\n<p>\ud83d\udcd6For fullstendig forklaring av papirst\u00f8rrelser, vennligst se: <a href=\"https:\/\/leatai.com\/no\/notatbokskunnskap\/papirstorrelsesguide-forsta-vanlige-storrelser-som-b3-a4-b5-8k-16k-og-mer-en-omfattende-storrelsesdiagram-for-enkel-referanse\/\" target=\"_blank\" rel=\"noopener\">Papirst\u00f8rrelsesguide: Hvordan skille mellom vanlige st\u00f8rrelser som B3, A4, B5, 8K, 16K? En oversikt over papirst\u00f8rrelser som er lett \u00e5 forst\u00e5!<\/a><\/p>\n","protected":false},"excerpt":{"rendered":"<p>Kundenavn: I EATING LIGHT Saksst\u00f8rrelse: Tilpasset st\u00f8rrelse Sakstype: Trekantet bordkalender Logoeffekt: Fargetrykk N\u00f8kkelfunksjoner: Et kjent merke innen helsekostprodukter har f\u00e5tt produsert en trekantet bordkalender i spesialtilpasset st\u00f8rrelse. Den friske designen og fargevalget passer sv\u00e6rt godt til merkevaren, samtidig som den bedre oppfyller brukernes behov. \ud83d\udcd6For standardprodukter av tilpassede notatb\u00f8ker \/ forretningsplanleggere, vennligst se: Hardcover notatbok [&hellip;]<\/p>\n","protected":false},"featured_media":188681,"template":"","meta":{"_acf_changed":false},"product_brand":[],"product_cat":[963],"product_tag":[1547],"home_works":[],"class_list":{"0":"post-96347","1":"product","2":"type-product","3":"status-publish","4":"has-post-thumbnail","6":"product_cat-oem-kalender-no","7":"product_tag-oem-no","9":"first","10":"instock","11":"sold-individually","12":"shipping-taxable","13":"purchasable","14":"product-type-variable","15":"has-default-attributes"},"acf":[],"yoast_head":"<!-- This site is optimized with the Yoast SEO plugin v27.2 - https:\/\/yoast.com\/product\/yoast-seo-wordpress\/ -->\n<title>I EATING LIGHT - Tilpasset bordkalender - Leatai \u2013 Produsent av tilpassede notatb\u00f8ker<\/title>\n<meta name=\"description\" content=\"Kundenavn: I EATING LIGHT Saksst\u00f8rrelse: Tilpasset st\u00f8rrelse Sakstype: Trekantet bordkalender Logoeffekt: Fargetrykk N\u00f8kkelfunksjoner: Et kjent merke innen helsekostprodukter har f\u00e5tt produsert en trekantet bordkalender i spesialtilpasset st\u00f8rrelse. Den friske designen og fargevalget passer sv\u00e6rt godt til merkevaren, samtidig som den bedre oppfyller brukernes behov.\" \/>\n<meta name=\"robots\" content=\"index, follow, max-snippet:-1, max-image-preview:large, max-video-preview:-1\" \/>\n<link rel=\"canonical\" href=\"https:\/\/leatai.com\/no\/product\/ulike-oem-prover\/oem-kalender-no\/i-eating-light\/\" \/>\n<meta property=\"og:locale\" content=\"nb_NO\" \/>\n<meta property=\"og:type\" content=\"article\" \/>\n<meta property=\"og:title\" content=\"I EATING LIGHT - Tilpasset bordkalender - Leatai \u2013 Produsent av tilpassede notatb\u00f8ker\" \/>\n<meta property=\"og:description\" content=\"Kundenavn: I EATING LIGHT Saksst\u00f8rrelse: Tilpasset st\u00f8rrelse Sakstype: Trekantet bordkalender Logoeffekt: Fargetrykk N\u00f8kkelfunksjoner: Et kjent merke innen helsekostprodukter har f\u00e5tt produsert en trekantet bordkalender i spesialtilpasset st\u00f8rrelse. Den friske designen og fargevalget passer sv\u00e6rt godt til merkevaren, samtidig som den bedre oppfyller brukernes behov.\" \/>\n<meta property=\"og:url\" content=\"https:\/\/leatai.com\/no\/product\/ulike-oem-prover\/oem-kalender-no\/i-eating-light\/\" \/>\n<meta property=\"og:site_name\" content=\"Leatai \u2013 Produsent av tilpassede notatb\u00f8ker\" \/>\n<meta property=\"article:modified_time\" content=\"2026-03-04T05:39:33+00:00\" \/>\n<meta property=\"og:image\" content=\"https:\/\/leatai.com\/wp-content\/uploads\/DSC_3032.jpg\" \/>\n\t<meta property=\"og:image:width\" content=\"1000\" \/>\n\t<meta property=\"og:image:height\" content=\"750\" \/>\n\t<meta property=\"og:image:type\" content=\"image\/jpeg\" \/>\n<meta name=\"twitter:card\" content=\"summary_large_image\" \/>\n<meta name=\"twitter:label1\" content=\"Ansl. lesetid\" \/>\n\t<meta name=\"twitter:data1\" content=\"1 minutt\" \/>\n<script type=\"application\/ld+json\" class=\"yoast-schema-graph\">{\"@context\":\"https:\/\/schema.org\",\"@graph\":[{\"@type\":\"WebPage\",\"@id\":\"https:\/\/leatai.com\/no\/product\/ulike-oem-prover\/oem-kalender-no\/i-eating-light\/\",\"url\":\"https:\/\/leatai.com\/no\/product\/ulike-oem-prover\/oem-kalender-no\/i-eating-light\/\",\"name\":\"I EATING LIGHT - Tilpasset bordkalender - Leatai \u2013 Produsent av tilpassede notatb\u00f8ker\",\"isPartOf\":{\"@id\":\"https:\/\/leatai.com\/no\/#website\"},\"primaryImageOfPage\":{\"@id\":\"https:\/\/leatai.com\/no\/product\/ulike-oem-prover\/oem-kalender-no\/i-eating-light\/#primaryimage\"},\"image\":{\"@id\":\"https:\/\/leatai.com\/no\/product\/ulike-oem-prover\/oem-kalender-no\/i-eating-light\/#primaryimage\"},\"thumbnailUrl\":\"https:\/\/leatai.com\/wp-content\/uploads\/DSC_3032.jpg\",\"datePublished\":\"2023-05-07T10:42:06+00:00\",\"dateModified\":\"2026-03-04T05:39:33+00:00\",\"description\":\"Kundenavn: I EATING LIGHT Saksst\u00f8rrelse: Tilpasset st\u00f8rrelse Sakstype: Trekantet bordkalender Logoeffekt: Fargetrykk N\u00f8kkelfunksjoner: Et kjent merke innen helsekostprodukter har f\u00e5tt produsert en trekantet bordkalender i spesialtilpasset st\u00f8rrelse. Den friske designen og fargevalget passer sv\u00e6rt godt til merkevaren, samtidig som den bedre oppfyller brukernes behov.\",\"breadcrumb\":{\"@id\":\"https:\/\/leatai.com\/no\/product\/ulike-oem-prover\/oem-kalender-no\/i-eating-light\/#breadcrumb\"},\"inLanguage\":\"nb-NO\",\"potentialAction\":[{\"@type\":\"ReadAction\",\"target\":[\"https:\/\/leatai.com\/no\/product\/ulike-oem-prover\/oem-kalender-no\/i-eating-light\/\"]}]},{\"@type\":\"ImageObject\",\"inLanguage\":\"nb-NO\",\"@id\":\"https:\/\/leatai.com\/no\/product\/ulike-oem-prover\/oem-kalender-no\/i-eating-light\/#primaryimage\",\"url\":\"https:\/\/leatai.com\/wp-content\/uploads\/DSC_3032.jpg\",\"contentUrl\":\"https:\/\/leatai.com\/wp-content\/uploads\/DSC_3032.jpg\",\"width\":1000,\"height\":750,\"caption\":\"Tilpasset bordkalender\"},{\"@type\":\"BreadcrumbList\",\"@id\":\"https:\/\/leatai.com\/no\/product\/ulike-oem-prover\/oem-kalender-no\/i-eating-light\/#breadcrumb\",\"itemListElement\":[{\"@type\":\"ListItem\",\"position\":1,\"name\":\"Home\",\"item\":\"https:\/\/leatai.com\/no\/\"},{\"@type\":\"ListItem\",\"position\":2,\"name\":\"Produktpresentasjon\",\"item\":\"https:\/\/leatai.com\/products\/\"},{\"@type\":\"ListItem\",\"position\":3,\"name\":\"Ulike OEM-pr\u00f8ver\",\"item\":\"https:\/\/leatai.com\/no\/produktkategori\/ulike-oem-prover\/\"},{\"@type\":\"ListItem\",\"position\":4,\"name\":\"OEM-kalender\",\"item\":\"https:\/\/leatai.com\/no\/produktkategori\/ulike-oem-prover\/oem-kalender-no\/\"},{\"@type\":\"ListItem\",\"position\":5,\"name\":\"I EATING LIGHT\"}]},{\"@type\":\"WebSite\",\"@id\":\"https:\/\/leatai.com\/no\/#website\",\"url\":\"https:\/\/leatai.com\/no\/\",\"name\":\"Leatai \u2013 Produsent av tilpassede notatb\u00f8ker\",\"description\":\"Leatai tilbyr tilpassede notatb\u00f8ker og planleggere til globale merkevarer og distribut\u00f8rer.\",\"publisher\":{\"@id\":\"https:\/\/leatai.com\/no\/#organization\"},\"potentialAction\":[{\"@type\":\"SearchAction\",\"target\":{\"@type\":\"EntryPoint\",\"urlTemplate\":\"https:\/\/leatai.com\/no\/?s={search_term_string}\"},\"query-input\":{\"@type\":\"PropertyValueSpecification\",\"valueRequired\":true,\"valueName\":\"search_term_string\"}}],\"inLanguage\":\"nb-NO\"},{\"@type\":\"Organization\",\"@id\":\"https:\/\/leatai.com\/no\/#organization\",\"name\":\"Leatai Diary, customized journal and business organizer\",\"url\":\"https:\/\/leatai.com\/no\/\",\"logo\":{\"@type\":\"ImageObject\",\"inLanguage\":\"nb-NO\",\"@id\":\"https:\/\/leatai.com\/no\/#\/schema\/logo\/image\/\",\"url\":\"https:\/\/leatai.com\/wp-content\/uploads\/logo-blue.png\",\"contentUrl\":\"https:\/\/leatai.com\/wp-content\/uploads\/logo-blue.png\",\"width\":230,\"height\":60,\"caption\":\"Leatai Diary, customized journal and business organizer\"},\"image\":{\"@id\":\"https:\/\/leatai.com\/no\/#\/schema\/logo\/image\/\"}}]}<\/script>\n<!-- \/ Yoast SEO plugin. -->","yoast_head_json":{"title":"I EATING LIGHT - Tilpasset bordkalender - Leatai \u2013 Produsent av tilpassede notatb\u00f8ker","description":"Kundenavn: I EATING LIGHT Saksst\u00f8rrelse: Tilpasset st\u00f8rrelse Sakstype: Trekantet bordkalender Logoeffekt: Fargetrykk N\u00f8kkelfunksjoner: Et kjent merke innen helsekostprodukter har f\u00e5tt produsert en trekantet bordkalender i spesialtilpasset st\u00f8rrelse. Den friske designen og fargevalget passer sv\u00e6rt godt til merkevaren, samtidig som den bedre oppfyller brukernes behov.","robots":{"index":"index","follow":"follow","max-snippet":"max-snippet:-1","max-image-preview":"max-image-preview:large","max-video-preview":"max-video-preview:-1"},"canonical":"https:\/\/leatai.com\/no\/product\/ulike-oem-prover\/oem-kalender-no\/i-eating-light\/","og_locale":"nb_NO","og_type":"article","og_title":"I EATING LIGHT - Tilpasset bordkalender - Leatai \u2013 Produsent av tilpassede notatb\u00f8ker","og_description":"Kundenavn: I EATING LIGHT Saksst\u00f8rrelse: Tilpasset st\u00f8rrelse Sakstype: Trekantet bordkalender Logoeffekt: Fargetrykk N\u00f8kkelfunksjoner: Et kjent merke innen helsekostprodukter har f\u00e5tt produsert en trekantet bordkalender i spesialtilpasset st\u00f8rrelse. Den friske designen og fargevalget passer sv\u00e6rt godt til merkevaren, samtidig som den bedre oppfyller brukernes behov.","og_url":"https:\/\/leatai.com\/no\/product\/ulike-oem-prover\/oem-kalender-no\/i-eating-light\/","og_site_name":"Leatai \u2013 Produsent av tilpassede notatb\u00f8ker","article_modified_time":"2026-03-04T05:39:33+00:00","og_image":[{"width":1000,"height":750,"url":"https:\/\/leatai.com\/wp-content\/uploads\/DSC_3032.jpg","type":"image\/jpeg"}],"twitter_card":"summary_large_image","twitter_misc":{"Ansl. lesetid":"1 minutt"},"schema":{"@context":"https:\/\/schema.org","@graph":[{"@type":"WebPage","@id":"https:\/\/leatai.com\/no\/product\/ulike-oem-prover\/oem-kalender-no\/i-eating-light\/","url":"https:\/\/leatai.com\/no\/product\/ulike-oem-prover\/oem-kalender-no\/i-eating-light\/","name":"I EATING LIGHT - Tilpasset bordkalender - Leatai \u2013 Produsent av tilpassede notatb\u00f8ker","isPartOf":{"@id":"https:\/\/leatai.com\/no\/#website"},"primaryImageOfPage":{"@id":"https:\/\/leatai.com\/no\/product\/ulike-oem-prover\/oem-kalender-no\/i-eating-light\/#primaryimage"},"image":{"@id":"https:\/\/leatai.com\/no\/product\/ulike-oem-prover\/oem-kalender-no\/i-eating-light\/#primaryimage"},"thumbnailUrl":"https:\/\/leatai.com\/wp-content\/uploads\/DSC_3032.jpg","datePublished":"2023-05-07T10:42:06+00:00","dateModified":"2026-03-04T05:39:33+00:00","description":"Kundenavn: I EATING LIGHT Saksst\u00f8rrelse: Tilpasset st\u00f8rrelse Sakstype: Trekantet bordkalender Logoeffekt: Fargetrykk N\u00f8kkelfunksjoner: Et kjent merke innen helsekostprodukter har f\u00e5tt produsert en trekantet bordkalender i spesialtilpasset st\u00f8rrelse. Den friske designen og fargevalget passer sv\u00e6rt godt til merkevaren, samtidig som den bedre oppfyller brukernes behov.","breadcrumb":{"@id":"https:\/\/leatai.com\/no\/product\/ulike-oem-prover\/oem-kalender-no\/i-eating-light\/#breadcrumb"},"inLanguage":"nb-NO","potentialAction":[{"@type":"ReadAction","target":["https:\/\/leatai.com\/no\/product\/ulike-oem-prover\/oem-kalender-no\/i-eating-light\/"]}]},{"@type":"ImageObject","inLanguage":"nb-NO","@id":"https:\/\/leatai.com\/no\/product\/ulike-oem-prover\/oem-kalender-no\/i-eating-light\/#primaryimage","url":"https:\/\/leatai.com\/wp-content\/uploads\/DSC_3032.jpg","contentUrl":"https:\/\/leatai.com\/wp-content\/uploads\/DSC_3032.jpg","width":1000,"height":750,"caption":"Tilpasset bordkalender"},{"@type":"BreadcrumbList","@id":"https:\/\/leatai.com\/no\/product\/ulike-oem-prover\/oem-kalender-no\/i-eating-light\/#breadcrumb","itemListElement":[{"@type":"ListItem","position":1,"name":"Home","item":"https:\/\/leatai.com\/no\/"},{"@type":"ListItem","position":2,"name":"Produktpresentasjon","item":"https:\/\/leatai.com\/products\/"},{"@type":"ListItem","position":3,"name":"Ulike OEM-pr\u00f8ver","item":"https:\/\/leatai.com\/no\/produktkategori\/ulike-oem-prover\/"},{"@type":"ListItem","position":4,"name":"OEM-kalender","item":"https:\/\/leatai.com\/no\/produktkategori\/ulike-oem-prover\/oem-kalender-no\/"},{"@type":"ListItem","position":5,"name":"I EATING LIGHT"}]},{"@type":"WebSite","@id":"https:\/\/leatai.com\/no\/#website","url":"https:\/\/leatai.com\/no\/","name":"Leatai \u2013 Produsent av tilpassede notatb\u00f8ker","description":"Leatai tilbyr tilpassede notatb\u00f8ker og planleggere til globale merkevarer og distribut\u00f8rer.","publisher":{"@id":"https:\/\/leatai.com\/no\/#organization"},"potentialAction":[{"@type":"SearchAction","target":{"@type":"EntryPoint","urlTemplate":"https:\/\/leatai.com\/no\/?s={search_term_string}"},"query-input":{"@type":"PropertyValueSpecification","valueRequired":true,"valueName":"search_term_string"}}],"inLanguage":"nb-NO"},{"@type":"Organization","@id":"https:\/\/leatai.com\/no\/#organization","name":"Leatai Diary, customized journal and business organizer","url":"https:\/\/leatai.com\/no\/","logo":{"@type":"ImageObject","inLanguage":"nb-NO","@id":"https:\/\/leatai.com\/no\/#\/schema\/logo\/image\/","url":"https:\/\/leatai.com\/wp-content\/uploads\/logo-blue.png","contentUrl":"https:\/\/leatai.com\/wp-content\/uploads\/logo-blue.png","width":230,"height":60,"caption":"Leatai Diary, customized journal and business organizer"},"image":{"@id":"https:\/\/leatai.com\/no\/#\/schema\/logo\/image\/"}}]}},"_links":{"self":[{"href":"https:\/\/leatai.com\/no\/wp-json\/wp\/v2\/product\/96347","targetHints":{"allow":["GET"]}}],"collection":[{"href":"https:\/\/leatai.com\/no\/wp-json\/wp\/v2\/product"}],"about":[{"href":"https:\/\/leatai.com\/no\/wp-json\/wp\/v2\/types\/product"}],"wp:featuredmedia":[{"embeddable":true,"href":"https:\/\/leatai.com\/no\/wp-json\/wp\/v2\/media\/188681"}],"wp:attachment":[{"href":"https:\/\/leatai.com\/no\/wp-json\/wp\/v2\/media?parent=96347"}],"wp:term":[{"taxonomy":"product_brand","embeddable":true,"href":"https:\/\/leatai.com\/no\/wp-json\/wp\/v2\/product_brand?post=96347"},{"taxonomy":"product_cat","embeddable":true,"href":"https:\/\/leatai.com\/no\/wp-json\/wp\/v2\/product_cat?post=96347"},{"taxonomy":"product_tag","embeddable":true,"href":"https:\/\/leatai.com\/no\/wp-json\/wp\/v2\/product_tag?post=96347"},{"taxonomy":"home_works","embeddable":true,"href":"https:\/\/leatai.com\/no\/wp-json\/wp\/v2\/home_works?post=96347"}],"curies":[{"name":"wp","href":"https:\/\/api.w.org\/{rel}","templated":true}]}}