{"id":292774,"date":"2023-05-22T16:24:23","date_gmt":"2023-05-22T08:24:23","guid":{"rendered":"https:\/\/leatai.com\/product\/ukategorisert\/notatbok-gavesett-02\/"},"modified":"2026-03-26T09:55:37","modified_gmt":"2026-03-26T01:55:37","slug":"notatbok-gavesett-02","status":"publish","type":"product","link":"https:\/\/leatai.com\/no\/product\/tilpasset-notatbok\/gavesett\/notatbok-gavesett-02\/","title":{"rendered":"Notatbok-gavesett &#8211; 02"},"content":{"rendered":"<p>Produktmodell: Notatbok-gavesett &#8211; 02<br \/>\nMateriale p\u00e5 gaveeske: japansk hampapapir<br \/>\nFarge p\u00e5 gaveeske: st\u00f8vet rosa<br \/>\nSt\u00f8rrelse p\u00e5 gaveeske: lengde 23,3 cm x bredde 25,2 cm x h\u00f8yde 2,7 cm (lukket)<br \/>\nInnhold: 25K tilpasset hardcover notatbok \/ tilpasset uttakbar ringperm (velg \u00e9n) + eksklusiv kulepenn (velg \u00e9n)<br \/>\nNotatbokst\u00f8rrelse: 16K \/ 25K \/ 48K<a href=\"https:\/\/leatai.com\/no\/faq\/hva-er-8k-16k-og-25k-planleggerstorrelser-hvor-store-er-de\/\" target=\"_blank\" rel=\"noopener\"> (vanlige st\u00f8rrelser)<\/a><br \/>\nEksklusiv kulepenn: <a href=\"https:\/\/leatai.com\/no\/product\/tilpasset-notatbok\/gavesett\/eksklusiv-karbonfiber-kulepenn-1\/\" target=\"_blank\" rel=\"noopener\">01<\/a> \/ <a href=\"https:\/\/leatai.com\/no\/product\/tilpasset-notatbok\/gavesett\/eksklusiv-kulepenn-2\/\" target=\"_blank\" rel=\"noopener\">02<\/a> \/ <a href=\"https:\/\/leatai.com\/no\/product\/tilpasset-notatbok\/gavesett\/eksklusiv-kulepenn-3\/\" target=\"_blank\" rel=\"noopener\">03<\/a> (velg \u00e9n)<br \/>\nEmballasje: b\u00e5nd \/ kraftpapir (valgfritt)<br \/>\nLOGO-behandlingsmetoder: gullpreging, s\u00f8lvpreging, brennmerking<\/p>\n<p>Produktbeskrivelse<br \/>\nLeatai produktmodell: japansk hampapapir i st\u00f8vet rosa farge, med en sv\u00e6rt eksklusiv f\u00f8lelse, inneholder en tilpasset notatbok og en eksklusiv kulepenn, med magnetisk lukking p\u00e5 siden, kombinert med en vakker b\u00e5ndinnpakning, kan ogs\u00e5 byttes til hardcover, slik at din tilpasning blir enda mer gjennomf\u00f8rt.<\/p>\n<p>\ud83d\udcd6For flere anbefalinger om tilpassede notatb\u00f8ker \/ tilpassede forretningsdagb\u00f8ker og trykkproduksjon, se:<br \/>\n<a href=\"https:\/\/leatai.com\/no\/produktkategori\/ulike-oem-prover\/oem-innbundet-notatbok\/\" target=\"_blank\" rel=\"noopener\">OEM\u2013innbundet bok<\/a><br \/>\n<a href=\"https:\/\/leatai.com\/no\/produktkategori\/ulike-oem-prover\/oem-losfals-notatbok\/\" target=\"_blank\" rel=\"noopener\">OEM\u2013l\u00f8sbladbok<\/a><br \/>\n<a href=\"https:\/\/leatai.com\/no\/produktkategori\/ulike-oem-prover\/oem-avtagbar-notatbok\/\" target=\"_blank\" rel=\"noopener\">OEM\u2013uttrekkbar l\u00f8sbladbok<\/a><br \/>\n<a href=\"https:\/\/leatai.com\/no\/produktkategori\/ulike-oem-prover\/oem-pocketbok-notatbok\/\" target=\"_blank\" rel=\"noopener\">OEM\u2013paperback bok<\/a><br \/>\n<a href=\"https:\/\/leatai.com\/no\/produktkategori\/ulike-oem-prover\/oem-spiralnotatbok\/\" target=\"_blank\" rel=\"noopener\">OEM\u2013spiralbundet bok<\/a><br \/>\n<a href=\"https:\/\/leatai.com\/no\/produktkategori\/ulike-oem-prover\/oem-kalender-no\/\" target=\"_blank\" rel=\"noopener\">OEM\u2013tilpasset rivekalender \/ tilpasset bordkalender trykk<\/a><br \/>\n<a href=\"https:\/\/leatai.com\/no\/produktkategori\/ulike-oem-prover\/oem-andre-no\/\" target=\"_blank\" rel=\"noopener\">OEM\u2013andre<\/a><\/p>\n<p>For fullstendig forklaring av st\u00f8rrelser, se: <a href=\"https:\/\/leatai.com\/no\/notatbokskunnskap\/papirstorrelsesguide-forsta-vanlige-storrelser-som-b3-a4-b5-8k-16k-og-mer-en-omfattende-storrelsesdiagram-for-enkel-referanse\/\" target=\"_blank\" rel=\"noopener\">Papirst\u00f8rrelsesguide: hvordan skille vanlige st\u00f8rrelser som B3, A4, B5, 8K, 16K? En oversiktstabell over papirst\u00f8rrelser som er enkel \u00e5 forst\u00e5!<\/a><\/p>\n","protected":false},"excerpt":{"rendered":"<p>Produktmodell: Notatbok-gavesett &#8211; 02 Materiale p\u00e5 gaveeske: japansk hampapapir Farge p\u00e5 gaveeske: st\u00f8vet rosa St\u00f8rrelse p\u00e5 gaveeske: lengde 23,3 cm x bredde 25,2 cm x h\u00f8yde 2,7 cm (lukket) Innhold: 25K tilpasset hardcover notatbok \/ tilpasset uttakbar ringperm (velg \u00e9n) + eksklusiv kulepenn (velg \u00e9n) Notatbokst\u00f8rrelse: 16K \/ 25K \/ 48K (vanlige st\u00f8rrelser) Eksklusiv kulepenn: [&hellip;]<\/p>\n","protected":false},"featured_media":292775,"template":"","meta":{"_acf_changed":false},"product_brand":[],"product_cat":[820],"product_tag":[1774],"home_works":[],"class_list":{"0":"post-292774","1":"product","2":"type-product","3":"status-publish","4":"has-post-thumbnail","6":"product_cat-gavesett","7":"product_tag-notatbok-gavesett","9":"first","10":"outofstock","11":"sold-individually","12":"shipping-taxable","13":"purchasable","14":"product-type-variable","15":"has-default-attributes"},"acf":[],"yoast_head":"<!-- This site is optimized with the Yoast SEO plugin v27.2 - https:\/\/yoast.com\/product\/yoast-seo-wordpress\/ -->\n<title>Tilpasset notatbok-gavesett - Japansk hampapapir - Leatai \u2013 Produsent av tilpassede notatb\u00f8ker<\/title>\n<meta name=\"description\" content=\"Leatai produktmodell: japansk hampapapir i st\u00f8vet rosa farge, med en sv\u00e6rt eksklusiv f\u00f8lelse, inneholder en tilpasset notatbok og en eksklusiv kulepenn, med magnetisk lukking p\u00e5 siden, kombinert med en vakker b\u00e5ndinnpakning, kan ogs\u00e5 byttes til hardcover, slik at din tilpasning blir enda mer gjennomf\u00f8rt.\" \/>\n<meta name=\"robots\" content=\"index, follow, max-snippet:-1, max-image-preview:large, max-video-preview:-1\" \/>\n<link rel=\"canonical\" href=\"https:\/\/leatai.com\/no\/product\/tilpasset-notatbok\/gavesett\/notatbok-gavesett-02\/\" \/>\n<meta property=\"og:locale\" content=\"nb_NO\" \/>\n<meta property=\"og:type\" content=\"article\" \/>\n<meta property=\"og:title\" content=\"Tilpasset notatbok-gavesett - Japansk hampapapir - Leatai \u2013 Produsent av tilpassede notatb\u00f8ker\" \/>\n<meta property=\"og:description\" content=\"Leatai produktmodell: japansk hampapapir i st\u00f8vet rosa farge, med en sv\u00e6rt eksklusiv f\u00f8lelse, inneholder en tilpasset notatbok og en eksklusiv kulepenn, med magnetisk lukking p\u00e5 siden, kombinert med en vakker b\u00e5ndinnpakning, kan ogs\u00e5 byttes til hardcover, slik at din tilpasning blir enda mer gjennomf\u00f8rt.\" \/>\n<meta property=\"og:url\" content=\"https:\/\/leatai.com\/no\/product\/tilpasset-notatbok\/gavesett\/notatbok-gavesett-02\/\" \/>\n<meta property=\"og:site_name\" content=\"Leatai \u2013 Produsent av tilpassede notatb\u00f8ker\" \/>\n<meta property=\"article:modified_time\" content=\"2026-03-26T01:55:37+00:00\" \/>\n<meta property=\"og:image\" content=\"https:\/\/leatai.com\/wp-content\/uploads\/DSC_0716.jpg\" \/>\n\t<meta property=\"og:image:width\" content=\"1000\" \/>\n\t<meta property=\"og:image:height\" content=\"750\" \/>\n\t<meta property=\"og:image:type\" content=\"image\/jpeg\" \/>\n<meta name=\"twitter:card\" content=\"summary_large_image\" \/>\n<meta name=\"twitter:label1\" content=\"Ansl. lesetid\" \/>\n\t<meta name=\"twitter:data1\" content=\"2 minutter\" \/>\n<script type=\"application\/ld+json\" class=\"yoast-schema-graph\">{\"@context\":\"https:\/\/schema.org\",\"@graph\":[{\"@type\":\"WebPage\",\"@id\":\"https:\/\/leatai.com\/no\/product\/tilpasset-notatbok\/gavesett\/notatbok-gavesett-02\/\",\"url\":\"https:\/\/leatai.com\/no\/product\/tilpasset-notatbok\/gavesett\/notatbok-gavesett-02\/\",\"name\":\"Tilpasset notatbok-gavesett - Japansk hampapapir - Leatai \u2013 Produsent av tilpassede notatb\u00f8ker\",\"isPartOf\":{\"@id\":\"https:\/\/leatai.com\/no\/#website\"},\"primaryImageOfPage\":{\"@id\":\"https:\/\/leatai.com\/no\/product\/tilpasset-notatbok\/gavesett\/notatbok-gavesett-02\/#primaryimage\"},\"image\":{\"@id\":\"https:\/\/leatai.com\/no\/product\/tilpasset-notatbok\/gavesett\/notatbok-gavesett-02\/#primaryimage\"},\"thumbnailUrl\":\"https:\/\/leatai.com\/wp-content\/uploads\/DSC_0716.jpg\",\"datePublished\":\"2023-05-22T08:24:23+00:00\",\"dateModified\":\"2026-03-26T01:55:37+00:00\",\"description\":\"Leatai produktmodell: japansk hampapapir i st\u00f8vet rosa farge, med en sv\u00e6rt eksklusiv f\u00f8lelse, inneholder en tilpasset notatbok og en eksklusiv kulepenn, med magnetisk lukking p\u00e5 siden, kombinert med en vakker b\u00e5ndinnpakning, kan ogs\u00e5 byttes til hardcover, slik at din tilpasning blir enda mer gjennomf\u00f8rt.\",\"breadcrumb\":{\"@id\":\"https:\/\/leatai.com\/no\/product\/tilpasset-notatbok\/gavesett\/notatbok-gavesett-02\/#breadcrumb\"},\"inLanguage\":\"nb-NO\",\"potentialAction\":[{\"@type\":\"ReadAction\",\"target\":[\"https:\/\/leatai.com\/no\/product\/tilpasset-notatbok\/gavesett\/notatbok-gavesett-02\/\"]}]},{\"@type\":\"ImageObject\",\"inLanguage\":\"nb-NO\",\"@id\":\"https:\/\/leatai.com\/no\/product\/tilpasset-notatbok\/gavesett\/notatbok-gavesett-02\/#primaryimage\",\"url\":\"https:\/\/leatai.com\/wp-content\/uploads\/DSC_0716.jpg\",\"contentUrl\":\"https:\/\/leatai.com\/wp-content\/uploads\/DSC_0716.jpg\",\"width\":1000,\"height\":750,\"caption\":\"Notatbok-gavesett\"},{\"@type\":\"BreadcrumbList\",\"@id\":\"https:\/\/leatai.com\/no\/product\/tilpasset-notatbok\/gavesett\/notatbok-gavesett-02\/#breadcrumb\",\"itemListElement\":[{\"@type\":\"ListItem\",\"position\":1,\"name\":\"Home\",\"item\":\"https:\/\/leatai.com\/no\/\"},{\"@type\":\"ListItem\",\"position\":2,\"name\":\"Produktpresentasjon\",\"item\":\"https:\/\/leatai.com\/products\/\"},{\"@type\":\"ListItem\",\"position\":3,\"name\":\"Tilpasset notatbok\",\"item\":\"https:\/\/leatai.com\/no\/produktkategori\/tilpasset-notatbok\/\"},{\"@type\":\"ListItem\",\"position\":4,\"name\":\"Gavesett\",\"item\":\"https:\/\/leatai.com\/no\/produktkategori\/tilpasset-notatbok\/gavesett\/\"},{\"@type\":\"ListItem\",\"position\":5,\"name\":\"Notatbok-gavesett &#8211; 02\"}]},{\"@type\":\"WebSite\",\"@id\":\"https:\/\/leatai.com\/no\/#website\",\"url\":\"https:\/\/leatai.com\/no\/\",\"name\":\"Leatai \u2013 Produsent av tilpassede notatb\u00f8ker\",\"description\":\"Leatai tilbyr tilpassede notatb\u00f8ker og planleggere til globale merkevarer og distribut\u00f8rer.\",\"publisher\":{\"@id\":\"https:\/\/leatai.com\/no\/#organization\"},\"potentialAction\":[{\"@type\":\"SearchAction\",\"target\":{\"@type\":\"EntryPoint\",\"urlTemplate\":\"https:\/\/leatai.com\/no\/?s={search_term_string}\"},\"query-input\":{\"@type\":\"PropertyValueSpecification\",\"valueRequired\":true,\"valueName\":\"search_term_string\"}}],\"inLanguage\":\"nb-NO\"},{\"@type\":\"Organization\",\"@id\":\"https:\/\/leatai.com\/no\/#organization\",\"name\":\"Leatai Diary, customized journal and business organizer\",\"url\":\"https:\/\/leatai.com\/no\/\",\"logo\":{\"@type\":\"ImageObject\",\"inLanguage\":\"nb-NO\",\"@id\":\"https:\/\/leatai.com\/no\/#\/schema\/logo\/image\/\",\"url\":\"https:\/\/leatai.com\/wp-content\/uploads\/logo-blue.png\",\"contentUrl\":\"https:\/\/leatai.com\/wp-content\/uploads\/logo-blue.png\",\"width\":230,\"height\":60,\"caption\":\"Leatai Diary, customized journal and business organizer\"},\"image\":{\"@id\":\"https:\/\/leatai.com\/no\/#\/schema\/logo\/image\/\"}}]}<\/script>\n<!-- \/ Yoast SEO plugin. -->","yoast_head_json":{"title":"Tilpasset notatbok-gavesett - Japansk hampapapir - Leatai \u2013 Produsent av tilpassede notatb\u00f8ker","description":"Leatai produktmodell: japansk hampapapir i st\u00f8vet rosa farge, med en sv\u00e6rt eksklusiv f\u00f8lelse, inneholder en tilpasset notatbok og en eksklusiv kulepenn, med magnetisk lukking p\u00e5 siden, kombinert med en vakker b\u00e5ndinnpakning, kan ogs\u00e5 byttes til hardcover, slik at din tilpasning blir enda mer gjennomf\u00f8rt.","robots":{"index":"index","follow":"follow","max-snippet":"max-snippet:-1","max-image-preview":"max-image-preview:large","max-video-preview":"max-video-preview:-1"},"canonical":"https:\/\/leatai.com\/no\/product\/tilpasset-notatbok\/gavesett\/notatbok-gavesett-02\/","og_locale":"nb_NO","og_type":"article","og_title":"Tilpasset notatbok-gavesett - Japansk hampapapir - Leatai \u2013 Produsent av tilpassede notatb\u00f8ker","og_description":"Leatai produktmodell: japansk hampapapir i st\u00f8vet rosa farge, med en sv\u00e6rt eksklusiv f\u00f8lelse, inneholder en tilpasset notatbok og en eksklusiv kulepenn, med magnetisk lukking p\u00e5 siden, kombinert med en vakker b\u00e5ndinnpakning, kan ogs\u00e5 byttes til hardcover, slik at din tilpasning blir enda mer gjennomf\u00f8rt.","og_url":"https:\/\/leatai.com\/no\/product\/tilpasset-notatbok\/gavesett\/notatbok-gavesett-02\/","og_site_name":"Leatai \u2013 Produsent av tilpassede notatb\u00f8ker","article_modified_time":"2026-03-26T01:55:37+00:00","og_image":[{"width":1000,"height":750,"url":"https:\/\/leatai.com\/wp-content\/uploads\/DSC_0716.jpg","type":"image\/jpeg"}],"twitter_card":"summary_large_image","twitter_misc":{"Ansl. lesetid":"2 minutter"},"schema":{"@context":"https:\/\/schema.org","@graph":[{"@type":"WebPage","@id":"https:\/\/leatai.com\/no\/product\/tilpasset-notatbok\/gavesett\/notatbok-gavesett-02\/","url":"https:\/\/leatai.com\/no\/product\/tilpasset-notatbok\/gavesett\/notatbok-gavesett-02\/","name":"Tilpasset notatbok-gavesett - Japansk hampapapir - Leatai \u2013 Produsent av tilpassede notatb\u00f8ker","isPartOf":{"@id":"https:\/\/leatai.com\/no\/#website"},"primaryImageOfPage":{"@id":"https:\/\/leatai.com\/no\/product\/tilpasset-notatbok\/gavesett\/notatbok-gavesett-02\/#primaryimage"},"image":{"@id":"https:\/\/leatai.com\/no\/product\/tilpasset-notatbok\/gavesett\/notatbok-gavesett-02\/#primaryimage"},"thumbnailUrl":"https:\/\/leatai.com\/wp-content\/uploads\/DSC_0716.jpg","datePublished":"2023-05-22T08:24:23+00:00","dateModified":"2026-03-26T01:55:37+00:00","description":"Leatai produktmodell: japansk hampapapir i st\u00f8vet rosa farge, med en sv\u00e6rt eksklusiv f\u00f8lelse, inneholder en tilpasset notatbok og en eksklusiv kulepenn, med magnetisk lukking p\u00e5 siden, kombinert med en vakker b\u00e5ndinnpakning, kan ogs\u00e5 byttes til hardcover, slik at din tilpasning blir enda mer gjennomf\u00f8rt.","breadcrumb":{"@id":"https:\/\/leatai.com\/no\/product\/tilpasset-notatbok\/gavesett\/notatbok-gavesett-02\/#breadcrumb"},"inLanguage":"nb-NO","potentialAction":[{"@type":"ReadAction","target":["https:\/\/leatai.com\/no\/product\/tilpasset-notatbok\/gavesett\/notatbok-gavesett-02\/"]}]},{"@type":"ImageObject","inLanguage":"nb-NO","@id":"https:\/\/leatai.com\/no\/product\/tilpasset-notatbok\/gavesett\/notatbok-gavesett-02\/#primaryimage","url":"https:\/\/leatai.com\/wp-content\/uploads\/DSC_0716.jpg","contentUrl":"https:\/\/leatai.com\/wp-content\/uploads\/DSC_0716.jpg","width":1000,"height":750,"caption":"Notatbok-gavesett"},{"@type":"BreadcrumbList","@id":"https:\/\/leatai.com\/no\/product\/tilpasset-notatbok\/gavesett\/notatbok-gavesett-02\/#breadcrumb","itemListElement":[{"@type":"ListItem","position":1,"name":"Home","item":"https:\/\/leatai.com\/no\/"},{"@type":"ListItem","position":2,"name":"Produktpresentasjon","item":"https:\/\/leatai.com\/products\/"},{"@type":"ListItem","position":3,"name":"Tilpasset notatbok","item":"https:\/\/leatai.com\/no\/produktkategori\/tilpasset-notatbok\/"},{"@type":"ListItem","position":4,"name":"Gavesett","item":"https:\/\/leatai.com\/no\/produktkategori\/tilpasset-notatbok\/gavesett\/"},{"@type":"ListItem","position":5,"name":"Notatbok-gavesett &#8211; 02"}]},{"@type":"WebSite","@id":"https:\/\/leatai.com\/no\/#website","url":"https:\/\/leatai.com\/no\/","name":"Leatai \u2013 Produsent av tilpassede notatb\u00f8ker","description":"Leatai tilbyr tilpassede notatb\u00f8ker og planleggere til globale merkevarer og distribut\u00f8rer.","publisher":{"@id":"https:\/\/leatai.com\/no\/#organization"},"potentialAction":[{"@type":"SearchAction","target":{"@type":"EntryPoint","urlTemplate":"https:\/\/leatai.com\/no\/?s={search_term_string}"},"query-input":{"@type":"PropertyValueSpecification","valueRequired":true,"valueName":"search_term_string"}}],"inLanguage":"nb-NO"},{"@type":"Organization","@id":"https:\/\/leatai.com\/no\/#organization","name":"Leatai Diary, customized journal and business organizer","url":"https:\/\/leatai.com\/no\/","logo":{"@type":"ImageObject","inLanguage":"nb-NO","@id":"https:\/\/leatai.com\/no\/#\/schema\/logo\/image\/","url":"https:\/\/leatai.com\/wp-content\/uploads\/logo-blue.png","contentUrl":"https:\/\/leatai.com\/wp-content\/uploads\/logo-blue.png","width":230,"height":60,"caption":"Leatai Diary, customized journal and business organizer"},"image":{"@id":"https:\/\/leatai.com\/no\/#\/schema\/logo\/image\/"}}]}},"_links":{"self":[{"href":"https:\/\/leatai.com\/no\/wp-json\/wp\/v2\/product\/292774","targetHints":{"allow":["GET"]}}],"collection":[{"href":"https:\/\/leatai.com\/no\/wp-json\/wp\/v2\/product"}],"about":[{"href":"https:\/\/leatai.com\/no\/wp-json\/wp\/v2\/types\/product"}],"wp:featuredmedia":[{"embeddable":true,"href":"https:\/\/leatai.com\/no\/wp-json\/wp\/v2\/media\/292775"}],"wp:attachment":[{"href":"https:\/\/leatai.com\/no\/wp-json\/wp\/v2\/media?parent=292774"}],"wp:term":[{"taxonomy":"product_brand","embeddable":true,"href":"https:\/\/leatai.com\/no\/wp-json\/wp\/v2\/product_brand?post=292774"},{"taxonomy":"product_cat","embeddable":true,"href":"https:\/\/leatai.com\/no\/wp-json\/wp\/v2\/product_cat?post=292774"},{"taxonomy":"product_tag","embeddable":true,"href":"https:\/\/leatai.com\/no\/wp-json\/wp\/v2\/product_tag?post=292774"},{"taxonomy":"home_works","embeddable":true,"href":"https:\/\/leatai.com\/no\/wp-json\/wp\/v2\/home_works?post=292774"}],"curies":[{"name":"wp","href":"https:\/\/api.w.org\/{rel}","templated":true}]}}