{"id":292737,"date":"2023-05-22T20:33:11","date_gmt":"2023-05-22T12:33:11","guid":{"rendered":"https:\/\/leatai.com\/product\/ukategorisert\/eksklusiv-kulepenn-2\/"},"modified":"2026-03-26T09:42:23","modified_gmt":"2026-03-26T01:42:23","slug":"eksklusiv-kulepenn-2","status":"publish","type":"product","link":"https:\/\/leatai.com\/no\/product\/tilpasset-notatbok\/gavesett\/eksklusiv-kulepenn-2\/","title":{"rendered":"Eksklusiv kulepenn &#8211; 2"},"content":{"rendered":"<p>Produktmodell: Eksklusiv kulepenn &#8211; 2<br \/>\nFarge: svart<br \/>\nSpesifikasjoner: lengde ca. 13,5 cm<br \/>\nRefill: svart 0,5 mm<br \/>\nEmballasje: OPP-pose (valgfritt, standard er uten OPP-pose, leveres direkte i kartong) (eskepris beregnes separat)<br \/>\nLOGO-behandlingsmetode: lasergravering<\/p>\n<p>Enhetspris: TWD 190, inkludert \u00e9n lasergravering<br \/>\n(L\u00e6rpennal er valgfritt og beregnes separat, tilleggspris TWD 130, inkludert \u00e9n preging)<\/p>\n<p>&nbsp;<\/p>\n<p>\ud83d\udcd6For flere anbefalinger om tilpassede notatb\u00f8ker \/ tilpassede forretningsdagb\u00f8ker og trykkproduksjon, se:<br \/>\n<a href=\"https:\/\/leatai.com\/no\/produktkategori\/ulike-oem-prover\/oem-innbundet-notatbok\/\" target=\"_blank\" rel=\"noopener\">OEM\u2013innbundet bok<\/a><br \/>\n<a href=\"https:\/\/leatai.com\/no\/produktkategori\/ulike-oem-prover\/oem-losfals-notatbok\/\" target=\"_blank\" rel=\"noopener\">OEM\u2013l\u00f8sbladbok<\/a><br \/>\n<a href=\"https:\/\/leatai.com\/no\/produktkategori\/ulike-oem-prover\/oem-avtagbar-notatbok\/\" target=\"_blank\" rel=\"noopener\">OEM\u2013uttrekkbar l\u00f8sbladbok<\/a><br \/>\n<a href=\"https:\/\/leatai.com\/no\/produktkategori\/ulike-oem-prover\/oem-pocketbok-notatbok\/\" target=\"_blank\" rel=\"noopener\">OEM\u2013paperback bok<\/a><br \/>\n<a href=\"https:\/\/leatai.com\/no\/produktkategori\/ulike-oem-prover\/oem-spiralnotatbok\/\" target=\"_blank\" rel=\"noopener\">OEM\u2013spiralbundet bok<\/a><br \/>\n<a href=\"https:\/\/leatai.com\/no\/produktkategori\/ulike-oem-prover\/oem-kalender-no\/\" target=\"_blank\" rel=\"noopener\">OEM\u2013tilpasset rivekalender \/ tilpasset bordkalender trykk<\/a><br \/>\n<a href=\"https:\/\/leatai.com\/no\/produktkategori\/ulike-oem-prover\/oem-andre-no\/\" target=\"_blank\" rel=\"noopener\">OEM\u2013andre<\/a><\/p>\n<p>For fullstendig forklaring av st\u00f8rrelser, se: <a href=\"https:\/\/leatai.com\/no\/notatbokskunnskap\/papirstorrelsesguide-forsta-vanlige-storrelser-som-b3-a4-b5-8k-16k-og-mer-en-omfattende-storrelsesdiagram-for-enkel-referanse\/\" target=\"_blank\" rel=\"noopener\">Papirst\u00f8rrelsesguide: hvordan skille vanlige st\u00f8rrelser som B3, A4, B5, 8K, 16K? En oversiktstabell over papirst\u00f8rrelser som er enkel \u00e5 forst\u00e5!<\/a><\/p>\n","protected":false},"excerpt":{"rendered":"<p>Produktmodell: Eksklusiv kulepenn &#8211; 2 Farge: svart Spesifikasjoner: lengde ca. 13,5 cm Refill: svart 0,5 mm Emballasje: OPP-pose (valgfritt, standard er uten OPP-pose, leveres direkte i kartong) (eskepris beregnes separat) LOGO-behandlingsmetode: lasergravering Enhetspris: TWD 190, inkludert \u00e9n lasergravering (L\u00e6rpennal er valgfritt og beregnes separat, tilleggspris TWD 130, inkludert \u00e9n preging) &nbsp; \ud83d\udcd6For flere anbefalinger om [&hellip;]<\/p>\n","protected":false},"featured_media":292738,"template":"","meta":{"_acf_changed":false},"product_brand":[],"product_cat":[820],"product_tag":[],"home_works":[],"class_list":{"0":"post-292737","1":"product","2":"type-product","3":"status-publish","4":"has-post-thumbnail","6":"product_cat-gavesett","8":"first","9":"outofstock","10":"sold-individually","11":"shipping-taxable","12":"purchasable","13":"product-type-variable","14":"has-default-attributes"},"acf":[],"yoast_head":"<!-- This site is optimized with the Yoast SEO plugin v27.2 - https:\/\/yoast.com\/product\/yoast-seo-wordpress\/ -->\n<title>Eksklusiv kulepenn - Anbefalt for firmagaver - Leatai \u2013 Produsent av tilpassede notatb\u00f8ker<\/title>\n<meta name=\"description\" content=\"En god tilpasset notatbok b\u00f8r matches med en eksklusiv kulepenn for \u00e5 skape en unik atmosf\u00e6re, firmagaver b\u00f8r v\u00e6re tilstrekkelig s\u00e6rpregede, et notatbok-gavesett er det tryggeste valget, varmt, omtanke, gjennomtenkt, og fulle av oppriktige detaljer som gir et sv\u00e6rt godt inntrykk.\" \/>\n<meta name=\"robots\" content=\"index, follow, max-snippet:-1, max-image-preview:large, max-video-preview:-1\" \/>\n<link rel=\"canonical\" href=\"https:\/\/leatai.com\/no\/product\/tilpasset-notatbok\/gavesett\/eksklusiv-kulepenn-2\/\" \/>\n<meta property=\"og:locale\" content=\"nb_NO\" \/>\n<meta property=\"og:type\" content=\"article\" \/>\n<meta property=\"og:title\" content=\"Eksklusiv kulepenn - Anbefalt for firmagaver - Leatai \u2013 Produsent av tilpassede notatb\u00f8ker\" \/>\n<meta property=\"og:description\" content=\"En god tilpasset notatbok b\u00f8r matches med en eksklusiv kulepenn for \u00e5 skape en unik atmosf\u00e6re, firmagaver b\u00f8r v\u00e6re tilstrekkelig s\u00e6rpregede, et notatbok-gavesett er det tryggeste valget, varmt, omtanke, gjennomtenkt, og fulle av oppriktige detaljer som gir et sv\u00e6rt godt inntrykk.\" \/>\n<meta property=\"og:url\" content=\"https:\/\/leatai.com\/no\/product\/tilpasset-notatbok\/gavesett\/eksklusiv-kulepenn-2\/\" \/>\n<meta property=\"og:site_name\" content=\"Leatai \u2013 Produsent av tilpassede notatb\u00f8ker\" \/>\n<meta property=\"article:modified_time\" content=\"2026-03-26T01:42:23+00:00\" \/>\n<meta property=\"og:image\" content=\"https:\/\/leatai.com\/wp-content\/uploads\/DSC_0620.jpg\" \/>\n\t<meta property=\"og:image:width\" content=\"1000\" \/>\n\t<meta property=\"og:image:height\" content=\"750\" \/>\n\t<meta property=\"og:image:type\" content=\"image\/jpeg\" \/>\n<meta name=\"twitter:card\" content=\"summary_large_image\" \/>\n<meta name=\"twitter:label1\" content=\"Ansl. lesetid\" \/>\n\t<meta name=\"twitter:data1\" content=\"1 minutt\" \/>\n<script type=\"application\/ld+json\" class=\"yoast-schema-graph\">{\"@context\":\"https:\/\/schema.org\",\"@graph\":[{\"@type\":\"WebPage\",\"@id\":\"https:\/\/leatai.com\/no\/product\/tilpasset-notatbok\/gavesett\/eksklusiv-kulepenn-2\/\",\"url\":\"https:\/\/leatai.com\/no\/product\/tilpasset-notatbok\/gavesett\/eksklusiv-kulepenn-2\/\",\"name\":\"Eksklusiv kulepenn - Anbefalt for firmagaver - Leatai \u2013 Produsent av tilpassede notatb\u00f8ker\",\"isPartOf\":{\"@id\":\"https:\/\/leatai.com\/no\/#website\"},\"primaryImageOfPage\":{\"@id\":\"https:\/\/leatai.com\/no\/product\/tilpasset-notatbok\/gavesett\/eksklusiv-kulepenn-2\/#primaryimage\"},\"image\":{\"@id\":\"https:\/\/leatai.com\/no\/product\/tilpasset-notatbok\/gavesett\/eksklusiv-kulepenn-2\/#primaryimage\"},\"thumbnailUrl\":\"https:\/\/leatai.com\/wp-content\/uploads\/DSC_0620.jpg\",\"datePublished\":\"2023-05-22T12:33:11+00:00\",\"dateModified\":\"2026-03-26T01:42:23+00:00\",\"description\":\"En god tilpasset notatbok b\u00f8r matches med en eksklusiv kulepenn for \u00e5 skape en unik atmosf\u00e6re, firmagaver b\u00f8r v\u00e6re tilstrekkelig s\u00e6rpregede, et notatbok-gavesett er det tryggeste valget, varmt, omtanke, gjennomtenkt, og fulle av oppriktige detaljer som gir et sv\u00e6rt godt inntrykk.\",\"breadcrumb\":{\"@id\":\"https:\/\/leatai.com\/no\/product\/tilpasset-notatbok\/gavesett\/eksklusiv-kulepenn-2\/#breadcrumb\"},\"inLanguage\":\"nb-NO\",\"potentialAction\":[{\"@type\":\"ReadAction\",\"target\":[\"https:\/\/leatai.com\/no\/product\/tilpasset-notatbok\/gavesett\/eksklusiv-kulepenn-2\/\"]}]},{\"@type\":\"ImageObject\",\"inLanguage\":\"nb-NO\",\"@id\":\"https:\/\/leatai.com\/no\/product\/tilpasset-notatbok\/gavesett\/eksklusiv-kulepenn-2\/#primaryimage\",\"url\":\"https:\/\/leatai.com\/wp-content\/uploads\/DSC_0620.jpg\",\"contentUrl\":\"https:\/\/leatai.com\/wp-content\/uploads\/DSC_0620.jpg\",\"width\":1000,\"height\":750,\"caption\":\"Eksklusiv gavepenn\"},{\"@type\":\"BreadcrumbList\",\"@id\":\"https:\/\/leatai.com\/no\/product\/tilpasset-notatbok\/gavesett\/eksklusiv-kulepenn-2\/#breadcrumb\",\"itemListElement\":[{\"@type\":\"ListItem\",\"position\":1,\"name\":\"Home\",\"item\":\"https:\/\/leatai.com\/no\/\"},{\"@type\":\"ListItem\",\"position\":2,\"name\":\"Produktpresentasjon\",\"item\":\"https:\/\/leatai.com\/products\/\"},{\"@type\":\"ListItem\",\"position\":3,\"name\":\"Tilpasset notatbok\",\"item\":\"https:\/\/leatai.com\/no\/produktkategori\/tilpasset-notatbok\/\"},{\"@type\":\"ListItem\",\"position\":4,\"name\":\"Gavesett\",\"item\":\"https:\/\/leatai.com\/no\/produktkategori\/tilpasset-notatbok\/gavesett\/\"},{\"@type\":\"ListItem\",\"position\":5,\"name\":\"Eksklusiv kulepenn &#8211; 2\"}]},{\"@type\":\"WebSite\",\"@id\":\"https:\/\/leatai.com\/no\/#website\",\"url\":\"https:\/\/leatai.com\/no\/\",\"name\":\"Leatai \u2013 Produsent av tilpassede notatb\u00f8ker\",\"description\":\"Leatai tilbyr tilpassede notatb\u00f8ker og planleggere til globale merkevarer og distribut\u00f8rer.\",\"publisher\":{\"@id\":\"https:\/\/leatai.com\/no\/#organization\"},\"potentialAction\":[{\"@type\":\"SearchAction\",\"target\":{\"@type\":\"EntryPoint\",\"urlTemplate\":\"https:\/\/leatai.com\/no\/?s={search_term_string}\"},\"query-input\":{\"@type\":\"PropertyValueSpecification\",\"valueRequired\":true,\"valueName\":\"search_term_string\"}}],\"inLanguage\":\"nb-NO\"},{\"@type\":\"Organization\",\"@id\":\"https:\/\/leatai.com\/no\/#organization\",\"name\":\"Leatai Diary, customized journal and business organizer\",\"url\":\"https:\/\/leatai.com\/no\/\",\"logo\":{\"@type\":\"ImageObject\",\"inLanguage\":\"nb-NO\",\"@id\":\"https:\/\/leatai.com\/no\/#\/schema\/logo\/image\/\",\"url\":\"https:\/\/leatai.com\/wp-content\/uploads\/logo-blue.png\",\"contentUrl\":\"https:\/\/leatai.com\/wp-content\/uploads\/logo-blue.png\",\"width\":230,\"height\":60,\"caption\":\"Leatai Diary, customized journal and business organizer\"},\"image\":{\"@id\":\"https:\/\/leatai.com\/no\/#\/schema\/logo\/image\/\"}}]}<\/script>\n<!-- \/ Yoast SEO plugin. -->","yoast_head_json":{"title":"Eksklusiv kulepenn - Anbefalt for firmagaver - Leatai \u2013 Produsent av tilpassede notatb\u00f8ker","description":"En god tilpasset notatbok b\u00f8r matches med en eksklusiv kulepenn for \u00e5 skape en unik atmosf\u00e6re, firmagaver b\u00f8r v\u00e6re tilstrekkelig s\u00e6rpregede, et notatbok-gavesett er det tryggeste valget, varmt, omtanke, gjennomtenkt, og fulle av oppriktige detaljer som gir et sv\u00e6rt godt inntrykk.","robots":{"index":"index","follow":"follow","max-snippet":"max-snippet:-1","max-image-preview":"max-image-preview:large","max-video-preview":"max-video-preview:-1"},"canonical":"https:\/\/leatai.com\/no\/product\/tilpasset-notatbok\/gavesett\/eksklusiv-kulepenn-2\/","og_locale":"nb_NO","og_type":"article","og_title":"Eksklusiv kulepenn - Anbefalt for firmagaver - Leatai \u2013 Produsent av tilpassede notatb\u00f8ker","og_description":"En god tilpasset notatbok b\u00f8r matches med en eksklusiv kulepenn for \u00e5 skape en unik atmosf\u00e6re, firmagaver b\u00f8r v\u00e6re tilstrekkelig s\u00e6rpregede, et notatbok-gavesett er det tryggeste valget, varmt, omtanke, gjennomtenkt, og fulle av oppriktige detaljer som gir et sv\u00e6rt godt inntrykk.","og_url":"https:\/\/leatai.com\/no\/product\/tilpasset-notatbok\/gavesett\/eksklusiv-kulepenn-2\/","og_site_name":"Leatai \u2013 Produsent av tilpassede notatb\u00f8ker","article_modified_time":"2026-03-26T01:42:23+00:00","og_image":[{"width":1000,"height":750,"url":"https:\/\/leatai.com\/wp-content\/uploads\/DSC_0620.jpg","type":"image\/jpeg"}],"twitter_card":"summary_large_image","twitter_misc":{"Ansl. lesetid":"1 minutt"},"schema":{"@context":"https:\/\/schema.org","@graph":[{"@type":"WebPage","@id":"https:\/\/leatai.com\/no\/product\/tilpasset-notatbok\/gavesett\/eksklusiv-kulepenn-2\/","url":"https:\/\/leatai.com\/no\/product\/tilpasset-notatbok\/gavesett\/eksklusiv-kulepenn-2\/","name":"Eksklusiv kulepenn - Anbefalt for firmagaver - Leatai \u2013 Produsent av tilpassede notatb\u00f8ker","isPartOf":{"@id":"https:\/\/leatai.com\/no\/#website"},"primaryImageOfPage":{"@id":"https:\/\/leatai.com\/no\/product\/tilpasset-notatbok\/gavesett\/eksklusiv-kulepenn-2\/#primaryimage"},"image":{"@id":"https:\/\/leatai.com\/no\/product\/tilpasset-notatbok\/gavesett\/eksklusiv-kulepenn-2\/#primaryimage"},"thumbnailUrl":"https:\/\/leatai.com\/wp-content\/uploads\/DSC_0620.jpg","datePublished":"2023-05-22T12:33:11+00:00","dateModified":"2026-03-26T01:42:23+00:00","description":"En god tilpasset notatbok b\u00f8r matches med en eksklusiv kulepenn for \u00e5 skape en unik atmosf\u00e6re, firmagaver b\u00f8r v\u00e6re tilstrekkelig s\u00e6rpregede, et notatbok-gavesett er det tryggeste valget, varmt, omtanke, gjennomtenkt, og fulle av oppriktige detaljer som gir et sv\u00e6rt godt inntrykk.","breadcrumb":{"@id":"https:\/\/leatai.com\/no\/product\/tilpasset-notatbok\/gavesett\/eksklusiv-kulepenn-2\/#breadcrumb"},"inLanguage":"nb-NO","potentialAction":[{"@type":"ReadAction","target":["https:\/\/leatai.com\/no\/product\/tilpasset-notatbok\/gavesett\/eksklusiv-kulepenn-2\/"]}]},{"@type":"ImageObject","inLanguage":"nb-NO","@id":"https:\/\/leatai.com\/no\/product\/tilpasset-notatbok\/gavesett\/eksklusiv-kulepenn-2\/#primaryimage","url":"https:\/\/leatai.com\/wp-content\/uploads\/DSC_0620.jpg","contentUrl":"https:\/\/leatai.com\/wp-content\/uploads\/DSC_0620.jpg","width":1000,"height":750,"caption":"Eksklusiv gavepenn"},{"@type":"BreadcrumbList","@id":"https:\/\/leatai.com\/no\/product\/tilpasset-notatbok\/gavesett\/eksklusiv-kulepenn-2\/#breadcrumb","itemListElement":[{"@type":"ListItem","position":1,"name":"Home","item":"https:\/\/leatai.com\/no\/"},{"@type":"ListItem","position":2,"name":"Produktpresentasjon","item":"https:\/\/leatai.com\/products\/"},{"@type":"ListItem","position":3,"name":"Tilpasset notatbok","item":"https:\/\/leatai.com\/no\/produktkategori\/tilpasset-notatbok\/"},{"@type":"ListItem","position":4,"name":"Gavesett","item":"https:\/\/leatai.com\/no\/produktkategori\/tilpasset-notatbok\/gavesett\/"},{"@type":"ListItem","position":5,"name":"Eksklusiv kulepenn &#8211; 2"}]},{"@type":"WebSite","@id":"https:\/\/leatai.com\/no\/#website","url":"https:\/\/leatai.com\/no\/","name":"Leatai \u2013 Produsent av tilpassede notatb\u00f8ker","description":"Leatai tilbyr tilpassede notatb\u00f8ker og planleggere til globale merkevarer og distribut\u00f8rer.","publisher":{"@id":"https:\/\/leatai.com\/no\/#organization"},"potentialAction":[{"@type":"SearchAction","target":{"@type":"EntryPoint","urlTemplate":"https:\/\/leatai.com\/no\/?s={search_term_string}"},"query-input":{"@type":"PropertyValueSpecification","valueRequired":true,"valueName":"search_term_string"}}],"inLanguage":"nb-NO"},{"@type":"Organization","@id":"https:\/\/leatai.com\/no\/#organization","name":"Leatai Diary, customized journal and business organizer","url":"https:\/\/leatai.com\/no\/","logo":{"@type":"ImageObject","inLanguage":"nb-NO","@id":"https:\/\/leatai.com\/no\/#\/schema\/logo\/image\/","url":"https:\/\/leatai.com\/wp-content\/uploads\/logo-blue.png","contentUrl":"https:\/\/leatai.com\/wp-content\/uploads\/logo-blue.png","width":230,"height":60,"caption":"Leatai Diary, customized journal and business organizer"},"image":{"@id":"https:\/\/leatai.com\/no\/#\/schema\/logo\/image\/"}}]}},"_links":{"self":[{"href":"https:\/\/leatai.com\/no\/wp-json\/wp\/v2\/product\/292737","targetHints":{"allow":["GET"]}}],"collection":[{"href":"https:\/\/leatai.com\/no\/wp-json\/wp\/v2\/product"}],"about":[{"href":"https:\/\/leatai.com\/no\/wp-json\/wp\/v2\/types\/product"}],"wp:featuredmedia":[{"embeddable":true,"href":"https:\/\/leatai.com\/no\/wp-json\/wp\/v2\/media\/292738"}],"wp:attachment":[{"href":"https:\/\/leatai.com\/no\/wp-json\/wp\/v2\/media?parent=292737"}],"wp:term":[{"taxonomy":"product_brand","embeddable":true,"href":"https:\/\/leatai.com\/no\/wp-json\/wp\/v2\/product_brand?post=292737"},{"taxonomy":"product_cat","embeddable":true,"href":"https:\/\/leatai.com\/no\/wp-json\/wp\/v2\/product_cat?post=292737"},{"taxonomy":"product_tag","embeddable":true,"href":"https:\/\/leatai.com\/no\/wp-json\/wp\/v2\/product_tag?post=292737"},{"taxonomy":"home_works","embeddable":true,"href":"https:\/\/leatai.com\/no\/wp-json\/wp\/v2\/home_works?post=292737"}],"curies":[{"name":"wp","href":"https:\/\/api.w.org\/{rel}","templated":true}]}}