{"id":292692,"date":"2023-05-08T21:18:03","date_gmt":"2023-05-08T13:18:03","guid":{"rendered":"https:\/\/leatai.com\/product\/ukategorisert\/overleveringsmappe-biloverleveringsmappe-04\/"},"modified":"2026-03-25T16:21:22","modified_gmt":"2026-03-25T08:21:22","slug":"overleveringsmappe-biloverleveringsmappe-04","status":"publish","type":"product","link":"https:\/\/leatai.com\/no\/product\/overleverings-biloverleveringsveske\/overleveringsmappe-biloverleveringsmappe-04\/","title":{"rendered":"Overleveringsmappe \/ biloverleveringsmappe  &#8211; 04"},"content":{"rendered":"<p>Produktmodell: Overleveringsmappe \/ biloverleveringsmappe &#8211; 04<br \/>\nOmslagsmateriale: syntetisk skinn<br \/>\nFarge: svart<br \/>\nSpesifikasjoner: A4 <a href=\"https:\/\/leatai.com\/no\/faq\/hva-er-8k-16k-og-25k-planleggerstorrelser-hvor-store-er-de\/\" target=\"_blank\" rel=\"noopener\">(vanlige st\u00f8rrelser)<\/a><br \/>\nInnside: ingen <a href=\"https:\/\/leatai.com\/no\/produktkategori\/indre-sideformat\/a5-indre-sider\/\" target=\"_blank\" rel=\"noopener\">(valg av innsideformat)<\/a><br \/>\nEmballasje: OPP-pose (valgfritt)<br \/>\nLOGO-behandlingsmetoder: gullpreging, s\u00f8lvpreging, brennmerking<\/p>\n<p>Produktbeskrivelse<br \/>\nLeatai produktmodell: Overleveringsmappe \/ biloverleveringsmappe -04, denne modellen har egentlig en clipboard-struktur, med noen tilpasninger, forsterket magnetisk lukking og ekstra oppbevaringsplass p\u00e5 baksiden, med gjennomtenkte detaljer b\u00e5de foran og bak, ofte brukt i store selskaper for interne dokumentprosesser.<\/p>\n<p>\ud83d\udcd6For flere anbefalinger om tilpassede notatb\u00f8ker \/ tilpassede forretningsdagb\u00f8ker og trykkproduksjon, se:<br \/>\n<a href=\"https:\/\/leatai.com\/no\/produktkategori\/ulike-oem-prover\/oem-innbundet-notatbok\/\" target=\"_blank\" rel=\"noopener\">OEM\u2013innbundet bok<\/a><br \/>\n<a href=\"https:\/\/leatai.com\/no\/produktkategori\/ulike-oem-prover\/oem-losfals-notatbok\/\" target=\"_blank\" rel=\"noopener\">OEM\u2013l\u00f8sbladbok<\/a><br \/>\n<a href=\"https:\/\/leatai.com\/no\/produktkategori\/ulike-oem-prover\/oem-avtagbar-notatbok\/\" target=\"_blank\" rel=\"noopener\">OEM\u2013uttrekkbar l\u00f8sbladbok<\/a><br \/>\n<a href=\"https:\/\/leatai.com\/no\/produktkategori\/ulike-oem-prover\/oem-pocketbok-notatbok\/\" target=\"_blank\" rel=\"noopener\">OEM\u2013paperback bok<\/a><br \/>\n<a href=\"https:\/\/leatai.com\/no\/produktkategori\/ulike-oem-prover\/oem-spiralnotatbok\/\" target=\"_blank\" rel=\"noopener\">OEM\u2013spiralbundet bok<\/a><br \/>\n<a href=\"https:\/\/leatai.com\/no\/produktkategori\/ulike-oem-prover\/oem-kalender-no\/\" target=\"_blank\" rel=\"noopener\">OEM\u2013tilpasset rivekalender \/ tilpasset bordkalender trykk<\/a><br \/>\n<a href=\"https:\/\/leatai.com\/no\/produktkategori\/ulike-oem-prover\/oem-andre-no\/\" target=\"_blank\" rel=\"noopener\">OEM\u2013andre<\/a><\/p>\n<p>For fullstendig forklaring av st\u00f8rrelser, se: <a href=\"https:\/\/leatai.com\/no\/notatbokskunnskap\/papirstorrelsesguide-forsta-vanlige-storrelser-som-b3-a4-b5-8k-16k-og-mer-en-omfattende-storrelsesdiagram-for-enkel-referanse\/\" target=\"_blank\" rel=\"noopener\">Papirst\u00f8rrelsesguide: hvordan skille vanlige st\u00f8rrelser som B3, A4, B5, 8K, 16K? En oversiktstabell over papirst\u00f8rrelser som er enkel \u00e5 forst\u00e5!<\/a><\/p>\n","protected":false},"excerpt":{"rendered":"<p>Produktmodell: Overleveringsmappe \/ biloverleveringsmappe &#8211; 04 Omslagsmateriale: syntetisk skinn Farge: svart Spesifikasjoner: A4 (vanlige st\u00f8rrelser) Innside: ingen (valg av innsideformat) Emballasje: OPP-pose (valgfritt) LOGO-behandlingsmetoder: gullpreging, s\u00f8lvpreging, brennmerking Produktbeskrivelse Leatai produktmodell: Overleveringsmappe \/ biloverleveringsmappe -04, denne modellen har egentlig en clipboard-struktur, med noen tilpasninger, forsterket magnetisk lukking og ekstra oppbevaringsplass p\u00e5 baksiden, med gjennomtenkte detaljer b\u00e5de [&hellip;]<\/p>\n","protected":false},"featured_media":80637,"template":"","meta":{"_acf_changed":false},"product_brand":[],"product_cat":[811],"product_tag":[],"home_works":[],"class_list":{"0":"post-292692","1":"product","2":"type-product","3":"status-publish","4":"has-post-thumbnail","6":"product_cat-overleverings-biloverleveringsveske","8":"first","9":"outofstock","10":"sold-individually","11":"shipping-taxable","12":"purchasable","13":"product-type-variable","14":"has-default-attributes"},"acf":[],"yoast_head":"<!-- This site is optimized with the Yoast SEO plugin v27.2 - https:\/\/yoast.com\/product\/yoast-seo-wordpress\/ -->\n<title>Overleveringsmappe \/ biloverleveringsmappe - 04 - Leatai \u2013 Produsent av tilpassede notatb\u00f8ker<\/title>\n<meta name=\"description\" content=\"Leatai produktmodell: Overleveringsmappe \/ biloverleveringsmappe -04, denne modellen har egentlig en clipboard-struktur, med noen tilpasninger, forsterket magnetisk lukking og ekstra oppbevaringsplass p\u00e5 baksiden, med gjennomtenkte detaljer b\u00e5de foran og bak, ofte brukt i store selskaper for interne dokumentprosesser.\" \/>\n<meta name=\"robots\" content=\"index, follow, max-snippet:-1, max-image-preview:large, max-video-preview:-1\" \/>\n<link rel=\"canonical\" href=\"https:\/\/leatai.com\/no\/product\/overleverings-biloverleveringsveske\/overleveringsmappe-biloverleveringsmappe-04\/\" \/>\n<meta property=\"og:locale\" content=\"nb_NO\" \/>\n<meta property=\"og:type\" content=\"article\" \/>\n<meta property=\"og:title\" content=\"Overleveringsmappe \/ biloverleveringsmappe - 04 - Leatai \u2013 Produsent av tilpassede notatb\u00f8ker\" \/>\n<meta property=\"og:description\" content=\"Leatai produktmodell: Overleveringsmappe \/ biloverleveringsmappe -04, denne modellen har egentlig en clipboard-struktur, med noen tilpasninger, forsterket magnetisk lukking og ekstra oppbevaringsplass p\u00e5 baksiden, med gjennomtenkte detaljer b\u00e5de foran og bak, ofte brukt i store selskaper for interne dokumentprosesser.\" \/>\n<meta property=\"og:url\" content=\"https:\/\/leatai.com\/no\/product\/overleverings-biloverleveringsveske\/overleveringsmappe-biloverleveringsmappe-04\/\" \/>\n<meta property=\"og:site_name\" content=\"Leatai \u2013 Produsent av tilpassede notatb\u00f8ker\" \/>\n<meta property=\"article:modified_time\" content=\"2026-03-25T08:21:22+00:00\" \/>\n<meta property=\"og:image\" content=\"https:\/\/leatai.com\/wp-content\/uploads\/DSC_0376.jpg\" \/>\n\t<meta property=\"og:image:width\" content=\"1000\" \/>\n\t<meta property=\"og:image:height\" content=\"750\" \/>\n\t<meta property=\"og:image:type\" content=\"image\/jpeg\" \/>\n<meta name=\"twitter:card\" content=\"summary_large_image\" \/>\n<meta name=\"twitter:label1\" content=\"Ansl. lesetid\" \/>\n\t<meta name=\"twitter:data1\" content=\"1 minutt\" \/>\n<script type=\"application\/ld+json\" class=\"yoast-schema-graph\">{\"@context\":\"https:\/\/schema.org\",\"@graph\":[{\"@type\":\"WebPage\",\"@id\":\"https:\/\/leatai.com\/no\/product\/overleverings-biloverleveringsveske\/overleveringsmappe-biloverleveringsmappe-04\/\",\"url\":\"https:\/\/leatai.com\/no\/product\/overleverings-biloverleveringsveske\/overleveringsmappe-biloverleveringsmappe-04\/\",\"name\":\"Overleveringsmappe \/ biloverleveringsmappe - 04 - Leatai \u2013 Produsent av tilpassede notatb\u00f8ker\",\"isPartOf\":{\"@id\":\"https:\/\/leatai.com\/no\/#website\"},\"primaryImageOfPage\":{\"@id\":\"https:\/\/leatai.com\/no\/product\/overleverings-biloverleveringsveske\/overleveringsmappe-biloverleveringsmappe-04\/#primaryimage\"},\"image\":{\"@id\":\"https:\/\/leatai.com\/no\/product\/overleverings-biloverleveringsveske\/overleveringsmappe-biloverleveringsmappe-04\/#primaryimage\"},\"thumbnailUrl\":\"https:\/\/leatai.com\/wp-content\/uploads\/DSC_0376.jpg\",\"datePublished\":\"2023-05-08T13:18:03+00:00\",\"dateModified\":\"2026-03-25T08:21:22+00:00\",\"description\":\"Leatai produktmodell: Overleveringsmappe \/ biloverleveringsmappe -04, denne modellen har egentlig en clipboard-struktur, med noen tilpasninger, forsterket magnetisk lukking og ekstra oppbevaringsplass p\u00e5 baksiden, med gjennomtenkte detaljer b\u00e5de foran og bak, ofte brukt i store selskaper for interne dokumentprosesser.\",\"breadcrumb\":{\"@id\":\"https:\/\/leatai.com\/no\/product\/overleverings-biloverleveringsveske\/overleveringsmappe-biloverleveringsmappe-04\/#breadcrumb\"},\"inLanguage\":\"nb-NO\",\"potentialAction\":[{\"@type\":\"ReadAction\",\"target\":[\"https:\/\/leatai.com\/no\/product\/overleverings-biloverleveringsveske\/overleveringsmappe-biloverleveringsmappe-04\/\"]}]},{\"@type\":\"ImageObject\",\"inLanguage\":\"nb-NO\",\"@id\":\"https:\/\/leatai.com\/no\/product\/overleverings-biloverleveringsveske\/overleveringsmappe-biloverleveringsmappe-04\/#primaryimage\",\"url\":\"https:\/\/leatai.com\/wp-content\/uploads\/DSC_0376.jpg\",\"contentUrl\":\"https:\/\/leatai.com\/wp-content\/uploads\/DSC_0376.jpg\",\"width\":1000,\"height\":750,\"caption\":\"Overleveringsmappe \/ biloverleveringsmappe\"},{\"@type\":\"BreadcrumbList\",\"@id\":\"https:\/\/leatai.com\/no\/product\/overleverings-biloverleveringsveske\/overleveringsmappe-biloverleveringsmappe-04\/#breadcrumb\",\"itemListElement\":[{\"@type\":\"ListItem\",\"position\":1,\"name\":\"Home\",\"item\":\"https:\/\/leatai.com\/no\/\"},{\"@type\":\"ListItem\",\"position\":2,\"name\":\"Produktpresentasjon\",\"item\":\"https:\/\/leatai.com\/products\/\"},{\"@type\":\"ListItem\",\"position\":3,\"name\":\"Overleverings-\/Biloverleveringsveske\",\"item\":\"https:\/\/leatai.com\/no\/produktkategori\/overleverings-biloverleveringsveske\/\"},{\"@type\":\"ListItem\",\"position\":4,\"name\":\"Overleveringsmappe \/ biloverleveringsmappe &#8211; 04\"}]},{\"@type\":\"WebSite\",\"@id\":\"https:\/\/leatai.com\/no\/#website\",\"url\":\"https:\/\/leatai.com\/no\/\",\"name\":\"Leatai \u2013 Produsent av tilpassede notatb\u00f8ker\",\"description\":\"Leatai tilbyr tilpassede notatb\u00f8ker og planleggere til globale merkevarer og distribut\u00f8rer.\",\"publisher\":{\"@id\":\"https:\/\/leatai.com\/no\/#organization\"},\"potentialAction\":[{\"@type\":\"SearchAction\",\"target\":{\"@type\":\"EntryPoint\",\"urlTemplate\":\"https:\/\/leatai.com\/no\/?s={search_term_string}\"},\"query-input\":{\"@type\":\"PropertyValueSpecification\",\"valueRequired\":true,\"valueName\":\"search_term_string\"}}],\"inLanguage\":\"nb-NO\"},{\"@type\":\"Organization\",\"@id\":\"https:\/\/leatai.com\/no\/#organization\",\"name\":\"Leatai Diary, customized journal and business organizer\",\"url\":\"https:\/\/leatai.com\/no\/\",\"logo\":{\"@type\":\"ImageObject\",\"inLanguage\":\"nb-NO\",\"@id\":\"https:\/\/leatai.com\/no\/#\/schema\/logo\/image\/\",\"url\":\"https:\/\/leatai.com\/wp-content\/uploads\/logo-blue.png\",\"contentUrl\":\"https:\/\/leatai.com\/wp-content\/uploads\/logo-blue.png\",\"width\":230,\"height\":60,\"caption\":\"Leatai Diary, customized journal and business organizer\"},\"image\":{\"@id\":\"https:\/\/leatai.com\/no\/#\/schema\/logo\/image\/\"}}]}<\/script>\n<!-- \/ Yoast SEO plugin. -->","yoast_head_json":{"title":"Overleveringsmappe \/ biloverleveringsmappe - 04 - Leatai \u2013 Produsent av tilpassede notatb\u00f8ker","description":"Leatai produktmodell: Overleveringsmappe \/ biloverleveringsmappe -04, denne modellen har egentlig en clipboard-struktur, med noen tilpasninger, forsterket magnetisk lukking og ekstra oppbevaringsplass p\u00e5 baksiden, med gjennomtenkte detaljer b\u00e5de foran og bak, ofte brukt i store selskaper for interne dokumentprosesser.","robots":{"index":"index","follow":"follow","max-snippet":"max-snippet:-1","max-image-preview":"max-image-preview:large","max-video-preview":"max-video-preview:-1"},"canonical":"https:\/\/leatai.com\/no\/product\/overleverings-biloverleveringsveske\/overleveringsmappe-biloverleveringsmappe-04\/","og_locale":"nb_NO","og_type":"article","og_title":"Overleveringsmappe \/ biloverleveringsmappe - 04 - Leatai \u2013 Produsent av tilpassede notatb\u00f8ker","og_description":"Leatai produktmodell: Overleveringsmappe \/ biloverleveringsmappe -04, denne modellen har egentlig en clipboard-struktur, med noen tilpasninger, forsterket magnetisk lukking og ekstra oppbevaringsplass p\u00e5 baksiden, med gjennomtenkte detaljer b\u00e5de foran og bak, ofte brukt i store selskaper for interne dokumentprosesser.","og_url":"https:\/\/leatai.com\/no\/product\/overleverings-biloverleveringsveske\/overleveringsmappe-biloverleveringsmappe-04\/","og_site_name":"Leatai \u2013 Produsent av tilpassede notatb\u00f8ker","article_modified_time":"2026-03-25T08:21:22+00:00","og_image":[{"width":1000,"height":750,"url":"https:\/\/leatai.com\/wp-content\/uploads\/DSC_0376.jpg","type":"image\/jpeg"}],"twitter_card":"summary_large_image","twitter_misc":{"Ansl. lesetid":"1 minutt"},"schema":{"@context":"https:\/\/schema.org","@graph":[{"@type":"WebPage","@id":"https:\/\/leatai.com\/no\/product\/overleverings-biloverleveringsveske\/overleveringsmappe-biloverleveringsmappe-04\/","url":"https:\/\/leatai.com\/no\/product\/overleverings-biloverleveringsveske\/overleveringsmappe-biloverleveringsmappe-04\/","name":"Overleveringsmappe \/ biloverleveringsmappe - 04 - Leatai \u2013 Produsent av tilpassede notatb\u00f8ker","isPartOf":{"@id":"https:\/\/leatai.com\/no\/#website"},"primaryImageOfPage":{"@id":"https:\/\/leatai.com\/no\/product\/overleverings-biloverleveringsveske\/overleveringsmappe-biloverleveringsmappe-04\/#primaryimage"},"image":{"@id":"https:\/\/leatai.com\/no\/product\/overleverings-biloverleveringsveske\/overleveringsmappe-biloverleveringsmappe-04\/#primaryimage"},"thumbnailUrl":"https:\/\/leatai.com\/wp-content\/uploads\/DSC_0376.jpg","datePublished":"2023-05-08T13:18:03+00:00","dateModified":"2026-03-25T08:21:22+00:00","description":"Leatai produktmodell: Overleveringsmappe \/ biloverleveringsmappe -04, denne modellen har egentlig en clipboard-struktur, med noen tilpasninger, forsterket magnetisk lukking og ekstra oppbevaringsplass p\u00e5 baksiden, med gjennomtenkte detaljer b\u00e5de foran og bak, ofte brukt i store selskaper for interne dokumentprosesser.","breadcrumb":{"@id":"https:\/\/leatai.com\/no\/product\/overleverings-biloverleveringsveske\/overleveringsmappe-biloverleveringsmappe-04\/#breadcrumb"},"inLanguage":"nb-NO","potentialAction":[{"@type":"ReadAction","target":["https:\/\/leatai.com\/no\/product\/overleverings-biloverleveringsveske\/overleveringsmappe-biloverleveringsmappe-04\/"]}]},{"@type":"ImageObject","inLanguage":"nb-NO","@id":"https:\/\/leatai.com\/no\/product\/overleverings-biloverleveringsveske\/overleveringsmappe-biloverleveringsmappe-04\/#primaryimage","url":"https:\/\/leatai.com\/wp-content\/uploads\/DSC_0376.jpg","contentUrl":"https:\/\/leatai.com\/wp-content\/uploads\/DSC_0376.jpg","width":1000,"height":750,"caption":"Overleveringsmappe \/ biloverleveringsmappe"},{"@type":"BreadcrumbList","@id":"https:\/\/leatai.com\/no\/product\/overleverings-biloverleveringsveske\/overleveringsmappe-biloverleveringsmappe-04\/#breadcrumb","itemListElement":[{"@type":"ListItem","position":1,"name":"Home","item":"https:\/\/leatai.com\/no\/"},{"@type":"ListItem","position":2,"name":"Produktpresentasjon","item":"https:\/\/leatai.com\/products\/"},{"@type":"ListItem","position":3,"name":"Overleverings-\/Biloverleveringsveske","item":"https:\/\/leatai.com\/no\/produktkategori\/overleverings-biloverleveringsveske\/"},{"@type":"ListItem","position":4,"name":"Overleveringsmappe \/ biloverleveringsmappe &#8211; 04"}]},{"@type":"WebSite","@id":"https:\/\/leatai.com\/no\/#website","url":"https:\/\/leatai.com\/no\/","name":"Leatai \u2013 Produsent av tilpassede notatb\u00f8ker","description":"Leatai tilbyr tilpassede notatb\u00f8ker og planleggere til globale merkevarer og distribut\u00f8rer.","publisher":{"@id":"https:\/\/leatai.com\/no\/#organization"},"potentialAction":[{"@type":"SearchAction","target":{"@type":"EntryPoint","urlTemplate":"https:\/\/leatai.com\/no\/?s={search_term_string}"},"query-input":{"@type":"PropertyValueSpecification","valueRequired":true,"valueName":"search_term_string"}}],"inLanguage":"nb-NO"},{"@type":"Organization","@id":"https:\/\/leatai.com\/no\/#organization","name":"Leatai Diary, customized journal and business organizer","url":"https:\/\/leatai.com\/no\/","logo":{"@type":"ImageObject","inLanguage":"nb-NO","@id":"https:\/\/leatai.com\/no\/#\/schema\/logo\/image\/","url":"https:\/\/leatai.com\/wp-content\/uploads\/logo-blue.png","contentUrl":"https:\/\/leatai.com\/wp-content\/uploads\/logo-blue.png","width":230,"height":60,"caption":"Leatai Diary, customized journal and business organizer"},"image":{"@id":"https:\/\/leatai.com\/no\/#\/schema\/logo\/image\/"}}]}},"_links":{"self":[{"href":"https:\/\/leatai.com\/no\/wp-json\/wp\/v2\/product\/292692","targetHints":{"allow":["GET"]}}],"collection":[{"href":"https:\/\/leatai.com\/no\/wp-json\/wp\/v2\/product"}],"about":[{"href":"https:\/\/leatai.com\/no\/wp-json\/wp\/v2\/types\/product"}],"wp:featuredmedia":[{"embeddable":true,"href":"https:\/\/leatai.com\/no\/wp-json\/wp\/v2\/media\/80637"}],"wp:attachment":[{"href":"https:\/\/leatai.com\/no\/wp-json\/wp\/v2\/media?parent=292692"}],"wp:term":[{"taxonomy":"product_brand","embeddable":true,"href":"https:\/\/leatai.com\/no\/wp-json\/wp\/v2\/product_brand?post=292692"},{"taxonomy":"product_cat","embeddable":true,"href":"https:\/\/leatai.com\/no\/wp-json\/wp\/v2\/product_cat?post=292692"},{"taxonomy":"product_tag","embeddable":true,"href":"https:\/\/leatai.com\/no\/wp-json\/wp\/v2\/product_tag?post=292692"},{"taxonomy":"home_works","embeddable":true,"href":"https:\/\/leatai.com\/no\/wp-json\/wp\/v2\/home_works?post=292692"}],"curies":[{"name":"wp","href":"https:\/\/api.w.org\/{rel}","templated":true}]}}