{"id":288463,"date":"2021-06-24T13:38:08","date_gmt":"2021-06-24T05:38:08","guid":{"rendered":"https:\/\/leatai.com\/product\/ukategorisert\/lef-026\/"},"modified":"2026-03-24T16:06:09","modified_gmt":"2026-03-24T08:06:09","slug":"lef-026","status":"publish","type":"product","link":"https:\/\/leatai.com\/no\/product\/tilpasset-notatbok\/loseblad-notatbok\/lef-026\/","title":{"rendered":"LEF-026"},"content":{"rendered":"<p>Produktmodell: LEF-026<br \/>\nOmslagsmateriale: PU syntetisk l\u00e6r<br \/>\nOmslagsfarge: Hip-hop gul<br \/>\nSpesifikasjoner: 16K \/ 25K \/ 48K <a href=\"https:\/\/leatai.com\/no\/faq\/hva-er-8k-16k-og-25k-planleggerstorrelser-hvor-store-er-de\/\" target=\"_blank\" rel=\"noopener\">(vanlige st\u00f8rrelser)<\/a><br \/>\nInnersider: standard <a href=\"https:\/\/leatai.com\/no\/produktkategori\/indre-sideformat\/\" target=\"_blank\" rel=\"noopener\">(valg av innsideformat)<\/a><br \/>\nEmballasje: OPP-pose (valgfritt)<br \/>\nLOGO-behandlingsmetoder: Gullpreging, s\u00f8lvpreging, brennmerking<\/p>\n<p>Produktbeskrivelse:<br \/>\nLeatai produktmodell: LEF-026. Med en s\u00e5 livlig gul farge, hvis man preger en svart logo, minner det ikke litt om en viss magisk figur? Man trodde f\u00f8rst at den ville v\u00e6re mer nisjepreget, men den har overraskende blitt godt mottatt av mange store selskaper. Det ser ut til at alle deler de samme barndomsminnene.<\/p>\n<p>\ud83d\udcd6For flere anbefalinger om tilpassede notatb\u00f8ker \/ tilpassede forretningsdagb\u00f8ker og trykkproduksjon, se:<br \/>\n<a href=\"https:\/\/leatai.com\/no\/produktkategori\/ulike-oem-prover\/oem-innbundet-notatbok\/\" target=\"_blank\" rel=\"noopener\">OEM\u2013innbundet bok<\/a><br \/>\n<a href=\"https:\/\/leatai.com\/no\/produktkategori\/ulike-oem-prover\/oem-losfals-notatbok\/\" target=\"_blank\" rel=\"noopener\">OEM\u2013l\u00f8sbladbok<\/a><br \/>\n<a href=\"https:\/\/leatai.com\/no\/produktkategori\/ulike-oem-prover\/oem-avtagbar-notatbok\/\" target=\"_blank\" rel=\"noopener\">OEM\u2013uttrekkbar l\u00f8sbladbok<\/a><br \/>\n<a href=\"https:\/\/leatai.com\/no\/produktkategori\/ulike-oem-prover\/oem-pocketbok-notatbok\/\" target=\"_blank\" rel=\"noopener\">OEM\u2013paperback bok<\/a><br \/>\n<a href=\"https:\/\/leatai.com\/no\/produktkategori\/ulike-oem-prover\/oem-spiralnotatbok\/\" target=\"_blank\" rel=\"noopener\">OEM\u2013spiralbundet bok<\/a><br \/>\n<a href=\"https:\/\/leatai.com\/no\/produktkategori\/ulike-oem-prover\/oem-kalender-no\/\" target=\"_blank\" rel=\"noopener\">OEM\u2013tilpasset rivekalender \/ tilpasset bordkalender trykk<\/a><br \/>\n<a href=\"https:\/\/leatai.com\/no\/produktkategori\/ulike-oem-prover\/oem-andre-no\/\" target=\"_blank\" rel=\"noopener\">OEM\u2013andre<\/a><\/p>\n<p>For fullstendig forklaring av st\u00f8rrelser, se: <a href=\"https:\/\/leatai.com\/no\/notatbokskunnskap\/papirstorrelsesguide-forsta-vanlige-storrelser-som-b3-a4-b5-8k-16k-og-mer-en-omfattende-storrelsesdiagram-for-enkel-referanse\/\" target=\"_blank\" rel=\"noopener\">Papirst\u00f8rrelsesguide: hvordan skille vanlige st\u00f8rrelser som B3, A4, B5, 8K, 16K? En oversiktstabell over papirst\u00f8rrelser som er enkel \u00e5 forst\u00e5!<\/a><\/p>\n","protected":false},"excerpt":{"rendered":"<p>Produktmodell: LEF-026 Omslagsmateriale: PU syntetisk l\u00e6r Omslagsfarge: Hip-hop gul Spesifikasjoner: 16K \/ 25K \/ 48K (vanlige st\u00f8rrelser) Innersider: standard (valg av innsideformat) Emballasje: OPP-pose (valgfritt) LOGO-behandlingsmetoder: Gullpreging, s\u00f8lvpreging, brennmerking Produktbeskrivelse: Leatai produktmodell: LEF-026. Med en s\u00e5 livlig gul farge, hvis man preger en svart logo, minner det ikke litt om en viss magisk figur? Man [&hellip;]<\/p>\n","protected":false},"featured_media":288464,"template":"","meta":{"_acf_changed":false},"product_brand":[],"product_cat":[765],"product_tag":[1763],"home_works":[],"class_list":{"0":"post-288463","1":"product","2":"type-product","3":"status-publish","4":"has-post-thumbnail","6":"product_cat-loseblad-notatbok","7":"product_tag-tilpasset-notatbok","9":"first","10":"outofstock","11":"sold-individually","12":"shipping-taxable","13":"purchasable","14":"product-type-variable","15":"has-default-attributes"},"acf":[],"yoast_head":"<!-- This site is optimized with the Yoast SEO plugin v27.2 - https:\/\/yoast.com\/product\/yoast-seo-wordpress\/ -->\n<title>LEF-026 - Overraskende nok er ogs\u00e5 den livlige gule fargen s\u00e5 popul\u00e6r- Leatai \u2013 Produsent av tilpassede notatb\u00f8ker<\/title>\n<meta name=\"description\" content=\"Leatai produktmodell: LEF-026. Med en s\u00e5 livlig gul farge, hvis man preger en svart logo, minner det ikke litt om en viss magisk figur? Man trodde f\u00f8rst at den ville v\u00e6re mer nisjepreget, men den har overraskende blitt godt mottatt av mange store selskaper. Det ser ut til at alle deler de samme barndomsminnene.\" \/>\n<meta name=\"robots\" content=\"index, follow, max-snippet:-1, max-image-preview:large, max-video-preview:-1\" \/>\n<link rel=\"canonical\" href=\"https:\/\/leatai.com\/no\/product\/tilpasset-notatbok\/loseblad-notatbok\/lef-026\/\" \/>\n<meta property=\"og:locale\" content=\"nb_NO\" \/>\n<meta property=\"og:type\" content=\"article\" \/>\n<meta property=\"og:title\" content=\"LEF-026 - Overraskende nok er ogs\u00e5 den livlige gule fargen s\u00e5 popul\u00e6r- Leatai \u2013 Produsent av tilpassede notatb\u00f8ker\" \/>\n<meta property=\"og:description\" content=\"Leatai produktmodell: LEF-026. Med en s\u00e5 livlig gul farge, hvis man preger en svart logo, minner det ikke litt om en viss magisk figur? Man trodde f\u00f8rst at den ville v\u00e6re mer nisjepreget, men den har overraskende blitt godt mottatt av mange store selskaper. Det ser ut til at alle deler de samme barndomsminnene.\" \/>\n<meta property=\"og:url\" content=\"https:\/\/leatai.com\/no\/product\/tilpasset-notatbok\/loseblad-notatbok\/lef-026\/\" \/>\n<meta property=\"og:site_name\" content=\"Leatai \u2013 Produsent av tilpassede notatb\u00f8ker\" \/>\n<meta property=\"article:modified_time\" content=\"2026-03-24T08:06:09+00:00\" \/>\n<meta property=\"og:image\" content=\"https:\/\/leatai.com\/wp-content\/uploads\/2015_09_19_1723180.jpg\" \/>\n\t<meta property=\"og:image:width\" content=\"1000\" \/>\n\t<meta property=\"og:image:height\" content=\"750\" \/>\n\t<meta property=\"og:image:type\" content=\"image\/jpeg\" \/>\n<meta name=\"twitter:card\" content=\"summary_large_image\" \/>\n<meta name=\"twitter:label1\" content=\"Ansl. lesetid\" \/>\n\t<meta name=\"twitter:data1\" content=\"1 minutt\" \/>\n<script type=\"application\/ld+json\" class=\"yoast-schema-graph\">{\"@context\":\"https:\/\/schema.org\",\"@graph\":[{\"@type\":\"WebPage\",\"@id\":\"https:\/\/leatai.com\/no\/product\/tilpasset-notatbok\/loseblad-notatbok\/lef-026\/\",\"url\":\"https:\/\/leatai.com\/no\/product\/tilpasset-notatbok\/loseblad-notatbok\/lef-026\/\",\"name\":\"LEF-026 - Overraskende nok er ogs\u00e5 den livlige gule fargen s\u00e5 popul\u00e6r- Leatai \u2013 Produsent av tilpassede notatb\u00f8ker\",\"isPartOf\":{\"@id\":\"https:\/\/leatai.com\/no\/#website\"},\"primaryImageOfPage\":{\"@id\":\"https:\/\/leatai.com\/no\/product\/tilpasset-notatbok\/loseblad-notatbok\/lef-026\/#primaryimage\"},\"image\":{\"@id\":\"https:\/\/leatai.com\/no\/product\/tilpasset-notatbok\/loseblad-notatbok\/lef-026\/#primaryimage\"},\"thumbnailUrl\":\"https:\/\/leatai.com\/wp-content\/uploads\/2015_09_19_1723180.jpg\",\"datePublished\":\"2021-06-24T05:38:08+00:00\",\"dateModified\":\"2026-03-24T08:06:09+00:00\",\"description\":\"Leatai produktmodell: LEF-026. Med en s\u00e5 livlig gul farge, hvis man preger en svart logo, minner det ikke litt om en viss magisk figur? Man trodde f\u00f8rst at den ville v\u00e6re mer nisjepreget, men den har overraskende blitt godt mottatt av mange store selskaper. Det ser ut til at alle deler de samme barndomsminnene.\",\"breadcrumb\":{\"@id\":\"https:\/\/leatai.com\/no\/product\/tilpasset-notatbok\/loseblad-notatbok\/lef-026\/#breadcrumb\"},\"inLanguage\":\"nb-NO\",\"potentialAction\":[{\"@type\":\"ReadAction\",\"target\":[\"https:\/\/leatai.com\/no\/product\/tilpasset-notatbok\/loseblad-notatbok\/lef-026\/\"]}]},{\"@type\":\"ImageObject\",\"inLanguage\":\"nb-NO\",\"@id\":\"https:\/\/leatai.com\/no\/product\/tilpasset-notatbok\/loseblad-notatbok\/lef-026\/#primaryimage\",\"url\":\"https:\/\/leatai.com\/wp-content\/uploads\/2015_09_19_1723180.jpg\",\"contentUrl\":\"https:\/\/leatai.com\/wp-content\/uploads\/2015_09_19_1723180.jpg\",\"width\":1000,\"height\":750,\"caption\":\"Forretningsdagbok\"},{\"@type\":\"BreadcrumbList\",\"@id\":\"https:\/\/leatai.com\/no\/product\/tilpasset-notatbok\/loseblad-notatbok\/lef-026\/#breadcrumb\",\"itemListElement\":[{\"@type\":\"ListItem\",\"position\":1,\"name\":\"Home\",\"item\":\"https:\/\/leatai.com\/no\/\"},{\"@type\":\"ListItem\",\"position\":2,\"name\":\"Produktpresentasjon\",\"item\":\"https:\/\/leatai.com\/products\/\"},{\"@type\":\"ListItem\",\"position\":3,\"name\":\"Tilpasset notatbok\",\"item\":\"https:\/\/leatai.com\/no\/produktkategori\/tilpasset-notatbok\/\"},{\"@type\":\"ListItem\",\"position\":4,\"name\":\"L\u00f8seblad notatbok\",\"item\":\"https:\/\/leatai.com\/no\/produktkategori\/tilpasset-notatbok\/loseblad-notatbok\/\"},{\"@type\":\"ListItem\",\"position\":5,\"name\":\"LEF-026\"}]},{\"@type\":\"WebSite\",\"@id\":\"https:\/\/leatai.com\/no\/#website\",\"url\":\"https:\/\/leatai.com\/no\/\",\"name\":\"Leatai \u2013 Produsent av tilpassede notatb\u00f8ker\",\"description\":\"Leatai tilbyr tilpassede notatb\u00f8ker og planleggere til globale merkevarer og distribut\u00f8rer.\",\"publisher\":{\"@id\":\"https:\/\/leatai.com\/no\/#organization\"},\"potentialAction\":[{\"@type\":\"SearchAction\",\"target\":{\"@type\":\"EntryPoint\",\"urlTemplate\":\"https:\/\/leatai.com\/no\/?s={search_term_string}\"},\"query-input\":{\"@type\":\"PropertyValueSpecification\",\"valueRequired\":true,\"valueName\":\"search_term_string\"}}],\"inLanguage\":\"nb-NO\"},{\"@type\":\"Organization\",\"@id\":\"https:\/\/leatai.com\/no\/#organization\",\"name\":\"Leatai Diary, customized journal and business organizer\",\"url\":\"https:\/\/leatai.com\/no\/\",\"logo\":{\"@type\":\"ImageObject\",\"inLanguage\":\"nb-NO\",\"@id\":\"https:\/\/leatai.com\/no\/#\/schema\/logo\/image\/\",\"url\":\"https:\/\/leatai.com\/wp-content\/uploads\/logo-blue.png\",\"contentUrl\":\"https:\/\/leatai.com\/wp-content\/uploads\/logo-blue.png\",\"width\":230,\"height\":60,\"caption\":\"Leatai Diary, customized journal and business organizer\"},\"image\":{\"@id\":\"https:\/\/leatai.com\/no\/#\/schema\/logo\/image\/\"}}]}<\/script>\n<!-- \/ Yoast SEO plugin. -->","yoast_head_json":{"title":"LEF-026 - Overraskende nok er ogs\u00e5 den livlige gule fargen s\u00e5 popul\u00e6r- Leatai \u2013 Produsent av tilpassede notatb\u00f8ker","description":"Leatai produktmodell: LEF-026. Med en s\u00e5 livlig gul farge, hvis man preger en svart logo, minner det ikke litt om en viss magisk figur? Man trodde f\u00f8rst at den ville v\u00e6re mer nisjepreget, men den har overraskende blitt godt mottatt av mange store selskaper. Det ser ut til at alle deler de samme barndomsminnene.","robots":{"index":"index","follow":"follow","max-snippet":"max-snippet:-1","max-image-preview":"max-image-preview:large","max-video-preview":"max-video-preview:-1"},"canonical":"https:\/\/leatai.com\/no\/product\/tilpasset-notatbok\/loseblad-notatbok\/lef-026\/","og_locale":"nb_NO","og_type":"article","og_title":"LEF-026 - Overraskende nok er ogs\u00e5 den livlige gule fargen s\u00e5 popul\u00e6r- Leatai \u2013 Produsent av tilpassede notatb\u00f8ker","og_description":"Leatai produktmodell: LEF-026. Med en s\u00e5 livlig gul farge, hvis man preger en svart logo, minner det ikke litt om en viss magisk figur? Man trodde f\u00f8rst at den ville v\u00e6re mer nisjepreget, men den har overraskende blitt godt mottatt av mange store selskaper. Det ser ut til at alle deler de samme barndomsminnene.","og_url":"https:\/\/leatai.com\/no\/product\/tilpasset-notatbok\/loseblad-notatbok\/lef-026\/","og_site_name":"Leatai \u2013 Produsent av tilpassede notatb\u00f8ker","article_modified_time":"2026-03-24T08:06:09+00:00","og_image":[{"width":1000,"height":750,"url":"https:\/\/leatai.com\/wp-content\/uploads\/2015_09_19_1723180.jpg","type":"image\/jpeg"}],"twitter_card":"summary_large_image","twitter_misc":{"Ansl. lesetid":"1 minutt"},"schema":{"@context":"https:\/\/schema.org","@graph":[{"@type":"WebPage","@id":"https:\/\/leatai.com\/no\/product\/tilpasset-notatbok\/loseblad-notatbok\/lef-026\/","url":"https:\/\/leatai.com\/no\/product\/tilpasset-notatbok\/loseblad-notatbok\/lef-026\/","name":"LEF-026 - Overraskende nok er ogs\u00e5 den livlige gule fargen s\u00e5 popul\u00e6r- Leatai \u2013 Produsent av tilpassede notatb\u00f8ker","isPartOf":{"@id":"https:\/\/leatai.com\/no\/#website"},"primaryImageOfPage":{"@id":"https:\/\/leatai.com\/no\/product\/tilpasset-notatbok\/loseblad-notatbok\/lef-026\/#primaryimage"},"image":{"@id":"https:\/\/leatai.com\/no\/product\/tilpasset-notatbok\/loseblad-notatbok\/lef-026\/#primaryimage"},"thumbnailUrl":"https:\/\/leatai.com\/wp-content\/uploads\/2015_09_19_1723180.jpg","datePublished":"2021-06-24T05:38:08+00:00","dateModified":"2026-03-24T08:06:09+00:00","description":"Leatai produktmodell: LEF-026. Med en s\u00e5 livlig gul farge, hvis man preger en svart logo, minner det ikke litt om en viss magisk figur? Man trodde f\u00f8rst at den ville v\u00e6re mer nisjepreget, men den har overraskende blitt godt mottatt av mange store selskaper. Det ser ut til at alle deler de samme barndomsminnene.","breadcrumb":{"@id":"https:\/\/leatai.com\/no\/product\/tilpasset-notatbok\/loseblad-notatbok\/lef-026\/#breadcrumb"},"inLanguage":"nb-NO","potentialAction":[{"@type":"ReadAction","target":["https:\/\/leatai.com\/no\/product\/tilpasset-notatbok\/loseblad-notatbok\/lef-026\/"]}]},{"@type":"ImageObject","inLanguage":"nb-NO","@id":"https:\/\/leatai.com\/no\/product\/tilpasset-notatbok\/loseblad-notatbok\/lef-026\/#primaryimage","url":"https:\/\/leatai.com\/wp-content\/uploads\/2015_09_19_1723180.jpg","contentUrl":"https:\/\/leatai.com\/wp-content\/uploads\/2015_09_19_1723180.jpg","width":1000,"height":750,"caption":"Forretningsdagbok"},{"@type":"BreadcrumbList","@id":"https:\/\/leatai.com\/no\/product\/tilpasset-notatbok\/loseblad-notatbok\/lef-026\/#breadcrumb","itemListElement":[{"@type":"ListItem","position":1,"name":"Home","item":"https:\/\/leatai.com\/no\/"},{"@type":"ListItem","position":2,"name":"Produktpresentasjon","item":"https:\/\/leatai.com\/products\/"},{"@type":"ListItem","position":3,"name":"Tilpasset notatbok","item":"https:\/\/leatai.com\/no\/produktkategori\/tilpasset-notatbok\/"},{"@type":"ListItem","position":4,"name":"L\u00f8seblad notatbok","item":"https:\/\/leatai.com\/no\/produktkategori\/tilpasset-notatbok\/loseblad-notatbok\/"},{"@type":"ListItem","position":5,"name":"LEF-026"}]},{"@type":"WebSite","@id":"https:\/\/leatai.com\/no\/#website","url":"https:\/\/leatai.com\/no\/","name":"Leatai \u2013 Produsent av tilpassede notatb\u00f8ker","description":"Leatai tilbyr tilpassede notatb\u00f8ker og planleggere til globale merkevarer og distribut\u00f8rer.","publisher":{"@id":"https:\/\/leatai.com\/no\/#organization"},"potentialAction":[{"@type":"SearchAction","target":{"@type":"EntryPoint","urlTemplate":"https:\/\/leatai.com\/no\/?s={search_term_string}"},"query-input":{"@type":"PropertyValueSpecification","valueRequired":true,"valueName":"search_term_string"}}],"inLanguage":"nb-NO"},{"@type":"Organization","@id":"https:\/\/leatai.com\/no\/#organization","name":"Leatai Diary, customized journal and business organizer","url":"https:\/\/leatai.com\/no\/","logo":{"@type":"ImageObject","inLanguage":"nb-NO","@id":"https:\/\/leatai.com\/no\/#\/schema\/logo\/image\/","url":"https:\/\/leatai.com\/wp-content\/uploads\/logo-blue.png","contentUrl":"https:\/\/leatai.com\/wp-content\/uploads\/logo-blue.png","width":230,"height":60,"caption":"Leatai Diary, customized journal and business organizer"},"image":{"@id":"https:\/\/leatai.com\/no\/#\/schema\/logo\/image\/"}}]}},"_links":{"self":[{"href":"https:\/\/leatai.com\/no\/wp-json\/wp\/v2\/product\/288463","targetHints":{"allow":["GET"]}}],"collection":[{"href":"https:\/\/leatai.com\/no\/wp-json\/wp\/v2\/product"}],"about":[{"href":"https:\/\/leatai.com\/no\/wp-json\/wp\/v2\/types\/product"}],"wp:featuredmedia":[{"embeddable":true,"href":"https:\/\/leatai.com\/no\/wp-json\/wp\/v2\/media\/288464"}],"wp:attachment":[{"href":"https:\/\/leatai.com\/no\/wp-json\/wp\/v2\/media?parent=288463"}],"wp:term":[{"taxonomy":"product_brand","embeddable":true,"href":"https:\/\/leatai.com\/no\/wp-json\/wp\/v2\/product_brand?post=288463"},{"taxonomy":"product_cat","embeddable":true,"href":"https:\/\/leatai.com\/no\/wp-json\/wp\/v2\/product_cat?post=288463"},{"taxonomy":"product_tag","embeddable":true,"href":"https:\/\/leatai.com\/no\/wp-json\/wp\/v2\/product_tag?post=288463"},{"taxonomy":"home_works","embeddable":true,"href":"https:\/\/leatai.com\/no\/wp-json\/wp\/v2\/home_works?post=288463"}],"curies":[{"name":"wp","href":"https:\/\/api.w.org\/{rel}","templated":true}]}}