{"id":283599,"date":"2021-06-24T13:29:16","date_gmt":"2021-06-24T05:29:16","guid":{"rendered":"https:\/\/leatai.com\/product\/ukategorisert\/tilbehor-rosegull-moso-bambus-uttrekkbar-klemme\/"},"modified":"2026-03-19T15:36:36","modified_gmt":"2026-03-19T07:36:36","slug":"tilbehor-rosegull-moso-bambus-uttrekkbar-klemme","status":"publish","type":"product","link":"https:\/\/leatai.com\/no\/product\/tilpasset-notatbok\/avtakbar-notatbok\/tilbehor-rosegull-moso-bambus-uttrekkbar-klemme\/","title":{"rendered":"Tilbeh\u00f8r \u2013 rosegull + Moso-bambus uttrekkbar klemme"},"content":{"rendered":"<p>Produktbeskrivelse<br \/>\nLeatai produktmodell: tilbeh\u00f8r \u2013 rosegull + Moso-bambus uttrekkbar klemme. Moso-bambus er i seg selv et imponerende naturmateriale, med h\u00f8y svinnrate i produksjonen. N\u00e5 kombinert med en rosegull uttrekkbar klemme, gir det en uerstattelig kvalitet og f\u00f8lelse. En eksklusiv metode og en innovasjon som ikke er lett \u00e5 oppn\u00e5.<\/p>\n<p>\ud83d\udcd6For flere anbefalinger om tilpassede notatb\u00f8ker \/ tilpassede forretningsdagb\u00f8ker og trykkproduksjon, se:<br \/>\n<a href=\"https:\/\/leatai.com\/no\/produktkategori\/ulike-oem-prover\/oem-innbundet-notatbok\/\" target=\"_blank\" rel=\"noopener\">OEM\u2013innbundet bok<\/a><br \/>\n<a href=\"https:\/\/leatai.com\/no\/produktkategori\/ulike-oem-prover\/oem-losfals-notatbok\/\" target=\"_blank\" rel=\"noopener\">OEM\u2013l\u00f8sbladbok<\/a><br \/>\n<a href=\"https:\/\/leatai.com\/no\/produktkategori\/ulike-oem-prover\/oem-avtagbar-notatbok\/\" target=\"_blank\" rel=\"noopener\">OEM\u2013uttrekkbar l\u00f8sbladbok<\/a><br \/>\n<a href=\"https:\/\/leatai.com\/no\/produktkategori\/ulike-oem-prover\/oem-pocketbok-notatbok\/\" target=\"_blank\" rel=\"noopener\">OEM\u2013paperback bok<\/a><br \/>\n<a href=\"https:\/\/leatai.com\/no\/produktkategori\/ulike-oem-prover\/oem-spiralnotatbok\/\" target=\"_blank\" rel=\"noopener\">OEM\u2013spiralbundet bok<\/a><br \/>\n<a href=\"https:\/\/leatai.com\/no\/produktkategori\/ulike-oem-prover\/oem-kalender-no\/\" target=\"_blank\" rel=\"noopener\">OEM\u2013tilpasset rivekalender \/ tilpasset bordkalender trykk<\/a><br \/>\n<a href=\"https:\/\/leatai.com\/no\/produktkategori\/ulike-oem-prover\/oem-andre-no\/\" target=\"_blank\" rel=\"noopener\">OEM\u2013andre<\/a><\/p>\n<p>For fullstendig forklaring av st\u00f8rrelser, se: <a href=\"https:\/\/leatai.com\/no\/notatbokskunnskap\/papirstorrelsesguide-forsta-vanlige-storrelser-som-b3-a4-b5-8k-16k-og-mer-en-omfattende-storrelsesdiagram-for-enkel-referanse\/\" target=\"_blank\" rel=\"noopener\">Papirst\u00f8rrelsesguide: hvordan skille vanlige st\u00f8rrelser som B3, A4, B5, 8K, 16K? En oversiktstabell over papirst\u00f8rrelser som er enkel \u00e5 forst\u00e5!<\/a><\/p>\n<p>&nbsp;<\/p>\n<p><iframe title=\"How to DIY a removable notebook\" width=\"800\" height=\"450\" src=\"https:\/\/www.youtube.com\/embed\/OsLvh1PRzxo?feature=oembed&#038;enablejsapi=1&#038;origin=https:\/\/leatai.com\" frameborder=\"0\" allow=\"accelerometer; autoplay; clipboard-write; encrypted-media; gyroscope; picture-in-picture; web-share\" referrerpolicy=\"strict-origin-when-cross-origin\" allowfullscreen><\/iframe><\/p>\n","protected":false},"excerpt":{"rendered":"<p>Uttrekkbar l\u00f8sbladbok med rosegullfargede metalldetaljer, kombinert med naturlig Moso-bambus, gir en varm og behagelig f\u00f8lelse, samtidig som estetikk ivaretas<\/p>\n","protected":false},"featured_media":283600,"template":"","meta":{"_acf_changed":false},"product_brand":[],"product_cat":[783],"product_tag":[],"home_works":[],"class_list":{"0":"post-283599","1":"product","2":"type-product","3":"status-publish","4":"has-post-thumbnail","6":"product_cat-avtakbar-notatbok","8":"first","9":"outofstock","10":"sold-individually","11":"shipping-taxable","12":"purchasable","13":"product-type-variable","14":"has-default-attributes"},"acf":[],"yoast_head":"<!-- This site is optimized with the Yoast SEO plugin v27.2 - https:\/\/yoast.com\/product\/yoast-seo-wordpress\/ -->\n<title>Tilbeh\u00f8r \u2013 rosegull + Moso-bambus uttrekkbar klemme - Det finnes faktisk en l\u00f8sbladklemme i rosegull - Leatai \u2013 Produsent av tilpassede notatb\u00f8ker<\/title>\n<meta name=\"description\" content=\"Produktbeskrivelse Leatai produktmodell: tilbeh\u00f8r \u2013 rosegull + Moso-bambus uttrekkbar klemme. Moso-bambus er i seg selv et imponerende naturmateriale, med h\u00f8y svinnrate i produksjonen. N\u00e5 kombinert med en rosegull uttrekkbar klemme, gir det en uerstattelig kvalitet og f\u00f8lelse. En eksklusiv metode og en innovasjon som ikke er lett \u00e5 oppn\u00e5.\" \/>\n<meta name=\"robots\" content=\"index, follow, max-snippet:-1, max-image-preview:large, max-video-preview:-1\" \/>\n<link rel=\"canonical\" href=\"https:\/\/leatai.com\/no\/product\/tilpasset-notatbok\/avtakbar-notatbok\/tilbehor-rosegull-moso-bambus-uttrekkbar-klemme\/\" \/>\n<meta property=\"og:locale\" content=\"nb_NO\" \/>\n<meta property=\"og:type\" content=\"article\" \/>\n<meta property=\"og:title\" content=\"Tilbeh\u00f8r \u2013 rosegull + Moso-bambus uttrekkbar klemme - Det finnes faktisk en l\u00f8sbladklemme i rosegull - Leatai \u2013 Produsent av tilpassede notatb\u00f8ker\" \/>\n<meta property=\"og:description\" content=\"Produktbeskrivelse Leatai produktmodell: tilbeh\u00f8r \u2013 rosegull + Moso-bambus uttrekkbar klemme. Moso-bambus er i seg selv et imponerende naturmateriale, med h\u00f8y svinnrate i produksjonen. N\u00e5 kombinert med en rosegull uttrekkbar klemme, gir det en uerstattelig kvalitet og f\u00f8lelse. En eksklusiv metode og en innovasjon som ikke er lett \u00e5 oppn\u00e5.\" \/>\n<meta property=\"og:url\" content=\"https:\/\/leatai.com\/no\/product\/tilpasset-notatbok\/avtakbar-notatbok\/tilbehor-rosegull-moso-bambus-uttrekkbar-klemme\/\" \/>\n<meta property=\"og:site_name\" content=\"Leatai \u2013 Produsent av tilpassede notatb\u00f8ker\" \/>\n<meta property=\"article:modified_time\" content=\"2026-03-19T07:36:36+00:00\" \/>\n<meta property=\"og:image\" content=\"https:\/\/leatai.com\/wp-content\/uploads\/2020_08_11_1632170.jpg\" \/>\n\t<meta property=\"og:image:width\" content=\"1000\" \/>\n\t<meta property=\"og:image:height\" content=\"750\" \/>\n\t<meta property=\"og:image:type\" content=\"image\/jpeg\" \/>\n<meta name=\"twitter:card\" content=\"summary_large_image\" \/>\n<meta name=\"twitter:label1\" content=\"Ansl. lesetid\" \/>\n\t<meta name=\"twitter:data1\" content=\"1 minutt\" \/>\n<script type=\"application\/ld+json\" class=\"yoast-schema-graph\">{\"@context\":\"https:\/\/schema.org\",\"@graph\":[{\"@type\":\"WebPage\",\"@id\":\"https:\/\/leatai.com\/no\/product\/tilpasset-notatbok\/avtakbar-notatbok\/tilbehor-rosegull-moso-bambus-uttrekkbar-klemme\/\",\"url\":\"https:\/\/leatai.com\/no\/product\/tilpasset-notatbok\/avtakbar-notatbok\/tilbehor-rosegull-moso-bambus-uttrekkbar-klemme\/\",\"name\":\"Tilbeh\u00f8r \u2013 rosegull + Moso-bambus uttrekkbar klemme - Det finnes faktisk en l\u00f8sbladklemme i rosegull - Leatai \u2013 Produsent av tilpassede notatb\u00f8ker\",\"isPartOf\":{\"@id\":\"https:\/\/leatai.com\/no\/#website\"},\"primaryImageOfPage\":{\"@id\":\"https:\/\/leatai.com\/no\/product\/tilpasset-notatbok\/avtakbar-notatbok\/tilbehor-rosegull-moso-bambus-uttrekkbar-klemme\/#primaryimage\"},\"image\":{\"@id\":\"https:\/\/leatai.com\/no\/product\/tilpasset-notatbok\/avtakbar-notatbok\/tilbehor-rosegull-moso-bambus-uttrekkbar-klemme\/#primaryimage\"},\"thumbnailUrl\":\"https:\/\/leatai.com\/wp-content\/uploads\/2020_08_11_1632170.jpg\",\"datePublished\":\"2021-06-24T05:29:16+00:00\",\"dateModified\":\"2026-03-19T07:36:36+00:00\",\"description\":\"Produktbeskrivelse Leatai produktmodell: tilbeh\u00f8r \u2013 rosegull + Moso-bambus uttrekkbar klemme. Moso-bambus er i seg selv et imponerende naturmateriale, med h\u00f8y svinnrate i produksjonen. N\u00e5 kombinert med en rosegull uttrekkbar klemme, gir det en uerstattelig kvalitet og f\u00f8lelse. En eksklusiv metode og en innovasjon som ikke er lett \u00e5 oppn\u00e5.\",\"breadcrumb\":{\"@id\":\"https:\/\/leatai.com\/no\/product\/tilpasset-notatbok\/avtakbar-notatbok\/tilbehor-rosegull-moso-bambus-uttrekkbar-klemme\/#breadcrumb\"},\"inLanguage\":\"nb-NO\",\"potentialAction\":[{\"@type\":\"ReadAction\",\"target\":[\"https:\/\/leatai.com\/no\/product\/tilpasset-notatbok\/avtakbar-notatbok\/tilbehor-rosegull-moso-bambus-uttrekkbar-klemme\/\"]}]},{\"@type\":\"ImageObject\",\"inLanguage\":\"nb-NO\",\"@id\":\"https:\/\/leatai.com\/no\/product\/tilpasset-notatbok\/avtakbar-notatbok\/tilbehor-rosegull-moso-bambus-uttrekkbar-klemme\/#primaryimage\",\"url\":\"https:\/\/leatai.com\/wp-content\/uploads\/2020_08_11_1632170.jpg\",\"contentUrl\":\"https:\/\/leatai.com\/wp-content\/uploads\/2020_08_11_1632170.jpg\",\"width\":1000,\"height\":750},{\"@type\":\"BreadcrumbList\",\"@id\":\"https:\/\/leatai.com\/no\/product\/tilpasset-notatbok\/avtakbar-notatbok\/tilbehor-rosegull-moso-bambus-uttrekkbar-klemme\/#breadcrumb\",\"itemListElement\":[{\"@type\":\"ListItem\",\"position\":1,\"name\":\"Home\",\"item\":\"https:\/\/leatai.com\/no\/\"},{\"@type\":\"ListItem\",\"position\":2,\"name\":\"Produktpresentasjon\",\"item\":\"https:\/\/leatai.com\/products\/\"},{\"@type\":\"ListItem\",\"position\":3,\"name\":\"Tilpasset notatbok\",\"item\":\"https:\/\/leatai.com\/no\/produktkategori\/tilpasset-notatbok\/\"},{\"@type\":\"ListItem\",\"position\":4,\"name\":\"Avtakbar notatbok\",\"item\":\"https:\/\/leatai.com\/no\/produktkategori\/tilpasset-notatbok\/avtakbar-notatbok\/\"},{\"@type\":\"ListItem\",\"position\":5,\"name\":\"Tilbeh\u00f8r \u2013 rosegull + Moso-bambus uttrekkbar klemme\"}]},{\"@type\":\"WebSite\",\"@id\":\"https:\/\/leatai.com\/no\/#website\",\"url\":\"https:\/\/leatai.com\/no\/\",\"name\":\"Leatai \u2013 Produsent av tilpassede notatb\u00f8ker\",\"description\":\"Leatai tilbyr tilpassede notatb\u00f8ker og planleggere til globale merkevarer og distribut\u00f8rer.\",\"publisher\":{\"@id\":\"https:\/\/leatai.com\/no\/#organization\"},\"potentialAction\":[{\"@type\":\"SearchAction\",\"target\":{\"@type\":\"EntryPoint\",\"urlTemplate\":\"https:\/\/leatai.com\/no\/?s={search_term_string}\"},\"query-input\":{\"@type\":\"PropertyValueSpecification\",\"valueRequired\":true,\"valueName\":\"search_term_string\"}}],\"inLanguage\":\"nb-NO\"},{\"@type\":\"Organization\",\"@id\":\"https:\/\/leatai.com\/no\/#organization\",\"name\":\"Leatai Diary, customized journal and business organizer\",\"url\":\"https:\/\/leatai.com\/no\/\",\"logo\":{\"@type\":\"ImageObject\",\"inLanguage\":\"nb-NO\",\"@id\":\"https:\/\/leatai.com\/no\/#\/schema\/logo\/image\/\",\"url\":\"https:\/\/leatai.com\/wp-content\/uploads\/logo-blue.png\",\"contentUrl\":\"https:\/\/leatai.com\/wp-content\/uploads\/logo-blue.png\",\"width\":230,\"height\":60,\"caption\":\"Leatai Diary, customized journal and business organizer\"},\"image\":{\"@id\":\"https:\/\/leatai.com\/no\/#\/schema\/logo\/image\/\"}}]}<\/script>\n<!-- \/ Yoast SEO plugin. -->","yoast_head_json":{"title":"Tilbeh\u00f8r \u2013 rosegull + Moso-bambus uttrekkbar klemme - Det finnes faktisk en l\u00f8sbladklemme i rosegull - Leatai \u2013 Produsent av tilpassede notatb\u00f8ker","description":"Produktbeskrivelse Leatai produktmodell: tilbeh\u00f8r \u2013 rosegull + Moso-bambus uttrekkbar klemme. Moso-bambus er i seg selv et imponerende naturmateriale, med h\u00f8y svinnrate i produksjonen. N\u00e5 kombinert med en rosegull uttrekkbar klemme, gir det en uerstattelig kvalitet og f\u00f8lelse. En eksklusiv metode og en innovasjon som ikke er lett \u00e5 oppn\u00e5.","robots":{"index":"index","follow":"follow","max-snippet":"max-snippet:-1","max-image-preview":"max-image-preview:large","max-video-preview":"max-video-preview:-1"},"canonical":"https:\/\/leatai.com\/no\/product\/tilpasset-notatbok\/avtakbar-notatbok\/tilbehor-rosegull-moso-bambus-uttrekkbar-klemme\/","og_locale":"nb_NO","og_type":"article","og_title":"Tilbeh\u00f8r \u2013 rosegull + Moso-bambus uttrekkbar klemme - Det finnes faktisk en l\u00f8sbladklemme i rosegull - Leatai \u2013 Produsent av tilpassede notatb\u00f8ker","og_description":"Produktbeskrivelse Leatai produktmodell: tilbeh\u00f8r \u2013 rosegull + Moso-bambus uttrekkbar klemme. Moso-bambus er i seg selv et imponerende naturmateriale, med h\u00f8y svinnrate i produksjonen. N\u00e5 kombinert med en rosegull uttrekkbar klemme, gir det en uerstattelig kvalitet og f\u00f8lelse. En eksklusiv metode og en innovasjon som ikke er lett \u00e5 oppn\u00e5.","og_url":"https:\/\/leatai.com\/no\/product\/tilpasset-notatbok\/avtakbar-notatbok\/tilbehor-rosegull-moso-bambus-uttrekkbar-klemme\/","og_site_name":"Leatai \u2013 Produsent av tilpassede notatb\u00f8ker","article_modified_time":"2026-03-19T07:36:36+00:00","og_image":[{"width":1000,"height":750,"url":"https:\/\/leatai.com\/wp-content\/uploads\/2020_08_11_1632170.jpg","type":"image\/jpeg"}],"twitter_card":"summary_large_image","twitter_misc":{"Ansl. lesetid":"1 minutt"},"schema":{"@context":"https:\/\/schema.org","@graph":[{"@type":"WebPage","@id":"https:\/\/leatai.com\/no\/product\/tilpasset-notatbok\/avtakbar-notatbok\/tilbehor-rosegull-moso-bambus-uttrekkbar-klemme\/","url":"https:\/\/leatai.com\/no\/product\/tilpasset-notatbok\/avtakbar-notatbok\/tilbehor-rosegull-moso-bambus-uttrekkbar-klemme\/","name":"Tilbeh\u00f8r \u2013 rosegull + Moso-bambus uttrekkbar klemme - Det finnes faktisk en l\u00f8sbladklemme i rosegull - Leatai \u2013 Produsent av tilpassede notatb\u00f8ker","isPartOf":{"@id":"https:\/\/leatai.com\/no\/#website"},"primaryImageOfPage":{"@id":"https:\/\/leatai.com\/no\/product\/tilpasset-notatbok\/avtakbar-notatbok\/tilbehor-rosegull-moso-bambus-uttrekkbar-klemme\/#primaryimage"},"image":{"@id":"https:\/\/leatai.com\/no\/product\/tilpasset-notatbok\/avtakbar-notatbok\/tilbehor-rosegull-moso-bambus-uttrekkbar-klemme\/#primaryimage"},"thumbnailUrl":"https:\/\/leatai.com\/wp-content\/uploads\/2020_08_11_1632170.jpg","datePublished":"2021-06-24T05:29:16+00:00","dateModified":"2026-03-19T07:36:36+00:00","description":"Produktbeskrivelse Leatai produktmodell: tilbeh\u00f8r \u2013 rosegull + Moso-bambus uttrekkbar klemme. Moso-bambus er i seg selv et imponerende naturmateriale, med h\u00f8y svinnrate i produksjonen. N\u00e5 kombinert med en rosegull uttrekkbar klemme, gir det en uerstattelig kvalitet og f\u00f8lelse. En eksklusiv metode og en innovasjon som ikke er lett \u00e5 oppn\u00e5.","breadcrumb":{"@id":"https:\/\/leatai.com\/no\/product\/tilpasset-notatbok\/avtakbar-notatbok\/tilbehor-rosegull-moso-bambus-uttrekkbar-klemme\/#breadcrumb"},"inLanguage":"nb-NO","potentialAction":[{"@type":"ReadAction","target":["https:\/\/leatai.com\/no\/product\/tilpasset-notatbok\/avtakbar-notatbok\/tilbehor-rosegull-moso-bambus-uttrekkbar-klemme\/"]}]},{"@type":"ImageObject","inLanguage":"nb-NO","@id":"https:\/\/leatai.com\/no\/product\/tilpasset-notatbok\/avtakbar-notatbok\/tilbehor-rosegull-moso-bambus-uttrekkbar-klemme\/#primaryimage","url":"https:\/\/leatai.com\/wp-content\/uploads\/2020_08_11_1632170.jpg","contentUrl":"https:\/\/leatai.com\/wp-content\/uploads\/2020_08_11_1632170.jpg","width":1000,"height":750},{"@type":"BreadcrumbList","@id":"https:\/\/leatai.com\/no\/product\/tilpasset-notatbok\/avtakbar-notatbok\/tilbehor-rosegull-moso-bambus-uttrekkbar-klemme\/#breadcrumb","itemListElement":[{"@type":"ListItem","position":1,"name":"Home","item":"https:\/\/leatai.com\/no\/"},{"@type":"ListItem","position":2,"name":"Produktpresentasjon","item":"https:\/\/leatai.com\/products\/"},{"@type":"ListItem","position":3,"name":"Tilpasset notatbok","item":"https:\/\/leatai.com\/no\/produktkategori\/tilpasset-notatbok\/"},{"@type":"ListItem","position":4,"name":"Avtakbar notatbok","item":"https:\/\/leatai.com\/no\/produktkategori\/tilpasset-notatbok\/avtakbar-notatbok\/"},{"@type":"ListItem","position":5,"name":"Tilbeh\u00f8r \u2013 rosegull + Moso-bambus uttrekkbar klemme"}]},{"@type":"WebSite","@id":"https:\/\/leatai.com\/no\/#website","url":"https:\/\/leatai.com\/no\/","name":"Leatai \u2013 Produsent av tilpassede notatb\u00f8ker","description":"Leatai tilbyr tilpassede notatb\u00f8ker og planleggere til globale merkevarer og distribut\u00f8rer.","publisher":{"@id":"https:\/\/leatai.com\/no\/#organization"},"potentialAction":[{"@type":"SearchAction","target":{"@type":"EntryPoint","urlTemplate":"https:\/\/leatai.com\/no\/?s={search_term_string}"},"query-input":{"@type":"PropertyValueSpecification","valueRequired":true,"valueName":"search_term_string"}}],"inLanguage":"nb-NO"},{"@type":"Organization","@id":"https:\/\/leatai.com\/no\/#organization","name":"Leatai Diary, customized journal and business organizer","url":"https:\/\/leatai.com\/no\/","logo":{"@type":"ImageObject","inLanguage":"nb-NO","@id":"https:\/\/leatai.com\/no\/#\/schema\/logo\/image\/","url":"https:\/\/leatai.com\/wp-content\/uploads\/logo-blue.png","contentUrl":"https:\/\/leatai.com\/wp-content\/uploads\/logo-blue.png","width":230,"height":60,"caption":"Leatai Diary, customized journal and business organizer"},"image":{"@id":"https:\/\/leatai.com\/no\/#\/schema\/logo\/image\/"}}]}},"_links":{"self":[{"href":"https:\/\/leatai.com\/no\/wp-json\/wp\/v2\/product\/283599","targetHints":{"allow":["GET"]}}],"collection":[{"href":"https:\/\/leatai.com\/no\/wp-json\/wp\/v2\/product"}],"about":[{"href":"https:\/\/leatai.com\/no\/wp-json\/wp\/v2\/types\/product"}],"wp:featuredmedia":[{"embeddable":true,"href":"https:\/\/leatai.com\/no\/wp-json\/wp\/v2\/media\/283600"}],"wp:attachment":[{"href":"https:\/\/leatai.com\/no\/wp-json\/wp\/v2\/media?parent=283599"}],"wp:term":[{"taxonomy":"product_brand","embeddable":true,"href":"https:\/\/leatai.com\/no\/wp-json\/wp\/v2\/product_brand?post=283599"},{"taxonomy":"product_cat","embeddable":true,"href":"https:\/\/leatai.com\/no\/wp-json\/wp\/v2\/product_cat?post=283599"},{"taxonomy":"product_tag","embeddable":true,"href":"https:\/\/leatai.com\/no\/wp-json\/wp\/v2\/product_tag?post=283599"},{"taxonomy":"home_works","embeddable":true,"href":"https:\/\/leatai.com\/no\/wp-json\/wp\/v2\/home_works?post=283599"}],"curies":[{"name":"wp","href":"https:\/\/api.w.org\/{rel}","templated":true}]}}