{"id":281373,"date":"2025-07-12T11:39:30","date_gmt":"2025-07-12T03:39:30","guid":{"rendered":"https:\/\/leatai.com\/product\/ukategorisert\/lsc-026-la-oss-dra-la-oss-dra\/"},"modified":"2026-04-07T09:44:59","modified_gmt":"2026-04-07T01:44:59","slug":"lsc-026-la-oss-dra-la-oss-dra","status":"publish","type":"product","link":"https:\/\/leatai.com\/no\/product\/tilpasset-notatbok\/paperback-notatbok\/lsc-026-la-oss-dra-la-oss-dra\/","title":{"rendered":"LSC-026"},"content":{"rendered":"<p>Produktmodell: LSC-026<br \/>\nOmslagsmateriale: h\u00f8ykvalitets fargeskiftende PU kunstskinn<br \/>\nFarger: lys lilla \/ lys gr\u00f8nn<br \/>\nSt\u00f8rrelse: 25K <a href=\"https:\/\/leatai.com\/no\/faq\/hva-er-8k-16k-og-25k-planleggerstorrelser-hvor-store-er-de\/\" target=\"_blank\" rel=\"noopener\">(vanlig st\u00f8rrelse)<\/a><br \/>\nInnersider: standard <a href=\"https:\/\/leatai.com\/no\/produktkategori\/indre-sideformat\/\" target=\"_blank\" rel=\"noopener\">(valg av innsideformat)<\/a><br \/>\nEmballasje: OPP-pose (valgfritt)<br \/>\nLOGO-behandling: preging, gullpreging, s\u00f8lvpreging<\/p>\n<p>Produktbeskrivelse:<br \/>\nLeatai produktmodell: LSC-026, la oss dra. Fordelen med en fleksibel innbundet bok er at innersidene enkelt kan byttes ut. Denne gangen har vi gjort en stor oppgradering av omslaget og valgt dristige, ungdommelige farger. Ikke bare er funksjonaliteten forbedret, men den er ogs\u00e5 verdt \u00e5 ha med seg overalt \u2013 la oss dra, la oss dra.<\/p>\n<p>\ud83d\udcd6For flere anbefalinger om tilpassede notatb\u00f8ker \/ tilpassede forretningsdagb\u00f8ker og trykkproduksjon, se:<br \/>\n<a href=\"https:\/\/leatai.com\/no\/produktkategori\/ulike-oem-prover\/oem-innbundet-notatbok\/\" target=\"_blank\" rel=\"noopener\">OEM\u2013innbundet bok<\/a><br \/>\n<a href=\"https:\/\/leatai.com\/no\/produktkategori\/ulike-oem-prover\/oem-losfals-notatbok\/\" target=\"_blank\" rel=\"noopener\">OEM\u2013l\u00f8sbladbok<\/a><br \/>\n<a href=\"https:\/\/leatai.com\/no\/produktkategori\/ulike-oem-prover\/oem-avtagbar-notatbok\/\" target=\"_blank\" rel=\"noopener\">OEM\u2013uttrekkbar l\u00f8sbladbok<\/a><br \/>\n<a href=\"https:\/\/leatai.com\/no\/produktkategori\/ulike-oem-prover\/oem-pocketbok-notatbok\/\" target=\"_blank\" rel=\"noopener\">OEM\u2013paperback bok<\/a><br \/>\n<a href=\"https:\/\/leatai.com\/no\/produktkategori\/ulike-oem-prover\/oem-spiralnotatbok\/\" target=\"_blank\" rel=\"noopener\">OEM\u2013spiralbundet bok<\/a><br \/>\n<a href=\"https:\/\/leatai.com\/no\/produktkategori\/ulike-oem-prover\/oem-kalender-no\/\" target=\"_blank\" rel=\"noopener\">OEM\u2013tilpasset rivekalender \/ tilpasset bordkalender trykk<\/a><br \/>\n<a href=\"https:\/\/leatai.com\/no\/produktkategori\/ulike-oem-prover\/oem-andre-no\/\" target=\"_blank\" rel=\"noopener\">OEM\u2013andre<\/a><\/p>\n<p>For fullstendig forklaring av st\u00f8rrelser, se: <a href=\"https:\/\/leatai.com\/no\/notatbokskunnskap\/papirstorrelsesguide-forsta-vanlige-storrelser-som-b3-a4-b5-8k-16k-og-mer-en-omfattende-storrelsesdiagram-for-enkel-referanse\/\" target=\"_blank\" rel=\"noopener\">Papirst\u00f8rrelsesguide: hvordan skille vanlige st\u00f8rrelser som B3, A4, B5, 8K, 16K? En oversiktstabell over papirst\u00f8rrelser som er enkel \u00e5 forst\u00e5!<\/a><\/p>\n","protected":false},"excerpt":{"rendered":"<p>Produktmodell: LSC-026 Omslagsmateriale: h\u00f8ykvalitets fargeskiftende PU kunstskinn Farger: lys lilla \/ lys gr\u00f8nn St\u00f8rrelse: 25K (vanlig st\u00f8rrelse) Innersider: standard (valg av innsideformat) Emballasje: OPP-pose (valgfritt) LOGO-behandling: preging, gullpreging, s\u00f8lvpreging Produktbeskrivelse: Leatai produktmodell: LSC-026, la oss dra. Fordelen med en fleksibel innbundet bok er at innersidene enkelt kan byttes ut. Denne gangen har vi gjort en [&hellip;]<\/p>\n","protected":false},"featured_media":215624,"template":"","meta":{"_acf_changed":false},"product_brand":[],"product_cat":[802],"product_tag":[1761],"home_works":[],"class_list":{"0":"post-281373","1":"product","2":"type-product","3":"status-publish","4":"has-post-thumbnail","6":"product_cat-paperback-notatbok","7":"product_tag-2026new","9":"first","10":"instock","11":"sold-individually","12":"shipping-taxable","13":"purchasable","14":"product-type-variable","15":"has-default-attributes"},"acf":[],"yoast_head":"<!-- This site is optimized with the Yoast SEO plugin v27.2 - https:\/\/yoast.com\/product\/yoast-seo-wordpress\/ -->\n<title>LSC-026 - Leatai \u2013 Produsent av tilpassede notatb\u00f8ker<\/title>\n<meta name=\"description\" content=\"Leatai produktmodell: LSC-026, la oss dra. Fordelen med en fleksibel innbundet bok er at innersidene enkelt kan byttes ut. Denne gangen har vi gjort en stor oppgradering av omslaget og valgt dristige, ungdommelige farger. Ikke bare er funksjonaliteten forbedret, men den er ogs\u00e5 verdt \u00e5 ha med seg overalt \u2013 la oss dra, la oss dra.\" \/>\n<meta name=\"robots\" content=\"index, follow, max-snippet:-1, max-image-preview:large, max-video-preview:-1\" \/>\n<link rel=\"canonical\" href=\"https:\/\/leatai.com\/no\/product\/tilpasset-notatbok\/paperback-notatbok\/lsc-026-la-oss-dra-la-oss-dra\/\" \/>\n<meta property=\"og:locale\" content=\"nb_NO\" \/>\n<meta property=\"og:type\" content=\"article\" \/>\n<meta property=\"og:title\" content=\"LSC-026 - Leatai \u2013 Produsent av tilpassede notatb\u00f8ker\" \/>\n<meta property=\"og:description\" content=\"Leatai produktmodell: LSC-026, la oss dra. Fordelen med en fleksibel innbundet bok er at innersidene enkelt kan byttes ut. Denne gangen har vi gjort en stor oppgradering av omslaget og valgt dristige, ungdommelige farger. Ikke bare er funksjonaliteten forbedret, men den er ogs\u00e5 verdt \u00e5 ha med seg overalt \u2013 la oss dra, la oss dra.\" \/>\n<meta property=\"og:url\" content=\"https:\/\/leatai.com\/no\/product\/tilpasset-notatbok\/paperback-notatbok\/lsc-026-la-oss-dra-la-oss-dra\/\" \/>\n<meta property=\"og:site_name\" content=\"Leatai \u2013 Produsent av tilpassede notatb\u00f8ker\" \/>\n<meta property=\"article:modified_time\" content=\"2026-04-07T01:44:59+00:00\" \/>\n<meta property=\"og:image\" content=\"https:\/\/leatai.com\/wp-content\/uploads\/DSC_3252-1.jpg\" \/>\n\t<meta property=\"og:image:width\" content=\"1000\" \/>\n\t<meta property=\"og:image:height\" content=\"750\" \/>\n\t<meta property=\"og:image:type\" content=\"image\/jpeg\" \/>\n<meta name=\"twitter:card\" content=\"summary_large_image\" \/>\n<meta name=\"twitter:label1\" content=\"Ansl. lesetid\" \/>\n\t<meta name=\"twitter:data1\" content=\"1 minutt\" \/>\n<script type=\"application\/ld+json\" class=\"yoast-schema-graph\">{\"@context\":\"https:\/\/schema.org\",\"@graph\":[{\"@type\":\"WebPage\",\"@id\":\"https:\/\/leatai.com\/no\/product\/tilpasset-notatbok\/paperback-notatbok\/lsc-026-la-oss-dra-la-oss-dra\/\",\"url\":\"https:\/\/leatai.com\/no\/product\/tilpasset-notatbok\/paperback-notatbok\/lsc-026-la-oss-dra-la-oss-dra\/\",\"name\":\"LSC-026 - Leatai \u2013 Produsent av tilpassede notatb\u00f8ker\",\"isPartOf\":{\"@id\":\"https:\/\/leatai.com\/no\/#website\"},\"primaryImageOfPage\":{\"@id\":\"https:\/\/leatai.com\/no\/product\/tilpasset-notatbok\/paperback-notatbok\/lsc-026-la-oss-dra-la-oss-dra\/#primaryimage\"},\"image\":{\"@id\":\"https:\/\/leatai.com\/no\/product\/tilpasset-notatbok\/paperback-notatbok\/lsc-026-la-oss-dra-la-oss-dra\/#primaryimage\"},\"thumbnailUrl\":\"https:\/\/leatai.com\/wp-content\/uploads\/DSC_3252-1.jpg\",\"datePublished\":\"2025-07-12T03:39:30+00:00\",\"dateModified\":\"2026-04-07T01:44:59+00:00\",\"description\":\"Leatai produktmodell: LSC-026, la oss dra. Fordelen med en fleksibel innbundet bok er at innersidene enkelt kan byttes ut. Denne gangen har vi gjort en stor oppgradering av omslaget og valgt dristige, ungdommelige farger. Ikke bare er funksjonaliteten forbedret, men den er ogs\u00e5 verdt \u00e5 ha med seg overalt \u2013 la oss dra, la oss dra.\",\"breadcrumb\":{\"@id\":\"https:\/\/leatai.com\/no\/product\/tilpasset-notatbok\/paperback-notatbok\/lsc-026-la-oss-dra-la-oss-dra\/#breadcrumb\"},\"inLanguage\":\"nb-NO\",\"potentialAction\":[{\"@type\":\"ReadAction\",\"target\":[\"https:\/\/leatai.com\/no\/product\/tilpasset-notatbok\/paperback-notatbok\/lsc-026-la-oss-dra-la-oss-dra\/\"]}]},{\"@type\":\"ImageObject\",\"inLanguage\":\"nb-NO\",\"@id\":\"https:\/\/leatai.com\/no\/product\/tilpasset-notatbok\/paperback-notatbok\/lsc-026-la-oss-dra-la-oss-dra\/#primaryimage\",\"url\":\"https:\/\/leatai.com\/wp-content\/uploads\/DSC_3252-1.jpg\",\"contentUrl\":\"https:\/\/leatai.com\/wp-content\/uploads\/DSC_3252-1.jpg\",\"width\":1000,\"height\":750,\"caption\":\"Mykinnbundet forretningsdagbok\"},{\"@type\":\"BreadcrumbList\",\"@id\":\"https:\/\/leatai.com\/no\/product\/tilpasset-notatbok\/paperback-notatbok\/lsc-026-la-oss-dra-la-oss-dra\/#breadcrumb\",\"itemListElement\":[{\"@type\":\"ListItem\",\"position\":1,\"name\":\"Home\",\"item\":\"https:\/\/leatai.com\/no\/\"},{\"@type\":\"ListItem\",\"position\":2,\"name\":\"Produktpresentasjon\",\"item\":\"https:\/\/leatai.com\/products\/\"},{\"@type\":\"ListItem\",\"position\":3,\"name\":\"Tilpasset notatbok\",\"item\":\"https:\/\/leatai.com\/no\/produktkategori\/tilpasset-notatbok\/\"},{\"@type\":\"ListItem\",\"position\":4,\"name\":\"Paperback notatbok\",\"item\":\"https:\/\/leatai.com\/no\/produktkategori\/tilpasset-notatbok\/paperback-notatbok\/\"},{\"@type\":\"ListItem\",\"position\":5,\"name\":\"LSC-026\"}]},{\"@type\":\"WebSite\",\"@id\":\"https:\/\/leatai.com\/no\/#website\",\"url\":\"https:\/\/leatai.com\/no\/\",\"name\":\"Leatai \u2013 Produsent av tilpassede notatb\u00f8ker\",\"description\":\"Leatai tilbyr tilpassede notatb\u00f8ker og planleggere til globale merkevarer og distribut\u00f8rer.\",\"publisher\":{\"@id\":\"https:\/\/leatai.com\/no\/#organization\"},\"potentialAction\":[{\"@type\":\"SearchAction\",\"target\":{\"@type\":\"EntryPoint\",\"urlTemplate\":\"https:\/\/leatai.com\/no\/?s={search_term_string}\"},\"query-input\":{\"@type\":\"PropertyValueSpecification\",\"valueRequired\":true,\"valueName\":\"search_term_string\"}}],\"inLanguage\":\"nb-NO\"},{\"@type\":\"Organization\",\"@id\":\"https:\/\/leatai.com\/no\/#organization\",\"name\":\"Leatai Diary, customized journal and business organizer\",\"url\":\"https:\/\/leatai.com\/no\/\",\"logo\":{\"@type\":\"ImageObject\",\"inLanguage\":\"nb-NO\",\"@id\":\"https:\/\/leatai.com\/no\/#\/schema\/logo\/image\/\",\"url\":\"https:\/\/leatai.com\/wp-content\/uploads\/logo-blue.png\",\"contentUrl\":\"https:\/\/leatai.com\/wp-content\/uploads\/logo-blue.png\",\"width\":230,\"height\":60,\"caption\":\"Leatai Diary, customized journal and business organizer\"},\"image\":{\"@id\":\"https:\/\/leatai.com\/no\/#\/schema\/logo\/image\/\"}}]}<\/script>\n<!-- \/ Yoast SEO plugin. -->","yoast_head_json":{"title":"LSC-026 - Leatai \u2013 Produsent av tilpassede notatb\u00f8ker","description":"Leatai produktmodell: LSC-026, la oss dra. Fordelen med en fleksibel innbundet bok er at innersidene enkelt kan byttes ut. Denne gangen har vi gjort en stor oppgradering av omslaget og valgt dristige, ungdommelige farger. Ikke bare er funksjonaliteten forbedret, men den er ogs\u00e5 verdt \u00e5 ha med seg overalt \u2013 la oss dra, la oss dra.","robots":{"index":"index","follow":"follow","max-snippet":"max-snippet:-1","max-image-preview":"max-image-preview:large","max-video-preview":"max-video-preview:-1"},"canonical":"https:\/\/leatai.com\/no\/product\/tilpasset-notatbok\/paperback-notatbok\/lsc-026-la-oss-dra-la-oss-dra\/","og_locale":"nb_NO","og_type":"article","og_title":"LSC-026 - Leatai \u2013 Produsent av tilpassede notatb\u00f8ker","og_description":"Leatai produktmodell: LSC-026, la oss dra. Fordelen med en fleksibel innbundet bok er at innersidene enkelt kan byttes ut. Denne gangen har vi gjort en stor oppgradering av omslaget og valgt dristige, ungdommelige farger. Ikke bare er funksjonaliteten forbedret, men den er ogs\u00e5 verdt \u00e5 ha med seg overalt \u2013 la oss dra, la oss dra.","og_url":"https:\/\/leatai.com\/no\/product\/tilpasset-notatbok\/paperback-notatbok\/lsc-026-la-oss-dra-la-oss-dra\/","og_site_name":"Leatai \u2013 Produsent av tilpassede notatb\u00f8ker","article_modified_time":"2026-04-07T01:44:59+00:00","og_image":[{"width":1000,"height":750,"url":"https:\/\/leatai.com\/wp-content\/uploads\/DSC_3252-1.jpg","type":"image\/jpeg"}],"twitter_card":"summary_large_image","twitter_misc":{"Ansl. lesetid":"1 minutt"},"schema":{"@context":"https:\/\/schema.org","@graph":[{"@type":"WebPage","@id":"https:\/\/leatai.com\/no\/product\/tilpasset-notatbok\/paperback-notatbok\/lsc-026-la-oss-dra-la-oss-dra\/","url":"https:\/\/leatai.com\/no\/product\/tilpasset-notatbok\/paperback-notatbok\/lsc-026-la-oss-dra-la-oss-dra\/","name":"LSC-026 - Leatai \u2013 Produsent av tilpassede notatb\u00f8ker","isPartOf":{"@id":"https:\/\/leatai.com\/no\/#website"},"primaryImageOfPage":{"@id":"https:\/\/leatai.com\/no\/product\/tilpasset-notatbok\/paperback-notatbok\/lsc-026-la-oss-dra-la-oss-dra\/#primaryimage"},"image":{"@id":"https:\/\/leatai.com\/no\/product\/tilpasset-notatbok\/paperback-notatbok\/lsc-026-la-oss-dra-la-oss-dra\/#primaryimage"},"thumbnailUrl":"https:\/\/leatai.com\/wp-content\/uploads\/DSC_3252-1.jpg","datePublished":"2025-07-12T03:39:30+00:00","dateModified":"2026-04-07T01:44:59+00:00","description":"Leatai produktmodell: LSC-026, la oss dra. Fordelen med en fleksibel innbundet bok er at innersidene enkelt kan byttes ut. Denne gangen har vi gjort en stor oppgradering av omslaget og valgt dristige, ungdommelige farger. Ikke bare er funksjonaliteten forbedret, men den er ogs\u00e5 verdt \u00e5 ha med seg overalt \u2013 la oss dra, la oss dra.","breadcrumb":{"@id":"https:\/\/leatai.com\/no\/product\/tilpasset-notatbok\/paperback-notatbok\/lsc-026-la-oss-dra-la-oss-dra\/#breadcrumb"},"inLanguage":"nb-NO","potentialAction":[{"@type":"ReadAction","target":["https:\/\/leatai.com\/no\/product\/tilpasset-notatbok\/paperback-notatbok\/lsc-026-la-oss-dra-la-oss-dra\/"]}]},{"@type":"ImageObject","inLanguage":"nb-NO","@id":"https:\/\/leatai.com\/no\/product\/tilpasset-notatbok\/paperback-notatbok\/lsc-026-la-oss-dra-la-oss-dra\/#primaryimage","url":"https:\/\/leatai.com\/wp-content\/uploads\/DSC_3252-1.jpg","contentUrl":"https:\/\/leatai.com\/wp-content\/uploads\/DSC_3252-1.jpg","width":1000,"height":750,"caption":"Mykinnbundet forretningsdagbok"},{"@type":"BreadcrumbList","@id":"https:\/\/leatai.com\/no\/product\/tilpasset-notatbok\/paperback-notatbok\/lsc-026-la-oss-dra-la-oss-dra\/#breadcrumb","itemListElement":[{"@type":"ListItem","position":1,"name":"Home","item":"https:\/\/leatai.com\/no\/"},{"@type":"ListItem","position":2,"name":"Produktpresentasjon","item":"https:\/\/leatai.com\/products\/"},{"@type":"ListItem","position":3,"name":"Tilpasset notatbok","item":"https:\/\/leatai.com\/no\/produktkategori\/tilpasset-notatbok\/"},{"@type":"ListItem","position":4,"name":"Paperback notatbok","item":"https:\/\/leatai.com\/no\/produktkategori\/tilpasset-notatbok\/paperback-notatbok\/"},{"@type":"ListItem","position":5,"name":"LSC-026"}]},{"@type":"WebSite","@id":"https:\/\/leatai.com\/no\/#website","url":"https:\/\/leatai.com\/no\/","name":"Leatai \u2013 Produsent av tilpassede notatb\u00f8ker","description":"Leatai tilbyr tilpassede notatb\u00f8ker og planleggere til globale merkevarer og distribut\u00f8rer.","publisher":{"@id":"https:\/\/leatai.com\/no\/#organization"},"potentialAction":[{"@type":"SearchAction","target":{"@type":"EntryPoint","urlTemplate":"https:\/\/leatai.com\/no\/?s={search_term_string}"},"query-input":{"@type":"PropertyValueSpecification","valueRequired":true,"valueName":"search_term_string"}}],"inLanguage":"nb-NO"},{"@type":"Organization","@id":"https:\/\/leatai.com\/no\/#organization","name":"Leatai Diary, customized journal and business organizer","url":"https:\/\/leatai.com\/no\/","logo":{"@type":"ImageObject","inLanguage":"nb-NO","@id":"https:\/\/leatai.com\/no\/#\/schema\/logo\/image\/","url":"https:\/\/leatai.com\/wp-content\/uploads\/logo-blue.png","contentUrl":"https:\/\/leatai.com\/wp-content\/uploads\/logo-blue.png","width":230,"height":60,"caption":"Leatai Diary, customized journal and business organizer"},"image":{"@id":"https:\/\/leatai.com\/no\/#\/schema\/logo\/image\/"}}]}},"_links":{"self":[{"href":"https:\/\/leatai.com\/no\/wp-json\/wp\/v2\/product\/281373","targetHints":{"allow":["GET"]}}],"collection":[{"href":"https:\/\/leatai.com\/no\/wp-json\/wp\/v2\/product"}],"about":[{"href":"https:\/\/leatai.com\/no\/wp-json\/wp\/v2\/types\/product"}],"wp:featuredmedia":[{"embeddable":true,"href":"https:\/\/leatai.com\/no\/wp-json\/wp\/v2\/media\/215624"}],"wp:attachment":[{"href":"https:\/\/leatai.com\/no\/wp-json\/wp\/v2\/media?parent=281373"}],"wp:term":[{"taxonomy":"product_brand","embeddable":true,"href":"https:\/\/leatai.com\/no\/wp-json\/wp\/v2\/product_brand?post=281373"},{"taxonomy":"product_cat","embeddable":true,"href":"https:\/\/leatai.com\/no\/wp-json\/wp\/v2\/product_cat?post=281373"},{"taxonomy":"product_tag","embeddable":true,"href":"https:\/\/leatai.com\/no\/wp-json\/wp\/v2\/product_tag?post=281373"},{"taxonomy":"home_works","embeddable":true,"href":"https:\/\/leatai.com\/no\/wp-json\/wp\/v2\/home_works?post=281373"}],"curies":[{"name":"wp","href":"https:\/\/api.w.org\/{rel}","templated":true}]}}