{"id":281368,"date":"2021-06-24T13:23:08","date_gmt":"2021-06-24T05:23:08","guid":{"rendered":"https:\/\/leatai.com\/product\/ukategorisert\/id-kortholder\/"},"modified":"2026-03-17T15:49:23","modified_gmt":"2026-03-17T07:49:23","slug":"id-kortholder","status":"publish","type":"product","link":"https:\/\/leatai.com\/no\/product\/gave-og-laerprodukter\/laer-og-kontorrekvisita\/id-kortholder\/","title":{"rendered":"ID-kortholder"},"content":{"rendered":"<p>Produktmodell: ID-kortholder i ekte skinn<br \/>\nMateriale: ekte kuskinn minimumsbestilling 200 stk. \/ kunstskinn minimumsbestilling 500 stk.<br \/>\nFarger: svart, brun<br \/>\nEmballasje: OPP-pose (valgfritt)<br \/>\nLOGO-behandling: gullpreging, s\u00f8lvpreging, preging<\/p>\n<p>Produktbeskrivelse<\/p>\n<p>ID-kortholdere er nesten et grunnleggende kontorprodukt som alle selskaper trenger. Med tilpasning kan den i stor grad fremheve din stil og etterlate et dypt inntrykk hos bes\u00f8kende kunder!<br \/>\nDet er ogs\u00e5 mulig \u00e5 spesialbestille andre skinnprodukter, som skinnetui, skinnlommebok for mynter, skinnpassholder, skinnvisittkortholder, skinn ID-holder\u2026 og ulike andre skinnprodukter. Velkommen til \u00e5 ta kontakt.<\/p>\n","protected":false},"excerpt":{"rendered":"<p>Produktmodell: ID-kortholder i ekte skinn Materiale: ekte kuskinn minimumsbestilling 200 stk. \/ kunstskinn minimumsbestilling 500 stk. Farger: svart, brun Emballasje: OPP-pose (valgfritt) LOGO-behandling: gullpreging, s\u00f8lvpreging, preging Produktbeskrivelse ID-kortholdere er nesten et grunnleggende kontorprodukt som alle selskaper trenger. Med tilpasning kan den i stor grad fremheve din stil og etterlate et dypt inntrykk hos bes\u00f8kende kunder! [&hellip;]<\/p>\n","protected":false},"featured_media":281369,"template":"","meta":{"_acf_changed":false},"product_brand":[],"product_cat":[1119,1132],"product_tag":[],"home_works":[],"class_list":{"0":"post-281368","1":"product","2":"type-product","3":"status-publish","4":"has-post-thumbnail","6":"product_cat-gave-og-laerprodukter","7":"product_cat-laer-og-kontorrekvisita","9":"first","10":"instock","11":"sold-individually","12":"shipping-taxable","13":"purchasable","14":"product-type-simple"},"acf":[],"yoast_head":"<!-- This site is optimized with the Yoast SEO plugin v27.2 - https:\/\/yoast.com\/product\/yoast-seo-wordpress\/ -->\n<title>ID-kortholder - Leatai \u2013 Produsent av tilpassede notatb\u00f8ker<\/title>\n<meta name=\"description\" content=\"En ID-kortholder i ekte skinn, eller dokumentholder i ekte skinn, er et sv\u00e6rt praktisk skinnprodukt i arbeidslivet. Jo lenger den brukes, desto mer personlig preg f\u00e5r den, og desto bedre fremhever den ens smak \u2013 en sterkt anbefalt forretningsgave.\" \/>\n<meta name=\"robots\" content=\"index, follow, max-snippet:-1, max-image-preview:large, max-video-preview:-1\" \/>\n<link rel=\"canonical\" href=\"https:\/\/leatai.com\/no\/product\/gave-og-laerprodukter\/laer-og-kontorrekvisita\/id-kortholder\/\" \/>\n<meta property=\"og:locale\" content=\"nb_NO\" \/>\n<meta property=\"og:type\" content=\"article\" \/>\n<meta property=\"og:title\" content=\"ID-kortholder - Leatai \u2013 Produsent av tilpassede notatb\u00f8ker\" \/>\n<meta property=\"og:description\" content=\"En ID-kortholder i ekte skinn, eller dokumentholder i ekte skinn, er et sv\u00e6rt praktisk skinnprodukt i arbeidslivet. Jo lenger den brukes, desto mer personlig preg f\u00e5r den, og desto bedre fremhever den ens smak \u2013 en sterkt anbefalt forretningsgave.\" \/>\n<meta property=\"og:url\" content=\"https:\/\/leatai.com\/no\/product\/gave-og-laerprodukter\/laer-og-kontorrekvisita\/id-kortholder\/\" \/>\n<meta property=\"og:site_name\" content=\"Leatai \u2013 Produsent av tilpassede notatb\u00f8ker\" \/>\n<meta property=\"article:modified_time\" content=\"2026-03-17T07:49:23+00:00\" \/>\n<meta property=\"og:image\" content=\"https:\/\/leatai.com\/wp-content\/uploads\/2016_01_16_1731230.jpg\" \/>\n\t<meta property=\"og:image:width\" content=\"1000\" \/>\n\t<meta property=\"og:image:height\" content=\"750\" \/>\n\t<meta property=\"og:image:type\" content=\"image\/jpeg\" \/>\n<meta name=\"twitter:card\" content=\"summary_large_image\" \/>\n<meta name=\"twitter:label1\" content=\"Ansl. lesetid\" \/>\n\t<meta name=\"twitter:data1\" content=\"1 minutt\" \/>\n<script type=\"application\/ld+json\" class=\"yoast-schema-graph\">{\"@context\":\"https:\/\/schema.org\",\"@graph\":[{\"@type\":\"WebPage\",\"@id\":\"https:\/\/leatai.com\/no\/product\/gave-og-laerprodukter\/laer-og-kontorrekvisita\/id-kortholder\/\",\"url\":\"https:\/\/leatai.com\/no\/product\/gave-og-laerprodukter\/laer-og-kontorrekvisita\/id-kortholder\/\",\"name\":\"ID-kortholder - Leatai \u2013 Produsent av tilpassede notatb\u00f8ker\",\"isPartOf\":{\"@id\":\"https:\/\/leatai.com\/no\/#website\"},\"primaryImageOfPage\":{\"@id\":\"https:\/\/leatai.com\/no\/product\/gave-og-laerprodukter\/laer-og-kontorrekvisita\/id-kortholder\/#primaryimage\"},\"image\":{\"@id\":\"https:\/\/leatai.com\/no\/product\/gave-og-laerprodukter\/laer-og-kontorrekvisita\/id-kortholder\/#primaryimage\"},\"thumbnailUrl\":\"https:\/\/leatai.com\/wp-content\/uploads\/2016_01_16_1731230.jpg\",\"datePublished\":\"2021-06-24T05:23:08+00:00\",\"dateModified\":\"2026-03-17T07:49:23+00:00\",\"description\":\"En ID-kortholder i ekte skinn, eller dokumentholder i ekte skinn, er et sv\u00e6rt praktisk skinnprodukt i arbeidslivet. Jo lenger den brukes, desto mer personlig preg f\u00e5r den, og desto bedre fremhever den ens smak \u2013 en sterkt anbefalt forretningsgave.\",\"breadcrumb\":{\"@id\":\"https:\/\/leatai.com\/no\/product\/gave-og-laerprodukter\/laer-og-kontorrekvisita\/id-kortholder\/#breadcrumb\"},\"inLanguage\":\"nb-NO\",\"potentialAction\":[{\"@type\":\"ReadAction\",\"target\":[\"https:\/\/leatai.com\/no\/product\/gave-og-laerprodukter\/laer-og-kontorrekvisita\/id-kortholder\/\"]}]},{\"@type\":\"ImageObject\",\"inLanguage\":\"nb-NO\",\"@id\":\"https:\/\/leatai.com\/no\/product\/gave-og-laerprodukter\/laer-og-kontorrekvisita\/id-kortholder\/#primaryimage\",\"url\":\"https:\/\/leatai.com\/wp-content\/uploads\/2016_01_16_1731230.jpg\",\"contentUrl\":\"https:\/\/leatai.com\/wp-content\/uploads\/2016_01_16_1731230.jpg\",\"width\":1000,\"height\":750},{\"@type\":\"BreadcrumbList\",\"@id\":\"https:\/\/leatai.com\/no\/product\/gave-og-laerprodukter\/laer-og-kontorrekvisita\/id-kortholder\/#breadcrumb\",\"itemListElement\":[{\"@type\":\"ListItem\",\"position\":1,\"name\":\"Home\",\"item\":\"https:\/\/leatai.com\/no\/\"},{\"@type\":\"ListItem\",\"position\":2,\"name\":\"Produktpresentasjon\",\"item\":\"https:\/\/leatai.com\/products\/\"},{\"@type\":\"ListItem\",\"position\":3,\"name\":\"Gave- og l\u00e6rprodukter\",\"item\":\"https:\/\/leatai.com\/no\/produktkategori\/gave-og-laerprodukter\/\"},{\"@type\":\"ListItem\",\"position\":4,\"name\":\"ID-kortholder\"}]},{\"@type\":\"WebSite\",\"@id\":\"https:\/\/leatai.com\/no\/#website\",\"url\":\"https:\/\/leatai.com\/no\/\",\"name\":\"Leatai \u2013 Produsent av tilpassede notatb\u00f8ker\",\"description\":\"Leatai tilbyr tilpassede notatb\u00f8ker og planleggere til globale merkevarer og distribut\u00f8rer.\",\"publisher\":{\"@id\":\"https:\/\/leatai.com\/no\/#organization\"},\"potentialAction\":[{\"@type\":\"SearchAction\",\"target\":{\"@type\":\"EntryPoint\",\"urlTemplate\":\"https:\/\/leatai.com\/no\/?s={search_term_string}\"},\"query-input\":{\"@type\":\"PropertyValueSpecification\",\"valueRequired\":true,\"valueName\":\"search_term_string\"}}],\"inLanguage\":\"nb-NO\"},{\"@type\":\"Organization\",\"@id\":\"https:\/\/leatai.com\/no\/#organization\",\"name\":\"Leatai Diary, customized journal and business organizer\",\"url\":\"https:\/\/leatai.com\/no\/\",\"logo\":{\"@type\":\"ImageObject\",\"inLanguage\":\"nb-NO\",\"@id\":\"https:\/\/leatai.com\/no\/#\/schema\/logo\/image\/\",\"url\":\"https:\/\/leatai.com\/wp-content\/uploads\/logo-blue.png\",\"contentUrl\":\"https:\/\/leatai.com\/wp-content\/uploads\/logo-blue.png\",\"width\":230,\"height\":60,\"caption\":\"Leatai Diary, customized journal and business organizer\"},\"image\":{\"@id\":\"https:\/\/leatai.com\/no\/#\/schema\/logo\/image\/\"}}]}<\/script>\n<!-- \/ Yoast SEO plugin. -->","yoast_head_json":{"title":"ID-kortholder - Leatai \u2013 Produsent av tilpassede notatb\u00f8ker","description":"En ID-kortholder i ekte skinn, eller dokumentholder i ekte skinn, er et sv\u00e6rt praktisk skinnprodukt i arbeidslivet. Jo lenger den brukes, desto mer personlig preg f\u00e5r den, og desto bedre fremhever den ens smak \u2013 en sterkt anbefalt forretningsgave.","robots":{"index":"index","follow":"follow","max-snippet":"max-snippet:-1","max-image-preview":"max-image-preview:large","max-video-preview":"max-video-preview:-1"},"canonical":"https:\/\/leatai.com\/no\/product\/gave-og-laerprodukter\/laer-og-kontorrekvisita\/id-kortholder\/","og_locale":"nb_NO","og_type":"article","og_title":"ID-kortholder - Leatai \u2013 Produsent av tilpassede notatb\u00f8ker","og_description":"En ID-kortholder i ekte skinn, eller dokumentholder i ekte skinn, er et sv\u00e6rt praktisk skinnprodukt i arbeidslivet. Jo lenger den brukes, desto mer personlig preg f\u00e5r den, og desto bedre fremhever den ens smak \u2013 en sterkt anbefalt forretningsgave.","og_url":"https:\/\/leatai.com\/no\/product\/gave-og-laerprodukter\/laer-og-kontorrekvisita\/id-kortholder\/","og_site_name":"Leatai \u2013 Produsent av tilpassede notatb\u00f8ker","article_modified_time":"2026-03-17T07:49:23+00:00","og_image":[{"width":1000,"height":750,"url":"https:\/\/leatai.com\/wp-content\/uploads\/2016_01_16_1731230.jpg","type":"image\/jpeg"}],"twitter_card":"summary_large_image","twitter_misc":{"Ansl. lesetid":"1 minutt"},"schema":{"@context":"https:\/\/schema.org","@graph":[{"@type":"WebPage","@id":"https:\/\/leatai.com\/no\/product\/gave-og-laerprodukter\/laer-og-kontorrekvisita\/id-kortholder\/","url":"https:\/\/leatai.com\/no\/product\/gave-og-laerprodukter\/laer-og-kontorrekvisita\/id-kortholder\/","name":"ID-kortholder - Leatai \u2013 Produsent av tilpassede notatb\u00f8ker","isPartOf":{"@id":"https:\/\/leatai.com\/no\/#website"},"primaryImageOfPage":{"@id":"https:\/\/leatai.com\/no\/product\/gave-og-laerprodukter\/laer-og-kontorrekvisita\/id-kortholder\/#primaryimage"},"image":{"@id":"https:\/\/leatai.com\/no\/product\/gave-og-laerprodukter\/laer-og-kontorrekvisita\/id-kortholder\/#primaryimage"},"thumbnailUrl":"https:\/\/leatai.com\/wp-content\/uploads\/2016_01_16_1731230.jpg","datePublished":"2021-06-24T05:23:08+00:00","dateModified":"2026-03-17T07:49:23+00:00","description":"En ID-kortholder i ekte skinn, eller dokumentholder i ekte skinn, er et sv\u00e6rt praktisk skinnprodukt i arbeidslivet. Jo lenger den brukes, desto mer personlig preg f\u00e5r den, og desto bedre fremhever den ens smak \u2013 en sterkt anbefalt forretningsgave.","breadcrumb":{"@id":"https:\/\/leatai.com\/no\/product\/gave-og-laerprodukter\/laer-og-kontorrekvisita\/id-kortholder\/#breadcrumb"},"inLanguage":"nb-NO","potentialAction":[{"@type":"ReadAction","target":["https:\/\/leatai.com\/no\/product\/gave-og-laerprodukter\/laer-og-kontorrekvisita\/id-kortholder\/"]}]},{"@type":"ImageObject","inLanguage":"nb-NO","@id":"https:\/\/leatai.com\/no\/product\/gave-og-laerprodukter\/laer-og-kontorrekvisita\/id-kortholder\/#primaryimage","url":"https:\/\/leatai.com\/wp-content\/uploads\/2016_01_16_1731230.jpg","contentUrl":"https:\/\/leatai.com\/wp-content\/uploads\/2016_01_16_1731230.jpg","width":1000,"height":750},{"@type":"BreadcrumbList","@id":"https:\/\/leatai.com\/no\/product\/gave-og-laerprodukter\/laer-og-kontorrekvisita\/id-kortholder\/#breadcrumb","itemListElement":[{"@type":"ListItem","position":1,"name":"Home","item":"https:\/\/leatai.com\/no\/"},{"@type":"ListItem","position":2,"name":"Produktpresentasjon","item":"https:\/\/leatai.com\/products\/"},{"@type":"ListItem","position":3,"name":"Gave- og l\u00e6rprodukter","item":"https:\/\/leatai.com\/no\/produktkategori\/gave-og-laerprodukter\/"},{"@type":"ListItem","position":4,"name":"ID-kortholder"}]},{"@type":"WebSite","@id":"https:\/\/leatai.com\/no\/#website","url":"https:\/\/leatai.com\/no\/","name":"Leatai \u2013 Produsent av tilpassede notatb\u00f8ker","description":"Leatai tilbyr tilpassede notatb\u00f8ker og planleggere til globale merkevarer og distribut\u00f8rer.","publisher":{"@id":"https:\/\/leatai.com\/no\/#organization"},"potentialAction":[{"@type":"SearchAction","target":{"@type":"EntryPoint","urlTemplate":"https:\/\/leatai.com\/no\/?s={search_term_string}"},"query-input":{"@type":"PropertyValueSpecification","valueRequired":true,"valueName":"search_term_string"}}],"inLanguage":"nb-NO"},{"@type":"Organization","@id":"https:\/\/leatai.com\/no\/#organization","name":"Leatai Diary, customized journal and business organizer","url":"https:\/\/leatai.com\/no\/","logo":{"@type":"ImageObject","inLanguage":"nb-NO","@id":"https:\/\/leatai.com\/no\/#\/schema\/logo\/image\/","url":"https:\/\/leatai.com\/wp-content\/uploads\/logo-blue.png","contentUrl":"https:\/\/leatai.com\/wp-content\/uploads\/logo-blue.png","width":230,"height":60,"caption":"Leatai Diary, customized journal and business organizer"},"image":{"@id":"https:\/\/leatai.com\/no\/#\/schema\/logo\/image\/"}}]}},"_links":{"self":[{"href":"https:\/\/leatai.com\/no\/wp-json\/wp\/v2\/product\/281368","targetHints":{"allow":["GET"]}}],"collection":[{"href":"https:\/\/leatai.com\/no\/wp-json\/wp\/v2\/product"}],"about":[{"href":"https:\/\/leatai.com\/no\/wp-json\/wp\/v2\/types\/product"}],"wp:featuredmedia":[{"embeddable":true,"href":"https:\/\/leatai.com\/no\/wp-json\/wp\/v2\/media\/281369"}],"wp:attachment":[{"href":"https:\/\/leatai.com\/no\/wp-json\/wp\/v2\/media?parent=281368"}],"wp:term":[{"taxonomy":"product_brand","embeddable":true,"href":"https:\/\/leatai.com\/no\/wp-json\/wp\/v2\/product_brand?post=281368"},{"taxonomy":"product_cat","embeddable":true,"href":"https:\/\/leatai.com\/no\/wp-json\/wp\/v2\/product_cat?post=281368"},{"taxonomy":"product_tag","embeddable":true,"href":"https:\/\/leatai.com\/no\/wp-json\/wp\/v2\/product_tag?post=281368"},{"taxonomy":"home_works","embeddable":true,"href":"https:\/\/leatai.com\/no\/wp-json\/wp\/v2\/home_works?post=281368"}],"curies":[{"name":"wp","href":"https:\/\/api.w.org\/{rel}","templated":true}]}}