{"id":281351,"date":"2021-06-24T13:23:08","date_gmt":"2021-06-24T05:23:08","guid":{"rendered":"https:\/\/leatai.com\/product\/ukategorisert\/ekte-skinn-klassisk-passholder\/"},"modified":"2026-03-17T15:48:32","modified_gmt":"2026-03-17T07:48:32","slug":"ekte-skinn-klassisk-passholder","status":"publish","type":"product","link":"https:\/\/leatai.com\/no\/product\/gave-og-laerprodukter\/laer-og-kontorrekvisita\/ekte-skinn-klassisk-passholder\/","title":{"rendered":"Ekte skinn \u2013 klassisk passholder"},"content":{"rendered":"<p>Materiale: ekte importert kuskinn<br \/>\nEmballasje: OPP-pose<\/p>\n<p>Produktbeskrivelse<\/p>\n<p>Notatklips, regningsmappe, menyholder, fakturamappe, dokumentmappe\u2026 og andre produkter for restauranter og hoteller kan alle produseres, enten i ekte skinn eller kunstskinn. Leatai tilbyr en komplett l\u00f8sning fra design til produksjon.<br \/>\nDet er ogs\u00e5 mulig \u00e5 spesialbestille andre skinnprodukter, som skinnetui, skinnlommebok for mynter, skinnpassholder, skinnvisittkortholder, skinn ID-holder\u2026 og ulike andre skinnprodukter. Velkommen til \u00e5 ta kontakt.<\/p>\n","protected":false},"excerpt":{"rendered":"<p>Materiale: ekte importert kuskinn Emballasje: OPP-pose Produktbeskrivelse Notatklips, regningsmappe, menyholder, fakturamappe, dokumentmappe\u2026 og andre produkter for restauranter og hoteller kan alle produseres, enten i ekte skinn eller kunstskinn. Leatai tilbyr en komplett l\u00f8sning fra design til produksjon. Det er ogs\u00e5 mulig \u00e5 spesialbestille andre skinnprodukter, som skinnetui, skinnlommebok for mynter, skinnpassholder, skinnvisittkortholder, skinn ID-holder\u2026 og [&hellip;]<\/p>\n","protected":false},"featured_media":281352,"template":"","meta":{"_acf_changed":false},"product_brand":[],"product_cat":[1119,1132],"product_tag":[],"home_works":[],"class_list":{"0":"post-281351","1":"product","2":"type-product","3":"status-publish","4":"has-post-thumbnail","6":"product_cat-gave-og-laerprodukter","7":"product_cat-laer-og-kontorrekvisita","9":"first","10":"instock","11":"sold-individually","12":"shipping-taxable","13":"purchasable","14":"product-type-simple"},"acf":[],"yoast_head":"<!-- This site is optimized with the Yoast SEO plugin v27.2 - https:\/\/yoast.com\/product\/yoast-seo-wordpress\/ -->\n<title>Ekte skinn \u2013 klassisk passholder - Leatai \u2013 Produsent av tilpassede notatb\u00f8ker<\/title>\n<meta name=\"description\" content=\"En sv\u00e6rt praktisk passholder laget av h\u00f8ykvalitets kuskinn, h\u00e5ndlaget sting for sting, klassisk og slitesterk, med en varm og behagelig f\u00f8lelse \u2013 et ekte skinnprodukt verdt \u00e5 samle p\u00e5\" \/>\n<meta name=\"robots\" content=\"index, follow, max-snippet:-1, max-image-preview:large, max-video-preview:-1\" \/>\n<link rel=\"canonical\" href=\"https:\/\/leatai.com\/no\/product\/gave-og-laerprodukter\/laer-og-kontorrekvisita\/ekte-skinn-klassisk-passholder\/\" \/>\n<meta property=\"og:locale\" content=\"nb_NO\" \/>\n<meta property=\"og:type\" content=\"article\" \/>\n<meta property=\"og:title\" content=\"Ekte skinn \u2013 klassisk passholder - Leatai \u2013 Produsent av tilpassede notatb\u00f8ker\" \/>\n<meta property=\"og:description\" content=\"En sv\u00e6rt praktisk passholder laget av h\u00f8ykvalitets kuskinn, h\u00e5ndlaget sting for sting, klassisk og slitesterk, med en varm og behagelig f\u00f8lelse \u2013 et ekte skinnprodukt verdt \u00e5 samle p\u00e5\" \/>\n<meta property=\"og:url\" content=\"https:\/\/leatai.com\/no\/product\/gave-og-laerprodukter\/laer-og-kontorrekvisita\/ekte-skinn-klassisk-passholder\/\" \/>\n<meta property=\"og:site_name\" content=\"Leatai \u2013 Produsent av tilpassede notatb\u00f8ker\" \/>\n<meta property=\"article:modified_time\" content=\"2026-03-17T07:48:32+00:00\" \/>\n<meta property=\"og:image\" content=\"https:\/\/leatai.com\/wp-content\/uploads\/2016_01_20_1759520.jpg\" \/>\n\t<meta property=\"og:image:width\" content=\"1000\" \/>\n\t<meta property=\"og:image:height\" content=\"750\" \/>\n\t<meta property=\"og:image:type\" content=\"image\/jpeg\" \/>\n<meta name=\"twitter:card\" content=\"summary_large_image\" \/>\n<meta name=\"twitter:label1\" content=\"Ansl. lesetid\" \/>\n\t<meta name=\"twitter:data1\" content=\"1 minutt\" \/>\n<script type=\"application\/ld+json\" class=\"yoast-schema-graph\">{\"@context\":\"https:\/\/schema.org\",\"@graph\":[{\"@type\":\"WebPage\",\"@id\":\"https:\/\/leatai.com\/no\/product\/gave-og-laerprodukter\/laer-og-kontorrekvisita\/ekte-skinn-klassisk-passholder\/\",\"url\":\"https:\/\/leatai.com\/no\/product\/gave-og-laerprodukter\/laer-og-kontorrekvisita\/ekte-skinn-klassisk-passholder\/\",\"name\":\"Ekte skinn \u2013 klassisk passholder - Leatai \u2013 Produsent av tilpassede notatb\u00f8ker\",\"isPartOf\":{\"@id\":\"https:\/\/leatai.com\/no\/#website\"},\"primaryImageOfPage\":{\"@id\":\"https:\/\/leatai.com\/no\/product\/gave-og-laerprodukter\/laer-og-kontorrekvisita\/ekte-skinn-klassisk-passholder\/#primaryimage\"},\"image\":{\"@id\":\"https:\/\/leatai.com\/no\/product\/gave-og-laerprodukter\/laer-og-kontorrekvisita\/ekte-skinn-klassisk-passholder\/#primaryimage\"},\"thumbnailUrl\":\"https:\/\/leatai.com\/wp-content\/uploads\/2016_01_20_1759520.jpg\",\"datePublished\":\"2021-06-24T05:23:08+00:00\",\"dateModified\":\"2026-03-17T07:48:32+00:00\",\"description\":\"En sv\u00e6rt praktisk passholder laget av h\u00f8ykvalitets kuskinn, h\u00e5ndlaget sting for sting, klassisk og slitesterk, med en varm og behagelig f\u00f8lelse \u2013 et ekte skinnprodukt verdt \u00e5 samle p\u00e5\",\"breadcrumb\":{\"@id\":\"https:\/\/leatai.com\/no\/product\/gave-og-laerprodukter\/laer-og-kontorrekvisita\/ekte-skinn-klassisk-passholder\/#breadcrumb\"},\"inLanguage\":\"nb-NO\",\"potentialAction\":[{\"@type\":\"ReadAction\",\"target\":[\"https:\/\/leatai.com\/no\/product\/gave-og-laerprodukter\/laer-og-kontorrekvisita\/ekte-skinn-klassisk-passholder\/\"]}]},{\"@type\":\"ImageObject\",\"inLanguage\":\"nb-NO\",\"@id\":\"https:\/\/leatai.com\/no\/product\/gave-og-laerprodukter\/laer-og-kontorrekvisita\/ekte-skinn-klassisk-passholder\/#primaryimage\",\"url\":\"https:\/\/leatai.com\/wp-content\/uploads\/2016_01_20_1759520.jpg\",\"contentUrl\":\"https:\/\/leatai.com\/wp-content\/uploads\/2016_01_20_1759520.jpg\",\"width\":1000,\"height\":750},{\"@type\":\"BreadcrumbList\",\"@id\":\"https:\/\/leatai.com\/no\/product\/gave-og-laerprodukter\/laer-og-kontorrekvisita\/ekte-skinn-klassisk-passholder\/#breadcrumb\",\"itemListElement\":[{\"@type\":\"ListItem\",\"position\":1,\"name\":\"Home\",\"item\":\"https:\/\/leatai.com\/no\/\"},{\"@type\":\"ListItem\",\"position\":2,\"name\":\"Produktpresentasjon\",\"item\":\"https:\/\/leatai.com\/products\/\"},{\"@type\":\"ListItem\",\"position\":3,\"name\":\"Gave- og l\u00e6rprodukter\",\"item\":\"https:\/\/leatai.com\/no\/produktkategori\/gave-og-laerprodukter\/\"},{\"@type\":\"ListItem\",\"position\":4,\"name\":\"Ekte skinn \u2013 klassisk passholder\"}]},{\"@type\":\"WebSite\",\"@id\":\"https:\/\/leatai.com\/no\/#website\",\"url\":\"https:\/\/leatai.com\/no\/\",\"name\":\"Leatai \u2013 Produsent av tilpassede notatb\u00f8ker\",\"description\":\"Leatai tilbyr tilpassede notatb\u00f8ker og planleggere til globale merkevarer og distribut\u00f8rer.\",\"publisher\":{\"@id\":\"https:\/\/leatai.com\/no\/#organization\"},\"potentialAction\":[{\"@type\":\"SearchAction\",\"target\":{\"@type\":\"EntryPoint\",\"urlTemplate\":\"https:\/\/leatai.com\/no\/?s={search_term_string}\"},\"query-input\":{\"@type\":\"PropertyValueSpecification\",\"valueRequired\":true,\"valueName\":\"search_term_string\"}}],\"inLanguage\":\"nb-NO\"},{\"@type\":\"Organization\",\"@id\":\"https:\/\/leatai.com\/no\/#organization\",\"name\":\"Leatai Diary, customized journal and business organizer\",\"url\":\"https:\/\/leatai.com\/no\/\",\"logo\":{\"@type\":\"ImageObject\",\"inLanguage\":\"nb-NO\",\"@id\":\"https:\/\/leatai.com\/no\/#\/schema\/logo\/image\/\",\"url\":\"https:\/\/leatai.com\/wp-content\/uploads\/logo-blue.png\",\"contentUrl\":\"https:\/\/leatai.com\/wp-content\/uploads\/logo-blue.png\",\"width\":230,\"height\":60,\"caption\":\"Leatai Diary, customized journal and business organizer\"},\"image\":{\"@id\":\"https:\/\/leatai.com\/no\/#\/schema\/logo\/image\/\"}}]}<\/script>\n<!-- \/ Yoast SEO plugin. -->","yoast_head_json":{"title":"Ekte skinn \u2013 klassisk passholder - Leatai \u2013 Produsent av tilpassede notatb\u00f8ker","description":"En sv\u00e6rt praktisk passholder laget av h\u00f8ykvalitets kuskinn, h\u00e5ndlaget sting for sting, klassisk og slitesterk, med en varm og behagelig f\u00f8lelse \u2013 et ekte skinnprodukt verdt \u00e5 samle p\u00e5","robots":{"index":"index","follow":"follow","max-snippet":"max-snippet:-1","max-image-preview":"max-image-preview:large","max-video-preview":"max-video-preview:-1"},"canonical":"https:\/\/leatai.com\/no\/product\/gave-og-laerprodukter\/laer-og-kontorrekvisita\/ekte-skinn-klassisk-passholder\/","og_locale":"nb_NO","og_type":"article","og_title":"Ekte skinn \u2013 klassisk passholder - Leatai \u2013 Produsent av tilpassede notatb\u00f8ker","og_description":"En sv\u00e6rt praktisk passholder laget av h\u00f8ykvalitets kuskinn, h\u00e5ndlaget sting for sting, klassisk og slitesterk, med en varm og behagelig f\u00f8lelse \u2013 et ekte skinnprodukt verdt \u00e5 samle p\u00e5","og_url":"https:\/\/leatai.com\/no\/product\/gave-og-laerprodukter\/laer-og-kontorrekvisita\/ekte-skinn-klassisk-passholder\/","og_site_name":"Leatai \u2013 Produsent av tilpassede notatb\u00f8ker","article_modified_time":"2026-03-17T07:48:32+00:00","og_image":[{"width":1000,"height":750,"url":"https:\/\/leatai.com\/wp-content\/uploads\/2016_01_20_1759520.jpg","type":"image\/jpeg"}],"twitter_card":"summary_large_image","twitter_misc":{"Ansl. lesetid":"1 minutt"},"schema":{"@context":"https:\/\/schema.org","@graph":[{"@type":"WebPage","@id":"https:\/\/leatai.com\/no\/product\/gave-og-laerprodukter\/laer-og-kontorrekvisita\/ekte-skinn-klassisk-passholder\/","url":"https:\/\/leatai.com\/no\/product\/gave-og-laerprodukter\/laer-og-kontorrekvisita\/ekte-skinn-klassisk-passholder\/","name":"Ekte skinn \u2013 klassisk passholder - Leatai \u2013 Produsent av tilpassede notatb\u00f8ker","isPartOf":{"@id":"https:\/\/leatai.com\/no\/#website"},"primaryImageOfPage":{"@id":"https:\/\/leatai.com\/no\/product\/gave-og-laerprodukter\/laer-og-kontorrekvisita\/ekte-skinn-klassisk-passholder\/#primaryimage"},"image":{"@id":"https:\/\/leatai.com\/no\/product\/gave-og-laerprodukter\/laer-og-kontorrekvisita\/ekte-skinn-klassisk-passholder\/#primaryimage"},"thumbnailUrl":"https:\/\/leatai.com\/wp-content\/uploads\/2016_01_20_1759520.jpg","datePublished":"2021-06-24T05:23:08+00:00","dateModified":"2026-03-17T07:48:32+00:00","description":"En sv\u00e6rt praktisk passholder laget av h\u00f8ykvalitets kuskinn, h\u00e5ndlaget sting for sting, klassisk og slitesterk, med en varm og behagelig f\u00f8lelse \u2013 et ekte skinnprodukt verdt \u00e5 samle p\u00e5","breadcrumb":{"@id":"https:\/\/leatai.com\/no\/product\/gave-og-laerprodukter\/laer-og-kontorrekvisita\/ekte-skinn-klassisk-passholder\/#breadcrumb"},"inLanguage":"nb-NO","potentialAction":[{"@type":"ReadAction","target":["https:\/\/leatai.com\/no\/product\/gave-og-laerprodukter\/laer-og-kontorrekvisita\/ekte-skinn-klassisk-passholder\/"]}]},{"@type":"ImageObject","inLanguage":"nb-NO","@id":"https:\/\/leatai.com\/no\/product\/gave-og-laerprodukter\/laer-og-kontorrekvisita\/ekte-skinn-klassisk-passholder\/#primaryimage","url":"https:\/\/leatai.com\/wp-content\/uploads\/2016_01_20_1759520.jpg","contentUrl":"https:\/\/leatai.com\/wp-content\/uploads\/2016_01_20_1759520.jpg","width":1000,"height":750},{"@type":"BreadcrumbList","@id":"https:\/\/leatai.com\/no\/product\/gave-og-laerprodukter\/laer-og-kontorrekvisita\/ekte-skinn-klassisk-passholder\/#breadcrumb","itemListElement":[{"@type":"ListItem","position":1,"name":"Home","item":"https:\/\/leatai.com\/no\/"},{"@type":"ListItem","position":2,"name":"Produktpresentasjon","item":"https:\/\/leatai.com\/products\/"},{"@type":"ListItem","position":3,"name":"Gave- og l\u00e6rprodukter","item":"https:\/\/leatai.com\/no\/produktkategori\/gave-og-laerprodukter\/"},{"@type":"ListItem","position":4,"name":"Ekte skinn \u2013 klassisk passholder"}]},{"@type":"WebSite","@id":"https:\/\/leatai.com\/no\/#website","url":"https:\/\/leatai.com\/no\/","name":"Leatai \u2013 Produsent av tilpassede notatb\u00f8ker","description":"Leatai tilbyr tilpassede notatb\u00f8ker og planleggere til globale merkevarer og distribut\u00f8rer.","publisher":{"@id":"https:\/\/leatai.com\/no\/#organization"},"potentialAction":[{"@type":"SearchAction","target":{"@type":"EntryPoint","urlTemplate":"https:\/\/leatai.com\/no\/?s={search_term_string}"},"query-input":{"@type":"PropertyValueSpecification","valueRequired":true,"valueName":"search_term_string"}}],"inLanguage":"nb-NO"},{"@type":"Organization","@id":"https:\/\/leatai.com\/no\/#organization","name":"Leatai Diary, customized journal and business organizer","url":"https:\/\/leatai.com\/no\/","logo":{"@type":"ImageObject","inLanguage":"nb-NO","@id":"https:\/\/leatai.com\/no\/#\/schema\/logo\/image\/","url":"https:\/\/leatai.com\/wp-content\/uploads\/logo-blue.png","contentUrl":"https:\/\/leatai.com\/wp-content\/uploads\/logo-blue.png","width":230,"height":60,"caption":"Leatai Diary, customized journal and business organizer"},"image":{"@id":"https:\/\/leatai.com\/no\/#\/schema\/logo\/image\/"}}]}},"_links":{"self":[{"href":"https:\/\/leatai.com\/no\/wp-json\/wp\/v2\/product\/281351","targetHints":{"allow":["GET"]}}],"collection":[{"href":"https:\/\/leatai.com\/no\/wp-json\/wp\/v2\/product"}],"about":[{"href":"https:\/\/leatai.com\/no\/wp-json\/wp\/v2\/types\/product"}],"wp:featuredmedia":[{"embeddable":true,"href":"https:\/\/leatai.com\/no\/wp-json\/wp\/v2\/media\/281352"}],"wp:attachment":[{"href":"https:\/\/leatai.com\/no\/wp-json\/wp\/v2\/media?parent=281351"}],"wp:term":[{"taxonomy":"product_brand","embeddable":true,"href":"https:\/\/leatai.com\/no\/wp-json\/wp\/v2\/product_brand?post=281351"},{"taxonomy":"product_cat","embeddable":true,"href":"https:\/\/leatai.com\/no\/wp-json\/wp\/v2\/product_cat?post=281351"},{"taxonomy":"product_tag","embeddable":true,"href":"https:\/\/leatai.com\/no\/wp-json\/wp\/v2\/product_tag?post=281351"},{"taxonomy":"home_works","embeddable":true,"href":"https:\/\/leatai.com\/no\/wp-json\/wp\/v2\/home_works?post=281351"}],"curies":[{"name":"wp","href":"https:\/\/api.w.org\/{rel}","templated":true}]}}