{"id":281339,"date":"2021-06-24T13:17:56","date_gmt":"2021-06-24T05:17:56","guid":{"rendered":"https:\/\/leatai.com\/product\/ukategorisert\/patentert-filtunderlag\/"},"modified":"2026-03-17T15:49:33","modified_gmt":"2026-03-17T07:49:33","slug":"patentert-filtunderlag","status":"publish","type":"product","link":"https:\/\/leatai.com\/no\/product\/gave-og-laerprodukter\/filprodukter\/patentert-filtunderlag\/","title":{"rendered":"Patentert filtunderlag"},"content":{"rendered":"<p>Beskrivelse<\/p>\n<p>Produktmodell: patentert filtunderlag<br \/>\nOmslagsmateriale: filt<br \/>\nFarger: r\u00f8d \/ bl\u00e5 \/ svart \/ lilla \/ gul \/ hvit \/ oransje \/ gr\u00f8nn<br \/>\nSpesifikasjon: diameter 10 cm<br \/>\nAnnet:<\/p>\n<p>Filt er egentlig et vanlig og enkelt materiale. N\u00e5r det brukes i produkter, blir kantene ofte ujevne, med mye fiber p\u00e5 snittflatene, og materialet er for mykt, noe som ofte begrenser bruksomr\u00e5dene.<\/p>\n<p>Gjennom Leatai sin eksklusive prosesseringsteknologi oppn\u00e5s en jevn overflate, og opptil 90 % av den ujevne fiberdannelsen reduseres. Stansing etterlater nesten ingen fibre, og ved s\u00f8m oppst\u00e5r det ikke inntrykksmerker. Samtidig forbedres smussmotstanden, som materialet opprinnelig manglet, og fargene blir mer levende, noe som gir uendelige kreative muligheter.<\/p>\n<p>Dette er en eksklusiv patent fra Leatai \u2013 bli med oss og utfold kreativiteten din til det fulle!<\/p>\n<p>Emballasje: OPP-pose (valgfritt)<br \/>\nLOGO-behandling: stansing, vannbasert silketrykk<\/p>\n","protected":false},"excerpt":{"rendered":"[embed]https:\/\/www.youtube.com\/embed\/MvMfdwEUKnk[\/embed]\n","protected":false},"featured_media":281340,"template":"","meta":{"_acf_changed":false},"product_brand":[],"product_cat":[1145,1171],"product_tag":[],"home_works":[],"class_list":{"0":"post-281339","1":"product","2":"type-product","3":"status-publish","4":"has-post-thumbnail","6":"product_cat-filprodukter","7":"product_cat-eksklusive-produkter-no","9":"first","10":"instock","11":"sold-individually","12":"shipping-taxable","13":"purchasable","14":"product-type-simple"},"acf":[],"yoast_head":"<!-- This site is optimized with the Yoast SEO plugin v27.2 - https:\/\/yoast.com\/product\/yoast-seo-wordpress\/ -->\n<title>Patentert filtunderlag - Leatai \u2013 Produsent av tilpassede notatb\u00f8ker<\/title>\n<meta name=\"description\" content=\"Gjennom Leatai sin eksklusive prosesseringsteknologi oppn\u00e5s en jevn overflate, og opptil 90 % av ujevne fibre reduseres. Stansing etterlater nesten ingen fibre, og ved s\u00f8m oppst\u00e5r det ikke inntrykksmerker. Samtidig forbedres smussmotstanden, som materialet opprinnelig manglet, og fargene blir mer levende, noe som gir uendelige kreative muligheter.\" \/>\n<meta name=\"robots\" content=\"index, follow, max-snippet:-1, max-image-preview:large, max-video-preview:-1\" \/>\n<link rel=\"canonical\" href=\"https:\/\/leatai.com\/no\/product\/gave-og-laerprodukter\/filprodukter\/patentert-filtunderlag\/\" \/>\n<meta property=\"og:locale\" content=\"nb_NO\" \/>\n<meta property=\"og:type\" content=\"article\" \/>\n<meta property=\"og:title\" content=\"Patentert filtunderlag - Leatai \u2013 Produsent av tilpassede notatb\u00f8ker\" \/>\n<meta property=\"og:description\" content=\"Gjennom Leatai sin eksklusive prosesseringsteknologi oppn\u00e5s en jevn overflate, og opptil 90 % av ujevne fibre reduseres. Stansing etterlater nesten ingen fibre, og ved s\u00f8m oppst\u00e5r det ikke inntrykksmerker. Samtidig forbedres smussmotstanden, som materialet opprinnelig manglet, og fargene blir mer levende, noe som gir uendelige kreative muligheter.\" \/>\n<meta property=\"og:url\" content=\"https:\/\/leatai.com\/no\/product\/gave-og-laerprodukter\/filprodukter\/patentert-filtunderlag\/\" \/>\n<meta property=\"og:site_name\" content=\"Leatai \u2013 Produsent av tilpassede notatb\u00f8ker\" \/>\n<meta property=\"article:modified_time\" content=\"2026-03-17T07:49:33+00:00\" \/>\n<meta property=\"og:image\" content=\"https:\/\/leatai.com\/wp-content\/uploads\/2016_01_04_1436500.jpg\" \/>\n\t<meta property=\"og:image:width\" content=\"1000\" \/>\n\t<meta property=\"og:image:height\" content=\"750\" \/>\n\t<meta property=\"og:image:type\" content=\"image\/jpeg\" \/>\n<meta name=\"twitter:card\" content=\"summary_large_image\" \/>\n<meta name=\"twitter:label1\" content=\"Ansl. lesetid\" \/>\n\t<meta name=\"twitter:data1\" content=\"1 minutt\" \/>\n<script type=\"application\/ld+json\" class=\"yoast-schema-graph\">{\"@context\":\"https:\/\/schema.org\",\"@graph\":[{\"@type\":\"WebPage\",\"@id\":\"https:\/\/leatai.com\/no\/product\/gave-og-laerprodukter\/filprodukter\/patentert-filtunderlag\/\",\"url\":\"https:\/\/leatai.com\/no\/product\/gave-og-laerprodukter\/filprodukter\/patentert-filtunderlag\/\",\"name\":\"Patentert filtunderlag - Leatai \u2013 Produsent av tilpassede notatb\u00f8ker\",\"isPartOf\":{\"@id\":\"https:\/\/leatai.com\/no\/#website\"},\"primaryImageOfPage\":{\"@id\":\"https:\/\/leatai.com\/no\/product\/gave-og-laerprodukter\/filprodukter\/patentert-filtunderlag\/#primaryimage\"},\"image\":{\"@id\":\"https:\/\/leatai.com\/no\/product\/gave-og-laerprodukter\/filprodukter\/patentert-filtunderlag\/#primaryimage\"},\"thumbnailUrl\":\"https:\/\/leatai.com\/wp-content\/uploads\/2016_01_04_1436500.jpg\",\"datePublished\":\"2021-06-24T05:17:56+00:00\",\"dateModified\":\"2026-03-17T07:49:33+00:00\",\"description\":\"Gjennom Leatai sin eksklusive prosesseringsteknologi oppn\u00e5s en jevn overflate, og opptil 90 % av ujevne fibre reduseres. Stansing etterlater nesten ingen fibre, og ved s\u00f8m oppst\u00e5r det ikke inntrykksmerker. Samtidig forbedres smussmotstanden, som materialet opprinnelig manglet, og fargene blir mer levende, noe som gir uendelige kreative muligheter.\",\"breadcrumb\":{\"@id\":\"https:\/\/leatai.com\/no\/product\/gave-og-laerprodukter\/filprodukter\/patentert-filtunderlag\/#breadcrumb\"},\"inLanguage\":\"nb-NO\",\"potentialAction\":[{\"@type\":\"ReadAction\",\"target\":[\"https:\/\/leatai.com\/no\/product\/gave-og-laerprodukter\/filprodukter\/patentert-filtunderlag\/\"]}]},{\"@type\":\"ImageObject\",\"inLanguage\":\"nb-NO\",\"@id\":\"https:\/\/leatai.com\/no\/product\/gave-og-laerprodukter\/filprodukter\/patentert-filtunderlag\/#primaryimage\",\"url\":\"https:\/\/leatai.com\/wp-content\/uploads\/2016_01_04_1436500.jpg\",\"contentUrl\":\"https:\/\/leatai.com\/wp-content\/uploads\/2016_01_04_1436500.jpg\",\"width\":1000,\"height\":750},{\"@type\":\"BreadcrumbList\",\"@id\":\"https:\/\/leatai.com\/no\/product\/gave-og-laerprodukter\/filprodukter\/patentert-filtunderlag\/#breadcrumb\",\"itemListElement\":[{\"@type\":\"ListItem\",\"position\":1,\"name\":\"Home\",\"item\":\"https:\/\/leatai.com\/no\/\"},{\"@type\":\"ListItem\",\"position\":2,\"name\":\"Produktpresentasjon\",\"item\":\"https:\/\/leatai.com\/products\/\"},{\"@type\":\"ListItem\",\"position\":3,\"name\":\"Gave- og l\u00e6rprodukter\",\"item\":\"https:\/\/leatai.com\/no\/produktkategori\/gave-og-laerprodukter\/\"},{\"@type\":\"ListItem\",\"position\":4,\"name\":\"Filprodukter\",\"item\":\"https:\/\/leatai.com\/no\/produktkategori\/gave-og-laerprodukter\/filprodukter\/\"},{\"@type\":\"ListItem\",\"position\":5,\"name\":\"Patentert filtunderlag\"}]},{\"@type\":\"WebSite\",\"@id\":\"https:\/\/leatai.com\/no\/#website\",\"url\":\"https:\/\/leatai.com\/no\/\",\"name\":\"Leatai \u2013 Produsent av tilpassede notatb\u00f8ker\",\"description\":\"Leatai tilbyr tilpassede notatb\u00f8ker og planleggere til globale merkevarer og distribut\u00f8rer.\",\"publisher\":{\"@id\":\"https:\/\/leatai.com\/no\/#organization\"},\"potentialAction\":[{\"@type\":\"SearchAction\",\"target\":{\"@type\":\"EntryPoint\",\"urlTemplate\":\"https:\/\/leatai.com\/no\/?s={search_term_string}\"},\"query-input\":{\"@type\":\"PropertyValueSpecification\",\"valueRequired\":true,\"valueName\":\"search_term_string\"}}],\"inLanguage\":\"nb-NO\"},{\"@type\":\"Organization\",\"@id\":\"https:\/\/leatai.com\/no\/#organization\",\"name\":\"Leatai Diary, customized journal and business organizer\",\"url\":\"https:\/\/leatai.com\/no\/\",\"logo\":{\"@type\":\"ImageObject\",\"inLanguage\":\"nb-NO\",\"@id\":\"https:\/\/leatai.com\/no\/#\/schema\/logo\/image\/\",\"url\":\"https:\/\/leatai.com\/wp-content\/uploads\/logo-blue.png\",\"contentUrl\":\"https:\/\/leatai.com\/wp-content\/uploads\/logo-blue.png\",\"width\":230,\"height\":60,\"caption\":\"Leatai Diary, customized journal and business organizer\"},\"image\":{\"@id\":\"https:\/\/leatai.com\/no\/#\/schema\/logo\/image\/\"}}]}<\/script>\n<!-- \/ Yoast SEO plugin. -->","yoast_head_json":{"title":"Patentert filtunderlag - Leatai \u2013 Produsent av tilpassede notatb\u00f8ker","description":"Gjennom Leatai sin eksklusive prosesseringsteknologi oppn\u00e5s en jevn overflate, og opptil 90 % av ujevne fibre reduseres. Stansing etterlater nesten ingen fibre, og ved s\u00f8m oppst\u00e5r det ikke inntrykksmerker. Samtidig forbedres smussmotstanden, som materialet opprinnelig manglet, og fargene blir mer levende, noe som gir uendelige kreative muligheter.","robots":{"index":"index","follow":"follow","max-snippet":"max-snippet:-1","max-image-preview":"max-image-preview:large","max-video-preview":"max-video-preview:-1"},"canonical":"https:\/\/leatai.com\/no\/product\/gave-og-laerprodukter\/filprodukter\/patentert-filtunderlag\/","og_locale":"nb_NO","og_type":"article","og_title":"Patentert filtunderlag - Leatai \u2013 Produsent av tilpassede notatb\u00f8ker","og_description":"Gjennom Leatai sin eksklusive prosesseringsteknologi oppn\u00e5s en jevn overflate, og opptil 90 % av ujevne fibre reduseres. Stansing etterlater nesten ingen fibre, og ved s\u00f8m oppst\u00e5r det ikke inntrykksmerker. Samtidig forbedres smussmotstanden, som materialet opprinnelig manglet, og fargene blir mer levende, noe som gir uendelige kreative muligheter.","og_url":"https:\/\/leatai.com\/no\/product\/gave-og-laerprodukter\/filprodukter\/patentert-filtunderlag\/","og_site_name":"Leatai \u2013 Produsent av tilpassede notatb\u00f8ker","article_modified_time":"2026-03-17T07:49:33+00:00","og_image":[{"width":1000,"height":750,"url":"https:\/\/leatai.com\/wp-content\/uploads\/2016_01_04_1436500.jpg","type":"image\/jpeg"}],"twitter_card":"summary_large_image","twitter_misc":{"Ansl. lesetid":"1 minutt"},"schema":{"@context":"https:\/\/schema.org","@graph":[{"@type":"WebPage","@id":"https:\/\/leatai.com\/no\/product\/gave-og-laerprodukter\/filprodukter\/patentert-filtunderlag\/","url":"https:\/\/leatai.com\/no\/product\/gave-og-laerprodukter\/filprodukter\/patentert-filtunderlag\/","name":"Patentert filtunderlag - Leatai \u2013 Produsent av tilpassede notatb\u00f8ker","isPartOf":{"@id":"https:\/\/leatai.com\/no\/#website"},"primaryImageOfPage":{"@id":"https:\/\/leatai.com\/no\/product\/gave-og-laerprodukter\/filprodukter\/patentert-filtunderlag\/#primaryimage"},"image":{"@id":"https:\/\/leatai.com\/no\/product\/gave-og-laerprodukter\/filprodukter\/patentert-filtunderlag\/#primaryimage"},"thumbnailUrl":"https:\/\/leatai.com\/wp-content\/uploads\/2016_01_04_1436500.jpg","datePublished":"2021-06-24T05:17:56+00:00","dateModified":"2026-03-17T07:49:33+00:00","description":"Gjennom Leatai sin eksklusive prosesseringsteknologi oppn\u00e5s en jevn overflate, og opptil 90 % av ujevne fibre reduseres. Stansing etterlater nesten ingen fibre, og ved s\u00f8m oppst\u00e5r det ikke inntrykksmerker. Samtidig forbedres smussmotstanden, som materialet opprinnelig manglet, og fargene blir mer levende, noe som gir uendelige kreative muligheter.","breadcrumb":{"@id":"https:\/\/leatai.com\/no\/product\/gave-og-laerprodukter\/filprodukter\/patentert-filtunderlag\/#breadcrumb"},"inLanguage":"nb-NO","potentialAction":[{"@type":"ReadAction","target":["https:\/\/leatai.com\/no\/product\/gave-og-laerprodukter\/filprodukter\/patentert-filtunderlag\/"]}]},{"@type":"ImageObject","inLanguage":"nb-NO","@id":"https:\/\/leatai.com\/no\/product\/gave-og-laerprodukter\/filprodukter\/patentert-filtunderlag\/#primaryimage","url":"https:\/\/leatai.com\/wp-content\/uploads\/2016_01_04_1436500.jpg","contentUrl":"https:\/\/leatai.com\/wp-content\/uploads\/2016_01_04_1436500.jpg","width":1000,"height":750},{"@type":"BreadcrumbList","@id":"https:\/\/leatai.com\/no\/product\/gave-og-laerprodukter\/filprodukter\/patentert-filtunderlag\/#breadcrumb","itemListElement":[{"@type":"ListItem","position":1,"name":"Home","item":"https:\/\/leatai.com\/no\/"},{"@type":"ListItem","position":2,"name":"Produktpresentasjon","item":"https:\/\/leatai.com\/products\/"},{"@type":"ListItem","position":3,"name":"Gave- og l\u00e6rprodukter","item":"https:\/\/leatai.com\/no\/produktkategori\/gave-og-laerprodukter\/"},{"@type":"ListItem","position":4,"name":"Filprodukter","item":"https:\/\/leatai.com\/no\/produktkategori\/gave-og-laerprodukter\/filprodukter\/"},{"@type":"ListItem","position":5,"name":"Patentert filtunderlag"}]},{"@type":"WebSite","@id":"https:\/\/leatai.com\/no\/#website","url":"https:\/\/leatai.com\/no\/","name":"Leatai \u2013 Produsent av tilpassede notatb\u00f8ker","description":"Leatai tilbyr tilpassede notatb\u00f8ker og planleggere til globale merkevarer og distribut\u00f8rer.","publisher":{"@id":"https:\/\/leatai.com\/no\/#organization"},"potentialAction":[{"@type":"SearchAction","target":{"@type":"EntryPoint","urlTemplate":"https:\/\/leatai.com\/no\/?s={search_term_string}"},"query-input":{"@type":"PropertyValueSpecification","valueRequired":true,"valueName":"search_term_string"}}],"inLanguage":"nb-NO"},{"@type":"Organization","@id":"https:\/\/leatai.com\/no\/#organization","name":"Leatai Diary, customized journal and business organizer","url":"https:\/\/leatai.com\/no\/","logo":{"@type":"ImageObject","inLanguage":"nb-NO","@id":"https:\/\/leatai.com\/no\/#\/schema\/logo\/image\/","url":"https:\/\/leatai.com\/wp-content\/uploads\/logo-blue.png","contentUrl":"https:\/\/leatai.com\/wp-content\/uploads\/logo-blue.png","width":230,"height":60,"caption":"Leatai Diary, customized journal and business organizer"},"image":{"@id":"https:\/\/leatai.com\/no\/#\/schema\/logo\/image\/"}}]}},"_links":{"self":[{"href":"https:\/\/leatai.com\/no\/wp-json\/wp\/v2\/product\/281339","targetHints":{"allow":["GET"]}}],"collection":[{"href":"https:\/\/leatai.com\/no\/wp-json\/wp\/v2\/product"}],"about":[{"href":"https:\/\/leatai.com\/no\/wp-json\/wp\/v2\/types\/product"}],"wp:featuredmedia":[{"embeddable":true,"href":"https:\/\/leatai.com\/no\/wp-json\/wp\/v2\/media\/281340"}],"wp:attachment":[{"href":"https:\/\/leatai.com\/no\/wp-json\/wp\/v2\/media?parent=281339"}],"wp:term":[{"taxonomy":"product_brand","embeddable":true,"href":"https:\/\/leatai.com\/no\/wp-json\/wp\/v2\/product_brand?post=281339"},{"taxonomy":"product_cat","embeddable":true,"href":"https:\/\/leatai.com\/no\/wp-json\/wp\/v2\/product_cat?post=281339"},{"taxonomy":"product_tag","embeddable":true,"href":"https:\/\/leatai.com\/no\/wp-json\/wp\/v2\/product_tag?post=281339"},{"taxonomy":"home_works","embeddable":true,"href":"https:\/\/leatai.com\/no\/wp-json\/wp\/v2\/home_works?post=281339"}],"curies":[{"name":"wp","href":"https:\/\/api.w.org\/{rel}","templated":true}]}}