{"id":281330,"date":"2021-06-24T13:23:31","date_gmt":"2021-06-24T05:23:31","guid":{"rendered":"https:\/\/leatai.com\/product\/ukategorisert\/word-wave-festival-x-leatai\/"},"modified":"2026-03-17T15:07:28","modified_gmt":"2026-03-17T07:07:28","slug":"word-wave-festival-x-leatai","status":"publish","type":"product","link":"https:\/\/leatai.com\/no\/product\/tverrindustrielt-samarbeid\/kulturelle-og-kunstneriske-arrangementer\/word-wave-festival-x-leatai\/","title":{"rendered":"Word Wave Festival x Leatai"},"content":{"rendered":"<p>20160929-1002<\/p>\n<p>Den kinesiske h\u00f8ytlesningsfestivalen Word Wave Festival er et viktig prosjekt som g\u00e5r gjennom hele omr\u00e5det til Huashan Creative Park. M\u00e5let er \u00e5 bruke \u00abh\u00f8ytlesning\u00bb til \u00e5 gjenfortolke forholdet mellom lesing og liv, og dermed fremme publikums interesse for lesing, styrke utviklingen av forlagsbransjen og videre utvide seg internasjonalt.<\/p>\n<p>2016 Word Wave Festival \u00ab# jeg_er_i_lesing\u00bb bruker samtidens sosiale spr\u00e5k for \u00e5 knytte oss sammen, og skaper dermed en by bygget gjennom h\u00f8ytlesning. Den bryter grensene i den virkelige verden, og i h\u00f8ytlesningens og lesingens dimensjon finnes det ingen barrierer, bare stadig vekket fantasi og nysgjerrighet. Slik blir h\u00f8ytlesning internalisert i sinnets forestillingsrom, og sammen bygger vi en fremtidig by hvor b\u00f8ker og mennesker sameksisterer.<\/p>\n","protected":false},"excerpt":{"rendered":"<p>20160929-1002 Den kinesiske h\u00f8ytlesningsfestivalen Word Wave Festival er et viktig prosjekt som g\u00e5r gjennom hele omr\u00e5det til Huashan Creative Park. M\u00e5let er \u00e5 bruke \u00abh\u00f8ytlesning\u00bb til \u00e5 gjenfortolke forholdet mellom lesing og liv, og dermed fremme publikums interesse for lesing, styrke utviklingen av forlagsbransjen og videre utvide seg internasjonalt. 2016 Word Wave Festival \u00ab# jeg_er_i_lesing\u00bb [&hellip;]<\/p>\n","protected":false},"featured_media":281331,"template":"","meta":{"_acf_changed":false},"product_brand":[],"product_cat":[1106],"product_tag":[],"home_works":[],"class_list":{"0":"post-281330","1":"product","2":"type-product","3":"status-publish","4":"has-post-thumbnail","6":"product_cat-kulturelle-og-kunstneriske-arrangementer","8":"first","9":"instock","10":"sold-individually","11":"shipping-taxable","12":"purchasable","13":"product-type-simple"},"acf":[],"yoast_head":"<!-- This site is optimized with the Yoast SEO plugin v27.2 - https:\/\/yoast.com\/product\/yoast-seo-wordpress\/ -->\n<title>Word Wave Festival x Leatai - Leatai \u2013 Produsent av tilpassede notatb\u00f8ker<\/title>\n<meta name=\"robots\" content=\"index, follow, max-snippet:-1, max-image-preview:large, max-video-preview:-1\" \/>\n<link rel=\"canonical\" href=\"https:\/\/leatai.com\/no\/product\/tverrindustrielt-samarbeid\/kulturelle-og-kunstneriske-arrangementer\/word-wave-festival-x-leatai\/\" \/>\n<meta property=\"og:locale\" content=\"nb_NO\" \/>\n<meta property=\"og:type\" content=\"article\" \/>\n<meta property=\"og:title\" content=\"Word Wave Festival x Leatai - Leatai \u2013 Produsent av tilpassede notatb\u00f8ker\" \/>\n<meta property=\"og:description\" content=\"20160929-1002 Den kinesiske h\u00f8ytlesningsfestivalen Word Wave Festival er et viktig prosjekt som g\u00e5r gjennom hele omr\u00e5det til Huashan Creative Park. M\u00e5let er \u00e5 bruke \u00abh\u00f8ytlesning\u00bb til \u00e5 gjenfortolke forholdet mellom lesing og liv, og dermed fremme publikums interesse for lesing, styrke utviklingen av forlagsbransjen og videre utvide seg internasjonalt. 2016 Word Wave Festival \u00ab# jeg_er_i_lesing\u00bb [&hellip;]\" \/>\n<meta property=\"og:url\" content=\"https:\/\/leatai.com\/no\/product\/tverrindustrielt-samarbeid\/kulturelle-og-kunstneriske-arrangementer\/word-wave-festival-x-leatai\/\" \/>\n<meta property=\"og:site_name\" content=\"Leatai \u2013 Produsent av tilpassede notatb\u00f8ker\" \/>\n<meta property=\"article:modified_time\" content=\"2026-03-17T07:07:28+00:00\" \/>\n<meta property=\"og:image\" content=\"https:\/\/leatai.com\/wp-content\/uploads\/2020_06_17_1443180.jpg\" \/>\n\t<meta property=\"og:image:width\" content=\"1000\" \/>\n\t<meta property=\"og:image:height\" content=\"750\" \/>\n\t<meta property=\"og:image:type\" content=\"image\/jpeg\" \/>\n<meta name=\"twitter:card\" content=\"summary_large_image\" \/>\n<meta name=\"twitter:label1\" content=\"Ansl. lesetid\" \/>\n\t<meta name=\"twitter:data1\" content=\"1 minutt\" \/>\n<script type=\"application\/ld+json\" class=\"yoast-schema-graph\">{\"@context\":\"https:\/\/schema.org\",\"@graph\":[{\"@type\":\"WebPage\",\"@id\":\"https:\/\/leatai.com\/no\/product\/tverrindustrielt-samarbeid\/kulturelle-og-kunstneriske-arrangementer\/word-wave-festival-x-leatai\/\",\"url\":\"https:\/\/leatai.com\/no\/product\/tverrindustrielt-samarbeid\/kulturelle-og-kunstneriske-arrangementer\/word-wave-festival-x-leatai\/\",\"name\":\"Word Wave Festival x Leatai - Leatai \u2013 Produsent av tilpassede notatb\u00f8ker\",\"isPartOf\":{\"@id\":\"https:\/\/leatai.com\/no\/#website\"},\"primaryImageOfPage\":{\"@id\":\"https:\/\/leatai.com\/no\/product\/tverrindustrielt-samarbeid\/kulturelle-og-kunstneriske-arrangementer\/word-wave-festival-x-leatai\/#primaryimage\"},\"image\":{\"@id\":\"https:\/\/leatai.com\/no\/product\/tverrindustrielt-samarbeid\/kulturelle-og-kunstneriske-arrangementer\/word-wave-festival-x-leatai\/#primaryimage\"},\"thumbnailUrl\":\"https:\/\/leatai.com\/wp-content\/uploads\/2020_06_17_1443180.jpg\",\"datePublished\":\"2021-06-24T05:23:31+00:00\",\"dateModified\":\"2026-03-17T07:07:28+00:00\",\"breadcrumb\":{\"@id\":\"https:\/\/leatai.com\/no\/product\/tverrindustrielt-samarbeid\/kulturelle-og-kunstneriske-arrangementer\/word-wave-festival-x-leatai\/#breadcrumb\"},\"inLanguage\":\"nb-NO\",\"potentialAction\":[{\"@type\":\"ReadAction\",\"target\":[\"https:\/\/leatai.com\/no\/product\/tverrindustrielt-samarbeid\/kulturelle-og-kunstneriske-arrangementer\/word-wave-festival-x-leatai\/\"]}]},{\"@type\":\"ImageObject\",\"inLanguage\":\"nb-NO\",\"@id\":\"https:\/\/leatai.com\/no\/product\/tverrindustrielt-samarbeid\/kulturelle-og-kunstneriske-arrangementer\/word-wave-festival-x-leatai\/#primaryimage\",\"url\":\"https:\/\/leatai.com\/wp-content\/uploads\/2020_06_17_1443180.jpg\",\"contentUrl\":\"https:\/\/leatai.com\/wp-content\/uploads\/2020_06_17_1443180.jpg\",\"width\":1000,\"height\":750},{\"@type\":\"BreadcrumbList\",\"@id\":\"https:\/\/leatai.com\/no\/product\/tverrindustrielt-samarbeid\/kulturelle-og-kunstneriske-arrangementer\/word-wave-festival-x-leatai\/#breadcrumb\",\"itemListElement\":[{\"@type\":\"ListItem\",\"position\":1,\"name\":\"Home\",\"item\":\"https:\/\/leatai.com\/no\/\"},{\"@type\":\"ListItem\",\"position\":2,\"name\":\"Produktpresentasjon\",\"item\":\"https:\/\/leatai.com\/products\/\"},{\"@type\":\"ListItem\",\"position\":3,\"name\":\"Tverrindustrielt samarbeid\",\"item\":\"https:\/\/leatai.com\/no\/produktkategori\/tverrindustrielt-samarbeid\/\"},{\"@type\":\"ListItem\",\"position\":4,\"name\":\"Kulturelle og kunstneriske arrangementer\",\"item\":\"https:\/\/leatai.com\/no\/produktkategori\/tverrindustrielt-samarbeid\/kulturelle-og-kunstneriske-arrangementer\/\"},{\"@type\":\"ListItem\",\"position\":5,\"name\":\"Word Wave Festival x Leatai\"}]},{\"@type\":\"WebSite\",\"@id\":\"https:\/\/leatai.com\/no\/#website\",\"url\":\"https:\/\/leatai.com\/no\/\",\"name\":\"Leatai \u2013 Produsent av tilpassede notatb\u00f8ker\",\"description\":\"Leatai tilbyr tilpassede notatb\u00f8ker og planleggere til globale merkevarer og distribut\u00f8rer.\",\"publisher\":{\"@id\":\"https:\/\/leatai.com\/no\/#organization\"},\"potentialAction\":[{\"@type\":\"SearchAction\",\"target\":{\"@type\":\"EntryPoint\",\"urlTemplate\":\"https:\/\/leatai.com\/no\/?s={search_term_string}\"},\"query-input\":{\"@type\":\"PropertyValueSpecification\",\"valueRequired\":true,\"valueName\":\"search_term_string\"}}],\"inLanguage\":\"nb-NO\"},{\"@type\":\"Organization\",\"@id\":\"https:\/\/leatai.com\/no\/#organization\",\"name\":\"Leatai Diary, customized journal and business organizer\",\"url\":\"https:\/\/leatai.com\/no\/\",\"logo\":{\"@type\":\"ImageObject\",\"inLanguage\":\"nb-NO\",\"@id\":\"https:\/\/leatai.com\/no\/#\/schema\/logo\/image\/\",\"url\":\"https:\/\/leatai.com\/wp-content\/uploads\/logo-blue.png\",\"contentUrl\":\"https:\/\/leatai.com\/wp-content\/uploads\/logo-blue.png\",\"width\":230,\"height\":60,\"caption\":\"Leatai Diary, customized journal and business organizer\"},\"image\":{\"@id\":\"https:\/\/leatai.com\/no\/#\/schema\/logo\/image\/\"},\"telephone\":\"+886-2-8227-8800\",\"legalName\":\"Leatai Stationary Co., Ltd.\",\"description\":\"A leading notebook factory in Taiwan offering bespoke branding, high-quality binding, and premium paper selections for corporate gifts and stationery wholesale.\",\"address\":{\"@type\":\"PostalAddress\",\"streetAddress\":\"11F., No. 168, Jiankang Rd.\",\"addressLocality\":\"Zhonghe Dist.\",\"addressRegion\":\"New Taipei City\",\"postalCode\":\"235\",\"addressCountry\":\"TW\"},\"contactPoint\":{\"@type\":\"ContactPoint\",\"telephone\":\"+886-2-8227-8800\",\"contactType\":\"sales\",\"areaServed\":\"Worldwide\",\"availableLanguage\":[\"zh-TW\",\"en\"]}}]}<\/script>\n<!-- \/ Yoast SEO plugin. -->","yoast_head_json":{"title":"Word Wave Festival x Leatai - Leatai \u2013 Produsent av tilpassede notatb\u00f8ker","robots":{"index":"index","follow":"follow","max-snippet":"max-snippet:-1","max-image-preview":"max-image-preview:large","max-video-preview":"max-video-preview:-1"},"canonical":"https:\/\/leatai.com\/no\/product\/tverrindustrielt-samarbeid\/kulturelle-og-kunstneriske-arrangementer\/word-wave-festival-x-leatai\/","og_locale":"nb_NO","og_type":"article","og_title":"Word Wave Festival x Leatai - Leatai \u2013 Produsent av tilpassede notatb\u00f8ker","og_description":"20160929-1002 Den kinesiske h\u00f8ytlesningsfestivalen Word Wave Festival er et viktig prosjekt som g\u00e5r gjennom hele omr\u00e5det til Huashan Creative Park. M\u00e5let er \u00e5 bruke \u00abh\u00f8ytlesning\u00bb til \u00e5 gjenfortolke forholdet mellom lesing og liv, og dermed fremme publikums interesse for lesing, styrke utviklingen av forlagsbransjen og videre utvide seg internasjonalt. 2016 Word Wave Festival \u00ab# jeg_er_i_lesing\u00bb [&hellip;]","og_url":"https:\/\/leatai.com\/no\/product\/tverrindustrielt-samarbeid\/kulturelle-og-kunstneriske-arrangementer\/word-wave-festival-x-leatai\/","og_site_name":"Leatai \u2013 Produsent av tilpassede notatb\u00f8ker","article_modified_time":"2026-03-17T07:07:28+00:00","og_image":[{"width":1000,"height":750,"url":"https:\/\/leatai.com\/wp-content\/uploads\/2020_06_17_1443180.jpg","type":"image\/jpeg"}],"twitter_card":"summary_large_image","twitter_misc":{"Ansl. lesetid":"1 minutt"},"schema":{"@context":"https:\/\/schema.org","@graph":[{"@type":"WebPage","@id":"https:\/\/leatai.com\/no\/product\/tverrindustrielt-samarbeid\/kulturelle-og-kunstneriske-arrangementer\/word-wave-festival-x-leatai\/","url":"https:\/\/leatai.com\/no\/product\/tverrindustrielt-samarbeid\/kulturelle-og-kunstneriske-arrangementer\/word-wave-festival-x-leatai\/","name":"Word Wave Festival x Leatai - Leatai \u2013 Produsent av tilpassede notatb\u00f8ker","isPartOf":{"@id":"https:\/\/leatai.com\/no\/#website"},"primaryImageOfPage":{"@id":"https:\/\/leatai.com\/no\/product\/tverrindustrielt-samarbeid\/kulturelle-og-kunstneriske-arrangementer\/word-wave-festival-x-leatai\/#primaryimage"},"image":{"@id":"https:\/\/leatai.com\/no\/product\/tverrindustrielt-samarbeid\/kulturelle-og-kunstneriske-arrangementer\/word-wave-festival-x-leatai\/#primaryimage"},"thumbnailUrl":"https:\/\/leatai.com\/wp-content\/uploads\/2020_06_17_1443180.jpg","datePublished":"2021-06-24T05:23:31+00:00","dateModified":"2026-03-17T07:07:28+00:00","breadcrumb":{"@id":"https:\/\/leatai.com\/no\/product\/tverrindustrielt-samarbeid\/kulturelle-og-kunstneriske-arrangementer\/word-wave-festival-x-leatai\/#breadcrumb"},"inLanguage":"nb-NO","potentialAction":[{"@type":"ReadAction","target":["https:\/\/leatai.com\/no\/product\/tverrindustrielt-samarbeid\/kulturelle-og-kunstneriske-arrangementer\/word-wave-festival-x-leatai\/"]}]},{"@type":"ImageObject","inLanguage":"nb-NO","@id":"https:\/\/leatai.com\/no\/product\/tverrindustrielt-samarbeid\/kulturelle-og-kunstneriske-arrangementer\/word-wave-festival-x-leatai\/#primaryimage","url":"https:\/\/leatai.com\/wp-content\/uploads\/2020_06_17_1443180.jpg","contentUrl":"https:\/\/leatai.com\/wp-content\/uploads\/2020_06_17_1443180.jpg","width":1000,"height":750},{"@type":"BreadcrumbList","@id":"https:\/\/leatai.com\/no\/product\/tverrindustrielt-samarbeid\/kulturelle-og-kunstneriske-arrangementer\/word-wave-festival-x-leatai\/#breadcrumb","itemListElement":[{"@type":"ListItem","position":1,"name":"Home","item":"https:\/\/leatai.com\/no\/"},{"@type":"ListItem","position":2,"name":"Produktpresentasjon","item":"https:\/\/leatai.com\/products\/"},{"@type":"ListItem","position":3,"name":"Tverrindustrielt samarbeid","item":"https:\/\/leatai.com\/no\/produktkategori\/tverrindustrielt-samarbeid\/"},{"@type":"ListItem","position":4,"name":"Kulturelle og kunstneriske arrangementer","item":"https:\/\/leatai.com\/no\/produktkategori\/tverrindustrielt-samarbeid\/kulturelle-og-kunstneriske-arrangementer\/"},{"@type":"ListItem","position":5,"name":"Word Wave Festival x Leatai"}]},{"@type":"WebSite","@id":"https:\/\/leatai.com\/no\/#website","url":"https:\/\/leatai.com\/no\/","name":"Leatai \u2013 Produsent av tilpassede notatb\u00f8ker","description":"Leatai tilbyr tilpassede notatb\u00f8ker og planleggere til globale merkevarer og distribut\u00f8rer.","publisher":{"@id":"https:\/\/leatai.com\/no\/#organization"},"potentialAction":[{"@type":"SearchAction","target":{"@type":"EntryPoint","urlTemplate":"https:\/\/leatai.com\/no\/?s={search_term_string}"},"query-input":{"@type":"PropertyValueSpecification","valueRequired":true,"valueName":"search_term_string"}}],"inLanguage":"nb-NO"},{"@type":"Organization","@id":"https:\/\/leatai.com\/no\/#organization","name":"Leatai Diary, customized journal and business organizer","url":"https:\/\/leatai.com\/no\/","logo":{"@type":"ImageObject","inLanguage":"nb-NO","@id":"https:\/\/leatai.com\/no\/#\/schema\/logo\/image\/","url":"https:\/\/leatai.com\/wp-content\/uploads\/logo-blue.png","contentUrl":"https:\/\/leatai.com\/wp-content\/uploads\/logo-blue.png","width":230,"height":60,"caption":"Leatai Diary, customized journal and business organizer"},"image":{"@id":"https:\/\/leatai.com\/no\/#\/schema\/logo\/image\/"},"telephone":"+886-2-8227-8800","legalName":"Leatai Stationary Co., Ltd.","description":"A leading notebook factory in Taiwan offering bespoke branding, high-quality binding, and premium paper selections for corporate gifts and stationery wholesale.","address":{"@type":"PostalAddress","streetAddress":"11F., No. 168, Jiankang Rd.","addressLocality":"Zhonghe Dist.","addressRegion":"New Taipei City","postalCode":"235","addressCountry":"TW"},"contactPoint":{"@type":"ContactPoint","telephone":"+886-2-8227-8800","contactType":"sales","areaServed":"Worldwide","availableLanguage":["zh-TW","en"]}}]}},"_links":{"self":[{"href":"https:\/\/leatai.com\/no\/wp-json\/wp\/v2\/product\/281330","targetHints":{"allow":["GET"]}}],"collection":[{"href":"https:\/\/leatai.com\/no\/wp-json\/wp\/v2\/product"}],"about":[{"href":"https:\/\/leatai.com\/no\/wp-json\/wp\/v2\/types\/product"}],"wp:featuredmedia":[{"embeddable":true,"href":"https:\/\/leatai.com\/no\/wp-json\/wp\/v2\/media\/281331"}],"wp:attachment":[{"href":"https:\/\/leatai.com\/no\/wp-json\/wp\/v2\/media?parent=281330"}],"wp:term":[{"taxonomy":"product_brand","embeddable":true,"href":"https:\/\/leatai.com\/no\/wp-json\/wp\/v2\/product_brand?post=281330"},{"taxonomy":"product_cat","embeddable":true,"href":"https:\/\/leatai.com\/no\/wp-json\/wp\/v2\/product_cat?post=281330"},{"taxonomy":"product_tag","embeddable":true,"href":"https:\/\/leatai.com\/no\/wp-json\/wp\/v2\/product_tag?post=281330"},{"taxonomy":"home_works","embeddable":true,"href":"https:\/\/leatai.com\/no\/wp-json\/wp\/v2\/home_works?post=281330"}],"curies":[{"name":"wp","href":"https:\/\/api.w.org\/{rel}","templated":true}]}}