{"id":281319,"date":"2021-06-24T13:23:31","date_gmt":"2021-06-24T05:23:31","guid":{"rendered":"https:\/\/leatai.com\/product\/ukategorisert\/tibe-x-leatai\/"},"modified":"2026-03-17T15:07:34","modified_gmt":"2026-03-17T07:07:34","slug":"tibe-x-leatai","status":"publish","type":"product","link":"https:\/\/leatai.com\/no\/product\/tverrindustrielt-samarbeid\/kulturelle-og-kunstneriske-arrangementer\/tibe-x-leatai\/","title":{"rendered":"TIBE x Leatai"},"content":{"rendered":"<p>20180206-0211<\/p>\n<p>Vitaliteten som vises p\u00e5 Taipei International Book Exhibition, kommer fra deltakelsen og innsatsen til Taiwans forlagsbransje. Sammen har vi skapt dette imponerende resultatet. Taipei International Book Exhibition vil gjennom et rikere innhold fremheve sjarmen og styrken til Taiwans forlagsverden: utad tydeliggj\u00f8re Taiwans strategiske posisjon som et knutepunkt for kinesiskspr\u00e5klig publisering, for \u00e5 tiltrekke globale forlag som \u00f8nsker \u00e5 utvikle det kinesiskspr\u00e5klige markedet; innad presentere Taiwans mangfoldige forlagslandskap p\u00e5 flere niv\u00e5er, fra skj\u00f8nnlitteratur og sakprosa, barneb\u00f8ker og tegneserier, til ulike uttrykksformer som tekst, bilde og lyd, og samle b\u00e5de trykte og digitale medier, for kontinuerlig \u00e5 bygge et kulturelt visjon\u00e6rt image og omd\u00f8mme.<\/p>\n<p>Innhold er n\u00f8kkelen til \u00e5 forme tiltrekningskraft og appell. Med dette som utgangspunkt vil vi sammen med lesere og forlagsfolk utforske nye leseopplevelser, inspirere og styrke hele befolkningens leselyst, heve niv\u00e5et p\u00e5 lesekulturen og utvikle en ny type lesefestival.<\/p>\n","protected":false},"excerpt":{"rendered":"<p>20180206-0211 Vitaliteten som vises p\u00e5 Taipei International Book Exhibition, kommer fra deltakelsen og innsatsen til Taiwans forlagsbransje. Sammen har vi skapt dette imponerende resultatet. Taipei International Book Exhibition vil gjennom et rikere innhold fremheve sjarmen og styrken til Taiwans forlagsverden: utad tydeliggj\u00f8re Taiwans strategiske posisjon som et knutepunkt for kinesiskspr\u00e5klig publisering, for \u00e5 tiltrekke globale [&hellip;]<\/p>\n","protected":false},"featured_media":281320,"template":"","meta":{"_acf_changed":false},"product_brand":[],"product_cat":[1106],"product_tag":[],"home_works":[],"class_list":{"0":"post-281319","1":"product","2":"type-product","3":"status-publish","4":"has-post-thumbnail","6":"product_cat-kulturelle-og-kunstneriske-arrangementer","8":"first","9":"instock","10":"sold-individually","11":"shipping-taxable","12":"purchasable","13":"product-type-simple"},"acf":[],"yoast_head":"<!-- This site is optimized with the Yoast SEO plugin v27.2 - https:\/\/yoast.com\/product\/yoast-seo-wordpress\/ -->\n<title>TIBE x Leatai - Leatai \u2013 Produsent av tilpassede notatb\u00f8ker<\/title>\n<meta name=\"robots\" content=\"index, follow, max-snippet:-1, max-image-preview:large, max-video-preview:-1\" \/>\n<link rel=\"canonical\" href=\"https:\/\/leatai.com\/no\/product\/tverrindustrielt-samarbeid\/kulturelle-og-kunstneriske-arrangementer\/tibe-x-leatai\/\" \/>\n<meta property=\"og:locale\" content=\"nb_NO\" \/>\n<meta property=\"og:type\" content=\"article\" \/>\n<meta property=\"og:title\" content=\"TIBE x Leatai - Leatai \u2013 Produsent av tilpassede notatb\u00f8ker\" \/>\n<meta property=\"og:description\" content=\"20180206-0211 Vitaliteten som vises p\u00e5 Taipei International Book Exhibition, kommer fra deltakelsen og innsatsen til Taiwans forlagsbransje. Sammen har vi skapt dette imponerende resultatet. Taipei International Book Exhibition vil gjennom et rikere innhold fremheve sjarmen og styrken til Taiwans forlagsverden: utad tydeliggj\u00f8re Taiwans strategiske posisjon som et knutepunkt for kinesiskspr\u00e5klig publisering, for \u00e5 tiltrekke globale [&hellip;]\" \/>\n<meta property=\"og:url\" content=\"https:\/\/leatai.com\/no\/product\/tverrindustrielt-samarbeid\/kulturelle-og-kunstneriske-arrangementer\/tibe-x-leatai\/\" \/>\n<meta property=\"og:site_name\" content=\"Leatai \u2013 Produsent av tilpassede notatb\u00f8ker\" \/>\n<meta property=\"article:modified_time\" content=\"2026-03-17T07:07:34+00:00\" \/>\n<meta property=\"og:image\" content=\"https:\/\/leatai.com\/wp-content\/uploads\/2020_06_19_1346150.jpg\" \/>\n\t<meta property=\"og:image:width\" content=\"1000\" \/>\n\t<meta property=\"og:image:height\" content=\"750\" \/>\n\t<meta property=\"og:image:type\" content=\"image\/jpeg\" \/>\n<meta name=\"twitter:card\" content=\"summary_large_image\" \/>\n<meta name=\"twitter:label1\" content=\"Ansl. lesetid\" \/>\n\t<meta name=\"twitter:data1\" content=\"1 minutt\" \/>\n<script type=\"application\/ld+json\" class=\"yoast-schema-graph\">{\"@context\":\"https:\/\/schema.org\",\"@graph\":[{\"@type\":\"WebPage\",\"@id\":\"https:\/\/leatai.com\/no\/product\/tverrindustrielt-samarbeid\/kulturelle-og-kunstneriske-arrangementer\/tibe-x-leatai\/\",\"url\":\"https:\/\/leatai.com\/no\/product\/tverrindustrielt-samarbeid\/kulturelle-og-kunstneriske-arrangementer\/tibe-x-leatai\/\",\"name\":\"TIBE x Leatai - Leatai \u2013 Produsent av tilpassede notatb\u00f8ker\",\"isPartOf\":{\"@id\":\"https:\/\/leatai.com\/no\/#website\"},\"primaryImageOfPage\":{\"@id\":\"https:\/\/leatai.com\/no\/product\/tverrindustrielt-samarbeid\/kulturelle-og-kunstneriske-arrangementer\/tibe-x-leatai\/#primaryimage\"},\"image\":{\"@id\":\"https:\/\/leatai.com\/no\/product\/tverrindustrielt-samarbeid\/kulturelle-og-kunstneriske-arrangementer\/tibe-x-leatai\/#primaryimage\"},\"thumbnailUrl\":\"https:\/\/leatai.com\/wp-content\/uploads\/2020_06_19_1346150.jpg\",\"datePublished\":\"2021-06-24T05:23:31+00:00\",\"dateModified\":\"2026-03-17T07:07:34+00:00\",\"breadcrumb\":{\"@id\":\"https:\/\/leatai.com\/no\/product\/tverrindustrielt-samarbeid\/kulturelle-og-kunstneriske-arrangementer\/tibe-x-leatai\/#breadcrumb\"},\"inLanguage\":\"nb-NO\",\"potentialAction\":[{\"@type\":\"ReadAction\",\"target\":[\"https:\/\/leatai.com\/no\/product\/tverrindustrielt-samarbeid\/kulturelle-og-kunstneriske-arrangementer\/tibe-x-leatai\/\"]}]},{\"@type\":\"ImageObject\",\"inLanguage\":\"nb-NO\",\"@id\":\"https:\/\/leatai.com\/no\/product\/tverrindustrielt-samarbeid\/kulturelle-og-kunstneriske-arrangementer\/tibe-x-leatai\/#primaryimage\",\"url\":\"https:\/\/leatai.com\/wp-content\/uploads\/2020_06_19_1346150.jpg\",\"contentUrl\":\"https:\/\/leatai.com\/wp-content\/uploads\/2020_06_19_1346150.jpg\",\"width\":1000,\"height\":750},{\"@type\":\"BreadcrumbList\",\"@id\":\"https:\/\/leatai.com\/no\/product\/tverrindustrielt-samarbeid\/kulturelle-og-kunstneriske-arrangementer\/tibe-x-leatai\/#breadcrumb\",\"itemListElement\":[{\"@type\":\"ListItem\",\"position\":1,\"name\":\"Home\",\"item\":\"https:\/\/leatai.com\/no\/\"},{\"@type\":\"ListItem\",\"position\":2,\"name\":\"Produktpresentasjon\",\"item\":\"https:\/\/leatai.com\/products\/\"},{\"@type\":\"ListItem\",\"position\":3,\"name\":\"Tverrindustrielt samarbeid\",\"item\":\"https:\/\/leatai.com\/no\/produktkategori\/tverrindustrielt-samarbeid\/\"},{\"@type\":\"ListItem\",\"position\":4,\"name\":\"Kulturelle og kunstneriske arrangementer\",\"item\":\"https:\/\/leatai.com\/no\/produktkategori\/tverrindustrielt-samarbeid\/kulturelle-og-kunstneriske-arrangementer\/\"},{\"@type\":\"ListItem\",\"position\":5,\"name\":\"TIBE x Leatai\"}]},{\"@type\":\"WebSite\",\"@id\":\"https:\/\/leatai.com\/no\/#website\",\"url\":\"https:\/\/leatai.com\/no\/\",\"name\":\"Leatai \u2013 Produsent av tilpassede notatb\u00f8ker\",\"description\":\"Leatai tilbyr tilpassede notatb\u00f8ker og planleggere til globale merkevarer og distribut\u00f8rer.\",\"publisher\":{\"@id\":\"https:\/\/leatai.com\/no\/#organization\"},\"potentialAction\":[{\"@type\":\"SearchAction\",\"target\":{\"@type\":\"EntryPoint\",\"urlTemplate\":\"https:\/\/leatai.com\/no\/?s={search_term_string}\"},\"query-input\":{\"@type\":\"PropertyValueSpecification\",\"valueRequired\":true,\"valueName\":\"search_term_string\"}}],\"inLanguage\":\"nb-NO\"},{\"@type\":\"Organization\",\"@id\":\"https:\/\/leatai.com\/no\/#organization\",\"name\":\"Leatai Diary, customized journal and business organizer\",\"url\":\"https:\/\/leatai.com\/no\/\",\"logo\":{\"@type\":\"ImageObject\",\"inLanguage\":\"nb-NO\",\"@id\":\"https:\/\/leatai.com\/no\/#\/schema\/logo\/image\/\",\"url\":\"https:\/\/leatai.com\/wp-content\/uploads\/logo-blue.png\",\"contentUrl\":\"https:\/\/leatai.com\/wp-content\/uploads\/logo-blue.png\",\"width\":230,\"height\":60,\"caption\":\"Leatai Diary, customized journal and business organizer\"},\"image\":{\"@id\":\"https:\/\/leatai.com\/no\/#\/schema\/logo\/image\/\"}}]}<\/script>\n<!-- \/ Yoast SEO plugin. -->","yoast_head_json":{"title":"TIBE x Leatai - Leatai \u2013 Produsent av tilpassede notatb\u00f8ker","robots":{"index":"index","follow":"follow","max-snippet":"max-snippet:-1","max-image-preview":"max-image-preview:large","max-video-preview":"max-video-preview:-1"},"canonical":"https:\/\/leatai.com\/no\/product\/tverrindustrielt-samarbeid\/kulturelle-og-kunstneriske-arrangementer\/tibe-x-leatai\/","og_locale":"nb_NO","og_type":"article","og_title":"TIBE x Leatai - Leatai \u2013 Produsent av tilpassede notatb\u00f8ker","og_description":"20180206-0211 Vitaliteten som vises p\u00e5 Taipei International Book Exhibition, kommer fra deltakelsen og innsatsen til Taiwans forlagsbransje. Sammen har vi skapt dette imponerende resultatet. Taipei International Book Exhibition vil gjennom et rikere innhold fremheve sjarmen og styrken til Taiwans forlagsverden: utad tydeliggj\u00f8re Taiwans strategiske posisjon som et knutepunkt for kinesiskspr\u00e5klig publisering, for \u00e5 tiltrekke globale [&hellip;]","og_url":"https:\/\/leatai.com\/no\/product\/tverrindustrielt-samarbeid\/kulturelle-og-kunstneriske-arrangementer\/tibe-x-leatai\/","og_site_name":"Leatai \u2013 Produsent av tilpassede notatb\u00f8ker","article_modified_time":"2026-03-17T07:07:34+00:00","og_image":[{"width":1000,"height":750,"url":"https:\/\/leatai.com\/wp-content\/uploads\/2020_06_19_1346150.jpg","type":"image\/jpeg"}],"twitter_card":"summary_large_image","twitter_misc":{"Ansl. lesetid":"1 minutt"},"schema":{"@context":"https:\/\/schema.org","@graph":[{"@type":"WebPage","@id":"https:\/\/leatai.com\/no\/product\/tverrindustrielt-samarbeid\/kulturelle-og-kunstneriske-arrangementer\/tibe-x-leatai\/","url":"https:\/\/leatai.com\/no\/product\/tverrindustrielt-samarbeid\/kulturelle-og-kunstneriske-arrangementer\/tibe-x-leatai\/","name":"TIBE x Leatai - Leatai \u2013 Produsent av tilpassede notatb\u00f8ker","isPartOf":{"@id":"https:\/\/leatai.com\/no\/#website"},"primaryImageOfPage":{"@id":"https:\/\/leatai.com\/no\/product\/tverrindustrielt-samarbeid\/kulturelle-og-kunstneriske-arrangementer\/tibe-x-leatai\/#primaryimage"},"image":{"@id":"https:\/\/leatai.com\/no\/product\/tverrindustrielt-samarbeid\/kulturelle-og-kunstneriske-arrangementer\/tibe-x-leatai\/#primaryimage"},"thumbnailUrl":"https:\/\/leatai.com\/wp-content\/uploads\/2020_06_19_1346150.jpg","datePublished":"2021-06-24T05:23:31+00:00","dateModified":"2026-03-17T07:07:34+00:00","breadcrumb":{"@id":"https:\/\/leatai.com\/no\/product\/tverrindustrielt-samarbeid\/kulturelle-og-kunstneriske-arrangementer\/tibe-x-leatai\/#breadcrumb"},"inLanguage":"nb-NO","potentialAction":[{"@type":"ReadAction","target":["https:\/\/leatai.com\/no\/product\/tverrindustrielt-samarbeid\/kulturelle-og-kunstneriske-arrangementer\/tibe-x-leatai\/"]}]},{"@type":"ImageObject","inLanguage":"nb-NO","@id":"https:\/\/leatai.com\/no\/product\/tverrindustrielt-samarbeid\/kulturelle-og-kunstneriske-arrangementer\/tibe-x-leatai\/#primaryimage","url":"https:\/\/leatai.com\/wp-content\/uploads\/2020_06_19_1346150.jpg","contentUrl":"https:\/\/leatai.com\/wp-content\/uploads\/2020_06_19_1346150.jpg","width":1000,"height":750},{"@type":"BreadcrumbList","@id":"https:\/\/leatai.com\/no\/product\/tverrindustrielt-samarbeid\/kulturelle-og-kunstneriske-arrangementer\/tibe-x-leatai\/#breadcrumb","itemListElement":[{"@type":"ListItem","position":1,"name":"Home","item":"https:\/\/leatai.com\/no\/"},{"@type":"ListItem","position":2,"name":"Produktpresentasjon","item":"https:\/\/leatai.com\/products\/"},{"@type":"ListItem","position":3,"name":"Tverrindustrielt samarbeid","item":"https:\/\/leatai.com\/no\/produktkategori\/tverrindustrielt-samarbeid\/"},{"@type":"ListItem","position":4,"name":"Kulturelle og kunstneriske arrangementer","item":"https:\/\/leatai.com\/no\/produktkategori\/tverrindustrielt-samarbeid\/kulturelle-og-kunstneriske-arrangementer\/"},{"@type":"ListItem","position":5,"name":"TIBE x Leatai"}]},{"@type":"WebSite","@id":"https:\/\/leatai.com\/no\/#website","url":"https:\/\/leatai.com\/no\/","name":"Leatai \u2013 Produsent av tilpassede notatb\u00f8ker","description":"Leatai tilbyr tilpassede notatb\u00f8ker og planleggere til globale merkevarer og distribut\u00f8rer.","publisher":{"@id":"https:\/\/leatai.com\/no\/#organization"},"potentialAction":[{"@type":"SearchAction","target":{"@type":"EntryPoint","urlTemplate":"https:\/\/leatai.com\/no\/?s={search_term_string}"},"query-input":{"@type":"PropertyValueSpecification","valueRequired":true,"valueName":"search_term_string"}}],"inLanguage":"nb-NO"},{"@type":"Organization","@id":"https:\/\/leatai.com\/no\/#organization","name":"Leatai Diary, customized journal and business organizer","url":"https:\/\/leatai.com\/no\/","logo":{"@type":"ImageObject","inLanguage":"nb-NO","@id":"https:\/\/leatai.com\/no\/#\/schema\/logo\/image\/","url":"https:\/\/leatai.com\/wp-content\/uploads\/logo-blue.png","contentUrl":"https:\/\/leatai.com\/wp-content\/uploads\/logo-blue.png","width":230,"height":60,"caption":"Leatai Diary, customized journal and business organizer"},"image":{"@id":"https:\/\/leatai.com\/no\/#\/schema\/logo\/image\/"}}]}},"_links":{"self":[{"href":"https:\/\/leatai.com\/no\/wp-json\/wp\/v2\/product\/281319","targetHints":{"allow":["GET"]}}],"collection":[{"href":"https:\/\/leatai.com\/no\/wp-json\/wp\/v2\/product"}],"about":[{"href":"https:\/\/leatai.com\/no\/wp-json\/wp\/v2\/types\/product"}],"wp:featuredmedia":[{"embeddable":true,"href":"https:\/\/leatai.com\/no\/wp-json\/wp\/v2\/media\/281320"}],"wp:attachment":[{"href":"https:\/\/leatai.com\/no\/wp-json\/wp\/v2\/media?parent=281319"}],"wp:term":[{"taxonomy":"product_brand","embeddable":true,"href":"https:\/\/leatai.com\/no\/wp-json\/wp\/v2\/product_brand?post=281319"},{"taxonomy":"product_cat","embeddable":true,"href":"https:\/\/leatai.com\/no\/wp-json\/wp\/v2\/product_cat?post=281319"},{"taxonomy":"product_tag","embeddable":true,"href":"https:\/\/leatai.com\/no\/wp-json\/wp\/v2\/product_tag?post=281319"},{"taxonomy":"home_works","embeddable":true,"href":"https:\/\/leatai.com\/no\/wp-json\/wp\/v2\/home_works?post=281319"}],"curies":[{"name":"wp","href":"https:\/\/api.w.org\/{rel}","templated":true}]}}