{"id":281313,"date":"2021-06-24T13:23:31","date_gmt":"2021-06-24T05:23:31","guid":{"rendered":"https:\/\/leatai.com\/product\/ukategorisert\/pinkoi-x-leatai\/"},"modified":"2026-03-17T15:07:35","modified_gmt":"2026-03-17T07:07:35","slug":"pinkoi-x-leatai","status":"publish","type":"product","link":"https:\/\/leatai.com\/no\/product\/tverrindustrielt-samarbeid\/kulturelle-og-kunstneriske-arrangementer\/pinkoi-x-leatai\/","title":{"rendered":"Pinkoi x Leatai"},"content":{"rendered":"<p>20170422-23<\/p>\n<p>Pinkoi arrangerer hvert \u00e5r uregelmessige fysiske markeder, hvor gode merkevarer fra plattformen samles p\u00e5 ett sted.<br \/>\nI tillegg til \u00e5 se et mangfold av flotte designprodukter, kan man ogs\u00e5 snakke direkte med designerne bak merkene, h\u00f8re deres historier eller f\u00e5 en dypere forst\u00e5else av produktene.<\/p>\n<p>Det beste er at du kan kj\u00f8pe produkter med ulike designuttrykk p\u00e5 \u00e9n gang!<br \/>\nI helgen kan du g\u00e5 h\u00e5nd i h\u00e5nd med venner og utforske Xinyi-omr\u00e5det, fylt med kunstnerisk stemning!<\/p>\n","protected":false},"excerpt":{"rendered":"<p>20170422-23 Pinkoi arrangerer hvert \u00e5r uregelmessige fysiske markeder, hvor gode merkevarer fra plattformen samles p\u00e5 ett sted. I tillegg til \u00e5 se et mangfold av flotte designprodukter, kan man ogs\u00e5 snakke direkte med designerne bak merkene, h\u00f8re deres historier eller f\u00e5 en dypere forst\u00e5else av produktene. Det beste er at du kan kj\u00f8pe produkter med [&hellip;]<\/p>\n","protected":false},"featured_media":281314,"template":"","meta":{"_acf_changed":false},"product_brand":[],"product_cat":[1106],"product_tag":[],"home_works":[],"class_list":{"0":"post-281313","1":"product","2":"type-product","3":"status-publish","4":"has-post-thumbnail","6":"product_cat-kulturelle-og-kunstneriske-arrangementer","8":"first","9":"instock","10":"sold-individually","11":"shipping-taxable","12":"purchasable","13":"product-type-simple"},"acf":[],"yoast_head":"<!-- This site is optimized with the Yoast SEO plugin v27.2 - https:\/\/yoast.com\/product\/yoast-seo-wordpress\/ -->\n<title>Pinkoi x Leatai - Leatai \u2013 Produsent av tilpassede notatb\u00f8ker<\/title>\n<meta name=\"robots\" content=\"index, follow, max-snippet:-1, max-image-preview:large, max-video-preview:-1\" \/>\n<link rel=\"canonical\" href=\"https:\/\/leatai.com\/no\/product\/tverrindustrielt-samarbeid\/kulturelle-og-kunstneriske-arrangementer\/pinkoi-x-leatai\/\" \/>\n<meta property=\"og:locale\" content=\"nb_NO\" \/>\n<meta property=\"og:type\" content=\"article\" \/>\n<meta property=\"og:title\" content=\"Pinkoi x Leatai - Leatai \u2013 Produsent av tilpassede notatb\u00f8ker\" \/>\n<meta property=\"og:description\" content=\"20170422-23 Pinkoi arrangerer hvert \u00e5r uregelmessige fysiske markeder, hvor gode merkevarer fra plattformen samles p\u00e5 ett sted. I tillegg til \u00e5 se et mangfold av flotte designprodukter, kan man ogs\u00e5 snakke direkte med designerne bak merkene, h\u00f8re deres historier eller f\u00e5 en dypere forst\u00e5else av produktene. Det beste er at du kan kj\u00f8pe produkter med [&hellip;]\" \/>\n<meta property=\"og:url\" content=\"https:\/\/leatai.com\/no\/product\/tverrindustrielt-samarbeid\/kulturelle-og-kunstneriske-arrangementer\/pinkoi-x-leatai\/\" \/>\n<meta property=\"og:site_name\" content=\"Leatai \u2013 Produsent av tilpassede notatb\u00f8ker\" \/>\n<meta property=\"article:modified_time\" content=\"2026-03-17T07:07:35+00:00\" \/>\n<meta property=\"og:image\" content=\"https:\/\/leatai.com\/wp-content\/uploads\/2020_06_17_1357090.jpg\" \/>\n\t<meta property=\"og:image:width\" content=\"700\" \/>\n\t<meta property=\"og:image:height\" content=\"467\" \/>\n\t<meta property=\"og:image:type\" content=\"image\/jpeg\" \/>\n<meta name=\"twitter:card\" content=\"summary_large_image\" \/>\n<meta name=\"twitter:label1\" content=\"Ansl. lesetid\" \/>\n\t<meta name=\"twitter:data1\" content=\"1 minutt\" \/>\n<script type=\"application\/ld+json\" class=\"yoast-schema-graph\">{\"@context\":\"https:\/\/schema.org\",\"@graph\":[{\"@type\":\"WebPage\",\"@id\":\"https:\/\/leatai.com\/no\/product\/tverrindustrielt-samarbeid\/kulturelle-og-kunstneriske-arrangementer\/pinkoi-x-leatai\/\",\"url\":\"https:\/\/leatai.com\/no\/product\/tverrindustrielt-samarbeid\/kulturelle-og-kunstneriske-arrangementer\/pinkoi-x-leatai\/\",\"name\":\"Pinkoi x Leatai - Leatai \u2013 Produsent av tilpassede notatb\u00f8ker\",\"isPartOf\":{\"@id\":\"https:\/\/leatai.com\/no\/#website\"},\"primaryImageOfPage\":{\"@id\":\"https:\/\/leatai.com\/no\/product\/tverrindustrielt-samarbeid\/kulturelle-og-kunstneriske-arrangementer\/pinkoi-x-leatai\/#primaryimage\"},\"image\":{\"@id\":\"https:\/\/leatai.com\/no\/product\/tverrindustrielt-samarbeid\/kulturelle-og-kunstneriske-arrangementer\/pinkoi-x-leatai\/#primaryimage\"},\"thumbnailUrl\":\"https:\/\/leatai.com\/wp-content\/uploads\/2020_06_17_1357090.jpg\",\"datePublished\":\"2021-06-24T05:23:31+00:00\",\"dateModified\":\"2026-03-17T07:07:35+00:00\",\"breadcrumb\":{\"@id\":\"https:\/\/leatai.com\/no\/product\/tverrindustrielt-samarbeid\/kulturelle-og-kunstneriske-arrangementer\/pinkoi-x-leatai\/#breadcrumb\"},\"inLanguage\":\"nb-NO\",\"potentialAction\":[{\"@type\":\"ReadAction\",\"target\":[\"https:\/\/leatai.com\/no\/product\/tverrindustrielt-samarbeid\/kulturelle-og-kunstneriske-arrangementer\/pinkoi-x-leatai\/\"]}]},{\"@type\":\"ImageObject\",\"inLanguage\":\"nb-NO\",\"@id\":\"https:\/\/leatai.com\/no\/product\/tverrindustrielt-samarbeid\/kulturelle-og-kunstneriske-arrangementer\/pinkoi-x-leatai\/#primaryimage\",\"url\":\"https:\/\/leatai.com\/wp-content\/uploads\/2020_06_17_1357090.jpg\",\"contentUrl\":\"https:\/\/leatai.com\/wp-content\/uploads\/2020_06_17_1357090.jpg\",\"width\":700,\"height\":467},{\"@type\":\"BreadcrumbList\",\"@id\":\"https:\/\/leatai.com\/no\/product\/tverrindustrielt-samarbeid\/kulturelle-og-kunstneriske-arrangementer\/pinkoi-x-leatai\/#breadcrumb\",\"itemListElement\":[{\"@type\":\"ListItem\",\"position\":1,\"name\":\"Home\",\"item\":\"https:\/\/leatai.com\/no\/\"},{\"@type\":\"ListItem\",\"position\":2,\"name\":\"Produktpresentasjon\",\"item\":\"https:\/\/leatai.com\/products\/\"},{\"@type\":\"ListItem\",\"position\":3,\"name\":\"Tverrindustrielt samarbeid\",\"item\":\"https:\/\/leatai.com\/no\/produktkategori\/tverrindustrielt-samarbeid\/\"},{\"@type\":\"ListItem\",\"position\":4,\"name\":\"Kulturelle og kunstneriske arrangementer\",\"item\":\"https:\/\/leatai.com\/no\/produktkategori\/tverrindustrielt-samarbeid\/kulturelle-og-kunstneriske-arrangementer\/\"},{\"@type\":\"ListItem\",\"position\":5,\"name\":\"Pinkoi x Leatai\"}]},{\"@type\":\"WebSite\",\"@id\":\"https:\/\/leatai.com\/no\/#website\",\"url\":\"https:\/\/leatai.com\/no\/\",\"name\":\"Leatai \u2013 Produsent av tilpassede notatb\u00f8ker\",\"description\":\"Leatai tilbyr tilpassede notatb\u00f8ker og planleggere til globale merkevarer og distribut\u00f8rer.\",\"publisher\":{\"@id\":\"https:\/\/leatai.com\/no\/#organization\"},\"potentialAction\":[{\"@type\":\"SearchAction\",\"target\":{\"@type\":\"EntryPoint\",\"urlTemplate\":\"https:\/\/leatai.com\/no\/?s={search_term_string}\"},\"query-input\":{\"@type\":\"PropertyValueSpecification\",\"valueRequired\":true,\"valueName\":\"search_term_string\"}}],\"inLanguage\":\"nb-NO\"},{\"@type\":\"Organization\",\"@id\":\"https:\/\/leatai.com\/no\/#organization\",\"name\":\"Leatai Diary, customized journal and business organizer\",\"url\":\"https:\/\/leatai.com\/no\/\",\"logo\":{\"@type\":\"ImageObject\",\"inLanguage\":\"nb-NO\",\"@id\":\"https:\/\/leatai.com\/no\/#\/schema\/logo\/image\/\",\"url\":\"https:\/\/leatai.com\/wp-content\/uploads\/logo-blue.png\",\"contentUrl\":\"https:\/\/leatai.com\/wp-content\/uploads\/logo-blue.png\",\"width\":230,\"height\":60,\"caption\":\"Leatai Diary, customized journal and business organizer\"},\"image\":{\"@id\":\"https:\/\/leatai.com\/no\/#\/schema\/logo\/image\/\"}}]}<\/script>\n<!-- \/ Yoast SEO plugin. -->","yoast_head_json":{"title":"Pinkoi x Leatai - Leatai \u2013 Produsent av tilpassede notatb\u00f8ker","robots":{"index":"index","follow":"follow","max-snippet":"max-snippet:-1","max-image-preview":"max-image-preview:large","max-video-preview":"max-video-preview:-1"},"canonical":"https:\/\/leatai.com\/no\/product\/tverrindustrielt-samarbeid\/kulturelle-og-kunstneriske-arrangementer\/pinkoi-x-leatai\/","og_locale":"nb_NO","og_type":"article","og_title":"Pinkoi x Leatai - Leatai \u2013 Produsent av tilpassede notatb\u00f8ker","og_description":"20170422-23 Pinkoi arrangerer hvert \u00e5r uregelmessige fysiske markeder, hvor gode merkevarer fra plattformen samles p\u00e5 ett sted. I tillegg til \u00e5 se et mangfold av flotte designprodukter, kan man ogs\u00e5 snakke direkte med designerne bak merkene, h\u00f8re deres historier eller f\u00e5 en dypere forst\u00e5else av produktene. Det beste er at du kan kj\u00f8pe produkter med [&hellip;]","og_url":"https:\/\/leatai.com\/no\/product\/tverrindustrielt-samarbeid\/kulturelle-og-kunstneriske-arrangementer\/pinkoi-x-leatai\/","og_site_name":"Leatai \u2013 Produsent av tilpassede notatb\u00f8ker","article_modified_time":"2026-03-17T07:07:35+00:00","og_image":[{"width":700,"height":467,"url":"https:\/\/leatai.com\/wp-content\/uploads\/2020_06_17_1357090.jpg","type":"image\/jpeg"}],"twitter_card":"summary_large_image","twitter_misc":{"Ansl. lesetid":"1 minutt"},"schema":{"@context":"https:\/\/schema.org","@graph":[{"@type":"WebPage","@id":"https:\/\/leatai.com\/no\/product\/tverrindustrielt-samarbeid\/kulturelle-og-kunstneriske-arrangementer\/pinkoi-x-leatai\/","url":"https:\/\/leatai.com\/no\/product\/tverrindustrielt-samarbeid\/kulturelle-og-kunstneriske-arrangementer\/pinkoi-x-leatai\/","name":"Pinkoi x Leatai - Leatai \u2013 Produsent av tilpassede notatb\u00f8ker","isPartOf":{"@id":"https:\/\/leatai.com\/no\/#website"},"primaryImageOfPage":{"@id":"https:\/\/leatai.com\/no\/product\/tverrindustrielt-samarbeid\/kulturelle-og-kunstneriske-arrangementer\/pinkoi-x-leatai\/#primaryimage"},"image":{"@id":"https:\/\/leatai.com\/no\/product\/tverrindustrielt-samarbeid\/kulturelle-og-kunstneriske-arrangementer\/pinkoi-x-leatai\/#primaryimage"},"thumbnailUrl":"https:\/\/leatai.com\/wp-content\/uploads\/2020_06_17_1357090.jpg","datePublished":"2021-06-24T05:23:31+00:00","dateModified":"2026-03-17T07:07:35+00:00","breadcrumb":{"@id":"https:\/\/leatai.com\/no\/product\/tverrindustrielt-samarbeid\/kulturelle-og-kunstneriske-arrangementer\/pinkoi-x-leatai\/#breadcrumb"},"inLanguage":"nb-NO","potentialAction":[{"@type":"ReadAction","target":["https:\/\/leatai.com\/no\/product\/tverrindustrielt-samarbeid\/kulturelle-og-kunstneriske-arrangementer\/pinkoi-x-leatai\/"]}]},{"@type":"ImageObject","inLanguage":"nb-NO","@id":"https:\/\/leatai.com\/no\/product\/tverrindustrielt-samarbeid\/kulturelle-og-kunstneriske-arrangementer\/pinkoi-x-leatai\/#primaryimage","url":"https:\/\/leatai.com\/wp-content\/uploads\/2020_06_17_1357090.jpg","contentUrl":"https:\/\/leatai.com\/wp-content\/uploads\/2020_06_17_1357090.jpg","width":700,"height":467},{"@type":"BreadcrumbList","@id":"https:\/\/leatai.com\/no\/product\/tverrindustrielt-samarbeid\/kulturelle-og-kunstneriske-arrangementer\/pinkoi-x-leatai\/#breadcrumb","itemListElement":[{"@type":"ListItem","position":1,"name":"Home","item":"https:\/\/leatai.com\/no\/"},{"@type":"ListItem","position":2,"name":"Produktpresentasjon","item":"https:\/\/leatai.com\/products\/"},{"@type":"ListItem","position":3,"name":"Tverrindustrielt samarbeid","item":"https:\/\/leatai.com\/no\/produktkategori\/tverrindustrielt-samarbeid\/"},{"@type":"ListItem","position":4,"name":"Kulturelle og kunstneriske arrangementer","item":"https:\/\/leatai.com\/no\/produktkategori\/tverrindustrielt-samarbeid\/kulturelle-og-kunstneriske-arrangementer\/"},{"@type":"ListItem","position":5,"name":"Pinkoi x Leatai"}]},{"@type":"WebSite","@id":"https:\/\/leatai.com\/no\/#website","url":"https:\/\/leatai.com\/no\/","name":"Leatai \u2013 Produsent av tilpassede notatb\u00f8ker","description":"Leatai tilbyr tilpassede notatb\u00f8ker og planleggere til globale merkevarer og distribut\u00f8rer.","publisher":{"@id":"https:\/\/leatai.com\/no\/#organization"},"potentialAction":[{"@type":"SearchAction","target":{"@type":"EntryPoint","urlTemplate":"https:\/\/leatai.com\/no\/?s={search_term_string}"},"query-input":{"@type":"PropertyValueSpecification","valueRequired":true,"valueName":"search_term_string"}}],"inLanguage":"nb-NO"},{"@type":"Organization","@id":"https:\/\/leatai.com\/no\/#organization","name":"Leatai Diary, customized journal and business organizer","url":"https:\/\/leatai.com\/no\/","logo":{"@type":"ImageObject","inLanguage":"nb-NO","@id":"https:\/\/leatai.com\/no\/#\/schema\/logo\/image\/","url":"https:\/\/leatai.com\/wp-content\/uploads\/logo-blue.png","contentUrl":"https:\/\/leatai.com\/wp-content\/uploads\/logo-blue.png","width":230,"height":60,"caption":"Leatai Diary, customized journal and business organizer"},"image":{"@id":"https:\/\/leatai.com\/no\/#\/schema\/logo\/image\/"}}]}},"_links":{"self":[{"href":"https:\/\/leatai.com\/no\/wp-json\/wp\/v2\/product\/281313","targetHints":{"allow":["GET"]}}],"collection":[{"href":"https:\/\/leatai.com\/no\/wp-json\/wp\/v2\/product"}],"about":[{"href":"https:\/\/leatai.com\/no\/wp-json\/wp\/v2\/types\/product"}],"wp:featuredmedia":[{"embeddable":true,"href":"https:\/\/leatai.com\/no\/wp-json\/wp\/v2\/media\/281314"}],"wp:attachment":[{"href":"https:\/\/leatai.com\/no\/wp-json\/wp\/v2\/media?parent=281313"}],"wp:term":[{"taxonomy":"product_brand","embeddable":true,"href":"https:\/\/leatai.com\/no\/wp-json\/wp\/v2\/product_brand?post=281313"},{"taxonomy":"product_cat","embeddable":true,"href":"https:\/\/leatai.com\/no\/wp-json\/wp\/v2\/product_cat?post=281313"},{"taxonomy":"product_tag","embeddable":true,"href":"https:\/\/leatai.com\/no\/wp-json\/wp\/v2\/product_tag?post=281313"},{"taxonomy":"home_works","embeddable":true,"href":"https:\/\/leatai.com\/no\/wp-json\/wp\/v2\/home_works?post=281313"}],"curies":[{"name":"wp","href":"https:\/\/api.w.org\/{rel}","templated":true}]}}