{"id":281302,"date":"2021-06-24T13:23:56","date_gmt":"2021-06-24T05:23:56","guid":{"rendered":"https:\/\/leatai.com\/product\/ukategorisert\/cola-films-x-leatai-2\/"},"modified":"2026-03-17T14:24:47","modified_gmt":"2026-03-17T06:24:47","slug":"cola-films-x-leatai-2","status":"publish","type":"product","link":"https:\/\/leatai.com\/no\/product\/tverrindustrielt-samarbeid\/filmindustri\/cola-films-x-leatai-2\/","title":{"rendered":"Cola films x Leatai"},"content":{"rendered":"<p>\u2605 Luc Bessons mest kontroversielle episke klassiker<br \/>\n\u2605 Nominert til \u00e5tte priser ved den 25. C\u00e9sar-utdelingen i Frankrike, og vant beste kostymedesign og beste lyd<br \/>\n\u2605 Luc Besson og hans dav\u00e6rende skuespillerkone Milla Jovovich skapte sammen et rystende verk<br \/>\n\u2605 Et stjernespekket ensemble av sterke skuespillere viser frem enest\u00e5ende skuespillprestasjoner<\/p>\n<p>\u27a2 Den mest kontroversielle storsl\u00e5tte episke filmen fra regiss\u00f8r Luc Besson, en klassisk krigsheltinnefilm man m\u00e5 se i l\u00f8pet av livet!<\/p>\n","protected":false},"excerpt":{"rendered":"<p>\u2605 Luc Bessons mest kontroversielle episke klassiker \u2605 Nominert til \u00e5tte priser ved den 25. C\u00e9sar-utdelingen i Frankrike, og vant beste kostymedesign og beste lyd \u2605 Luc Besson og hans dav\u00e6rende skuespillerkone Milla Jovovich skapte sammen et rystende verk \u2605 Et stjernespekket ensemble av sterke skuespillere viser frem enest\u00e5ende skuespillprestasjoner \u27a2 Den mest kontroversielle storsl\u00e5tte [&hellip;]<\/p>\n","protected":false},"featured_media":281303,"template":"","meta":{"_acf_changed":false},"product_brand":[],"product_cat":[1093],"product_tag":[],"home_works":[],"class_list":{"0":"post-281302","1":"product","2":"type-product","3":"status-publish","4":"has-post-thumbnail","6":"product_cat-filmindustri","8":"first","9":"instock","10":"sold-individually","11":"shipping-taxable","12":"purchasable","13":"product-type-simple"},"acf":[],"yoast_head":"<!-- This site is optimized with the Yoast SEO plugin v27.2 - https:\/\/yoast.com\/product\/yoast-seo-wordpress\/ -->\n<title>Cola films x Leatai - Jeanne d\u2019Arc samarbeidsspesialutgave notatbok - Leatai \u2013 Produsent av tilpassede notatb\u00f8ker<\/title>\n<meta name=\"description\" content=\"Den mest kontroversielle storsl\u00e5tte episke filmen fra regiss\u00f8r Luc Besson, en klassisk krigsheltinnefilm man m\u00e5 se i l\u00f8pet av livet! Luc Besson og hans dav\u00e6rende skuespillerkone Milla Jovovich skapte sammen et rystende verk, relansering m\u00e5 ikke g\u00e5s glipp av, en Jeanne d\u2019Arc samarbeidsnotatbok verdt \u00e5 samle p\u00e5\" \/>\n<meta name=\"robots\" content=\"index, follow, max-snippet:-1, max-image-preview:large, max-video-preview:-1\" \/>\n<link rel=\"canonical\" href=\"https:\/\/leatai.com\/no\/product\/tverrindustrielt-samarbeid\/filmindustri\/cola-films-x-leatai-2\/\" \/>\n<meta property=\"og:locale\" content=\"nb_NO\" \/>\n<meta property=\"og:type\" content=\"article\" \/>\n<meta property=\"og:title\" content=\"Cola films x Leatai - Jeanne d\u2019Arc samarbeidsspesialutgave notatbok - Leatai \u2013 Produsent av tilpassede notatb\u00f8ker\" \/>\n<meta property=\"og:description\" content=\"Den mest kontroversielle storsl\u00e5tte episke filmen fra regiss\u00f8r Luc Besson, en klassisk krigsheltinnefilm man m\u00e5 se i l\u00f8pet av livet! Luc Besson og hans dav\u00e6rende skuespillerkone Milla Jovovich skapte sammen et rystende verk, relansering m\u00e5 ikke g\u00e5s glipp av, en Jeanne d\u2019Arc samarbeidsnotatbok verdt \u00e5 samle p\u00e5\" \/>\n<meta property=\"og:url\" content=\"https:\/\/leatai.com\/no\/product\/tverrindustrielt-samarbeid\/filmindustri\/cola-films-x-leatai-2\/\" \/>\n<meta property=\"og:site_name\" content=\"Leatai \u2013 Produsent av tilpassede notatb\u00f8ker\" \/>\n<meta property=\"article:modified_time\" content=\"2026-03-17T06:24:47+00:00\" \/>\n<meta property=\"og:image\" content=\"https:\/\/leatai.com\/wp-content\/uploads\/2020_07_07_1418530.jpg\" \/>\n\t<meta property=\"og:image:width\" content=\"1000\" \/>\n\t<meta property=\"og:image:height\" content=\"750\" \/>\n\t<meta property=\"og:image:type\" content=\"image\/jpeg\" \/>\n<meta name=\"twitter:card\" content=\"summary_large_image\" \/>\n<meta name=\"twitter:label1\" content=\"Ansl. lesetid\" \/>\n\t<meta name=\"twitter:data1\" content=\"1 minutt\" \/>\n<script type=\"application\/ld+json\" class=\"yoast-schema-graph\">{\"@context\":\"https:\/\/schema.org\",\"@graph\":[{\"@type\":\"WebPage\",\"@id\":\"https:\/\/leatai.com\/no\/product\/tverrindustrielt-samarbeid\/filmindustri\/cola-films-x-leatai-2\/\",\"url\":\"https:\/\/leatai.com\/no\/product\/tverrindustrielt-samarbeid\/filmindustri\/cola-films-x-leatai-2\/\",\"name\":\"Cola films x Leatai - Jeanne d\u2019Arc samarbeidsspesialutgave notatbok - Leatai \u2013 Produsent av tilpassede notatb\u00f8ker\",\"isPartOf\":{\"@id\":\"https:\/\/leatai.com\/no\/#website\"},\"primaryImageOfPage\":{\"@id\":\"https:\/\/leatai.com\/no\/product\/tverrindustrielt-samarbeid\/filmindustri\/cola-films-x-leatai-2\/#primaryimage\"},\"image\":{\"@id\":\"https:\/\/leatai.com\/no\/product\/tverrindustrielt-samarbeid\/filmindustri\/cola-films-x-leatai-2\/#primaryimage\"},\"thumbnailUrl\":\"https:\/\/leatai.com\/wp-content\/uploads\/2020_07_07_1418530.jpg\",\"datePublished\":\"2021-06-24T05:23:56+00:00\",\"dateModified\":\"2026-03-17T06:24:47+00:00\",\"description\":\"Den mest kontroversielle storsl\u00e5tte episke filmen fra regiss\u00f8r Luc Besson, en klassisk krigsheltinnefilm man m\u00e5 se i l\u00f8pet av livet! Luc Besson og hans dav\u00e6rende skuespillerkone Milla Jovovich skapte sammen et rystende verk, relansering m\u00e5 ikke g\u00e5s glipp av, en Jeanne d\u2019Arc samarbeidsnotatbok verdt \u00e5 samle p\u00e5\",\"breadcrumb\":{\"@id\":\"https:\/\/leatai.com\/no\/product\/tverrindustrielt-samarbeid\/filmindustri\/cola-films-x-leatai-2\/#breadcrumb\"},\"inLanguage\":\"nb-NO\",\"potentialAction\":[{\"@type\":\"ReadAction\",\"target\":[\"https:\/\/leatai.com\/no\/product\/tverrindustrielt-samarbeid\/filmindustri\/cola-films-x-leatai-2\/\"]}]},{\"@type\":\"ImageObject\",\"inLanguage\":\"nb-NO\",\"@id\":\"https:\/\/leatai.com\/no\/product\/tverrindustrielt-samarbeid\/filmindustri\/cola-films-x-leatai-2\/#primaryimage\",\"url\":\"https:\/\/leatai.com\/wp-content\/uploads\/2020_07_07_1418530.jpg\",\"contentUrl\":\"https:\/\/leatai.com\/wp-content\/uploads\/2020_07_07_1418530.jpg\",\"width\":1000,\"height\":750,\"caption\":\"Jeanne d\u2019Arc samarbeidsnotatbok\"},{\"@type\":\"BreadcrumbList\",\"@id\":\"https:\/\/leatai.com\/no\/product\/tverrindustrielt-samarbeid\/filmindustri\/cola-films-x-leatai-2\/#breadcrumb\",\"itemListElement\":[{\"@type\":\"ListItem\",\"position\":1,\"name\":\"Home\",\"item\":\"https:\/\/leatai.com\/no\/\"},{\"@type\":\"ListItem\",\"position\":2,\"name\":\"Produktpresentasjon\",\"item\":\"https:\/\/leatai.com\/products\/\"},{\"@type\":\"ListItem\",\"position\":3,\"name\":\"Tverrindustrielt samarbeid\",\"item\":\"https:\/\/leatai.com\/no\/produktkategori\/tverrindustrielt-samarbeid\/\"},{\"@type\":\"ListItem\",\"position\":4,\"name\":\"Filmindustri\",\"item\":\"https:\/\/leatai.com\/no\/produktkategori\/tverrindustrielt-samarbeid\/filmindustri\/\"},{\"@type\":\"ListItem\",\"position\":5,\"name\":\"Cola films x Leatai\"}]},{\"@type\":\"WebSite\",\"@id\":\"https:\/\/leatai.com\/no\/#website\",\"url\":\"https:\/\/leatai.com\/no\/\",\"name\":\"Leatai \u2013 Produsent av tilpassede notatb\u00f8ker\",\"description\":\"Leatai tilbyr tilpassede notatb\u00f8ker og planleggere til globale merkevarer og distribut\u00f8rer.\",\"publisher\":{\"@id\":\"https:\/\/leatai.com\/no\/#organization\"},\"potentialAction\":[{\"@type\":\"SearchAction\",\"target\":{\"@type\":\"EntryPoint\",\"urlTemplate\":\"https:\/\/leatai.com\/no\/?s={search_term_string}\"},\"query-input\":{\"@type\":\"PropertyValueSpecification\",\"valueRequired\":true,\"valueName\":\"search_term_string\"}}],\"inLanguage\":\"nb-NO\"},{\"@type\":\"Organization\",\"@id\":\"https:\/\/leatai.com\/no\/#organization\",\"name\":\"Leatai Diary, customized journal and business organizer\",\"url\":\"https:\/\/leatai.com\/no\/\",\"logo\":{\"@type\":\"ImageObject\",\"inLanguage\":\"nb-NO\",\"@id\":\"https:\/\/leatai.com\/no\/#\/schema\/logo\/image\/\",\"url\":\"https:\/\/leatai.com\/wp-content\/uploads\/logo-blue.png\",\"contentUrl\":\"https:\/\/leatai.com\/wp-content\/uploads\/logo-blue.png\",\"width\":230,\"height\":60,\"caption\":\"Leatai Diary, customized journal and business organizer\"},\"image\":{\"@id\":\"https:\/\/leatai.com\/no\/#\/schema\/logo\/image\/\"}}]}<\/script>\n<!-- \/ Yoast SEO plugin. -->","yoast_head_json":{"title":"Cola films x Leatai - Jeanne d\u2019Arc samarbeidsspesialutgave notatbok - Leatai \u2013 Produsent av tilpassede notatb\u00f8ker","description":"Den mest kontroversielle storsl\u00e5tte episke filmen fra regiss\u00f8r Luc Besson, en klassisk krigsheltinnefilm man m\u00e5 se i l\u00f8pet av livet! Luc Besson og hans dav\u00e6rende skuespillerkone Milla Jovovich skapte sammen et rystende verk, relansering m\u00e5 ikke g\u00e5s glipp av, en Jeanne d\u2019Arc samarbeidsnotatbok verdt \u00e5 samle p\u00e5","robots":{"index":"index","follow":"follow","max-snippet":"max-snippet:-1","max-image-preview":"max-image-preview:large","max-video-preview":"max-video-preview:-1"},"canonical":"https:\/\/leatai.com\/no\/product\/tverrindustrielt-samarbeid\/filmindustri\/cola-films-x-leatai-2\/","og_locale":"nb_NO","og_type":"article","og_title":"Cola films x Leatai - Jeanne d\u2019Arc samarbeidsspesialutgave notatbok - Leatai \u2013 Produsent av tilpassede notatb\u00f8ker","og_description":"Den mest kontroversielle storsl\u00e5tte episke filmen fra regiss\u00f8r Luc Besson, en klassisk krigsheltinnefilm man m\u00e5 se i l\u00f8pet av livet! Luc Besson og hans dav\u00e6rende skuespillerkone Milla Jovovich skapte sammen et rystende verk, relansering m\u00e5 ikke g\u00e5s glipp av, en Jeanne d\u2019Arc samarbeidsnotatbok verdt \u00e5 samle p\u00e5","og_url":"https:\/\/leatai.com\/no\/product\/tverrindustrielt-samarbeid\/filmindustri\/cola-films-x-leatai-2\/","og_site_name":"Leatai \u2013 Produsent av tilpassede notatb\u00f8ker","article_modified_time":"2026-03-17T06:24:47+00:00","og_image":[{"width":1000,"height":750,"url":"https:\/\/leatai.com\/wp-content\/uploads\/2020_07_07_1418530.jpg","type":"image\/jpeg"}],"twitter_card":"summary_large_image","twitter_misc":{"Ansl. lesetid":"1 minutt"},"schema":{"@context":"https:\/\/schema.org","@graph":[{"@type":"WebPage","@id":"https:\/\/leatai.com\/no\/product\/tverrindustrielt-samarbeid\/filmindustri\/cola-films-x-leatai-2\/","url":"https:\/\/leatai.com\/no\/product\/tverrindustrielt-samarbeid\/filmindustri\/cola-films-x-leatai-2\/","name":"Cola films x Leatai - Jeanne d\u2019Arc samarbeidsspesialutgave notatbok - Leatai \u2013 Produsent av tilpassede notatb\u00f8ker","isPartOf":{"@id":"https:\/\/leatai.com\/no\/#website"},"primaryImageOfPage":{"@id":"https:\/\/leatai.com\/no\/product\/tverrindustrielt-samarbeid\/filmindustri\/cola-films-x-leatai-2\/#primaryimage"},"image":{"@id":"https:\/\/leatai.com\/no\/product\/tverrindustrielt-samarbeid\/filmindustri\/cola-films-x-leatai-2\/#primaryimage"},"thumbnailUrl":"https:\/\/leatai.com\/wp-content\/uploads\/2020_07_07_1418530.jpg","datePublished":"2021-06-24T05:23:56+00:00","dateModified":"2026-03-17T06:24:47+00:00","description":"Den mest kontroversielle storsl\u00e5tte episke filmen fra regiss\u00f8r Luc Besson, en klassisk krigsheltinnefilm man m\u00e5 se i l\u00f8pet av livet! Luc Besson og hans dav\u00e6rende skuespillerkone Milla Jovovich skapte sammen et rystende verk, relansering m\u00e5 ikke g\u00e5s glipp av, en Jeanne d\u2019Arc samarbeidsnotatbok verdt \u00e5 samle p\u00e5","breadcrumb":{"@id":"https:\/\/leatai.com\/no\/product\/tverrindustrielt-samarbeid\/filmindustri\/cola-films-x-leatai-2\/#breadcrumb"},"inLanguage":"nb-NO","potentialAction":[{"@type":"ReadAction","target":["https:\/\/leatai.com\/no\/product\/tverrindustrielt-samarbeid\/filmindustri\/cola-films-x-leatai-2\/"]}]},{"@type":"ImageObject","inLanguage":"nb-NO","@id":"https:\/\/leatai.com\/no\/product\/tverrindustrielt-samarbeid\/filmindustri\/cola-films-x-leatai-2\/#primaryimage","url":"https:\/\/leatai.com\/wp-content\/uploads\/2020_07_07_1418530.jpg","contentUrl":"https:\/\/leatai.com\/wp-content\/uploads\/2020_07_07_1418530.jpg","width":1000,"height":750,"caption":"Jeanne d\u2019Arc samarbeidsnotatbok"},{"@type":"BreadcrumbList","@id":"https:\/\/leatai.com\/no\/product\/tverrindustrielt-samarbeid\/filmindustri\/cola-films-x-leatai-2\/#breadcrumb","itemListElement":[{"@type":"ListItem","position":1,"name":"Home","item":"https:\/\/leatai.com\/no\/"},{"@type":"ListItem","position":2,"name":"Produktpresentasjon","item":"https:\/\/leatai.com\/products\/"},{"@type":"ListItem","position":3,"name":"Tverrindustrielt samarbeid","item":"https:\/\/leatai.com\/no\/produktkategori\/tverrindustrielt-samarbeid\/"},{"@type":"ListItem","position":4,"name":"Filmindustri","item":"https:\/\/leatai.com\/no\/produktkategori\/tverrindustrielt-samarbeid\/filmindustri\/"},{"@type":"ListItem","position":5,"name":"Cola films x Leatai"}]},{"@type":"WebSite","@id":"https:\/\/leatai.com\/no\/#website","url":"https:\/\/leatai.com\/no\/","name":"Leatai \u2013 Produsent av tilpassede notatb\u00f8ker","description":"Leatai tilbyr tilpassede notatb\u00f8ker og planleggere til globale merkevarer og distribut\u00f8rer.","publisher":{"@id":"https:\/\/leatai.com\/no\/#organization"},"potentialAction":[{"@type":"SearchAction","target":{"@type":"EntryPoint","urlTemplate":"https:\/\/leatai.com\/no\/?s={search_term_string}"},"query-input":{"@type":"PropertyValueSpecification","valueRequired":true,"valueName":"search_term_string"}}],"inLanguage":"nb-NO"},{"@type":"Organization","@id":"https:\/\/leatai.com\/no\/#organization","name":"Leatai Diary, customized journal and business organizer","url":"https:\/\/leatai.com\/no\/","logo":{"@type":"ImageObject","inLanguage":"nb-NO","@id":"https:\/\/leatai.com\/no\/#\/schema\/logo\/image\/","url":"https:\/\/leatai.com\/wp-content\/uploads\/logo-blue.png","contentUrl":"https:\/\/leatai.com\/wp-content\/uploads\/logo-blue.png","width":230,"height":60,"caption":"Leatai Diary, customized journal and business organizer"},"image":{"@id":"https:\/\/leatai.com\/no\/#\/schema\/logo\/image\/"}}]}},"_links":{"self":[{"href":"https:\/\/leatai.com\/no\/wp-json\/wp\/v2\/product\/281302","targetHints":{"allow":["GET"]}}],"collection":[{"href":"https:\/\/leatai.com\/no\/wp-json\/wp\/v2\/product"}],"about":[{"href":"https:\/\/leatai.com\/no\/wp-json\/wp\/v2\/types\/product"}],"wp:featuredmedia":[{"embeddable":true,"href":"https:\/\/leatai.com\/no\/wp-json\/wp\/v2\/media\/281303"}],"wp:attachment":[{"href":"https:\/\/leatai.com\/no\/wp-json\/wp\/v2\/media?parent=281302"}],"wp:term":[{"taxonomy":"product_brand","embeddable":true,"href":"https:\/\/leatai.com\/no\/wp-json\/wp\/v2\/product_brand?post=281302"},{"taxonomy":"product_cat","embeddable":true,"href":"https:\/\/leatai.com\/no\/wp-json\/wp\/v2\/product_cat?post=281302"},{"taxonomy":"product_tag","embeddable":true,"href":"https:\/\/leatai.com\/no\/wp-json\/wp\/v2\/product_tag?post=281302"},{"taxonomy":"home_works","embeddable":true,"href":"https:\/\/leatai.com\/no\/wp-json\/wp\/v2\/home_works?post=281302"}],"curies":[{"name":"wp","href":"https:\/\/api.w.org\/{rel}","templated":true}]}}