{"id":281299,"date":"2021-06-24T13:17:29","date_gmt":"2021-06-24T05:17:29","guid":{"rendered":"https:\/\/leatai.com\/product\/ukategorisert\/fargede-bokkanter-ensfarget\/"},"modified":"2026-03-17T14:09:37","modified_gmt":"2026-03-17T06:09:37","slug":"fargede-bokkanter-ensfarget","status":"publish","type":"product","link":"https:\/\/leatai.com\/no\/product\/indre-sideformat\/farging-av-kanten\/fargede-bokkanter-ensfarget\/","title":{"rendered":"Fargede bokkanter \u2013 ensfarget"},"content":{"rendered":"<p>Kun for innersider med rette hj\u00f8rner, fargen blandes manuelt, og det vil v\u00e6re sm\u00e5 avvik fra den angitte fargen, noe som er normalt, og det er ikke mulig \u00e5 oppn\u00e5 100 % n\u00f8yaktig farge<\/p>\n<p>Minimumsbestilling: 1000 stk.<br \/>\nBearbeidingspris per enhet: 50 TWD<\/p>\n","protected":false},"excerpt":{"rendered":"<p>Kun for innersider med rette hj\u00f8rner, fargen blandes manuelt, og det vil v\u00e6re sm\u00e5 avvik fra den angitte fargen, noe som er normalt, og det er ikke mulig \u00e5 oppn\u00e5 100 % n\u00f8yaktig farge<\/p>\n<p>Minimumsbestilling: 1000 stk.<br \/>\nBearbeidingspris per enhet: 50 TWD<\/p>\n","protected":false},"featured_media":211406,"template":"","meta":{"_acf_changed":false},"product_brand":[],"product_cat":[976,1041],"product_tag":[1749],"home_works":[],"class_list":{"0":"post-281299","1":"product","2":"type-product","3":"status-publish","4":"has-post-thumbnail","6":"product_cat-indre-sideformat","7":"product_cat-farging-av-kanten","8":"product_tag-innmat-til-forretningsdagbok","10":"first","11":"instock","12":"sold-individually","13":"shipping-taxable","14":"purchasable","15":"product-type-simple"},"acf":[],"yoast_head":"<!-- This site is optimized with the Yoast SEO plugin v27.2 - https:\/\/yoast.com\/product\/yoast-seo-wordpress\/ -->\n<title>Fargede bokkanter \u2013 ensfarget - Leatai \u2013 Produsent av tilpassede notatb\u00f8ker<\/title>\n<meta name=\"description\" content=\"Fargede bokkanter kan, i tillegg til gullkant, ogs\u00e5 lages i ensfarget utgave, kun for innersider med rette hj\u00f8rner, fargen blandes manuelt, og det vil v\u00e6re sm\u00e5 avvik fra den angitte fargen, noe som er normalt, og det er ikke mulig \u00e5 oppn\u00e5 100 % n\u00f8yaktig farge\" \/>\n<meta name=\"robots\" content=\"index, follow, max-snippet:-1, max-image-preview:large, max-video-preview:-1\" \/>\n<link rel=\"canonical\" href=\"https:\/\/leatai.com\/no\/product\/indre-sideformat\/farging-av-kanten\/fargede-bokkanter-ensfarget\/\" \/>\n<meta property=\"og:locale\" content=\"nb_NO\" \/>\n<meta property=\"og:type\" content=\"article\" \/>\n<meta property=\"og:title\" content=\"Fargede bokkanter \u2013 ensfarget - Leatai \u2013 Produsent av tilpassede notatb\u00f8ker\" \/>\n<meta property=\"og:description\" content=\"Fargede bokkanter kan, i tillegg til gullkant, ogs\u00e5 lages i ensfarget utgave, kun for innersider med rette hj\u00f8rner, fargen blandes manuelt, og det vil v\u00e6re sm\u00e5 avvik fra den angitte fargen, noe som er normalt, og det er ikke mulig \u00e5 oppn\u00e5 100 % n\u00f8yaktig farge\" \/>\n<meta property=\"og:url\" content=\"https:\/\/leatai.com\/no\/product\/indre-sideformat\/farging-av-kanten\/fargede-bokkanter-ensfarget\/\" \/>\n<meta property=\"og:site_name\" content=\"Leatai \u2013 Produsent av tilpassede notatb\u00f8ker\" \/>\n<meta property=\"article:modified_time\" content=\"2026-03-17T06:09:37+00:00\" \/>\n<meta property=\"og:image\" content=\"https:\/\/leatai.com\/wp-content\/uploads\/2020_08_14_1820530.jpg\" \/>\n\t<meta property=\"og:image:width\" content=\"1000\" \/>\n\t<meta property=\"og:image:height\" content=\"750\" \/>\n\t<meta property=\"og:image:type\" content=\"image\/jpeg\" \/>\n<meta name=\"twitter:card\" content=\"summary_large_image\" \/>\n<meta name=\"twitter:label1\" content=\"Ansl. lesetid\" \/>\n\t<meta name=\"twitter:data1\" content=\"1 minutt\" \/>\n<script type=\"application\/ld+json\" class=\"yoast-schema-graph\">{\"@context\":\"https:\/\/schema.org\",\"@graph\":[{\"@type\":\"WebPage\",\"@id\":\"https:\/\/leatai.com\/no\/product\/indre-sideformat\/farging-av-kanten\/fargede-bokkanter-ensfarget\/\",\"url\":\"https:\/\/leatai.com\/no\/product\/indre-sideformat\/farging-av-kanten\/fargede-bokkanter-ensfarget\/\",\"name\":\"Fargede bokkanter \u2013 ensfarget - Leatai \u2013 Produsent av tilpassede notatb\u00f8ker\",\"isPartOf\":{\"@id\":\"https:\/\/leatai.com\/no\/#website\"},\"primaryImageOfPage\":{\"@id\":\"https:\/\/leatai.com\/no\/product\/indre-sideformat\/farging-av-kanten\/fargede-bokkanter-ensfarget\/#primaryimage\"},\"image\":{\"@id\":\"https:\/\/leatai.com\/no\/product\/indre-sideformat\/farging-av-kanten\/fargede-bokkanter-ensfarget\/#primaryimage\"},\"thumbnailUrl\":\"https:\/\/leatai.com\/wp-content\/uploads\/2020_08_14_1820530.jpg\",\"datePublished\":\"2021-06-24T05:17:29+00:00\",\"dateModified\":\"2026-03-17T06:09:37+00:00\",\"description\":\"Fargede bokkanter kan, i tillegg til gullkant, ogs\u00e5 lages i ensfarget utgave, kun for innersider med rette hj\u00f8rner, fargen blandes manuelt, og det vil v\u00e6re sm\u00e5 avvik fra den angitte fargen, noe som er normalt, og det er ikke mulig \u00e5 oppn\u00e5 100 % n\u00f8yaktig farge\",\"breadcrumb\":{\"@id\":\"https:\/\/leatai.com\/no\/product\/indre-sideformat\/farging-av-kanten\/fargede-bokkanter-ensfarget\/#breadcrumb\"},\"inLanguage\":\"nb-NO\",\"potentialAction\":[{\"@type\":\"ReadAction\",\"target\":[\"https:\/\/leatai.com\/no\/product\/indre-sideformat\/farging-av-kanten\/fargede-bokkanter-ensfarget\/\"]}]},{\"@type\":\"ImageObject\",\"inLanguage\":\"nb-NO\",\"@id\":\"https:\/\/leatai.com\/no\/product\/indre-sideformat\/farging-av-kanten\/fargede-bokkanter-ensfarget\/#primaryimage\",\"url\":\"https:\/\/leatai.com\/wp-content\/uploads\/2020_08_14_1820530.jpg\",\"contentUrl\":\"https:\/\/leatai.com\/wp-content\/uploads\/2020_08_14_1820530.jpg\",\"width\":1000,\"height\":750,\"caption\":\"Fargede bokkanter\"},{\"@type\":\"BreadcrumbList\",\"@id\":\"https:\/\/leatai.com\/no\/product\/indre-sideformat\/farging-av-kanten\/fargede-bokkanter-ensfarget\/#breadcrumb\",\"itemListElement\":[{\"@type\":\"ListItem\",\"position\":1,\"name\":\"Home\",\"item\":\"https:\/\/leatai.com\/no\/\"},{\"@type\":\"ListItem\",\"position\":2,\"name\":\"Produktpresentasjon\",\"item\":\"https:\/\/leatai.com\/products\/\"},{\"@type\":\"ListItem\",\"position\":3,\"name\":\"Indre Sideformat\",\"item\":\"https:\/\/leatai.com\/no\/produktkategori\/indre-sideformat\/\"},{\"@type\":\"ListItem\",\"position\":4,\"name\":\"Farging av Kanten\",\"item\":\"https:\/\/leatai.com\/no\/produktkategori\/indre-sideformat\/farging-av-kanten\/\"},{\"@type\":\"ListItem\",\"position\":5,\"name\":\"Fargede bokkanter \u2013 ensfarget\"}]},{\"@type\":\"WebSite\",\"@id\":\"https:\/\/leatai.com\/no\/#website\",\"url\":\"https:\/\/leatai.com\/no\/\",\"name\":\"Leatai \u2013 Produsent av tilpassede notatb\u00f8ker\",\"description\":\"Leatai tilbyr tilpassede notatb\u00f8ker og planleggere til globale merkevarer og distribut\u00f8rer.\",\"publisher\":{\"@id\":\"https:\/\/leatai.com\/no\/#organization\"},\"potentialAction\":[{\"@type\":\"SearchAction\",\"target\":{\"@type\":\"EntryPoint\",\"urlTemplate\":\"https:\/\/leatai.com\/no\/?s={search_term_string}\"},\"query-input\":{\"@type\":\"PropertyValueSpecification\",\"valueRequired\":true,\"valueName\":\"search_term_string\"}}],\"inLanguage\":\"nb-NO\"},{\"@type\":\"Organization\",\"@id\":\"https:\/\/leatai.com\/no\/#organization\",\"name\":\"Leatai Diary, customized journal and business organizer\",\"url\":\"https:\/\/leatai.com\/no\/\",\"logo\":{\"@type\":\"ImageObject\",\"inLanguage\":\"nb-NO\",\"@id\":\"https:\/\/leatai.com\/no\/#\/schema\/logo\/image\/\",\"url\":\"https:\/\/leatai.com\/wp-content\/uploads\/logo-blue.png\",\"contentUrl\":\"https:\/\/leatai.com\/wp-content\/uploads\/logo-blue.png\",\"width\":230,\"height\":60,\"caption\":\"Leatai Diary, customized journal and business organizer\"},\"image\":{\"@id\":\"https:\/\/leatai.com\/no\/#\/schema\/logo\/image\/\"},\"telephone\":\"+886-2-8227-8800\",\"legalName\":\"Leatai Stationary Co., Ltd.\",\"description\":\"A leading notebook factory in Taiwan offering bespoke branding, high-quality binding, and premium paper selections for corporate gifts and stationery wholesale.\",\"address\":{\"@type\":\"PostalAddress\",\"streetAddress\":\"11F., No. 168, Jiankang Rd.\",\"addressLocality\":\"Zhonghe Dist.\",\"addressRegion\":\"New Taipei City\",\"postalCode\":\"235\",\"addressCountry\":\"TW\"},\"contactPoint\":{\"@type\":\"ContactPoint\",\"telephone\":\"+886-2-8227-8800\",\"contactType\":\"sales\",\"areaServed\":\"Worldwide\",\"availableLanguage\":[\"zh-TW\",\"en\"]}}]}<\/script>\n<!-- \/ Yoast SEO plugin. -->","yoast_head_json":{"title":"Fargede bokkanter \u2013 ensfarget - Leatai \u2013 Produsent av tilpassede notatb\u00f8ker","description":"Fargede bokkanter kan, i tillegg til gullkant, ogs\u00e5 lages i ensfarget utgave, kun for innersider med rette hj\u00f8rner, fargen blandes manuelt, og det vil v\u00e6re sm\u00e5 avvik fra den angitte fargen, noe som er normalt, og det er ikke mulig \u00e5 oppn\u00e5 100 % n\u00f8yaktig farge","robots":{"index":"index","follow":"follow","max-snippet":"max-snippet:-1","max-image-preview":"max-image-preview:large","max-video-preview":"max-video-preview:-1"},"canonical":"https:\/\/leatai.com\/no\/product\/indre-sideformat\/farging-av-kanten\/fargede-bokkanter-ensfarget\/","og_locale":"nb_NO","og_type":"article","og_title":"Fargede bokkanter \u2013 ensfarget - Leatai \u2013 Produsent av tilpassede notatb\u00f8ker","og_description":"Fargede bokkanter kan, i tillegg til gullkant, ogs\u00e5 lages i ensfarget utgave, kun for innersider med rette hj\u00f8rner, fargen blandes manuelt, og det vil v\u00e6re sm\u00e5 avvik fra den angitte fargen, noe som er normalt, og det er ikke mulig \u00e5 oppn\u00e5 100 % n\u00f8yaktig farge","og_url":"https:\/\/leatai.com\/no\/product\/indre-sideformat\/farging-av-kanten\/fargede-bokkanter-ensfarget\/","og_site_name":"Leatai \u2013 Produsent av tilpassede notatb\u00f8ker","article_modified_time":"2026-03-17T06:09:37+00:00","og_image":[{"width":1000,"height":750,"url":"https:\/\/leatai.com\/wp-content\/uploads\/2020_08_14_1820530.jpg","type":"image\/jpeg"}],"twitter_card":"summary_large_image","twitter_misc":{"Ansl. lesetid":"1 minutt"},"schema":{"@context":"https:\/\/schema.org","@graph":[{"@type":"WebPage","@id":"https:\/\/leatai.com\/no\/product\/indre-sideformat\/farging-av-kanten\/fargede-bokkanter-ensfarget\/","url":"https:\/\/leatai.com\/no\/product\/indre-sideformat\/farging-av-kanten\/fargede-bokkanter-ensfarget\/","name":"Fargede bokkanter \u2013 ensfarget - Leatai \u2013 Produsent av tilpassede notatb\u00f8ker","isPartOf":{"@id":"https:\/\/leatai.com\/no\/#website"},"primaryImageOfPage":{"@id":"https:\/\/leatai.com\/no\/product\/indre-sideformat\/farging-av-kanten\/fargede-bokkanter-ensfarget\/#primaryimage"},"image":{"@id":"https:\/\/leatai.com\/no\/product\/indre-sideformat\/farging-av-kanten\/fargede-bokkanter-ensfarget\/#primaryimage"},"thumbnailUrl":"https:\/\/leatai.com\/wp-content\/uploads\/2020_08_14_1820530.jpg","datePublished":"2021-06-24T05:17:29+00:00","dateModified":"2026-03-17T06:09:37+00:00","description":"Fargede bokkanter kan, i tillegg til gullkant, ogs\u00e5 lages i ensfarget utgave, kun for innersider med rette hj\u00f8rner, fargen blandes manuelt, og det vil v\u00e6re sm\u00e5 avvik fra den angitte fargen, noe som er normalt, og det er ikke mulig \u00e5 oppn\u00e5 100 % n\u00f8yaktig farge","breadcrumb":{"@id":"https:\/\/leatai.com\/no\/product\/indre-sideformat\/farging-av-kanten\/fargede-bokkanter-ensfarget\/#breadcrumb"},"inLanguage":"nb-NO","potentialAction":[{"@type":"ReadAction","target":["https:\/\/leatai.com\/no\/product\/indre-sideformat\/farging-av-kanten\/fargede-bokkanter-ensfarget\/"]}]},{"@type":"ImageObject","inLanguage":"nb-NO","@id":"https:\/\/leatai.com\/no\/product\/indre-sideformat\/farging-av-kanten\/fargede-bokkanter-ensfarget\/#primaryimage","url":"https:\/\/leatai.com\/wp-content\/uploads\/2020_08_14_1820530.jpg","contentUrl":"https:\/\/leatai.com\/wp-content\/uploads\/2020_08_14_1820530.jpg","width":1000,"height":750,"caption":"Fargede bokkanter"},{"@type":"BreadcrumbList","@id":"https:\/\/leatai.com\/no\/product\/indre-sideformat\/farging-av-kanten\/fargede-bokkanter-ensfarget\/#breadcrumb","itemListElement":[{"@type":"ListItem","position":1,"name":"Home","item":"https:\/\/leatai.com\/no\/"},{"@type":"ListItem","position":2,"name":"Produktpresentasjon","item":"https:\/\/leatai.com\/products\/"},{"@type":"ListItem","position":3,"name":"Indre Sideformat","item":"https:\/\/leatai.com\/no\/produktkategori\/indre-sideformat\/"},{"@type":"ListItem","position":4,"name":"Farging av Kanten","item":"https:\/\/leatai.com\/no\/produktkategori\/indre-sideformat\/farging-av-kanten\/"},{"@type":"ListItem","position":5,"name":"Fargede bokkanter \u2013 ensfarget"}]},{"@type":"WebSite","@id":"https:\/\/leatai.com\/no\/#website","url":"https:\/\/leatai.com\/no\/","name":"Leatai \u2013 Produsent av tilpassede notatb\u00f8ker","description":"Leatai tilbyr tilpassede notatb\u00f8ker og planleggere til globale merkevarer og distribut\u00f8rer.","publisher":{"@id":"https:\/\/leatai.com\/no\/#organization"},"potentialAction":[{"@type":"SearchAction","target":{"@type":"EntryPoint","urlTemplate":"https:\/\/leatai.com\/no\/?s={search_term_string}"},"query-input":{"@type":"PropertyValueSpecification","valueRequired":true,"valueName":"search_term_string"}}],"inLanguage":"nb-NO"},{"@type":"Organization","@id":"https:\/\/leatai.com\/no\/#organization","name":"Leatai Diary, customized journal and business organizer","url":"https:\/\/leatai.com\/no\/","logo":{"@type":"ImageObject","inLanguage":"nb-NO","@id":"https:\/\/leatai.com\/no\/#\/schema\/logo\/image\/","url":"https:\/\/leatai.com\/wp-content\/uploads\/logo-blue.png","contentUrl":"https:\/\/leatai.com\/wp-content\/uploads\/logo-blue.png","width":230,"height":60,"caption":"Leatai Diary, customized journal and business organizer"},"image":{"@id":"https:\/\/leatai.com\/no\/#\/schema\/logo\/image\/"},"telephone":"+886-2-8227-8800","legalName":"Leatai Stationary Co., Ltd.","description":"A leading notebook factory in Taiwan offering bespoke branding, high-quality binding, and premium paper selections for corporate gifts and stationery wholesale.","address":{"@type":"PostalAddress","streetAddress":"11F., No. 168, Jiankang Rd.","addressLocality":"Zhonghe Dist.","addressRegion":"New Taipei City","postalCode":"235","addressCountry":"TW"},"contactPoint":{"@type":"ContactPoint","telephone":"+886-2-8227-8800","contactType":"sales","areaServed":"Worldwide","availableLanguage":["zh-TW","en"]}}]}},"_links":{"self":[{"href":"https:\/\/leatai.com\/no\/wp-json\/wp\/v2\/product\/281299","targetHints":{"allow":["GET"]}}],"collection":[{"href":"https:\/\/leatai.com\/no\/wp-json\/wp\/v2\/product"}],"about":[{"href":"https:\/\/leatai.com\/no\/wp-json\/wp\/v2\/types\/product"}],"wp:featuredmedia":[{"embeddable":true,"href":"https:\/\/leatai.com\/no\/wp-json\/wp\/v2\/media\/211406"}],"wp:attachment":[{"href":"https:\/\/leatai.com\/no\/wp-json\/wp\/v2\/media?parent=281299"}],"wp:term":[{"taxonomy":"product_brand","embeddable":true,"href":"https:\/\/leatai.com\/no\/wp-json\/wp\/v2\/product_brand?post=281299"},{"taxonomy":"product_cat","embeddable":true,"href":"https:\/\/leatai.com\/no\/wp-json\/wp\/v2\/product_cat?post=281299"},{"taxonomy":"product_tag","embeddable":true,"href":"https:\/\/leatai.com\/no\/wp-json\/wp\/v2\/product_tag?post=281299"},{"taxonomy":"home_works","embeddable":true,"href":"https:\/\/leatai.com\/no\/wp-json\/wp\/v2\/home_works?post=281299"}],"curies":[{"name":"wp","href":"https:\/\/api.w.org\/{rel}","templated":true}]}}