{"id":281295,"date":"2021-06-24T13:17:29","date_gmt":"2021-06-24T05:17:29","guid":{"rendered":"https:\/\/leatai.com\/product\/ukategorisert\/fargede-bokkanter-gullkantfinish\/"},"modified":"2026-03-17T14:10:50","modified_gmt":"2026-03-17T06:10:50","slug":"fargede-bokkanter-gullkantfinish","status":"publish","type":"product","link":"https:\/\/leatai.com\/no\/product\/indre-sideformat\/farging-av-kanten\/fargede-bokkanter-gullkantfinish\/","title":{"rendered":"Fargede bokkanter \u2013 gullkantfinish"},"content":{"rendered":"<p>Vanligvis kalt gullkant eller rullet gullkant, er dette en sv\u00e6rt sjelden tradisjonell h\u00e5ndverksteknikk, minimumsbestilling: 1000 stk., bearbeidingspris per enhet: 40 TWD<br \/>\nKun for innersider med rette hj\u00f8rner, siden gullfolie festes ved p\u00e5f\u00f8ring, er det normalt at det kan oppst\u00e5 merker ved kontakt med negler eller skarpe gjenstander.<\/p>\n","protected":false},"excerpt":{"rendered":"<p>Vanligvis kalt gullkant, er dette en sv\u00e6rt sjelden tradisjonell h\u00e5ndverksteknikk<\/p>\n<p>Minimumsbestilling: 1000 stk.<br \/>\nBearbeidingspris per enhet: 40 TWD<\/p>\n","protected":false},"featured_media":211401,"template":"","meta":{"_acf_changed":false},"product_brand":[],"product_cat":[976,1041],"product_tag":[1749],"home_works":[],"class_list":{"0":"post-281295","1":"product","2":"type-product","3":"status-publish","4":"has-post-thumbnail","6":"product_cat-indre-sideformat","7":"product_cat-farging-av-kanten","8":"product_tag-innmat-til-forretningsdagbok","10":"first","11":"instock","12":"sold-individually","13":"shipping-taxable","14":"purchasable","15":"product-type-simple"},"acf":[],"yoast_head":"<!-- This site is optimized with the Yoast SEO plugin v27.2 - https:\/\/yoast.com\/product\/yoast-seo-wordpress\/ -->\n<title>Fargede bokkanter \u2013 gullkantfinish - Rullet gullkant - Leatai \u2013 Produsent av tilpassede notatb\u00f8ker<\/title>\n<meta name=\"description\" content=\"Vanligvis kalt gullkant eller rullet gullkant, kun egnet for innersider med rette hj\u00f8rner, siden gullfolie festes ved p\u00e5f\u00f8ring, er det normalt at det kan oppst\u00e5 merker ved kontakt med negler eller skarpe gjenstander.\" \/>\n<meta name=\"robots\" content=\"index, follow, max-snippet:-1, max-image-preview:large, max-video-preview:-1\" \/>\n<link rel=\"canonical\" href=\"https:\/\/leatai.com\/no\/product\/indre-sideformat\/farging-av-kanten\/fargede-bokkanter-gullkantfinish\/\" \/>\n<meta property=\"og:locale\" content=\"nb_NO\" \/>\n<meta property=\"og:type\" content=\"article\" \/>\n<meta property=\"og:title\" content=\"Fargede bokkanter \u2013 gullkantfinish - Rullet gullkant - Leatai \u2013 Produsent av tilpassede notatb\u00f8ker\" \/>\n<meta property=\"og:description\" content=\"Vanligvis kalt gullkant eller rullet gullkant, kun egnet for innersider med rette hj\u00f8rner, siden gullfolie festes ved p\u00e5f\u00f8ring, er det normalt at det kan oppst\u00e5 merker ved kontakt med negler eller skarpe gjenstander.\" \/>\n<meta property=\"og:url\" content=\"https:\/\/leatai.com\/no\/product\/indre-sideformat\/farging-av-kanten\/fargede-bokkanter-gullkantfinish\/\" \/>\n<meta property=\"og:site_name\" content=\"Leatai \u2013 Produsent av tilpassede notatb\u00f8ker\" \/>\n<meta property=\"article:modified_time\" content=\"2026-03-17T06:10:50+00:00\" \/>\n<meta property=\"og:image\" content=\"https:\/\/leatai.com\/wp-content\/uploads\/2020_08_14_1819350.jpg\" \/>\n\t<meta property=\"og:image:width\" content=\"1000\" \/>\n\t<meta property=\"og:image:height\" content=\"750\" \/>\n\t<meta property=\"og:image:type\" content=\"image\/jpeg\" \/>\n<meta name=\"twitter:card\" content=\"summary_large_image\" \/>\n<meta name=\"twitter:label1\" content=\"Ansl. lesetid\" \/>\n\t<meta name=\"twitter:data1\" content=\"1 minutt\" \/>\n<script type=\"application\/ld+json\" class=\"yoast-schema-graph\">{\"@context\":\"https:\/\/schema.org\",\"@graph\":[{\"@type\":\"WebPage\",\"@id\":\"https:\/\/leatai.com\/no\/product\/indre-sideformat\/farging-av-kanten\/fargede-bokkanter-gullkantfinish\/\",\"url\":\"https:\/\/leatai.com\/no\/product\/indre-sideformat\/farging-av-kanten\/fargede-bokkanter-gullkantfinish\/\",\"name\":\"Fargede bokkanter \u2013 gullkantfinish - Rullet gullkant - Leatai \u2013 Produsent av tilpassede notatb\u00f8ker\",\"isPartOf\":{\"@id\":\"https:\/\/leatai.com\/no\/#website\"},\"primaryImageOfPage\":{\"@id\":\"https:\/\/leatai.com\/no\/product\/indre-sideformat\/farging-av-kanten\/fargede-bokkanter-gullkantfinish\/#primaryimage\"},\"image\":{\"@id\":\"https:\/\/leatai.com\/no\/product\/indre-sideformat\/farging-av-kanten\/fargede-bokkanter-gullkantfinish\/#primaryimage\"},\"thumbnailUrl\":\"https:\/\/leatai.com\/wp-content\/uploads\/2020_08_14_1819350.jpg\",\"datePublished\":\"2021-06-24T05:17:29+00:00\",\"dateModified\":\"2026-03-17T06:10:50+00:00\",\"description\":\"Vanligvis kalt gullkant eller rullet gullkant, kun egnet for innersider med rette hj\u00f8rner, siden gullfolie festes ved p\u00e5f\u00f8ring, er det normalt at det kan oppst\u00e5 merker ved kontakt med negler eller skarpe gjenstander.\",\"breadcrumb\":{\"@id\":\"https:\/\/leatai.com\/no\/product\/indre-sideformat\/farging-av-kanten\/fargede-bokkanter-gullkantfinish\/#breadcrumb\"},\"inLanguage\":\"nb-NO\",\"potentialAction\":[{\"@type\":\"ReadAction\",\"target\":[\"https:\/\/leatai.com\/no\/product\/indre-sideformat\/farging-av-kanten\/fargede-bokkanter-gullkantfinish\/\"]}]},{\"@type\":\"ImageObject\",\"inLanguage\":\"nb-NO\",\"@id\":\"https:\/\/leatai.com\/no\/product\/indre-sideformat\/farging-av-kanten\/fargede-bokkanter-gullkantfinish\/#primaryimage\",\"url\":\"https:\/\/leatai.com\/wp-content\/uploads\/2020_08_14_1819350.jpg\",\"contentUrl\":\"https:\/\/leatai.com\/wp-content\/uploads\/2020_08_14_1819350.jpg\",\"width\":1000,\"height\":750,\"caption\":\"Gullkant\"},{\"@type\":\"BreadcrumbList\",\"@id\":\"https:\/\/leatai.com\/no\/product\/indre-sideformat\/farging-av-kanten\/fargede-bokkanter-gullkantfinish\/#breadcrumb\",\"itemListElement\":[{\"@type\":\"ListItem\",\"position\":1,\"name\":\"Home\",\"item\":\"https:\/\/leatai.com\/no\/\"},{\"@type\":\"ListItem\",\"position\":2,\"name\":\"Produktpresentasjon\",\"item\":\"https:\/\/leatai.com\/products\/\"},{\"@type\":\"ListItem\",\"position\":3,\"name\":\"Indre Sideformat\",\"item\":\"https:\/\/leatai.com\/no\/produktkategori\/indre-sideformat\/\"},{\"@type\":\"ListItem\",\"position\":4,\"name\":\"Farging av Kanten\",\"item\":\"https:\/\/leatai.com\/no\/produktkategori\/indre-sideformat\/farging-av-kanten\/\"},{\"@type\":\"ListItem\",\"position\":5,\"name\":\"Fargede bokkanter \u2013 gullkantfinish\"}]},{\"@type\":\"WebSite\",\"@id\":\"https:\/\/leatai.com\/no\/#website\",\"url\":\"https:\/\/leatai.com\/no\/\",\"name\":\"Leatai \u2013 Produsent av tilpassede notatb\u00f8ker\",\"description\":\"Leatai tilbyr tilpassede notatb\u00f8ker og planleggere til globale merkevarer og distribut\u00f8rer.\",\"publisher\":{\"@id\":\"https:\/\/leatai.com\/no\/#organization\"},\"potentialAction\":[{\"@type\":\"SearchAction\",\"target\":{\"@type\":\"EntryPoint\",\"urlTemplate\":\"https:\/\/leatai.com\/no\/?s={search_term_string}\"},\"query-input\":{\"@type\":\"PropertyValueSpecification\",\"valueRequired\":true,\"valueName\":\"search_term_string\"}}],\"inLanguage\":\"nb-NO\"},{\"@type\":\"Organization\",\"@id\":\"https:\/\/leatai.com\/no\/#organization\",\"name\":\"Leatai Diary, customized journal and business organizer\",\"url\":\"https:\/\/leatai.com\/no\/\",\"logo\":{\"@type\":\"ImageObject\",\"inLanguage\":\"nb-NO\",\"@id\":\"https:\/\/leatai.com\/no\/#\/schema\/logo\/image\/\",\"url\":\"https:\/\/leatai.com\/wp-content\/uploads\/logo-blue.png\",\"contentUrl\":\"https:\/\/leatai.com\/wp-content\/uploads\/logo-blue.png\",\"width\":230,\"height\":60,\"caption\":\"Leatai Diary, customized journal and business organizer\"},\"image\":{\"@id\":\"https:\/\/leatai.com\/no\/#\/schema\/logo\/image\/\"},\"telephone\":\"+886-2-8227-8800\",\"legalName\":\"Leatai Stationary Co., Ltd.\",\"description\":\"A leading notebook factory in Taiwan offering bespoke branding, high-quality binding, and premium paper selections for corporate gifts and stationery wholesale.\",\"address\":{\"@type\":\"PostalAddress\",\"streetAddress\":\"11F., No. 168, Jiankang Rd.\",\"addressLocality\":\"Zhonghe Dist.\",\"addressRegion\":\"New Taipei City\",\"postalCode\":\"235\",\"addressCountry\":\"TW\"},\"contactPoint\":{\"@type\":\"ContactPoint\",\"telephone\":\"+886-2-8227-8800\",\"contactType\":\"sales\",\"areaServed\":\"Worldwide\",\"availableLanguage\":[\"zh-TW\",\"en\"]}}]}<\/script>\n<!-- \/ Yoast SEO plugin. -->","yoast_head_json":{"title":"Fargede bokkanter \u2013 gullkantfinish - Rullet gullkant - Leatai \u2013 Produsent av tilpassede notatb\u00f8ker","description":"Vanligvis kalt gullkant eller rullet gullkant, kun egnet for innersider med rette hj\u00f8rner, siden gullfolie festes ved p\u00e5f\u00f8ring, er det normalt at det kan oppst\u00e5 merker ved kontakt med negler eller skarpe gjenstander.","robots":{"index":"index","follow":"follow","max-snippet":"max-snippet:-1","max-image-preview":"max-image-preview:large","max-video-preview":"max-video-preview:-1"},"canonical":"https:\/\/leatai.com\/no\/product\/indre-sideformat\/farging-av-kanten\/fargede-bokkanter-gullkantfinish\/","og_locale":"nb_NO","og_type":"article","og_title":"Fargede bokkanter \u2013 gullkantfinish - Rullet gullkant - Leatai \u2013 Produsent av tilpassede notatb\u00f8ker","og_description":"Vanligvis kalt gullkant eller rullet gullkant, kun egnet for innersider med rette hj\u00f8rner, siden gullfolie festes ved p\u00e5f\u00f8ring, er det normalt at det kan oppst\u00e5 merker ved kontakt med negler eller skarpe gjenstander.","og_url":"https:\/\/leatai.com\/no\/product\/indre-sideformat\/farging-av-kanten\/fargede-bokkanter-gullkantfinish\/","og_site_name":"Leatai \u2013 Produsent av tilpassede notatb\u00f8ker","article_modified_time":"2026-03-17T06:10:50+00:00","og_image":[{"width":1000,"height":750,"url":"https:\/\/leatai.com\/wp-content\/uploads\/2020_08_14_1819350.jpg","type":"image\/jpeg"}],"twitter_card":"summary_large_image","twitter_misc":{"Ansl. lesetid":"1 minutt"},"schema":{"@context":"https:\/\/schema.org","@graph":[{"@type":"WebPage","@id":"https:\/\/leatai.com\/no\/product\/indre-sideformat\/farging-av-kanten\/fargede-bokkanter-gullkantfinish\/","url":"https:\/\/leatai.com\/no\/product\/indre-sideformat\/farging-av-kanten\/fargede-bokkanter-gullkantfinish\/","name":"Fargede bokkanter \u2013 gullkantfinish - Rullet gullkant - Leatai \u2013 Produsent av tilpassede notatb\u00f8ker","isPartOf":{"@id":"https:\/\/leatai.com\/no\/#website"},"primaryImageOfPage":{"@id":"https:\/\/leatai.com\/no\/product\/indre-sideformat\/farging-av-kanten\/fargede-bokkanter-gullkantfinish\/#primaryimage"},"image":{"@id":"https:\/\/leatai.com\/no\/product\/indre-sideformat\/farging-av-kanten\/fargede-bokkanter-gullkantfinish\/#primaryimage"},"thumbnailUrl":"https:\/\/leatai.com\/wp-content\/uploads\/2020_08_14_1819350.jpg","datePublished":"2021-06-24T05:17:29+00:00","dateModified":"2026-03-17T06:10:50+00:00","description":"Vanligvis kalt gullkant eller rullet gullkant, kun egnet for innersider med rette hj\u00f8rner, siden gullfolie festes ved p\u00e5f\u00f8ring, er det normalt at det kan oppst\u00e5 merker ved kontakt med negler eller skarpe gjenstander.","breadcrumb":{"@id":"https:\/\/leatai.com\/no\/product\/indre-sideformat\/farging-av-kanten\/fargede-bokkanter-gullkantfinish\/#breadcrumb"},"inLanguage":"nb-NO","potentialAction":[{"@type":"ReadAction","target":["https:\/\/leatai.com\/no\/product\/indre-sideformat\/farging-av-kanten\/fargede-bokkanter-gullkantfinish\/"]}]},{"@type":"ImageObject","inLanguage":"nb-NO","@id":"https:\/\/leatai.com\/no\/product\/indre-sideformat\/farging-av-kanten\/fargede-bokkanter-gullkantfinish\/#primaryimage","url":"https:\/\/leatai.com\/wp-content\/uploads\/2020_08_14_1819350.jpg","contentUrl":"https:\/\/leatai.com\/wp-content\/uploads\/2020_08_14_1819350.jpg","width":1000,"height":750,"caption":"Gullkant"},{"@type":"BreadcrumbList","@id":"https:\/\/leatai.com\/no\/product\/indre-sideformat\/farging-av-kanten\/fargede-bokkanter-gullkantfinish\/#breadcrumb","itemListElement":[{"@type":"ListItem","position":1,"name":"Home","item":"https:\/\/leatai.com\/no\/"},{"@type":"ListItem","position":2,"name":"Produktpresentasjon","item":"https:\/\/leatai.com\/products\/"},{"@type":"ListItem","position":3,"name":"Indre Sideformat","item":"https:\/\/leatai.com\/no\/produktkategori\/indre-sideformat\/"},{"@type":"ListItem","position":4,"name":"Farging av Kanten","item":"https:\/\/leatai.com\/no\/produktkategori\/indre-sideformat\/farging-av-kanten\/"},{"@type":"ListItem","position":5,"name":"Fargede bokkanter \u2013 gullkantfinish"}]},{"@type":"WebSite","@id":"https:\/\/leatai.com\/no\/#website","url":"https:\/\/leatai.com\/no\/","name":"Leatai \u2013 Produsent av tilpassede notatb\u00f8ker","description":"Leatai tilbyr tilpassede notatb\u00f8ker og planleggere til globale merkevarer og distribut\u00f8rer.","publisher":{"@id":"https:\/\/leatai.com\/no\/#organization"},"potentialAction":[{"@type":"SearchAction","target":{"@type":"EntryPoint","urlTemplate":"https:\/\/leatai.com\/no\/?s={search_term_string}"},"query-input":{"@type":"PropertyValueSpecification","valueRequired":true,"valueName":"search_term_string"}}],"inLanguage":"nb-NO"},{"@type":"Organization","@id":"https:\/\/leatai.com\/no\/#organization","name":"Leatai Diary, customized journal and business organizer","url":"https:\/\/leatai.com\/no\/","logo":{"@type":"ImageObject","inLanguage":"nb-NO","@id":"https:\/\/leatai.com\/no\/#\/schema\/logo\/image\/","url":"https:\/\/leatai.com\/wp-content\/uploads\/logo-blue.png","contentUrl":"https:\/\/leatai.com\/wp-content\/uploads\/logo-blue.png","width":230,"height":60,"caption":"Leatai Diary, customized journal and business organizer"},"image":{"@id":"https:\/\/leatai.com\/no\/#\/schema\/logo\/image\/"},"telephone":"+886-2-8227-8800","legalName":"Leatai Stationary Co., Ltd.","description":"A leading notebook factory in Taiwan offering bespoke branding, high-quality binding, and premium paper selections for corporate gifts and stationery wholesale.","address":{"@type":"PostalAddress","streetAddress":"11F., No. 168, Jiankang Rd.","addressLocality":"Zhonghe Dist.","addressRegion":"New Taipei City","postalCode":"235","addressCountry":"TW"},"contactPoint":{"@type":"ContactPoint","telephone":"+886-2-8227-8800","contactType":"sales","areaServed":"Worldwide","availableLanguage":["zh-TW","en"]}}]}},"_links":{"self":[{"href":"https:\/\/leatai.com\/no\/wp-json\/wp\/v2\/product\/281295","targetHints":{"allow":["GET"]}}],"collection":[{"href":"https:\/\/leatai.com\/no\/wp-json\/wp\/v2\/product"}],"about":[{"href":"https:\/\/leatai.com\/no\/wp-json\/wp\/v2\/types\/product"}],"wp:featuredmedia":[{"embeddable":true,"href":"https:\/\/leatai.com\/no\/wp-json\/wp\/v2\/media\/211401"}],"wp:attachment":[{"href":"https:\/\/leatai.com\/no\/wp-json\/wp\/v2\/media?parent=281295"}],"wp:term":[{"taxonomy":"product_brand","embeddable":true,"href":"https:\/\/leatai.com\/no\/wp-json\/wp\/v2\/product_brand?post=281295"},{"taxonomy":"product_cat","embeddable":true,"href":"https:\/\/leatai.com\/no\/wp-json\/wp\/v2\/product_cat?post=281295"},{"taxonomy":"product_tag","embeddable":true,"href":"https:\/\/leatai.com\/no\/wp-json\/wp\/v2\/product_tag?post=281295"},{"taxonomy":"home_works","embeddable":true,"href":"https:\/\/leatai.com\/no\/wp-json\/wp\/v2\/home_works?post=281295"}],"curies":[{"name":"wp","href":"https:\/\/api.w.org\/{rel}","templated":true}]}}