{"id":281285,"date":"2021-06-24T13:17:30","date_gmt":"2021-06-24T05:17:30","guid":{"rendered":"https:\/\/leatai.com\/product\/ukategorisert\/lgp-venstre-tre-hoyre-fire-horisontal-dobbel-a48k\/"},"modified":"2026-03-17T13:55:30","modified_gmt":"2026-03-17T05:55:30","slug":"lgp-venstre-tre-hoyre-fire-horisontal-dobbel-a48k","status":"publish","type":"product","link":"https:\/\/leatai.com\/no\/product\/indre-sideformat\/48k-indre-sider\/lgp-venstre-tre-hoyre-fire-horisontal-dobbel-a48k\/","title":{"rendered":"LGP\u2013venstre tre h\u00f8yre fire horisontal dobbel\u2013A48K"},"content":{"rendered":"<p>Papir: hvitt woodfree-papir<br \/>\nSt\u00f8rrelse: <a href=\"https:\/\/leatai.com\/no\/faq\/hva-er-8k-16k-og-25k-planleggerstorrelser-hvor-store-er-de\/\" target=\"_blank\" rel=\"noopener\">48K<\/a> <a href=\"https:\/\/leatai.com\/no\/faq\/hva-er-8k-16k-og-25k-planleggerstorrelser-hvor-store-er-de\/\" target=\"_blank\" rel=\"noopener\">(detaljert forklaring og sammenligningstabell for st\u00f8rrelser p\u00e5 forretningsdagb\u00f8ker)<\/a><br \/>\nTykkelse: 70 pund (80 ark \/ 160 sider per bok)<br \/>\nTrykk: tofarget<br \/>\nInnhold: \u00e5rskalender + m\u00e5nedsplan + venstre side 3 dager h\u00f8yre side 4 dager + informasjonssider + bondens kalender<\/p>\n<p>P.1 oversikt over helligdager og festivaler<br \/>\nP.2~P.3 \u00e5rskalender<br \/>\nP.4~P.5 \u00e5rsplan<br \/>\nP.6~P.17 m\u00e5nedsplan (januar\u2013desember for gjeldende \u00e5r, to sider per m\u00e5ned)<br \/>\nP.18~P.123 venstre side 3 dager h\u00f8yre side 4 dager<br \/>\nP.124~P.128 linjerte notatsider<br \/>\nP.129~P.135 informasjonssider (adressebok, motorveikart, MRT-kart)<br \/>\nP.136~P.159 bondens kalender<br \/>\nP.160 personlig informasjonsskjema<\/p>\n","protected":false},"excerpt":{"rendered":"<p>Papir: hvitt woodfree-papir St\u00f8rrelse: 48K (detaljert forklaring og sammenligningstabell for st\u00f8rrelser p\u00e5 forretningsdagb\u00f8ker) Tykkelse: 70 pund (80 ark \/ 160 sider per bok) Trykk: tofarget Innhold: \u00e5rskalender + m\u00e5nedsplan + venstre side 3 dager h\u00f8yre side 4 dager + informasjonssider + bondens kalender P.1 oversikt over helligdager og festivaler P.2~P.3 \u00e5rskalender P.4~P.5 \u00e5rsplan P.6~P.17 m\u00e5nedsplan [&hellip;]<\/p>\n","protected":false},"featured_media":281286,"template":"","meta":{"_acf_changed":false},"product_brand":[],"product_cat":[976,1028],"product_tag":[1755,1749],"home_works":[],"class_list":{"0":"post-281285","1":"product","2":"type-product","3":"status-publish","4":"has-post-thumbnail","6":"product_cat-indre-sideformat","7":"product_cat-48k-indre-sider","8":"product_tag-48k","9":"product_tag-innmat-til-forretningsdagbok","11":"first","12":"instock","13":"sold-individually","14":"shipping-taxable","15":"purchasable","16":"product-type-simple"},"acf":[],"yoast_head":"<!-- This site is optimized with the Yoast SEO plugin v27.2 - https:\/\/yoast.com\/product\/yoast-seo-wordpress\/ -->\n<title>LGP\u2013venstre tre h\u00f8yre fire horisontal dobbel\u2013A48K - Innmat til forretningsdagbok - Leatai \u2013 Produsent av tilpassede notatb\u00f8ker<\/title>\n<meta name=\"description\" content=\"Format for innersider i forretningsdagbok: venstre tre h\u00f8yre fire, papir: hvitt woodfree-papir, st\u00f8rrelse: 48K, tykkelse: 70 pund (80 ark \/ 160 sider per bok), trykk: tofarget, innhold: \u00e5rskalender + m\u00e5nedsplan + venstre side 3 dager h\u00f8yre side 4 dager + informasjonssider + bondens kalender.\" \/>\n<meta name=\"robots\" content=\"index, follow, max-snippet:-1, max-image-preview:large, max-video-preview:-1\" \/>\n<link rel=\"canonical\" href=\"https:\/\/leatai.com\/no\/product\/indre-sideformat\/48k-indre-sider\/lgp-venstre-tre-hoyre-fire-horisontal-dobbel-a48k\/\" \/>\n<meta property=\"og:locale\" content=\"nb_NO\" \/>\n<meta property=\"og:type\" content=\"article\" \/>\n<meta property=\"og:title\" content=\"LGP\u2013venstre tre h\u00f8yre fire horisontal dobbel\u2013A48K - Innmat til forretningsdagbok - Leatai \u2013 Produsent av tilpassede notatb\u00f8ker\" \/>\n<meta property=\"og:description\" content=\"Format for innersider i forretningsdagbok: venstre tre h\u00f8yre fire, papir: hvitt woodfree-papir, st\u00f8rrelse: 48K, tykkelse: 70 pund (80 ark \/ 160 sider per bok), trykk: tofarget, innhold: \u00e5rskalender + m\u00e5nedsplan + venstre side 3 dager h\u00f8yre side 4 dager + informasjonssider + bondens kalender.\" \/>\n<meta property=\"og:url\" content=\"https:\/\/leatai.com\/no\/product\/indre-sideformat\/48k-indre-sider\/lgp-venstre-tre-hoyre-fire-horisontal-dobbel-a48k\/\" \/>\n<meta property=\"og:site_name\" content=\"Leatai \u2013 Produsent av tilpassede notatb\u00f8ker\" \/>\n<meta property=\"article:modified_time\" content=\"2026-03-17T05:55:30+00:00\" \/>\n<meta property=\"og:image\" content=\"https:\/\/leatai.com\/wp-content\/uploads\/2020_02_11_1100530.jpg\" \/>\n\t<meta property=\"og:image:width\" content=\"2312\" \/>\n\t<meta property=\"og:image:height\" content=\"2140\" \/>\n\t<meta property=\"og:image:type\" content=\"image\/jpeg\" \/>\n<meta name=\"twitter:card\" content=\"summary_large_image\" \/>\n<meta name=\"twitter:label1\" content=\"Ansl. lesetid\" \/>\n\t<meta name=\"twitter:data1\" content=\"1 minutt\" \/>\n<script type=\"application\/ld+json\" class=\"yoast-schema-graph\">{\"@context\":\"https:\/\/schema.org\",\"@graph\":[{\"@type\":\"WebPage\",\"@id\":\"https:\/\/leatai.com\/no\/product\/indre-sideformat\/48k-indre-sider\/lgp-venstre-tre-hoyre-fire-horisontal-dobbel-a48k\/\",\"url\":\"https:\/\/leatai.com\/no\/product\/indre-sideformat\/48k-indre-sider\/lgp-venstre-tre-hoyre-fire-horisontal-dobbel-a48k\/\",\"name\":\"LGP\u2013venstre tre h\u00f8yre fire horisontal dobbel\u2013A48K - Innmat til forretningsdagbok - Leatai \u2013 Produsent av tilpassede notatb\u00f8ker\",\"isPartOf\":{\"@id\":\"https:\/\/leatai.com\/no\/#website\"},\"primaryImageOfPage\":{\"@id\":\"https:\/\/leatai.com\/no\/product\/indre-sideformat\/48k-indre-sider\/lgp-venstre-tre-hoyre-fire-horisontal-dobbel-a48k\/#primaryimage\"},\"image\":{\"@id\":\"https:\/\/leatai.com\/no\/product\/indre-sideformat\/48k-indre-sider\/lgp-venstre-tre-hoyre-fire-horisontal-dobbel-a48k\/#primaryimage\"},\"thumbnailUrl\":\"https:\/\/leatai.com\/wp-content\/uploads\/2020_02_11_1100530.jpg\",\"datePublished\":\"2021-06-24T05:17:30+00:00\",\"dateModified\":\"2026-03-17T05:55:30+00:00\",\"description\":\"Format for innersider i forretningsdagbok: venstre tre h\u00f8yre fire, papir: hvitt woodfree-papir, st\u00f8rrelse: 48K, tykkelse: 70 pund (80 ark \/ 160 sider per bok), trykk: tofarget, innhold: \u00e5rskalender + m\u00e5nedsplan + venstre side 3 dager h\u00f8yre side 4 dager + informasjonssider + bondens kalender.\",\"breadcrumb\":{\"@id\":\"https:\/\/leatai.com\/no\/product\/indre-sideformat\/48k-indre-sider\/lgp-venstre-tre-hoyre-fire-horisontal-dobbel-a48k\/#breadcrumb\"},\"inLanguage\":\"nb-NO\",\"potentialAction\":[{\"@type\":\"ReadAction\",\"target\":[\"https:\/\/leatai.com\/no\/product\/indre-sideformat\/48k-indre-sider\/lgp-venstre-tre-hoyre-fire-horisontal-dobbel-a48k\/\"]}]},{\"@type\":\"ImageObject\",\"inLanguage\":\"nb-NO\",\"@id\":\"https:\/\/leatai.com\/no\/product\/indre-sideformat\/48k-indre-sider\/lgp-venstre-tre-hoyre-fire-horisontal-dobbel-a48k\/#primaryimage\",\"url\":\"https:\/\/leatai.com\/wp-content\/uploads\/2020_02_11_1100530.jpg\",\"contentUrl\":\"https:\/\/leatai.com\/wp-content\/uploads\/2020_02_11_1100530.jpg\",\"width\":2312,\"height\":2140,\"caption\":\"Innmat til forretningsdagbok\"},{\"@type\":\"BreadcrumbList\",\"@id\":\"https:\/\/leatai.com\/no\/product\/indre-sideformat\/48k-indre-sider\/lgp-venstre-tre-hoyre-fire-horisontal-dobbel-a48k\/#breadcrumb\",\"itemListElement\":[{\"@type\":\"ListItem\",\"position\":1,\"name\":\"Home\",\"item\":\"https:\/\/leatai.com\/no\/\"},{\"@type\":\"ListItem\",\"position\":2,\"name\":\"Produktpresentasjon\",\"item\":\"https:\/\/leatai.com\/products\/\"},{\"@type\":\"ListItem\",\"position\":3,\"name\":\"Indre Sideformat\",\"item\":\"https:\/\/leatai.com\/no\/produktkategori\/indre-sideformat\/\"},{\"@type\":\"ListItem\",\"position\":4,\"name\":\"48K Indre Sider\",\"item\":\"https:\/\/leatai.com\/no\/produktkategori\/indre-sideformat\/48k-indre-sider\/\"},{\"@type\":\"ListItem\",\"position\":5,\"name\":\"LGP\u2013venstre tre h\u00f8yre fire horisontal dobbel\u2013A48K\"}]},{\"@type\":\"WebSite\",\"@id\":\"https:\/\/leatai.com\/no\/#website\",\"url\":\"https:\/\/leatai.com\/no\/\",\"name\":\"Leatai \u2013 Produsent av tilpassede notatb\u00f8ker\",\"description\":\"Leatai tilbyr tilpassede notatb\u00f8ker og planleggere til globale merkevarer og distribut\u00f8rer.\",\"publisher\":{\"@id\":\"https:\/\/leatai.com\/no\/#organization\"},\"potentialAction\":[{\"@type\":\"SearchAction\",\"target\":{\"@type\":\"EntryPoint\",\"urlTemplate\":\"https:\/\/leatai.com\/no\/?s={search_term_string}\"},\"query-input\":{\"@type\":\"PropertyValueSpecification\",\"valueRequired\":true,\"valueName\":\"search_term_string\"}}],\"inLanguage\":\"nb-NO\"},{\"@type\":\"Organization\",\"@id\":\"https:\/\/leatai.com\/no\/#organization\",\"name\":\"Leatai Diary, customized journal and business organizer\",\"url\":\"https:\/\/leatai.com\/no\/\",\"logo\":{\"@type\":\"ImageObject\",\"inLanguage\":\"nb-NO\",\"@id\":\"https:\/\/leatai.com\/no\/#\/schema\/logo\/image\/\",\"url\":\"https:\/\/leatai.com\/wp-content\/uploads\/logo-blue.png\",\"contentUrl\":\"https:\/\/leatai.com\/wp-content\/uploads\/logo-blue.png\",\"width\":230,\"height\":60,\"caption\":\"Leatai Diary, customized journal and business organizer\"},\"image\":{\"@id\":\"https:\/\/leatai.com\/no\/#\/schema\/logo\/image\/\"}}]}<\/script>\n<!-- \/ Yoast SEO plugin. -->","yoast_head_json":{"title":"LGP\u2013venstre tre h\u00f8yre fire horisontal dobbel\u2013A48K - Innmat til forretningsdagbok - Leatai \u2013 Produsent av tilpassede notatb\u00f8ker","description":"Format for innersider i forretningsdagbok: venstre tre h\u00f8yre fire, papir: hvitt woodfree-papir, st\u00f8rrelse: 48K, tykkelse: 70 pund (80 ark \/ 160 sider per bok), trykk: tofarget, innhold: \u00e5rskalender + m\u00e5nedsplan + venstre side 3 dager h\u00f8yre side 4 dager + informasjonssider + bondens kalender.","robots":{"index":"index","follow":"follow","max-snippet":"max-snippet:-1","max-image-preview":"max-image-preview:large","max-video-preview":"max-video-preview:-1"},"canonical":"https:\/\/leatai.com\/no\/product\/indre-sideformat\/48k-indre-sider\/lgp-venstre-tre-hoyre-fire-horisontal-dobbel-a48k\/","og_locale":"nb_NO","og_type":"article","og_title":"LGP\u2013venstre tre h\u00f8yre fire horisontal dobbel\u2013A48K - Innmat til forretningsdagbok - Leatai \u2013 Produsent av tilpassede notatb\u00f8ker","og_description":"Format for innersider i forretningsdagbok: venstre tre h\u00f8yre fire, papir: hvitt woodfree-papir, st\u00f8rrelse: 48K, tykkelse: 70 pund (80 ark \/ 160 sider per bok), trykk: tofarget, innhold: \u00e5rskalender + m\u00e5nedsplan + venstre side 3 dager h\u00f8yre side 4 dager + informasjonssider + bondens kalender.","og_url":"https:\/\/leatai.com\/no\/product\/indre-sideformat\/48k-indre-sider\/lgp-venstre-tre-hoyre-fire-horisontal-dobbel-a48k\/","og_site_name":"Leatai \u2013 Produsent av tilpassede notatb\u00f8ker","article_modified_time":"2026-03-17T05:55:30+00:00","og_image":[{"width":2312,"height":2140,"url":"https:\/\/leatai.com\/wp-content\/uploads\/2020_02_11_1100530.jpg","type":"image\/jpeg"}],"twitter_card":"summary_large_image","twitter_misc":{"Ansl. lesetid":"1 minutt"},"schema":{"@context":"https:\/\/schema.org","@graph":[{"@type":"WebPage","@id":"https:\/\/leatai.com\/no\/product\/indre-sideformat\/48k-indre-sider\/lgp-venstre-tre-hoyre-fire-horisontal-dobbel-a48k\/","url":"https:\/\/leatai.com\/no\/product\/indre-sideformat\/48k-indre-sider\/lgp-venstre-tre-hoyre-fire-horisontal-dobbel-a48k\/","name":"LGP\u2013venstre tre h\u00f8yre fire horisontal dobbel\u2013A48K - Innmat til forretningsdagbok - Leatai \u2013 Produsent av tilpassede notatb\u00f8ker","isPartOf":{"@id":"https:\/\/leatai.com\/no\/#website"},"primaryImageOfPage":{"@id":"https:\/\/leatai.com\/no\/product\/indre-sideformat\/48k-indre-sider\/lgp-venstre-tre-hoyre-fire-horisontal-dobbel-a48k\/#primaryimage"},"image":{"@id":"https:\/\/leatai.com\/no\/product\/indre-sideformat\/48k-indre-sider\/lgp-venstre-tre-hoyre-fire-horisontal-dobbel-a48k\/#primaryimage"},"thumbnailUrl":"https:\/\/leatai.com\/wp-content\/uploads\/2020_02_11_1100530.jpg","datePublished":"2021-06-24T05:17:30+00:00","dateModified":"2026-03-17T05:55:30+00:00","description":"Format for innersider i forretningsdagbok: venstre tre h\u00f8yre fire, papir: hvitt woodfree-papir, st\u00f8rrelse: 48K, tykkelse: 70 pund (80 ark \/ 160 sider per bok), trykk: tofarget, innhold: \u00e5rskalender + m\u00e5nedsplan + venstre side 3 dager h\u00f8yre side 4 dager + informasjonssider + bondens kalender.","breadcrumb":{"@id":"https:\/\/leatai.com\/no\/product\/indre-sideformat\/48k-indre-sider\/lgp-venstre-tre-hoyre-fire-horisontal-dobbel-a48k\/#breadcrumb"},"inLanguage":"nb-NO","potentialAction":[{"@type":"ReadAction","target":["https:\/\/leatai.com\/no\/product\/indre-sideformat\/48k-indre-sider\/lgp-venstre-tre-hoyre-fire-horisontal-dobbel-a48k\/"]}]},{"@type":"ImageObject","inLanguage":"nb-NO","@id":"https:\/\/leatai.com\/no\/product\/indre-sideformat\/48k-indre-sider\/lgp-venstre-tre-hoyre-fire-horisontal-dobbel-a48k\/#primaryimage","url":"https:\/\/leatai.com\/wp-content\/uploads\/2020_02_11_1100530.jpg","contentUrl":"https:\/\/leatai.com\/wp-content\/uploads\/2020_02_11_1100530.jpg","width":2312,"height":2140,"caption":"Innmat til forretningsdagbok"},{"@type":"BreadcrumbList","@id":"https:\/\/leatai.com\/no\/product\/indre-sideformat\/48k-indre-sider\/lgp-venstre-tre-hoyre-fire-horisontal-dobbel-a48k\/#breadcrumb","itemListElement":[{"@type":"ListItem","position":1,"name":"Home","item":"https:\/\/leatai.com\/no\/"},{"@type":"ListItem","position":2,"name":"Produktpresentasjon","item":"https:\/\/leatai.com\/products\/"},{"@type":"ListItem","position":3,"name":"Indre Sideformat","item":"https:\/\/leatai.com\/no\/produktkategori\/indre-sideformat\/"},{"@type":"ListItem","position":4,"name":"48K Indre Sider","item":"https:\/\/leatai.com\/no\/produktkategori\/indre-sideformat\/48k-indre-sider\/"},{"@type":"ListItem","position":5,"name":"LGP\u2013venstre tre h\u00f8yre fire horisontal dobbel\u2013A48K"}]},{"@type":"WebSite","@id":"https:\/\/leatai.com\/no\/#website","url":"https:\/\/leatai.com\/no\/","name":"Leatai \u2013 Produsent av tilpassede notatb\u00f8ker","description":"Leatai tilbyr tilpassede notatb\u00f8ker og planleggere til globale merkevarer og distribut\u00f8rer.","publisher":{"@id":"https:\/\/leatai.com\/no\/#organization"},"potentialAction":[{"@type":"SearchAction","target":{"@type":"EntryPoint","urlTemplate":"https:\/\/leatai.com\/no\/?s={search_term_string}"},"query-input":{"@type":"PropertyValueSpecification","valueRequired":true,"valueName":"search_term_string"}}],"inLanguage":"nb-NO"},{"@type":"Organization","@id":"https:\/\/leatai.com\/no\/#organization","name":"Leatai Diary, customized journal and business organizer","url":"https:\/\/leatai.com\/no\/","logo":{"@type":"ImageObject","inLanguage":"nb-NO","@id":"https:\/\/leatai.com\/no\/#\/schema\/logo\/image\/","url":"https:\/\/leatai.com\/wp-content\/uploads\/logo-blue.png","contentUrl":"https:\/\/leatai.com\/wp-content\/uploads\/logo-blue.png","width":230,"height":60,"caption":"Leatai Diary, customized journal and business organizer"},"image":{"@id":"https:\/\/leatai.com\/no\/#\/schema\/logo\/image\/"}}]}},"_links":{"self":[{"href":"https:\/\/leatai.com\/no\/wp-json\/wp\/v2\/product\/281285","targetHints":{"allow":["GET"]}}],"collection":[{"href":"https:\/\/leatai.com\/no\/wp-json\/wp\/v2\/product"}],"about":[{"href":"https:\/\/leatai.com\/no\/wp-json\/wp\/v2\/types\/product"}],"wp:featuredmedia":[{"embeddable":true,"href":"https:\/\/leatai.com\/no\/wp-json\/wp\/v2\/media\/281286"}],"wp:attachment":[{"href":"https:\/\/leatai.com\/no\/wp-json\/wp\/v2\/media?parent=281285"}],"wp:term":[{"taxonomy":"product_brand","embeddable":true,"href":"https:\/\/leatai.com\/no\/wp-json\/wp\/v2\/product_brand?post=281285"},{"taxonomy":"product_cat","embeddable":true,"href":"https:\/\/leatai.com\/no\/wp-json\/wp\/v2\/product_cat?post=281285"},{"taxonomy":"product_tag","embeddable":true,"href":"https:\/\/leatai.com\/no\/wp-json\/wp\/v2\/product_tag?post=281285"},{"taxonomy":"home_works","embeddable":true,"href":"https:\/\/leatai.com\/no\/wp-json\/wp\/v2\/home_works?post=281285"}],"curies":[{"name":"wp","href":"https:\/\/api.w.org\/{rel}","templated":true}]}}