{"id":281175,"date":"2021-06-24T13:17:30","date_gmt":"2021-06-24T05:17:30","guid":{"rendered":"https:\/\/leatai.com\/product\/ukategorisert\/lgp-venstre-tre-dager-hoyre-fire-dager-horisontal-a25k\/"},"modified":"2026-03-16T17:04:29","modified_gmt":"2026-03-16T09:04:29","slug":"lgp-venstre-tre-dager-hoyre-fire-dager-horisontal-a25k","status":"publish","type":"product","link":"https:\/\/leatai.com\/no\/product\/indre-sideformat\/a5-indre-sider\/lgp-venstre-tre-dager-hoyre-fire-dager-horisontal-a25k\/","title":{"rendered":"LGP \u2013 venstre tre dager, h\u00f8yre fire dager horisontal \u2013 A25K"},"content":{"rendered":"<p>Papir: hvitt Daolin-papir<br \/>\nSt\u00f8rrelse:<a href=\"https:\/\/leatai.com\/no\/faq\/hva-er-8k-16k-og-25k-planleggerstorrelser-hvor-store-er-de\/\" target=\"_blank\" rel=\"noopener\"> 25K (A5)<\/a> <a href=\"https:\/\/leatai.com\/no\/faq\/hva-er-8k-16k-og-25k-planleggerstorrelser-hvor-store-er-de\/\" target=\"_blank\" rel=\"noopener\">(detaljert forklaring og sammenligningstabell for st\u00f8rrelser p\u00e5 forretningsdagb\u00f8ker)<\/a><br \/>\nTykkelse: 80 pund (80 ark \/ 160 sider per bok)<br \/>\nTrykk: tofarget<br \/>\nInnhold: \u00e5rskalender + m\u00e5nedsplan + venstre side 3 dager, h\u00f8yre side 4 dager + informasjonssider<\/p>\n<p>P.1 Oversikt over fridager og h\u00f8ytider<br \/>\nP.2~P.3 \u00c5rskalender<br \/>\nP.4~P.5 \u00c5rsplan<br \/>\nP.6~P.29 M\u00e5nedsplan<br \/>\nP.30~135 Venstre side 3 dager, h\u00f8yre side 4 dager (innev\u00e6rende \u00e5r januar\u2013desember)<br \/>\nP.136~151 Informasjonssider (verdens landskoder og tidsforskjeller, postnumre, servicetelefonnumre, internasjonalt flyregister, omregningstabell for m\u00e5leenheter, volumtabell, transporttjenestetelefoner, MRT-kart, motorveikart, adressebok)<br \/>\nP.152~160 Linjerte notatsider<\/p>\n","protected":false},"excerpt":{"rendered":"<p>Papir: hvitt Daolin-papir St\u00f8rrelse: 25K (A5) (detaljert forklaring og sammenligningstabell for st\u00f8rrelser p\u00e5 forretningsdagb\u00f8ker) Tykkelse: 80 pund (80 ark \/ 160 sider per bok) Trykk: tofarget Innhold: \u00e5rskalender + m\u00e5nedsplan + venstre side 3 dager, h\u00f8yre side 4 dager + informasjonssider P.1 Oversikt over fridager og h\u00f8ytider P.2~P.3 \u00c5rskalender P.4~P.5 \u00c5rsplan P.6~P.29 M\u00e5nedsplan P.30~135 Venstre [&hellip;]<\/p>\n","protected":false},"featured_media":281179,"template":"","meta":{"_acf_changed":false},"product_brand":[],"product_cat":[976,1002],"product_tag":[1751,1752,1749],"home_works":[],"class_list":{"0":"post-281175","1":"product","2":"type-product","3":"status-publish","4":"has-post-thumbnail","6":"product_cat-indre-sideformat","7":"product_cat-a5-indre-sider","8":"product_tag-25k","9":"product_tag-a5","10":"product_tag-innmat-til-forretningsdagbok","12":"first","13":"instock","14":"sold-individually","15":"shipping-taxable","16":"purchasable","17":"product-type-simple"},"acf":[],"yoast_head":"<!-- This site is optimized with the Yoast SEO plugin v27.2 - https:\/\/yoast.com\/product\/yoast-seo-wordpress\/ -->\n<title>LGP \u2013 venstre tre dager, h\u00f8yre fire dager horisontal \u2013 A25K - Innmat til forretningsdagbok - Leatai \u2013 Produsent av tilpassede notatb\u00f8ker<\/title>\n<meta name=\"description\" content=\"Format for innholdssider i forretningsdagbok: venstre tre dager, h\u00f8yre fire dager (horisontal), papir: hvitt Daolin-papir, st\u00f8rrelse: 25K (A5), tykkelse: 80 pund (80 ark \/ 160 sider per bok), trykk: tofarget, innhold: \u00e5rskalender + m\u00e5nedsplan + venstre side 3 dager, h\u00f8yre side 4 dager + informasjonssider.\" \/>\n<meta name=\"robots\" content=\"index, follow, max-snippet:-1, max-image-preview:large, max-video-preview:-1\" \/>\n<link rel=\"canonical\" href=\"https:\/\/leatai.com\/no\/product\/indre-sideformat\/a5-indre-sider\/lgp-venstre-tre-dager-hoyre-fire-dager-horisontal-a25k\/\" \/>\n<meta property=\"og:locale\" content=\"nb_NO\" \/>\n<meta property=\"og:type\" content=\"article\" \/>\n<meta property=\"og:title\" content=\"LGP \u2013 venstre tre dager, h\u00f8yre fire dager horisontal \u2013 A25K - Innmat til forretningsdagbok - Leatai \u2013 Produsent av tilpassede notatb\u00f8ker\" \/>\n<meta property=\"og:description\" content=\"Format for innholdssider i forretningsdagbok: venstre tre dager, h\u00f8yre fire dager (horisontal), papir: hvitt Daolin-papir, st\u00f8rrelse: 25K (A5), tykkelse: 80 pund (80 ark \/ 160 sider per bok), trykk: tofarget, innhold: \u00e5rskalender + m\u00e5nedsplan + venstre side 3 dager, h\u00f8yre side 4 dager + informasjonssider.\" \/>\n<meta property=\"og:url\" content=\"https:\/\/leatai.com\/no\/product\/indre-sideformat\/a5-indre-sider\/lgp-venstre-tre-dager-hoyre-fire-dager-horisontal-a25k\/\" \/>\n<meta property=\"og:site_name\" content=\"Leatai \u2013 Produsent av tilpassede notatb\u00f8ker\" \/>\n<meta property=\"article:modified_time\" content=\"2026-03-16T09:04:29+00:00\" \/>\n<meta property=\"og:image\" content=\"https:\/\/leatai.com\/wp-content\/uploads\/\u5de6\u4e09\u53f3\u56db-01-1-scaled.jpg\" \/>\n\t<meta property=\"og:image:width\" content=\"2560\" \/>\n\t<meta property=\"og:image:height\" content=\"1776\" \/>\n\t<meta property=\"og:image:type\" content=\"image\/jpeg\" \/>\n<meta name=\"twitter:card\" content=\"summary_large_image\" \/>\n<meta name=\"twitter:label1\" content=\"Ansl. lesetid\" \/>\n\t<meta name=\"twitter:data1\" content=\"1 minutt\" \/>\n<script type=\"application\/ld+json\" class=\"yoast-schema-graph\">{\"@context\":\"https:\/\/schema.org\",\"@graph\":[{\"@type\":\"WebPage\",\"@id\":\"https:\/\/leatai.com\/no\/product\/indre-sideformat\/a5-indre-sider\/lgp-venstre-tre-dager-hoyre-fire-dager-horisontal-a25k\/\",\"url\":\"https:\/\/leatai.com\/no\/product\/indre-sideformat\/a5-indre-sider\/lgp-venstre-tre-dager-hoyre-fire-dager-horisontal-a25k\/\",\"name\":\"LGP \u2013 venstre tre dager, h\u00f8yre fire dager horisontal \u2013 A25K - Innmat til forretningsdagbok - Leatai \u2013 Produsent av tilpassede notatb\u00f8ker\",\"isPartOf\":{\"@id\":\"https:\/\/leatai.com\/no\/#website\"},\"primaryImageOfPage\":{\"@id\":\"https:\/\/leatai.com\/no\/product\/indre-sideformat\/a5-indre-sider\/lgp-venstre-tre-dager-hoyre-fire-dager-horisontal-a25k\/#primaryimage\"},\"image\":{\"@id\":\"https:\/\/leatai.com\/no\/product\/indre-sideformat\/a5-indre-sider\/lgp-venstre-tre-dager-hoyre-fire-dager-horisontal-a25k\/#primaryimage\"},\"thumbnailUrl\":\"https:\/\/leatai.com\/wp-content\/uploads\/\u5de6\u4e09\u53f3\u56db-01-1-scaled.jpg\",\"datePublished\":\"2021-06-24T05:17:30+00:00\",\"dateModified\":\"2026-03-16T09:04:29+00:00\",\"description\":\"Format for innholdssider i forretningsdagbok: venstre tre dager, h\u00f8yre fire dager (horisontal), papir: hvitt Daolin-papir, st\u00f8rrelse: 25K (A5), tykkelse: 80 pund (80 ark \/ 160 sider per bok), trykk: tofarget, innhold: \u00e5rskalender + m\u00e5nedsplan + venstre side 3 dager, h\u00f8yre side 4 dager + informasjonssider.\",\"breadcrumb\":{\"@id\":\"https:\/\/leatai.com\/no\/product\/indre-sideformat\/a5-indre-sider\/lgp-venstre-tre-dager-hoyre-fire-dager-horisontal-a25k\/#breadcrumb\"},\"inLanguage\":\"nb-NO\",\"potentialAction\":[{\"@type\":\"ReadAction\",\"target\":[\"https:\/\/leatai.com\/no\/product\/indre-sideformat\/a5-indre-sider\/lgp-venstre-tre-dager-hoyre-fire-dager-horisontal-a25k\/\"]}]},{\"@type\":\"ImageObject\",\"inLanguage\":\"nb-NO\",\"@id\":\"https:\/\/leatai.com\/no\/product\/indre-sideformat\/a5-indre-sider\/lgp-venstre-tre-dager-hoyre-fire-dager-horisontal-a25k\/#primaryimage\",\"url\":\"https:\/\/leatai.com\/wp-content\/uploads\/\u5de6\u4e09\u53f3\u56db-01-1-scaled.jpg\",\"contentUrl\":\"https:\/\/leatai.com\/wp-content\/uploads\/\u5de6\u4e09\u53f3\u56db-01-1-scaled.jpg\",\"width\":2560,\"height\":1776,\"caption\":\"Innmat til forretningsdagbok\"},{\"@type\":\"BreadcrumbList\",\"@id\":\"https:\/\/leatai.com\/no\/product\/indre-sideformat\/a5-indre-sider\/lgp-venstre-tre-dager-hoyre-fire-dager-horisontal-a25k\/#breadcrumb\",\"itemListElement\":[{\"@type\":\"ListItem\",\"position\":1,\"name\":\"Home\",\"item\":\"https:\/\/leatai.com\/no\/\"},{\"@type\":\"ListItem\",\"position\":2,\"name\":\"Produktpresentasjon\",\"item\":\"https:\/\/leatai.com\/products\/\"},{\"@type\":\"ListItem\",\"position\":3,\"name\":\"Indre Sideformat\",\"item\":\"https:\/\/leatai.com\/no\/produktkategori\/indre-sideformat\/\"},{\"@type\":\"ListItem\",\"position\":4,\"name\":\"A5 Indre Sider\",\"item\":\"https:\/\/leatai.com\/no\/produktkategori\/indre-sideformat\/a5-indre-sider\/\"},{\"@type\":\"ListItem\",\"position\":5,\"name\":\"LGP \u2013 venstre tre dager, h\u00f8yre fire dager horisontal \u2013 A25K\"}]},{\"@type\":\"WebSite\",\"@id\":\"https:\/\/leatai.com\/no\/#website\",\"url\":\"https:\/\/leatai.com\/no\/\",\"name\":\"Leatai \u2013 Produsent av tilpassede notatb\u00f8ker\",\"description\":\"Leatai tilbyr tilpassede notatb\u00f8ker og planleggere til globale merkevarer og distribut\u00f8rer.\",\"publisher\":{\"@id\":\"https:\/\/leatai.com\/no\/#organization\"},\"potentialAction\":[{\"@type\":\"SearchAction\",\"target\":{\"@type\":\"EntryPoint\",\"urlTemplate\":\"https:\/\/leatai.com\/no\/?s={search_term_string}\"},\"query-input\":{\"@type\":\"PropertyValueSpecification\",\"valueRequired\":true,\"valueName\":\"search_term_string\"}}],\"inLanguage\":\"nb-NO\"},{\"@type\":\"Organization\",\"@id\":\"https:\/\/leatai.com\/no\/#organization\",\"name\":\"Leatai Diary, customized journal and business organizer\",\"url\":\"https:\/\/leatai.com\/no\/\",\"logo\":{\"@type\":\"ImageObject\",\"inLanguage\":\"nb-NO\",\"@id\":\"https:\/\/leatai.com\/no\/#\/schema\/logo\/image\/\",\"url\":\"https:\/\/leatai.com\/wp-content\/uploads\/logo-blue.png\",\"contentUrl\":\"https:\/\/leatai.com\/wp-content\/uploads\/logo-blue.png\",\"width\":230,\"height\":60,\"caption\":\"Leatai Diary, customized journal and business organizer\"},\"image\":{\"@id\":\"https:\/\/leatai.com\/no\/#\/schema\/logo\/image\/\"}}]}<\/script>\n<!-- \/ Yoast SEO plugin. -->","yoast_head_json":{"title":"LGP \u2013 venstre tre dager, h\u00f8yre fire dager horisontal \u2013 A25K - Innmat til forretningsdagbok - Leatai \u2013 Produsent av tilpassede notatb\u00f8ker","description":"Format for innholdssider i forretningsdagbok: venstre tre dager, h\u00f8yre fire dager (horisontal), papir: hvitt Daolin-papir, st\u00f8rrelse: 25K (A5), tykkelse: 80 pund (80 ark \/ 160 sider per bok), trykk: tofarget, innhold: \u00e5rskalender + m\u00e5nedsplan + venstre side 3 dager, h\u00f8yre side 4 dager + informasjonssider.","robots":{"index":"index","follow":"follow","max-snippet":"max-snippet:-1","max-image-preview":"max-image-preview:large","max-video-preview":"max-video-preview:-1"},"canonical":"https:\/\/leatai.com\/no\/product\/indre-sideformat\/a5-indre-sider\/lgp-venstre-tre-dager-hoyre-fire-dager-horisontal-a25k\/","og_locale":"nb_NO","og_type":"article","og_title":"LGP \u2013 venstre tre dager, h\u00f8yre fire dager horisontal \u2013 A25K - Innmat til forretningsdagbok - Leatai \u2013 Produsent av tilpassede notatb\u00f8ker","og_description":"Format for innholdssider i forretningsdagbok: venstre tre dager, h\u00f8yre fire dager (horisontal), papir: hvitt Daolin-papir, st\u00f8rrelse: 25K (A5), tykkelse: 80 pund (80 ark \/ 160 sider per bok), trykk: tofarget, innhold: \u00e5rskalender + m\u00e5nedsplan + venstre side 3 dager, h\u00f8yre side 4 dager + informasjonssider.","og_url":"https:\/\/leatai.com\/no\/product\/indre-sideformat\/a5-indre-sider\/lgp-venstre-tre-dager-hoyre-fire-dager-horisontal-a25k\/","og_site_name":"Leatai \u2013 Produsent av tilpassede notatb\u00f8ker","article_modified_time":"2026-03-16T09:04:29+00:00","og_image":[{"width":2560,"height":1776,"url":"https:\/\/leatai.com\/wp-content\/uploads\/\u5de6\u4e09\u53f3\u56db-01-1-scaled.jpg","type":"image\/jpeg"}],"twitter_card":"summary_large_image","twitter_misc":{"Ansl. lesetid":"1 minutt"},"schema":{"@context":"https:\/\/schema.org","@graph":[{"@type":"WebPage","@id":"https:\/\/leatai.com\/no\/product\/indre-sideformat\/a5-indre-sider\/lgp-venstre-tre-dager-hoyre-fire-dager-horisontal-a25k\/","url":"https:\/\/leatai.com\/no\/product\/indre-sideformat\/a5-indre-sider\/lgp-venstre-tre-dager-hoyre-fire-dager-horisontal-a25k\/","name":"LGP \u2013 venstre tre dager, h\u00f8yre fire dager horisontal \u2013 A25K - Innmat til forretningsdagbok - Leatai \u2013 Produsent av tilpassede notatb\u00f8ker","isPartOf":{"@id":"https:\/\/leatai.com\/no\/#website"},"primaryImageOfPage":{"@id":"https:\/\/leatai.com\/no\/product\/indre-sideformat\/a5-indre-sider\/lgp-venstre-tre-dager-hoyre-fire-dager-horisontal-a25k\/#primaryimage"},"image":{"@id":"https:\/\/leatai.com\/no\/product\/indre-sideformat\/a5-indre-sider\/lgp-venstre-tre-dager-hoyre-fire-dager-horisontal-a25k\/#primaryimage"},"thumbnailUrl":"https:\/\/leatai.com\/wp-content\/uploads\/\u5de6\u4e09\u53f3\u56db-01-1-scaled.jpg","datePublished":"2021-06-24T05:17:30+00:00","dateModified":"2026-03-16T09:04:29+00:00","description":"Format for innholdssider i forretningsdagbok: venstre tre dager, h\u00f8yre fire dager (horisontal), papir: hvitt Daolin-papir, st\u00f8rrelse: 25K (A5), tykkelse: 80 pund (80 ark \/ 160 sider per bok), trykk: tofarget, innhold: \u00e5rskalender + m\u00e5nedsplan + venstre side 3 dager, h\u00f8yre side 4 dager + informasjonssider.","breadcrumb":{"@id":"https:\/\/leatai.com\/no\/product\/indre-sideformat\/a5-indre-sider\/lgp-venstre-tre-dager-hoyre-fire-dager-horisontal-a25k\/#breadcrumb"},"inLanguage":"nb-NO","potentialAction":[{"@type":"ReadAction","target":["https:\/\/leatai.com\/no\/product\/indre-sideformat\/a5-indre-sider\/lgp-venstre-tre-dager-hoyre-fire-dager-horisontal-a25k\/"]}]},{"@type":"ImageObject","inLanguage":"nb-NO","@id":"https:\/\/leatai.com\/no\/product\/indre-sideformat\/a5-indre-sider\/lgp-venstre-tre-dager-hoyre-fire-dager-horisontal-a25k\/#primaryimage","url":"https:\/\/leatai.com\/wp-content\/uploads\/\u5de6\u4e09\u53f3\u56db-01-1-scaled.jpg","contentUrl":"https:\/\/leatai.com\/wp-content\/uploads\/\u5de6\u4e09\u53f3\u56db-01-1-scaled.jpg","width":2560,"height":1776,"caption":"Innmat til forretningsdagbok"},{"@type":"BreadcrumbList","@id":"https:\/\/leatai.com\/no\/product\/indre-sideformat\/a5-indre-sider\/lgp-venstre-tre-dager-hoyre-fire-dager-horisontal-a25k\/#breadcrumb","itemListElement":[{"@type":"ListItem","position":1,"name":"Home","item":"https:\/\/leatai.com\/no\/"},{"@type":"ListItem","position":2,"name":"Produktpresentasjon","item":"https:\/\/leatai.com\/products\/"},{"@type":"ListItem","position":3,"name":"Indre Sideformat","item":"https:\/\/leatai.com\/no\/produktkategori\/indre-sideformat\/"},{"@type":"ListItem","position":4,"name":"A5 Indre Sider","item":"https:\/\/leatai.com\/no\/produktkategori\/indre-sideformat\/a5-indre-sider\/"},{"@type":"ListItem","position":5,"name":"LGP \u2013 venstre tre dager, h\u00f8yre fire dager horisontal \u2013 A25K"}]},{"@type":"WebSite","@id":"https:\/\/leatai.com\/no\/#website","url":"https:\/\/leatai.com\/no\/","name":"Leatai \u2013 Produsent av tilpassede notatb\u00f8ker","description":"Leatai tilbyr tilpassede notatb\u00f8ker og planleggere til globale merkevarer og distribut\u00f8rer.","publisher":{"@id":"https:\/\/leatai.com\/no\/#organization"},"potentialAction":[{"@type":"SearchAction","target":{"@type":"EntryPoint","urlTemplate":"https:\/\/leatai.com\/no\/?s={search_term_string}"},"query-input":{"@type":"PropertyValueSpecification","valueRequired":true,"valueName":"search_term_string"}}],"inLanguage":"nb-NO"},{"@type":"Organization","@id":"https:\/\/leatai.com\/no\/#organization","name":"Leatai Diary, customized journal and business organizer","url":"https:\/\/leatai.com\/no\/","logo":{"@type":"ImageObject","inLanguage":"nb-NO","@id":"https:\/\/leatai.com\/no\/#\/schema\/logo\/image\/","url":"https:\/\/leatai.com\/wp-content\/uploads\/logo-blue.png","contentUrl":"https:\/\/leatai.com\/wp-content\/uploads\/logo-blue.png","width":230,"height":60,"caption":"Leatai Diary, customized journal and business organizer"},"image":{"@id":"https:\/\/leatai.com\/no\/#\/schema\/logo\/image\/"}}]}},"_links":{"self":[{"href":"https:\/\/leatai.com\/no\/wp-json\/wp\/v2\/product\/281175","targetHints":{"allow":["GET"]}}],"collection":[{"href":"https:\/\/leatai.com\/no\/wp-json\/wp\/v2\/product"}],"about":[{"href":"https:\/\/leatai.com\/no\/wp-json\/wp\/v2\/types\/product"}],"wp:featuredmedia":[{"embeddable":true,"href":"https:\/\/leatai.com\/no\/wp-json\/wp\/v2\/media\/281179"}],"wp:attachment":[{"href":"https:\/\/leatai.com\/no\/wp-json\/wp\/v2\/media?parent=281175"}],"wp:term":[{"taxonomy":"product_brand","embeddable":true,"href":"https:\/\/leatai.com\/no\/wp-json\/wp\/v2\/product_brand?post=281175"},{"taxonomy":"product_cat","embeddable":true,"href":"https:\/\/leatai.com\/no\/wp-json\/wp\/v2\/product_cat?post=281175"},{"taxonomy":"product_tag","embeddable":true,"href":"https:\/\/leatai.com\/no\/wp-json\/wp\/v2\/product_tag?post=281175"},{"taxonomy":"home_works","embeddable":true,"href":"https:\/\/leatai.com\/no\/wp-json\/wp\/v2\/home_works?post=281175"}],"curies":[{"name":"wp","href":"https:\/\/api.w.org\/{rel}","templated":true}]}}