{"id":281094,"date":"2021-06-24T13:22:22","date_gmt":"2021-06-24T05:22:22","guid":{"rendered":"https:\/\/leatai.com\/product\/ukategorisert\/oem-for-maskinsom\/"},"modified":"2026-03-16T14:22:14","modified_gmt":"2026-03-16T06:22:14","slug":"oem-for-maskinsom","status":"publish","type":"product","link":"https:\/\/leatai.com\/no\/product\/annen-produksjon\/oem-for-maskinsom\/","title":{"rendered":"OEM for maskins\u00f8m"},"content":{"rendered":"<p>OEM-prosjekt: Maskins\u00f8m<br \/>\nBeskrivelse av innhold: I produksjonsprosessen av forretningsdagb\u00f8ker er maskins\u00f8m et ledd som lett blir oversett. De fleste produsenter setter dette arbeidet bort til eksterne leverand\u00f8rer. Leatai har maskins\u00f8mutstyr som kan sy tykke materialer, slik at ekte l\u00e6rprodukter kan fullf\u00f8res i en ett-stegs prosess fra m\u00f8nsterfremstilling og materialkutting til s\u00f8m.<\/p>\n<p><iframe title=\"Advanced Sewing Techniques\" width=\"800\" height=\"450\" src=\"https:\/\/www.youtube.com\/embed\/xzuFF4DMpJg?feature=oembed&#038;enablejsapi=1&#038;origin=https:\/\/leatai.com\" frameborder=\"0\" allow=\"accelerometer; autoplay; clipboard-write; encrypted-media; gyroscope; picture-in-picture; web-share\" referrerpolicy=\"strict-origin-when-cross-origin\" allowfullscreen><\/iframe><\/p>\n","protected":false},"excerpt":{"rendered":"<p>OEM-prosjekt: Maskins\u00f8m Beskrivelse av innhold: I produksjonsprosessen av forretningsdagb\u00f8ker er maskins\u00f8m et ledd som lett blir oversett. De fleste produsenter setter dette arbeidet bort til eksterne leverand\u00f8rer. Leatai har maskins\u00f8mutstyr som kan sy tykke materialer, slik at ekte l\u00e6rprodukter kan fullf\u00f8res i en ett-stegs prosess fra m\u00f8nsterfremstilling og materialkutting til s\u00f8m.<\/p>\n","protected":false},"featured_media":281095,"template":"","meta":{"_acf_changed":false},"product_brand":[],"product_cat":[1158],"product_tag":[],"home_works":[],"class_list":{"0":"post-281094","1":"product","2":"type-product","3":"status-publish","4":"has-post-thumbnail","6":"product_cat-annen-produksjon","8":"first","9":"instock","10":"sold-individually","11":"shipping-taxable","12":"purchasable","13":"product-type-variable","14":"has-default-attributes"},"acf":[],"yoast_head":"<!-- This site is optimized with the Yoast SEO plugin v27.2 - https:\/\/yoast.com\/product\/yoast-seo-wordpress\/ -->\n<title>OEM for maskins\u00f8m - Ekte tykt l\u00e6r er heller ikke noe \u00e5 bekymre seg for - Leatai \u2013 Produsent av tilpassede notatb\u00f8ker<\/title>\n<meta name=\"description\" content=\"OEM-prosjekt: Maskins\u00f8m Beskrivelse av innhold: I produksjonsprosessen av forretningsdagb\u00f8ker er maskins\u00f8m et ledd som lett blir oversett. De fleste produsenter setter dette arbeidet bort til eksterne leverand\u00f8rer. Leatai har maskins\u00f8mutstyr som kan sy tykke materialer, slik at ekte l\u00e6rprodukter kan fullf\u00f8res i en ett-stegs prosess fra m\u00f8nsterfremstilling og materialkutting til s\u00f8m.\" \/>\n<meta name=\"robots\" content=\"index, follow, max-snippet:-1, max-image-preview:large, max-video-preview:-1\" \/>\n<link rel=\"canonical\" href=\"https:\/\/leatai.com\/no\/product\/annen-produksjon\/oem-for-maskinsom\/\" \/>\n<meta property=\"og:locale\" content=\"nb_NO\" \/>\n<meta property=\"og:type\" content=\"article\" \/>\n<meta property=\"og:title\" content=\"OEM for maskins\u00f8m - Ekte tykt l\u00e6r er heller ikke noe \u00e5 bekymre seg for - Leatai \u2013 Produsent av tilpassede notatb\u00f8ker\" \/>\n<meta property=\"og:description\" content=\"OEM-prosjekt: Maskins\u00f8m Beskrivelse av innhold: I produksjonsprosessen av forretningsdagb\u00f8ker er maskins\u00f8m et ledd som lett blir oversett. De fleste produsenter setter dette arbeidet bort til eksterne leverand\u00f8rer. Leatai har maskins\u00f8mutstyr som kan sy tykke materialer, slik at ekte l\u00e6rprodukter kan fullf\u00f8res i en ett-stegs prosess fra m\u00f8nsterfremstilling og materialkutting til s\u00f8m.\" \/>\n<meta property=\"og:url\" content=\"https:\/\/leatai.com\/no\/product\/annen-produksjon\/oem-for-maskinsom\/\" \/>\n<meta property=\"og:site_name\" content=\"Leatai \u2013 Produsent av tilpassede notatb\u00f8ker\" \/>\n<meta property=\"article:modified_time\" content=\"2026-03-16T06:22:14+00:00\" \/>\n<meta property=\"og:image\" content=\"https:\/\/leatai.com\/wp-content\/uploads\/2016_01_20_1501290.jpg\" \/>\n\t<meta property=\"og:image:width\" content=\"1000\" \/>\n\t<meta property=\"og:image:height\" content=\"750\" \/>\n\t<meta property=\"og:image:type\" content=\"image\/jpeg\" \/>\n<meta name=\"twitter:card\" content=\"summary_large_image\" \/>\n<meta name=\"twitter:label1\" content=\"Ansl. lesetid\" \/>\n\t<meta name=\"twitter:data1\" content=\"1 minutt\" \/>\n<script type=\"application\/ld+json\" class=\"yoast-schema-graph\">{\"@context\":\"https:\/\/schema.org\",\"@graph\":[{\"@type\":\"WebPage\",\"@id\":\"https:\/\/leatai.com\/no\/product\/annen-produksjon\/oem-for-maskinsom\/\",\"url\":\"https:\/\/leatai.com\/no\/product\/annen-produksjon\/oem-for-maskinsom\/\",\"name\":\"OEM for maskins\u00f8m - Ekte tykt l\u00e6r er heller ikke noe \u00e5 bekymre seg for - Leatai \u2013 Produsent av tilpassede notatb\u00f8ker\",\"isPartOf\":{\"@id\":\"https:\/\/leatai.com\/no\/#website\"},\"primaryImageOfPage\":{\"@id\":\"https:\/\/leatai.com\/no\/product\/annen-produksjon\/oem-for-maskinsom\/#primaryimage\"},\"image\":{\"@id\":\"https:\/\/leatai.com\/no\/product\/annen-produksjon\/oem-for-maskinsom\/#primaryimage\"},\"thumbnailUrl\":\"https:\/\/leatai.com\/wp-content\/uploads\/2016_01_20_1501290.jpg\",\"datePublished\":\"2021-06-24T05:22:22+00:00\",\"dateModified\":\"2026-03-16T06:22:14+00:00\",\"description\":\"OEM-prosjekt: Maskins\u00f8m Beskrivelse av innhold: I produksjonsprosessen av forretningsdagb\u00f8ker er maskins\u00f8m et ledd som lett blir oversett. De fleste produsenter setter dette arbeidet bort til eksterne leverand\u00f8rer. Leatai har maskins\u00f8mutstyr som kan sy tykke materialer, slik at ekte l\u00e6rprodukter kan fullf\u00f8res i en ett-stegs prosess fra m\u00f8nsterfremstilling og materialkutting til s\u00f8m.\",\"breadcrumb\":{\"@id\":\"https:\/\/leatai.com\/no\/product\/annen-produksjon\/oem-for-maskinsom\/#breadcrumb\"},\"inLanguage\":\"nb-NO\",\"potentialAction\":[{\"@type\":\"ReadAction\",\"target\":[\"https:\/\/leatai.com\/no\/product\/annen-produksjon\/oem-for-maskinsom\/\"]}]},{\"@type\":\"ImageObject\",\"inLanguage\":\"nb-NO\",\"@id\":\"https:\/\/leatai.com\/no\/product\/annen-produksjon\/oem-for-maskinsom\/#primaryimage\",\"url\":\"https:\/\/leatai.com\/wp-content\/uploads\/2016_01_20_1501290.jpg\",\"contentUrl\":\"https:\/\/leatai.com\/wp-content\/uploads\/2016_01_20_1501290.jpg\",\"width\":1000,\"height\":750,\"caption\":\"OEM for maskins\u00f8m\"},{\"@type\":\"BreadcrumbList\",\"@id\":\"https:\/\/leatai.com\/no\/product\/annen-produksjon\/oem-for-maskinsom\/#breadcrumb\",\"itemListElement\":[{\"@type\":\"ListItem\",\"position\":1,\"name\":\"Home\",\"item\":\"https:\/\/leatai.com\/no\/\"},{\"@type\":\"ListItem\",\"position\":2,\"name\":\"Produktpresentasjon\",\"item\":\"https:\/\/leatai.com\/products\/\"},{\"@type\":\"ListItem\",\"position\":3,\"name\":\"Annen produksjon\",\"item\":\"https:\/\/leatai.com\/no\/produktkategori\/annen-produksjon\/\"},{\"@type\":\"ListItem\",\"position\":4,\"name\":\"OEM for maskins\u00f8m\"}]},{\"@type\":\"WebSite\",\"@id\":\"https:\/\/leatai.com\/no\/#website\",\"url\":\"https:\/\/leatai.com\/no\/\",\"name\":\"Leatai \u2013 Produsent av tilpassede notatb\u00f8ker\",\"description\":\"Leatai tilbyr tilpassede notatb\u00f8ker og planleggere til globale merkevarer og distribut\u00f8rer.\",\"publisher\":{\"@id\":\"https:\/\/leatai.com\/no\/#organization\"},\"potentialAction\":[{\"@type\":\"SearchAction\",\"target\":{\"@type\":\"EntryPoint\",\"urlTemplate\":\"https:\/\/leatai.com\/no\/?s={search_term_string}\"},\"query-input\":{\"@type\":\"PropertyValueSpecification\",\"valueRequired\":true,\"valueName\":\"search_term_string\"}}],\"inLanguage\":\"nb-NO\"},{\"@type\":\"Organization\",\"@id\":\"https:\/\/leatai.com\/no\/#organization\",\"name\":\"Leatai Diary, customized journal and business organizer\",\"url\":\"https:\/\/leatai.com\/no\/\",\"logo\":{\"@type\":\"ImageObject\",\"inLanguage\":\"nb-NO\",\"@id\":\"https:\/\/leatai.com\/no\/#\/schema\/logo\/image\/\",\"url\":\"https:\/\/leatai.com\/wp-content\/uploads\/logo-blue.png\",\"contentUrl\":\"https:\/\/leatai.com\/wp-content\/uploads\/logo-blue.png\",\"width\":230,\"height\":60,\"caption\":\"Leatai Diary, customized journal and business organizer\"},\"image\":{\"@id\":\"https:\/\/leatai.com\/no\/#\/schema\/logo\/image\/\"},\"telephone\":\"+886-2-8227-8800\",\"legalName\":\"Leatai Stationary Co., Ltd.\",\"description\":\"A leading notebook factory in Taiwan offering bespoke branding, high-quality binding, and premium paper selections for corporate gifts and stationery wholesale.\",\"address\":{\"@type\":\"PostalAddress\",\"streetAddress\":\"11F., No. 168, Jiankang Rd.\",\"addressLocality\":\"Zhonghe Dist.\",\"addressRegion\":\"New Taipei City\",\"postalCode\":\"235\",\"addressCountry\":\"TW\"},\"contactPoint\":{\"@type\":\"ContactPoint\",\"telephone\":\"+886-2-8227-8800\",\"contactType\":\"sales\",\"areaServed\":\"Worldwide\",\"availableLanguage\":[\"zh-TW\",\"en\"]}}]}<\/script>\n<!-- \/ Yoast SEO plugin. -->","yoast_head_json":{"title":"OEM for maskins\u00f8m - Ekte tykt l\u00e6r er heller ikke noe \u00e5 bekymre seg for - Leatai \u2013 Produsent av tilpassede notatb\u00f8ker","description":"OEM-prosjekt: Maskins\u00f8m Beskrivelse av innhold: I produksjonsprosessen av forretningsdagb\u00f8ker er maskins\u00f8m et ledd som lett blir oversett. De fleste produsenter setter dette arbeidet bort til eksterne leverand\u00f8rer. Leatai har maskins\u00f8mutstyr som kan sy tykke materialer, slik at ekte l\u00e6rprodukter kan fullf\u00f8res i en ett-stegs prosess fra m\u00f8nsterfremstilling og materialkutting til s\u00f8m.","robots":{"index":"index","follow":"follow","max-snippet":"max-snippet:-1","max-image-preview":"max-image-preview:large","max-video-preview":"max-video-preview:-1"},"canonical":"https:\/\/leatai.com\/no\/product\/annen-produksjon\/oem-for-maskinsom\/","og_locale":"nb_NO","og_type":"article","og_title":"OEM for maskins\u00f8m - Ekte tykt l\u00e6r er heller ikke noe \u00e5 bekymre seg for - Leatai \u2013 Produsent av tilpassede notatb\u00f8ker","og_description":"OEM-prosjekt: Maskins\u00f8m Beskrivelse av innhold: I produksjonsprosessen av forretningsdagb\u00f8ker er maskins\u00f8m et ledd som lett blir oversett. De fleste produsenter setter dette arbeidet bort til eksterne leverand\u00f8rer. Leatai har maskins\u00f8mutstyr som kan sy tykke materialer, slik at ekte l\u00e6rprodukter kan fullf\u00f8res i en ett-stegs prosess fra m\u00f8nsterfremstilling og materialkutting til s\u00f8m.","og_url":"https:\/\/leatai.com\/no\/product\/annen-produksjon\/oem-for-maskinsom\/","og_site_name":"Leatai \u2013 Produsent av tilpassede notatb\u00f8ker","article_modified_time":"2026-03-16T06:22:14+00:00","og_image":[{"width":1000,"height":750,"url":"https:\/\/leatai.com\/wp-content\/uploads\/2016_01_20_1501290.jpg","type":"image\/jpeg"}],"twitter_card":"summary_large_image","twitter_misc":{"Ansl. lesetid":"1 minutt"},"schema":{"@context":"https:\/\/schema.org","@graph":[{"@type":"WebPage","@id":"https:\/\/leatai.com\/no\/product\/annen-produksjon\/oem-for-maskinsom\/","url":"https:\/\/leatai.com\/no\/product\/annen-produksjon\/oem-for-maskinsom\/","name":"OEM for maskins\u00f8m - Ekte tykt l\u00e6r er heller ikke noe \u00e5 bekymre seg for - Leatai \u2013 Produsent av tilpassede notatb\u00f8ker","isPartOf":{"@id":"https:\/\/leatai.com\/no\/#website"},"primaryImageOfPage":{"@id":"https:\/\/leatai.com\/no\/product\/annen-produksjon\/oem-for-maskinsom\/#primaryimage"},"image":{"@id":"https:\/\/leatai.com\/no\/product\/annen-produksjon\/oem-for-maskinsom\/#primaryimage"},"thumbnailUrl":"https:\/\/leatai.com\/wp-content\/uploads\/2016_01_20_1501290.jpg","datePublished":"2021-06-24T05:22:22+00:00","dateModified":"2026-03-16T06:22:14+00:00","description":"OEM-prosjekt: Maskins\u00f8m Beskrivelse av innhold: I produksjonsprosessen av forretningsdagb\u00f8ker er maskins\u00f8m et ledd som lett blir oversett. De fleste produsenter setter dette arbeidet bort til eksterne leverand\u00f8rer. Leatai har maskins\u00f8mutstyr som kan sy tykke materialer, slik at ekte l\u00e6rprodukter kan fullf\u00f8res i en ett-stegs prosess fra m\u00f8nsterfremstilling og materialkutting til s\u00f8m.","breadcrumb":{"@id":"https:\/\/leatai.com\/no\/product\/annen-produksjon\/oem-for-maskinsom\/#breadcrumb"},"inLanguage":"nb-NO","potentialAction":[{"@type":"ReadAction","target":["https:\/\/leatai.com\/no\/product\/annen-produksjon\/oem-for-maskinsom\/"]}]},{"@type":"ImageObject","inLanguage":"nb-NO","@id":"https:\/\/leatai.com\/no\/product\/annen-produksjon\/oem-for-maskinsom\/#primaryimage","url":"https:\/\/leatai.com\/wp-content\/uploads\/2016_01_20_1501290.jpg","contentUrl":"https:\/\/leatai.com\/wp-content\/uploads\/2016_01_20_1501290.jpg","width":1000,"height":750,"caption":"OEM for maskins\u00f8m"},{"@type":"BreadcrumbList","@id":"https:\/\/leatai.com\/no\/product\/annen-produksjon\/oem-for-maskinsom\/#breadcrumb","itemListElement":[{"@type":"ListItem","position":1,"name":"Home","item":"https:\/\/leatai.com\/no\/"},{"@type":"ListItem","position":2,"name":"Produktpresentasjon","item":"https:\/\/leatai.com\/products\/"},{"@type":"ListItem","position":3,"name":"Annen produksjon","item":"https:\/\/leatai.com\/no\/produktkategori\/annen-produksjon\/"},{"@type":"ListItem","position":4,"name":"OEM for maskins\u00f8m"}]},{"@type":"WebSite","@id":"https:\/\/leatai.com\/no\/#website","url":"https:\/\/leatai.com\/no\/","name":"Leatai \u2013 Produsent av tilpassede notatb\u00f8ker","description":"Leatai tilbyr tilpassede notatb\u00f8ker og planleggere til globale merkevarer og distribut\u00f8rer.","publisher":{"@id":"https:\/\/leatai.com\/no\/#organization"},"potentialAction":[{"@type":"SearchAction","target":{"@type":"EntryPoint","urlTemplate":"https:\/\/leatai.com\/no\/?s={search_term_string}"},"query-input":{"@type":"PropertyValueSpecification","valueRequired":true,"valueName":"search_term_string"}}],"inLanguage":"nb-NO"},{"@type":"Organization","@id":"https:\/\/leatai.com\/no\/#organization","name":"Leatai Diary, customized journal and business organizer","url":"https:\/\/leatai.com\/no\/","logo":{"@type":"ImageObject","inLanguage":"nb-NO","@id":"https:\/\/leatai.com\/no\/#\/schema\/logo\/image\/","url":"https:\/\/leatai.com\/wp-content\/uploads\/logo-blue.png","contentUrl":"https:\/\/leatai.com\/wp-content\/uploads\/logo-blue.png","width":230,"height":60,"caption":"Leatai Diary, customized journal and business organizer"},"image":{"@id":"https:\/\/leatai.com\/no\/#\/schema\/logo\/image\/"},"telephone":"+886-2-8227-8800","legalName":"Leatai Stationary Co., Ltd.","description":"A leading notebook factory in Taiwan offering bespoke branding, high-quality binding, and premium paper selections for corporate gifts and stationery wholesale.","address":{"@type":"PostalAddress","streetAddress":"11F., No. 168, Jiankang Rd.","addressLocality":"Zhonghe Dist.","addressRegion":"New Taipei City","postalCode":"235","addressCountry":"TW"},"contactPoint":{"@type":"ContactPoint","telephone":"+886-2-8227-8800","contactType":"sales","areaServed":"Worldwide","availableLanguage":["zh-TW","en"]}}]}},"_links":{"self":[{"href":"https:\/\/leatai.com\/no\/wp-json\/wp\/v2\/product\/281094","targetHints":{"allow":["GET"]}}],"collection":[{"href":"https:\/\/leatai.com\/no\/wp-json\/wp\/v2\/product"}],"about":[{"href":"https:\/\/leatai.com\/no\/wp-json\/wp\/v2\/types\/product"}],"wp:featuredmedia":[{"embeddable":true,"href":"https:\/\/leatai.com\/no\/wp-json\/wp\/v2\/media\/281095"}],"wp:attachment":[{"href":"https:\/\/leatai.com\/no\/wp-json\/wp\/v2\/media?parent=281094"}],"wp:term":[{"taxonomy":"product_brand","embeddable":true,"href":"https:\/\/leatai.com\/no\/wp-json\/wp\/v2\/product_brand?post=281094"},{"taxonomy":"product_cat","embeddable":true,"href":"https:\/\/leatai.com\/no\/wp-json\/wp\/v2\/product_cat?post=281094"},{"taxonomy":"product_tag","embeddable":true,"href":"https:\/\/leatai.com\/no\/wp-json\/wp\/v2\/product_tag?post=281094"},{"taxonomy":"home_works","embeddable":true,"href":"https:\/\/leatai.com\/no\/wp-json\/wp\/v2\/home_works?post=281094"}],"curies":[{"name":"wp","href":"https:\/\/api.w.org\/{rel}","templated":true}]}}