{"id":281059,"date":"2021-06-24T13:22:22","date_gmt":"2021-06-24T05:22:22","guid":{"rendered":"https:\/\/leatai.com\/product\/ukategorisert\/oem-for-varmepreging-og-brennstempling\/"},"modified":"2026-03-16T14:24:21","modified_gmt":"2026-03-16T06:24:21","slug":"oem-for-varmepreging-og-brennstempling","status":"publish","type":"product","link":"https:\/\/leatai.com\/no\/product\/annen-produksjon\/oem-for-varmepreging-og-brennstempling\/","title":{"rendered":"OEM for varmepreging og brennstempling"},"content":{"rendered":"<p>OEM-prosjekt: Varmepreging, brennstempling<br \/>\nBeskrivelse av innhold: Etter at sinkplaten er laget, formes det ved oppvarming og trykk p\u00e5 l\u00e6rmateriale eller papir. Valget av gullfolie varierer etter materialtype, og hvert materiale har forskjellig tilpasningsevne. Brennstempling bygger p\u00e5 samme prinsipp, og l\u00e6ret vil ikke n\u00f8dvendigvis endre farge.<\/p>\n","protected":false},"excerpt":{"rendered":"<p>OEM for varmepreging og brennstempling<\/p>\n","protected":false},"featured_media":281060,"template":"","meta":{"_acf_changed":false},"product_brand":[],"product_cat":[1158],"product_tag":[],"home_works":[],"class_list":{"0":"post-281059","1":"product","2":"type-product","3":"status-publish","4":"has-post-thumbnail","6":"product_cat-annen-produksjon","8":"first","9":"instock","10":"sold-individually","11":"shipping-taxable","12":"purchasable","13":"product-type-variable","14":"has-default-attributes"},"acf":[],"yoast_head":"<!-- This site is optimized with the Yoast SEO plugin v27.2 - https:\/\/yoast.com\/product\/yoast-seo-wordpress\/ -->\n<title>OEM for varmepreging og brennstempling - Leatai \u2013 Produsent av tilpassede notatb\u00f8ker<\/title>\n<meta name=\"description\" content=\"OEM-prosjekt: Varmepreging, brennstempling Beskrivelse av innhold: Etter at sinkplaten er laget, formes det ved oppvarming og trykk p\u00e5 l\u00e6rmateriale eller papir. Valget av gullfolie varierer etter materialtype, og hvert materiale har forskjellig tilpasningsevne. Brennstempling bygger p\u00e5 samme prinsipp, og l\u00e6ret vil ikke n\u00f8dvendigvis endre farge.\" \/>\n<meta name=\"robots\" content=\"index, follow, max-snippet:-1, max-image-preview:large, max-video-preview:-1\" \/>\n<link rel=\"canonical\" href=\"https:\/\/leatai.com\/no\/product\/annen-produksjon\/oem-for-varmepreging-og-brennstempling\/\" \/>\n<meta property=\"og:locale\" content=\"nb_NO\" \/>\n<meta property=\"og:type\" content=\"article\" \/>\n<meta property=\"og:title\" content=\"OEM for varmepreging og brennstempling - Leatai \u2013 Produsent av tilpassede notatb\u00f8ker\" \/>\n<meta property=\"og:description\" content=\"OEM-prosjekt: Varmepreging, brennstempling Beskrivelse av innhold: Etter at sinkplaten er laget, formes det ved oppvarming og trykk p\u00e5 l\u00e6rmateriale eller papir. Valget av gullfolie varierer etter materialtype, og hvert materiale har forskjellig tilpasningsevne. Brennstempling bygger p\u00e5 samme prinsipp, og l\u00e6ret vil ikke n\u00f8dvendigvis endre farge.\" \/>\n<meta property=\"og:url\" content=\"https:\/\/leatai.com\/no\/product\/annen-produksjon\/oem-for-varmepreging-og-brennstempling\/\" \/>\n<meta property=\"og:site_name\" content=\"Leatai \u2013 Produsent av tilpassede notatb\u00f8ker\" \/>\n<meta property=\"article:modified_time\" content=\"2026-03-16T06:24:21+00:00\" \/>\n<meta property=\"og:image\" content=\"https:\/\/leatai.com\/wp-content\/uploads\/2016_01_20_1505510.jpg\" \/>\n\t<meta property=\"og:image:width\" content=\"1000\" \/>\n\t<meta property=\"og:image:height\" content=\"750\" \/>\n\t<meta property=\"og:image:type\" content=\"image\/jpeg\" \/>\n<meta name=\"twitter:card\" content=\"summary_large_image\" \/>\n<meta name=\"twitter:label1\" content=\"Ansl. lesetid\" \/>\n\t<meta name=\"twitter:data1\" content=\"1 minutt\" \/>\n<script type=\"application\/ld+json\" class=\"yoast-schema-graph\">{\"@context\":\"https:\/\/schema.org\",\"@graph\":[{\"@type\":\"WebPage\",\"@id\":\"https:\/\/leatai.com\/no\/product\/annen-produksjon\/oem-for-varmepreging-og-brennstempling\/\",\"url\":\"https:\/\/leatai.com\/no\/product\/annen-produksjon\/oem-for-varmepreging-og-brennstempling\/\",\"name\":\"OEM for varmepreging og brennstempling - Leatai \u2013 Produsent av tilpassede notatb\u00f8ker\",\"isPartOf\":{\"@id\":\"https:\/\/leatai.com\/no\/#website\"},\"primaryImageOfPage\":{\"@id\":\"https:\/\/leatai.com\/no\/product\/annen-produksjon\/oem-for-varmepreging-og-brennstempling\/#primaryimage\"},\"image\":{\"@id\":\"https:\/\/leatai.com\/no\/product\/annen-produksjon\/oem-for-varmepreging-og-brennstempling\/#primaryimage\"},\"thumbnailUrl\":\"https:\/\/leatai.com\/wp-content\/uploads\/2016_01_20_1505510.jpg\",\"datePublished\":\"2021-06-24T05:22:22+00:00\",\"dateModified\":\"2026-03-16T06:24:21+00:00\",\"description\":\"OEM-prosjekt: Varmepreging, brennstempling Beskrivelse av innhold: Etter at sinkplaten er laget, formes det ved oppvarming og trykk p\u00e5 l\u00e6rmateriale eller papir. Valget av gullfolie varierer etter materialtype, og hvert materiale har forskjellig tilpasningsevne. Brennstempling bygger p\u00e5 samme prinsipp, og l\u00e6ret vil ikke n\u00f8dvendigvis endre farge.\",\"breadcrumb\":{\"@id\":\"https:\/\/leatai.com\/no\/product\/annen-produksjon\/oem-for-varmepreging-og-brennstempling\/#breadcrumb\"},\"inLanguage\":\"nb-NO\",\"potentialAction\":[{\"@type\":\"ReadAction\",\"target\":[\"https:\/\/leatai.com\/no\/product\/annen-produksjon\/oem-for-varmepreging-og-brennstempling\/\"]}]},{\"@type\":\"ImageObject\",\"inLanguage\":\"nb-NO\",\"@id\":\"https:\/\/leatai.com\/no\/product\/annen-produksjon\/oem-for-varmepreging-og-brennstempling\/#primaryimage\",\"url\":\"https:\/\/leatai.com\/wp-content\/uploads\/2016_01_20_1505510.jpg\",\"contentUrl\":\"https:\/\/leatai.com\/wp-content\/uploads\/2016_01_20_1505510.jpg\",\"width\":1000,\"height\":750,\"caption\":\"OEM for varmepreging og brennstempling\"},{\"@type\":\"BreadcrumbList\",\"@id\":\"https:\/\/leatai.com\/no\/product\/annen-produksjon\/oem-for-varmepreging-og-brennstempling\/#breadcrumb\",\"itemListElement\":[{\"@type\":\"ListItem\",\"position\":1,\"name\":\"Home\",\"item\":\"https:\/\/leatai.com\/no\/\"},{\"@type\":\"ListItem\",\"position\":2,\"name\":\"Produktpresentasjon\",\"item\":\"https:\/\/leatai.com\/products\/\"},{\"@type\":\"ListItem\",\"position\":3,\"name\":\"Annen produksjon\",\"item\":\"https:\/\/leatai.com\/no\/produktkategori\/annen-produksjon\/\"},{\"@type\":\"ListItem\",\"position\":4,\"name\":\"OEM for varmepreging og brennstempling\"}]},{\"@type\":\"WebSite\",\"@id\":\"https:\/\/leatai.com\/no\/#website\",\"url\":\"https:\/\/leatai.com\/no\/\",\"name\":\"Leatai \u2013 Produsent av tilpassede notatb\u00f8ker\",\"description\":\"Leatai tilbyr tilpassede notatb\u00f8ker og planleggere til globale merkevarer og distribut\u00f8rer.\",\"publisher\":{\"@id\":\"https:\/\/leatai.com\/no\/#organization\"},\"potentialAction\":[{\"@type\":\"SearchAction\",\"target\":{\"@type\":\"EntryPoint\",\"urlTemplate\":\"https:\/\/leatai.com\/no\/?s={search_term_string}\"},\"query-input\":{\"@type\":\"PropertyValueSpecification\",\"valueRequired\":true,\"valueName\":\"search_term_string\"}}],\"inLanguage\":\"nb-NO\"},{\"@type\":\"Organization\",\"@id\":\"https:\/\/leatai.com\/no\/#organization\",\"name\":\"Leatai Diary, customized journal and business organizer\",\"url\":\"https:\/\/leatai.com\/no\/\",\"logo\":{\"@type\":\"ImageObject\",\"inLanguage\":\"nb-NO\",\"@id\":\"https:\/\/leatai.com\/no\/#\/schema\/logo\/image\/\",\"url\":\"https:\/\/leatai.com\/wp-content\/uploads\/logo-blue.png\",\"contentUrl\":\"https:\/\/leatai.com\/wp-content\/uploads\/logo-blue.png\",\"width\":230,\"height\":60,\"caption\":\"Leatai Diary, customized journal and business organizer\"},\"image\":{\"@id\":\"https:\/\/leatai.com\/no\/#\/schema\/logo\/image\/\"},\"telephone\":\"+886-2-8227-8800\",\"legalName\":\"Leatai Stationary Co., Ltd.\",\"description\":\"A leading notebook factory in Taiwan offering bespoke branding, high-quality binding, and premium paper selections for corporate gifts and stationery wholesale.\",\"address\":{\"@type\":\"PostalAddress\",\"streetAddress\":\"11F., No. 168, Jiankang Rd.\",\"addressLocality\":\"Zhonghe Dist.\",\"addressRegion\":\"New Taipei City\",\"postalCode\":\"235\",\"addressCountry\":\"TW\"},\"contactPoint\":{\"@type\":\"ContactPoint\",\"telephone\":\"+886-2-8227-8800\",\"contactType\":\"sales\",\"areaServed\":\"Worldwide\",\"availableLanguage\":[\"zh-TW\",\"en\"]}}]}<\/script>\n<!-- \/ Yoast SEO plugin. -->","yoast_head_json":{"title":"OEM for varmepreging og brennstempling - Leatai \u2013 Produsent av tilpassede notatb\u00f8ker","description":"OEM-prosjekt: Varmepreging, brennstempling Beskrivelse av innhold: Etter at sinkplaten er laget, formes det ved oppvarming og trykk p\u00e5 l\u00e6rmateriale eller papir. Valget av gullfolie varierer etter materialtype, og hvert materiale har forskjellig tilpasningsevne. Brennstempling bygger p\u00e5 samme prinsipp, og l\u00e6ret vil ikke n\u00f8dvendigvis endre farge.","robots":{"index":"index","follow":"follow","max-snippet":"max-snippet:-1","max-image-preview":"max-image-preview:large","max-video-preview":"max-video-preview:-1"},"canonical":"https:\/\/leatai.com\/no\/product\/annen-produksjon\/oem-for-varmepreging-og-brennstempling\/","og_locale":"nb_NO","og_type":"article","og_title":"OEM for varmepreging og brennstempling - Leatai \u2013 Produsent av tilpassede notatb\u00f8ker","og_description":"OEM-prosjekt: Varmepreging, brennstempling Beskrivelse av innhold: Etter at sinkplaten er laget, formes det ved oppvarming og trykk p\u00e5 l\u00e6rmateriale eller papir. Valget av gullfolie varierer etter materialtype, og hvert materiale har forskjellig tilpasningsevne. Brennstempling bygger p\u00e5 samme prinsipp, og l\u00e6ret vil ikke n\u00f8dvendigvis endre farge.","og_url":"https:\/\/leatai.com\/no\/product\/annen-produksjon\/oem-for-varmepreging-og-brennstempling\/","og_site_name":"Leatai \u2013 Produsent av tilpassede notatb\u00f8ker","article_modified_time":"2026-03-16T06:24:21+00:00","og_image":[{"width":1000,"height":750,"url":"https:\/\/leatai.com\/wp-content\/uploads\/2016_01_20_1505510.jpg","type":"image\/jpeg"}],"twitter_card":"summary_large_image","twitter_misc":{"Ansl. lesetid":"1 minutt"},"schema":{"@context":"https:\/\/schema.org","@graph":[{"@type":"WebPage","@id":"https:\/\/leatai.com\/no\/product\/annen-produksjon\/oem-for-varmepreging-og-brennstempling\/","url":"https:\/\/leatai.com\/no\/product\/annen-produksjon\/oem-for-varmepreging-og-brennstempling\/","name":"OEM for varmepreging og brennstempling - Leatai \u2013 Produsent av tilpassede notatb\u00f8ker","isPartOf":{"@id":"https:\/\/leatai.com\/no\/#website"},"primaryImageOfPage":{"@id":"https:\/\/leatai.com\/no\/product\/annen-produksjon\/oem-for-varmepreging-og-brennstempling\/#primaryimage"},"image":{"@id":"https:\/\/leatai.com\/no\/product\/annen-produksjon\/oem-for-varmepreging-og-brennstempling\/#primaryimage"},"thumbnailUrl":"https:\/\/leatai.com\/wp-content\/uploads\/2016_01_20_1505510.jpg","datePublished":"2021-06-24T05:22:22+00:00","dateModified":"2026-03-16T06:24:21+00:00","description":"OEM-prosjekt: Varmepreging, brennstempling Beskrivelse av innhold: Etter at sinkplaten er laget, formes det ved oppvarming og trykk p\u00e5 l\u00e6rmateriale eller papir. Valget av gullfolie varierer etter materialtype, og hvert materiale har forskjellig tilpasningsevne. Brennstempling bygger p\u00e5 samme prinsipp, og l\u00e6ret vil ikke n\u00f8dvendigvis endre farge.","breadcrumb":{"@id":"https:\/\/leatai.com\/no\/product\/annen-produksjon\/oem-for-varmepreging-og-brennstempling\/#breadcrumb"},"inLanguage":"nb-NO","potentialAction":[{"@type":"ReadAction","target":["https:\/\/leatai.com\/no\/product\/annen-produksjon\/oem-for-varmepreging-og-brennstempling\/"]}]},{"@type":"ImageObject","inLanguage":"nb-NO","@id":"https:\/\/leatai.com\/no\/product\/annen-produksjon\/oem-for-varmepreging-og-brennstempling\/#primaryimage","url":"https:\/\/leatai.com\/wp-content\/uploads\/2016_01_20_1505510.jpg","contentUrl":"https:\/\/leatai.com\/wp-content\/uploads\/2016_01_20_1505510.jpg","width":1000,"height":750,"caption":"OEM for varmepreging og brennstempling"},{"@type":"BreadcrumbList","@id":"https:\/\/leatai.com\/no\/product\/annen-produksjon\/oem-for-varmepreging-og-brennstempling\/#breadcrumb","itemListElement":[{"@type":"ListItem","position":1,"name":"Home","item":"https:\/\/leatai.com\/no\/"},{"@type":"ListItem","position":2,"name":"Produktpresentasjon","item":"https:\/\/leatai.com\/products\/"},{"@type":"ListItem","position":3,"name":"Annen produksjon","item":"https:\/\/leatai.com\/no\/produktkategori\/annen-produksjon\/"},{"@type":"ListItem","position":4,"name":"OEM for varmepreging og brennstempling"}]},{"@type":"WebSite","@id":"https:\/\/leatai.com\/no\/#website","url":"https:\/\/leatai.com\/no\/","name":"Leatai \u2013 Produsent av tilpassede notatb\u00f8ker","description":"Leatai tilbyr tilpassede notatb\u00f8ker og planleggere til globale merkevarer og distribut\u00f8rer.","publisher":{"@id":"https:\/\/leatai.com\/no\/#organization"},"potentialAction":[{"@type":"SearchAction","target":{"@type":"EntryPoint","urlTemplate":"https:\/\/leatai.com\/no\/?s={search_term_string}"},"query-input":{"@type":"PropertyValueSpecification","valueRequired":true,"valueName":"search_term_string"}}],"inLanguage":"nb-NO"},{"@type":"Organization","@id":"https:\/\/leatai.com\/no\/#organization","name":"Leatai Diary, customized journal and business organizer","url":"https:\/\/leatai.com\/no\/","logo":{"@type":"ImageObject","inLanguage":"nb-NO","@id":"https:\/\/leatai.com\/no\/#\/schema\/logo\/image\/","url":"https:\/\/leatai.com\/wp-content\/uploads\/logo-blue.png","contentUrl":"https:\/\/leatai.com\/wp-content\/uploads\/logo-blue.png","width":230,"height":60,"caption":"Leatai Diary, customized journal and business organizer"},"image":{"@id":"https:\/\/leatai.com\/no\/#\/schema\/logo\/image\/"},"telephone":"+886-2-8227-8800","legalName":"Leatai Stationary Co., Ltd.","description":"A leading notebook factory in Taiwan offering bespoke branding, high-quality binding, and premium paper selections for corporate gifts and stationery wholesale.","address":{"@type":"PostalAddress","streetAddress":"11F., No. 168, Jiankang Rd.","addressLocality":"Zhonghe Dist.","addressRegion":"New Taipei City","postalCode":"235","addressCountry":"TW"},"contactPoint":{"@type":"ContactPoint","telephone":"+886-2-8227-8800","contactType":"sales","areaServed":"Worldwide","availableLanguage":["zh-TW","en"]}}]}},"_links":{"self":[{"href":"https:\/\/leatai.com\/no\/wp-json\/wp\/v2\/product\/281059","targetHints":{"allow":["GET"]}}],"collection":[{"href":"https:\/\/leatai.com\/no\/wp-json\/wp\/v2\/product"}],"about":[{"href":"https:\/\/leatai.com\/no\/wp-json\/wp\/v2\/types\/product"}],"wp:featuredmedia":[{"embeddable":true,"href":"https:\/\/leatai.com\/no\/wp-json\/wp\/v2\/media\/281060"}],"wp:attachment":[{"href":"https:\/\/leatai.com\/no\/wp-json\/wp\/v2\/media?parent=281059"}],"wp:term":[{"taxonomy":"product_brand","embeddable":true,"href":"https:\/\/leatai.com\/no\/wp-json\/wp\/v2\/product_brand?post=281059"},{"taxonomy":"product_cat","embeddable":true,"href":"https:\/\/leatai.com\/no\/wp-json\/wp\/v2\/product_cat?post=281059"},{"taxonomy":"product_tag","embeddable":true,"href":"https:\/\/leatai.com\/no\/wp-json\/wp\/v2\/product_tag?post=281059"},{"taxonomy":"home_works","embeddable":true,"href":"https:\/\/leatai.com\/no\/wp-json\/wp\/v2\/home_works?post=281059"}],"curies":[{"name":"wp","href":"https:\/\/api.w.org\/{rel}","templated":true}]}}