{"id":281047,"date":"2021-06-24T13:21:40","date_gmt":"2021-06-24T05:21:40","guid":{"rendered":"https:\/\/leatai.com\/product\/ukategorisert\/oem-for-platefremstilling\/"},"modified":"2026-03-16T14:23:05","modified_gmt":"2026-03-16T06:23:05","slug":"oem-for-platefremstilling","status":"publish","type":"product","link":"https:\/\/leatai.com\/no\/product\/annen-produksjon\/oem-for-platefremstilling\/","title":{"rendered":"OEM for platefremstilling"},"content":{"rendered":"<p>OEM-prosjekt: M\u00f8nsterfremstilling<br \/>\nBeskrivelse av innhold: I produktutviklingsprosessen er m\u00f8nsterfremstilling det vanskeligste leddet, og det er avgj\u00f8rende for produktets struktur. S\u00e5 lenge et lite sted har en avvik p\u00e5 1\u20132 mm, kan hele produksjonen mislykkes. Manuell m\u00f8nsterfremstilling krever ofte en erfaren mester med sv\u00e6rt god romlig forst\u00e5else.<\/p>\n","protected":false},"excerpt":{"rendered":"<p>OEM for m\u00f8nsterfremstilling av ulike papirgitter<\/p>\n","protected":false},"featured_media":281048,"template":"","meta":{"_acf_changed":false},"product_brand":[],"product_cat":[1158],"product_tag":[],"home_works":[],"class_list":{"0":"post-281047","1":"product","2":"type-product","3":"status-publish","4":"has-post-thumbnail","6":"product_cat-annen-produksjon","8":"first","9":"instock","10":"sold-individually","11":"shipping-taxable","12":"purchasable","13":"product-type-simple"},"acf":[],"yoast_head":"<!-- This site is optimized with the Yoast SEO plugin v27.2 - https:\/\/yoast.com\/product\/yoast-seo-wordpress\/ -->\n<title>OEM for platefremstilling - Det vanskeligste leddet i produktutviklingsprosessen - Leatai \u2013 Produsent av tilpassede notatb\u00f8ker<\/title>\n<meta name=\"description\" content=\"OEM-prosjekt: M\u00f8nsterfremstilling Beskrivelse av innhold: I produktutviklingsprosessen er m\u00f8nsterfremstilling det vanskeligste leddet, og det er avgj\u00f8rende for produktets struktur. S\u00e5 lenge et lite sted har en avvik p\u00e5 1\u20132 mm, kan hele produksjonen mislykkes. Manuell m\u00f8nsterfremstilling krever ofte en erfaren mester med sv\u00e6rt god romlig forst\u00e5else.\" \/>\n<meta name=\"robots\" content=\"index, follow, max-snippet:-1, max-image-preview:large, max-video-preview:-1\" \/>\n<link rel=\"canonical\" href=\"https:\/\/leatai.com\/no\/product\/annen-produksjon\/oem-for-platefremstilling\/\" \/>\n<meta property=\"og:locale\" content=\"nb_NO\" \/>\n<meta property=\"og:type\" content=\"article\" \/>\n<meta property=\"og:title\" content=\"OEM for platefremstilling - Det vanskeligste leddet i produktutviklingsprosessen - Leatai \u2013 Produsent av tilpassede notatb\u00f8ker\" \/>\n<meta property=\"og:description\" content=\"OEM-prosjekt: M\u00f8nsterfremstilling Beskrivelse av innhold: I produktutviklingsprosessen er m\u00f8nsterfremstilling det vanskeligste leddet, og det er avgj\u00f8rende for produktets struktur. S\u00e5 lenge et lite sted har en avvik p\u00e5 1\u20132 mm, kan hele produksjonen mislykkes. Manuell m\u00f8nsterfremstilling krever ofte en erfaren mester med sv\u00e6rt god romlig forst\u00e5else.\" \/>\n<meta property=\"og:url\" content=\"https:\/\/leatai.com\/no\/product\/annen-produksjon\/oem-for-platefremstilling\/\" \/>\n<meta property=\"og:site_name\" content=\"Leatai \u2013 Produsent av tilpassede notatb\u00f8ker\" \/>\n<meta property=\"article:modified_time\" content=\"2026-03-16T06:23:05+00:00\" \/>\n<meta property=\"og:image\" content=\"https:\/\/leatai.com\/wp-content\/uploads\/2016_01_20_1206180.jpg\" \/>\n\t<meta property=\"og:image:width\" content=\"1000\" \/>\n\t<meta property=\"og:image:height\" content=\"750\" \/>\n\t<meta property=\"og:image:type\" content=\"image\/jpeg\" \/>\n<meta name=\"twitter:card\" content=\"summary_large_image\" \/>\n<meta name=\"twitter:label1\" content=\"Ansl. lesetid\" \/>\n\t<meta name=\"twitter:data1\" content=\"1 minutt\" \/>\n<script type=\"application\/ld+json\" class=\"yoast-schema-graph\">{\"@context\":\"https:\/\/schema.org\",\"@graph\":[{\"@type\":\"WebPage\",\"@id\":\"https:\/\/leatai.com\/no\/product\/annen-produksjon\/oem-for-platefremstilling\/\",\"url\":\"https:\/\/leatai.com\/no\/product\/annen-produksjon\/oem-for-platefremstilling\/\",\"name\":\"OEM for platefremstilling - Det vanskeligste leddet i produktutviklingsprosessen - Leatai \u2013 Produsent av tilpassede notatb\u00f8ker\",\"isPartOf\":{\"@id\":\"https:\/\/leatai.com\/no\/#website\"},\"primaryImageOfPage\":{\"@id\":\"https:\/\/leatai.com\/no\/product\/annen-produksjon\/oem-for-platefremstilling\/#primaryimage\"},\"image\":{\"@id\":\"https:\/\/leatai.com\/no\/product\/annen-produksjon\/oem-for-platefremstilling\/#primaryimage\"},\"thumbnailUrl\":\"https:\/\/leatai.com\/wp-content\/uploads\/2016_01_20_1206180.jpg\",\"datePublished\":\"2021-06-24T05:21:40+00:00\",\"dateModified\":\"2026-03-16T06:23:05+00:00\",\"description\":\"OEM-prosjekt: M\u00f8nsterfremstilling Beskrivelse av innhold: I produktutviklingsprosessen er m\u00f8nsterfremstilling det vanskeligste leddet, og det er avgj\u00f8rende for produktets struktur. S\u00e5 lenge et lite sted har en avvik p\u00e5 1\u20132 mm, kan hele produksjonen mislykkes. Manuell m\u00f8nsterfremstilling krever ofte en erfaren mester med sv\u00e6rt god romlig forst\u00e5else.\",\"breadcrumb\":{\"@id\":\"https:\/\/leatai.com\/no\/product\/annen-produksjon\/oem-for-platefremstilling\/#breadcrumb\"},\"inLanguage\":\"nb-NO\",\"potentialAction\":[{\"@type\":\"ReadAction\",\"target\":[\"https:\/\/leatai.com\/no\/product\/annen-produksjon\/oem-for-platefremstilling\/\"]}]},{\"@type\":\"ImageObject\",\"inLanguage\":\"nb-NO\",\"@id\":\"https:\/\/leatai.com\/no\/product\/annen-produksjon\/oem-for-platefremstilling\/#primaryimage\",\"url\":\"https:\/\/leatai.com\/wp-content\/uploads\/2016_01_20_1206180.jpg\",\"contentUrl\":\"https:\/\/leatai.com\/wp-content\/uploads\/2016_01_20_1206180.jpg\",\"width\":1000,\"height\":750,\"caption\":\"OEM for platefremstilling\"},{\"@type\":\"BreadcrumbList\",\"@id\":\"https:\/\/leatai.com\/no\/product\/annen-produksjon\/oem-for-platefremstilling\/#breadcrumb\",\"itemListElement\":[{\"@type\":\"ListItem\",\"position\":1,\"name\":\"Home\",\"item\":\"https:\/\/leatai.com\/no\/\"},{\"@type\":\"ListItem\",\"position\":2,\"name\":\"Produktpresentasjon\",\"item\":\"https:\/\/leatai.com\/products\/\"},{\"@type\":\"ListItem\",\"position\":3,\"name\":\"Annen produksjon\",\"item\":\"https:\/\/leatai.com\/no\/produktkategori\/annen-produksjon\/\"},{\"@type\":\"ListItem\",\"position\":4,\"name\":\"OEM for platefremstilling\"}]},{\"@type\":\"WebSite\",\"@id\":\"https:\/\/leatai.com\/no\/#website\",\"url\":\"https:\/\/leatai.com\/no\/\",\"name\":\"Leatai \u2013 Produsent av tilpassede notatb\u00f8ker\",\"description\":\"Leatai tilbyr tilpassede notatb\u00f8ker og planleggere til globale merkevarer og distribut\u00f8rer.\",\"publisher\":{\"@id\":\"https:\/\/leatai.com\/no\/#organization\"},\"potentialAction\":[{\"@type\":\"SearchAction\",\"target\":{\"@type\":\"EntryPoint\",\"urlTemplate\":\"https:\/\/leatai.com\/no\/?s={search_term_string}\"},\"query-input\":{\"@type\":\"PropertyValueSpecification\",\"valueRequired\":true,\"valueName\":\"search_term_string\"}}],\"inLanguage\":\"nb-NO\"},{\"@type\":\"Organization\",\"@id\":\"https:\/\/leatai.com\/no\/#organization\",\"name\":\"Leatai Diary, customized journal and business organizer\",\"url\":\"https:\/\/leatai.com\/no\/\",\"logo\":{\"@type\":\"ImageObject\",\"inLanguage\":\"nb-NO\",\"@id\":\"https:\/\/leatai.com\/no\/#\/schema\/logo\/image\/\",\"url\":\"https:\/\/leatai.com\/wp-content\/uploads\/logo-blue.png\",\"contentUrl\":\"https:\/\/leatai.com\/wp-content\/uploads\/logo-blue.png\",\"width\":230,\"height\":60,\"caption\":\"Leatai Diary, customized journal and business organizer\"},\"image\":{\"@id\":\"https:\/\/leatai.com\/no\/#\/schema\/logo\/image\/\"},\"telephone\":\"+886-2-8227-8800\",\"legalName\":\"Leatai Stationary Co., Ltd.\",\"description\":\"A leading notebook factory in Taiwan offering bespoke branding, high-quality binding, and premium paper selections for corporate gifts and stationery wholesale.\",\"address\":{\"@type\":\"PostalAddress\",\"streetAddress\":\"11F., No. 168, Jiankang Rd.\",\"addressLocality\":\"Zhonghe Dist.\",\"addressRegion\":\"New Taipei City\",\"postalCode\":\"235\",\"addressCountry\":\"TW\"},\"contactPoint\":{\"@type\":\"ContactPoint\",\"telephone\":\"+886-2-8227-8800\",\"contactType\":\"sales\",\"areaServed\":\"Worldwide\",\"availableLanguage\":[\"zh-TW\",\"en\"]}}]}<\/script>\n<!-- \/ Yoast SEO plugin. -->","yoast_head_json":{"title":"OEM for platefremstilling - Det vanskeligste leddet i produktutviklingsprosessen - Leatai \u2013 Produsent av tilpassede notatb\u00f8ker","description":"OEM-prosjekt: M\u00f8nsterfremstilling Beskrivelse av innhold: I produktutviklingsprosessen er m\u00f8nsterfremstilling det vanskeligste leddet, og det er avgj\u00f8rende for produktets struktur. S\u00e5 lenge et lite sted har en avvik p\u00e5 1\u20132 mm, kan hele produksjonen mislykkes. Manuell m\u00f8nsterfremstilling krever ofte en erfaren mester med sv\u00e6rt god romlig forst\u00e5else.","robots":{"index":"index","follow":"follow","max-snippet":"max-snippet:-1","max-image-preview":"max-image-preview:large","max-video-preview":"max-video-preview:-1"},"canonical":"https:\/\/leatai.com\/no\/product\/annen-produksjon\/oem-for-platefremstilling\/","og_locale":"nb_NO","og_type":"article","og_title":"OEM for platefremstilling - Det vanskeligste leddet i produktutviklingsprosessen - Leatai \u2013 Produsent av tilpassede notatb\u00f8ker","og_description":"OEM-prosjekt: M\u00f8nsterfremstilling Beskrivelse av innhold: I produktutviklingsprosessen er m\u00f8nsterfremstilling det vanskeligste leddet, og det er avgj\u00f8rende for produktets struktur. S\u00e5 lenge et lite sted har en avvik p\u00e5 1\u20132 mm, kan hele produksjonen mislykkes. Manuell m\u00f8nsterfremstilling krever ofte en erfaren mester med sv\u00e6rt god romlig forst\u00e5else.","og_url":"https:\/\/leatai.com\/no\/product\/annen-produksjon\/oem-for-platefremstilling\/","og_site_name":"Leatai \u2013 Produsent av tilpassede notatb\u00f8ker","article_modified_time":"2026-03-16T06:23:05+00:00","og_image":[{"width":1000,"height":750,"url":"https:\/\/leatai.com\/wp-content\/uploads\/2016_01_20_1206180.jpg","type":"image\/jpeg"}],"twitter_card":"summary_large_image","twitter_misc":{"Ansl. lesetid":"1 minutt"},"schema":{"@context":"https:\/\/schema.org","@graph":[{"@type":"WebPage","@id":"https:\/\/leatai.com\/no\/product\/annen-produksjon\/oem-for-platefremstilling\/","url":"https:\/\/leatai.com\/no\/product\/annen-produksjon\/oem-for-platefremstilling\/","name":"OEM for platefremstilling - Det vanskeligste leddet i produktutviklingsprosessen - Leatai \u2013 Produsent av tilpassede notatb\u00f8ker","isPartOf":{"@id":"https:\/\/leatai.com\/no\/#website"},"primaryImageOfPage":{"@id":"https:\/\/leatai.com\/no\/product\/annen-produksjon\/oem-for-platefremstilling\/#primaryimage"},"image":{"@id":"https:\/\/leatai.com\/no\/product\/annen-produksjon\/oem-for-platefremstilling\/#primaryimage"},"thumbnailUrl":"https:\/\/leatai.com\/wp-content\/uploads\/2016_01_20_1206180.jpg","datePublished":"2021-06-24T05:21:40+00:00","dateModified":"2026-03-16T06:23:05+00:00","description":"OEM-prosjekt: M\u00f8nsterfremstilling Beskrivelse av innhold: I produktutviklingsprosessen er m\u00f8nsterfremstilling det vanskeligste leddet, og det er avgj\u00f8rende for produktets struktur. S\u00e5 lenge et lite sted har en avvik p\u00e5 1\u20132 mm, kan hele produksjonen mislykkes. Manuell m\u00f8nsterfremstilling krever ofte en erfaren mester med sv\u00e6rt god romlig forst\u00e5else.","breadcrumb":{"@id":"https:\/\/leatai.com\/no\/product\/annen-produksjon\/oem-for-platefremstilling\/#breadcrumb"},"inLanguage":"nb-NO","potentialAction":[{"@type":"ReadAction","target":["https:\/\/leatai.com\/no\/product\/annen-produksjon\/oem-for-platefremstilling\/"]}]},{"@type":"ImageObject","inLanguage":"nb-NO","@id":"https:\/\/leatai.com\/no\/product\/annen-produksjon\/oem-for-platefremstilling\/#primaryimage","url":"https:\/\/leatai.com\/wp-content\/uploads\/2016_01_20_1206180.jpg","contentUrl":"https:\/\/leatai.com\/wp-content\/uploads\/2016_01_20_1206180.jpg","width":1000,"height":750,"caption":"OEM for platefremstilling"},{"@type":"BreadcrumbList","@id":"https:\/\/leatai.com\/no\/product\/annen-produksjon\/oem-for-platefremstilling\/#breadcrumb","itemListElement":[{"@type":"ListItem","position":1,"name":"Home","item":"https:\/\/leatai.com\/no\/"},{"@type":"ListItem","position":2,"name":"Produktpresentasjon","item":"https:\/\/leatai.com\/products\/"},{"@type":"ListItem","position":3,"name":"Annen produksjon","item":"https:\/\/leatai.com\/no\/produktkategori\/annen-produksjon\/"},{"@type":"ListItem","position":4,"name":"OEM for platefremstilling"}]},{"@type":"WebSite","@id":"https:\/\/leatai.com\/no\/#website","url":"https:\/\/leatai.com\/no\/","name":"Leatai \u2013 Produsent av tilpassede notatb\u00f8ker","description":"Leatai tilbyr tilpassede notatb\u00f8ker og planleggere til globale merkevarer og distribut\u00f8rer.","publisher":{"@id":"https:\/\/leatai.com\/no\/#organization"},"potentialAction":[{"@type":"SearchAction","target":{"@type":"EntryPoint","urlTemplate":"https:\/\/leatai.com\/no\/?s={search_term_string}"},"query-input":{"@type":"PropertyValueSpecification","valueRequired":true,"valueName":"search_term_string"}}],"inLanguage":"nb-NO"},{"@type":"Organization","@id":"https:\/\/leatai.com\/no\/#organization","name":"Leatai Diary, customized journal and business organizer","url":"https:\/\/leatai.com\/no\/","logo":{"@type":"ImageObject","inLanguage":"nb-NO","@id":"https:\/\/leatai.com\/no\/#\/schema\/logo\/image\/","url":"https:\/\/leatai.com\/wp-content\/uploads\/logo-blue.png","contentUrl":"https:\/\/leatai.com\/wp-content\/uploads\/logo-blue.png","width":230,"height":60,"caption":"Leatai Diary, customized journal and business organizer"},"image":{"@id":"https:\/\/leatai.com\/no\/#\/schema\/logo\/image\/"},"telephone":"+886-2-8227-8800","legalName":"Leatai Stationary Co., Ltd.","description":"A leading notebook factory in Taiwan offering bespoke branding, high-quality binding, and premium paper selections for corporate gifts and stationery wholesale.","address":{"@type":"PostalAddress","streetAddress":"11F., No. 168, Jiankang Rd.","addressLocality":"Zhonghe Dist.","addressRegion":"New Taipei City","postalCode":"235","addressCountry":"TW"},"contactPoint":{"@type":"ContactPoint","telephone":"+886-2-8227-8800","contactType":"sales","areaServed":"Worldwide","availableLanguage":["zh-TW","en"]}}]}},"_links":{"self":[{"href":"https:\/\/leatai.com\/no\/wp-json\/wp\/v2\/product\/281047","targetHints":{"allow":["GET"]}}],"collection":[{"href":"https:\/\/leatai.com\/no\/wp-json\/wp\/v2\/product"}],"about":[{"href":"https:\/\/leatai.com\/no\/wp-json\/wp\/v2\/types\/product"}],"wp:featuredmedia":[{"embeddable":true,"href":"https:\/\/leatai.com\/no\/wp-json\/wp\/v2\/media\/281048"}],"wp:attachment":[{"href":"https:\/\/leatai.com\/no\/wp-json\/wp\/v2\/media?parent=281047"}],"wp:term":[{"taxonomy":"product_brand","embeddable":true,"href":"https:\/\/leatai.com\/no\/wp-json\/wp\/v2\/product_brand?post=281047"},{"taxonomy":"product_cat","embeddable":true,"href":"https:\/\/leatai.com\/no\/wp-json\/wp\/v2\/product_cat?post=281047"},{"taxonomy":"product_tag","embeddable":true,"href":"https:\/\/leatai.com\/no\/wp-json\/wp\/v2\/product_tag?post=281047"},{"taxonomy":"home_works","embeddable":true,"href":"https:\/\/leatai.com\/no\/wp-json\/wp\/v2\/home_works?post=281047"}],"curies":[{"name":"wp","href":"https:\/\/api.w.org\/{rel}","templated":true}]}}