{"id":280577,"date":"2021-08-18T15:05:57","date_gmt":"2021-08-18T07:05:57","guid":{"rendered":"https:\/\/leatai.com\/product\/ukategorisert\/pro-vision-special-steel\/"},"modified":"2026-03-12T15:14:48","modified_gmt":"2026-03-12T07:14:48","slug":"pro-vision-special-steel","status":"publish","type":"product","link":"https:\/\/leatai.com\/no\/product\/ulike-oem-prover\/oem-innbundet-notatbok\/pro-vision-special-steel\/","title":{"rendered":"Pro-Vision Special Steel"},"content":{"rendered":"<p>Kundenavn: Pro-Vision Special Steel<br \/>\nCase-st\u00f8rrelse: 25K<br \/>\nCase-type: Hardcover notatbok i syntetisk skinn<br \/>\nLogo-effekt: Preging med gullfoliestempling<br \/>\nValg av tilbeh\u00f8r: Elastisk b\u00e5nd + satengb\u00e5nd<br \/>\nHovedtrekk: En hardcover notatbok i kunstskinn med gull som hovedtema. Fargebruken er sv\u00e6rt dristig. Innersidene er trykt med tilpasset design, og det ferdige produktet er sv\u00e6rt uts\u00f8kt, nesten som et kunstverk.<\/p>\n<p>\ud83d\udcd6For standardprodukter av tilpassede notatb\u00f8ker \/ forretningsplanleggere, vennligst se:<br \/>\n<a href=\"https:\/\/leatai.com\/no\/produktkategori\/tilpasset-notatbok\/innbundet-notatbok\/\" target=\"_blank\" rel=\"noopener\">Hardcover notatbok \/ Hardcover forretningsplanlegger<\/a><br \/>\n<a href=\"https:\/\/leatai.com\/no\/produktkategori\/tilpasset-notatbok\/loseblad-notatbok\/\" target=\"_blank\" rel=\"noopener\">Notatbok med l\u00f8se ark \/ Forretningsplanlegger med l\u00f8se ark<\/a><br \/>\n<a href=\"https:\/\/leatai.com\/no\/produktkategori\/tilpasset-notatbok\/avtakbar-notatbok\/\" target=\"_blank\" rel=\"noopener\">Uttakbar notatbok med l\u00f8se ark \/ Uttakbar forretningsplanlegger<\/a><br \/>\n<a href=\"https:\/\/leatai.com\/no\/produktkategori\/tilpasset-notatbok\/paperback-notatbok\/\" target=\"_blank\" rel=\"noopener\">Paperback notatbok \/ Paperback forretningsplanlegger<\/a><br \/>\n<a href=\"https:\/\/leatai.com\/no\/produktkategori\/tilpasset-notatbok\/spiral-notatbok\/\" target=\"_blank\" rel=\"noopener\">Spiralbundet notatbok \/ Spiralbundet forretningsplanlegger<\/a><\/p>\n<p>\ud83d\udcd6For fullstendig forklaring av papirst\u00f8rrelser, vennligst se: <a href=\"https:\/\/leatai.com\/no\/notatbokskunnskap\/papirstorrelsesguide-forsta-vanlige-storrelser-som-b3-a4-b5-8k-16k-og-mer-en-omfattende-storrelsesdiagram-for-enkel-referanse\/\" target=\"_blank\" rel=\"noopener\">Papirst\u00f8rrelsesguide: Hvordan skille mellom vanlige st\u00f8rrelser som B3, A4, B5, 8K, 16K? En oversikt over papirst\u00f8rrelser som er lett \u00e5 forst\u00e5!<\/a><\/p>\n","protected":false},"excerpt":{"rendered":"<p>Kundenavn: Pro-Vision Special Steel Case-st\u00f8rrelse: 25K Case-type: Hardcover notatbok i syntetisk skinn Logo-effekt: Preging med gullfoliestempling Valg av tilbeh\u00f8r: Elastisk b\u00e5nd + satengb\u00e5nd Hovedtrekk: En hardcover notatbok i kunstskinn med gull som hovedtema. Fargebruken er sv\u00e6rt dristig. Innersidene er trykt med tilpasset design, og det ferdige produktet er sv\u00e6rt uts\u00f8kt, nesten som et kunstverk. \ud83d\udcd6For [&hellip;]<\/p>\n","protected":false},"featured_media":280580,"template":"","meta":{"_acf_changed":false},"product_brand":[],"product_cat":[885],"product_tag":[1547],"home_works":[1742],"class_list":{"0":"post-280577","1":"product","2":"type-product","3":"status-publish","4":"has-post-thumbnail","6":"product_cat-oem-innbundet-notatbok","7":"product_tag-oem-no","8":"home_works-1742","10":"first","11":"outofstock","12":"sold-individually","13":"shipping-taxable","14":"purchasable","15":"product-type-variable","16":"has-default-attributes"},"acf":[],"yoast_head":"<!-- This site is optimized with the Yoast SEO plugin v27.2 - https:\/\/yoast.com\/product\/yoast-seo-wordpress\/ -->\n<title>Pro-Vision Special Steel - Dristig, men samtidig uts\u00f8kt fargebruk, like raffinert som et kunstverk. - Leatai \u2013 Produsent av tilpassede notatb\u00f8ker<\/title>\n<meta name=\"description\" content=\"Kundenavn: Pro-Vision Special Steel Case-st\u00f8rrelse: 25K Case-type: Hardcover notatbok i syntetisk skinn Logo-effekt: Preging med gullfoliestempling Valg av tilbeh\u00f8r: Elastisk b\u00e5nd + satengb\u00e5nd Hovedtrekk: En hardcover notatbok i kunstskinn med gull som hovedtema. Fargebruken er sv\u00e6rt dristig. Innersidene er trykt med tilpasset design, og det ferdige produktet er sv\u00e6rt uts\u00f8kt, nesten som et kunstverk.\" \/>\n<meta name=\"robots\" content=\"index, follow, max-snippet:-1, max-image-preview:large, max-video-preview:-1\" \/>\n<link rel=\"canonical\" href=\"https:\/\/leatai.com\/no\/product\/ulike-oem-prover\/oem-innbundet-notatbok\/pro-vision-special-steel\/\" \/>\n<meta property=\"og:locale\" content=\"nb_NO\" \/>\n<meta property=\"og:type\" content=\"article\" \/>\n<meta property=\"og:title\" content=\"Pro-Vision Special Steel - Dristig, men samtidig uts\u00f8kt fargebruk, like raffinert som et kunstverk. - Leatai \u2013 Produsent av tilpassede notatb\u00f8ker\" \/>\n<meta property=\"og:description\" content=\"Kundenavn: Pro-Vision Special Steel Case-st\u00f8rrelse: 25K Case-type: Hardcover notatbok i syntetisk skinn Logo-effekt: Preging med gullfoliestempling Valg av tilbeh\u00f8r: Elastisk b\u00e5nd + satengb\u00e5nd Hovedtrekk: En hardcover notatbok i kunstskinn med gull som hovedtema. Fargebruken er sv\u00e6rt dristig. Innersidene er trykt med tilpasset design, og det ferdige produktet er sv\u00e6rt uts\u00f8kt, nesten som et kunstverk.\" \/>\n<meta property=\"og:url\" content=\"https:\/\/leatai.com\/no\/product\/ulike-oem-prover\/oem-innbundet-notatbok\/pro-vision-special-steel\/\" \/>\n<meta property=\"og:site_name\" content=\"Leatai \u2013 Produsent av tilpassede notatb\u00f8ker\" \/>\n<meta property=\"article:modified_time\" content=\"2026-03-12T07:14:48+00:00\" \/>\n<meta property=\"og:image\" content=\"https:\/\/leatai.com\/wp-content\/uploads\/04-1.jpg\" \/>\n\t<meta property=\"og:image:width\" content=\"1000\" \/>\n\t<meta property=\"og:image:height\" content=\"750\" \/>\n\t<meta property=\"og:image:type\" content=\"image\/jpeg\" \/>\n<meta name=\"twitter:card\" content=\"summary_large_image\" \/>\n<meta name=\"twitter:label1\" content=\"Ansl. lesetid\" \/>\n\t<meta name=\"twitter:data1\" content=\"1 minutt\" \/>\n<script type=\"application\/ld+json\" class=\"yoast-schema-graph\">{\"@context\":\"https:\/\/schema.org\",\"@graph\":[{\"@type\":\"WebPage\",\"@id\":\"https:\/\/leatai.com\/no\/product\/ulike-oem-prover\/oem-innbundet-notatbok\/pro-vision-special-steel\/\",\"url\":\"https:\/\/leatai.com\/no\/product\/ulike-oem-prover\/oem-innbundet-notatbok\/pro-vision-special-steel\/\",\"name\":\"Pro-Vision Special Steel - Dristig, men samtidig uts\u00f8kt fargebruk, like raffinert som et kunstverk. - Leatai \u2013 Produsent av tilpassede notatb\u00f8ker\",\"isPartOf\":{\"@id\":\"https:\/\/leatai.com\/no\/#website\"},\"primaryImageOfPage\":{\"@id\":\"https:\/\/leatai.com\/no\/product\/ulike-oem-prover\/oem-innbundet-notatbok\/pro-vision-special-steel\/#primaryimage\"},\"image\":{\"@id\":\"https:\/\/leatai.com\/no\/product\/ulike-oem-prover\/oem-innbundet-notatbok\/pro-vision-special-steel\/#primaryimage\"},\"thumbnailUrl\":\"https:\/\/leatai.com\/wp-content\/uploads\/04-1.jpg\",\"datePublished\":\"2021-08-18T07:05:57+00:00\",\"dateModified\":\"2026-03-12T07:14:48+00:00\",\"description\":\"Kundenavn: Pro-Vision Special Steel Case-st\u00f8rrelse: 25K Case-type: Hardcover notatbok i syntetisk skinn Logo-effekt: Preging med gullfoliestempling Valg av tilbeh\u00f8r: Elastisk b\u00e5nd + satengb\u00e5nd Hovedtrekk: En hardcover notatbok i kunstskinn med gull som hovedtema. Fargebruken er sv\u00e6rt dristig. Innersidene er trykt med tilpasset design, og det ferdige produktet er sv\u00e6rt uts\u00f8kt, nesten som et kunstverk.\",\"breadcrumb\":{\"@id\":\"https:\/\/leatai.com\/no\/product\/ulike-oem-prover\/oem-innbundet-notatbok\/pro-vision-special-steel\/#breadcrumb\"},\"inLanguage\":\"nb-NO\",\"potentialAction\":[{\"@type\":\"ReadAction\",\"target\":[\"https:\/\/leatai.com\/no\/product\/ulike-oem-prover\/oem-innbundet-notatbok\/pro-vision-special-steel\/\"]}]},{\"@type\":\"ImageObject\",\"inLanguage\":\"nb-NO\",\"@id\":\"https:\/\/leatai.com\/no\/product\/ulike-oem-prover\/oem-innbundet-notatbok\/pro-vision-special-steel\/#primaryimage\",\"url\":\"https:\/\/leatai.com\/wp-content\/uploads\/04-1.jpg\",\"contentUrl\":\"https:\/\/leatai.com\/wp-content\/uploads\/04-1.jpg\",\"width\":1000,\"height\":750,\"caption\":\"Innbundet bok\"},{\"@type\":\"BreadcrumbList\",\"@id\":\"https:\/\/leatai.com\/no\/product\/ulike-oem-prover\/oem-innbundet-notatbok\/pro-vision-special-steel\/#breadcrumb\",\"itemListElement\":[{\"@type\":\"ListItem\",\"position\":1,\"name\":\"Home\",\"item\":\"https:\/\/leatai.com\/no\/\"},{\"@type\":\"ListItem\",\"position\":2,\"name\":\"Produktpresentasjon\",\"item\":\"https:\/\/leatai.com\/products\/\"},{\"@type\":\"ListItem\",\"position\":3,\"name\":\"Ulike OEM-pr\u00f8ver\",\"item\":\"https:\/\/leatai.com\/no\/produktkategori\/ulike-oem-prover\/\"},{\"@type\":\"ListItem\",\"position\":4,\"name\":\"OEM Innbundet Notatbok\",\"item\":\"https:\/\/leatai.com\/no\/produktkategori\/ulike-oem-prover\/oem-innbundet-notatbok\/\"},{\"@type\":\"ListItem\",\"position\":5,\"name\":\"Pro-Vision Special Steel\"}]},{\"@type\":\"WebSite\",\"@id\":\"https:\/\/leatai.com\/no\/#website\",\"url\":\"https:\/\/leatai.com\/no\/\",\"name\":\"Leatai \u2013 Produsent av tilpassede notatb\u00f8ker\",\"description\":\"Leatai tilbyr tilpassede notatb\u00f8ker og planleggere til globale merkevarer og distribut\u00f8rer.\",\"publisher\":{\"@id\":\"https:\/\/leatai.com\/no\/#organization\"},\"potentialAction\":[{\"@type\":\"SearchAction\",\"target\":{\"@type\":\"EntryPoint\",\"urlTemplate\":\"https:\/\/leatai.com\/no\/?s={search_term_string}\"},\"query-input\":{\"@type\":\"PropertyValueSpecification\",\"valueRequired\":true,\"valueName\":\"search_term_string\"}}],\"inLanguage\":\"nb-NO\"},{\"@type\":\"Organization\",\"@id\":\"https:\/\/leatai.com\/no\/#organization\",\"name\":\"Leatai Diary, customized journal and business organizer\",\"url\":\"https:\/\/leatai.com\/no\/\",\"logo\":{\"@type\":\"ImageObject\",\"inLanguage\":\"nb-NO\",\"@id\":\"https:\/\/leatai.com\/no\/#\/schema\/logo\/image\/\",\"url\":\"https:\/\/leatai.com\/wp-content\/uploads\/logo-blue.png\",\"contentUrl\":\"https:\/\/leatai.com\/wp-content\/uploads\/logo-blue.png\",\"width\":230,\"height\":60,\"caption\":\"Leatai Diary, customized journal and business organizer\"},\"image\":{\"@id\":\"https:\/\/leatai.com\/no\/#\/schema\/logo\/image\/\"},\"telephone\":\"+886-2-8227-8800\",\"legalName\":\"Leatai Stationary Co., Ltd.\",\"description\":\"A leading notebook factory in Taiwan offering bespoke branding, high-quality binding, and premium paper selections for corporate gifts and stationery wholesale.\",\"address\":{\"@type\":\"PostalAddress\",\"streetAddress\":\"11F., No. 168, Jiankang Rd.\",\"addressLocality\":\"Zhonghe Dist.\",\"addressRegion\":\"New Taipei City\",\"postalCode\":\"235\",\"addressCountry\":\"TW\"},\"contactPoint\":{\"@type\":\"ContactPoint\",\"telephone\":\"+886-2-8227-8800\",\"contactType\":\"sales\",\"areaServed\":\"Worldwide\",\"availableLanguage\":[\"zh-TW\",\"en\"]}}]}<\/script>\n<!-- \/ Yoast SEO plugin. -->","yoast_head_json":{"title":"Pro-Vision Special Steel - Dristig, men samtidig uts\u00f8kt fargebruk, like raffinert som et kunstverk. - Leatai \u2013 Produsent av tilpassede notatb\u00f8ker","description":"Kundenavn: Pro-Vision Special Steel Case-st\u00f8rrelse: 25K Case-type: Hardcover notatbok i syntetisk skinn Logo-effekt: Preging med gullfoliestempling Valg av tilbeh\u00f8r: Elastisk b\u00e5nd + satengb\u00e5nd Hovedtrekk: En hardcover notatbok i kunstskinn med gull som hovedtema. Fargebruken er sv\u00e6rt dristig. Innersidene er trykt med tilpasset design, og det ferdige produktet er sv\u00e6rt uts\u00f8kt, nesten som et kunstverk.","robots":{"index":"index","follow":"follow","max-snippet":"max-snippet:-1","max-image-preview":"max-image-preview:large","max-video-preview":"max-video-preview:-1"},"canonical":"https:\/\/leatai.com\/no\/product\/ulike-oem-prover\/oem-innbundet-notatbok\/pro-vision-special-steel\/","og_locale":"nb_NO","og_type":"article","og_title":"Pro-Vision Special Steel - Dristig, men samtidig uts\u00f8kt fargebruk, like raffinert som et kunstverk. - Leatai \u2013 Produsent av tilpassede notatb\u00f8ker","og_description":"Kundenavn: Pro-Vision Special Steel Case-st\u00f8rrelse: 25K Case-type: Hardcover notatbok i syntetisk skinn Logo-effekt: Preging med gullfoliestempling Valg av tilbeh\u00f8r: Elastisk b\u00e5nd + satengb\u00e5nd Hovedtrekk: En hardcover notatbok i kunstskinn med gull som hovedtema. Fargebruken er sv\u00e6rt dristig. Innersidene er trykt med tilpasset design, og det ferdige produktet er sv\u00e6rt uts\u00f8kt, nesten som et kunstverk.","og_url":"https:\/\/leatai.com\/no\/product\/ulike-oem-prover\/oem-innbundet-notatbok\/pro-vision-special-steel\/","og_site_name":"Leatai \u2013 Produsent av tilpassede notatb\u00f8ker","article_modified_time":"2026-03-12T07:14:48+00:00","og_image":[{"width":1000,"height":750,"url":"https:\/\/leatai.com\/wp-content\/uploads\/04-1.jpg","type":"image\/jpeg"}],"twitter_card":"summary_large_image","twitter_misc":{"Ansl. lesetid":"1 minutt"},"schema":{"@context":"https:\/\/schema.org","@graph":[{"@type":"WebPage","@id":"https:\/\/leatai.com\/no\/product\/ulike-oem-prover\/oem-innbundet-notatbok\/pro-vision-special-steel\/","url":"https:\/\/leatai.com\/no\/product\/ulike-oem-prover\/oem-innbundet-notatbok\/pro-vision-special-steel\/","name":"Pro-Vision Special Steel - Dristig, men samtidig uts\u00f8kt fargebruk, like raffinert som et kunstverk. - Leatai \u2013 Produsent av tilpassede notatb\u00f8ker","isPartOf":{"@id":"https:\/\/leatai.com\/no\/#website"},"primaryImageOfPage":{"@id":"https:\/\/leatai.com\/no\/product\/ulike-oem-prover\/oem-innbundet-notatbok\/pro-vision-special-steel\/#primaryimage"},"image":{"@id":"https:\/\/leatai.com\/no\/product\/ulike-oem-prover\/oem-innbundet-notatbok\/pro-vision-special-steel\/#primaryimage"},"thumbnailUrl":"https:\/\/leatai.com\/wp-content\/uploads\/04-1.jpg","datePublished":"2021-08-18T07:05:57+00:00","dateModified":"2026-03-12T07:14:48+00:00","description":"Kundenavn: Pro-Vision Special Steel Case-st\u00f8rrelse: 25K Case-type: Hardcover notatbok i syntetisk skinn Logo-effekt: Preging med gullfoliestempling Valg av tilbeh\u00f8r: Elastisk b\u00e5nd + satengb\u00e5nd Hovedtrekk: En hardcover notatbok i kunstskinn med gull som hovedtema. Fargebruken er sv\u00e6rt dristig. Innersidene er trykt med tilpasset design, og det ferdige produktet er sv\u00e6rt uts\u00f8kt, nesten som et kunstverk.","breadcrumb":{"@id":"https:\/\/leatai.com\/no\/product\/ulike-oem-prover\/oem-innbundet-notatbok\/pro-vision-special-steel\/#breadcrumb"},"inLanguage":"nb-NO","potentialAction":[{"@type":"ReadAction","target":["https:\/\/leatai.com\/no\/product\/ulike-oem-prover\/oem-innbundet-notatbok\/pro-vision-special-steel\/"]}]},{"@type":"ImageObject","inLanguage":"nb-NO","@id":"https:\/\/leatai.com\/no\/product\/ulike-oem-prover\/oem-innbundet-notatbok\/pro-vision-special-steel\/#primaryimage","url":"https:\/\/leatai.com\/wp-content\/uploads\/04-1.jpg","contentUrl":"https:\/\/leatai.com\/wp-content\/uploads\/04-1.jpg","width":1000,"height":750,"caption":"Innbundet bok"},{"@type":"BreadcrumbList","@id":"https:\/\/leatai.com\/no\/product\/ulike-oem-prover\/oem-innbundet-notatbok\/pro-vision-special-steel\/#breadcrumb","itemListElement":[{"@type":"ListItem","position":1,"name":"Home","item":"https:\/\/leatai.com\/no\/"},{"@type":"ListItem","position":2,"name":"Produktpresentasjon","item":"https:\/\/leatai.com\/products\/"},{"@type":"ListItem","position":3,"name":"Ulike OEM-pr\u00f8ver","item":"https:\/\/leatai.com\/no\/produktkategori\/ulike-oem-prover\/"},{"@type":"ListItem","position":4,"name":"OEM Innbundet Notatbok","item":"https:\/\/leatai.com\/no\/produktkategori\/ulike-oem-prover\/oem-innbundet-notatbok\/"},{"@type":"ListItem","position":5,"name":"Pro-Vision Special Steel"}]},{"@type":"WebSite","@id":"https:\/\/leatai.com\/no\/#website","url":"https:\/\/leatai.com\/no\/","name":"Leatai \u2013 Produsent av tilpassede notatb\u00f8ker","description":"Leatai tilbyr tilpassede notatb\u00f8ker og planleggere til globale merkevarer og distribut\u00f8rer.","publisher":{"@id":"https:\/\/leatai.com\/no\/#organization"},"potentialAction":[{"@type":"SearchAction","target":{"@type":"EntryPoint","urlTemplate":"https:\/\/leatai.com\/no\/?s={search_term_string}"},"query-input":{"@type":"PropertyValueSpecification","valueRequired":true,"valueName":"search_term_string"}}],"inLanguage":"nb-NO"},{"@type":"Organization","@id":"https:\/\/leatai.com\/no\/#organization","name":"Leatai Diary, customized journal and business organizer","url":"https:\/\/leatai.com\/no\/","logo":{"@type":"ImageObject","inLanguage":"nb-NO","@id":"https:\/\/leatai.com\/no\/#\/schema\/logo\/image\/","url":"https:\/\/leatai.com\/wp-content\/uploads\/logo-blue.png","contentUrl":"https:\/\/leatai.com\/wp-content\/uploads\/logo-blue.png","width":230,"height":60,"caption":"Leatai Diary, customized journal and business organizer"},"image":{"@id":"https:\/\/leatai.com\/no\/#\/schema\/logo\/image\/"},"telephone":"+886-2-8227-8800","legalName":"Leatai Stationary Co., Ltd.","description":"A leading notebook factory in Taiwan offering bespoke branding, high-quality binding, and premium paper selections for corporate gifts and stationery wholesale.","address":{"@type":"PostalAddress","streetAddress":"11F., No. 168, Jiankang Rd.","addressLocality":"Zhonghe Dist.","addressRegion":"New Taipei City","postalCode":"235","addressCountry":"TW"},"contactPoint":{"@type":"ContactPoint","telephone":"+886-2-8227-8800","contactType":"sales","areaServed":"Worldwide","availableLanguage":["zh-TW","en"]}}]}},"_links":{"self":[{"href":"https:\/\/leatai.com\/no\/wp-json\/wp\/v2\/product\/280577","targetHints":{"allow":["GET"]}}],"collection":[{"href":"https:\/\/leatai.com\/no\/wp-json\/wp\/v2\/product"}],"about":[{"href":"https:\/\/leatai.com\/no\/wp-json\/wp\/v2\/types\/product"}],"wp:featuredmedia":[{"embeddable":true,"href":"https:\/\/leatai.com\/no\/wp-json\/wp\/v2\/media\/280580"}],"wp:attachment":[{"href":"https:\/\/leatai.com\/no\/wp-json\/wp\/v2\/media?parent=280577"}],"wp:term":[{"taxonomy":"product_brand","embeddable":true,"href":"https:\/\/leatai.com\/no\/wp-json\/wp\/v2\/product_brand?post=280577"},{"taxonomy":"product_cat","embeddable":true,"href":"https:\/\/leatai.com\/no\/wp-json\/wp\/v2\/product_cat?post=280577"},{"taxonomy":"product_tag","embeddable":true,"href":"https:\/\/leatai.com\/no\/wp-json\/wp\/v2\/product_tag?post=280577"},{"taxonomy":"home_works","embeddable":true,"href":"https:\/\/leatai.com\/no\/wp-json\/wp\/v2\/home_works?post=280577"}],"curies":[{"name":"wp","href":"https:\/\/api.w.org\/{rel}","templated":true}]}}