{"id":279093,"date":"2021-08-17T21:21:32","date_gmt":"2021-08-17T13:21:32","guid":{"rendered":"https:\/\/leatai.com\/product\/ukategorisert\/taiwan-international-windpower\/"},"modified":"2026-03-10T15:00:11","modified_gmt":"2026-03-10T07:00:11","slug":"taiwan-international-windpower","status":"publish","type":"product","link":"https:\/\/leatai.com\/no\/product\/ulike-oem-prover\/oem-losfals-notatbok\/taiwan-international-windpower\/","title":{"rendered":"Taiwan International Windpower"},"content":{"rendered":"<p>Kundenavn: Taiwan International Windpower<br \/>\nSaksst\u00f8rrelse: 25K<br \/>\nSakstype: Notatbok med l\u00f8se ark<br \/>\nOmslagseffekt: Preging<\/p>\n<p>N\u00f8kkelfunksjoner:<br \/>\nEn ny energisektor som Taiwan har prioritert utviklingen av de siste \u00e5rene, med en fremtid full av muligheter. Akkurat som de fargerike merkevarevalgene symboliserer den en ny begynnelse og bringer uendelige muligheter til mennesker.<\/p>\n<p>\ud83d\udcd6For standardprodukter av tilpassede notatb\u00f8ker \/ forretningsplanleggere, vennligst se:<br \/>\n<a href=\"https:\/\/leatai.com\/no\/produktkategori\/tilpasset-notatbok\/innbundet-notatbok\/\" target=\"_blank\" rel=\"noopener\">Hardcover notatbok \/ Hardcover forretningsplanlegger<\/a><br \/>\n<a href=\"https:\/\/leatai.com\/no\/produktkategori\/tilpasset-notatbok\/loseblad-notatbok\/\" target=\"_blank\" rel=\"noopener\">Notatbok med l\u00f8se ark \/ Forretningsplanlegger med l\u00f8se ark<\/a><br \/>\n<a href=\"https:\/\/leatai.com\/no\/produktkategori\/tilpasset-notatbok\/avtakbar-notatbok\/\" target=\"_blank\" rel=\"noopener\">Uttakbar notatbok med l\u00f8se ark \/ Uttakbar forretningsplanlegger<\/a><br \/>\n<a href=\"https:\/\/leatai.com\/no\/produktkategori\/tilpasset-notatbok\/paperback-notatbok\/\" target=\"_blank\" rel=\"noopener\">Paperback notatbok \/ Paperback forretningsplanlegger<\/a><br \/>\n<a href=\"https:\/\/leatai.com\/no\/produktkategori\/tilpasset-notatbok\/spiral-notatbok\/\" target=\"_blank\" rel=\"noopener\">Spiralbundet notatbok \/ Spiralbundet forretningsplanlegger<\/a><\/p>\n<p>\ud83d\udcd6For fullstendig forklaring av papirst\u00f8rrelser, vennligst se: <a href=\"https:\/\/leatai.com\/no\/notatbokskunnskap\/papirstorrelsesguide-forsta-vanlige-storrelser-som-b3-a4-b5-8k-16k-og-mer-en-omfattende-storrelsesdiagram-for-enkel-referanse\/\" target=\"_blank\" rel=\"noopener\">Papirst\u00f8rrelsesguide: Hvordan skille mellom vanlige st\u00f8rrelser som B3, A4, B5, 8K, 16K? En oversikt over papirst\u00f8rrelser som er lett \u00e5 forst\u00e5!<\/a><\/p>\n","protected":false},"excerpt":{"rendered":"<p>Kundenavn: Taiwan International Windpower Saksst\u00f8rrelse: 25K Sakstype: Notatbok med l\u00f8se ark Omslagseffekt: Preging N\u00f8kkelfunksjoner: En ny energisektor som Taiwan har prioritert utviklingen av de siste \u00e5rene, med en fremtid full av muligheter. Akkurat som de fargerike merkevarevalgene symboliserer den en ny begynnelse og bringer uendelige muligheter til mennesker. \ud83d\udcd6For standardprodukter av tilpassede notatb\u00f8ker \/ forretningsplanleggere, [&hellip;]<\/p>\n","protected":false},"featured_media":279094,"template":"","meta":{"_acf_changed":false},"product_brand":[],"product_cat":[898],"product_tag":[1547],"home_works":[],"class_list":{"0":"post-279093","1":"product","2":"type-product","3":"status-publish","4":"has-post-thumbnail","6":"product_cat-oem-losfals-notatbok","7":"product_tag-oem-no","9":"first","10":"outofstock","11":"sold-individually","12":"shipping-taxable","13":"purchasable","14":"product-type-variable","15":"has-default-attributes"},"acf":[],"yoast_head":"<!-- This site is optimized with the Yoast SEO plugin v27.2 - https:\/\/yoast.com\/product\/yoast-seo-wordpress\/ -->\n<title>Taiwan International Windpower - Ny energi, s\u00e5 fargerik - Leatai \u2013 Produsent av tilpassede notatb\u00f8ker<\/title>\n<meta name=\"description\" content=\"Kundenavn: Taiwan International Windpower Saksst\u00f8rrelse: 25K Sakstype: Notatbok med l\u00f8se ark Omslagseffekt: Preging N\u00f8kkelfunksjoner: En ny energisektor som Taiwan har prioritert utviklingen av de siste \u00e5rene, med en fremtid full av muligheter. Akkurat som de fargerike merkevarevalgene symboliserer den en ny begynnelse og bringer uendelige muligheter til mennesker.\" \/>\n<meta name=\"robots\" content=\"index, follow, max-snippet:-1, max-image-preview:large, max-video-preview:-1\" \/>\n<link rel=\"canonical\" href=\"https:\/\/leatai.com\/no\/product\/ulike-oem-prover\/oem-losfals-notatbok\/taiwan-international-windpower\/\" \/>\n<meta property=\"og:locale\" content=\"nb_NO\" \/>\n<meta property=\"og:type\" content=\"article\" \/>\n<meta property=\"og:title\" content=\"Taiwan International Windpower - Ny energi, s\u00e5 fargerik - Leatai \u2013 Produsent av tilpassede notatb\u00f8ker\" \/>\n<meta property=\"og:description\" content=\"Kundenavn: Taiwan International Windpower Saksst\u00f8rrelse: 25K Sakstype: Notatbok med l\u00f8se ark Omslagseffekt: Preging N\u00f8kkelfunksjoner: En ny energisektor som Taiwan har prioritert utviklingen av de siste \u00e5rene, med en fremtid full av muligheter. Akkurat som de fargerike merkevarevalgene symboliserer den en ny begynnelse og bringer uendelige muligheter til mennesker.\" \/>\n<meta property=\"og:url\" content=\"https:\/\/leatai.com\/no\/product\/ulike-oem-prover\/oem-losfals-notatbok\/taiwan-international-windpower\/\" \/>\n<meta property=\"og:site_name\" content=\"Leatai \u2013 Produsent av tilpassede notatb\u00f8ker\" \/>\n<meta property=\"article:modified_time\" content=\"2026-03-10T07:00:11+00:00\" \/>\n<meta property=\"og:image\" content=\"https:\/\/leatai.com\/wp-content\/uploads\/DSC_0658.jpg\" \/>\n\t<meta property=\"og:image:width\" content=\"1000\" \/>\n\t<meta property=\"og:image:height\" content=\"750\" \/>\n\t<meta property=\"og:image:type\" content=\"image\/jpeg\" \/>\n<meta name=\"twitter:card\" content=\"summary_large_image\" \/>\n<meta name=\"twitter:label1\" content=\"Ansl. lesetid\" \/>\n\t<meta name=\"twitter:data1\" content=\"1 minutt\" \/>\n<script type=\"application\/ld+json\" class=\"yoast-schema-graph\">{\"@context\":\"https:\/\/schema.org\",\"@graph\":[{\"@type\":\"WebPage\",\"@id\":\"https:\/\/leatai.com\/no\/product\/ulike-oem-prover\/oem-losfals-notatbok\/taiwan-international-windpower\/\",\"url\":\"https:\/\/leatai.com\/no\/product\/ulike-oem-prover\/oem-losfals-notatbok\/taiwan-international-windpower\/\",\"name\":\"Taiwan International Windpower - Ny energi, s\u00e5 fargerik - Leatai \u2013 Produsent av tilpassede notatb\u00f8ker\",\"isPartOf\":{\"@id\":\"https:\/\/leatai.com\/no\/#website\"},\"primaryImageOfPage\":{\"@id\":\"https:\/\/leatai.com\/no\/product\/ulike-oem-prover\/oem-losfals-notatbok\/taiwan-international-windpower\/#primaryimage\"},\"image\":{\"@id\":\"https:\/\/leatai.com\/no\/product\/ulike-oem-prover\/oem-losfals-notatbok\/taiwan-international-windpower\/#primaryimage\"},\"thumbnailUrl\":\"https:\/\/leatai.com\/wp-content\/uploads\/DSC_0658.jpg\",\"datePublished\":\"2021-08-17T13:21:32+00:00\",\"dateModified\":\"2026-03-10T07:00:11+00:00\",\"description\":\"Kundenavn: Taiwan International Windpower Saksst\u00f8rrelse: 25K Sakstype: Notatbok med l\u00f8se ark Omslagseffekt: Preging N\u00f8kkelfunksjoner: En ny energisektor som Taiwan har prioritert utviklingen av de siste \u00e5rene, med en fremtid full av muligheter. Akkurat som de fargerike merkevarevalgene symboliserer den en ny begynnelse og bringer uendelige muligheter til mennesker.\",\"breadcrumb\":{\"@id\":\"https:\/\/leatai.com\/no\/product\/ulike-oem-prover\/oem-losfals-notatbok\/taiwan-international-windpower\/#breadcrumb\"},\"inLanguage\":\"nb-NO\",\"potentialAction\":[{\"@type\":\"ReadAction\",\"target\":[\"https:\/\/leatai.com\/no\/product\/ulike-oem-prover\/oem-losfals-notatbok\/taiwan-international-windpower\/\"]}]},{\"@type\":\"ImageObject\",\"inLanguage\":\"nb-NO\",\"@id\":\"https:\/\/leatai.com\/no\/product\/ulike-oem-prover\/oem-losfals-notatbok\/taiwan-international-windpower\/#primaryimage\",\"url\":\"https:\/\/leatai.com\/wp-content\/uploads\/DSC_0658.jpg\",\"contentUrl\":\"https:\/\/leatai.com\/wp-content\/uploads\/DSC_0658.jpg\",\"width\":1000,\"height\":750,\"caption\":\"Ringperm for forretningsdagbok\"},{\"@type\":\"BreadcrumbList\",\"@id\":\"https:\/\/leatai.com\/no\/product\/ulike-oem-prover\/oem-losfals-notatbok\/taiwan-international-windpower\/#breadcrumb\",\"itemListElement\":[{\"@type\":\"ListItem\",\"position\":1,\"name\":\"Home\",\"item\":\"https:\/\/leatai.com\/no\/\"},{\"@type\":\"ListItem\",\"position\":2,\"name\":\"Produktpresentasjon\",\"item\":\"https:\/\/leatai.com\/products\/\"},{\"@type\":\"ListItem\",\"position\":3,\"name\":\"Ulike OEM-pr\u00f8ver\",\"item\":\"https:\/\/leatai.com\/no\/produktkategori\/ulike-oem-prover\/\"},{\"@type\":\"ListItem\",\"position\":4,\"name\":\"OEM L\u00f8sfals Notatbok\",\"item\":\"https:\/\/leatai.com\/no\/produktkategori\/ulike-oem-prover\/oem-losfals-notatbok\/\"},{\"@type\":\"ListItem\",\"position\":5,\"name\":\"Taiwan International Windpower\"}]},{\"@type\":\"WebSite\",\"@id\":\"https:\/\/leatai.com\/no\/#website\",\"url\":\"https:\/\/leatai.com\/no\/\",\"name\":\"Leatai \u2013 Produsent av tilpassede notatb\u00f8ker\",\"description\":\"Leatai tilbyr tilpassede notatb\u00f8ker og planleggere til globale merkevarer og distribut\u00f8rer.\",\"publisher\":{\"@id\":\"https:\/\/leatai.com\/no\/#organization\"},\"potentialAction\":[{\"@type\":\"SearchAction\",\"target\":{\"@type\":\"EntryPoint\",\"urlTemplate\":\"https:\/\/leatai.com\/no\/?s={search_term_string}\"},\"query-input\":{\"@type\":\"PropertyValueSpecification\",\"valueRequired\":true,\"valueName\":\"search_term_string\"}}],\"inLanguage\":\"nb-NO\"},{\"@type\":\"Organization\",\"@id\":\"https:\/\/leatai.com\/no\/#organization\",\"name\":\"Leatai Diary, customized journal and business organizer\",\"url\":\"https:\/\/leatai.com\/no\/\",\"logo\":{\"@type\":\"ImageObject\",\"inLanguage\":\"nb-NO\",\"@id\":\"https:\/\/leatai.com\/no\/#\/schema\/logo\/image\/\",\"url\":\"https:\/\/leatai.com\/wp-content\/uploads\/logo-blue.png\",\"contentUrl\":\"https:\/\/leatai.com\/wp-content\/uploads\/logo-blue.png\",\"width\":230,\"height\":60,\"caption\":\"Leatai Diary, customized journal and business organizer\"},\"image\":{\"@id\":\"https:\/\/leatai.com\/no\/#\/schema\/logo\/image\/\"},\"telephone\":\"+886-2-8227-8800\",\"legalName\":\"Leatai Stationary Co., Ltd.\",\"description\":\"A leading notebook factory in Taiwan offering bespoke branding, high-quality binding, and premium paper selections for corporate gifts and stationery wholesale.\",\"address\":{\"@type\":\"PostalAddress\",\"streetAddress\":\"11F., No. 168, Jiankang Rd.\",\"addressLocality\":\"Zhonghe Dist.\",\"addressRegion\":\"New Taipei City\",\"postalCode\":\"235\",\"addressCountry\":\"TW\"},\"contactPoint\":{\"@type\":\"ContactPoint\",\"telephone\":\"+886-2-8227-8800\",\"contactType\":\"sales\",\"areaServed\":\"Worldwide\",\"availableLanguage\":[\"zh-TW\",\"en\"]}}]}<\/script>\n<!-- \/ Yoast SEO plugin. -->","yoast_head_json":{"title":"Taiwan International Windpower - Ny energi, s\u00e5 fargerik - Leatai \u2013 Produsent av tilpassede notatb\u00f8ker","description":"Kundenavn: Taiwan International Windpower Saksst\u00f8rrelse: 25K Sakstype: Notatbok med l\u00f8se ark Omslagseffekt: Preging N\u00f8kkelfunksjoner: En ny energisektor som Taiwan har prioritert utviklingen av de siste \u00e5rene, med en fremtid full av muligheter. Akkurat som de fargerike merkevarevalgene symboliserer den en ny begynnelse og bringer uendelige muligheter til mennesker.","robots":{"index":"index","follow":"follow","max-snippet":"max-snippet:-1","max-image-preview":"max-image-preview:large","max-video-preview":"max-video-preview:-1"},"canonical":"https:\/\/leatai.com\/no\/product\/ulike-oem-prover\/oem-losfals-notatbok\/taiwan-international-windpower\/","og_locale":"nb_NO","og_type":"article","og_title":"Taiwan International Windpower - Ny energi, s\u00e5 fargerik - Leatai \u2013 Produsent av tilpassede notatb\u00f8ker","og_description":"Kundenavn: Taiwan International Windpower Saksst\u00f8rrelse: 25K Sakstype: Notatbok med l\u00f8se ark Omslagseffekt: Preging N\u00f8kkelfunksjoner: En ny energisektor som Taiwan har prioritert utviklingen av de siste \u00e5rene, med en fremtid full av muligheter. Akkurat som de fargerike merkevarevalgene symboliserer den en ny begynnelse og bringer uendelige muligheter til mennesker.","og_url":"https:\/\/leatai.com\/no\/product\/ulike-oem-prover\/oem-losfals-notatbok\/taiwan-international-windpower\/","og_site_name":"Leatai \u2013 Produsent av tilpassede notatb\u00f8ker","article_modified_time":"2026-03-10T07:00:11+00:00","og_image":[{"width":1000,"height":750,"url":"https:\/\/leatai.com\/wp-content\/uploads\/DSC_0658.jpg","type":"image\/jpeg"}],"twitter_card":"summary_large_image","twitter_misc":{"Ansl. lesetid":"1 minutt"},"schema":{"@context":"https:\/\/schema.org","@graph":[{"@type":"WebPage","@id":"https:\/\/leatai.com\/no\/product\/ulike-oem-prover\/oem-losfals-notatbok\/taiwan-international-windpower\/","url":"https:\/\/leatai.com\/no\/product\/ulike-oem-prover\/oem-losfals-notatbok\/taiwan-international-windpower\/","name":"Taiwan International Windpower - Ny energi, s\u00e5 fargerik - Leatai \u2013 Produsent av tilpassede notatb\u00f8ker","isPartOf":{"@id":"https:\/\/leatai.com\/no\/#website"},"primaryImageOfPage":{"@id":"https:\/\/leatai.com\/no\/product\/ulike-oem-prover\/oem-losfals-notatbok\/taiwan-international-windpower\/#primaryimage"},"image":{"@id":"https:\/\/leatai.com\/no\/product\/ulike-oem-prover\/oem-losfals-notatbok\/taiwan-international-windpower\/#primaryimage"},"thumbnailUrl":"https:\/\/leatai.com\/wp-content\/uploads\/DSC_0658.jpg","datePublished":"2021-08-17T13:21:32+00:00","dateModified":"2026-03-10T07:00:11+00:00","description":"Kundenavn: Taiwan International Windpower Saksst\u00f8rrelse: 25K Sakstype: Notatbok med l\u00f8se ark Omslagseffekt: Preging N\u00f8kkelfunksjoner: En ny energisektor som Taiwan har prioritert utviklingen av de siste \u00e5rene, med en fremtid full av muligheter. Akkurat som de fargerike merkevarevalgene symboliserer den en ny begynnelse og bringer uendelige muligheter til mennesker.","breadcrumb":{"@id":"https:\/\/leatai.com\/no\/product\/ulike-oem-prover\/oem-losfals-notatbok\/taiwan-international-windpower\/#breadcrumb"},"inLanguage":"nb-NO","potentialAction":[{"@type":"ReadAction","target":["https:\/\/leatai.com\/no\/product\/ulike-oem-prover\/oem-losfals-notatbok\/taiwan-international-windpower\/"]}]},{"@type":"ImageObject","inLanguage":"nb-NO","@id":"https:\/\/leatai.com\/no\/product\/ulike-oem-prover\/oem-losfals-notatbok\/taiwan-international-windpower\/#primaryimage","url":"https:\/\/leatai.com\/wp-content\/uploads\/DSC_0658.jpg","contentUrl":"https:\/\/leatai.com\/wp-content\/uploads\/DSC_0658.jpg","width":1000,"height":750,"caption":"Ringperm for forretningsdagbok"},{"@type":"BreadcrumbList","@id":"https:\/\/leatai.com\/no\/product\/ulike-oem-prover\/oem-losfals-notatbok\/taiwan-international-windpower\/#breadcrumb","itemListElement":[{"@type":"ListItem","position":1,"name":"Home","item":"https:\/\/leatai.com\/no\/"},{"@type":"ListItem","position":2,"name":"Produktpresentasjon","item":"https:\/\/leatai.com\/products\/"},{"@type":"ListItem","position":3,"name":"Ulike OEM-pr\u00f8ver","item":"https:\/\/leatai.com\/no\/produktkategori\/ulike-oem-prover\/"},{"@type":"ListItem","position":4,"name":"OEM L\u00f8sfals Notatbok","item":"https:\/\/leatai.com\/no\/produktkategori\/ulike-oem-prover\/oem-losfals-notatbok\/"},{"@type":"ListItem","position":5,"name":"Taiwan International Windpower"}]},{"@type":"WebSite","@id":"https:\/\/leatai.com\/no\/#website","url":"https:\/\/leatai.com\/no\/","name":"Leatai \u2013 Produsent av tilpassede notatb\u00f8ker","description":"Leatai tilbyr tilpassede notatb\u00f8ker og planleggere til globale merkevarer og distribut\u00f8rer.","publisher":{"@id":"https:\/\/leatai.com\/no\/#organization"},"potentialAction":[{"@type":"SearchAction","target":{"@type":"EntryPoint","urlTemplate":"https:\/\/leatai.com\/no\/?s={search_term_string}"},"query-input":{"@type":"PropertyValueSpecification","valueRequired":true,"valueName":"search_term_string"}}],"inLanguage":"nb-NO"},{"@type":"Organization","@id":"https:\/\/leatai.com\/no\/#organization","name":"Leatai Diary, customized journal and business organizer","url":"https:\/\/leatai.com\/no\/","logo":{"@type":"ImageObject","inLanguage":"nb-NO","@id":"https:\/\/leatai.com\/no\/#\/schema\/logo\/image\/","url":"https:\/\/leatai.com\/wp-content\/uploads\/logo-blue.png","contentUrl":"https:\/\/leatai.com\/wp-content\/uploads\/logo-blue.png","width":230,"height":60,"caption":"Leatai Diary, customized journal and business organizer"},"image":{"@id":"https:\/\/leatai.com\/no\/#\/schema\/logo\/image\/"},"telephone":"+886-2-8227-8800","legalName":"Leatai Stationary Co., Ltd.","description":"A leading notebook factory in Taiwan offering bespoke branding, high-quality binding, and premium paper selections for corporate gifts and stationery wholesale.","address":{"@type":"PostalAddress","streetAddress":"11F., No. 168, Jiankang Rd.","addressLocality":"Zhonghe Dist.","addressRegion":"New Taipei City","postalCode":"235","addressCountry":"TW"},"contactPoint":{"@type":"ContactPoint","telephone":"+886-2-8227-8800","contactType":"sales","areaServed":"Worldwide","availableLanguage":["zh-TW","en"]}}]}},"_links":{"self":[{"href":"https:\/\/leatai.com\/no\/wp-json\/wp\/v2\/product\/279093","targetHints":{"allow":["GET"]}}],"collection":[{"href":"https:\/\/leatai.com\/no\/wp-json\/wp\/v2\/product"}],"about":[{"href":"https:\/\/leatai.com\/no\/wp-json\/wp\/v2\/types\/product"}],"wp:featuredmedia":[{"embeddable":true,"href":"https:\/\/leatai.com\/no\/wp-json\/wp\/v2\/media\/279094"}],"wp:attachment":[{"href":"https:\/\/leatai.com\/no\/wp-json\/wp\/v2\/media?parent=279093"}],"wp:term":[{"taxonomy":"product_brand","embeddable":true,"href":"https:\/\/leatai.com\/no\/wp-json\/wp\/v2\/product_brand?post=279093"},{"taxonomy":"product_cat","embeddable":true,"href":"https:\/\/leatai.com\/no\/wp-json\/wp\/v2\/product_cat?post=279093"},{"taxonomy":"product_tag","embeddable":true,"href":"https:\/\/leatai.com\/no\/wp-json\/wp\/v2\/product_tag?post=279093"},{"taxonomy":"home_works","embeddable":true,"href":"https:\/\/leatai.com\/no\/wp-json\/wp\/v2\/home_works?post=279093"}],"curies":[{"name":"wp","href":"https:\/\/api.w.org\/{rel}","templated":true}]}}