{"id":233754,"date":"2021-06-24T13:24:25","date_gmt":"2021-06-24T05:24:25","guid":{"rendered":"https:\/\/leatai.com\/product\/ukategorisert\/cola-films-x-leatai\/"},"modified":"2026-03-17T14:24:20","modified_gmt":"2026-03-17T06:24:20","slug":"cola-films-x-leatai","status":"publish","type":"product","link":"https:\/\/leatai.com\/no\/product\/tverrindustrielt-samarbeid\/filmindustri\/cola-films-x-leatai\/","title":{"rendered":"Cola films x Leatai"},"content":{"rendered":"<p>Den japanske ungdomsregiss\u00f8ren Shunji Iwai sin vakreste og mest klassiske kj\u00e6rlighetsfilm som m\u00e5 sees, vender tilbake til det store lerretet i Taiwan i anledning 20-\u00e5rsjubileet etter premieren, og skaper igjen en nostalgisk b\u00f8lge fra japanske dramaserier!<\/p>\n<p>\u00abEt kj\u00e6rlighetsbrev sendt til himmelen \u00e5pner to dypt gripende kj\u00e6rlighetshistorier\u2026\u00bb<\/p>\n","protected":false},"excerpt":{"rendered":"<p>Den japanske ungdomsregiss\u00f8ren Shunji Iwai sin vakreste og mest klassiske kj\u00e6rlighetsfilm som m\u00e5 sees, vender tilbake til det store lerretet i Taiwan i anledning 20-\u00e5rsjubileet etter premieren, og skaper igjen en nostalgisk b\u00f8lge fra japanske dramaserier! \u00abEt kj\u00e6rlighetsbrev sendt til himmelen \u00e5pner to dypt gripende kj\u00e6rlighetshistorier\u2026\u00bb<\/p>\n","protected":false},"featured_media":233755,"template":"","meta":{"_acf_changed":false},"product_brand":[],"product_cat":[1093],"product_tag":[],"home_works":[],"class_list":{"0":"post-233754","1":"product","2":"type-product","3":"status-publish","4":"has-post-thumbnail","6":"product_cat-filmindustri","8":"first","9":"instock","10":"sold-individually","11":"shipping-taxable","12":"purchasable","13":"product-type-simple"},"acf":[],"yoast_head":"<!-- This site is optimized with the Yoast SEO plugin v27.2 - https:\/\/yoast.com\/product\/yoast-seo-wordpress\/ -->\n<title>Cola films x Leatai - Klassisk gjenoppst\u00e5tt samarbeidsnotatbok - Leatai \u2013 Produsent av tilpassede notatb\u00f8ker<\/title>\n<meta name=\"description\" content=\"Den japanske ungdomsregiss\u00f8ren Shunji Iwai sin vakreste og mest klassiske kj\u00e6rlighetsfilm som m\u00e5 sees, vender tilbake til det store lerretet i Taiwan i anledning 20-\u00e5rsjubileet etter premieren, og skaper igjen en nostalgisk b\u00f8lge fra japanske dramaserier! \u00abEt kj\u00e6rlighetsbrev sendt til himmelen \u00e5pner to dypt gripende kj\u00e6rlighetshistorier\u2026\u00bb\" \/>\n<meta name=\"robots\" content=\"index, follow, max-snippet:-1, max-image-preview:large, max-video-preview:-1\" \/>\n<link rel=\"canonical\" href=\"https:\/\/leatai.com\/no\/product\/tverrindustrielt-samarbeid\/filmindustri\/cola-films-x-leatai\/\" \/>\n<meta property=\"og:locale\" content=\"nb_NO\" \/>\n<meta property=\"og:type\" content=\"article\" \/>\n<meta property=\"og:title\" content=\"Cola films x Leatai - Klassisk gjenoppst\u00e5tt samarbeidsnotatbok - Leatai \u2013 Produsent av tilpassede notatb\u00f8ker\" \/>\n<meta property=\"og:description\" content=\"Den japanske ungdomsregiss\u00f8ren Shunji Iwai sin vakreste og mest klassiske kj\u00e6rlighetsfilm som m\u00e5 sees, vender tilbake til det store lerretet i Taiwan i anledning 20-\u00e5rsjubileet etter premieren, og skaper igjen en nostalgisk b\u00f8lge fra japanske dramaserier! \u00abEt kj\u00e6rlighetsbrev sendt til himmelen \u00e5pner to dypt gripende kj\u00e6rlighetshistorier\u2026\u00bb\" \/>\n<meta property=\"og:url\" content=\"https:\/\/leatai.com\/no\/product\/tverrindustrielt-samarbeid\/filmindustri\/cola-films-x-leatai\/\" \/>\n<meta property=\"og:site_name\" content=\"Leatai \u2013 Produsent av tilpassede notatb\u00f8ker\" \/>\n<meta property=\"article:modified_time\" content=\"2026-03-17T06:24:20+00:00\" \/>\n<meta property=\"og:image\" content=\"https:\/\/leatai.com\/wp-content\/uploads\/2020_06_17_1147370.jpg\" \/>\n\t<meta property=\"og:image:width\" content=\"1000\" \/>\n\t<meta property=\"og:image:height\" content=\"750\" \/>\n\t<meta property=\"og:image:type\" content=\"image\/jpeg\" \/>\n<meta name=\"twitter:card\" content=\"summary_large_image\" \/>\n<meta name=\"twitter:label1\" content=\"Ansl. lesetid\" \/>\n\t<meta name=\"twitter:data1\" content=\"1 minutt\" \/>\n<script type=\"application\/ld+json\" class=\"yoast-schema-graph\">{\"@context\":\"https:\/\/schema.org\",\"@graph\":[{\"@type\":\"WebPage\",\"@id\":\"https:\/\/leatai.com\/no\/product\/tverrindustrielt-samarbeid\/filmindustri\/cola-films-x-leatai\/\",\"url\":\"https:\/\/leatai.com\/no\/product\/tverrindustrielt-samarbeid\/filmindustri\/cola-films-x-leatai\/\",\"name\":\"Cola films x Leatai - Klassisk gjenoppst\u00e5tt samarbeidsnotatbok - Leatai \u2013 Produsent av tilpassede notatb\u00f8ker\",\"isPartOf\":{\"@id\":\"https:\/\/leatai.com\/no\/#website\"},\"primaryImageOfPage\":{\"@id\":\"https:\/\/leatai.com\/no\/product\/tverrindustrielt-samarbeid\/filmindustri\/cola-films-x-leatai\/#primaryimage\"},\"image\":{\"@id\":\"https:\/\/leatai.com\/no\/product\/tverrindustrielt-samarbeid\/filmindustri\/cola-films-x-leatai\/#primaryimage\"},\"thumbnailUrl\":\"https:\/\/leatai.com\/wp-content\/uploads\/2020_06_17_1147370.jpg\",\"datePublished\":\"2021-06-24T05:24:25+00:00\",\"dateModified\":\"2026-03-17T06:24:20+00:00\",\"description\":\"Den japanske ungdomsregiss\u00f8ren Shunji Iwai sin vakreste og mest klassiske kj\u00e6rlighetsfilm som m\u00e5 sees, vender tilbake til det store lerretet i Taiwan i anledning 20-\u00e5rsjubileet etter premieren, og skaper igjen en nostalgisk b\u00f8lge fra japanske dramaserier! \u00abEt kj\u00e6rlighetsbrev sendt til himmelen \u00e5pner to dypt gripende kj\u00e6rlighetshistorier\u2026\u00bb\",\"breadcrumb\":{\"@id\":\"https:\/\/leatai.com\/no\/product\/tverrindustrielt-samarbeid\/filmindustri\/cola-films-x-leatai\/#breadcrumb\"},\"inLanguage\":\"nb-NO\",\"potentialAction\":[{\"@type\":\"ReadAction\",\"target\":[\"https:\/\/leatai.com\/no\/product\/tverrindustrielt-samarbeid\/filmindustri\/cola-films-x-leatai\/\"]}]},{\"@type\":\"ImageObject\",\"inLanguage\":\"nb-NO\",\"@id\":\"https:\/\/leatai.com\/no\/product\/tverrindustrielt-samarbeid\/filmindustri\/cola-films-x-leatai\/#primaryimage\",\"url\":\"https:\/\/leatai.com\/wp-content\/uploads\/2020_06_17_1147370.jpg\",\"contentUrl\":\"https:\/\/leatai.com\/wp-content\/uploads\/2020_06_17_1147370.jpg\",\"width\":1000,\"height\":750,\"caption\":\"Samarbeidsnotatbok\"},{\"@type\":\"BreadcrumbList\",\"@id\":\"https:\/\/leatai.com\/no\/product\/tverrindustrielt-samarbeid\/filmindustri\/cola-films-x-leatai\/#breadcrumb\",\"itemListElement\":[{\"@type\":\"ListItem\",\"position\":1,\"name\":\"Home\",\"item\":\"https:\/\/leatai.com\/no\/\"},{\"@type\":\"ListItem\",\"position\":2,\"name\":\"Produktpresentasjon\",\"item\":\"https:\/\/leatai.com\/products\/\"},{\"@type\":\"ListItem\",\"position\":3,\"name\":\"Tverrindustrielt samarbeid\",\"item\":\"https:\/\/leatai.com\/no\/produktkategori\/tverrindustrielt-samarbeid\/\"},{\"@type\":\"ListItem\",\"position\":4,\"name\":\"Filmindustri\",\"item\":\"https:\/\/leatai.com\/no\/produktkategori\/tverrindustrielt-samarbeid\/filmindustri\/\"},{\"@type\":\"ListItem\",\"position\":5,\"name\":\"Cola films x Leatai\"}]},{\"@type\":\"WebSite\",\"@id\":\"https:\/\/leatai.com\/no\/#website\",\"url\":\"https:\/\/leatai.com\/no\/\",\"name\":\"Leatai \u2013 Produsent av tilpassede notatb\u00f8ker\",\"description\":\"Leatai tilbyr tilpassede notatb\u00f8ker og planleggere til globale merkevarer og distribut\u00f8rer.\",\"publisher\":{\"@id\":\"https:\/\/leatai.com\/no\/#organization\"},\"potentialAction\":[{\"@type\":\"SearchAction\",\"target\":{\"@type\":\"EntryPoint\",\"urlTemplate\":\"https:\/\/leatai.com\/no\/?s={search_term_string}\"},\"query-input\":{\"@type\":\"PropertyValueSpecification\",\"valueRequired\":true,\"valueName\":\"search_term_string\"}}],\"inLanguage\":\"nb-NO\"},{\"@type\":\"Organization\",\"@id\":\"https:\/\/leatai.com\/no\/#organization\",\"name\":\"Leatai Diary, customized journal and business organizer\",\"url\":\"https:\/\/leatai.com\/no\/\",\"logo\":{\"@type\":\"ImageObject\",\"inLanguage\":\"nb-NO\",\"@id\":\"https:\/\/leatai.com\/no\/#\/schema\/logo\/image\/\",\"url\":\"https:\/\/leatai.com\/wp-content\/uploads\/logo-blue.png\",\"contentUrl\":\"https:\/\/leatai.com\/wp-content\/uploads\/logo-blue.png\",\"width\":230,\"height\":60,\"caption\":\"Leatai Diary, customized journal and business organizer\"},\"image\":{\"@id\":\"https:\/\/leatai.com\/no\/#\/schema\/logo\/image\/\"}}]}<\/script>\n<!-- \/ Yoast SEO plugin. -->","yoast_head_json":{"title":"Cola films x Leatai - Klassisk gjenoppst\u00e5tt samarbeidsnotatbok - Leatai \u2013 Produsent av tilpassede notatb\u00f8ker","description":"Den japanske ungdomsregiss\u00f8ren Shunji Iwai sin vakreste og mest klassiske kj\u00e6rlighetsfilm som m\u00e5 sees, vender tilbake til det store lerretet i Taiwan i anledning 20-\u00e5rsjubileet etter premieren, og skaper igjen en nostalgisk b\u00f8lge fra japanske dramaserier! \u00abEt kj\u00e6rlighetsbrev sendt til himmelen \u00e5pner to dypt gripende kj\u00e6rlighetshistorier\u2026\u00bb","robots":{"index":"index","follow":"follow","max-snippet":"max-snippet:-1","max-image-preview":"max-image-preview:large","max-video-preview":"max-video-preview:-1"},"canonical":"https:\/\/leatai.com\/no\/product\/tverrindustrielt-samarbeid\/filmindustri\/cola-films-x-leatai\/","og_locale":"nb_NO","og_type":"article","og_title":"Cola films x Leatai - Klassisk gjenoppst\u00e5tt samarbeidsnotatbok - Leatai \u2013 Produsent av tilpassede notatb\u00f8ker","og_description":"Den japanske ungdomsregiss\u00f8ren Shunji Iwai sin vakreste og mest klassiske kj\u00e6rlighetsfilm som m\u00e5 sees, vender tilbake til det store lerretet i Taiwan i anledning 20-\u00e5rsjubileet etter premieren, og skaper igjen en nostalgisk b\u00f8lge fra japanske dramaserier! \u00abEt kj\u00e6rlighetsbrev sendt til himmelen \u00e5pner to dypt gripende kj\u00e6rlighetshistorier\u2026\u00bb","og_url":"https:\/\/leatai.com\/no\/product\/tverrindustrielt-samarbeid\/filmindustri\/cola-films-x-leatai\/","og_site_name":"Leatai \u2013 Produsent av tilpassede notatb\u00f8ker","article_modified_time":"2026-03-17T06:24:20+00:00","og_image":[{"width":1000,"height":750,"url":"https:\/\/leatai.com\/wp-content\/uploads\/2020_06_17_1147370.jpg","type":"image\/jpeg"}],"twitter_card":"summary_large_image","twitter_misc":{"Ansl. lesetid":"1 minutt"},"schema":{"@context":"https:\/\/schema.org","@graph":[{"@type":"WebPage","@id":"https:\/\/leatai.com\/no\/product\/tverrindustrielt-samarbeid\/filmindustri\/cola-films-x-leatai\/","url":"https:\/\/leatai.com\/no\/product\/tverrindustrielt-samarbeid\/filmindustri\/cola-films-x-leatai\/","name":"Cola films x Leatai - Klassisk gjenoppst\u00e5tt samarbeidsnotatbok - Leatai \u2013 Produsent av tilpassede notatb\u00f8ker","isPartOf":{"@id":"https:\/\/leatai.com\/no\/#website"},"primaryImageOfPage":{"@id":"https:\/\/leatai.com\/no\/product\/tverrindustrielt-samarbeid\/filmindustri\/cola-films-x-leatai\/#primaryimage"},"image":{"@id":"https:\/\/leatai.com\/no\/product\/tverrindustrielt-samarbeid\/filmindustri\/cola-films-x-leatai\/#primaryimage"},"thumbnailUrl":"https:\/\/leatai.com\/wp-content\/uploads\/2020_06_17_1147370.jpg","datePublished":"2021-06-24T05:24:25+00:00","dateModified":"2026-03-17T06:24:20+00:00","description":"Den japanske ungdomsregiss\u00f8ren Shunji Iwai sin vakreste og mest klassiske kj\u00e6rlighetsfilm som m\u00e5 sees, vender tilbake til det store lerretet i Taiwan i anledning 20-\u00e5rsjubileet etter premieren, og skaper igjen en nostalgisk b\u00f8lge fra japanske dramaserier! \u00abEt kj\u00e6rlighetsbrev sendt til himmelen \u00e5pner to dypt gripende kj\u00e6rlighetshistorier\u2026\u00bb","breadcrumb":{"@id":"https:\/\/leatai.com\/no\/product\/tverrindustrielt-samarbeid\/filmindustri\/cola-films-x-leatai\/#breadcrumb"},"inLanguage":"nb-NO","potentialAction":[{"@type":"ReadAction","target":["https:\/\/leatai.com\/no\/product\/tverrindustrielt-samarbeid\/filmindustri\/cola-films-x-leatai\/"]}]},{"@type":"ImageObject","inLanguage":"nb-NO","@id":"https:\/\/leatai.com\/no\/product\/tverrindustrielt-samarbeid\/filmindustri\/cola-films-x-leatai\/#primaryimage","url":"https:\/\/leatai.com\/wp-content\/uploads\/2020_06_17_1147370.jpg","contentUrl":"https:\/\/leatai.com\/wp-content\/uploads\/2020_06_17_1147370.jpg","width":1000,"height":750,"caption":"Samarbeidsnotatbok"},{"@type":"BreadcrumbList","@id":"https:\/\/leatai.com\/no\/product\/tverrindustrielt-samarbeid\/filmindustri\/cola-films-x-leatai\/#breadcrumb","itemListElement":[{"@type":"ListItem","position":1,"name":"Home","item":"https:\/\/leatai.com\/no\/"},{"@type":"ListItem","position":2,"name":"Produktpresentasjon","item":"https:\/\/leatai.com\/products\/"},{"@type":"ListItem","position":3,"name":"Tverrindustrielt samarbeid","item":"https:\/\/leatai.com\/no\/produktkategori\/tverrindustrielt-samarbeid\/"},{"@type":"ListItem","position":4,"name":"Filmindustri","item":"https:\/\/leatai.com\/no\/produktkategori\/tverrindustrielt-samarbeid\/filmindustri\/"},{"@type":"ListItem","position":5,"name":"Cola films x Leatai"}]},{"@type":"WebSite","@id":"https:\/\/leatai.com\/no\/#website","url":"https:\/\/leatai.com\/no\/","name":"Leatai \u2013 Produsent av tilpassede notatb\u00f8ker","description":"Leatai tilbyr tilpassede notatb\u00f8ker og planleggere til globale merkevarer og distribut\u00f8rer.","publisher":{"@id":"https:\/\/leatai.com\/no\/#organization"},"potentialAction":[{"@type":"SearchAction","target":{"@type":"EntryPoint","urlTemplate":"https:\/\/leatai.com\/no\/?s={search_term_string}"},"query-input":{"@type":"PropertyValueSpecification","valueRequired":true,"valueName":"search_term_string"}}],"inLanguage":"nb-NO"},{"@type":"Organization","@id":"https:\/\/leatai.com\/no\/#organization","name":"Leatai Diary, customized journal and business organizer","url":"https:\/\/leatai.com\/no\/","logo":{"@type":"ImageObject","inLanguage":"nb-NO","@id":"https:\/\/leatai.com\/no\/#\/schema\/logo\/image\/","url":"https:\/\/leatai.com\/wp-content\/uploads\/logo-blue.png","contentUrl":"https:\/\/leatai.com\/wp-content\/uploads\/logo-blue.png","width":230,"height":60,"caption":"Leatai Diary, customized journal and business organizer"},"image":{"@id":"https:\/\/leatai.com\/no\/#\/schema\/logo\/image\/"}}]}},"_links":{"self":[{"href":"https:\/\/leatai.com\/no\/wp-json\/wp\/v2\/product\/233754","targetHints":{"allow":["GET"]}}],"collection":[{"href":"https:\/\/leatai.com\/no\/wp-json\/wp\/v2\/product"}],"about":[{"href":"https:\/\/leatai.com\/no\/wp-json\/wp\/v2\/types\/product"}],"wp:featuredmedia":[{"embeddable":true,"href":"https:\/\/leatai.com\/no\/wp-json\/wp\/v2\/media\/233755"}],"wp:attachment":[{"href":"https:\/\/leatai.com\/no\/wp-json\/wp\/v2\/media?parent=233754"}],"wp:term":[{"taxonomy":"product_brand","embeddable":true,"href":"https:\/\/leatai.com\/no\/wp-json\/wp\/v2\/product_brand?post=233754"},{"taxonomy":"product_cat","embeddable":true,"href":"https:\/\/leatai.com\/no\/wp-json\/wp\/v2\/product_cat?post=233754"},{"taxonomy":"product_tag","embeddable":true,"href":"https:\/\/leatai.com\/no\/wp-json\/wp\/v2\/product_tag?post=233754"},{"taxonomy":"home_works","embeddable":true,"href":"https:\/\/leatai.com\/no\/wp-json\/wp\/v2\/home_works?post=233754"}],"curies":[{"name":"wp","href":"https:\/\/api.w.org\/{rel}","templated":true}]}}