{"id":123678,"date":"2023-05-22T20:31:41","date_gmt":"2023-05-22T12:31:41","guid":{"rendered":"https:\/\/leatai.com\/product\/niet-gecategoriseerd\/luxe-carbon-fiber-rollerbalpen-1\/"},"modified":"2025-02-18T15:59:23","modified_gmt":"2025-02-18T07:59:23","slug":"luxe-carbon-fiber-rollerbalpen-1","status":"publish","type":"product","link":"https:\/\/leatai.com\/nl\/product\/aangepast-notitieboek\/cadeauset\/luxe-carbon-fiber-rollerbalpen-1\/","title":{"rendered":"Luxe Carbon Fiber Rollerbalpen &#8211; 1"},"content":{"rendered":"<p><strong>Productmodel:<\/strong> Luxe Carbon Fiber Rollerbalpen &#8211; 1<br \/>\n<strong>Kleur:<\/strong> Zwart<br \/>\n<strong>Afmetingen:<\/strong> Ongeveer 14 cm lang<br \/>\n<strong>Vulling:<\/strong> Zwarte inkt, 0.5 mm punt<\/p>\n<p><strong>Verpakking:<\/strong><\/p>\n<ul>\n<li><strong>Standaard:<\/strong> Geen OPP-zak, direct in doos verpakt<\/li>\n<li><strong>Optioneel:<\/strong> OPP-zak (op aanvraag)<\/li>\n<li><strong>Doosverpakking:<\/strong> Extra kosten<\/li>\n<\/ul>\n<p><strong>LOGO-afwerkingsopties:<\/strong> Lasergravure<\/p>\n<h3><strong>Prijsinformatie:<\/strong><\/h3>\n<ul>\n<li>Eenheidsprijs: 190 NTD (inclusief \u00e9\u00e9n lasergravure)<\/li>\n<li>Optioneel leren penetui: Extra 130 NTD (inclusief \u00e9\u00e9n foliedruk)<\/li>\n<li>Prijs exclusief BTW, inclusief verzending binnen Taiwan (\u00e9\u00e9n afleveradres)<\/li>\n<li>Vanwege de lage eenheidsprijs moet de volledige betaling bij bestelling worden voldaan, ongeacht de hoeveelheid<\/li>\n<\/ul>\n<p>&nbsp;<\/p>\n<p>\ud83d\udcd6<strong>Standaard zakelijke planners:<\/strong> <a href=\"https:\/\/leatai.com\/nl\/product-categorie\/aangepast-notitieboek\/\" target=\"_blank\" rel=\"noopener\">Bekijk alle beschikbare modellen uit onze zakelijke planner-serie<\/a>\/<a href=\"https:\/\/leatai.com\/nl\/product-categorie\/inderpagina-indeling\/\" target=\"_blank\" rel=\"noopener\">Binnenpagina&#8217;s van zakelijke planners<\/a><\/p>\n<p>\ud83d\udcd6 <strong>Meer maatwerkopties voor notitieboeken en zakelijke planners:<\/strong><br \/>\nAanbevolen maatwerkopties voor het bedrukken en produceren van zakelijke planners:<\/p>\n<ul>\n<li><a href=\"https:\/\/leatai.com\/nl\/product-categorie\/verschillende-oem-monsters\/oem-hardcover-notitieboek\/\" target=\"_blank\" rel=\"noopener\">OEM Hardcover Planner<\/a><\/li>\n<li><a href=\"https:\/\/leatai.com\/nl\/product-categorie\/verschillende-oem-monsters\/oem-losbladig-notitieboek\/\" target=\"_blank\" rel=\"noopener\">OEM Losbladige Planner<\/a><\/li>\n<li><a href=\"https:\/\/leatai.com\/nl\/product-categorie\/verschillende-oem-monsters\/oem-verwijderbare-notitieboek\/\" target=\"_blank\" rel=\"noopener\">OEM Verwijderbare Losbladige Planner<\/a><\/li>\n<li><a href=\"https:\/\/leatai.com\/nl\/product-categorie\/verschillende-oem-monsters\/oem-paperback-notitieboek\/\" target=\"_blank\" rel=\"noopener\">OEM Paperback Planner<\/a><\/li>\n<li><a href=\"https:\/\/leatai.com\/nl\/product-categorie\/verschillende-oem-monsters\/oem-spiraalnotitieboek\/\" target=\"_blank\" rel=\"noopener\">OEM Spiraalgebonden Planner<\/a><\/li>\n<li><a href=\"https:\/\/leatai.com\/nl\/product-categorie\/verschillende-oem-monsters\/oem-kalender-nl\/\" target=\"_blank\" rel=\"noopener\">OEM Gepersonaliseerde Scheurkalenders en Bureaukalenders<\/a><\/li>\n<li><a href=\"https:\/\/leatai.com\/nl\/product-categorie\/verschillende-oem-monsters\/oem-overige\/\" target=\"_blank\" rel=\"noopener\">OEM Overige Maatwerkopties<\/a><\/li>\n<\/ul>\n<p>\ud83d\udcd6 <strong>Zakelijke planners in kleine oplages:<\/strong><br \/>\n<a href=\"https:\/\/leatai.com\/nl\/product-categorie\/goedkope-producten\/\" target=\"_blank\" rel=\"noopener\">Superdeal! Kleine oplages van op maat gemaakte notitieboeken \u2013 bestel al vanaf 100 stuks.<\/a><\/p>\n<p>\ud83d\udcd6 <strong>Volledige uitleg over formaten:<\/strong><br \/>\n<a href=\"https:\/\/leatai.com\/nl\/kennis-over-notitieboeken\/papierformatgids-begrijp-veelvoorkomende-formaten-zoals-b3-a4-b5-8k-16k-en-meer-een-uitgebreide-maattabel-voor-gemakkelijke-referentie\/\" target=\"_blank\" rel=\"noopener\">Raadpleeg onze Papierformaten Gids voor een overzicht van veelgebruikte maten zoals B3, A4, B5, 8K, 16K en meer. Bekijk eenvoudig de papierformaten met onze handige tabel!<\/a><\/p>\n","protected":false},"excerpt":{"rendered":"<p>Productmodel: Luxe Carbon Fiber Rollerbalpen &#8211; 1 Kleur: Zwart Afmetingen: Ongeveer 14 cm lang Vulling: Zwarte inkt, 0.5 mm punt Verpakking: Standaard: Geen OPP-zak, direct in doos verpakt Optioneel: OPP-zak (op aanvraag) Doosverpakking: Extra kosten LOGO-afwerkingsopties: Lasergravure Prijsinformatie: Eenheidsprijs: 190 NTD (inclusief \u00e9\u00e9n lasergravure) Optioneel leren penetui: Extra 130 NTD (inclusief \u00e9\u00e9n foliedruk) Prijs exclusief [&hellip;]<\/p>\n","protected":false},"featured_media":123679,"template":"","meta":{"_acf_changed":false},"product_brand":[],"product_cat":[815],"product_tag":[],"home_works":[],"class_list":{"0":"post-123678","1":"product","2":"type-product","3":"status-publish","4":"has-post-thumbnail","6":"product_cat-cadeauset","8":"first","9":"outofstock","10":"sold-individually","11":"shipping-taxable","12":"purchasable","13":"product-type-variable","14":"has-default-attributes"},"acf":[],"yoast_head":"<!-- This site is optimized with the Yoast SEO plugin v27.2 - https:\/\/yoast.com\/product\/yoast-seo-wordpress\/ -->\n<title>Luxe rollerbalpen - Aanbevolen voor zakelijke geschenken - Leatai \u2013 Producent van op maat gemaakte notitieboeken<\/title>\n<meta name=\"description\" content=\"Een op maat gemaakte notitieboek geschenkdoos moet worden gecombineerd met een goed schrijvende rollerbalpen voor de perfecte balans. Het materiaal en het gewicht zijn aanzienlijk beter dan gewone promotiepennen, waardoor het schrijven soepel verloopt. Bovendien kan een lasergravure worden toegevoegd voor een gepersonaliseerde touch. De verfijnde verpakking zorgt voor een stijlvolle en representatieve uitstraling, waardoor dit een ideale keuze is voor zakelijke geschenken.\" \/>\n<meta name=\"robots\" content=\"index, follow, max-snippet:-1, max-image-preview:large, max-video-preview:-1\" \/>\n<link rel=\"canonical\" href=\"https:\/\/leatai.com\/nl\/product\/aangepast-notitieboek\/cadeauset\/luxe-carbon-fiber-rollerbalpen-1\/\" \/>\n<meta property=\"og:locale\" content=\"nl_NL\" \/>\n<meta property=\"og:type\" content=\"article\" \/>\n<meta property=\"og:title\" content=\"Luxe rollerbalpen - Aanbevolen voor zakelijke geschenken - Leatai \u2013 Producent van op maat gemaakte notitieboeken\" \/>\n<meta property=\"og:description\" content=\"Een op maat gemaakte notitieboek geschenkdoos moet worden gecombineerd met een goed schrijvende rollerbalpen voor de perfecte balans. Het materiaal en het gewicht zijn aanzienlijk beter dan gewone promotiepennen, waardoor het schrijven soepel verloopt. Bovendien kan een lasergravure worden toegevoegd voor een gepersonaliseerde touch. De verfijnde verpakking zorgt voor een stijlvolle en representatieve uitstraling, waardoor dit een ideale keuze is voor zakelijke geschenken.\" \/>\n<meta property=\"og:url\" content=\"https:\/\/leatai.com\/nl\/product\/aangepast-notitieboek\/cadeauset\/luxe-carbon-fiber-rollerbalpen-1\/\" \/>\n<meta property=\"og:site_name\" content=\"Leatai \u2013 Producent van op maat gemaakte notitieboeken\" \/>\n<meta property=\"article:modified_time\" content=\"2025-02-18T07:59:23+00:00\" \/>\n<meta property=\"og:image\" content=\"https:\/\/leatai.com\/wp-content\/uploads\/DSC_0642.jpg\" \/>\n\t<meta property=\"og:image:width\" content=\"1000\" \/>\n\t<meta property=\"og:image:height\" content=\"750\" \/>\n\t<meta property=\"og:image:type\" content=\"image\/jpeg\" \/>\n<meta name=\"twitter:card\" content=\"summary_large_image\" \/>\n<meta name=\"twitter:label1\" content=\"Geschatte leestijd\" \/>\n\t<meta name=\"twitter:data1\" content=\"2 minuten\" \/>\n<script type=\"application\/ld+json\" class=\"yoast-schema-graph\">{\"@context\":\"https:\/\/schema.org\",\"@graph\":[{\"@type\":\"WebPage\",\"@id\":\"https:\/\/leatai.com\/nl\/product\/aangepast-notitieboek\/cadeauset\/luxe-carbon-fiber-rollerbalpen-1\/\",\"url\":\"https:\/\/leatai.com\/nl\/product\/aangepast-notitieboek\/cadeauset\/luxe-carbon-fiber-rollerbalpen-1\/\",\"name\":\"Luxe rollerbalpen - Aanbevolen voor zakelijke geschenken - Leatai \u2013 Producent van op maat gemaakte notitieboeken\",\"isPartOf\":{\"@id\":\"https:\/\/leatai.com\/nl\/#website\"},\"primaryImageOfPage\":{\"@id\":\"https:\/\/leatai.com\/nl\/product\/aangepast-notitieboek\/cadeauset\/luxe-carbon-fiber-rollerbalpen-1\/#primaryimage\"},\"image\":{\"@id\":\"https:\/\/leatai.com\/nl\/product\/aangepast-notitieboek\/cadeauset\/luxe-carbon-fiber-rollerbalpen-1\/#primaryimage\"},\"thumbnailUrl\":\"https:\/\/leatai.com\/wp-content\/uploads\/DSC_0642.jpg\",\"datePublished\":\"2023-05-22T12:31:41+00:00\",\"dateModified\":\"2025-02-18T07:59:23+00:00\",\"description\":\"Een op maat gemaakte notitieboek geschenkdoos moet worden gecombineerd met een goed schrijvende rollerbalpen voor de perfecte balans. Het materiaal en het gewicht zijn aanzienlijk beter dan gewone promotiepennen, waardoor het schrijven soepel verloopt. Bovendien kan een lasergravure worden toegevoegd voor een gepersonaliseerde touch. De verfijnde verpakking zorgt voor een stijlvolle en representatieve uitstraling, waardoor dit een ideale keuze is voor zakelijke geschenken.\",\"breadcrumb\":{\"@id\":\"https:\/\/leatai.com\/nl\/product\/aangepast-notitieboek\/cadeauset\/luxe-carbon-fiber-rollerbalpen-1\/#breadcrumb\"},\"inLanguage\":\"nl-NL\",\"potentialAction\":[{\"@type\":\"ReadAction\",\"target\":[\"https:\/\/leatai.com\/nl\/product\/aangepast-notitieboek\/cadeauset\/luxe-carbon-fiber-rollerbalpen-1\/\"]}]},{\"@type\":\"ImageObject\",\"inLanguage\":\"nl-NL\",\"@id\":\"https:\/\/leatai.com\/nl\/product\/aangepast-notitieboek\/cadeauset\/luxe-carbon-fiber-rollerbalpen-1\/#primaryimage\",\"url\":\"https:\/\/leatai.com\/wp-content\/uploads\/DSC_0642.jpg\",\"contentUrl\":\"https:\/\/leatai.com\/wp-content\/uploads\/DSC_0642.jpg\",\"width\":1000,\"height\":750,\"caption\":\"Luxe geschenkpen\"},{\"@type\":\"BreadcrumbList\",\"@id\":\"https:\/\/leatai.com\/nl\/product\/aangepast-notitieboek\/cadeauset\/luxe-carbon-fiber-rollerbalpen-1\/#breadcrumb\",\"itemListElement\":[{\"@type\":\"ListItem\",\"position\":1,\"name\":\"Home\",\"item\":\"https:\/\/leatai.com\/nl\/\"},{\"@type\":\"ListItem\",\"position\":2,\"name\":\"Productintroductie\",\"item\":\"https:\/\/leatai.com\/products\/\"},{\"@type\":\"ListItem\",\"position\":3,\"name\":\"Aangepast notitieboek\",\"item\":\"https:\/\/leatai.com\/nl\/product-categorie\/aangepast-notitieboek\/\"},{\"@type\":\"ListItem\",\"position\":4,\"name\":\"Cadeauset\",\"item\":\"https:\/\/leatai.com\/nl\/product-categorie\/aangepast-notitieboek\/cadeauset\/\"},{\"@type\":\"ListItem\",\"position\":5,\"name\":\"Luxe Carbon Fiber Rollerbalpen &#8211; 1\"}]},{\"@type\":\"WebSite\",\"@id\":\"https:\/\/leatai.com\/nl\/#website\",\"url\":\"https:\/\/leatai.com\/nl\/\",\"name\":\"Leatai \u2013 Producent van op maat gemaakte notitieboeken\",\"description\":\"Leatai levert op maat gemaakte notitieboeken en planners aan merken en distributeurs wereldwijd.\",\"publisher\":{\"@id\":\"https:\/\/leatai.com\/nl\/#organization\"},\"potentialAction\":[{\"@type\":\"SearchAction\",\"target\":{\"@type\":\"EntryPoint\",\"urlTemplate\":\"https:\/\/leatai.com\/nl\/?s={search_term_string}\"},\"query-input\":{\"@type\":\"PropertyValueSpecification\",\"valueRequired\":true,\"valueName\":\"search_term_string\"}}],\"inLanguage\":\"nl-NL\"},{\"@type\":\"Organization\",\"@id\":\"https:\/\/leatai.com\/nl\/#organization\",\"name\":\"Leatai Diary, customized journal and business organizer\",\"url\":\"https:\/\/leatai.com\/nl\/\",\"logo\":{\"@type\":\"ImageObject\",\"inLanguage\":\"nl-NL\",\"@id\":\"https:\/\/leatai.com\/nl\/#\/schema\/logo\/image\/\",\"url\":\"https:\/\/leatai.com\/wp-content\/uploads\/logo-blue.png\",\"contentUrl\":\"https:\/\/leatai.com\/wp-content\/uploads\/logo-blue.png\",\"width\":230,\"height\":60,\"caption\":\"Leatai Diary, customized journal and business organizer\"},\"image\":{\"@id\":\"https:\/\/leatai.com\/nl\/#\/schema\/logo\/image\/\"}}]}<\/script>\n<!-- \/ Yoast SEO plugin. -->","yoast_head_json":{"title":"Luxe rollerbalpen - Aanbevolen voor zakelijke geschenken - Leatai \u2013 Producent van op maat gemaakte notitieboeken","description":"Een op maat gemaakte notitieboek geschenkdoos moet worden gecombineerd met een goed schrijvende rollerbalpen voor de perfecte balans. Het materiaal en het gewicht zijn aanzienlijk beter dan gewone promotiepennen, waardoor het schrijven soepel verloopt. Bovendien kan een lasergravure worden toegevoegd voor een gepersonaliseerde touch. De verfijnde verpakking zorgt voor een stijlvolle en representatieve uitstraling, waardoor dit een ideale keuze is voor zakelijke geschenken.","robots":{"index":"index","follow":"follow","max-snippet":"max-snippet:-1","max-image-preview":"max-image-preview:large","max-video-preview":"max-video-preview:-1"},"canonical":"https:\/\/leatai.com\/nl\/product\/aangepast-notitieboek\/cadeauset\/luxe-carbon-fiber-rollerbalpen-1\/","og_locale":"nl_NL","og_type":"article","og_title":"Luxe rollerbalpen - Aanbevolen voor zakelijke geschenken - Leatai \u2013 Producent van op maat gemaakte notitieboeken","og_description":"Een op maat gemaakte notitieboek geschenkdoos moet worden gecombineerd met een goed schrijvende rollerbalpen voor de perfecte balans. Het materiaal en het gewicht zijn aanzienlijk beter dan gewone promotiepennen, waardoor het schrijven soepel verloopt. Bovendien kan een lasergravure worden toegevoegd voor een gepersonaliseerde touch. De verfijnde verpakking zorgt voor een stijlvolle en representatieve uitstraling, waardoor dit een ideale keuze is voor zakelijke geschenken.","og_url":"https:\/\/leatai.com\/nl\/product\/aangepast-notitieboek\/cadeauset\/luxe-carbon-fiber-rollerbalpen-1\/","og_site_name":"Leatai \u2013 Producent van op maat gemaakte notitieboeken","article_modified_time":"2025-02-18T07:59:23+00:00","og_image":[{"width":1000,"height":750,"url":"https:\/\/leatai.com\/wp-content\/uploads\/DSC_0642.jpg","type":"image\/jpeg"}],"twitter_card":"summary_large_image","twitter_misc":{"Geschatte leestijd":"2 minuten"},"schema":{"@context":"https:\/\/schema.org","@graph":[{"@type":"WebPage","@id":"https:\/\/leatai.com\/nl\/product\/aangepast-notitieboek\/cadeauset\/luxe-carbon-fiber-rollerbalpen-1\/","url":"https:\/\/leatai.com\/nl\/product\/aangepast-notitieboek\/cadeauset\/luxe-carbon-fiber-rollerbalpen-1\/","name":"Luxe rollerbalpen - Aanbevolen voor zakelijke geschenken - Leatai \u2013 Producent van op maat gemaakte notitieboeken","isPartOf":{"@id":"https:\/\/leatai.com\/nl\/#website"},"primaryImageOfPage":{"@id":"https:\/\/leatai.com\/nl\/product\/aangepast-notitieboek\/cadeauset\/luxe-carbon-fiber-rollerbalpen-1\/#primaryimage"},"image":{"@id":"https:\/\/leatai.com\/nl\/product\/aangepast-notitieboek\/cadeauset\/luxe-carbon-fiber-rollerbalpen-1\/#primaryimage"},"thumbnailUrl":"https:\/\/leatai.com\/wp-content\/uploads\/DSC_0642.jpg","datePublished":"2023-05-22T12:31:41+00:00","dateModified":"2025-02-18T07:59:23+00:00","description":"Een op maat gemaakte notitieboek geschenkdoos moet worden gecombineerd met een goed schrijvende rollerbalpen voor de perfecte balans. Het materiaal en het gewicht zijn aanzienlijk beter dan gewone promotiepennen, waardoor het schrijven soepel verloopt. Bovendien kan een lasergravure worden toegevoegd voor een gepersonaliseerde touch. De verfijnde verpakking zorgt voor een stijlvolle en representatieve uitstraling, waardoor dit een ideale keuze is voor zakelijke geschenken.","breadcrumb":{"@id":"https:\/\/leatai.com\/nl\/product\/aangepast-notitieboek\/cadeauset\/luxe-carbon-fiber-rollerbalpen-1\/#breadcrumb"},"inLanguage":"nl-NL","potentialAction":[{"@type":"ReadAction","target":["https:\/\/leatai.com\/nl\/product\/aangepast-notitieboek\/cadeauset\/luxe-carbon-fiber-rollerbalpen-1\/"]}]},{"@type":"ImageObject","inLanguage":"nl-NL","@id":"https:\/\/leatai.com\/nl\/product\/aangepast-notitieboek\/cadeauset\/luxe-carbon-fiber-rollerbalpen-1\/#primaryimage","url":"https:\/\/leatai.com\/wp-content\/uploads\/DSC_0642.jpg","contentUrl":"https:\/\/leatai.com\/wp-content\/uploads\/DSC_0642.jpg","width":1000,"height":750,"caption":"Luxe geschenkpen"},{"@type":"BreadcrumbList","@id":"https:\/\/leatai.com\/nl\/product\/aangepast-notitieboek\/cadeauset\/luxe-carbon-fiber-rollerbalpen-1\/#breadcrumb","itemListElement":[{"@type":"ListItem","position":1,"name":"Home","item":"https:\/\/leatai.com\/nl\/"},{"@type":"ListItem","position":2,"name":"Productintroductie","item":"https:\/\/leatai.com\/products\/"},{"@type":"ListItem","position":3,"name":"Aangepast notitieboek","item":"https:\/\/leatai.com\/nl\/product-categorie\/aangepast-notitieboek\/"},{"@type":"ListItem","position":4,"name":"Cadeauset","item":"https:\/\/leatai.com\/nl\/product-categorie\/aangepast-notitieboek\/cadeauset\/"},{"@type":"ListItem","position":5,"name":"Luxe Carbon Fiber Rollerbalpen &#8211; 1"}]},{"@type":"WebSite","@id":"https:\/\/leatai.com\/nl\/#website","url":"https:\/\/leatai.com\/nl\/","name":"Leatai \u2013 Producent van op maat gemaakte notitieboeken","description":"Leatai levert op maat gemaakte notitieboeken en planners aan merken en distributeurs wereldwijd.","publisher":{"@id":"https:\/\/leatai.com\/nl\/#organization"},"potentialAction":[{"@type":"SearchAction","target":{"@type":"EntryPoint","urlTemplate":"https:\/\/leatai.com\/nl\/?s={search_term_string}"},"query-input":{"@type":"PropertyValueSpecification","valueRequired":true,"valueName":"search_term_string"}}],"inLanguage":"nl-NL"},{"@type":"Organization","@id":"https:\/\/leatai.com\/nl\/#organization","name":"Leatai Diary, customized journal and business organizer","url":"https:\/\/leatai.com\/nl\/","logo":{"@type":"ImageObject","inLanguage":"nl-NL","@id":"https:\/\/leatai.com\/nl\/#\/schema\/logo\/image\/","url":"https:\/\/leatai.com\/wp-content\/uploads\/logo-blue.png","contentUrl":"https:\/\/leatai.com\/wp-content\/uploads\/logo-blue.png","width":230,"height":60,"caption":"Leatai Diary, customized journal and business organizer"},"image":{"@id":"https:\/\/leatai.com\/nl\/#\/schema\/logo\/image\/"}}]}},"_links":{"self":[{"href":"https:\/\/leatai.com\/nl\/wp-json\/wp\/v2\/product\/123678","targetHints":{"allow":["GET"]}}],"collection":[{"href":"https:\/\/leatai.com\/nl\/wp-json\/wp\/v2\/product"}],"about":[{"href":"https:\/\/leatai.com\/nl\/wp-json\/wp\/v2\/types\/product"}],"wp:featuredmedia":[{"embeddable":true,"href":"https:\/\/leatai.com\/nl\/wp-json\/wp\/v2\/media\/123679"}],"wp:attachment":[{"href":"https:\/\/leatai.com\/nl\/wp-json\/wp\/v2\/media?parent=123678"}],"wp:term":[{"taxonomy":"product_brand","embeddable":true,"href":"https:\/\/leatai.com\/nl\/wp-json\/wp\/v2\/product_brand?post=123678"},{"taxonomy":"product_cat","embeddable":true,"href":"https:\/\/leatai.com\/nl\/wp-json\/wp\/v2\/product_cat?post=123678"},{"taxonomy":"product_tag","embeddable":true,"href":"https:\/\/leatai.com\/nl\/wp-json\/wp\/v2\/product_tag?post=123678"},{"taxonomy":"home_works","embeddable":true,"href":"https:\/\/leatai.com\/nl\/wp-json\/wp\/v2\/home_works?post=123678"}],"curies":[{"name":"wp","href":"https:\/\/api.w.org\/{rel}","templated":true}]}}