{"id":122636,"date":"2021-06-24T13:40:53","date_gmt":"2021-06-24T05:40:53","guid":{"rendered":"https:\/\/leatai.com\/product\/niet-gecategoriseerd\/lef-047\/"},"modified":"2025-02-18T13:47:59","modified_gmt":"2025-02-18T05:47:59","slug":"lef-047","status":"publish","type":"product","link":"https:\/\/leatai.com\/nl\/product\/aangepast-notitieboek\/losbladig-notitieboek\/lef-047\/","title":{"rendered":"LEF-047"},"content":{"rendered":"<p><strong>Productcode:<\/strong> LEF-047<br \/>\n<strong>Omslagmateriaal:<\/strong> Kleurveranderend PU-synthetisch leer<br \/>\n<strong>Kleur:<\/strong> Grijs \/ Roze<br \/>\n<strong>Specificaties:<\/strong> 16K \/ 25K \/ 48K <a href=\"https:\/\/leatai.com\/nl\/faq\/wat-zijn-8k-16k-en-25k-plannerformaten-hoe-groot-zijn-ze\/\" target=\"_blank\" rel=\"noopener\">(Gangbare afmetingen)<\/a><br \/>\n<strong>Binnenpagina&#8217;s:<\/strong> Standaardontwerp<a href=\"https:\/\/leatai.com\/nl\/product-categorie\/inderpagina-indeling\/\" target=\"_blank\" rel=\"noopener\">(Keuze uit verschillende indelingen)<\/a><br \/>\n<strong>Verpakking:<\/strong> OPP-zak (Optioneel)<br \/>\n<strong>Logo-afwerkingsmethoden:<\/strong> Goudfolie, Zilverfolie, Blinddruk<\/p>\n<p><strong>Productbeschrijving<\/strong><br \/>\nLeatai-productcode: LEF-047. Ge\u00efnspireerd door het georganiseerde ritme van een werkruimte, weerspiegelt deze business planner het belang van een dagelijkse routine. Na observatie van talloze bureaus bleek \u00e9\u00e9n patroon steeds terug te komen: een subtiele ceremoni\u00eble start helpt mensen om zich volledig te focussen en taken effici\u00ebnt af te ronden. Dit ontwerp versterkt die mindset, waardoor uw productiviteit en concentratie naar een hoger niveau worden getild.<\/p>\n<p>&nbsp;<\/p>\n<p>\ud83d\udcd6<strong>Standaard zakelijke planners:<\/strong> <a href=\"https:\/\/leatai.com\/nl\/product-categorie\/aangepast-notitieboek\/\" target=\"_blank\" rel=\"noopener\">Bekijk alle beschikbare modellen uit onze zakelijke planner-serie<\/a>\/<a href=\"https:\/\/leatai.com\/nl\/product-categorie\/inderpagina-indeling\/\" target=\"_blank\" rel=\"noopener\">Binnenpagina&#8217;s van zakelijke planners<\/a><\/p>\n<p>\ud83d\udcd6 <strong>Meer maatwerkopties voor notitieboeken en zakelijke planners:<\/strong><br \/>\nAanbevolen maatwerkopties voor het bedrukken en produceren van zakelijke planners:<\/p>\n<ul>\n<li><a href=\"https:\/\/leatai.com\/nl\/product-categorie\/verschillende-oem-monsters\/oem-hardcover-notitieboek\/\" target=\"_blank\" rel=\"noopener\">OEM Hardcover Planner<\/a><\/li>\n<li><a href=\"https:\/\/leatai.com\/nl\/product-categorie\/verschillende-oem-monsters\/oem-losbladig-notitieboek\/\" target=\"_blank\" rel=\"noopener\">OEM Losbladige Planner<\/a><\/li>\n<li><a href=\"https:\/\/leatai.com\/nl\/product-categorie\/verschillende-oem-monsters\/oem-verwijderbare-notitieboek\/\" target=\"_blank\" rel=\"noopener\">OEM Verwijderbare Losbladige Planner<\/a><\/li>\n<li><a href=\"https:\/\/leatai.com\/nl\/product-categorie\/verschillende-oem-monsters\/oem-paperback-notitieboek\/\" target=\"_blank\" rel=\"noopener\">OEM Paperback Planner<\/a><\/li>\n<li><a href=\"https:\/\/leatai.com\/nl\/product-categorie\/verschillende-oem-monsters\/oem-spiraalnotitieboek\/\" target=\"_blank\" rel=\"noopener\">OEM Spiraalgebonden Planner<\/a><\/li>\n<li><a href=\"https:\/\/leatai.com\/nl\/product-categorie\/verschillende-oem-monsters\/oem-kalender-nl\/\" target=\"_blank\" rel=\"noopener\">OEM Gepersonaliseerde Scheurkalenders en Bureaukalenders<\/a><\/li>\n<li><a href=\"https:\/\/leatai.com\/nl\/product-categorie\/verschillende-oem-monsters\/oem-overige\/\" target=\"_blank\" rel=\"noopener\">OEM Overige Maatwerkopties<\/a><\/li>\n<\/ul>\n<p>\ud83d\udcd6 <strong>Zakelijke planners in kleine oplages:<\/strong><br \/>\n<a href=\"https:\/\/leatai.com\/nl\/product-categorie\/goedkope-producten\/\" target=\"_blank\" rel=\"noopener\">Superdeal! Kleine oplages van op maat gemaakte notitieboeken \u2013 bestel al vanaf 100 stuks.<\/a><\/p>\n<p>\ud83d\udcd6 <strong>Volledige uitleg over formaten:<\/strong><br \/>\n<a href=\"https:\/\/leatai.com\/nl\/kennis-over-notitieboeken\/papierformatgids-begrijp-veelvoorkomende-formaten-zoals-b3-a4-b5-8k-16k-en-meer-een-uitgebreide-maattabel-voor-gemakkelijke-referentie\/\" target=\"_blank\" rel=\"noopener\">Raadpleeg onze Papierformaten Gids voor een overzicht van veelgebruikte maten zoals B3, A4, B5, 8K, 16K en meer. Bekijk eenvoudig de papierformaten met onze handige tabel!<\/a><\/p>\n","protected":false},"excerpt":{"rendered":"<p>Productcode: LEF-047 Omslagmateriaal: Kleurveranderend PU-synthetisch leer Kleur: Grijs \/ Roze Specificaties: 16K \/ 25K \/ 48K (Gangbare afmetingen) Binnenpagina&#8217;s: Standaardontwerp(Keuze uit verschillende indelingen) Verpakking: OPP-zak (Optioneel) Logo-afwerkingsmethoden: Goudfolie, Zilverfolie, Blinddruk Productbeschrijving Leatai-productcode: LEF-047. Ge\u00efnspireerd door het georganiseerde ritme van een werkruimte, weerspiegelt deze business planner het belang van een dagelijkse routine. Na observatie van talloze [&hellip;]<\/p>\n","protected":false},"featured_media":122637,"template":"","meta":{"_acf_changed":false},"product_brand":[],"product_cat":[760],"product_tag":[1297],"home_works":[],"class_list":{"0":"post-122636","1":"product","2":"type-product","3":"status-publish","4":"has-post-thumbnail","6":"product_cat-losbladig-notitieboek","7":"product_tag-op-maat-gemaakt-notitieboek","9":"first","10":"outofstock","11":"sold-individually","12":"shipping-taxable","13":"purchasable","14":"product-type-variable","15":"has-default-attributes"},"acf":[],"yoast_head":"<!-- This site is optimized with the Yoast SEO plugin v27.2 - https:\/\/yoast.com\/product\/yoast-seo-wordpress\/ -->\n<title>LEF-047 - De rituelen van het dagelijks leven beginnen hier. - Leatai \u2013 Producent van op maat gemaakte notitieboeken<\/title>\n<meta name=\"description\" content=\"Leatai-productcode: LEF-047. Ge\u00efnspireerd door het georganiseerde ritme van een werkruimte, weerspiegelt deze business planner het belang van een dagelijkse routine. Na observatie van talloze bureaus bleek \u00e9\u00e9n patroon steeds terug te komen: een subtiele ceremoni\u00eble start helpt mensen om zich volledig te focussen en taken effici\u00ebnt af te ronden. Dit ontwerp versterkt die mindset, waardoor uw productiviteit en concentratie naar een hoger niveau worden getild.\" \/>\n<meta name=\"robots\" content=\"index, follow, max-snippet:-1, max-image-preview:large, max-video-preview:-1\" \/>\n<link rel=\"canonical\" href=\"https:\/\/leatai.com\/nl\/product\/aangepast-notitieboek\/losbladig-notitieboek\/lef-047\/\" \/>\n<meta property=\"og:locale\" content=\"nl_NL\" \/>\n<meta property=\"og:type\" content=\"article\" \/>\n<meta property=\"og:title\" content=\"LEF-047 - De rituelen van het dagelijks leven beginnen hier. - Leatai \u2013 Producent van op maat gemaakte notitieboeken\" \/>\n<meta property=\"og:description\" content=\"Leatai-productcode: LEF-047. Ge\u00efnspireerd door het georganiseerde ritme van een werkruimte, weerspiegelt deze business planner het belang van een dagelijkse routine. Na observatie van talloze bureaus bleek \u00e9\u00e9n patroon steeds terug te komen: een subtiele ceremoni\u00eble start helpt mensen om zich volledig te focussen en taken effici\u00ebnt af te ronden. Dit ontwerp versterkt die mindset, waardoor uw productiviteit en concentratie naar een hoger niveau worden getild.\" \/>\n<meta property=\"og:url\" content=\"https:\/\/leatai.com\/nl\/product\/aangepast-notitieboek\/losbladig-notitieboek\/lef-047\/\" \/>\n<meta property=\"og:site_name\" content=\"Leatai \u2013 Producent van op maat gemaakte notitieboeken\" \/>\n<meta property=\"article:modified_time\" content=\"2025-02-18T05:47:59+00:00\" \/>\n<meta property=\"og:image\" content=\"https:\/\/leatai.com\/wp-content\/uploads\/2018_07_29_2129540.jpg\" \/>\n\t<meta property=\"og:image:width\" content=\"1000\" \/>\n\t<meta property=\"og:image:height\" content=\"750\" \/>\n\t<meta property=\"og:image:type\" content=\"image\/jpeg\" \/>\n<meta name=\"twitter:card\" content=\"summary_large_image\" \/>\n<meta name=\"twitter:label1\" content=\"Geschatte leestijd\" \/>\n\t<meta name=\"twitter:data1\" content=\"2 minuten\" \/>\n<script type=\"application\/ld+json\" class=\"yoast-schema-graph\">{\"@context\":\"https:\/\/schema.org\",\"@graph\":[{\"@type\":\"WebPage\",\"@id\":\"https:\/\/leatai.com\/nl\/product\/aangepast-notitieboek\/losbladig-notitieboek\/lef-047\/\",\"url\":\"https:\/\/leatai.com\/nl\/product\/aangepast-notitieboek\/losbladig-notitieboek\/lef-047\/\",\"name\":\"LEF-047 - De rituelen van het dagelijks leven beginnen hier. - Leatai \u2013 Producent van op maat gemaakte notitieboeken\",\"isPartOf\":{\"@id\":\"https:\/\/leatai.com\/nl\/#website\"},\"primaryImageOfPage\":{\"@id\":\"https:\/\/leatai.com\/nl\/product\/aangepast-notitieboek\/losbladig-notitieboek\/lef-047\/#primaryimage\"},\"image\":{\"@id\":\"https:\/\/leatai.com\/nl\/product\/aangepast-notitieboek\/losbladig-notitieboek\/lef-047\/#primaryimage\"},\"thumbnailUrl\":\"https:\/\/leatai.com\/wp-content\/uploads\/2018_07_29_2129540.jpg\",\"datePublished\":\"2021-06-24T05:40:53+00:00\",\"dateModified\":\"2025-02-18T05:47:59+00:00\",\"description\":\"Leatai-productcode: LEF-047. Ge\u00efnspireerd door het georganiseerde ritme van een werkruimte, weerspiegelt deze business planner het belang van een dagelijkse routine. Na observatie van talloze bureaus bleek \u00e9\u00e9n patroon steeds terug te komen: een subtiele ceremoni\u00eble start helpt mensen om zich volledig te focussen en taken effici\u00ebnt af te ronden. Dit ontwerp versterkt die mindset, waardoor uw productiviteit en concentratie naar een hoger niveau worden getild.\",\"breadcrumb\":{\"@id\":\"https:\/\/leatai.com\/nl\/product\/aangepast-notitieboek\/losbladig-notitieboek\/lef-047\/#breadcrumb\"},\"inLanguage\":\"nl-NL\",\"potentialAction\":[{\"@type\":\"ReadAction\",\"target\":[\"https:\/\/leatai.com\/nl\/product\/aangepast-notitieboek\/losbladig-notitieboek\/lef-047\/\"]}]},{\"@type\":\"ImageObject\",\"inLanguage\":\"nl-NL\",\"@id\":\"https:\/\/leatai.com\/nl\/product\/aangepast-notitieboek\/losbladig-notitieboek\/lef-047\/#primaryimage\",\"url\":\"https:\/\/leatai.com\/wp-content\/uploads\/2018_07_29_2129540.jpg\",\"contentUrl\":\"https:\/\/leatai.com\/wp-content\/uploads\/2018_07_29_2129540.jpg\",\"width\":1000,\"height\":750},{\"@type\":\"BreadcrumbList\",\"@id\":\"https:\/\/leatai.com\/nl\/product\/aangepast-notitieboek\/losbladig-notitieboek\/lef-047\/#breadcrumb\",\"itemListElement\":[{\"@type\":\"ListItem\",\"position\":1,\"name\":\"Home\",\"item\":\"https:\/\/leatai.com\/nl\/\"},{\"@type\":\"ListItem\",\"position\":2,\"name\":\"Productintroductie\",\"item\":\"https:\/\/leatai.com\/products\/\"},{\"@type\":\"ListItem\",\"position\":3,\"name\":\"Aangepast notitieboek\",\"item\":\"https:\/\/leatai.com\/nl\/product-categorie\/aangepast-notitieboek\/\"},{\"@type\":\"ListItem\",\"position\":4,\"name\":\"Losbladig notitieboek\",\"item\":\"https:\/\/leatai.com\/nl\/product-categorie\/aangepast-notitieboek\/losbladig-notitieboek\/\"},{\"@type\":\"ListItem\",\"position\":5,\"name\":\"LEF-047\"}]},{\"@type\":\"WebSite\",\"@id\":\"https:\/\/leatai.com\/nl\/#website\",\"url\":\"https:\/\/leatai.com\/nl\/\",\"name\":\"Leatai \u2013 Producent van op maat gemaakte notitieboeken\",\"description\":\"Leatai levert op maat gemaakte notitieboeken en planners aan merken en distributeurs wereldwijd.\",\"publisher\":{\"@id\":\"https:\/\/leatai.com\/nl\/#organization\"},\"potentialAction\":[{\"@type\":\"SearchAction\",\"target\":{\"@type\":\"EntryPoint\",\"urlTemplate\":\"https:\/\/leatai.com\/nl\/?s={search_term_string}\"},\"query-input\":{\"@type\":\"PropertyValueSpecification\",\"valueRequired\":true,\"valueName\":\"search_term_string\"}}],\"inLanguage\":\"nl-NL\"},{\"@type\":\"Organization\",\"@id\":\"https:\/\/leatai.com\/nl\/#organization\",\"name\":\"Leatai Diary, customized journal and business organizer\",\"url\":\"https:\/\/leatai.com\/nl\/\",\"logo\":{\"@type\":\"ImageObject\",\"inLanguage\":\"nl-NL\",\"@id\":\"https:\/\/leatai.com\/nl\/#\/schema\/logo\/image\/\",\"url\":\"https:\/\/leatai.com\/wp-content\/uploads\/logo-blue.png\",\"contentUrl\":\"https:\/\/leatai.com\/wp-content\/uploads\/logo-blue.png\",\"width\":230,\"height\":60,\"caption\":\"Leatai Diary, customized journal and business organizer\"},\"image\":{\"@id\":\"https:\/\/leatai.com\/nl\/#\/schema\/logo\/image\/\"}}]}<\/script>\n<!-- \/ Yoast SEO plugin. -->","yoast_head_json":{"title":"LEF-047 - De rituelen van het dagelijks leven beginnen hier. - Leatai \u2013 Producent van op maat gemaakte notitieboeken","description":"Leatai-productcode: LEF-047. Ge\u00efnspireerd door het georganiseerde ritme van een werkruimte, weerspiegelt deze business planner het belang van een dagelijkse routine. Na observatie van talloze bureaus bleek \u00e9\u00e9n patroon steeds terug te komen: een subtiele ceremoni\u00eble start helpt mensen om zich volledig te focussen en taken effici\u00ebnt af te ronden. Dit ontwerp versterkt die mindset, waardoor uw productiviteit en concentratie naar een hoger niveau worden getild.","robots":{"index":"index","follow":"follow","max-snippet":"max-snippet:-1","max-image-preview":"max-image-preview:large","max-video-preview":"max-video-preview:-1"},"canonical":"https:\/\/leatai.com\/nl\/product\/aangepast-notitieboek\/losbladig-notitieboek\/lef-047\/","og_locale":"nl_NL","og_type":"article","og_title":"LEF-047 - De rituelen van het dagelijks leven beginnen hier. - Leatai \u2013 Producent van op maat gemaakte notitieboeken","og_description":"Leatai-productcode: LEF-047. Ge\u00efnspireerd door het georganiseerde ritme van een werkruimte, weerspiegelt deze business planner het belang van een dagelijkse routine. Na observatie van talloze bureaus bleek \u00e9\u00e9n patroon steeds terug te komen: een subtiele ceremoni\u00eble start helpt mensen om zich volledig te focussen en taken effici\u00ebnt af te ronden. Dit ontwerp versterkt die mindset, waardoor uw productiviteit en concentratie naar een hoger niveau worden getild.","og_url":"https:\/\/leatai.com\/nl\/product\/aangepast-notitieboek\/losbladig-notitieboek\/lef-047\/","og_site_name":"Leatai \u2013 Producent van op maat gemaakte notitieboeken","article_modified_time":"2025-02-18T05:47:59+00:00","og_image":[{"width":1000,"height":750,"url":"https:\/\/leatai.com\/wp-content\/uploads\/2018_07_29_2129540.jpg","type":"image\/jpeg"}],"twitter_card":"summary_large_image","twitter_misc":{"Geschatte leestijd":"2 minuten"},"schema":{"@context":"https:\/\/schema.org","@graph":[{"@type":"WebPage","@id":"https:\/\/leatai.com\/nl\/product\/aangepast-notitieboek\/losbladig-notitieboek\/lef-047\/","url":"https:\/\/leatai.com\/nl\/product\/aangepast-notitieboek\/losbladig-notitieboek\/lef-047\/","name":"LEF-047 - De rituelen van het dagelijks leven beginnen hier. - Leatai \u2013 Producent van op maat gemaakte notitieboeken","isPartOf":{"@id":"https:\/\/leatai.com\/nl\/#website"},"primaryImageOfPage":{"@id":"https:\/\/leatai.com\/nl\/product\/aangepast-notitieboek\/losbladig-notitieboek\/lef-047\/#primaryimage"},"image":{"@id":"https:\/\/leatai.com\/nl\/product\/aangepast-notitieboek\/losbladig-notitieboek\/lef-047\/#primaryimage"},"thumbnailUrl":"https:\/\/leatai.com\/wp-content\/uploads\/2018_07_29_2129540.jpg","datePublished":"2021-06-24T05:40:53+00:00","dateModified":"2025-02-18T05:47:59+00:00","description":"Leatai-productcode: LEF-047. Ge\u00efnspireerd door het georganiseerde ritme van een werkruimte, weerspiegelt deze business planner het belang van een dagelijkse routine. Na observatie van talloze bureaus bleek \u00e9\u00e9n patroon steeds terug te komen: een subtiele ceremoni\u00eble start helpt mensen om zich volledig te focussen en taken effici\u00ebnt af te ronden. Dit ontwerp versterkt die mindset, waardoor uw productiviteit en concentratie naar een hoger niveau worden getild.","breadcrumb":{"@id":"https:\/\/leatai.com\/nl\/product\/aangepast-notitieboek\/losbladig-notitieboek\/lef-047\/#breadcrumb"},"inLanguage":"nl-NL","potentialAction":[{"@type":"ReadAction","target":["https:\/\/leatai.com\/nl\/product\/aangepast-notitieboek\/losbladig-notitieboek\/lef-047\/"]}]},{"@type":"ImageObject","inLanguage":"nl-NL","@id":"https:\/\/leatai.com\/nl\/product\/aangepast-notitieboek\/losbladig-notitieboek\/lef-047\/#primaryimage","url":"https:\/\/leatai.com\/wp-content\/uploads\/2018_07_29_2129540.jpg","contentUrl":"https:\/\/leatai.com\/wp-content\/uploads\/2018_07_29_2129540.jpg","width":1000,"height":750},{"@type":"BreadcrumbList","@id":"https:\/\/leatai.com\/nl\/product\/aangepast-notitieboek\/losbladig-notitieboek\/lef-047\/#breadcrumb","itemListElement":[{"@type":"ListItem","position":1,"name":"Home","item":"https:\/\/leatai.com\/nl\/"},{"@type":"ListItem","position":2,"name":"Productintroductie","item":"https:\/\/leatai.com\/products\/"},{"@type":"ListItem","position":3,"name":"Aangepast notitieboek","item":"https:\/\/leatai.com\/nl\/product-categorie\/aangepast-notitieboek\/"},{"@type":"ListItem","position":4,"name":"Losbladig notitieboek","item":"https:\/\/leatai.com\/nl\/product-categorie\/aangepast-notitieboek\/losbladig-notitieboek\/"},{"@type":"ListItem","position":5,"name":"LEF-047"}]},{"@type":"WebSite","@id":"https:\/\/leatai.com\/nl\/#website","url":"https:\/\/leatai.com\/nl\/","name":"Leatai \u2013 Producent van op maat gemaakte notitieboeken","description":"Leatai levert op maat gemaakte notitieboeken en planners aan merken en distributeurs wereldwijd.","publisher":{"@id":"https:\/\/leatai.com\/nl\/#organization"},"potentialAction":[{"@type":"SearchAction","target":{"@type":"EntryPoint","urlTemplate":"https:\/\/leatai.com\/nl\/?s={search_term_string}"},"query-input":{"@type":"PropertyValueSpecification","valueRequired":true,"valueName":"search_term_string"}}],"inLanguage":"nl-NL"},{"@type":"Organization","@id":"https:\/\/leatai.com\/nl\/#organization","name":"Leatai Diary, customized journal and business organizer","url":"https:\/\/leatai.com\/nl\/","logo":{"@type":"ImageObject","inLanguage":"nl-NL","@id":"https:\/\/leatai.com\/nl\/#\/schema\/logo\/image\/","url":"https:\/\/leatai.com\/wp-content\/uploads\/logo-blue.png","contentUrl":"https:\/\/leatai.com\/wp-content\/uploads\/logo-blue.png","width":230,"height":60,"caption":"Leatai Diary, customized journal and business organizer"},"image":{"@id":"https:\/\/leatai.com\/nl\/#\/schema\/logo\/image\/"}}]}},"_links":{"self":[{"href":"https:\/\/leatai.com\/nl\/wp-json\/wp\/v2\/product\/122636","targetHints":{"allow":["GET"]}}],"collection":[{"href":"https:\/\/leatai.com\/nl\/wp-json\/wp\/v2\/product"}],"about":[{"href":"https:\/\/leatai.com\/nl\/wp-json\/wp\/v2\/types\/product"}],"wp:featuredmedia":[{"embeddable":true,"href":"https:\/\/leatai.com\/nl\/wp-json\/wp\/v2\/media\/122637"}],"wp:attachment":[{"href":"https:\/\/leatai.com\/nl\/wp-json\/wp\/v2\/media?parent=122636"}],"wp:term":[{"taxonomy":"product_brand","embeddable":true,"href":"https:\/\/leatai.com\/nl\/wp-json\/wp\/v2\/product_brand?post=122636"},{"taxonomy":"product_cat","embeddable":true,"href":"https:\/\/leatai.com\/nl\/wp-json\/wp\/v2\/product_cat?post=122636"},{"taxonomy":"product_tag","embeddable":true,"href":"https:\/\/leatai.com\/nl\/wp-json\/wp\/v2\/product_tag?post=122636"},{"taxonomy":"home_works","embeddable":true,"href":"https:\/\/leatai.com\/nl\/wp-json\/wp\/v2\/home_works?post=122636"}],"curies":[{"name":"wp","href":"https:\/\/api.w.org\/{rel}","templated":true}]}}