{"id":118340,"date":"2021-06-24T13:31:58","date_gmt":"2021-06-24T05:31:58","guid":{"rendered":"https:\/\/leatai.com\/product\/niet-gecategoriseerd\/ldo-017\/"},"modified":"2025-02-17T14:33:41","modified_gmt":"2025-02-17T06:33:41","slug":"ldo-017","status":"publish","type":"product","link":"https:\/\/leatai.com\/nl\/product\/aangepast-notitieboek\/verwijderbaar-notitieboek\/ldo-017\/","title":{"rendered":"LDO-017"},"content":{"rendered":"<p><strong>Productmodel:<\/strong> LDO-017<br \/>\n<strong>Materiaal voorzijde:<\/strong> Synthetisch lamsleer<br \/>\n<strong>Kleuren:<\/strong> Rood \/ Blauw \/ Zwart \/ Bruin<br \/>\n<strong>Specificaties:<\/strong> 25K (20-rings \/ 6-rings) \/ 48K (18-rings \/ 6-rings)<a href=\"https:\/\/leatai.com\/nl\/faq\/wat-zijn-8k-16k-en-25k-plannerformaten-hoe-groot-zijn-ze\/\" target=\"_blank\" rel=\"noopener\"> (Gangbare afmetingen)<\/a><br \/>\n<strong>Binnenpagina&#8217;s:<\/strong> Standaard editie <a href=\"https:\/\/leatai.com\/nl\/product-categorie\/inderpagina-indeling\/\" target=\"_blank\" rel=\"noopener\">(Keuze uit verschillende indelingen)<\/a><br \/>\n<strong>Verpakking:<\/strong> OPP-zak (optioneel)<br \/>\n<strong>Logo-verwerkingsmethoden:<\/strong> Goudfolie, zilverfolie, reli\u00ebfdruk<\/p>\n<p><strong>Productbeschrijving<\/strong><\/p>\n<p><strong>Leatai productmodel: LDO-017<\/strong><br \/>\nDe best verkochte verwijderbare planner in onze collectie. De klassieke lamsleertextuur biedt een onge\u00ebvenaarde luxe uitstraling, terwijl het subtiele reli\u00ebfpatroon de eenvoudige afwerking naar een hoger niveau tilt. Met de toevoeging van een reli\u00ebfdruk met kleurveranderingseffect voor het logo is het geen verrassing dat dit model al jarenlang een bestseller is.<\/p>\n<p>&nbsp;<\/p>\n<p>\ud83d\udcd6<strong>Standaard zakelijke planners:<\/strong> <a href=\"https:\/\/leatai.com\/nl\/product-categorie\/aangepast-notitieboek\/\" target=\"_blank\" rel=\"noopener\">Bekijk alle beschikbare modellen uit onze zakelijke planner-serie<\/a>\/<a href=\"https:\/\/leatai.com\/nl\/product-categorie\/inderpagina-indeling\/\" target=\"_blank\" rel=\"noopener\">Binnenpagina&#8217;s van zakelijke planners<\/a><\/p>\n<p>\ud83d\udcd6 <strong>Meer maatwerkopties voor notitieboeken en zakelijke planners:<\/strong><br \/>\nAanbevolen maatwerkopties voor het bedrukken en produceren van zakelijke planners:<\/p>\n<ul>\n<li><a href=\"https:\/\/leatai.com\/nl\/product-categorie\/verschillende-oem-monsters\/oem-hardcover-notitieboek\/\" target=\"_blank\" rel=\"noopener\">OEM Hardcover Planner<\/a><\/li>\n<li><a href=\"https:\/\/leatai.com\/nl\/product-categorie\/verschillende-oem-monsters\/oem-losbladig-notitieboek\/\" target=\"_blank\" rel=\"noopener\">OEM Losbladige Planner<\/a><\/li>\n<li><a href=\"https:\/\/leatai.com\/nl\/product-categorie\/verschillende-oem-monsters\/oem-verwijderbare-notitieboek\/\" target=\"_blank\" rel=\"noopener\">OEM Verwijderbare Losbladige Planner<\/a><\/li>\n<li><a href=\"https:\/\/leatai.com\/nl\/product-categorie\/verschillende-oem-monsters\/oem-paperback-notitieboek\/\" target=\"_blank\" rel=\"noopener\">OEM Paperback Planner<\/a><\/li>\n<li><a href=\"https:\/\/leatai.com\/nl\/product-categorie\/verschillende-oem-monsters\/oem-spiraalnotitieboek\/\" target=\"_blank\" rel=\"noopener\">OEM Spiraalgebonden Planner<\/a><\/li>\n<li><a href=\"https:\/\/leatai.com\/nl\/product-categorie\/verschillende-oem-monsters\/oem-kalender-nl\/\" target=\"_blank\" rel=\"noopener\">OEM Gepersonaliseerde Scheurkalenders en Bureaukalenders<\/a><\/li>\n<li><a href=\"https:\/\/leatai.com\/nl\/product-categorie\/verschillende-oem-monsters\/oem-overige\/\" target=\"_blank\" rel=\"noopener\">OEM Overige Maatwerkopties<\/a><\/li>\n<\/ul>\n<p>\ud83d\udcd6 <strong>Zakelijke planners in kleine oplages:<\/strong><br \/>\n<a href=\"https:\/\/leatai.com\/nl\/product-categorie\/goedkope-producten\/\" target=\"_blank\" rel=\"noopener\">Superdeal! Kleine oplages van op maat gemaakte notitieboeken \u2013 bestel al vanaf 100 stuks.<\/a><\/p>\n<p>\ud83d\udcd6 <strong>Volledige uitleg over formaten:<\/strong><br \/>\n<a href=\"https:\/\/leatai.com\/nl\/kennis-over-notitieboeken\/papierformatgids-begrijp-veelvoorkomende-formaten-zoals-b3-a4-b5-8k-16k-en-meer-een-uitgebreide-maattabel-voor-gemakkelijke-referentie\/\" target=\"_blank\" rel=\"noopener\">Raadpleeg onze Papierformaten Gids voor een overzicht van veelgebruikte maten zoals B3, A4, B5, 8K, 16K en meer. Bekijk eenvoudig de papierformaten met onze handige tabel!<\/a><\/p>\n<p><iframe title=\"How to DIY a removable notebook\" width=\"800\" height=\"450\" src=\"https:\/\/www.youtube.com\/embed\/OsLvh1PRzxo?feature=oembed&#038;enablejsapi=1&#038;origin=https:\/\/leatai.com\" frameborder=\"0\" allow=\"accelerometer; autoplay; clipboard-write; encrypted-media; gyroscope; picture-in-picture; web-share\" referrerpolicy=\"strict-origin-when-cross-origin\" allowfullscreen><\/iframe><\/p>\n","protected":false},"excerpt":{"rendered":"<p>Productmodel: LDO-017 Materiaal voorzijde: Synthetisch lamsleer Kleuren: Rood \/ Blauw \/ Zwart \/ Bruin Specificaties: 25K (20-rings \/ 6-rings) \/ 48K (18-rings \/ 6-rings) (Gangbare afmetingen) Binnenpagina&#8217;s: Standaard editie (Keuze uit verschillende indelingen) Verpakking: OPP-zak (optioneel) Logo-verwerkingsmethoden: Goudfolie, zilverfolie, reli\u00ebfdruk Productbeschrijving Leatai productmodel: LDO-017 De best verkochte verwijderbare planner in onze collectie. De klassieke lamsleertextuur [&hellip;]<\/p>\n","protected":false},"featured_media":118361,"template":"","meta":{"_acf_changed":false},"product_brand":[],"product_cat":[778],"product_tag":[1297],"home_works":[],"class_list":{"0":"post-118340","1":"product","2":"type-product","3":"status-publish","4":"has-post-thumbnail","6":"product_cat-verwijderbaar-notitieboek","7":"product_tag-op-maat-gemaakt-notitieboek","9":"first","10":"outofstock","11":"sold-individually","12":"shipping-taxable","13":"purchasable","14":"product-type-variable","15":"has-default-attributes"},"acf":[],"yoast_head":"<!-- This site is optimized with the Yoast SEO plugin v27.2 - https:\/\/yoast.com\/product\/yoast-seo-wordpress\/ -->\n<title>LDO-017 - De meest klassieke lamsleertextuur. - Leatai \u2013 Producent van op maat gemaakte notitieboeken<\/title>\n<meta name=\"description\" content=\"De best verkochte verwijderbare planner in onze collectie. De klassieke lamsleertextuur biedt een onge\u00ebvenaarde luxe uitstraling, terwijl het subtiele reli\u00ebfpatroon de eenvoudige afwerking naar een hoger niveau tilt. Met de toevoeging van een reli\u00ebfdruk met kleurveranderingseffect voor het logo is het geen verrassing dat dit model al jarenlang een bestseller is.\" \/>\n<meta name=\"robots\" content=\"index, follow, max-snippet:-1, max-image-preview:large, max-video-preview:-1\" \/>\n<link rel=\"canonical\" href=\"https:\/\/leatai.com\/nl\/product\/aangepast-notitieboek\/verwijderbaar-notitieboek\/ldo-017\/\" \/>\n<meta property=\"og:locale\" content=\"nl_NL\" \/>\n<meta property=\"og:type\" content=\"article\" \/>\n<meta property=\"og:title\" content=\"LDO-017 - De meest klassieke lamsleertextuur. - Leatai \u2013 Producent van op maat gemaakte notitieboeken\" \/>\n<meta property=\"og:description\" content=\"De best verkochte verwijderbare planner in onze collectie. De klassieke lamsleertextuur biedt een onge\u00ebvenaarde luxe uitstraling, terwijl het subtiele reli\u00ebfpatroon de eenvoudige afwerking naar een hoger niveau tilt. Met de toevoeging van een reli\u00ebfdruk met kleurveranderingseffect voor het logo is het geen verrassing dat dit model al jarenlang een bestseller is.\" \/>\n<meta property=\"og:url\" content=\"https:\/\/leatai.com\/nl\/product\/aangepast-notitieboek\/verwijderbaar-notitieboek\/ldo-017\/\" \/>\n<meta property=\"og:site_name\" content=\"Leatai \u2013 Producent van op maat gemaakte notitieboeken\" \/>\n<meta property=\"article:modified_time\" content=\"2025-02-17T06:33:41+00:00\" \/>\n<meta property=\"og:image\" content=\"https:\/\/leatai.com\/wp-content\/uploads\/2015_09_09_2029440.jpg\" \/>\n\t<meta property=\"og:image:width\" content=\"1000\" \/>\n\t<meta property=\"og:image:height\" content=\"750\" \/>\n\t<meta property=\"og:image:type\" content=\"image\/jpeg\" \/>\n<meta name=\"twitter:card\" content=\"summary_large_image\" \/>\n<meta name=\"twitter:label1\" content=\"Geschatte leestijd\" \/>\n\t<meta name=\"twitter:data1\" content=\"2 minuten\" \/>\n<script type=\"application\/ld+json\" class=\"yoast-schema-graph\">{\"@context\":\"https:\/\/schema.org\",\"@graph\":[{\"@type\":\"WebPage\",\"@id\":\"https:\/\/leatai.com\/nl\/product\/aangepast-notitieboek\/verwijderbaar-notitieboek\/ldo-017\/\",\"url\":\"https:\/\/leatai.com\/nl\/product\/aangepast-notitieboek\/verwijderbaar-notitieboek\/ldo-017\/\",\"name\":\"LDO-017 - De meest klassieke lamsleertextuur. - Leatai \u2013 Producent van op maat gemaakte notitieboeken\",\"isPartOf\":{\"@id\":\"https:\/\/leatai.com\/nl\/#website\"},\"primaryImageOfPage\":{\"@id\":\"https:\/\/leatai.com\/nl\/product\/aangepast-notitieboek\/verwijderbaar-notitieboek\/ldo-017\/#primaryimage\"},\"image\":{\"@id\":\"https:\/\/leatai.com\/nl\/product\/aangepast-notitieboek\/verwijderbaar-notitieboek\/ldo-017\/#primaryimage\"},\"thumbnailUrl\":\"https:\/\/leatai.com\/wp-content\/uploads\/2015_09_09_2029440.jpg\",\"datePublished\":\"2021-06-24T05:31:58+00:00\",\"dateModified\":\"2025-02-17T06:33:41+00:00\",\"description\":\"De best verkochte verwijderbare planner in onze collectie. De klassieke lamsleertextuur biedt een onge\u00ebvenaarde luxe uitstraling, terwijl het subtiele reli\u00ebfpatroon de eenvoudige afwerking naar een hoger niveau tilt. Met de toevoeging van een reli\u00ebfdruk met kleurveranderingseffect voor het logo is het geen verrassing dat dit model al jarenlang een bestseller is.\",\"breadcrumb\":{\"@id\":\"https:\/\/leatai.com\/nl\/product\/aangepast-notitieboek\/verwijderbaar-notitieboek\/ldo-017\/#breadcrumb\"},\"inLanguage\":\"nl-NL\",\"potentialAction\":[{\"@type\":\"ReadAction\",\"target\":[\"https:\/\/leatai.com\/nl\/product\/aangepast-notitieboek\/verwijderbaar-notitieboek\/ldo-017\/\"]}]},{\"@type\":\"ImageObject\",\"inLanguage\":\"nl-NL\",\"@id\":\"https:\/\/leatai.com\/nl\/product\/aangepast-notitieboek\/verwijderbaar-notitieboek\/ldo-017\/#primaryimage\",\"url\":\"https:\/\/leatai.com\/wp-content\/uploads\/2015_09_09_2029440.jpg\",\"contentUrl\":\"https:\/\/leatai.com\/wp-content\/uploads\/2015_09_09_2029440.jpg\",\"width\":1000,\"height\":750},{\"@type\":\"BreadcrumbList\",\"@id\":\"https:\/\/leatai.com\/nl\/product\/aangepast-notitieboek\/verwijderbaar-notitieboek\/ldo-017\/#breadcrumb\",\"itemListElement\":[{\"@type\":\"ListItem\",\"position\":1,\"name\":\"Home\",\"item\":\"https:\/\/leatai.com\/nl\/\"},{\"@type\":\"ListItem\",\"position\":2,\"name\":\"Productintroductie\",\"item\":\"https:\/\/leatai.com\/products\/\"},{\"@type\":\"ListItem\",\"position\":3,\"name\":\"Aangepast notitieboek\",\"item\":\"https:\/\/leatai.com\/nl\/product-categorie\/aangepast-notitieboek\/\"},{\"@type\":\"ListItem\",\"position\":4,\"name\":\"Verwijderbaar notitieboek\",\"item\":\"https:\/\/leatai.com\/nl\/product-categorie\/aangepast-notitieboek\/verwijderbaar-notitieboek\/\"},{\"@type\":\"ListItem\",\"position\":5,\"name\":\"LDO-017\"}]},{\"@type\":\"WebSite\",\"@id\":\"https:\/\/leatai.com\/nl\/#website\",\"url\":\"https:\/\/leatai.com\/nl\/\",\"name\":\"Leatai \u2013 Producent van op maat gemaakte notitieboeken\",\"description\":\"Leatai levert op maat gemaakte notitieboeken en planners aan merken en distributeurs wereldwijd.\",\"publisher\":{\"@id\":\"https:\/\/leatai.com\/nl\/#organization\"},\"potentialAction\":[{\"@type\":\"SearchAction\",\"target\":{\"@type\":\"EntryPoint\",\"urlTemplate\":\"https:\/\/leatai.com\/nl\/?s={search_term_string}\"},\"query-input\":{\"@type\":\"PropertyValueSpecification\",\"valueRequired\":true,\"valueName\":\"search_term_string\"}}],\"inLanguage\":\"nl-NL\"},{\"@type\":\"Organization\",\"@id\":\"https:\/\/leatai.com\/nl\/#organization\",\"name\":\"Leatai Diary, customized journal and business organizer\",\"url\":\"https:\/\/leatai.com\/nl\/\",\"logo\":{\"@type\":\"ImageObject\",\"inLanguage\":\"nl-NL\",\"@id\":\"https:\/\/leatai.com\/nl\/#\/schema\/logo\/image\/\",\"url\":\"https:\/\/leatai.com\/wp-content\/uploads\/logo-blue.png\",\"contentUrl\":\"https:\/\/leatai.com\/wp-content\/uploads\/logo-blue.png\",\"width\":230,\"height\":60,\"caption\":\"Leatai Diary, customized journal and business organizer\"},\"image\":{\"@id\":\"https:\/\/leatai.com\/nl\/#\/schema\/logo\/image\/\"}}]}<\/script>\n<!-- \/ Yoast SEO plugin. -->","yoast_head_json":{"title":"LDO-017 - De meest klassieke lamsleertextuur. - Leatai \u2013 Producent van op maat gemaakte notitieboeken","description":"De best verkochte verwijderbare planner in onze collectie. De klassieke lamsleertextuur biedt een onge\u00ebvenaarde luxe uitstraling, terwijl het subtiele reli\u00ebfpatroon de eenvoudige afwerking naar een hoger niveau tilt. Met de toevoeging van een reli\u00ebfdruk met kleurveranderingseffect voor het logo is het geen verrassing dat dit model al jarenlang een bestseller is.","robots":{"index":"index","follow":"follow","max-snippet":"max-snippet:-1","max-image-preview":"max-image-preview:large","max-video-preview":"max-video-preview:-1"},"canonical":"https:\/\/leatai.com\/nl\/product\/aangepast-notitieboek\/verwijderbaar-notitieboek\/ldo-017\/","og_locale":"nl_NL","og_type":"article","og_title":"LDO-017 - De meest klassieke lamsleertextuur. - Leatai \u2013 Producent van op maat gemaakte notitieboeken","og_description":"De best verkochte verwijderbare planner in onze collectie. De klassieke lamsleertextuur biedt een onge\u00ebvenaarde luxe uitstraling, terwijl het subtiele reli\u00ebfpatroon de eenvoudige afwerking naar een hoger niveau tilt. Met de toevoeging van een reli\u00ebfdruk met kleurveranderingseffect voor het logo is het geen verrassing dat dit model al jarenlang een bestseller is.","og_url":"https:\/\/leatai.com\/nl\/product\/aangepast-notitieboek\/verwijderbaar-notitieboek\/ldo-017\/","og_site_name":"Leatai \u2013 Producent van op maat gemaakte notitieboeken","article_modified_time":"2025-02-17T06:33:41+00:00","og_image":[{"width":1000,"height":750,"url":"https:\/\/leatai.com\/wp-content\/uploads\/2015_09_09_2029440.jpg","type":"image\/jpeg"}],"twitter_card":"summary_large_image","twitter_misc":{"Geschatte leestijd":"2 minuten"},"schema":{"@context":"https:\/\/schema.org","@graph":[{"@type":"WebPage","@id":"https:\/\/leatai.com\/nl\/product\/aangepast-notitieboek\/verwijderbaar-notitieboek\/ldo-017\/","url":"https:\/\/leatai.com\/nl\/product\/aangepast-notitieboek\/verwijderbaar-notitieboek\/ldo-017\/","name":"LDO-017 - De meest klassieke lamsleertextuur. - Leatai \u2013 Producent van op maat gemaakte notitieboeken","isPartOf":{"@id":"https:\/\/leatai.com\/nl\/#website"},"primaryImageOfPage":{"@id":"https:\/\/leatai.com\/nl\/product\/aangepast-notitieboek\/verwijderbaar-notitieboek\/ldo-017\/#primaryimage"},"image":{"@id":"https:\/\/leatai.com\/nl\/product\/aangepast-notitieboek\/verwijderbaar-notitieboek\/ldo-017\/#primaryimage"},"thumbnailUrl":"https:\/\/leatai.com\/wp-content\/uploads\/2015_09_09_2029440.jpg","datePublished":"2021-06-24T05:31:58+00:00","dateModified":"2025-02-17T06:33:41+00:00","description":"De best verkochte verwijderbare planner in onze collectie. De klassieke lamsleertextuur biedt een onge\u00ebvenaarde luxe uitstraling, terwijl het subtiele reli\u00ebfpatroon de eenvoudige afwerking naar een hoger niveau tilt. Met de toevoeging van een reli\u00ebfdruk met kleurveranderingseffect voor het logo is het geen verrassing dat dit model al jarenlang een bestseller is.","breadcrumb":{"@id":"https:\/\/leatai.com\/nl\/product\/aangepast-notitieboek\/verwijderbaar-notitieboek\/ldo-017\/#breadcrumb"},"inLanguage":"nl-NL","potentialAction":[{"@type":"ReadAction","target":["https:\/\/leatai.com\/nl\/product\/aangepast-notitieboek\/verwijderbaar-notitieboek\/ldo-017\/"]}]},{"@type":"ImageObject","inLanguage":"nl-NL","@id":"https:\/\/leatai.com\/nl\/product\/aangepast-notitieboek\/verwijderbaar-notitieboek\/ldo-017\/#primaryimage","url":"https:\/\/leatai.com\/wp-content\/uploads\/2015_09_09_2029440.jpg","contentUrl":"https:\/\/leatai.com\/wp-content\/uploads\/2015_09_09_2029440.jpg","width":1000,"height":750},{"@type":"BreadcrumbList","@id":"https:\/\/leatai.com\/nl\/product\/aangepast-notitieboek\/verwijderbaar-notitieboek\/ldo-017\/#breadcrumb","itemListElement":[{"@type":"ListItem","position":1,"name":"Home","item":"https:\/\/leatai.com\/nl\/"},{"@type":"ListItem","position":2,"name":"Productintroductie","item":"https:\/\/leatai.com\/products\/"},{"@type":"ListItem","position":3,"name":"Aangepast notitieboek","item":"https:\/\/leatai.com\/nl\/product-categorie\/aangepast-notitieboek\/"},{"@type":"ListItem","position":4,"name":"Verwijderbaar notitieboek","item":"https:\/\/leatai.com\/nl\/product-categorie\/aangepast-notitieboek\/verwijderbaar-notitieboek\/"},{"@type":"ListItem","position":5,"name":"LDO-017"}]},{"@type":"WebSite","@id":"https:\/\/leatai.com\/nl\/#website","url":"https:\/\/leatai.com\/nl\/","name":"Leatai \u2013 Producent van op maat gemaakte notitieboeken","description":"Leatai levert op maat gemaakte notitieboeken en planners aan merken en distributeurs wereldwijd.","publisher":{"@id":"https:\/\/leatai.com\/nl\/#organization"},"potentialAction":[{"@type":"SearchAction","target":{"@type":"EntryPoint","urlTemplate":"https:\/\/leatai.com\/nl\/?s={search_term_string}"},"query-input":{"@type":"PropertyValueSpecification","valueRequired":true,"valueName":"search_term_string"}}],"inLanguage":"nl-NL"},{"@type":"Organization","@id":"https:\/\/leatai.com\/nl\/#organization","name":"Leatai Diary, customized journal and business organizer","url":"https:\/\/leatai.com\/nl\/","logo":{"@type":"ImageObject","inLanguage":"nl-NL","@id":"https:\/\/leatai.com\/nl\/#\/schema\/logo\/image\/","url":"https:\/\/leatai.com\/wp-content\/uploads\/logo-blue.png","contentUrl":"https:\/\/leatai.com\/wp-content\/uploads\/logo-blue.png","width":230,"height":60,"caption":"Leatai Diary, customized journal and business organizer"},"image":{"@id":"https:\/\/leatai.com\/nl\/#\/schema\/logo\/image\/"}}]}},"_links":{"self":[{"href":"https:\/\/leatai.com\/nl\/wp-json\/wp\/v2\/product\/118340","targetHints":{"allow":["GET"]}}],"collection":[{"href":"https:\/\/leatai.com\/nl\/wp-json\/wp\/v2\/product"}],"about":[{"href":"https:\/\/leatai.com\/nl\/wp-json\/wp\/v2\/types\/product"}],"wp:featuredmedia":[{"embeddable":true,"href":"https:\/\/leatai.com\/nl\/wp-json\/wp\/v2\/media\/118361"}],"wp:attachment":[{"href":"https:\/\/leatai.com\/nl\/wp-json\/wp\/v2\/media?parent=118340"}],"wp:term":[{"taxonomy":"product_brand","embeddable":true,"href":"https:\/\/leatai.com\/nl\/wp-json\/wp\/v2\/product_brand?post=118340"},{"taxonomy":"product_cat","embeddable":true,"href":"https:\/\/leatai.com\/nl\/wp-json\/wp\/v2\/product_cat?post=118340"},{"taxonomy":"product_tag","embeddable":true,"href":"https:\/\/leatai.com\/nl\/wp-json\/wp\/v2\/product_tag?post=118340"},{"taxonomy":"home_works","embeddable":true,"href":"https:\/\/leatai.com\/nl\/wp-json\/wp\/v2\/home_works?post=118340"}],"curies":[{"name":"wp","href":"https:\/\/api.w.org\/{rel}","templated":true}]}}