{"id":112972,"date":"2021-08-17T21:59:05","date_gmt":"2021-08-17T13:59:05","guid":{"rendered":"https:\/\/leatai.com\/product\/niet-gecategoriseerd\/excellence-water-appraisal-intelligence-co\/"},"modified":"2025-02-10T16:15:15","modified_gmt":"2025-02-10T08:15:15","slug":"excellence-water-appraisal-intelligence-co","status":"publish","type":"product","link":"https:\/\/leatai.com\/nl\/product\/verschillende-oem-monsters\/oem-losbladig-notitieboek\/excellence-water-appraisal-intelligence-co\/","title":{"rendered":"Excellence Water Appraisal Intelligence &#038; CO."},"content":{"rendered":"<p>Klantnaam: Excellence Water Appraisal Intelligence &amp; CO.<br \/>\nCasusformaat: 25K<br \/>\nCasusstijl: Losbladig notitieboek<br \/>\nCasuscovereffect: Diepdruk<\/p>\n<p>Belangrijkste kenmerken: Ge\u00efnspireerd door de filosofie van <em>Sh\u00e0ngsh\u00e0n ru\u00f2 shu\u01d0<\/em> (de hoogste deugd is als water), wordt dit notitieboek vormgegeven met een kalmerend watergroen kleurenpalet, dat subtiel de merkidentiteit weerspiegelt. Net als de beroemde uitspraak <em>Be water<\/em> symboliseert het ontwerp een diepgaande leer, waarin flexibiliteit en kracht samenkomen.<\/p>\n<p>&nbsp;<\/p>\n<p>\ud83d\udcd6 <strong>Alle op maat gemaakte voorbeelden:<\/strong> <a href=\"https:\/\/leatai.com\/nl\/product-tag\/oem-nl\/\" target=\"_blank\" rel=\"noopener\">Aangepaste notitieboeken \/ aangepaste zakelijke planners<\/a><\/p>\n<p>\ud83d\udcd6 <strong>Reguliere producten voor aangepaste notitieboeken \/ zakelijke planners:<\/strong><\/p>\n<ul>\n<li><a href=\"https:\/\/leatai.com\/nl\/product-categorie\/aangepast-notitieboek\/hardcover-notitieboek\/\" target=\"_blank\" rel=\"noopener\">Hardcover notitieboek \/ hardcover zakelijke planner<\/a><\/li>\n<li><a href=\"https:\/\/leatai.com\/nl\/product-categorie\/aangepast-notitieboek\/losbladig-notitieboek\/\" target=\"_blank\" rel=\"noopener\">Losbladig notitieboek \/ losbladige zakelijke planner<\/a><\/li>\n<li><a href=\"https:\/\/leatai.com\/nl\/product-categorie\/aangepast-notitieboek\/verwijderbaar-notitieboek\/\" target=\"_blank\" rel=\"noopener\">Verwijderbare planner \/ verwijderbare zakelijke planner<\/a><\/li>\n<li><a href=\"https:\/\/leatai.com\/nl\/product-categorie\/aangepast-notitieboek\/paperback-notitieboek\/\" target=\"_blank\" rel=\"noopener\">Paperback notitieboek \/ paperback zakelijke planner<\/a><\/li>\n<li><a href=\"https:\/\/leatai.com\/nl\/product-categorie\/aangepast-notitieboek\/spiraal-notitieboek\/\" target=\"_blank\" rel=\"noopener\">Spiraalgebonden notitieboek \/ spiraalgebonden zakelijke planner<\/a><\/li>\n<\/ul>\n<p>\ud83d\udcd6 <strong>Volledige uitleg over papierformaten:<\/strong><br \/>\nRaadpleeg de Papierformaten Gids: <a href=\"https:\/\/leatai.com\/nl\/kennis-over-notitieboeken\/papierformatgids-begrijp-veelvoorkomende-formaten-zoals-b3-a4-b5-8k-16k-en-meer-een-uitgebreide-maattabel-voor-gemakkelijke-referentie\/\" target=\"_blank\" rel=\"noopener\">Hoe worden B3, A4, B5, 8K, 16K en andere veelgebruikte formaten ingedeeld? Bekijk de handige vergelijkingstabel en begrijp direct de verschillende papierformaten!<\/a><\/p>\n","protected":false},"excerpt":{"rendered":"<p>Klantnaam: Excellence Water Appraisal Intelligence &amp; CO. Casusformaat: 25K Casusstijl: Losbladig notitieboek Casuscovereffect: Diepdruk Belangrijkste kenmerken: Ge\u00efnspireerd door de filosofie van Sh\u00e0ngsh\u00e0n ru\u00f2 shu\u01d0 (de hoogste deugd is als water), wordt dit notitieboek vormgegeven met een kalmerend watergroen kleurenpalet, dat subtiel de merkidentiteit weerspiegelt. Net als de beroemde uitspraak Be water symboliseert het ontwerp een [&hellip;]<\/p>\n","protected":false},"featured_media":112973,"template":"","meta":{"_acf_changed":false},"product_brand":[],"product_cat":[891],"product_tag":[1275],"home_works":[],"class_list":{"0":"post-112972","1":"product","2":"type-product","3":"status-publish","4":"has-post-thumbnail","6":"product_cat-oem-losbladig-notitieboek","7":"product_tag-oem-nl","9":"first","10":"outofstock","11":"sold-individually","12":"shipping-taxable","13":"purchasable","14":"product-type-variable","15":"has-default-attributes"},"acf":[],"yoast_head":"<!-- This site is optimized with the Yoast SEO plugin v27.2 - https:\/\/yoast.com\/product\/yoast-seo-wordpress\/ -->\n<title>Excellence Water Appraisal Intelligence &amp; CO. - De hoogste deugd is als water, een nieuw hoofdstuk van innovatie.- Leatai \u2013 Producent van op maat gemaakte notitieboeken<\/title>\n<meta name=\"description\" content=\"OEM-geval voor losbladig notitieboek: Excellence Water Appraisal Intelligence &amp; CO., Stijl: Losbladig notitieboek, Formaat: 25K. Belangrijkste kenmerken: Ge\u00efnspireerd door de filosofie van *Sh\u00e0ngsh\u00e0n ru\u00f2 shu\u01d0* (de hoogste deugd is als water), wordt dit notitieboek vormgegeven met een kalmerend watergroen kleurenpalet, dat subtiel de merkidentiteit weerspiegelt. Net als de beroemde uitspraak *Be water* symboliseert het ontwerp een diepgaande leer, waarin flexibiliteit en kracht samenkomen, en een innovatieve toekomst wordt gecre\u00eberd.\" \/>\n<meta name=\"robots\" content=\"index, follow, max-snippet:-1, max-image-preview:large, max-video-preview:-1\" \/>\n<link rel=\"canonical\" href=\"https:\/\/leatai.com\/nl\/product\/verschillende-oem-monsters\/oem-losbladig-notitieboek\/excellence-water-appraisal-intelligence-co\/\" \/>\n<meta property=\"og:locale\" content=\"nl_NL\" \/>\n<meta property=\"og:type\" content=\"article\" \/>\n<meta property=\"og:title\" content=\"Excellence Water Appraisal Intelligence &amp; CO. - De hoogste deugd is als water, een nieuw hoofdstuk van innovatie.- Leatai \u2013 Producent van op maat gemaakte notitieboeken\" \/>\n<meta property=\"og:description\" content=\"OEM-geval voor losbladig notitieboek: Excellence Water Appraisal Intelligence &amp; CO., Stijl: Losbladig notitieboek, Formaat: 25K. Belangrijkste kenmerken: Ge\u00efnspireerd door de filosofie van *Sh\u00e0ngsh\u00e0n ru\u00f2 shu\u01d0* (de hoogste deugd is als water), wordt dit notitieboek vormgegeven met een kalmerend watergroen kleurenpalet, dat subtiel de merkidentiteit weerspiegelt. Net als de beroemde uitspraak *Be water* symboliseert het ontwerp een diepgaande leer, waarin flexibiliteit en kracht samenkomen, en een innovatieve toekomst wordt gecre\u00eberd.\" \/>\n<meta property=\"og:url\" content=\"https:\/\/leatai.com\/nl\/product\/verschillende-oem-monsters\/oem-losbladig-notitieboek\/excellence-water-appraisal-intelligence-co\/\" \/>\n<meta property=\"og:site_name\" content=\"Leatai \u2013 Producent van op maat gemaakte notitieboeken\" \/>\n<meta property=\"article:modified_time\" content=\"2025-02-10T08:15:15+00:00\" \/>\n<meta property=\"og:image\" content=\"https:\/\/leatai.com\/wp-content\/uploads\/DSC_0665.jpg\" \/>\n\t<meta property=\"og:image:width\" content=\"1000\" \/>\n\t<meta property=\"og:image:height\" content=\"750\" \/>\n\t<meta property=\"og:image:type\" content=\"image\/jpeg\" \/>\n<meta name=\"twitter:card\" content=\"summary_large_image\" \/>\n<meta name=\"twitter:label1\" content=\"Geschatte leestijd\" \/>\n\t<meta name=\"twitter:data1\" content=\"1 minuut\" \/>\n<script type=\"application\/ld+json\" class=\"yoast-schema-graph\">{\"@context\":\"https:\/\/schema.org\",\"@graph\":[{\"@type\":\"WebPage\",\"@id\":\"https:\/\/leatai.com\/nl\/product\/verschillende-oem-monsters\/oem-losbladig-notitieboek\/excellence-water-appraisal-intelligence-co\/\",\"url\":\"https:\/\/leatai.com\/nl\/product\/verschillende-oem-monsters\/oem-losbladig-notitieboek\/excellence-water-appraisal-intelligence-co\/\",\"name\":\"Excellence Water Appraisal Intelligence & CO. - De hoogste deugd is als water, een nieuw hoofdstuk van innovatie.- Leatai \u2013 Producent van op maat gemaakte notitieboeken\",\"isPartOf\":{\"@id\":\"https:\/\/leatai.com\/nl\/#website\"},\"primaryImageOfPage\":{\"@id\":\"https:\/\/leatai.com\/nl\/product\/verschillende-oem-monsters\/oem-losbladig-notitieboek\/excellence-water-appraisal-intelligence-co\/#primaryimage\"},\"image\":{\"@id\":\"https:\/\/leatai.com\/nl\/product\/verschillende-oem-monsters\/oem-losbladig-notitieboek\/excellence-water-appraisal-intelligence-co\/#primaryimage\"},\"thumbnailUrl\":\"https:\/\/leatai.com\/wp-content\/uploads\/DSC_0665.jpg\",\"datePublished\":\"2021-08-17T13:59:05+00:00\",\"dateModified\":\"2025-02-10T08:15:15+00:00\",\"description\":\"OEM-geval voor losbladig notitieboek: Excellence Water Appraisal Intelligence & CO., Stijl: Losbladig notitieboek, Formaat: 25K. Belangrijkste kenmerken: Ge\u00efnspireerd door de filosofie van *Sh\u00e0ngsh\u00e0n ru\u00f2 shu\u01d0* (de hoogste deugd is als water), wordt dit notitieboek vormgegeven met een kalmerend watergroen kleurenpalet, dat subtiel de merkidentiteit weerspiegelt. Net als de beroemde uitspraak *Be water* symboliseert het ontwerp een diepgaande leer, waarin flexibiliteit en kracht samenkomen, en een innovatieve toekomst wordt gecre\u00eberd.\",\"breadcrumb\":{\"@id\":\"https:\/\/leatai.com\/nl\/product\/verschillende-oem-monsters\/oem-losbladig-notitieboek\/excellence-water-appraisal-intelligence-co\/#breadcrumb\"},\"inLanguage\":\"nl-NL\",\"potentialAction\":[{\"@type\":\"ReadAction\",\"target\":[\"https:\/\/leatai.com\/nl\/product\/verschillende-oem-monsters\/oem-losbladig-notitieboek\/excellence-water-appraisal-intelligence-co\/\"]}]},{\"@type\":\"ImageObject\",\"inLanguage\":\"nl-NL\",\"@id\":\"https:\/\/leatai.com\/nl\/product\/verschillende-oem-monsters\/oem-losbladig-notitieboek\/excellence-water-appraisal-intelligence-co\/#primaryimage\",\"url\":\"https:\/\/leatai.com\/wp-content\/uploads\/DSC_0665.jpg\",\"contentUrl\":\"https:\/\/leatai.com\/wp-content\/uploads\/DSC_0665.jpg\",\"width\":1000,\"height\":750,\"caption\":\"Losbladig notitieboek\"},{\"@type\":\"BreadcrumbList\",\"@id\":\"https:\/\/leatai.com\/nl\/product\/verschillende-oem-monsters\/oem-losbladig-notitieboek\/excellence-water-appraisal-intelligence-co\/#breadcrumb\",\"itemListElement\":[{\"@type\":\"ListItem\",\"position\":1,\"name\":\"Home\",\"item\":\"https:\/\/leatai.com\/nl\/\"},{\"@type\":\"ListItem\",\"position\":2,\"name\":\"Productintroductie\",\"item\":\"https:\/\/leatai.com\/products\/\"},{\"@type\":\"ListItem\",\"position\":3,\"name\":\"Verschillende OEM-monsters\",\"item\":\"https:\/\/leatai.com\/nl\/product-categorie\/verschillende-oem-monsters\/\"},{\"@type\":\"ListItem\",\"position\":4,\"name\":\"OEM Losbladig Notitieboek\",\"item\":\"https:\/\/leatai.com\/nl\/product-categorie\/verschillende-oem-monsters\/oem-losbladig-notitieboek\/\"},{\"@type\":\"ListItem\",\"position\":5,\"name\":\"Excellence Water Appraisal Intelligence &#038; CO.\"}]},{\"@type\":\"WebSite\",\"@id\":\"https:\/\/leatai.com\/nl\/#website\",\"url\":\"https:\/\/leatai.com\/nl\/\",\"name\":\"Leatai \u2013 Producent van op maat gemaakte notitieboeken\",\"description\":\"Leatai levert op maat gemaakte notitieboeken en planners aan merken en distributeurs wereldwijd.\",\"publisher\":{\"@id\":\"https:\/\/leatai.com\/nl\/#organization\"},\"potentialAction\":[{\"@type\":\"SearchAction\",\"target\":{\"@type\":\"EntryPoint\",\"urlTemplate\":\"https:\/\/leatai.com\/nl\/?s={search_term_string}\"},\"query-input\":{\"@type\":\"PropertyValueSpecification\",\"valueRequired\":true,\"valueName\":\"search_term_string\"}}],\"inLanguage\":\"nl-NL\"},{\"@type\":\"Organization\",\"@id\":\"https:\/\/leatai.com\/nl\/#organization\",\"name\":\"Leatai Diary, customized journal and business organizer\",\"url\":\"https:\/\/leatai.com\/nl\/\",\"logo\":{\"@type\":\"ImageObject\",\"inLanguage\":\"nl-NL\",\"@id\":\"https:\/\/leatai.com\/nl\/#\/schema\/logo\/image\/\",\"url\":\"https:\/\/leatai.com\/wp-content\/uploads\/logo-blue.png\",\"contentUrl\":\"https:\/\/leatai.com\/wp-content\/uploads\/logo-blue.png\",\"width\":230,\"height\":60,\"caption\":\"Leatai Diary, customized journal and business organizer\"},\"image\":{\"@id\":\"https:\/\/leatai.com\/nl\/#\/schema\/logo\/image\/\"},\"telephone\":\"+886-2-8227-8800\",\"legalName\":\"Leatai Stationary Co., Ltd.\",\"description\":\"A leading notebook factory in Taiwan offering bespoke branding, high-quality binding, and premium paper selections for corporate gifts and stationery wholesale.\",\"address\":{\"@type\":\"PostalAddress\",\"streetAddress\":\"11F., No. 168, Jiankang Rd.\",\"addressLocality\":\"Zhonghe Dist.\",\"addressRegion\":\"New Taipei City\",\"postalCode\":\"235\",\"addressCountry\":\"TW\"},\"contactPoint\":{\"@type\":\"ContactPoint\",\"telephone\":\"+886-2-8227-8800\",\"contactType\":\"sales\",\"areaServed\":\"Worldwide\",\"availableLanguage\":[\"zh-TW\",\"en\"]}}]}<\/script>\n<!-- \/ Yoast SEO plugin. -->","yoast_head_json":{"title":"Excellence Water Appraisal Intelligence & CO. - De hoogste deugd is als water, een nieuw hoofdstuk van innovatie.- Leatai \u2013 Producent van op maat gemaakte notitieboeken","description":"OEM-geval voor losbladig notitieboek: Excellence Water Appraisal Intelligence & CO., Stijl: Losbladig notitieboek, Formaat: 25K. Belangrijkste kenmerken: Ge\u00efnspireerd door de filosofie van *Sh\u00e0ngsh\u00e0n ru\u00f2 shu\u01d0* (de hoogste deugd is als water), wordt dit notitieboek vormgegeven met een kalmerend watergroen kleurenpalet, dat subtiel de merkidentiteit weerspiegelt. Net als de beroemde uitspraak *Be water* symboliseert het ontwerp een diepgaande leer, waarin flexibiliteit en kracht samenkomen, en een innovatieve toekomst wordt gecre\u00eberd.","robots":{"index":"index","follow":"follow","max-snippet":"max-snippet:-1","max-image-preview":"max-image-preview:large","max-video-preview":"max-video-preview:-1"},"canonical":"https:\/\/leatai.com\/nl\/product\/verschillende-oem-monsters\/oem-losbladig-notitieboek\/excellence-water-appraisal-intelligence-co\/","og_locale":"nl_NL","og_type":"article","og_title":"Excellence Water Appraisal Intelligence & CO. - De hoogste deugd is als water, een nieuw hoofdstuk van innovatie.- Leatai \u2013 Producent van op maat gemaakte notitieboeken","og_description":"OEM-geval voor losbladig notitieboek: Excellence Water Appraisal Intelligence & CO., Stijl: Losbladig notitieboek, Formaat: 25K. Belangrijkste kenmerken: Ge\u00efnspireerd door de filosofie van *Sh\u00e0ngsh\u00e0n ru\u00f2 shu\u01d0* (de hoogste deugd is als water), wordt dit notitieboek vormgegeven met een kalmerend watergroen kleurenpalet, dat subtiel de merkidentiteit weerspiegelt. Net als de beroemde uitspraak *Be water* symboliseert het ontwerp een diepgaande leer, waarin flexibiliteit en kracht samenkomen, en een innovatieve toekomst wordt gecre\u00eberd.","og_url":"https:\/\/leatai.com\/nl\/product\/verschillende-oem-monsters\/oem-losbladig-notitieboek\/excellence-water-appraisal-intelligence-co\/","og_site_name":"Leatai \u2013 Producent van op maat gemaakte notitieboeken","article_modified_time":"2025-02-10T08:15:15+00:00","og_image":[{"width":1000,"height":750,"url":"https:\/\/leatai.com\/wp-content\/uploads\/DSC_0665.jpg","type":"image\/jpeg"}],"twitter_card":"summary_large_image","twitter_misc":{"Geschatte leestijd":"1 minuut"},"schema":{"@context":"https:\/\/schema.org","@graph":[{"@type":"WebPage","@id":"https:\/\/leatai.com\/nl\/product\/verschillende-oem-monsters\/oem-losbladig-notitieboek\/excellence-water-appraisal-intelligence-co\/","url":"https:\/\/leatai.com\/nl\/product\/verschillende-oem-monsters\/oem-losbladig-notitieboek\/excellence-water-appraisal-intelligence-co\/","name":"Excellence Water Appraisal Intelligence & CO. - De hoogste deugd is als water, een nieuw hoofdstuk van innovatie.- Leatai \u2013 Producent van op maat gemaakte notitieboeken","isPartOf":{"@id":"https:\/\/leatai.com\/nl\/#website"},"primaryImageOfPage":{"@id":"https:\/\/leatai.com\/nl\/product\/verschillende-oem-monsters\/oem-losbladig-notitieboek\/excellence-water-appraisal-intelligence-co\/#primaryimage"},"image":{"@id":"https:\/\/leatai.com\/nl\/product\/verschillende-oem-monsters\/oem-losbladig-notitieboek\/excellence-water-appraisal-intelligence-co\/#primaryimage"},"thumbnailUrl":"https:\/\/leatai.com\/wp-content\/uploads\/DSC_0665.jpg","datePublished":"2021-08-17T13:59:05+00:00","dateModified":"2025-02-10T08:15:15+00:00","description":"OEM-geval voor losbladig notitieboek: Excellence Water Appraisal Intelligence & CO., Stijl: Losbladig notitieboek, Formaat: 25K. Belangrijkste kenmerken: Ge\u00efnspireerd door de filosofie van *Sh\u00e0ngsh\u00e0n ru\u00f2 shu\u01d0* (de hoogste deugd is als water), wordt dit notitieboek vormgegeven met een kalmerend watergroen kleurenpalet, dat subtiel de merkidentiteit weerspiegelt. Net als de beroemde uitspraak *Be water* symboliseert het ontwerp een diepgaande leer, waarin flexibiliteit en kracht samenkomen, en een innovatieve toekomst wordt gecre\u00eberd.","breadcrumb":{"@id":"https:\/\/leatai.com\/nl\/product\/verschillende-oem-monsters\/oem-losbladig-notitieboek\/excellence-water-appraisal-intelligence-co\/#breadcrumb"},"inLanguage":"nl-NL","potentialAction":[{"@type":"ReadAction","target":["https:\/\/leatai.com\/nl\/product\/verschillende-oem-monsters\/oem-losbladig-notitieboek\/excellence-water-appraisal-intelligence-co\/"]}]},{"@type":"ImageObject","inLanguage":"nl-NL","@id":"https:\/\/leatai.com\/nl\/product\/verschillende-oem-monsters\/oem-losbladig-notitieboek\/excellence-water-appraisal-intelligence-co\/#primaryimage","url":"https:\/\/leatai.com\/wp-content\/uploads\/DSC_0665.jpg","contentUrl":"https:\/\/leatai.com\/wp-content\/uploads\/DSC_0665.jpg","width":1000,"height":750,"caption":"Losbladig notitieboek"},{"@type":"BreadcrumbList","@id":"https:\/\/leatai.com\/nl\/product\/verschillende-oem-monsters\/oem-losbladig-notitieboek\/excellence-water-appraisal-intelligence-co\/#breadcrumb","itemListElement":[{"@type":"ListItem","position":1,"name":"Home","item":"https:\/\/leatai.com\/nl\/"},{"@type":"ListItem","position":2,"name":"Productintroductie","item":"https:\/\/leatai.com\/products\/"},{"@type":"ListItem","position":3,"name":"Verschillende OEM-monsters","item":"https:\/\/leatai.com\/nl\/product-categorie\/verschillende-oem-monsters\/"},{"@type":"ListItem","position":4,"name":"OEM Losbladig Notitieboek","item":"https:\/\/leatai.com\/nl\/product-categorie\/verschillende-oem-monsters\/oem-losbladig-notitieboek\/"},{"@type":"ListItem","position":5,"name":"Excellence Water Appraisal Intelligence &#038; CO."}]},{"@type":"WebSite","@id":"https:\/\/leatai.com\/nl\/#website","url":"https:\/\/leatai.com\/nl\/","name":"Leatai \u2013 Producent van op maat gemaakte notitieboeken","description":"Leatai levert op maat gemaakte notitieboeken en planners aan merken en distributeurs wereldwijd.","publisher":{"@id":"https:\/\/leatai.com\/nl\/#organization"},"potentialAction":[{"@type":"SearchAction","target":{"@type":"EntryPoint","urlTemplate":"https:\/\/leatai.com\/nl\/?s={search_term_string}"},"query-input":{"@type":"PropertyValueSpecification","valueRequired":true,"valueName":"search_term_string"}}],"inLanguage":"nl-NL"},{"@type":"Organization","@id":"https:\/\/leatai.com\/nl\/#organization","name":"Leatai Diary, customized journal and business organizer","url":"https:\/\/leatai.com\/nl\/","logo":{"@type":"ImageObject","inLanguage":"nl-NL","@id":"https:\/\/leatai.com\/nl\/#\/schema\/logo\/image\/","url":"https:\/\/leatai.com\/wp-content\/uploads\/logo-blue.png","contentUrl":"https:\/\/leatai.com\/wp-content\/uploads\/logo-blue.png","width":230,"height":60,"caption":"Leatai Diary, customized journal and business organizer"},"image":{"@id":"https:\/\/leatai.com\/nl\/#\/schema\/logo\/image\/"},"telephone":"+886-2-8227-8800","legalName":"Leatai Stationary Co., Ltd.","description":"A leading notebook factory in Taiwan offering bespoke branding, high-quality binding, and premium paper selections for corporate gifts and stationery wholesale.","address":{"@type":"PostalAddress","streetAddress":"11F., No. 168, Jiankang Rd.","addressLocality":"Zhonghe Dist.","addressRegion":"New Taipei City","postalCode":"235","addressCountry":"TW"},"contactPoint":{"@type":"ContactPoint","telephone":"+886-2-8227-8800","contactType":"sales","areaServed":"Worldwide","availableLanguage":["zh-TW","en"]}}]}},"_links":{"self":[{"href":"https:\/\/leatai.com\/nl\/wp-json\/wp\/v2\/product\/112972","targetHints":{"allow":["GET"]}}],"collection":[{"href":"https:\/\/leatai.com\/nl\/wp-json\/wp\/v2\/product"}],"about":[{"href":"https:\/\/leatai.com\/nl\/wp-json\/wp\/v2\/types\/product"}],"wp:featuredmedia":[{"embeddable":true,"href":"https:\/\/leatai.com\/nl\/wp-json\/wp\/v2\/media\/112973"}],"wp:attachment":[{"href":"https:\/\/leatai.com\/nl\/wp-json\/wp\/v2\/media?parent=112972"}],"wp:term":[{"taxonomy":"product_brand","embeddable":true,"href":"https:\/\/leatai.com\/nl\/wp-json\/wp\/v2\/product_brand?post=112972"},{"taxonomy":"product_cat","embeddable":true,"href":"https:\/\/leatai.com\/nl\/wp-json\/wp\/v2\/product_cat?post=112972"},{"taxonomy":"product_tag","embeddable":true,"href":"https:\/\/leatai.com\/nl\/wp-json\/wp\/v2\/product_tag?post=112972"},{"taxonomy":"home_works","embeddable":true,"href":"https:\/\/leatai.com\/nl\/wp-json\/wp\/v2\/home_works?post=112972"}],"curies":[{"name":"wp","href":"https:\/\/api.w.org\/{rel}","templated":true}]}}