{"id":277277,"date":"2024-08-21T19:34:22","date_gmt":"2024-08-21T11:34:22","guid":{"rendered":"https:\/\/leatai.com\/?post_type=product&#038;p=277277"},"modified":"2026-03-03T16:57:23","modified_gmt":"2026-03-03T08:57:23","slug":"hoya-bit-exchange","status":"publish","type":"product","link":"https:\/\/leatai.com\/ko\/product\/%eb%8b%a4%ec%96%91%ed%95%9c-oem-%ec%83%98%ed%94%8c\/oem-%ea%b8%b0%ed%83%80\/hoya-bit-exchange\/","title":{"rendered":"HOYA BIT Exchange"},"content":{"rendered":"<p>Kundenavn: HOYA BIT Exchange<br \/>\nSaksst\u00f8rrelse: Tilpasset st\u00f8rrelse<br \/>\nSakstype: Helomsluttende notatblokk<br \/>\nOmslagseffekt: Trykk<\/p>\n<p>N\u00f8kkelfunksjoner:<br \/>\nEn notatblokk med topp\u00e5pning. Noen ganger \u00f8nsker man at arkene enkelt skal kunne rives av, andre ganger \u00f8nsker man at de ikke skal v\u00e6re lette \u00e5 rive av. For disse to behovene finnes det ulike konstruksjonsl\u00f8sninger. Vennligst se bildene for referanse.<\/p>\n<p>\ud83d\udcd6For standardprodukter av tilpassede notatb\u00f8ker \/ forretningsplanleggere, vennligst se:<br \/>\n<a href=\"https:\/\/leatai.com\/no\/produktkategori\/tilpasset-notatbok\/innbundet-notatbok\/\" target=\"_blank\" rel=\"noopener\">Hardcover notatbok \/ Hardcover forretningsplanlegger<\/a><br \/>\n<a href=\"https:\/\/leatai.com\/no\/produktkategori\/tilpasset-notatbok\/loseblad-notatbok\/\" target=\"_blank\" rel=\"noopener\">Notatbok med l\u00f8se ark \/ Forretningsplanlegger med l\u00f8se ark<\/a><br \/>\n<a href=\"https:\/\/leatai.com\/no\/produktkategori\/tilpasset-notatbok\/avtakbar-notatbok\/\" target=\"_blank\" rel=\"noopener\">Uttakbar notatbok med l\u00f8se ark \/ Uttakbar forretningsplanlegger<\/a><br \/>\n<a href=\"https:\/\/leatai.com\/no\/produktkategori\/tilpasset-notatbok\/paperback-notatbok\/\" target=\"_blank\" rel=\"noopener\">Paperback notatbok \/ Paperback forretningsplanlegger<\/a><br \/>\n<a href=\"https:\/\/leatai.com\/no\/produktkategori\/tilpasset-notatbok\/spiral-notatbok\/\" target=\"_blank\" rel=\"noopener\">Spiralbundet notatbok \/ Spiralbundet forretningsplanlegger<\/a><\/p>\n<p>\ud83d\udcd6For fullstendig forklaring av papirst\u00f8rrelser, vennligst se: <a href=\"https:\/\/leatai.com\/no\/notatbokskunnskap\/papirstorrelsesguide-forsta-vanlige-storrelser-som-b3-a4-b5-8k-16k-og-mer-en-omfattende-storrelsesdiagram-for-enkel-referanse\/\" target=\"_blank\" rel=\"noopener\">Papirst\u00f8rrelsesguide: Hvordan skille mellom vanlige st\u00f8rrelser som B3, A4, B5, 8K, 16K? En oversikt over papirst\u00f8rrelser som er lett \u00e5 forst\u00e5!<\/a><\/p>\n","protected":false},"excerpt":{"rendered":"<p>Kundenavn: HOYA BIT Exchange Saksst\u00f8rrelse: Tilpasset st\u00f8rrelse Sakstype: Helomsluttende notatblokk Omslagseffekt: Trykk N\u00f8kkelfunksjoner: En notatblokk med topp\u00e5pning. Noen ganger \u00f8nsker man at arkene enkelt skal kunne rives av, andre ganger \u00f8nsker man at de ikke skal v\u00e6re lette \u00e5 rive av. For disse to behovene finnes det ulike konstruksjonsl\u00f8sninger. Vennligst se bildene for referanse. \ud83d\udcd6For [&hellip;]<\/p>\n","protected":false},"featured_media":77316,"template":"","meta":{"_acf_changed":false},"product_brand":[],"product_cat":[949],"product_tag":[1321],"home_works":[],"class_list":{"0":"post-277277","1":"product","2":"type-product","3":"status-publish","4":"has-post-thumbnail","6":"product_cat-oem-","7":"product_tag-oem-ko","9":"first","10":"outofstock","11":"sold-individually","12":"shipping-taxable","13":"purchasable","14":"product-type-variable","15":"has-default-attributes"},"acf":[],"yoast_head":"<!-- This site is optimized with the Yoast SEO plugin v27.2 - https:\/\/yoast.com\/product\/yoast-seo-wordpress\/ -->\n<title>HOYA BIT Exchange - Leatai \u2013 \ub9de\ucda4\ud615 \ub178\ud2b8\ubd81 \uc81c\uc870\uc5c5\uccb4<\/title>\n<meta name=\"description\" content=\"Kundenavn: HOYA BIT ExchangeSaksst\u00f8rrelse: Tilpasset st\u00f8rrelseSakstype: Helomsluttende notatblokkOmslagseffekt: TrykkN\u00f8kkelfunksjoner:En notatblokk med topp\u00e5pning. Noen ganger \u00f8nsker man at arkene enkelt skal kunne rives av, andre ganger \u00f8nsker man at de ikke skal v\u00e6re lette \u00e5 rive av. For disse to behovene finnes det ulike konstruksjonsl\u00f8sninger. Vennligst se bildene for referanse.\" \/>\n<meta name=\"robots\" content=\"index, follow, max-snippet:-1, max-image-preview:large, max-video-preview:-1\" \/>\n<link rel=\"canonical\" href=\"https:\/\/leatai.com\/ko\/product\/%eb%8b%a4%ec%96%91%ed%95%9c-oem-%ec%83%98%ed%94%8c\/oem-%ea%b8%b0%ed%83%80\/hoya-bit-exchange\/\" \/>\n<meta property=\"og:locale\" content=\"ko_KR\" \/>\n<meta property=\"og:type\" content=\"article\" \/>\n<meta property=\"og:title\" content=\"HOYA BIT Exchange - Leatai \u2013 \ub9de\ucda4\ud615 \ub178\ud2b8\ubd81 \uc81c\uc870\uc5c5\uccb4\" \/>\n<meta property=\"og:description\" content=\"Kundenavn: HOYA BIT ExchangeSaksst\u00f8rrelse: Tilpasset st\u00f8rrelseSakstype: Helomsluttende notatblokkOmslagseffekt: TrykkN\u00f8kkelfunksjoner:En notatblokk med topp\u00e5pning. Noen ganger \u00f8nsker man at arkene enkelt skal kunne rives av, andre ganger \u00f8nsker man at de ikke skal v\u00e6re lette \u00e5 rive av. For disse to behovene finnes det ulike konstruksjonsl\u00f8sninger. Vennligst se bildene for referanse.\" \/>\n<meta property=\"og:url\" content=\"https:\/\/leatai.com\/ko\/product\/%eb%8b%a4%ec%96%91%ed%95%9c-oem-%ec%83%98%ed%94%8c\/oem-%ea%b8%b0%ed%83%80\/hoya-bit-exchange\/\" \/>\n<meta property=\"og:site_name\" content=\"Leatai \u2013 \ub9de\ucda4\ud615 \ub178\ud2b8\ubd81 \uc81c\uc870\uc5c5\uccb4\" \/>\n<meta property=\"article:modified_time\" content=\"2026-03-03T08:57:23+00:00\" \/>\n<meta property=\"og:image\" content=\"https:\/\/leatai.com\/wp-content\/uploads\/DSC_6859.jpg\" \/>\n\t<meta property=\"og:image:width\" content=\"1000\" \/>\n\t<meta property=\"og:image:height\" content=\"668\" \/>\n\t<meta property=\"og:image:type\" content=\"image\/jpeg\" \/>\n<meta name=\"twitter:card\" content=\"summary_large_image\" \/>\n<meta name=\"twitter:label1\" content=\"\uc608\uc0c1 \ub418\ub294 \ud310\ub3c5 \uc2dc\uac04\" \/>\n\t<meta name=\"twitter:data1\" content=\"1\ubd84\" \/>\n<script type=\"application\/ld+json\" class=\"yoast-schema-graph\">{\"@context\":\"https:\/\/schema.org\",\"@graph\":[{\"@type\":\"WebPage\",\"@id\":\"https:\/\/leatai.com\/ko\/product\/%eb%8b%a4%ec%96%91%ed%95%9c-oem-%ec%83%98%ed%94%8c\/oem-%ea%b8%b0%ed%83%80\/hoya-bit-exchange\/\",\"url\":\"https:\/\/leatai.com\/ko\/product\/%eb%8b%a4%ec%96%91%ed%95%9c-oem-%ec%83%98%ed%94%8c\/oem-%ea%b8%b0%ed%83%80\/hoya-bit-exchange\/\",\"name\":\"HOYA BIT Exchange - Leatai \u2013 \ub9de\ucda4\ud615 \ub178\ud2b8\ubd81 \uc81c\uc870\uc5c5\uccb4\",\"isPartOf\":{\"@id\":\"https:\/\/leatai.com\/ko\/#website\"},\"primaryImageOfPage\":{\"@id\":\"https:\/\/leatai.com\/ko\/product\/%eb%8b%a4%ec%96%91%ed%95%9c-oem-%ec%83%98%ed%94%8c\/oem-%ea%b8%b0%ed%83%80\/hoya-bit-exchange\/#primaryimage\"},\"image\":{\"@id\":\"https:\/\/leatai.com\/ko\/product\/%eb%8b%a4%ec%96%91%ed%95%9c-oem-%ec%83%98%ed%94%8c\/oem-%ea%b8%b0%ed%83%80\/hoya-bit-exchange\/#primaryimage\"},\"thumbnailUrl\":\"https:\/\/leatai.com\/wp-content\/uploads\/DSC_6859.jpg\",\"datePublished\":\"2024-08-21T11:34:22+00:00\",\"dateModified\":\"2026-03-03T08:57:23+00:00\",\"description\":\"Kundenavn: HOYA BIT ExchangeSaksst\u00f8rrelse: Tilpasset st\u00f8rrelseSakstype: Helomsluttende notatblokkOmslagseffekt: TrykkN\u00f8kkelfunksjoner:En notatblokk med topp\u00e5pning. Noen ganger \u00f8nsker man at arkene enkelt skal kunne rives av, andre ganger \u00f8nsker man at de ikke skal v\u00e6re lette \u00e5 rive av. For disse to behovene finnes det ulike konstruksjonsl\u00f8sninger. Vennligst se bildene for referanse.\",\"breadcrumb\":{\"@id\":\"https:\/\/leatai.com\/ko\/product\/%eb%8b%a4%ec%96%91%ed%95%9c-oem-%ec%83%98%ed%94%8c\/oem-%ea%b8%b0%ed%83%80\/hoya-bit-exchange\/#breadcrumb\"},\"inLanguage\":\"ko-KR\",\"potentialAction\":[{\"@type\":\"ReadAction\",\"target\":[\"https:\/\/leatai.com\/ko\/product\/%eb%8b%a4%ec%96%91%ed%95%9c-oem-%ec%83%98%ed%94%8c\/oem-%ea%b8%b0%ed%83%80\/hoya-bit-exchange\/\"]}]},{\"@type\":\"ImageObject\",\"inLanguage\":\"ko-KR\",\"@id\":\"https:\/\/leatai.com\/ko\/product\/%eb%8b%a4%ec%96%91%ed%95%9c-oem-%ec%83%98%ed%94%8c\/oem-%ea%b8%b0%ed%83%80\/hoya-bit-exchange\/#primaryimage\",\"url\":\"https:\/\/leatai.com\/wp-content\/uploads\/DSC_6859.jpg\",\"contentUrl\":\"https:\/\/leatai.com\/wp-content\/uploads\/DSC_6859.jpg\",\"width\":1000,\"height\":668},{\"@type\":\"BreadcrumbList\",\"@id\":\"https:\/\/leatai.com\/ko\/product\/%eb%8b%a4%ec%96%91%ed%95%9c-oem-%ec%83%98%ed%94%8c\/oem-%ea%b8%b0%ed%83%80\/hoya-bit-exchange\/#breadcrumb\",\"itemListElement\":[{\"@type\":\"ListItem\",\"position\":1,\"name\":\"Home\",\"item\":\"https:\/\/leatai.com\/ko\/\"},{\"@type\":\"ListItem\",\"position\":2,\"name\":\"\uc81c\ud488 \uc18c\uac1c\",\"item\":\"https:\/\/leatai.com\/products\/\"},{\"@type\":\"ListItem\",\"position\":3,\"name\":\"\ub2e4\uc591\ud55c OEM \uc0d8\ud50c\",\"item\":\"https:\/\/leatai.com\/ko\/product-category\/%eb%8b%a4%ec%96%91%ed%95%9c-oem-%ec%83%98%ed%94%8c\/\"},{\"@type\":\"ListItem\",\"position\":4,\"name\":\"OEM \uae30\ud0c0\",\"item\":\"https:\/\/leatai.com\/ko\/product-category\/%eb%8b%a4%ec%96%91%ed%95%9c-oem-%ec%83%98%ed%94%8c\/oem-%ea%b8%b0%ed%83%80\/\"},{\"@type\":\"ListItem\",\"position\":5,\"name\":\"HOYA BIT Exchange\"}]},{\"@type\":\"WebSite\",\"@id\":\"https:\/\/leatai.com\/ko\/#website\",\"url\":\"https:\/\/leatai.com\/ko\/\",\"name\":\"Leatai \u2013 \ub9de\ucda4\ud615 \ub178\ud2b8\ubd81 \uc81c\uc870\uc5c5\uccb4\",\"description\":\"Leatai\ub294 \uae00\ub85c\ubc8c \ube0c\ub79c\ub4dc\uc640 \uc720\ud1b5\uc5c5\uccb4\ub97c \uc704\ud55c \ub9de\ucda4\ud615 \ub178\ud2b8\ubd81 \ubc0f \ud50c\ub798\ub108\ub97c \uc81c\uacf5\ud569\ub2c8\ub2e4.\",\"publisher\":{\"@id\":\"https:\/\/leatai.com\/ko\/#organization\"},\"potentialAction\":[{\"@type\":\"SearchAction\",\"target\":{\"@type\":\"EntryPoint\",\"urlTemplate\":\"https:\/\/leatai.com\/ko\/?s={search_term_string}\"},\"query-input\":{\"@type\":\"PropertyValueSpecification\",\"valueRequired\":true,\"valueName\":\"search_term_string\"}}],\"inLanguage\":\"ko-KR\"},{\"@type\":\"Organization\",\"@id\":\"https:\/\/leatai.com\/ko\/#organization\",\"name\":\"Leatai Diary, customized journal and business organizer\",\"url\":\"https:\/\/leatai.com\/ko\/\",\"logo\":{\"@type\":\"ImageObject\",\"inLanguage\":\"ko-KR\",\"@id\":\"https:\/\/leatai.com\/ko\/#\/schema\/logo\/image\/\",\"url\":\"https:\/\/leatai.com\/wp-content\/uploads\/logo-blue.png\",\"contentUrl\":\"https:\/\/leatai.com\/wp-content\/uploads\/logo-blue.png\",\"width\":230,\"height\":60,\"caption\":\"Leatai Diary, customized journal and business organizer\"},\"image\":{\"@id\":\"https:\/\/leatai.com\/ko\/#\/schema\/logo\/image\/\"},\"telephone\":\"+886-2-8227-8800\",\"legalName\":\"Leatai Stationary Co., Ltd.\",\"description\":\"A leading notebook factory in Taiwan offering bespoke branding, high-quality binding, and premium paper selections for corporate gifts and stationery wholesale.\",\"address\":{\"@type\":\"PostalAddress\",\"streetAddress\":\"11F., No. 168, Jiankang Rd.\",\"addressLocality\":\"Zhonghe Dist.\",\"addressRegion\":\"New Taipei City\",\"postalCode\":\"235\",\"addressCountry\":\"TW\"},\"contactPoint\":{\"@type\":\"ContactPoint\",\"telephone\":\"+886-2-8227-8800\",\"contactType\":\"sales\",\"areaServed\":\"Worldwide\",\"availableLanguage\":[\"zh-TW\",\"en\"]}}]}<\/script>\n<!-- \/ Yoast SEO plugin. -->","yoast_head_json":{"title":"HOYA BIT Exchange - Leatai \u2013 \ub9de\ucda4\ud615 \ub178\ud2b8\ubd81 \uc81c\uc870\uc5c5\uccb4","description":"Kundenavn: HOYA BIT ExchangeSaksst\u00f8rrelse: Tilpasset st\u00f8rrelseSakstype: Helomsluttende notatblokkOmslagseffekt: TrykkN\u00f8kkelfunksjoner:En notatblokk med topp\u00e5pning. Noen ganger \u00f8nsker man at arkene enkelt skal kunne rives av, andre ganger \u00f8nsker man at de ikke skal v\u00e6re lette \u00e5 rive av. For disse to behovene finnes det ulike konstruksjonsl\u00f8sninger. Vennligst se bildene for referanse.","robots":{"index":"index","follow":"follow","max-snippet":"max-snippet:-1","max-image-preview":"max-image-preview:large","max-video-preview":"max-video-preview:-1"},"canonical":"https:\/\/leatai.com\/ko\/product\/%eb%8b%a4%ec%96%91%ed%95%9c-oem-%ec%83%98%ed%94%8c\/oem-%ea%b8%b0%ed%83%80\/hoya-bit-exchange\/","og_locale":"ko_KR","og_type":"article","og_title":"HOYA BIT Exchange - Leatai \u2013 \ub9de\ucda4\ud615 \ub178\ud2b8\ubd81 \uc81c\uc870\uc5c5\uccb4","og_description":"Kundenavn: HOYA BIT ExchangeSaksst\u00f8rrelse: Tilpasset st\u00f8rrelseSakstype: Helomsluttende notatblokkOmslagseffekt: TrykkN\u00f8kkelfunksjoner:En notatblokk med topp\u00e5pning. Noen ganger \u00f8nsker man at arkene enkelt skal kunne rives av, andre ganger \u00f8nsker man at de ikke skal v\u00e6re lette \u00e5 rive av. For disse to behovene finnes det ulike konstruksjonsl\u00f8sninger. Vennligst se bildene for referanse.","og_url":"https:\/\/leatai.com\/ko\/product\/%eb%8b%a4%ec%96%91%ed%95%9c-oem-%ec%83%98%ed%94%8c\/oem-%ea%b8%b0%ed%83%80\/hoya-bit-exchange\/","og_site_name":"Leatai \u2013 \ub9de\ucda4\ud615 \ub178\ud2b8\ubd81 \uc81c\uc870\uc5c5\uccb4","article_modified_time":"2026-03-03T08:57:23+00:00","og_image":[{"width":1000,"height":668,"url":"https:\/\/leatai.com\/wp-content\/uploads\/DSC_6859.jpg","type":"image\/jpeg"}],"twitter_card":"summary_large_image","twitter_misc":{"\uc608\uc0c1 \ub418\ub294 \ud310\ub3c5 \uc2dc\uac04":"1\ubd84"},"schema":{"@context":"https:\/\/schema.org","@graph":[{"@type":"WebPage","@id":"https:\/\/leatai.com\/ko\/product\/%eb%8b%a4%ec%96%91%ed%95%9c-oem-%ec%83%98%ed%94%8c\/oem-%ea%b8%b0%ed%83%80\/hoya-bit-exchange\/","url":"https:\/\/leatai.com\/ko\/product\/%eb%8b%a4%ec%96%91%ed%95%9c-oem-%ec%83%98%ed%94%8c\/oem-%ea%b8%b0%ed%83%80\/hoya-bit-exchange\/","name":"HOYA BIT Exchange - Leatai \u2013 \ub9de\ucda4\ud615 \ub178\ud2b8\ubd81 \uc81c\uc870\uc5c5\uccb4","isPartOf":{"@id":"https:\/\/leatai.com\/ko\/#website"},"primaryImageOfPage":{"@id":"https:\/\/leatai.com\/ko\/product\/%eb%8b%a4%ec%96%91%ed%95%9c-oem-%ec%83%98%ed%94%8c\/oem-%ea%b8%b0%ed%83%80\/hoya-bit-exchange\/#primaryimage"},"image":{"@id":"https:\/\/leatai.com\/ko\/product\/%eb%8b%a4%ec%96%91%ed%95%9c-oem-%ec%83%98%ed%94%8c\/oem-%ea%b8%b0%ed%83%80\/hoya-bit-exchange\/#primaryimage"},"thumbnailUrl":"https:\/\/leatai.com\/wp-content\/uploads\/DSC_6859.jpg","datePublished":"2024-08-21T11:34:22+00:00","dateModified":"2026-03-03T08:57:23+00:00","description":"Kundenavn: HOYA BIT ExchangeSaksst\u00f8rrelse: Tilpasset st\u00f8rrelseSakstype: Helomsluttende notatblokkOmslagseffekt: TrykkN\u00f8kkelfunksjoner:En notatblokk med topp\u00e5pning. Noen ganger \u00f8nsker man at arkene enkelt skal kunne rives av, andre ganger \u00f8nsker man at de ikke skal v\u00e6re lette \u00e5 rive av. For disse to behovene finnes det ulike konstruksjonsl\u00f8sninger. Vennligst se bildene for referanse.","breadcrumb":{"@id":"https:\/\/leatai.com\/ko\/product\/%eb%8b%a4%ec%96%91%ed%95%9c-oem-%ec%83%98%ed%94%8c\/oem-%ea%b8%b0%ed%83%80\/hoya-bit-exchange\/#breadcrumb"},"inLanguage":"ko-KR","potentialAction":[{"@type":"ReadAction","target":["https:\/\/leatai.com\/ko\/product\/%eb%8b%a4%ec%96%91%ed%95%9c-oem-%ec%83%98%ed%94%8c\/oem-%ea%b8%b0%ed%83%80\/hoya-bit-exchange\/"]}]},{"@type":"ImageObject","inLanguage":"ko-KR","@id":"https:\/\/leatai.com\/ko\/product\/%eb%8b%a4%ec%96%91%ed%95%9c-oem-%ec%83%98%ed%94%8c\/oem-%ea%b8%b0%ed%83%80\/hoya-bit-exchange\/#primaryimage","url":"https:\/\/leatai.com\/wp-content\/uploads\/DSC_6859.jpg","contentUrl":"https:\/\/leatai.com\/wp-content\/uploads\/DSC_6859.jpg","width":1000,"height":668},{"@type":"BreadcrumbList","@id":"https:\/\/leatai.com\/ko\/product\/%eb%8b%a4%ec%96%91%ed%95%9c-oem-%ec%83%98%ed%94%8c\/oem-%ea%b8%b0%ed%83%80\/hoya-bit-exchange\/#breadcrumb","itemListElement":[{"@type":"ListItem","position":1,"name":"Home","item":"https:\/\/leatai.com\/ko\/"},{"@type":"ListItem","position":2,"name":"\uc81c\ud488 \uc18c\uac1c","item":"https:\/\/leatai.com\/products\/"},{"@type":"ListItem","position":3,"name":"\ub2e4\uc591\ud55c OEM \uc0d8\ud50c","item":"https:\/\/leatai.com\/ko\/product-category\/%eb%8b%a4%ec%96%91%ed%95%9c-oem-%ec%83%98%ed%94%8c\/"},{"@type":"ListItem","position":4,"name":"OEM \uae30\ud0c0","item":"https:\/\/leatai.com\/ko\/product-category\/%eb%8b%a4%ec%96%91%ed%95%9c-oem-%ec%83%98%ed%94%8c\/oem-%ea%b8%b0%ed%83%80\/"},{"@type":"ListItem","position":5,"name":"HOYA BIT Exchange"}]},{"@type":"WebSite","@id":"https:\/\/leatai.com\/ko\/#website","url":"https:\/\/leatai.com\/ko\/","name":"Leatai \u2013 \ub9de\ucda4\ud615 \ub178\ud2b8\ubd81 \uc81c\uc870\uc5c5\uccb4","description":"Leatai\ub294 \uae00\ub85c\ubc8c \ube0c\ub79c\ub4dc\uc640 \uc720\ud1b5\uc5c5\uccb4\ub97c \uc704\ud55c \ub9de\ucda4\ud615 \ub178\ud2b8\ubd81 \ubc0f \ud50c\ub798\ub108\ub97c \uc81c\uacf5\ud569\ub2c8\ub2e4.","publisher":{"@id":"https:\/\/leatai.com\/ko\/#organization"},"potentialAction":[{"@type":"SearchAction","target":{"@type":"EntryPoint","urlTemplate":"https:\/\/leatai.com\/ko\/?s={search_term_string}"},"query-input":{"@type":"PropertyValueSpecification","valueRequired":true,"valueName":"search_term_string"}}],"inLanguage":"ko-KR"},{"@type":"Organization","@id":"https:\/\/leatai.com\/ko\/#organization","name":"Leatai Diary, customized journal and business organizer","url":"https:\/\/leatai.com\/ko\/","logo":{"@type":"ImageObject","inLanguage":"ko-KR","@id":"https:\/\/leatai.com\/ko\/#\/schema\/logo\/image\/","url":"https:\/\/leatai.com\/wp-content\/uploads\/logo-blue.png","contentUrl":"https:\/\/leatai.com\/wp-content\/uploads\/logo-blue.png","width":230,"height":60,"caption":"Leatai Diary, customized journal and business organizer"},"image":{"@id":"https:\/\/leatai.com\/ko\/#\/schema\/logo\/image\/"},"telephone":"+886-2-8227-8800","legalName":"Leatai Stationary Co., Ltd.","description":"A leading notebook factory in Taiwan offering bespoke branding, high-quality binding, and premium paper selections for corporate gifts and stationery wholesale.","address":{"@type":"PostalAddress","streetAddress":"11F., No. 168, Jiankang Rd.","addressLocality":"Zhonghe Dist.","addressRegion":"New Taipei City","postalCode":"235","addressCountry":"TW"},"contactPoint":{"@type":"ContactPoint","telephone":"+886-2-8227-8800","contactType":"sales","areaServed":"Worldwide","availableLanguage":["zh-TW","en"]}}]}},"_links":{"self":[{"href":"https:\/\/leatai.com\/ko\/wp-json\/wp\/v2\/product\/277277","targetHints":{"allow":["GET"]}}],"collection":[{"href":"https:\/\/leatai.com\/ko\/wp-json\/wp\/v2\/product"}],"about":[{"href":"https:\/\/leatai.com\/ko\/wp-json\/wp\/v2\/types\/product"}],"wp:featuredmedia":[{"embeddable":true,"href":"https:\/\/leatai.com\/ko\/wp-json\/wp\/v2\/media\/77316"}],"wp:attachment":[{"href":"https:\/\/leatai.com\/ko\/wp-json\/wp\/v2\/media?parent=277277"}],"wp:term":[{"taxonomy":"product_brand","embeddable":true,"href":"https:\/\/leatai.com\/ko\/wp-json\/wp\/v2\/product_brand?post=277277"},{"taxonomy":"product_cat","embeddable":true,"href":"https:\/\/leatai.com\/ko\/wp-json\/wp\/v2\/product_cat?post=277277"},{"taxonomy":"product_tag","embeddable":true,"href":"https:\/\/leatai.com\/ko\/wp-json\/wp\/v2\/product_tag?post=277277"},{"taxonomy":"home_works","embeddable":true,"href":"https:\/\/leatai.com\/ko\/wp-json\/wp\/v2\/home_works?post=277277"}],"curies":[{"name":"wp","href":"https:\/\/api.w.org\/{rel}","templated":true}]}}