{"id":228837,"date":"2024-06-25T22:04:52","date_gmt":"2024-06-25T14:04:52","guid":{"rendered":"https:\/\/leatai.com\/product\/senza-categoria\/lsc-022\/"},"modified":"2025-08-26T11:57:31","modified_gmt":"2025-08-26T03:57:31","slug":"lsc-022","status":"publish","type":"product","link":"https:\/\/leatai.com\/it\/product\/taccuino-personalizzato\/taccuino-brossurato\/lsc-022\/","title":{"rendered":"LSC-022"},"content":{"rendered":"<article class=\"text-token-text-primary w-full focus:outline-none scroll-mt-[calc(var(--header-height)+min(200px,max(70px,20svh)))]\" dir=\"auto\" tabindex=\"-1\" data-turn-id=\"c1d355df-3a7f-4b90-aab1-5fd7234e2916\" data-testid=\"conversation-turn-352\" data-scroll-anchor=\"true\" data-turn=\"assistant\">\n<div class=\"text-base my-auto mx-auto pb-10 [--thread-content-margin:--spacing(4)] @[37rem]:[--thread-content-margin:--spacing(6)] @[72rem]:[--thread-content-margin:--spacing(16)] px-(--thread-content-margin)\">\n<div class=\"[--thread-content-max-width:32rem] @[34rem]:[--thread-content-max-width:40rem] @[64rem]:[--thread-content-max-width:48rem] mx-auto max-w-(--thread-content-max-width) flex-1 group\/turn-messages focus-visible:outline-hidden relative flex w-full min-w-0 flex-col agent-turn\" tabindex=\"-1\">\n<div class=\"flex max-w-full flex-col grow\">\n<div class=\"min-h-8 text-message relative flex w-full flex-col items-end gap-2 text-start break-words whitespace-normal [.text-message+&amp;]:mt-5\" dir=\"auto\" data-message-author-role=\"assistant\" data-message-id=\"c1d355df-3a7f-4b90-aab1-5fd7234e2916\" data-message-model-slug=\"gpt-4o\">\n<div class=\"flex w-full flex-col gap-1 empty:hidden first:pt-[3px]\">\n<div class=\"markdown prose dark:prose-invert w-full break-words dark markdown-new-styling\">\n<article class=\"text-token-text-primary w-full focus:outline-none scroll-mt-[calc(var(--header-height)+min(200px,max(70px,20svh)))]\" dir=\"auto\" tabindex=\"-1\" data-turn-id=\"request-685e5f56-3a80-8009-921f-2a6f9c578878-7\" data-testid=\"conversation-turn-354\" data-scroll-anchor=\"true\" data-turn=\"assistant\">\n<div class=\"text-base my-auto mx-auto pb-10 [--thread-content-margin:--spacing(4)] @[37rem]:[--thread-content-margin:--spacing(6)] @[72rem]:[--thread-content-margin:--spacing(16)] px-(--thread-content-margin)\">\n<div class=\"[--thread-content-max-width:32rem] @[34rem]:[--thread-content-max-width:40rem] @[64rem]:[--thread-content-max-width:48rem] mx-auto max-w-(--thread-content-max-width) flex-1 group\/turn-messages focus-visible:outline-hidden relative flex w-full min-w-0 flex-col agent-turn\" tabindex=\"-1\">\n<div class=\"flex max-w-full flex-col grow\">\n<div class=\"min-h-8 text-message relative flex w-full flex-col items-end gap-2 text-start break-words whitespace-normal [.text-message+&amp;]:mt-5\" dir=\"auto\" data-message-author-role=\"assistant\" data-message-id=\"99f8c961-33ae-4072-b289-f965b3865eea\" data-message-model-slug=\"gpt-4o\">\n<div class=\"flex w-full flex-col gap-1 empty:hidden first:pt-[3px]\">\n<div class=\"markdown prose dark:prose-invert w-full break-words dark markdown-new-styling\">\n<p data-start=\"23\" data-end=\"387\">Modello di prodotto: LSC-022<br data-start=\"55\" data-end=\"58\" \/>Materiale della copertina: Pelle sintetica PU premium termosensibile<br data-start=\"130\" data-end=\"133\" data-is-only-node=\"\" \/>Colori: Verde \/ Nero<br data-start=\"157\" data-end=\"160\" \/>Formati disponibili: 25K <a href=\"https:\/\/leatai.com\/it\/faq\/quali-sono-le-dimensioni-dei-planner-8k-16k-e-25k-quanto-sono-grandi\/\" target=\"_blank\" rel=\"noopener\">(formati comuni)<\/a><br \/>\nPagine interne: edizione standard <a href=\"https:\/\/leatai.com\/it\/categoria-prodotto\/formato-delle-pagine-interne\/\" target=\"_blank\" rel=\"noopener\">(formato interno selezionabile)<\/a><br data-start=\"256\" data-end=\"259\" \/>Confezione: Busta OPP (opzionale)<br data-start=\"296\" data-end=\"299\" \/>Finiture del logo: Marchiatura a caldo, stampa a caldo oro, stampa a caldo argento<\/p>\n<p data-start=\"389\" data-end=\"748\" data-is-last-node=\"\" data-is-only-node=\"\">Descrizione del prodotto:<br data-start=\"418\" data-end=\"421\" \/>Il modello di prodotto LSC-022 di Leatai, con un design a forma di blocco che a prima vista pu\u00f2 sembrare semplice e ordinato, risulta in realt\u00e0 molto piacevole alla vista. Inoltre, la funzione porta-penna \u00e8 integrata in modo elegante e per nulla invadente. Posso affermare con sicurezza che presto altri inizieranno a imitarlo.<\/p>\n<\/div>\n<\/div>\n<\/div>\n<\/div>\n<div class=\"flex min-h-[46px] justify-start\"><\/div>\n<div class=\"mt-3 w-full empty:hidden\">\n<div class=\"text-center\"><\/div>\n<\/div>\n<\/div>\n<\/div>\n<\/article>\n<div class=\"pointer-events-none h-px w-px\" aria-hidden=\"true\" data-edge=\"true\"><\/div>\n<\/div>\n<\/div>\n<\/div>\n<\/div>\n<\/div>\n<\/div>\n<\/article>\n<p class=\"\" data-start=\"0\" data-end=\"519\">\ud83d\udcd6<a href=\"https:\/\/leatai.com\/it\/categoria-prodotto\/taccuino-personalizzato\/\" target=\"_blank\" rel=\"noopener\"> Diario aziendale in edizione standard: tutti i modelli della serie diari aziendali<\/a> \/ <a href=\"https:\/\/leatai.com\/it\/categoria-prodotto\/formato-delle-pagine-interne\/\" target=\"_blank\" rel=\"noopener\">pagine interne dei diari aziendali<\/a><br data-start=\"122\" data-end=\"125\" \/>\ud83d\udcd6 Per ulteriori consigli sulla produzione di taccuini personalizzati o stampa diari aziendali personalizzati, consulta:<br data-start=\"245\" data-end=\"248\" \/><a href=\"https:\/\/leatai.com\/it\/categoria-prodotto\/vari-campioni-oem\/quaderno-rilegato-oem\/\" target=\"_blank\" rel=\"noopener\">OEM taccuini rilegati<\/a><br data-start=\"269\" data-end=\"272\" \/><a href=\"https:\/\/leatai.com\/it\/categoria-prodotto\/vari-campioni-oem\/quaderno-a-fogli-mobili-oem\/\" target=\"_blank\" rel=\"noopener\">OEM raccoglitori ad anelli<\/a><br data-start=\"298\" data-end=\"301\" \/><a href=\"https:\/\/leatai.com\/it\/categoria-prodotto\/vari-campioni-oem\/quaderno-rimovibile-oem\/\" target=\"_blank\" rel=\"noopener\">OEM raccoglitori ad anelli estraibili<\/a><br data-start=\"338\" data-end=\"341\" \/><a href=\"https:\/\/leatai.com\/it\/categoria-prodotto\/vari-campioni-oem\/quaderno-brossura-oem\/\" target=\"_blank\" rel=\"noopener\">OEM taccuini brossurati<\/a><br data-start=\"364\" data-end=\"367\" \/><a href=\"https:\/\/leatai.com\/it\/categoria-prodotto\/vari-campioni-oem\/quaderno-a-spirale-oem\/\" target=\"_blank\" rel=\"noopener\">OEM taccuini a spirale<\/a><br data-start=\"389\" data-end=\"392\" \/><a href=\"https:\/\/leatai.com\/it\/categoria-prodotto\/vari-campioni-oem\/calendario-oem\/\" target=\"_blank\" rel=\"noopener\">OEM produzione di mini calendari strappabili personalizzati \/ stampa di calendari da tavolo personalizzati<\/a><br data-start=\"498\" data-end=\"501\" \/><a href=\"https:\/\/leatai.com\/it\/categoria-prodotto\/vari-campioni-oem\/oem-altri\/\" target=\"_blank\" rel=\"noopener\">OEM altri prodotti<\/a><\/p>\n<p class=\"\" data-start=\"0\" data-end=\"519\">Per una guida completa sulle dimensioni, consulta: <a href=\"https:\/\/leatai.com\/it\/conoscenza-del-taccuino\/guida-ai-formati-della-carta-comprendere-i-formati-comuni-come-b3-a4-b5-8k-16k-e-altri-ancora-una-tabella-delle-dimensioni-completa-per-un-facile-riferimento\/\" target=\"_blank\" rel=\"noopener\">Guida alle dimensioni della carta: B3, A4, B5, 8K, 16K e altri formati comuni spiegati con una pratica tabella comparativa!<\/a><\/p>\n","protected":false},"excerpt":{"rendered":"<p>Modello di prodotto: LSC-022Materiale della copertina: Pelle sintetica PU premium termosensibileColori: Verde \/ NeroFormati disponibili: 25K (formati comuni) Pagine interne: edizione standard (formato interno selezionabile)Confezione: Busta OPP (opzionale)Finiture del logo: Marchiatura a caldo, stampa a caldo oro, stampa a caldo argento Descrizione del prodotto:Il modello di prodotto LSC-022 di Leatai, con un design a forma [&hellip;]<\/p>\n","protected":false},"featured_media":228838,"template":"","meta":{"_acf_changed":false},"product_brand":[],"product_cat":[801],"product_tag":[1542],"home_works":[],"class_list":{"0":"post-228837","1":"product","2":"type-product","3":"status-publish","4":"has-post-thumbnail","6":"product_cat-taccuino-brossurato","7":"product_tag-2025new-it","9":"first","10":"instock","11":"sold-individually","12":"shipping-taxable","13":"purchasable","14":"product-type-variable","15":"has-default-attributes"},"acf":[],"yoast_head":"<!-- This site is optimized with the Yoast SEO plugin v27.2 - https:\/\/yoast.com\/product\/yoast-seo-wordpress\/ -->\n<title>LSC-022 - Il design del portapenne \u00e8 davvero interessante - Leatai \u2013 Produttore di taccuini personalizzati<\/title>\n<meta name=\"description\" content=\"Descrizione del prodotto: Il modello di prodotto LSC-022 di Leatai, con un design a forma di blocco che a prima vista pu\u00f2 sembrare semplice e ordinato, risulta in realt\u00e0 molto piacevole alla vista. Inoltre, la funzione porta-penna \u00e8 integrata in modo elegante e per nulla invadente. Posso affermare con sicurezza che presto altri inizieranno a imitarlo.\" \/>\n<meta name=\"robots\" content=\"index, follow, max-snippet:-1, max-image-preview:large, max-video-preview:-1\" \/>\n<link rel=\"canonical\" href=\"https:\/\/leatai.com\/it\/product\/taccuino-personalizzato\/taccuino-brossurato\/lsc-022\/\" \/>\n<meta property=\"og:locale\" content=\"it_IT\" \/>\n<meta property=\"og:type\" content=\"article\" \/>\n<meta property=\"og:title\" content=\"LSC-022 - Il design del portapenne \u00e8 davvero interessante - Leatai \u2013 Produttore di taccuini personalizzati\" \/>\n<meta property=\"og:description\" content=\"Descrizione del prodotto: Il modello di prodotto LSC-022 di Leatai, con un design a forma di blocco che a prima vista pu\u00f2 sembrare semplice e ordinato, risulta in realt\u00e0 molto piacevole alla vista. Inoltre, la funzione porta-penna \u00e8 integrata in modo elegante e per nulla invadente. Posso affermare con sicurezza che presto altri inizieranno a imitarlo.\" \/>\n<meta property=\"og:url\" content=\"https:\/\/leatai.com\/it\/product\/taccuino-personalizzato\/taccuino-brossurato\/lsc-022\/\" \/>\n<meta property=\"og:site_name\" content=\"Leatai \u2013 Produttore di taccuini personalizzati\" \/>\n<meta property=\"article:modified_time\" content=\"2025-08-26T03:57:31+00:00\" \/>\n<meta property=\"og:image\" content=\"https:\/\/leatai.com\/wp-content\/uploads\/DSC_2428.jpg\" \/>\n\t<meta property=\"og:image:width\" content=\"1000\" \/>\n\t<meta property=\"og:image:height\" content=\"750\" \/>\n\t<meta property=\"og:image:type\" content=\"image\/jpeg\" \/>\n<meta name=\"twitter:card\" content=\"summary_large_image\" \/>\n<meta name=\"twitter:label1\" content=\"Tempo di lettura stimato\" \/>\n\t<meta name=\"twitter:data1\" content=\"2 minuti\" \/>\n<script type=\"application\/ld+json\" class=\"yoast-schema-graph\">{\"@context\":\"https:\/\/schema.org\",\"@graph\":[{\"@type\":\"WebPage\",\"@id\":\"https:\/\/leatai.com\/it\/product\/taccuino-personalizzato\/taccuino-brossurato\/lsc-022\/\",\"url\":\"https:\/\/leatai.com\/it\/product\/taccuino-personalizzato\/taccuino-brossurato\/lsc-022\/\",\"name\":\"LSC-022 - Il design del portapenne \u00e8 davvero interessante - Leatai \u2013 Produttore di taccuini personalizzati\",\"isPartOf\":{\"@id\":\"https:\/\/leatai.com\/it\/#website\"},\"primaryImageOfPage\":{\"@id\":\"https:\/\/leatai.com\/it\/product\/taccuino-personalizzato\/taccuino-brossurato\/lsc-022\/#primaryimage\"},\"image\":{\"@id\":\"https:\/\/leatai.com\/it\/product\/taccuino-personalizzato\/taccuino-brossurato\/lsc-022\/#primaryimage\"},\"thumbnailUrl\":\"https:\/\/leatai.com\/wp-content\/uploads\/DSC_2428.jpg\",\"datePublished\":\"2024-06-25T14:04:52+00:00\",\"dateModified\":\"2025-08-26T03:57:31+00:00\",\"description\":\"Descrizione del prodotto: Il modello di prodotto LSC-022 di Leatai, con un design a forma di blocco che a prima vista pu\u00f2 sembrare semplice e ordinato, risulta in realt\u00e0 molto piacevole alla vista. Inoltre, la funzione porta-penna \u00e8 integrata in modo elegante e per nulla invadente. Posso affermare con sicurezza che presto altri inizieranno a imitarlo.\",\"breadcrumb\":{\"@id\":\"https:\/\/leatai.com\/it\/product\/taccuino-personalizzato\/taccuino-brossurato\/lsc-022\/#breadcrumb\"},\"inLanguage\":\"it-IT\",\"potentialAction\":[{\"@type\":\"ReadAction\",\"target\":[\"https:\/\/leatai.com\/it\/product\/taccuino-personalizzato\/taccuino-brossurato\/lsc-022\/\"]}]},{\"@type\":\"ImageObject\",\"inLanguage\":\"it-IT\",\"@id\":\"https:\/\/leatai.com\/it\/product\/taccuino-personalizzato\/taccuino-brossurato\/lsc-022\/#primaryimage\",\"url\":\"https:\/\/leatai.com\/wp-content\/uploads\/DSC_2428.jpg\",\"contentUrl\":\"https:\/\/leatai.com\/wp-content\/uploads\/DSC_2428.jpg\",\"width\":1000,\"height\":750},{\"@type\":\"BreadcrumbList\",\"@id\":\"https:\/\/leatai.com\/it\/product\/taccuino-personalizzato\/taccuino-brossurato\/lsc-022\/#breadcrumb\",\"itemListElement\":[{\"@type\":\"ListItem\",\"position\":1,\"name\":\"Home\",\"item\":\"https:\/\/leatai.com\/it\/\"},{\"@type\":\"ListItem\",\"position\":2,\"name\":\"Presentazione dei prodotti\",\"item\":\"https:\/\/leatai.com\/products\/\"},{\"@type\":\"ListItem\",\"position\":3,\"name\":\"Taccuino personalizzato\",\"item\":\"https:\/\/leatai.com\/it\/categoria-prodotto\/taccuino-personalizzato\/\"},{\"@type\":\"ListItem\",\"position\":4,\"name\":\"Taccuino brossurato\",\"item\":\"https:\/\/leatai.com\/it\/categoria-prodotto\/taccuino-personalizzato\/taccuino-brossurato\/\"},{\"@type\":\"ListItem\",\"position\":5,\"name\":\"LSC-022\"}]},{\"@type\":\"WebSite\",\"@id\":\"https:\/\/leatai.com\/it\/#website\",\"url\":\"https:\/\/leatai.com\/it\/\",\"name\":\"Leatai \u2013 Produttore di taccuini personalizzati\",\"description\":\"Leatai fornisce taccuini e planner personalizzati per brand e distributori a livello globale.\",\"publisher\":{\"@id\":\"https:\/\/leatai.com\/it\/#organization\"},\"potentialAction\":[{\"@type\":\"SearchAction\",\"target\":{\"@type\":\"EntryPoint\",\"urlTemplate\":\"https:\/\/leatai.com\/it\/?s={search_term_string}\"},\"query-input\":{\"@type\":\"PropertyValueSpecification\",\"valueRequired\":true,\"valueName\":\"search_term_string\"}}],\"inLanguage\":\"it-IT\"},{\"@type\":\"Organization\",\"@id\":\"https:\/\/leatai.com\/it\/#organization\",\"name\":\"Leatai Diary, customized journal and business organizer\",\"url\":\"https:\/\/leatai.com\/it\/\",\"logo\":{\"@type\":\"ImageObject\",\"inLanguage\":\"it-IT\",\"@id\":\"https:\/\/leatai.com\/it\/#\/schema\/logo\/image\/\",\"url\":\"https:\/\/leatai.com\/wp-content\/uploads\/logo-blue.png\",\"contentUrl\":\"https:\/\/leatai.com\/wp-content\/uploads\/logo-blue.png\",\"width\":230,\"height\":60,\"caption\":\"Leatai Diary, customized journal and business organizer\"},\"image\":{\"@id\":\"https:\/\/leatai.com\/it\/#\/schema\/logo\/image\/\"}}]}<\/script>\n<!-- \/ Yoast SEO plugin. -->","yoast_head_json":{"title":"LSC-022 - Il design del portapenne \u00e8 davvero interessante - Leatai \u2013 Produttore di taccuini personalizzati","description":"Descrizione del prodotto: Il modello di prodotto LSC-022 di Leatai, con un design a forma di blocco che a prima vista pu\u00f2 sembrare semplice e ordinato, risulta in realt\u00e0 molto piacevole alla vista. Inoltre, la funzione porta-penna \u00e8 integrata in modo elegante e per nulla invadente. Posso affermare con sicurezza che presto altri inizieranno a imitarlo.","robots":{"index":"index","follow":"follow","max-snippet":"max-snippet:-1","max-image-preview":"max-image-preview:large","max-video-preview":"max-video-preview:-1"},"canonical":"https:\/\/leatai.com\/it\/product\/taccuino-personalizzato\/taccuino-brossurato\/lsc-022\/","og_locale":"it_IT","og_type":"article","og_title":"LSC-022 - Il design del portapenne \u00e8 davvero interessante - Leatai \u2013 Produttore di taccuini personalizzati","og_description":"Descrizione del prodotto: Il modello di prodotto LSC-022 di Leatai, con un design a forma di blocco che a prima vista pu\u00f2 sembrare semplice e ordinato, risulta in realt\u00e0 molto piacevole alla vista. Inoltre, la funzione porta-penna \u00e8 integrata in modo elegante e per nulla invadente. Posso affermare con sicurezza che presto altri inizieranno a imitarlo.","og_url":"https:\/\/leatai.com\/it\/product\/taccuino-personalizzato\/taccuino-brossurato\/lsc-022\/","og_site_name":"Leatai \u2013 Produttore di taccuini personalizzati","article_modified_time":"2025-08-26T03:57:31+00:00","og_image":[{"width":1000,"height":750,"url":"https:\/\/leatai.com\/wp-content\/uploads\/DSC_2428.jpg","type":"image\/jpeg"}],"twitter_card":"summary_large_image","twitter_misc":{"Tempo di lettura stimato":"2 minuti"},"schema":{"@context":"https:\/\/schema.org","@graph":[{"@type":"WebPage","@id":"https:\/\/leatai.com\/it\/product\/taccuino-personalizzato\/taccuino-brossurato\/lsc-022\/","url":"https:\/\/leatai.com\/it\/product\/taccuino-personalizzato\/taccuino-brossurato\/lsc-022\/","name":"LSC-022 - Il design del portapenne \u00e8 davvero interessante - Leatai \u2013 Produttore di taccuini personalizzati","isPartOf":{"@id":"https:\/\/leatai.com\/it\/#website"},"primaryImageOfPage":{"@id":"https:\/\/leatai.com\/it\/product\/taccuino-personalizzato\/taccuino-brossurato\/lsc-022\/#primaryimage"},"image":{"@id":"https:\/\/leatai.com\/it\/product\/taccuino-personalizzato\/taccuino-brossurato\/lsc-022\/#primaryimage"},"thumbnailUrl":"https:\/\/leatai.com\/wp-content\/uploads\/DSC_2428.jpg","datePublished":"2024-06-25T14:04:52+00:00","dateModified":"2025-08-26T03:57:31+00:00","description":"Descrizione del prodotto: Il modello di prodotto LSC-022 di Leatai, con un design a forma di blocco che a prima vista pu\u00f2 sembrare semplice e ordinato, risulta in realt\u00e0 molto piacevole alla vista. Inoltre, la funzione porta-penna \u00e8 integrata in modo elegante e per nulla invadente. Posso affermare con sicurezza che presto altri inizieranno a imitarlo.","breadcrumb":{"@id":"https:\/\/leatai.com\/it\/product\/taccuino-personalizzato\/taccuino-brossurato\/lsc-022\/#breadcrumb"},"inLanguage":"it-IT","potentialAction":[{"@type":"ReadAction","target":["https:\/\/leatai.com\/it\/product\/taccuino-personalizzato\/taccuino-brossurato\/lsc-022\/"]}]},{"@type":"ImageObject","inLanguage":"it-IT","@id":"https:\/\/leatai.com\/it\/product\/taccuino-personalizzato\/taccuino-brossurato\/lsc-022\/#primaryimage","url":"https:\/\/leatai.com\/wp-content\/uploads\/DSC_2428.jpg","contentUrl":"https:\/\/leatai.com\/wp-content\/uploads\/DSC_2428.jpg","width":1000,"height":750},{"@type":"BreadcrumbList","@id":"https:\/\/leatai.com\/it\/product\/taccuino-personalizzato\/taccuino-brossurato\/lsc-022\/#breadcrumb","itemListElement":[{"@type":"ListItem","position":1,"name":"Home","item":"https:\/\/leatai.com\/it\/"},{"@type":"ListItem","position":2,"name":"Presentazione dei prodotti","item":"https:\/\/leatai.com\/products\/"},{"@type":"ListItem","position":3,"name":"Taccuino personalizzato","item":"https:\/\/leatai.com\/it\/categoria-prodotto\/taccuino-personalizzato\/"},{"@type":"ListItem","position":4,"name":"Taccuino brossurato","item":"https:\/\/leatai.com\/it\/categoria-prodotto\/taccuino-personalizzato\/taccuino-brossurato\/"},{"@type":"ListItem","position":5,"name":"LSC-022"}]},{"@type":"WebSite","@id":"https:\/\/leatai.com\/it\/#website","url":"https:\/\/leatai.com\/it\/","name":"Leatai \u2013 Produttore di taccuini personalizzati","description":"Leatai fornisce taccuini e planner personalizzati per brand e distributori a livello globale.","publisher":{"@id":"https:\/\/leatai.com\/it\/#organization"},"potentialAction":[{"@type":"SearchAction","target":{"@type":"EntryPoint","urlTemplate":"https:\/\/leatai.com\/it\/?s={search_term_string}"},"query-input":{"@type":"PropertyValueSpecification","valueRequired":true,"valueName":"search_term_string"}}],"inLanguage":"it-IT"},{"@type":"Organization","@id":"https:\/\/leatai.com\/it\/#organization","name":"Leatai Diary, customized journal and business organizer","url":"https:\/\/leatai.com\/it\/","logo":{"@type":"ImageObject","inLanguage":"it-IT","@id":"https:\/\/leatai.com\/it\/#\/schema\/logo\/image\/","url":"https:\/\/leatai.com\/wp-content\/uploads\/logo-blue.png","contentUrl":"https:\/\/leatai.com\/wp-content\/uploads\/logo-blue.png","width":230,"height":60,"caption":"Leatai Diary, customized journal and business organizer"},"image":{"@id":"https:\/\/leatai.com\/it\/#\/schema\/logo\/image\/"}}]}},"_links":{"self":[{"href":"https:\/\/leatai.com\/it\/wp-json\/wp\/v2\/product\/228837","targetHints":{"allow":["GET"]}}],"collection":[{"href":"https:\/\/leatai.com\/it\/wp-json\/wp\/v2\/product"}],"about":[{"href":"https:\/\/leatai.com\/it\/wp-json\/wp\/v2\/types\/product"}],"wp:featuredmedia":[{"embeddable":true,"href":"https:\/\/leatai.com\/it\/wp-json\/wp\/v2\/media\/228838"}],"wp:attachment":[{"href":"https:\/\/leatai.com\/it\/wp-json\/wp\/v2\/media?parent=228837"}],"wp:term":[{"taxonomy":"product_brand","embeddable":true,"href":"https:\/\/leatai.com\/it\/wp-json\/wp\/v2\/product_brand?post=228837"},{"taxonomy":"product_cat","embeddable":true,"href":"https:\/\/leatai.com\/it\/wp-json\/wp\/v2\/product_cat?post=228837"},{"taxonomy":"product_tag","embeddable":true,"href":"https:\/\/leatai.com\/it\/wp-json\/wp\/v2\/product_tag?post=228837"},{"taxonomy":"home_works","embeddable":true,"href":"https:\/\/leatai.com\/it\/wp-json\/wp\/v2\/home_works?post=228837"}],"curies":[{"name":"wp","href":"https:\/\/api.w.org\/{rel}","templated":true}]}}