{"id":219309,"date":"2025-07-12T11:39:30","date_gmt":"2025-07-12T03:39:30","guid":{"rendered":"https:\/\/leatai.com\/product\/senza-categoria\/lsc-026\/"},"modified":"2025-07-15T16:28:25","modified_gmt":"2025-07-15T08:28:25","slug":"lsc-026","status":"publish","type":"product","link":"https:\/\/leatai.com\/it\/product\/taccuino-personalizzato\/taccuino-brossurato\/lsc-026\/","title":{"rendered":"LSC-026"},"content":{"rendered":"<p>Modello prodotto: LSC-026<br \/>\nMateriale della copertina: Pelle sintetica PU premium termosensibile (cambia colore)<br \/>\nColore: Lilla chiaro \/ Verde chiaro<br \/>\nSpecifiche: 25K <a href=\"https:\/\/leatai.com\/it\/faq\/quali-sono-le-dimensioni-dei-planner-8k-16k-e-25k-quanto-sono-grandi\/\" target=\"_blank\" rel=\"noopener\">(formato standard)<\/a><br \/>\nPagine interne: Formato standard <a href=\"https:\/\/leatai.com\/it\/categoria-prodotto\/formato-delle-pagine-interne\/\" target=\"_blank\" rel=\"noopener\">(opzioni disponibili)<\/a><br \/>\nConfezione: Sacchetto OPP (opzionale)<br \/>\nOpzioni di finitura logo: Impressione a secco, stampa a caldo oro, stampa a caldo argento<\/p>\n<p>Descrizione del prodotto:<br \/>\nIl modello LSC-026 di Leatai \u00e8 un taccuino con rilegatura perfetta che offre la comodit\u00e0 delle pagine interne facilmente sostituibili. Questa versione presenta un importante aggiornamento nel design della copertina, adottando con audacia tonalit\u00e0 giovanili. Con funzionalit\u00e0 migliorate e un look fresco, \u00e8 il tipo di taccuino che vorrai portare sempre con te\u2014quindi, partiamo!<\/p>\n<p>&nbsp;<\/p>\n<p class=\"\" data-start=\"0\" data-end=\"519\">\ud83d\udcd6<a href=\"https:\/\/leatai.com\/it\/categoria-prodotto\/taccuino-personalizzato\/\" target=\"_blank\" rel=\"noopener\"> Diario aziendale in edizione standard: tutti i modelli della serie diari aziendali<\/a> \/ <a href=\"https:\/\/leatai.com\/it\/categoria-prodotto\/formato-delle-pagine-interne\/\" target=\"_blank\" rel=\"noopener\">pagine interne dei diari aziendali<\/a><br data-start=\"122\" data-end=\"125\" \/>\ud83d\udcd6 Per ulteriori consigli sulla produzione di taccuini personalizzati o stampa diari aziendali personalizzati, consulta:<br data-start=\"245\" data-end=\"248\" \/><a href=\"https:\/\/leatai.com\/it\/categoria-prodotto\/vari-campioni-oem\/quaderno-rilegato-oem\/\" target=\"_blank\" rel=\"noopener\">OEM taccuini rilegati<\/a><br data-start=\"269\" data-end=\"272\" \/><a href=\"https:\/\/leatai.com\/it\/categoria-prodotto\/vari-campioni-oem\/quaderno-a-fogli-mobili-oem\/\" target=\"_blank\" rel=\"noopener\">OEM raccoglitori ad anelli<\/a><br data-start=\"298\" data-end=\"301\" \/><a href=\"https:\/\/leatai.com\/it\/categoria-prodotto\/vari-campioni-oem\/quaderno-rimovibile-oem\/\" target=\"_blank\" rel=\"noopener\">OEM raccoglitori ad anelli estraibili<\/a><br data-start=\"338\" data-end=\"341\" \/><a href=\"https:\/\/leatai.com\/it\/categoria-prodotto\/vari-campioni-oem\/quaderno-brossura-oem\/\" target=\"_blank\" rel=\"noopener\">OEM taccuini brossurati<\/a><br data-start=\"364\" data-end=\"367\" \/><a href=\"https:\/\/leatai.com\/it\/categoria-prodotto\/vari-campioni-oem\/quaderno-a-spirale-oem\/\" target=\"_blank\" rel=\"noopener\">OEM taccuini a spirale<\/a><br data-start=\"389\" data-end=\"392\" \/><a href=\"https:\/\/leatai.com\/it\/categoria-prodotto\/vari-campioni-oem\/calendario-oem\/\" target=\"_blank\" rel=\"noopener\">OEM produzione di mini calendari strappabili personalizzati \/ stampa di calendari da tavolo personalizzati<\/a><br data-start=\"498\" data-end=\"501\" \/><a href=\"https:\/\/leatai.com\/it\/categoria-prodotto\/vari-campioni-oem\/oem-altri\/\" target=\"_blank\" rel=\"noopener\">OEM altri prodotti<\/a><\/p>\n<p class=\"\" data-start=\"0\" data-end=\"519\">Per una guida completa sulle dimensioni, consulta: <a href=\"https:\/\/leatai.com\/it\/conoscenza-del-taccuino\/guida-ai-formati-della-carta-comprendere-i-formati-comuni-come-b3-a4-b5-8k-16k-e-altri-ancora-una-tabella-delle-dimensioni-completa-per-un-facile-riferimento\/\" target=\"_blank\" rel=\"noopener\">Guida alle dimensioni della carta: B3, A4, B5, 8K, 16K e altri formati comuni spiegati con una pratica tabella comparativa!<\/a><\/p>\n","protected":false},"excerpt":{"rendered":"<p>Modello prodotto: LSC-026 Materiale della copertina: Pelle sintetica PU premium termosensibile (cambia colore) Colore: Lilla chiaro \/ Verde chiaro Specifiche: 25K (formato standard) Pagine interne: Formato standard (opzioni disponibili) Confezione: Sacchetto OPP (opzionale) Opzioni di finitura logo: Impressione a secco, stampa a caldo oro, stampa a caldo argento Descrizione del prodotto: Il modello LSC-026 di [&hellip;]<\/p>\n","protected":false},"featured_media":215621,"template":"","meta":{"_acf_changed":false},"product_brand":[],"product_cat":[801],"product_tag":[1579],"home_works":[],"class_list":{"0":"post-219309","1":"product","2":"type-product","3":"status-publish","4":"has-post-thumbnail","6":"product_cat-taccuino-brossurato","7":"product_tag-2026new-it","9":"first","10":"instock","11":"sold-individually","12":"shipping-taxable","13":"purchasable","14":"product-type-variable"},"acf":[],"yoast_head":"<!-- This site is optimized with the Yoast SEO plugin v27.2 - https:\/\/yoast.com\/product\/yoast-seo-wordpress\/ -->\n<title>LSC-026 - Leatai \u2013 Produttore di taccuini personalizzati<\/title>\n<meta name=\"description\" content=\"Descrizione del prodotto: Il modello LSC-026 di Leatai \u00e8 un taccuino con rilegatura perfetta che offre la comodit\u00e0 delle pagine interne facilmente sostituibili. Questa versione presenta un importante aggiornamento nel design della copertina, adottando con audacia tonalit\u00e0 giovanili. Con funzionalit\u00e0 migliorate e un look fresco, \u00e8 il tipo di taccuino che vorrai portare sempre con te\u2014quindi, partiamo!\" \/>\n<meta name=\"robots\" content=\"index, follow, max-snippet:-1, max-image-preview:large, max-video-preview:-1\" \/>\n<link rel=\"canonical\" href=\"https:\/\/leatai.com\/it\/product\/taccuino-personalizzato\/taccuino-brossurato\/lsc-026\/\" \/>\n<meta property=\"og:locale\" content=\"it_IT\" \/>\n<meta property=\"og:type\" content=\"article\" \/>\n<meta property=\"og:title\" content=\"LSC-026 - Leatai \u2013 Produttore di taccuini personalizzati\" \/>\n<meta property=\"og:description\" content=\"Descrizione del prodotto: Il modello LSC-026 di Leatai \u00e8 un taccuino con rilegatura perfetta che offre la comodit\u00e0 delle pagine interne facilmente sostituibili. Questa versione presenta un importante aggiornamento nel design della copertina, adottando con audacia tonalit\u00e0 giovanili. Con funzionalit\u00e0 migliorate e un look fresco, \u00e8 il tipo di taccuino che vorrai portare sempre con te\u2014quindi, partiamo!\" \/>\n<meta property=\"og:url\" content=\"https:\/\/leatai.com\/it\/product\/taccuino-personalizzato\/taccuino-brossurato\/lsc-026\/\" \/>\n<meta property=\"og:site_name\" content=\"Leatai \u2013 Produttore di taccuini personalizzati\" \/>\n<meta property=\"article:modified_time\" content=\"2025-07-15T08:28:25+00:00\" \/>\n<meta property=\"og:image\" content=\"https:\/\/leatai.com\/wp-content\/uploads\/DSC_3252-1.jpg\" \/>\n\t<meta property=\"og:image:width\" content=\"1000\" \/>\n\t<meta property=\"og:image:height\" content=\"750\" \/>\n\t<meta property=\"og:image:type\" content=\"image\/jpeg\" \/>\n<meta name=\"twitter:card\" content=\"summary_large_image\" \/>\n<meta name=\"twitter:label1\" content=\"Tempo di lettura stimato\" \/>\n\t<meta name=\"twitter:data1\" content=\"2 minuti\" \/>\n<script type=\"application\/ld+json\" class=\"yoast-schema-graph\">{\"@context\":\"https:\/\/schema.org\",\"@graph\":[{\"@type\":\"WebPage\",\"@id\":\"https:\/\/leatai.com\/it\/product\/taccuino-personalizzato\/taccuino-brossurato\/lsc-026\/\",\"url\":\"https:\/\/leatai.com\/it\/product\/taccuino-personalizzato\/taccuino-brossurato\/lsc-026\/\",\"name\":\"LSC-026 - Leatai \u2013 Produttore di taccuini personalizzati\",\"isPartOf\":{\"@id\":\"https:\/\/leatai.com\/it\/#website\"},\"primaryImageOfPage\":{\"@id\":\"https:\/\/leatai.com\/it\/product\/taccuino-personalizzato\/taccuino-brossurato\/lsc-026\/#primaryimage\"},\"image\":{\"@id\":\"https:\/\/leatai.com\/it\/product\/taccuino-personalizzato\/taccuino-brossurato\/lsc-026\/#primaryimage\"},\"thumbnailUrl\":\"https:\/\/leatai.com\/wp-content\/uploads\/DSC_3252-1.jpg\",\"datePublished\":\"2025-07-12T03:39:30+00:00\",\"dateModified\":\"2025-07-15T08:28:25+00:00\",\"description\":\"Descrizione del prodotto: Il modello LSC-026 di Leatai \u00e8 un taccuino con rilegatura perfetta che offre la comodit\u00e0 delle pagine interne facilmente sostituibili. Questa versione presenta un importante aggiornamento nel design della copertina, adottando con audacia tonalit\u00e0 giovanili. Con funzionalit\u00e0 migliorate e un look fresco, \u00e8 il tipo di taccuino che vorrai portare sempre con te\u2014quindi, partiamo!\",\"breadcrumb\":{\"@id\":\"https:\/\/leatai.com\/it\/product\/taccuino-personalizzato\/taccuino-brossurato\/lsc-026\/#breadcrumb\"},\"inLanguage\":\"it-IT\",\"potentialAction\":[{\"@type\":\"ReadAction\",\"target\":[\"https:\/\/leatai.com\/it\/product\/taccuino-personalizzato\/taccuino-brossurato\/lsc-026\/\"]}]},{\"@type\":\"ImageObject\",\"inLanguage\":\"it-IT\",\"@id\":\"https:\/\/leatai.com\/it\/product\/taccuino-personalizzato\/taccuino-brossurato\/lsc-026\/#primaryimage\",\"url\":\"https:\/\/leatai.com\/wp-content\/uploads\/DSC_3252-1.jpg\",\"contentUrl\":\"https:\/\/leatai.com\/wp-content\/uploads\/DSC_3252-1.jpg\",\"width\":1000,\"height\":750,\"caption\":\"Quaderno con copertina flessibile\"},{\"@type\":\"BreadcrumbList\",\"@id\":\"https:\/\/leatai.com\/it\/product\/taccuino-personalizzato\/taccuino-brossurato\/lsc-026\/#breadcrumb\",\"itemListElement\":[{\"@type\":\"ListItem\",\"position\":1,\"name\":\"Home\",\"item\":\"https:\/\/leatai.com\/it\/\"},{\"@type\":\"ListItem\",\"position\":2,\"name\":\"Presentazione dei prodotti\",\"item\":\"https:\/\/leatai.com\/products\/\"},{\"@type\":\"ListItem\",\"position\":3,\"name\":\"Taccuino personalizzato\",\"item\":\"https:\/\/leatai.com\/it\/categoria-prodotto\/taccuino-personalizzato\/\"},{\"@type\":\"ListItem\",\"position\":4,\"name\":\"Taccuino brossurato\",\"item\":\"https:\/\/leatai.com\/it\/categoria-prodotto\/taccuino-personalizzato\/taccuino-brossurato\/\"},{\"@type\":\"ListItem\",\"position\":5,\"name\":\"LSC-026\"}]},{\"@type\":\"WebSite\",\"@id\":\"https:\/\/leatai.com\/it\/#website\",\"url\":\"https:\/\/leatai.com\/it\/\",\"name\":\"Leatai \u2013 Produttore di taccuini personalizzati\",\"description\":\"Leatai fornisce taccuini e planner personalizzati per brand e distributori a livello globale.\",\"publisher\":{\"@id\":\"https:\/\/leatai.com\/it\/#organization\"},\"potentialAction\":[{\"@type\":\"SearchAction\",\"target\":{\"@type\":\"EntryPoint\",\"urlTemplate\":\"https:\/\/leatai.com\/it\/?s={search_term_string}\"},\"query-input\":{\"@type\":\"PropertyValueSpecification\",\"valueRequired\":true,\"valueName\":\"search_term_string\"}}],\"inLanguage\":\"it-IT\"},{\"@type\":\"Organization\",\"@id\":\"https:\/\/leatai.com\/it\/#organization\",\"name\":\"Leatai Diary, customized journal and business organizer\",\"url\":\"https:\/\/leatai.com\/it\/\",\"logo\":{\"@type\":\"ImageObject\",\"inLanguage\":\"it-IT\",\"@id\":\"https:\/\/leatai.com\/it\/#\/schema\/logo\/image\/\",\"url\":\"https:\/\/leatai.com\/wp-content\/uploads\/logo-blue.png\",\"contentUrl\":\"https:\/\/leatai.com\/wp-content\/uploads\/logo-blue.png\",\"width\":230,\"height\":60,\"caption\":\"Leatai Diary, customized journal and business organizer\"},\"image\":{\"@id\":\"https:\/\/leatai.com\/it\/#\/schema\/logo\/image\/\"}}]}<\/script>\n<!-- \/ Yoast SEO plugin. -->","yoast_head_json":{"title":"LSC-026 - Leatai \u2013 Produttore di taccuini personalizzati","description":"Descrizione del prodotto: Il modello LSC-026 di Leatai \u00e8 un taccuino con rilegatura perfetta che offre la comodit\u00e0 delle pagine interne facilmente sostituibili. Questa versione presenta un importante aggiornamento nel design della copertina, adottando con audacia tonalit\u00e0 giovanili. Con funzionalit\u00e0 migliorate e un look fresco, \u00e8 il tipo di taccuino che vorrai portare sempre con te\u2014quindi, partiamo!","robots":{"index":"index","follow":"follow","max-snippet":"max-snippet:-1","max-image-preview":"max-image-preview:large","max-video-preview":"max-video-preview:-1"},"canonical":"https:\/\/leatai.com\/it\/product\/taccuino-personalizzato\/taccuino-brossurato\/lsc-026\/","og_locale":"it_IT","og_type":"article","og_title":"LSC-026 - Leatai \u2013 Produttore di taccuini personalizzati","og_description":"Descrizione del prodotto: Il modello LSC-026 di Leatai \u00e8 un taccuino con rilegatura perfetta che offre la comodit\u00e0 delle pagine interne facilmente sostituibili. Questa versione presenta un importante aggiornamento nel design della copertina, adottando con audacia tonalit\u00e0 giovanili. Con funzionalit\u00e0 migliorate e un look fresco, \u00e8 il tipo di taccuino che vorrai portare sempre con te\u2014quindi, partiamo!","og_url":"https:\/\/leatai.com\/it\/product\/taccuino-personalizzato\/taccuino-brossurato\/lsc-026\/","og_site_name":"Leatai \u2013 Produttore di taccuini personalizzati","article_modified_time":"2025-07-15T08:28:25+00:00","og_image":[{"width":1000,"height":750,"url":"https:\/\/leatai.com\/wp-content\/uploads\/DSC_3252-1.jpg","type":"image\/jpeg"}],"twitter_card":"summary_large_image","twitter_misc":{"Tempo di lettura stimato":"2 minuti"},"schema":{"@context":"https:\/\/schema.org","@graph":[{"@type":"WebPage","@id":"https:\/\/leatai.com\/it\/product\/taccuino-personalizzato\/taccuino-brossurato\/lsc-026\/","url":"https:\/\/leatai.com\/it\/product\/taccuino-personalizzato\/taccuino-brossurato\/lsc-026\/","name":"LSC-026 - Leatai \u2013 Produttore di taccuini personalizzati","isPartOf":{"@id":"https:\/\/leatai.com\/it\/#website"},"primaryImageOfPage":{"@id":"https:\/\/leatai.com\/it\/product\/taccuino-personalizzato\/taccuino-brossurato\/lsc-026\/#primaryimage"},"image":{"@id":"https:\/\/leatai.com\/it\/product\/taccuino-personalizzato\/taccuino-brossurato\/lsc-026\/#primaryimage"},"thumbnailUrl":"https:\/\/leatai.com\/wp-content\/uploads\/DSC_3252-1.jpg","datePublished":"2025-07-12T03:39:30+00:00","dateModified":"2025-07-15T08:28:25+00:00","description":"Descrizione del prodotto: Il modello LSC-026 di Leatai \u00e8 un taccuino con rilegatura perfetta che offre la comodit\u00e0 delle pagine interne facilmente sostituibili. Questa versione presenta un importante aggiornamento nel design della copertina, adottando con audacia tonalit\u00e0 giovanili. Con funzionalit\u00e0 migliorate e un look fresco, \u00e8 il tipo di taccuino che vorrai portare sempre con te\u2014quindi, partiamo!","breadcrumb":{"@id":"https:\/\/leatai.com\/it\/product\/taccuino-personalizzato\/taccuino-brossurato\/lsc-026\/#breadcrumb"},"inLanguage":"it-IT","potentialAction":[{"@type":"ReadAction","target":["https:\/\/leatai.com\/it\/product\/taccuino-personalizzato\/taccuino-brossurato\/lsc-026\/"]}]},{"@type":"ImageObject","inLanguage":"it-IT","@id":"https:\/\/leatai.com\/it\/product\/taccuino-personalizzato\/taccuino-brossurato\/lsc-026\/#primaryimage","url":"https:\/\/leatai.com\/wp-content\/uploads\/DSC_3252-1.jpg","contentUrl":"https:\/\/leatai.com\/wp-content\/uploads\/DSC_3252-1.jpg","width":1000,"height":750,"caption":"Quaderno con copertina flessibile"},{"@type":"BreadcrumbList","@id":"https:\/\/leatai.com\/it\/product\/taccuino-personalizzato\/taccuino-brossurato\/lsc-026\/#breadcrumb","itemListElement":[{"@type":"ListItem","position":1,"name":"Home","item":"https:\/\/leatai.com\/it\/"},{"@type":"ListItem","position":2,"name":"Presentazione dei prodotti","item":"https:\/\/leatai.com\/products\/"},{"@type":"ListItem","position":3,"name":"Taccuino personalizzato","item":"https:\/\/leatai.com\/it\/categoria-prodotto\/taccuino-personalizzato\/"},{"@type":"ListItem","position":4,"name":"Taccuino brossurato","item":"https:\/\/leatai.com\/it\/categoria-prodotto\/taccuino-personalizzato\/taccuino-brossurato\/"},{"@type":"ListItem","position":5,"name":"LSC-026"}]},{"@type":"WebSite","@id":"https:\/\/leatai.com\/it\/#website","url":"https:\/\/leatai.com\/it\/","name":"Leatai \u2013 Produttore di taccuini personalizzati","description":"Leatai fornisce taccuini e planner personalizzati per brand e distributori a livello globale.","publisher":{"@id":"https:\/\/leatai.com\/it\/#organization"},"potentialAction":[{"@type":"SearchAction","target":{"@type":"EntryPoint","urlTemplate":"https:\/\/leatai.com\/it\/?s={search_term_string}"},"query-input":{"@type":"PropertyValueSpecification","valueRequired":true,"valueName":"search_term_string"}}],"inLanguage":"it-IT"},{"@type":"Organization","@id":"https:\/\/leatai.com\/it\/#organization","name":"Leatai Diary, customized journal and business organizer","url":"https:\/\/leatai.com\/it\/","logo":{"@type":"ImageObject","inLanguage":"it-IT","@id":"https:\/\/leatai.com\/it\/#\/schema\/logo\/image\/","url":"https:\/\/leatai.com\/wp-content\/uploads\/logo-blue.png","contentUrl":"https:\/\/leatai.com\/wp-content\/uploads\/logo-blue.png","width":230,"height":60,"caption":"Leatai Diary, customized journal and business organizer"},"image":{"@id":"https:\/\/leatai.com\/it\/#\/schema\/logo\/image\/"}}]}},"_links":{"self":[{"href":"https:\/\/leatai.com\/it\/wp-json\/wp\/v2\/product\/219309","targetHints":{"allow":["GET"]}}],"collection":[{"href":"https:\/\/leatai.com\/it\/wp-json\/wp\/v2\/product"}],"about":[{"href":"https:\/\/leatai.com\/it\/wp-json\/wp\/v2\/types\/product"}],"wp:featuredmedia":[{"embeddable":true,"href":"https:\/\/leatai.com\/it\/wp-json\/wp\/v2\/media\/215621"}],"wp:attachment":[{"href":"https:\/\/leatai.com\/it\/wp-json\/wp\/v2\/media?parent=219309"}],"wp:term":[{"taxonomy":"product_brand","embeddable":true,"href":"https:\/\/leatai.com\/it\/wp-json\/wp\/v2\/product_brand?post=219309"},{"taxonomy":"product_cat","embeddable":true,"href":"https:\/\/leatai.com\/it\/wp-json\/wp\/v2\/product_cat?post=219309"},{"taxonomy":"product_tag","embeddable":true,"href":"https:\/\/leatai.com\/it\/wp-json\/wp\/v2\/product_tag?post=219309"},{"taxonomy":"home_works","embeddable":true,"href":"https:\/\/leatai.com\/it\/wp-json\/wp\/v2\/home_works?post=219309"}],"curies":[{"name":"wp","href":"https:\/\/api.w.org\/{rel}","templated":true}]}}