{"id":204731,"date":"2022-08-05T00:04:22","date_gmt":"2022-08-04T16:04:22","guid":{"rendered":"https:\/\/leatai.com\/product\/senza-categoria\/lef-052\/"},"modified":"2025-05-05T17:34:23","modified_gmt":"2025-05-05T09:34:23","slug":"lef-052","status":"publish","type":"product","link":"https:\/\/leatai.com\/it\/product\/taccuino-personalizzato\/taccuino-a-fogli-mobili\/lef-052\/","title":{"rendered":"LEF-052"},"content":{"rendered":"<p>Modello del prodotto: LEF-052<br \/>\nMateriale della copertina: Similpelle<br \/>\nColore: Marrone \/ Beige<br \/>\nSpecifiche: 16K \/ 25K \/ 48K <a href=\"https:\/\/leatai.com\/it\/faq\/quali-sono-le-dimensioni-dei-planner-8k-16k-e-25k-quanto-sono-grandi\/\" target=\"_blank\" rel=\"noopener\">(formati comuni)<\/a><br \/>\nPagine interne: Versione standard<a href=\"https:\/\/leatai.com\/it\/categoria-prodotto\/formato-delle-pagine-interne\/pagine-interne-a5\/\" target=\"_blank\" rel=\"noopener\"> (scelta del formato interno)<\/a><br \/>\nConfezione: Busta OPP (opzionale)<br \/>\nLavorazione del logo: Stampa a caldo in oro, stampa a caldo in argento, impressione a caldo<\/p>\n<p>Descrizione del prodotto<br \/>\nModello prodotto Leatai: LEF-052. Questo taccuino ad anelli potrebbe sembrare ordinario a prima vista, ma cela un dettaglio ingegnoso: la parte che richiama la classica rilegatura del dorso non \u00e8 solo decorativa, bens\u00ec \u00e8 stata trasformata in un ampio vano portaoggetti. Una soluzione che raddoppia lo spazio utile senza alterare l&#8217;eleganza del design. Un diario funzionale e sorprendente sotto ogni punto di vista.<\/p>\n<p>&nbsp;<\/p>\n<p class=\"\" data-start=\"0\" data-end=\"519\">\ud83d\udcd6<a href=\"https:\/\/leatai.com\/it\/categoria-prodotto\/taccuino-personalizzato\/\" target=\"_blank\" rel=\"noopener\"> Diario aziendale in edizione standard: tutti i modelli della serie diari aziendali<\/a> \/ <a href=\"https:\/\/leatai.com\/it\/categoria-prodotto\/formato-delle-pagine-interne\/\" target=\"_blank\" rel=\"noopener\">pagine interne dei diari aziendali<\/a><br data-start=\"122\" data-end=\"125\" \/>\ud83d\udcd6 Per ulteriori consigli sulla produzione di taccuini personalizzati o stampa diari aziendali personalizzati, consulta:<br data-start=\"245\" data-end=\"248\" \/><a href=\"https:\/\/leatai.com\/it\/categoria-prodotto\/vari-campioni-oem\/quaderno-rilegato-oem\/\" target=\"_blank\" rel=\"noopener\">OEM taccuini rilegati<\/a><br data-start=\"269\" data-end=\"272\" \/><a href=\"https:\/\/leatai.com\/it\/categoria-prodotto\/vari-campioni-oem\/quaderno-a-fogli-mobili-oem\/\" target=\"_blank\" rel=\"noopener\">OEM raccoglitori ad anelli<\/a><br data-start=\"298\" data-end=\"301\" \/><a href=\"https:\/\/leatai.com\/it\/categoria-prodotto\/vari-campioni-oem\/quaderno-rimovibile-oem\/\" target=\"_blank\" rel=\"noopener\">OEM raccoglitori ad anelli estraibili<\/a><br data-start=\"338\" data-end=\"341\" \/><a href=\"https:\/\/leatai.com\/it\/categoria-prodotto\/vari-campioni-oem\/quaderno-brossura-oem\/\" target=\"_blank\" rel=\"noopener\">OEM taccuini brossurati<\/a><br data-start=\"364\" data-end=\"367\" \/><a href=\"https:\/\/leatai.com\/it\/categoria-prodotto\/vari-campioni-oem\/quaderno-a-spirale-oem\/\" target=\"_blank\" rel=\"noopener\">OEM taccuini a spirale<\/a><br data-start=\"389\" data-end=\"392\" \/><a href=\"https:\/\/leatai.com\/it\/categoria-prodotto\/vari-campioni-oem\/calendario-oem\/\" target=\"_blank\" rel=\"noopener\">OEM produzione di mini calendari strappabili personalizzati \/ stampa di calendari da tavolo personalizzati<\/a><br data-start=\"498\" data-end=\"501\" \/><a href=\"https:\/\/leatai.com\/it\/categoria-prodotto\/vari-campioni-oem\/oem-altri\/\" target=\"_blank\" rel=\"noopener\">OEM altri prodotti<\/a><\/p>\n<p class=\"\" data-start=\"0\" data-end=\"519\">Per una guida completa sulle dimensioni, consulta: <a href=\"https:\/\/leatai.com\/it\/conoscenza-del-taccuino\/guida-ai-formati-della-carta-comprendere-i-formati-comuni-come-b3-a4-b5-8k-16k-e-altri-ancora-una-tabella-delle-dimensioni-completa-per-un-facile-riferimento\/\" target=\"_blank\" rel=\"noopener\">Guida alle dimensioni della carta: B3, A4, B5, 8K, 16K e altri formati comuni spiegati con una pratica tabella comparativa!<\/a><\/p>\n","protected":false},"excerpt":{"rendered":"<p>Modello del prodotto: LEF-052 Materiale della copertina: Similpelle Colore: Marrone \/ Beige Specifiche: 16K \/ 25K \/ 48K (formati comuni) Pagine interne: Versione standard (scelta del formato interno) Confezione: Busta OPP (opzionale) Lavorazione del logo: Stampa a caldo in oro, stampa a caldo in argento, impressione a caldo Descrizione del prodotto Modello prodotto Leatai: LEF-052. [&hellip;]<\/p>\n","protected":false},"featured_media":81470,"template":"","meta":{"_acf_changed":false},"product_brand":[],"product_cat":[764],"product_tag":[1528,1488],"home_works":[],"class_list":{"0":"post-204731","1":"product","2":"type-product","3":"status-publish","4":"has-post-thumbnail","6":"product_cat-taccuino-a-fogli-mobili","7":"product_tag-25k-it","8":"product_tag--it","10":"first","11":"outofstock","12":"sold-individually","13":"shipping-taxable","14":"purchasable","15":"product-type-variable","16":"has-default-attributes"},"acf":[],"yoast_head":"<!-- This site is optimized with the Yoast SEO plugin v27.2 - https:\/\/yoast.com\/product\/yoast-seo-wordpress\/ -->\n<title>LEF-052 - Leatai \u2013 Produttore di taccuini personalizzati<\/title>\n<meta name=\"description\" content=\"Modello prodotto Leatai: LEF-052. Questo taccuino ad anelli potrebbe sembrare ordinario a prima vista, ma cela un dettaglio ingegnoso: la parte che richiama la classica rilegatura del dorso non \u00e8 solo decorativa, bens\u00ec \u00e8 stata trasformata in un ampio vano portaoggetti. Una soluzione che raddoppia lo spazio utile senza alterare l&#039;eleganza del design. Un diario funzionale e sorprendente sotto ogni punto di vista.\" \/>\n<meta name=\"robots\" content=\"index, follow, max-snippet:-1, max-image-preview:large, max-video-preview:-1\" \/>\n<link rel=\"canonical\" href=\"https:\/\/leatai.com\/it\/product\/taccuino-personalizzato\/taccuino-a-fogli-mobili\/lef-052\/\" \/>\n<meta property=\"og:locale\" content=\"it_IT\" \/>\n<meta property=\"og:type\" content=\"article\" \/>\n<meta property=\"og:title\" content=\"LEF-052 - Leatai \u2013 Produttore di taccuini personalizzati\" \/>\n<meta property=\"og:description\" content=\"Modello prodotto Leatai: LEF-052. Questo taccuino ad anelli potrebbe sembrare ordinario a prima vista, ma cela un dettaglio ingegnoso: la parte che richiama la classica rilegatura del dorso non \u00e8 solo decorativa, bens\u00ec \u00e8 stata trasformata in un ampio vano portaoggetti. Una soluzione che raddoppia lo spazio utile senza alterare l&#039;eleganza del design. Un diario funzionale e sorprendente sotto ogni punto di vista.\" \/>\n<meta property=\"og:url\" content=\"https:\/\/leatai.com\/it\/product\/taccuino-personalizzato\/taccuino-a-fogli-mobili\/lef-052\/\" \/>\n<meta property=\"og:site_name\" content=\"Leatai \u2013 Produttore di taccuini personalizzati\" \/>\n<meta property=\"article:modified_time\" content=\"2025-05-05T09:34:23+00:00\" \/>\n<meta property=\"og:image\" content=\"https:\/\/leatai.com\/wp-content\/uploads\/DSC_6540.jpg\" \/>\n\t<meta property=\"og:image:width\" content=\"1000\" \/>\n\t<meta property=\"og:image:height\" content=\"750\" \/>\n\t<meta property=\"og:image:type\" content=\"image\/jpeg\" \/>\n<meta name=\"twitter:card\" content=\"summary_large_image\" \/>\n<meta name=\"twitter:label1\" content=\"Tempo di lettura stimato\" \/>\n\t<meta name=\"twitter:data1\" content=\"2 minuti\" \/>\n<script type=\"application\/ld+json\" class=\"yoast-schema-graph\">{\"@context\":\"https:\/\/schema.org\",\"@graph\":[{\"@type\":\"WebPage\",\"@id\":\"https:\/\/leatai.com\/it\/product\/taccuino-personalizzato\/taccuino-a-fogli-mobili\/lef-052\/\",\"url\":\"https:\/\/leatai.com\/it\/product\/taccuino-personalizzato\/taccuino-a-fogli-mobili\/lef-052\/\",\"name\":\"LEF-052 - Leatai \u2013 Produttore di taccuini personalizzati\",\"isPartOf\":{\"@id\":\"https:\/\/leatai.com\/it\/#website\"},\"primaryImageOfPage\":{\"@id\":\"https:\/\/leatai.com\/it\/product\/taccuino-personalizzato\/taccuino-a-fogli-mobili\/lef-052\/#primaryimage\"},\"image\":{\"@id\":\"https:\/\/leatai.com\/it\/product\/taccuino-personalizzato\/taccuino-a-fogli-mobili\/lef-052\/#primaryimage\"},\"thumbnailUrl\":\"https:\/\/leatai.com\/wp-content\/uploads\/DSC_6540.jpg\",\"datePublished\":\"2022-08-04T16:04:22+00:00\",\"dateModified\":\"2025-05-05T09:34:23+00:00\",\"description\":\"Modello prodotto Leatai: LEF-052. Questo taccuino ad anelli potrebbe sembrare ordinario a prima vista, ma cela un dettaglio ingegnoso: la parte che richiama la classica rilegatura del dorso non \u00e8 solo decorativa, bens\u00ec \u00e8 stata trasformata in un ampio vano portaoggetti. Una soluzione che raddoppia lo spazio utile senza alterare l'eleganza del design. Un diario funzionale e sorprendente sotto ogni punto di vista.\",\"breadcrumb\":{\"@id\":\"https:\/\/leatai.com\/it\/product\/taccuino-personalizzato\/taccuino-a-fogli-mobili\/lef-052\/#breadcrumb\"},\"inLanguage\":\"it-IT\",\"potentialAction\":[{\"@type\":\"ReadAction\",\"target\":[\"https:\/\/leatai.com\/it\/product\/taccuino-personalizzato\/taccuino-a-fogli-mobili\/lef-052\/\"]}]},{\"@type\":\"ImageObject\",\"inLanguage\":\"it-IT\",\"@id\":\"https:\/\/leatai.com\/it\/product\/taccuino-personalizzato\/taccuino-a-fogli-mobili\/lef-052\/#primaryimage\",\"url\":\"https:\/\/leatai.com\/wp-content\/uploads\/DSC_6540.jpg\",\"contentUrl\":\"https:\/\/leatai.com\/wp-content\/uploads\/DSC_6540.jpg\",\"width\":1000,\"height\":750,\"caption\":\"Diario commerciale ad anelli\"},{\"@type\":\"BreadcrumbList\",\"@id\":\"https:\/\/leatai.com\/it\/product\/taccuino-personalizzato\/taccuino-a-fogli-mobili\/lef-052\/#breadcrumb\",\"itemListElement\":[{\"@type\":\"ListItem\",\"position\":1,\"name\":\"Home\",\"item\":\"https:\/\/leatai.com\/it\/\"},{\"@type\":\"ListItem\",\"position\":2,\"name\":\"Presentazione dei prodotti\",\"item\":\"https:\/\/leatai.com\/products\/\"},{\"@type\":\"ListItem\",\"position\":3,\"name\":\"Taccuino personalizzato\",\"item\":\"https:\/\/leatai.com\/it\/categoria-prodotto\/taccuino-personalizzato\/\"},{\"@type\":\"ListItem\",\"position\":4,\"name\":\"Taccuino a fogli mobili\",\"item\":\"https:\/\/leatai.com\/it\/categoria-prodotto\/taccuino-personalizzato\/taccuino-a-fogli-mobili\/\"},{\"@type\":\"ListItem\",\"position\":5,\"name\":\"LEF-052\"}]},{\"@type\":\"WebSite\",\"@id\":\"https:\/\/leatai.com\/it\/#website\",\"url\":\"https:\/\/leatai.com\/it\/\",\"name\":\"Leatai \u2013 Produttore di taccuini personalizzati\",\"description\":\"Leatai fornisce taccuini e planner personalizzati per brand e distributori a livello globale.\",\"publisher\":{\"@id\":\"https:\/\/leatai.com\/it\/#organization\"},\"potentialAction\":[{\"@type\":\"SearchAction\",\"target\":{\"@type\":\"EntryPoint\",\"urlTemplate\":\"https:\/\/leatai.com\/it\/?s={search_term_string}\"},\"query-input\":{\"@type\":\"PropertyValueSpecification\",\"valueRequired\":true,\"valueName\":\"search_term_string\"}}],\"inLanguage\":\"it-IT\"},{\"@type\":\"Organization\",\"@id\":\"https:\/\/leatai.com\/it\/#organization\",\"name\":\"Leatai Diary, customized journal and business organizer\",\"url\":\"https:\/\/leatai.com\/it\/\",\"logo\":{\"@type\":\"ImageObject\",\"inLanguage\":\"it-IT\",\"@id\":\"https:\/\/leatai.com\/it\/#\/schema\/logo\/image\/\",\"url\":\"https:\/\/leatai.com\/wp-content\/uploads\/logo-blue.png\",\"contentUrl\":\"https:\/\/leatai.com\/wp-content\/uploads\/logo-blue.png\",\"width\":230,\"height\":60,\"caption\":\"Leatai Diary, customized journal and business organizer\"},\"image\":{\"@id\":\"https:\/\/leatai.com\/it\/#\/schema\/logo\/image\/\"}}]}<\/script>\n<!-- \/ Yoast SEO plugin. -->","yoast_head_json":{"title":"LEF-052 - Leatai \u2013 Produttore di taccuini personalizzati","description":"Modello prodotto Leatai: LEF-052. Questo taccuino ad anelli potrebbe sembrare ordinario a prima vista, ma cela un dettaglio ingegnoso: la parte che richiama la classica rilegatura del dorso non \u00e8 solo decorativa, bens\u00ec \u00e8 stata trasformata in un ampio vano portaoggetti. Una soluzione che raddoppia lo spazio utile senza alterare l'eleganza del design. Un diario funzionale e sorprendente sotto ogni punto di vista.","robots":{"index":"index","follow":"follow","max-snippet":"max-snippet:-1","max-image-preview":"max-image-preview:large","max-video-preview":"max-video-preview:-1"},"canonical":"https:\/\/leatai.com\/it\/product\/taccuino-personalizzato\/taccuino-a-fogli-mobili\/lef-052\/","og_locale":"it_IT","og_type":"article","og_title":"LEF-052 - Leatai \u2013 Produttore di taccuini personalizzati","og_description":"Modello prodotto Leatai: LEF-052. Questo taccuino ad anelli potrebbe sembrare ordinario a prima vista, ma cela un dettaglio ingegnoso: la parte che richiama la classica rilegatura del dorso non \u00e8 solo decorativa, bens\u00ec \u00e8 stata trasformata in un ampio vano portaoggetti. Una soluzione che raddoppia lo spazio utile senza alterare l'eleganza del design. Un diario funzionale e sorprendente sotto ogni punto di vista.","og_url":"https:\/\/leatai.com\/it\/product\/taccuino-personalizzato\/taccuino-a-fogli-mobili\/lef-052\/","og_site_name":"Leatai \u2013 Produttore di taccuini personalizzati","article_modified_time":"2025-05-05T09:34:23+00:00","og_image":[{"width":1000,"height":750,"url":"https:\/\/leatai.com\/wp-content\/uploads\/DSC_6540.jpg","type":"image\/jpeg"}],"twitter_card":"summary_large_image","twitter_misc":{"Tempo di lettura stimato":"2 minuti"},"schema":{"@context":"https:\/\/schema.org","@graph":[{"@type":"WebPage","@id":"https:\/\/leatai.com\/it\/product\/taccuino-personalizzato\/taccuino-a-fogli-mobili\/lef-052\/","url":"https:\/\/leatai.com\/it\/product\/taccuino-personalizzato\/taccuino-a-fogli-mobili\/lef-052\/","name":"LEF-052 - Leatai \u2013 Produttore di taccuini personalizzati","isPartOf":{"@id":"https:\/\/leatai.com\/it\/#website"},"primaryImageOfPage":{"@id":"https:\/\/leatai.com\/it\/product\/taccuino-personalizzato\/taccuino-a-fogli-mobili\/lef-052\/#primaryimage"},"image":{"@id":"https:\/\/leatai.com\/it\/product\/taccuino-personalizzato\/taccuino-a-fogli-mobili\/lef-052\/#primaryimage"},"thumbnailUrl":"https:\/\/leatai.com\/wp-content\/uploads\/DSC_6540.jpg","datePublished":"2022-08-04T16:04:22+00:00","dateModified":"2025-05-05T09:34:23+00:00","description":"Modello prodotto Leatai: LEF-052. Questo taccuino ad anelli potrebbe sembrare ordinario a prima vista, ma cela un dettaglio ingegnoso: la parte che richiama la classica rilegatura del dorso non \u00e8 solo decorativa, bens\u00ec \u00e8 stata trasformata in un ampio vano portaoggetti. Una soluzione che raddoppia lo spazio utile senza alterare l'eleganza del design. Un diario funzionale e sorprendente sotto ogni punto di vista.","breadcrumb":{"@id":"https:\/\/leatai.com\/it\/product\/taccuino-personalizzato\/taccuino-a-fogli-mobili\/lef-052\/#breadcrumb"},"inLanguage":"it-IT","potentialAction":[{"@type":"ReadAction","target":["https:\/\/leatai.com\/it\/product\/taccuino-personalizzato\/taccuino-a-fogli-mobili\/lef-052\/"]}]},{"@type":"ImageObject","inLanguage":"it-IT","@id":"https:\/\/leatai.com\/it\/product\/taccuino-personalizzato\/taccuino-a-fogli-mobili\/lef-052\/#primaryimage","url":"https:\/\/leatai.com\/wp-content\/uploads\/DSC_6540.jpg","contentUrl":"https:\/\/leatai.com\/wp-content\/uploads\/DSC_6540.jpg","width":1000,"height":750,"caption":"Diario commerciale ad anelli"},{"@type":"BreadcrumbList","@id":"https:\/\/leatai.com\/it\/product\/taccuino-personalizzato\/taccuino-a-fogli-mobili\/lef-052\/#breadcrumb","itemListElement":[{"@type":"ListItem","position":1,"name":"Home","item":"https:\/\/leatai.com\/it\/"},{"@type":"ListItem","position":2,"name":"Presentazione dei prodotti","item":"https:\/\/leatai.com\/products\/"},{"@type":"ListItem","position":3,"name":"Taccuino personalizzato","item":"https:\/\/leatai.com\/it\/categoria-prodotto\/taccuino-personalizzato\/"},{"@type":"ListItem","position":4,"name":"Taccuino a fogli mobili","item":"https:\/\/leatai.com\/it\/categoria-prodotto\/taccuino-personalizzato\/taccuino-a-fogli-mobili\/"},{"@type":"ListItem","position":5,"name":"LEF-052"}]},{"@type":"WebSite","@id":"https:\/\/leatai.com\/it\/#website","url":"https:\/\/leatai.com\/it\/","name":"Leatai \u2013 Produttore di taccuini personalizzati","description":"Leatai fornisce taccuini e planner personalizzati per brand e distributori a livello globale.","publisher":{"@id":"https:\/\/leatai.com\/it\/#organization"},"potentialAction":[{"@type":"SearchAction","target":{"@type":"EntryPoint","urlTemplate":"https:\/\/leatai.com\/it\/?s={search_term_string}"},"query-input":{"@type":"PropertyValueSpecification","valueRequired":true,"valueName":"search_term_string"}}],"inLanguage":"it-IT"},{"@type":"Organization","@id":"https:\/\/leatai.com\/it\/#organization","name":"Leatai Diary, customized journal and business organizer","url":"https:\/\/leatai.com\/it\/","logo":{"@type":"ImageObject","inLanguage":"it-IT","@id":"https:\/\/leatai.com\/it\/#\/schema\/logo\/image\/","url":"https:\/\/leatai.com\/wp-content\/uploads\/logo-blue.png","contentUrl":"https:\/\/leatai.com\/wp-content\/uploads\/logo-blue.png","width":230,"height":60,"caption":"Leatai Diary, customized journal and business organizer"},"image":{"@id":"https:\/\/leatai.com\/it\/#\/schema\/logo\/image\/"}}]}},"_links":{"self":[{"href":"https:\/\/leatai.com\/it\/wp-json\/wp\/v2\/product\/204731","targetHints":{"allow":["GET"]}}],"collection":[{"href":"https:\/\/leatai.com\/it\/wp-json\/wp\/v2\/product"}],"about":[{"href":"https:\/\/leatai.com\/it\/wp-json\/wp\/v2\/types\/product"}],"wp:featuredmedia":[{"embeddable":true,"href":"https:\/\/leatai.com\/it\/wp-json\/wp\/v2\/media\/81470"}],"wp:attachment":[{"href":"https:\/\/leatai.com\/it\/wp-json\/wp\/v2\/media?parent=204731"}],"wp:term":[{"taxonomy":"product_brand","embeddable":true,"href":"https:\/\/leatai.com\/it\/wp-json\/wp\/v2\/product_brand?post=204731"},{"taxonomy":"product_cat","embeddable":true,"href":"https:\/\/leatai.com\/it\/wp-json\/wp\/v2\/product_cat?post=204731"},{"taxonomy":"product_tag","embeddable":true,"href":"https:\/\/leatai.com\/it\/wp-json\/wp\/v2\/product_tag?post=204731"},{"taxonomy":"home_works","embeddable":true,"href":"https:\/\/leatai.com\/it\/wp-json\/wp\/v2\/home_works?post=204731"}],"curies":[{"name":"wp","href":"https:\/\/api.w.org\/{rel}","templated":true}]}}