{"id":196510,"date":"2021-06-24T13:26:43","date_gmt":"2021-06-24T05:26:43","guid":{"rendered":"https:\/\/leatai.com\/product\/senza-categoria\/%e6%96%b9%e6%a0%bc%e7%ad%86%e8%a8%98%e6%9c%ac%e9%8b%bc%e7%ad%86%e5%b0%88%e7%94%a8%e7%b4%99%ef%bc%8d%e5%8f%b0%e7%81%a3%e7%8d%a8%e5%ae%b6%e9%8b%bc%e7%ad%86%e5%b0%88%e7%94%a8%e7%ad%86%e8%a8%98%e6%9c%ac\/"},"modified":"2025-04-30T16:57:08","modified_gmt":"2025-04-30T08:57:08","slug":"quaderno-a-griglia-carta-per-penna-stilografica-quaderno-esclusivo-per-penna-stilografica-unico-in-taiwan","status":"publish","type":"product","link":"https:\/\/leatai.com\/it\/product\/taccuino-personalizzato\/taccuino-brossurato\/quaderno-a-griglia-carta-per-penna-stilografica-quaderno-esclusivo-per-penna-stilografica-unico-in-taiwan\/","title":{"rendered":"Quaderno a griglia (carta per penna stilografica) \u2013 Quaderno esclusivo per penna stilografica, unico in Taiwan"},"content":{"rendered":"<p class=\"\" data-start=\"0\" data-end=\"476\">Modello prodotto: LSC-011 \u2013 Leatai Classic Notebook \u2013 Quaderno a griglia classico<br data-start=\"85\" data-end=\"88\" \/>Carta: esclusiva carta Mui Kai \u2013 carta per penna stilografica, colore avorio<br data-start=\"173\" data-end=\"176\" \/>Copertina: nera<br data-start=\"195\" data-end=\"198\" \/>Spessore carta: 80 g (80 fogli, 160 pagine)<br data-start=\"245\" data-end=\"248\" data-is-only-node=\"\" \/>Formato: <a href=\"https:\/\/leatai.com\/it\/product\/formato-delle-pagine-interne\/pagine-interne-a5\/lgp-pagine-a-griglia-l25k\/\" target=\"_blank\" rel=\"noopener\">LGP \u2013 pagine a griglia \u2013 L25K<\/a><br data-start=\"290\" data-end=\"293\" \/>Dimensioni: 25K \u2013 A5 (circa 14,8 \u00d7 20,5 cm)<br data-start=\"340\" data-end=\"343\" \/>Confezione: sacchetto OPP (opzionale)<br data-start=\"384\" data-end=\"387\" \/>Tecniche di personalizzazione del logo: stampa a caldo oro \/ stampa a caldo argento<\/p>\n<p class=\"\" data-start=\"483\" data-end=\"528\">Contenuto e caratteristiche principali:<\/p>\n<p class=\"\" data-start=\"530\" data-end=\"915\">\u2022 Quaderno esclusivo per penna stilografica, sviluppato in Taiwan per gli appassionati della scrittura manuale<br data-start=\"640\" data-end=\"643\" \/>\u2022 Carta certificata FSC (Codice: SGSHK-COC-008383), prodotta localmente<br data-start=\"714\" data-end=\"717\" \/>\u2022 Si apre completamente a 180\u00b0, per una scrittura comoda e fluida<br data-start=\"782\" data-end=\"785\" \/>\u2022 Trattamento speciale della carta per esaltare il colore dell\u2019inchiostro e ridurre oltre il 90% le sbavature<br data-start=\"894\" data-end=\"897\" \/>\u2022 Layout doppio:<\/p>\n<ul data-start=\"919\" data-end=\"1150\">\n<li class=\"\" data-start=\"919\" data-end=\"1044\">\n<p class=\"\" data-start=\"921\" data-end=\"1044\">Pagina sinistra: righe monocromatiche, spaziatura 5 mm, colonna laterale da 2,5 cm per la classificazione di attivit\u00e0<\/p>\n<\/li>\n<li class=\"\" data-start=\"1047\" data-end=\"1150\">\n<p class=\"\" data-start=\"1049\" data-end=\"1150\">Pagina destra: griglia 5&#215;5 mm (ideale per ingegneri, designer, illustratori, bullet journaling)<\/p>\n<\/li>\n<\/ul>\n<p class=\"\" data-start=\"1157\" data-end=\"1566\">Descrizione aggiuntiva:<br data-start=\"1184\" data-end=\"1187\" \/>Questa carta di qualit\u00e0 premium, chiamata anche \u201ccarta per penna stilografica\u201d, \u00e8 progettata per offrire un\u2019esperienza di scrittura elegante e precisa.<br data-start=\"1338\" data-end=\"1341\" \/>Rispetto ai taccuini tradizionali sul mercato, si distingue per la resa dell\u2019inchiostro pi\u00f9 ricca, i contorni puliti e la superficie liscia.<br data-start=\"1481\" data-end=\"1484\" \/>Persino con una lente d\u2019ingrandimento, i dettagli della stampa risultano nitidi.<\/p>\n<p class=\"\" data-start=\"1568\" data-end=\"1711\">Un quaderno che trasforma ogni parola scritta in un gesto d\u2019arte.<br data-start=\"1637\" data-end=\"1640\" \/>Disponibile anche per l\u2019acquisto al dettaglio o in confezioni multiple.<\/p>\n<p>Acquisto al dettaglio: <a href=\"https:\/\/leatai.net\/product-tag\/%e6%96%b9%e6%a0%bc%e7%ad%86%e8%a8%98%e6%9c%ac\/\" target=\"_blank\" rel=\"noopener\">quaderno a griglia<\/a> \/<a href=\"https:\/\/leatai.net\/product\/a5-%E7%B6%93%E5%85%B8%E6%96%B9%E6%A0%BC%E7%AD%86%E8%A8%98%E6%9C%AC-%E7%B1%B3%E8%89%B2-10%E6%9C%AC-%E7%B5%84\/?srsltid=AfmBOopbn1qMckeiSqMWjjngPel0vbyIBqdAOTZYYoC_CIUIAJnXHb56\" target=\"_blank\" rel=\"noopener\"> quaderno a griglia in confezione grande<\/a><\/p>\n<p>&nbsp;<\/p>\n<p class=\"\" data-start=\"0\" data-end=\"519\">\ud83d\udcd6<a href=\"https:\/\/leatai.com\/it\/categoria-prodotto\/taccuino-personalizzato\/\" target=\"_blank\" rel=\"noopener\"> Diario aziendale in edizione standard: tutti i modelli della serie diari aziendali<\/a> \/ <a href=\"https:\/\/leatai.com\/it\/categoria-prodotto\/formato-delle-pagine-interne\/\" target=\"_blank\" rel=\"noopener\">pagine interne dei diari aziendali<\/a><br data-start=\"122\" data-end=\"125\" \/>\ud83d\udcd6 Per ulteriori consigli sulla produzione di taccuini personalizzati o stampa diari aziendali personalizzati, consulta:<br data-start=\"245\" data-end=\"248\" \/><a href=\"https:\/\/leatai.com\/it\/categoria-prodotto\/vari-campioni-oem\/quaderno-rilegato-oem\/\" target=\"_blank\" rel=\"noopener\">OEM taccuini rilegati<\/a><br data-start=\"269\" data-end=\"272\" \/><a href=\"https:\/\/leatai.com\/it\/categoria-prodotto\/vari-campioni-oem\/quaderno-a-fogli-mobili-oem\/\" target=\"_blank\" rel=\"noopener\">OEM raccoglitori ad anelli<\/a><br data-start=\"298\" data-end=\"301\" \/><a href=\"https:\/\/leatai.com\/it\/categoria-prodotto\/vari-campioni-oem\/quaderno-rimovibile-oem\/\" target=\"_blank\" rel=\"noopener\">OEM raccoglitori ad anelli estraibili<\/a><br data-start=\"338\" data-end=\"341\" \/><a href=\"https:\/\/leatai.com\/it\/categoria-prodotto\/vari-campioni-oem\/quaderno-brossura-oem\/\" target=\"_blank\" rel=\"noopener\">OEM taccuini brossurati<\/a><br data-start=\"364\" data-end=\"367\" \/><a href=\"https:\/\/leatai.com\/it\/categoria-prodotto\/vari-campioni-oem\/quaderno-a-spirale-oem\/\" target=\"_blank\" rel=\"noopener\">OEM taccuini a spirale<\/a><br data-start=\"389\" data-end=\"392\" \/><a href=\"https:\/\/leatai.com\/it\/categoria-prodotto\/vari-campioni-oem\/calendario-oem\/\" target=\"_blank\" rel=\"noopener\">OEM produzione di mini calendari strappabili personalizzati \/ stampa di calendari da tavolo personalizzati<\/a><br data-start=\"498\" data-end=\"501\" \/><a href=\"https:\/\/leatai.com\/it\/categoria-prodotto\/vari-campioni-oem\/oem-altri\/\" target=\"_blank\" rel=\"noopener\">OEM altri prodotti<\/a><\/p>\n<p class=\"\" data-start=\"0\" data-end=\"519\">Per una guida completa sulle dimensioni, consulta: <a href=\"https:\/\/leatai.com\/it\/conoscenza-del-taccuino\/guida-ai-formati-della-carta-comprendere-i-formati-comuni-come-b3-a4-b5-8k-16k-e-altri-ancora-una-tabella-delle-dimensioni-completa-per-un-facile-riferimento\/\" target=\"_blank\" rel=\"noopener\">Guida alle dimensioni della carta: B3, A4, B5, 8K, 16K e altri formati comuni spiegati con una pratica tabella comparativa!<\/a><\/p>\n","protected":false},"excerpt":{"rendered":"<p>Leatai Classic Notebook<br \/>\nOrgoglio di Taiwan \u2013 Carta Mui Kai<\/p>\n<p>&#8220;Mui Kai&#8221; \u00e8 la pronuncia taiwanese di (mezzo di comunicazione), e il taiwanese \u00e8 una lingua indigena di Taiwan.<br \/>\nLa carta, come mezzo, serve a trasmettere emozioni e custodire ricordi.<\/p>\n<p>Leatai utilizza in esclusiva la Mui Kai Paper, prodotta interamente a Taiwan.<br \/>\nQuesta carta, sviluppata con maestria artigianale, \u00e8 pensata per gli amanti della scrittura con penna stilografica e pu\u00f2 essere paragonata per qualit\u00e0 alle migliori carte tedesche e giapponesi.<\/p>\n<p>Liscia al tatto, valorizza i toni dell\u2019inchiostro rendendoli pi\u00f9 ricchi e profondi, e riduce drasticamente l\u2019effetto di sbavatura.<br \/>\nCon Leatai, ogni parola scritta diventa un&#8217;esperienza artistica.<\/p>\n","protected":false},"featured_media":196511,"template":"","meta":{"_acf_changed":false},"product_brand":[],"product_cat":[801],"product_tag":[1488],"home_works":[],"class_list":{"0":"post-196510","1":"product","2":"type-product","3":"status-publish","4":"has-post-thumbnail","6":"product_cat-taccuino-brossurato","7":"product_tag--it","9":"first","10":"instock","11":"sold-individually","12":"shipping-taxable","13":"purchasable","14":"product-type-variable","15":"has-default-attributes"},"acf":[],"yoast_head":"<!-- This site is optimized with the Yoast SEO plugin v27.2 - https:\/\/yoast.com\/product\/yoast-seo-wordpress\/ -->\n<title>Quaderno a griglia (carta per penna stilografica) - Leatai \u2013 Produttore di taccuini personalizzati<\/title>\n<meta name=\"description\" content=\"Quaderno con carta intermedia \u2013 esclusivamente prodotto a Taiwan, progettato per la scrittura con penna stilografica. Paragonabile per qualit\u00e0 a quelli realizzati in Germania e Giappone, questo quaderno \u00e8 pensato appositamente per gli appassionati di scrittura raffinata. La carta offre un tocco scorrevole e piacevole, valorizza la resa cromatica dell\u2019inchiostro rendendolo pi\u00f9 pieno e profondo, e riduce notevolmente il fenomeno delle sbavature. Perfetto per trasformare ogni sessione di scrittura in una vera esperienza artistica.\" \/>\n<meta name=\"robots\" content=\"index, follow, max-snippet:-1, max-image-preview:large, max-video-preview:-1\" \/>\n<link rel=\"canonical\" href=\"https:\/\/leatai.com\/it\/product\/taccuino-personalizzato\/taccuino-brossurato\/quaderno-a-griglia-carta-per-penna-stilografica-quaderno-esclusivo-per-penna-stilografica-unico-in-taiwan\/\" \/>\n<meta property=\"og:locale\" content=\"it_IT\" \/>\n<meta property=\"og:type\" content=\"article\" \/>\n<meta property=\"og:title\" content=\"Quaderno a griglia (carta per penna stilografica) - Leatai \u2013 Produttore di taccuini personalizzati\" \/>\n<meta property=\"og:description\" content=\"Quaderno con carta intermedia \u2013 esclusivamente prodotto a Taiwan, progettato per la scrittura con penna stilografica. Paragonabile per qualit\u00e0 a quelli realizzati in Germania e Giappone, questo quaderno \u00e8 pensato appositamente per gli appassionati di scrittura raffinata. La carta offre un tocco scorrevole e piacevole, valorizza la resa cromatica dell\u2019inchiostro rendendolo pi\u00f9 pieno e profondo, e riduce notevolmente il fenomeno delle sbavature. Perfetto per trasformare ogni sessione di scrittura in una vera esperienza artistica.\" \/>\n<meta property=\"og:url\" content=\"https:\/\/leatai.com\/it\/product\/taccuino-personalizzato\/taccuino-brossurato\/quaderno-a-griglia-carta-per-penna-stilografica-quaderno-esclusivo-per-penna-stilografica-unico-in-taiwan\/\" \/>\n<meta property=\"og:site_name\" content=\"Leatai \u2013 Produttore di taccuini personalizzati\" \/>\n<meta property=\"article:modified_time\" content=\"2025-04-30T08:57:08+00:00\" \/>\n<meta property=\"og:image\" content=\"https:\/\/leatai.com\/wp-content\/uploads\/2016_02_18_2114310.jpg\" \/>\n\t<meta property=\"og:image:width\" content=\"1000\" \/>\n\t<meta property=\"og:image:height\" content=\"750\" \/>\n\t<meta property=\"og:image:type\" content=\"image\/jpeg\" \/>\n<meta name=\"twitter:card\" content=\"summary_large_image\" \/>\n<meta name=\"twitter:label1\" content=\"Tempo di lettura stimato\" \/>\n\t<meta name=\"twitter:data1\" content=\"3 minuti\" \/>\n<script type=\"application\/ld+json\" class=\"yoast-schema-graph\">{\"@context\":\"https:\/\/schema.org\",\"@graph\":[{\"@type\":\"WebPage\",\"@id\":\"https:\/\/leatai.com\/it\/product\/taccuino-personalizzato\/taccuino-brossurato\/quaderno-a-griglia-carta-per-penna-stilografica-quaderno-esclusivo-per-penna-stilografica-unico-in-taiwan\/\",\"url\":\"https:\/\/leatai.com\/it\/product\/taccuino-personalizzato\/taccuino-brossurato\/quaderno-a-griglia-carta-per-penna-stilografica-quaderno-esclusivo-per-penna-stilografica-unico-in-taiwan\/\",\"name\":\"Quaderno a griglia (carta per penna stilografica) - Leatai \u2013 Produttore di taccuini personalizzati\",\"isPartOf\":{\"@id\":\"https:\/\/leatai.com\/it\/#website\"},\"primaryImageOfPage\":{\"@id\":\"https:\/\/leatai.com\/it\/product\/taccuino-personalizzato\/taccuino-brossurato\/quaderno-a-griglia-carta-per-penna-stilografica-quaderno-esclusivo-per-penna-stilografica-unico-in-taiwan\/#primaryimage\"},\"image\":{\"@id\":\"https:\/\/leatai.com\/it\/product\/taccuino-personalizzato\/taccuino-brossurato\/quaderno-a-griglia-carta-per-penna-stilografica-quaderno-esclusivo-per-penna-stilografica-unico-in-taiwan\/#primaryimage\"},\"thumbnailUrl\":\"https:\/\/leatai.com\/wp-content\/uploads\/2016_02_18_2114310.jpg\",\"datePublished\":\"2021-06-24T05:26:43+00:00\",\"dateModified\":\"2025-04-30T08:57:08+00:00\",\"description\":\"Quaderno con carta intermedia \u2013 esclusivamente prodotto a Taiwan, progettato per la scrittura con penna stilografica. Paragonabile per qualit\u00e0 a quelli realizzati in Germania e Giappone, questo quaderno \u00e8 pensato appositamente per gli appassionati di scrittura raffinata. La carta offre un tocco scorrevole e piacevole, valorizza la resa cromatica dell\u2019inchiostro rendendolo pi\u00f9 pieno e profondo, e riduce notevolmente il fenomeno delle sbavature. Perfetto per trasformare ogni sessione di scrittura in una vera esperienza artistica.\",\"breadcrumb\":{\"@id\":\"https:\/\/leatai.com\/it\/product\/taccuino-personalizzato\/taccuino-brossurato\/quaderno-a-griglia-carta-per-penna-stilografica-quaderno-esclusivo-per-penna-stilografica-unico-in-taiwan\/#breadcrumb\"},\"inLanguage\":\"it-IT\",\"potentialAction\":[{\"@type\":\"ReadAction\",\"target\":[\"https:\/\/leatai.com\/it\/product\/taccuino-personalizzato\/taccuino-brossurato\/quaderno-a-griglia-carta-per-penna-stilografica-quaderno-esclusivo-per-penna-stilografica-unico-in-taiwan\/\"]}]},{\"@type\":\"ImageObject\",\"inLanguage\":\"it-IT\",\"@id\":\"https:\/\/leatai.com\/it\/product\/taccuino-personalizzato\/taccuino-brossurato\/quaderno-a-griglia-carta-per-penna-stilografica-quaderno-esclusivo-per-penna-stilografica-unico-in-taiwan\/#primaryimage\",\"url\":\"https:\/\/leatai.com\/wp-content\/uploads\/2016_02_18_2114310.jpg\",\"contentUrl\":\"https:\/\/leatai.com\/wp-content\/uploads\/2016_02_18_2114310.jpg\",\"width\":1000,\"height\":750},{\"@type\":\"BreadcrumbList\",\"@id\":\"https:\/\/leatai.com\/it\/product\/taccuino-personalizzato\/taccuino-brossurato\/quaderno-a-griglia-carta-per-penna-stilografica-quaderno-esclusivo-per-penna-stilografica-unico-in-taiwan\/#breadcrumb\",\"itemListElement\":[{\"@type\":\"ListItem\",\"position\":1,\"name\":\"Home\",\"item\":\"https:\/\/leatai.com\/it\/\"},{\"@type\":\"ListItem\",\"position\":2,\"name\":\"Presentazione dei prodotti\",\"item\":\"https:\/\/leatai.com\/products\/\"},{\"@type\":\"ListItem\",\"position\":3,\"name\":\"Taccuino personalizzato\",\"item\":\"https:\/\/leatai.com\/it\/categoria-prodotto\/taccuino-personalizzato\/\"},{\"@type\":\"ListItem\",\"position\":4,\"name\":\"Taccuino brossurato\",\"item\":\"https:\/\/leatai.com\/it\/categoria-prodotto\/taccuino-personalizzato\/taccuino-brossurato\/\"},{\"@type\":\"ListItem\",\"position\":5,\"name\":\"Quaderno a griglia (carta per penna stilografica) \u2013 Quaderno esclusivo per penna stilografica, unico in Taiwan\"}]},{\"@type\":\"WebSite\",\"@id\":\"https:\/\/leatai.com\/it\/#website\",\"url\":\"https:\/\/leatai.com\/it\/\",\"name\":\"Leatai \u2013 Produttore di taccuini personalizzati\",\"description\":\"Leatai fornisce taccuini e planner personalizzati per brand e distributori a livello globale.\",\"publisher\":{\"@id\":\"https:\/\/leatai.com\/it\/#organization\"},\"potentialAction\":[{\"@type\":\"SearchAction\",\"target\":{\"@type\":\"EntryPoint\",\"urlTemplate\":\"https:\/\/leatai.com\/it\/?s={search_term_string}\"},\"query-input\":{\"@type\":\"PropertyValueSpecification\",\"valueRequired\":true,\"valueName\":\"search_term_string\"}}],\"inLanguage\":\"it-IT\"},{\"@type\":\"Organization\",\"@id\":\"https:\/\/leatai.com\/it\/#organization\",\"name\":\"Leatai Diary, customized journal and business organizer\",\"url\":\"https:\/\/leatai.com\/it\/\",\"logo\":{\"@type\":\"ImageObject\",\"inLanguage\":\"it-IT\",\"@id\":\"https:\/\/leatai.com\/it\/#\/schema\/logo\/image\/\",\"url\":\"https:\/\/leatai.com\/wp-content\/uploads\/logo-blue.png\",\"contentUrl\":\"https:\/\/leatai.com\/wp-content\/uploads\/logo-blue.png\",\"width\":230,\"height\":60,\"caption\":\"Leatai Diary, customized journal and business organizer\"},\"image\":{\"@id\":\"https:\/\/leatai.com\/it\/#\/schema\/logo\/image\/\"}}]}<\/script>\n<!-- \/ Yoast SEO plugin. -->","yoast_head_json":{"title":"Quaderno a griglia (carta per penna stilografica) - Leatai \u2013 Produttore di taccuini personalizzati","description":"Quaderno con carta intermedia \u2013 esclusivamente prodotto a Taiwan, progettato per la scrittura con penna stilografica. Paragonabile per qualit\u00e0 a quelli realizzati in Germania e Giappone, questo quaderno \u00e8 pensato appositamente per gli appassionati di scrittura raffinata. La carta offre un tocco scorrevole e piacevole, valorizza la resa cromatica dell\u2019inchiostro rendendolo pi\u00f9 pieno e profondo, e riduce notevolmente il fenomeno delle sbavature. Perfetto per trasformare ogni sessione di scrittura in una vera esperienza artistica.","robots":{"index":"index","follow":"follow","max-snippet":"max-snippet:-1","max-image-preview":"max-image-preview:large","max-video-preview":"max-video-preview:-1"},"canonical":"https:\/\/leatai.com\/it\/product\/taccuino-personalizzato\/taccuino-brossurato\/quaderno-a-griglia-carta-per-penna-stilografica-quaderno-esclusivo-per-penna-stilografica-unico-in-taiwan\/","og_locale":"it_IT","og_type":"article","og_title":"Quaderno a griglia (carta per penna stilografica) - Leatai \u2013 Produttore di taccuini personalizzati","og_description":"Quaderno con carta intermedia \u2013 esclusivamente prodotto a Taiwan, progettato per la scrittura con penna stilografica. Paragonabile per qualit\u00e0 a quelli realizzati in Germania e Giappone, questo quaderno \u00e8 pensato appositamente per gli appassionati di scrittura raffinata. La carta offre un tocco scorrevole e piacevole, valorizza la resa cromatica dell\u2019inchiostro rendendolo pi\u00f9 pieno e profondo, e riduce notevolmente il fenomeno delle sbavature. Perfetto per trasformare ogni sessione di scrittura in una vera esperienza artistica.","og_url":"https:\/\/leatai.com\/it\/product\/taccuino-personalizzato\/taccuino-brossurato\/quaderno-a-griglia-carta-per-penna-stilografica-quaderno-esclusivo-per-penna-stilografica-unico-in-taiwan\/","og_site_name":"Leatai \u2013 Produttore di taccuini personalizzati","article_modified_time":"2025-04-30T08:57:08+00:00","og_image":[{"width":1000,"height":750,"url":"https:\/\/leatai.com\/wp-content\/uploads\/2016_02_18_2114310.jpg","type":"image\/jpeg"}],"twitter_card":"summary_large_image","twitter_misc":{"Tempo di lettura stimato":"3 minuti"},"schema":{"@context":"https:\/\/schema.org","@graph":[{"@type":"WebPage","@id":"https:\/\/leatai.com\/it\/product\/taccuino-personalizzato\/taccuino-brossurato\/quaderno-a-griglia-carta-per-penna-stilografica-quaderno-esclusivo-per-penna-stilografica-unico-in-taiwan\/","url":"https:\/\/leatai.com\/it\/product\/taccuino-personalizzato\/taccuino-brossurato\/quaderno-a-griglia-carta-per-penna-stilografica-quaderno-esclusivo-per-penna-stilografica-unico-in-taiwan\/","name":"Quaderno a griglia (carta per penna stilografica) - Leatai \u2013 Produttore di taccuini personalizzati","isPartOf":{"@id":"https:\/\/leatai.com\/it\/#website"},"primaryImageOfPage":{"@id":"https:\/\/leatai.com\/it\/product\/taccuino-personalizzato\/taccuino-brossurato\/quaderno-a-griglia-carta-per-penna-stilografica-quaderno-esclusivo-per-penna-stilografica-unico-in-taiwan\/#primaryimage"},"image":{"@id":"https:\/\/leatai.com\/it\/product\/taccuino-personalizzato\/taccuino-brossurato\/quaderno-a-griglia-carta-per-penna-stilografica-quaderno-esclusivo-per-penna-stilografica-unico-in-taiwan\/#primaryimage"},"thumbnailUrl":"https:\/\/leatai.com\/wp-content\/uploads\/2016_02_18_2114310.jpg","datePublished":"2021-06-24T05:26:43+00:00","dateModified":"2025-04-30T08:57:08+00:00","description":"Quaderno con carta intermedia \u2013 esclusivamente prodotto a Taiwan, progettato per la scrittura con penna stilografica. Paragonabile per qualit\u00e0 a quelli realizzati in Germania e Giappone, questo quaderno \u00e8 pensato appositamente per gli appassionati di scrittura raffinata. La carta offre un tocco scorrevole e piacevole, valorizza la resa cromatica dell\u2019inchiostro rendendolo pi\u00f9 pieno e profondo, e riduce notevolmente il fenomeno delle sbavature. Perfetto per trasformare ogni sessione di scrittura in una vera esperienza artistica.","breadcrumb":{"@id":"https:\/\/leatai.com\/it\/product\/taccuino-personalizzato\/taccuino-brossurato\/quaderno-a-griglia-carta-per-penna-stilografica-quaderno-esclusivo-per-penna-stilografica-unico-in-taiwan\/#breadcrumb"},"inLanguage":"it-IT","potentialAction":[{"@type":"ReadAction","target":["https:\/\/leatai.com\/it\/product\/taccuino-personalizzato\/taccuino-brossurato\/quaderno-a-griglia-carta-per-penna-stilografica-quaderno-esclusivo-per-penna-stilografica-unico-in-taiwan\/"]}]},{"@type":"ImageObject","inLanguage":"it-IT","@id":"https:\/\/leatai.com\/it\/product\/taccuino-personalizzato\/taccuino-brossurato\/quaderno-a-griglia-carta-per-penna-stilografica-quaderno-esclusivo-per-penna-stilografica-unico-in-taiwan\/#primaryimage","url":"https:\/\/leatai.com\/wp-content\/uploads\/2016_02_18_2114310.jpg","contentUrl":"https:\/\/leatai.com\/wp-content\/uploads\/2016_02_18_2114310.jpg","width":1000,"height":750},{"@type":"BreadcrumbList","@id":"https:\/\/leatai.com\/it\/product\/taccuino-personalizzato\/taccuino-brossurato\/quaderno-a-griglia-carta-per-penna-stilografica-quaderno-esclusivo-per-penna-stilografica-unico-in-taiwan\/#breadcrumb","itemListElement":[{"@type":"ListItem","position":1,"name":"Home","item":"https:\/\/leatai.com\/it\/"},{"@type":"ListItem","position":2,"name":"Presentazione dei prodotti","item":"https:\/\/leatai.com\/products\/"},{"@type":"ListItem","position":3,"name":"Taccuino personalizzato","item":"https:\/\/leatai.com\/it\/categoria-prodotto\/taccuino-personalizzato\/"},{"@type":"ListItem","position":4,"name":"Taccuino brossurato","item":"https:\/\/leatai.com\/it\/categoria-prodotto\/taccuino-personalizzato\/taccuino-brossurato\/"},{"@type":"ListItem","position":5,"name":"Quaderno a griglia (carta per penna stilografica) \u2013 Quaderno esclusivo per penna stilografica, unico in Taiwan"}]},{"@type":"WebSite","@id":"https:\/\/leatai.com\/it\/#website","url":"https:\/\/leatai.com\/it\/","name":"Leatai \u2013 Produttore di taccuini personalizzati","description":"Leatai fornisce taccuini e planner personalizzati per brand e distributori a livello globale.","publisher":{"@id":"https:\/\/leatai.com\/it\/#organization"},"potentialAction":[{"@type":"SearchAction","target":{"@type":"EntryPoint","urlTemplate":"https:\/\/leatai.com\/it\/?s={search_term_string}"},"query-input":{"@type":"PropertyValueSpecification","valueRequired":true,"valueName":"search_term_string"}}],"inLanguage":"it-IT"},{"@type":"Organization","@id":"https:\/\/leatai.com\/it\/#organization","name":"Leatai Diary, customized journal and business organizer","url":"https:\/\/leatai.com\/it\/","logo":{"@type":"ImageObject","inLanguage":"it-IT","@id":"https:\/\/leatai.com\/it\/#\/schema\/logo\/image\/","url":"https:\/\/leatai.com\/wp-content\/uploads\/logo-blue.png","contentUrl":"https:\/\/leatai.com\/wp-content\/uploads\/logo-blue.png","width":230,"height":60,"caption":"Leatai Diary, customized journal and business organizer"},"image":{"@id":"https:\/\/leatai.com\/it\/#\/schema\/logo\/image\/"}}]}},"_links":{"self":[{"href":"https:\/\/leatai.com\/it\/wp-json\/wp\/v2\/product\/196510","targetHints":{"allow":["GET"]}}],"collection":[{"href":"https:\/\/leatai.com\/it\/wp-json\/wp\/v2\/product"}],"about":[{"href":"https:\/\/leatai.com\/it\/wp-json\/wp\/v2\/types\/product"}],"wp:featuredmedia":[{"embeddable":true,"href":"https:\/\/leatai.com\/it\/wp-json\/wp\/v2\/media\/196511"}],"wp:attachment":[{"href":"https:\/\/leatai.com\/it\/wp-json\/wp\/v2\/media?parent=196510"}],"wp:term":[{"taxonomy":"product_brand","embeddable":true,"href":"https:\/\/leatai.com\/it\/wp-json\/wp\/v2\/product_brand?post=196510"},{"taxonomy":"product_cat","embeddable":true,"href":"https:\/\/leatai.com\/it\/wp-json\/wp\/v2\/product_cat?post=196510"},{"taxonomy":"product_tag","embeddable":true,"href":"https:\/\/leatai.com\/it\/wp-json\/wp\/v2\/product_tag?post=196510"},{"taxonomy":"home_works","embeddable":true,"href":"https:\/\/leatai.com\/it\/wp-json\/wp\/v2\/home_works?post=196510"}],"curies":[{"name":"wp","href":"https:\/\/api.w.org\/{rel}","templated":true}]}}