{"id":195667,"date":"2023-05-22T16:24:23","date_gmt":"2023-05-22T08:24:23","guid":{"rendered":"https:\/\/leatai.com\/product\/senza-categoria\/set-regalo-con-taccuino-02\/"},"modified":"2025-04-30T09:53:40","modified_gmt":"2025-04-30T01:53:40","slug":"set-regalo-con-taccuino-02","status":"publish","type":"product","link":"https:\/\/leatai.com\/it\/product\/taccuino-personalizzato\/set-regalo\/set-regalo-con-taccuino-02\/","title":{"rendered":"Set regalo con taccuino &#8211; 02"},"content":{"rendered":"<p>Modello prodotto: Set regalo con taccuino &#8211; 02<br \/>\nMateriale della confezione: carta giapponese lino-misto<br \/>\nColore della confezione: color sabbia<br \/>\nDimensioni della confezione: 23,3 cm \u00d7 25,2 cm \u00d7 2,7 cm (chiusa)<br \/>\nContenuto: 25K taccuino rilegato personalizzato o raccoglitore ad anelli estraibile personalizzato (a scelta) + penna a sfera di alta qualit\u00e0 (a scelta)<br \/>\nDimensioni del taccuino: 16K \/ 25K \/ 48K<a href=\"https:\/\/leatai.com\/it\/faq\/quali-sono-le-dimensioni-dei-planner-8k-16k-e-25k-quanto-sono-grandi\/\" target=\"_blank\" rel=\"noopener\"> (formati comuni)<\/a><br \/>\nModelli di penna a sfera: <a href=\"https:\/\/leatai.com\/it\/product\/taccuino-personalizzato\/set-regalo\/penna-a-sfera-in-fibra-di-carbonio-di-alta-qualita-1\/\" target=\"_blank\" rel=\"noopener\">01<\/a> \/ <a href=\"https:\/\/leatai.com\/it\/product\/taccuino-personalizzato\/set-regalo\/penna-a-sfera-di-alta-qualita-2\/\" target=\"_blank\" rel=\"noopener\">02<\/a> \/ <a href=\"https:\/\/leatai.com\/it\/product\/taccuino-personalizzato\/set-regalo\/penna-a-sfera-di-alta-qualita-3\/\" target=\"_blank\" rel=\"noopener\">03<\/a> (a scelta)<br \/>\nConfezione: nastro di raso \/ carta kraft (opzionale)<br \/>\nTecniche di personalizzazione del logo: stampa a caldo oro, stampa a caldo argento, incisione a fuoco<\/p>\n<p>Descrizione del prodotto:<br \/>\nModello Leatai: realizzato in carta giapponese lino-misto color sabbia, con una texture molto pregiata.<br \/>\nContiene un taccuino personalizzato e una penna a sfera di alta qualit\u00e0.<br \/>\nChiusura magnetica laterale, confezione elegante con nastro.<br \/>\n\u00c8 possibile sostituire il raccoglitore con un taccuino rilegato, per una personalizzazione ancora pi\u00f9 completa.<\/p>\n<p>&nbsp;<\/p>\n<p class=\"\" data-start=\"0\" data-end=\"519\">\ud83d\udcd6<a href=\"https:\/\/leatai.com\/it\/categoria-prodotto\/taccuino-personalizzato\/\" target=\"_blank\" rel=\"noopener\"> Diario aziendale in edizione standard: tutti i modelli della serie diari aziendali<\/a> \/ <a href=\"https:\/\/leatai.com\/it\/categoria-prodotto\/formato-delle-pagine-interne\/\" target=\"_blank\" rel=\"noopener\">pagine interne dei diari aziendali<\/a><br data-start=\"122\" data-end=\"125\" \/>\ud83d\udcd6 Per ulteriori consigli sulla produzione di taccuini personalizzati o stampa diari aziendali personalizzati, consulta:<br data-start=\"245\" data-end=\"248\" \/><a href=\"https:\/\/leatai.com\/it\/categoria-prodotto\/vari-campioni-oem\/quaderno-rilegato-oem\/\" target=\"_blank\" rel=\"noopener\">OEM taccuini rilegati<\/a><br data-start=\"269\" data-end=\"272\" \/><a href=\"https:\/\/leatai.com\/it\/categoria-prodotto\/vari-campioni-oem\/quaderno-a-fogli-mobili-oem\/\" target=\"_blank\" rel=\"noopener\">OEM raccoglitori ad anelli<\/a><br data-start=\"298\" data-end=\"301\" \/><a href=\"https:\/\/leatai.com\/it\/categoria-prodotto\/vari-campioni-oem\/quaderno-rimovibile-oem\/\" target=\"_blank\" rel=\"noopener\">OEM raccoglitori ad anelli estraibili<\/a><br data-start=\"338\" data-end=\"341\" \/><a href=\"https:\/\/leatai.com\/it\/categoria-prodotto\/vari-campioni-oem\/quaderno-brossura-oem\/\" target=\"_blank\" rel=\"noopener\">OEM taccuini brossurati<\/a><br data-start=\"364\" data-end=\"367\" \/><a href=\"https:\/\/leatai.com\/it\/categoria-prodotto\/vari-campioni-oem\/quaderno-a-spirale-oem\/\" target=\"_blank\" rel=\"noopener\">OEM taccuini a spirale<\/a><br data-start=\"389\" data-end=\"392\" \/><a href=\"https:\/\/leatai.com\/it\/categoria-prodotto\/vari-campioni-oem\/calendario-oem\/\" target=\"_blank\" rel=\"noopener\">OEM produzione di mini calendari strappabili personalizzati \/ stampa di calendari da tavolo personalizzati<\/a><br data-start=\"498\" data-end=\"501\" \/><a href=\"https:\/\/leatai.com\/it\/categoria-prodotto\/vari-campioni-oem\/oem-altri\/\" target=\"_blank\" rel=\"noopener\">OEM altri prodotti<\/a><\/p>\n<p class=\"\" data-start=\"0\" data-end=\"519\">Per una guida completa sulle dimensioni, consulta: <a href=\"https:\/\/leatai.com\/it\/conoscenza-del-taccuino\/guida-ai-formati-della-carta-comprendere-i-formati-comuni-come-b3-a4-b5-8k-16k-e-altri-ancora-una-tabella-delle-dimensioni-completa-per-un-facile-riferimento\/\" target=\"_blank\" rel=\"noopener\">Guida alle dimensioni della carta: B3, A4, B5, 8K, 16K e altri formati comuni spiegati con una pratica tabella comparativa!<\/a><\/p>\n","protected":false},"excerpt":{"rendered":"<p>Modello prodotto: Set regalo con taccuino &#8211; 02 Materiale della confezione: carta giapponese lino-misto Colore della confezione: color sabbia Dimensioni della confezione: 23,3 cm \u00d7 25,2 cm \u00d7 2,7 cm (chiusa) Contenuto: 25K taccuino rilegato personalizzato o raccoglitore ad anelli estraibile personalizzato (a scelta) + penna a sfera di alta qualit\u00e0 (a scelta) Dimensioni del [&hellip;]<\/p>\n","protected":false},"featured_media":195668,"template":"","meta":{"_acf_changed":false},"product_brand":[],"product_cat":[819],"product_tag":[1541],"home_works":[],"class_list":{"0":"post-195667","1":"product","2":"type-product","3":"status-publish","4":"has-post-thumbnail","6":"product_cat-set-regalo","7":"product_tag-set-regalo-con-taccuino","9":"first","10":"outofstock","11":"sold-individually","12":"shipping-taxable","13":"purchasable","14":"product-type-variable","15":"has-default-attributes"},"acf":[],"yoast_head":"<!-- This site is optimized with the Yoast SEO plugin v27.2 - https:\/\/yoast.com\/product\/yoast-seo-wordpress\/ -->\n<title>Set regalo con taccuino personalizzato - Carta giapponese lino-misto - Leatai \u2013 Produttore di taccuini personalizzati<\/title>\n<meta name=\"description\" content=\"Modello Leatai: realizzato in carta giapponese lino-misto color sabbia, con una texture molto pregiata. Contiene un taccuino personalizzato e una penna a sfera di alta qualit\u00e0. Chiusura magnetica laterale, confezione elegante con nastro. \u00c8 possibile sostituire il raccoglitore con un taccuino rilegato, per una personalizzazione ancora pi\u00f9 completa.\" \/>\n<meta name=\"robots\" content=\"index, follow, max-snippet:-1, max-image-preview:large, max-video-preview:-1\" \/>\n<link rel=\"canonical\" href=\"https:\/\/leatai.com\/it\/product\/taccuino-personalizzato\/set-regalo\/set-regalo-con-taccuino-02\/\" \/>\n<meta property=\"og:locale\" content=\"it_IT\" \/>\n<meta property=\"og:type\" content=\"article\" \/>\n<meta property=\"og:title\" content=\"Set regalo con taccuino personalizzato - Carta giapponese lino-misto - Leatai \u2013 Produttore di taccuini personalizzati\" \/>\n<meta property=\"og:description\" content=\"Modello Leatai: realizzato in carta giapponese lino-misto color sabbia, con una texture molto pregiata. Contiene un taccuino personalizzato e una penna a sfera di alta qualit\u00e0. Chiusura magnetica laterale, confezione elegante con nastro. \u00c8 possibile sostituire il raccoglitore con un taccuino rilegato, per una personalizzazione ancora pi\u00f9 completa.\" \/>\n<meta property=\"og:url\" content=\"https:\/\/leatai.com\/it\/product\/taccuino-personalizzato\/set-regalo\/set-regalo-con-taccuino-02\/\" \/>\n<meta property=\"og:site_name\" content=\"Leatai \u2013 Produttore di taccuini personalizzati\" \/>\n<meta property=\"article:modified_time\" content=\"2025-04-30T01:53:40+00:00\" \/>\n<meta property=\"og:image\" content=\"https:\/\/leatai.com\/wp-content\/uploads\/DSC_0716.jpg\" \/>\n\t<meta property=\"og:image:width\" content=\"1000\" \/>\n\t<meta property=\"og:image:height\" content=\"750\" \/>\n\t<meta property=\"og:image:type\" content=\"image\/jpeg\" \/>\n<meta name=\"twitter:card\" content=\"summary_large_image\" \/>\n<meta name=\"twitter:label1\" content=\"Tempo di lettura stimato\" \/>\n\t<meta name=\"twitter:data1\" content=\"2 minuti\" \/>\n<script type=\"application\/ld+json\" class=\"yoast-schema-graph\">{\"@context\":\"https:\/\/schema.org\",\"@graph\":[{\"@type\":\"WebPage\",\"@id\":\"https:\/\/leatai.com\/it\/product\/taccuino-personalizzato\/set-regalo\/set-regalo-con-taccuino-02\/\",\"url\":\"https:\/\/leatai.com\/it\/product\/taccuino-personalizzato\/set-regalo\/set-regalo-con-taccuino-02\/\",\"name\":\"Set regalo con taccuino personalizzato - Carta giapponese lino-misto - Leatai \u2013 Produttore di taccuini personalizzati\",\"isPartOf\":{\"@id\":\"https:\/\/leatai.com\/it\/#website\"},\"primaryImageOfPage\":{\"@id\":\"https:\/\/leatai.com\/it\/product\/taccuino-personalizzato\/set-regalo\/set-regalo-con-taccuino-02\/#primaryimage\"},\"image\":{\"@id\":\"https:\/\/leatai.com\/it\/product\/taccuino-personalizzato\/set-regalo\/set-regalo-con-taccuino-02\/#primaryimage\"},\"thumbnailUrl\":\"https:\/\/leatai.com\/wp-content\/uploads\/DSC_0716.jpg\",\"datePublished\":\"2023-05-22T08:24:23+00:00\",\"dateModified\":\"2025-04-30T01:53:40+00:00\",\"description\":\"Modello Leatai: realizzato in carta giapponese lino-misto color sabbia, con una texture molto pregiata. Contiene un taccuino personalizzato e una penna a sfera di alta qualit\u00e0. Chiusura magnetica laterale, confezione elegante con nastro. \u00c8 possibile sostituire il raccoglitore con un taccuino rilegato, per una personalizzazione ancora pi\u00f9 completa.\",\"breadcrumb\":{\"@id\":\"https:\/\/leatai.com\/it\/product\/taccuino-personalizzato\/set-regalo\/set-regalo-con-taccuino-02\/#breadcrumb\"},\"inLanguage\":\"it-IT\",\"potentialAction\":[{\"@type\":\"ReadAction\",\"target\":[\"https:\/\/leatai.com\/it\/product\/taccuino-personalizzato\/set-regalo\/set-regalo-con-taccuino-02\/\"]}]},{\"@type\":\"ImageObject\",\"inLanguage\":\"it-IT\",\"@id\":\"https:\/\/leatai.com\/it\/product\/taccuino-personalizzato\/set-regalo\/set-regalo-con-taccuino-02\/#primaryimage\",\"url\":\"https:\/\/leatai.com\/wp-content\/uploads\/DSC_0716.jpg\",\"contentUrl\":\"https:\/\/leatai.com\/wp-content\/uploads\/DSC_0716.jpg\",\"width\":1000,\"height\":750,\"caption\":\"Set regalo con taccuino\"},{\"@type\":\"BreadcrumbList\",\"@id\":\"https:\/\/leatai.com\/it\/product\/taccuino-personalizzato\/set-regalo\/set-regalo-con-taccuino-02\/#breadcrumb\",\"itemListElement\":[{\"@type\":\"ListItem\",\"position\":1,\"name\":\"Home\",\"item\":\"https:\/\/leatai.com\/it\/\"},{\"@type\":\"ListItem\",\"position\":2,\"name\":\"Presentazione dei prodotti\",\"item\":\"https:\/\/leatai.com\/products\/\"},{\"@type\":\"ListItem\",\"position\":3,\"name\":\"Taccuino personalizzato\",\"item\":\"https:\/\/leatai.com\/it\/categoria-prodotto\/taccuino-personalizzato\/\"},{\"@type\":\"ListItem\",\"position\":4,\"name\":\"Set regalo\",\"item\":\"https:\/\/leatai.com\/it\/categoria-prodotto\/taccuino-personalizzato\/set-regalo\/\"},{\"@type\":\"ListItem\",\"position\":5,\"name\":\"Set regalo con taccuino &#8211; 02\"}]},{\"@type\":\"WebSite\",\"@id\":\"https:\/\/leatai.com\/it\/#website\",\"url\":\"https:\/\/leatai.com\/it\/\",\"name\":\"Leatai \u2013 Produttore di taccuini personalizzati\",\"description\":\"Leatai fornisce taccuini e planner personalizzati per brand e distributori a livello globale.\",\"publisher\":{\"@id\":\"https:\/\/leatai.com\/it\/#organization\"},\"potentialAction\":[{\"@type\":\"SearchAction\",\"target\":{\"@type\":\"EntryPoint\",\"urlTemplate\":\"https:\/\/leatai.com\/it\/?s={search_term_string}\"},\"query-input\":{\"@type\":\"PropertyValueSpecification\",\"valueRequired\":true,\"valueName\":\"search_term_string\"}}],\"inLanguage\":\"it-IT\"},{\"@type\":\"Organization\",\"@id\":\"https:\/\/leatai.com\/it\/#organization\",\"name\":\"Leatai Diary, customized journal and business organizer\",\"url\":\"https:\/\/leatai.com\/it\/\",\"logo\":{\"@type\":\"ImageObject\",\"inLanguage\":\"it-IT\",\"@id\":\"https:\/\/leatai.com\/it\/#\/schema\/logo\/image\/\",\"url\":\"https:\/\/leatai.com\/wp-content\/uploads\/logo-blue.png\",\"contentUrl\":\"https:\/\/leatai.com\/wp-content\/uploads\/logo-blue.png\",\"width\":230,\"height\":60,\"caption\":\"Leatai Diary, customized journal and business organizer\"},\"image\":{\"@id\":\"https:\/\/leatai.com\/it\/#\/schema\/logo\/image\/\"}}]}<\/script>\n<!-- \/ Yoast SEO plugin. -->","yoast_head_json":{"title":"Set regalo con taccuino personalizzato - Carta giapponese lino-misto - Leatai \u2013 Produttore di taccuini personalizzati","description":"Modello Leatai: realizzato in carta giapponese lino-misto color sabbia, con una texture molto pregiata. Contiene un taccuino personalizzato e una penna a sfera di alta qualit\u00e0. Chiusura magnetica laterale, confezione elegante con nastro. \u00c8 possibile sostituire il raccoglitore con un taccuino rilegato, per una personalizzazione ancora pi\u00f9 completa.","robots":{"index":"index","follow":"follow","max-snippet":"max-snippet:-1","max-image-preview":"max-image-preview:large","max-video-preview":"max-video-preview:-1"},"canonical":"https:\/\/leatai.com\/it\/product\/taccuino-personalizzato\/set-regalo\/set-regalo-con-taccuino-02\/","og_locale":"it_IT","og_type":"article","og_title":"Set regalo con taccuino personalizzato - Carta giapponese lino-misto - Leatai \u2013 Produttore di taccuini personalizzati","og_description":"Modello Leatai: realizzato in carta giapponese lino-misto color sabbia, con una texture molto pregiata. Contiene un taccuino personalizzato e una penna a sfera di alta qualit\u00e0. Chiusura magnetica laterale, confezione elegante con nastro. \u00c8 possibile sostituire il raccoglitore con un taccuino rilegato, per una personalizzazione ancora pi\u00f9 completa.","og_url":"https:\/\/leatai.com\/it\/product\/taccuino-personalizzato\/set-regalo\/set-regalo-con-taccuino-02\/","og_site_name":"Leatai \u2013 Produttore di taccuini personalizzati","article_modified_time":"2025-04-30T01:53:40+00:00","og_image":[{"width":1000,"height":750,"url":"https:\/\/leatai.com\/wp-content\/uploads\/DSC_0716.jpg","type":"image\/jpeg"}],"twitter_card":"summary_large_image","twitter_misc":{"Tempo di lettura stimato":"2 minuti"},"schema":{"@context":"https:\/\/schema.org","@graph":[{"@type":"WebPage","@id":"https:\/\/leatai.com\/it\/product\/taccuino-personalizzato\/set-regalo\/set-regalo-con-taccuino-02\/","url":"https:\/\/leatai.com\/it\/product\/taccuino-personalizzato\/set-regalo\/set-regalo-con-taccuino-02\/","name":"Set regalo con taccuino personalizzato - Carta giapponese lino-misto - Leatai \u2013 Produttore di taccuini personalizzati","isPartOf":{"@id":"https:\/\/leatai.com\/it\/#website"},"primaryImageOfPage":{"@id":"https:\/\/leatai.com\/it\/product\/taccuino-personalizzato\/set-regalo\/set-regalo-con-taccuino-02\/#primaryimage"},"image":{"@id":"https:\/\/leatai.com\/it\/product\/taccuino-personalizzato\/set-regalo\/set-regalo-con-taccuino-02\/#primaryimage"},"thumbnailUrl":"https:\/\/leatai.com\/wp-content\/uploads\/DSC_0716.jpg","datePublished":"2023-05-22T08:24:23+00:00","dateModified":"2025-04-30T01:53:40+00:00","description":"Modello Leatai: realizzato in carta giapponese lino-misto color sabbia, con una texture molto pregiata. Contiene un taccuino personalizzato e una penna a sfera di alta qualit\u00e0. Chiusura magnetica laterale, confezione elegante con nastro. \u00c8 possibile sostituire il raccoglitore con un taccuino rilegato, per una personalizzazione ancora pi\u00f9 completa.","breadcrumb":{"@id":"https:\/\/leatai.com\/it\/product\/taccuino-personalizzato\/set-regalo\/set-regalo-con-taccuino-02\/#breadcrumb"},"inLanguage":"it-IT","potentialAction":[{"@type":"ReadAction","target":["https:\/\/leatai.com\/it\/product\/taccuino-personalizzato\/set-regalo\/set-regalo-con-taccuino-02\/"]}]},{"@type":"ImageObject","inLanguage":"it-IT","@id":"https:\/\/leatai.com\/it\/product\/taccuino-personalizzato\/set-regalo\/set-regalo-con-taccuino-02\/#primaryimage","url":"https:\/\/leatai.com\/wp-content\/uploads\/DSC_0716.jpg","contentUrl":"https:\/\/leatai.com\/wp-content\/uploads\/DSC_0716.jpg","width":1000,"height":750,"caption":"Set regalo con taccuino"},{"@type":"BreadcrumbList","@id":"https:\/\/leatai.com\/it\/product\/taccuino-personalizzato\/set-regalo\/set-regalo-con-taccuino-02\/#breadcrumb","itemListElement":[{"@type":"ListItem","position":1,"name":"Home","item":"https:\/\/leatai.com\/it\/"},{"@type":"ListItem","position":2,"name":"Presentazione dei prodotti","item":"https:\/\/leatai.com\/products\/"},{"@type":"ListItem","position":3,"name":"Taccuino personalizzato","item":"https:\/\/leatai.com\/it\/categoria-prodotto\/taccuino-personalizzato\/"},{"@type":"ListItem","position":4,"name":"Set regalo","item":"https:\/\/leatai.com\/it\/categoria-prodotto\/taccuino-personalizzato\/set-regalo\/"},{"@type":"ListItem","position":5,"name":"Set regalo con taccuino &#8211; 02"}]},{"@type":"WebSite","@id":"https:\/\/leatai.com\/it\/#website","url":"https:\/\/leatai.com\/it\/","name":"Leatai \u2013 Produttore di taccuini personalizzati","description":"Leatai fornisce taccuini e planner personalizzati per brand e distributori a livello globale.","publisher":{"@id":"https:\/\/leatai.com\/it\/#organization"},"potentialAction":[{"@type":"SearchAction","target":{"@type":"EntryPoint","urlTemplate":"https:\/\/leatai.com\/it\/?s={search_term_string}"},"query-input":{"@type":"PropertyValueSpecification","valueRequired":true,"valueName":"search_term_string"}}],"inLanguage":"it-IT"},{"@type":"Organization","@id":"https:\/\/leatai.com\/it\/#organization","name":"Leatai Diary, customized journal and business organizer","url":"https:\/\/leatai.com\/it\/","logo":{"@type":"ImageObject","inLanguage":"it-IT","@id":"https:\/\/leatai.com\/it\/#\/schema\/logo\/image\/","url":"https:\/\/leatai.com\/wp-content\/uploads\/logo-blue.png","contentUrl":"https:\/\/leatai.com\/wp-content\/uploads\/logo-blue.png","width":230,"height":60,"caption":"Leatai Diary, customized journal and business organizer"},"image":{"@id":"https:\/\/leatai.com\/it\/#\/schema\/logo\/image\/"}}]}},"_links":{"self":[{"href":"https:\/\/leatai.com\/it\/wp-json\/wp\/v2\/product\/195667","targetHints":{"allow":["GET"]}}],"collection":[{"href":"https:\/\/leatai.com\/it\/wp-json\/wp\/v2\/product"}],"about":[{"href":"https:\/\/leatai.com\/it\/wp-json\/wp\/v2\/types\/product"}],"wp:featuredmedia":[{"embeddable":true,"href":"https:\/\/leatai.com\/it\/wp-json\/wp\/v2\/media\/195668"}],"wp:attachment":[{"href":"https:\/\/leatai.com\/it\/wp-json\/wp\/v2\/media?parent=195667"}],"wp:term":[{"taxonomy":"product_brand","embeddable":true,"href":"https:\/\/leatai.com\/it\/wp-json\/wp\/v2\/product_brand?post=195667"},{"taxonomy":"product_cat","embeddable":true,"href":"https:\/\/leatai.com\/it\/wp-json\/wp\/v2\/product_cat?post=195667"},{"taxonomy":"product_tag","embeddable":true,"href":"https:\/\/leatai.com\/it\/wp-json\/wp\/v2\/product_tag?post=195667"},{"taxonomy":"home_works","embeddable":true,"href":"https:\/\/leatai.com\/it\/wp-json\/wp\/v2\/home_works?post=195667"}],"curies":[{"name":"wp","href":"https:\/\/api.w.org\/{rel}","templated":true}]}}