{"id":195612,"date":"2021-06-24T13:17:56","date_gmt":"2021-06-24T05:17:56","guid":{"rendered":"https:\/\/leatai.com\/product\/senza-categoria\/sottobicchiere-in-feltro-brevettato\/"},"modified":"2025-04-29T16:07:28","modified_gmt":"2025-04-29T08:07:28","slug":"sottobicchiere-in-feltro-brevettato","status":"publish","type":"product","link":"https:\/\/leatai.com\/it\/product\/prodotti-regalo-e-di-pelle\/prodotti-in-feltro\/sottobicchiere-in-feltro-brevettato\/","title":{"rendered":"Sottobicchiere in feltro brevettato"},"content":{"rendered":"<p>Descrizione<\/p>\n<p>Modello prodotto: Sottobicchiere in feltro brevettato<br \/>\nMateriale di copertura: feltro<br \/>\nColori disponibili: rosso \/ blu \/ nero \/ viola \/ giallo \/ bianco \/ arancione \/ verde<br \/>\nSpecifiche: diametro 10 cm<br \/>\nAltre informazioni:<\/p>\n<p>Il feltro \u00e8 in genere un materiale comune; normalmente, quando viene trasformato in prodotto, presenta bordi ispidi, molte fibre residue sui tagli e una consistenza troppo morbida, che ne limita l\u2019utilizzo.<\/p>\n<p>Grazie al processo esclusivo sviluppato da Leatai, la superficie risulta perfettamente liscia, riducendo del 90% l&#8217;effetto ispido.<br \/>\nIl taglio con fustella non lascia quasi residui di fibre, e durante la cucitura non si formano segni di affossamento.<br \/>\nInoltre, \u00e8 stato aggiunto uno speciale trattamento che conferisce al feltro una propriet\u00e0 antimacchia, mantenendo colori vivaci e offrendo infinite possibilit\u00e0 creative.<\/p>\n<p>Questo processo \u00e8 coperto da brevetto esclusivo di Leatai.<br \/>\nUnisciti a noi per portare la tua creativit\u00e0 al massimo livello!<\/p>\n<p>Confezione: sacchetto OPP (opzionale)<br \/>\nTecniche di personalizzazione del logo: taglio sagomato, serigrafia a base d&#8217;acqua<\/p>\n","protected":false},"excerpt":{"rendered":"[embed]https:\/\/www.youtube.com\/embed\/MvMfdwEUKnk[\/embed]\n","protected":false},"featured_media":195613,"template":"","meta":{"_acf_changed":false},"product_brand":[],"product_cat":[1143,1169],"product_tag":[],"home_works":[],"class_list":{"0":"post-195612","1":"product","2":"type-product","3":"status-publish","4":"has-post-thumbnail","6":"product_cat-prodotti-in-feltro","7":"product_cat-prodotti-esclusivi","9":"first","10":"instock","11":"sold-individually","12":"shipping-taxable","13":"purchasable","14":"product-type-simple"},"acf":[],"yoast_head":"<!-- This site is optimized with the Yoast SEO plugin v27.2 - https:\/\/yoast.com\/product\/yoast-seo-wordpress\/ -->\n<title>Sottobicchiere in feltro brevettato - Leatai \u2013 Produttore di taccuini personalizzati<\/title>\n<meta name=\"description\" content=\"Grazie al processo esclusivo sviluppato da Leatai, la superficie risulta liscia e uniforme, riducendo del 90% l&#039;effetto ispido. Il taglio con fustella lascia pochissime fibre residue e, durante la cucitura, non si formano segni di affossamento. Inoltre, il materiale acquisisce propriet\u00e0 antimacchia che in origine non possedeva, mantenendo colori vivaci e offrendo infinite possibilit\u00e0 creative.\" \/>\n<meta name=\"robots\" content=\"index, follow, max-snippet:-1, max-image-preview:large, max-video-preview:-1\" \/>\n<link rel=\"canonical\" href=\"https:\/\/leatai.com\/it\/product\/prodotti-regalo-e-di-pelle\/prodotti-in-feltro\/sottobicchiere-in-feltro-brevettato\/\" \/>\n<meta property=\"og:locale\" content=\"it_IT\" \/>\n<meta property=\"og:type\" content=\"article\" \/>\n<meta property=\"og:title\" content=\"Sottobicchiere in feltro brevettato - Leatai \u2013 Produttore di taccuini personalizzati\" \/>\n<meta property=\"og:description\" content=\"Grazie al processo esclusivo sviluppato da Leatai, la superficie risulta liscia e uniforme, riducendo del 90% l&#039;effetto ispido. Il taglio con fustella lascia pochissime fibre residue e, durante la cucitura, non si formano segni di affossamento. Inoltre, il materiale acquisisce propriet\u00e0 antimacchia che in origine non possedeva, mantenendo colori vivaci e offrendo infinite possibilit\u00e0 creative.\" \/>\n<meta property=\"og:url\" content=\"https:\/\/leatai.com\/it\/product\/prodotti-regalo-e-di-pelle\/prodotti-in-feltro\/sottobicchiere-in-feltro-brevettato\/\" \/>\n<meta property=\"og:site_name\" content=\"Leatai \u2013 Produttore di taccuini personalizzati\" \/>\n<meta property=\"article:modified_time\" content=\"2025-04-29T08:07:28+00:00\" \/>\n<meta property=\"og:image\" content=\"https:\/\/leatai.com\/wp-content\/uploads\/2016_01_04_1436500.jpg\" \/>\n\t<meta property=\"og:image:width\" content=\"1000\" \/>\n\t<meta property=\"og:image:height\" content=\"750\" \/>\n\t<meta property=\"og:image:type\" content=\"image\/jpeg\" \/>\n<meta name=\"twitter:card\" content=\"summary_large_image\" \/>\n<meta name=\"twitter:label1\" content=\"Tempo di lettura stimato\" \/>\n\t<meta name=\"twitter:data1\" content=\"2 minuti\" \/>\n<script type=\"application\/ld+json\" class=\"yoast-schema-graph\">{\"@context\":\"https:\/\/schema.org\",\"@graph\":[{\"@type\":\"WebPage\",\"@id\":\"https:\/\/leatai.com\/it\/product\/prodotti-regalo-e-di-pelle\/prodotti-in-feltro\/sottobicchiere-in-feltro-brevettato\/\",\"url\":\"https:\/\/leatai.com\/it\/product\/prodotti-regalo-e-di-pelle\/prodotti-in-feltro\/sottobicchiere-in-feltro-brevettato\/\",\"name\":\"Sottobicchiere in feltro brevettato - Leatai \u2013 Produttore di taccuini personalizzati\",\"isPartOf\":{\"@id\":\"https:\/\/leatai.com\/it\/#website\"},\"primaryImageOfPage\":{\"@id\":\"https:\/\/leatai.com\/it\/product\/prodotti-regalo-e-di-pelle\/prodotti-in-feltro\/sottobicchiere-in-feltro-brevettato\/#primaryimage\"},\"image\":{\"@id\":\"https:\/\/leatai.com\/it\/product\/prodotti-regalo-e-di-pelle\/prodotti-in-feltro\/sottobicchiere-in-feltro-brevettato\/#primaryimage\"},\"thumbnailUrl\":\"https:\/\/leatai.com\/wp-content\/uploads\/2016_01_04_1436500.jpg\",\"datePublished\":\"2021-06-24T05:17:56+00:00\",\"dateModified\":\"2025-04-29T08:07:28+00:00\",\"description\":\"Grazie al processo esclusivo sviluppato da Leatai, la superficie risulta liscia e uniforme, riducendo del 90% l'effetto ispido. Il taglio con fustella lascia pochissime fibre residue e, durante la cucitura, non si formano segni di affossamento. Inoltre, il materiale acquisisce propriet\u00e0 antimacchia che in origine non possedeva, mantenendo colori vivaci e offrendo infinite possibilit\u00e0 creative.\",\"breadcrumb\":{\"@id\":\"https:\/\/leatai.com\/it\/product\/prodotti-regalo-e-di-pelle\/prodotti-in-feltro\/sottobicchiere-in-feltro-brevettato\/#breadcrumb\"},\"inLanguage\":\"it-IT\",\"potentialAction\":[{\"@type\":\"ReadAction\",\"target\":[\"https:\/\/leatai.com\/it\/product\/prodotti-regalo-e-di-pelle\/prodotti-in-feltro\/sottobicchiere-in-feltro-brevettato\/\"]}]},{\"@type\":\"ImageObject\",\"inLanguage\":\"it-IT\",\"@id\":\"https:\/\/leatai.com\/it\/product\/prodotti-regalo-e-di-pelle\/prodotti-in-feltro\/sottobicchiere-in-feltro-brevettato\/#primaryimage\",\"url\":\"https:\/\/leatai.com\/wp-content\/uploads\/2016_01_04_1436500.jpg\",\"contentUrl\":\"https:\/\/leatai.com\/wp-content\/uploads\/2016_01_04_1436500.jpg\",\"width\":1000,\"height\":750},{\"@type\":\"BreadcrumbList\",\"@id\":\"https:\/\/leatai.com\/it\/product\/prodotti-regalo-e-di-pelle\/prodotti-in-feltro\/sottobicchiere-in-feltro-brevettato\/#breadcrumb\",\"itemListElement\":[{\"@type\":\"ListItem\",\"position\":1,\"name\":\"Home\",\"item\":\"https:\/\/leatai.com\/it\/\"},{\"@type\":\"ListItem\",\"position\":2,\"name\":\"Presentazione dei prodotti\",\"item\":\"https:\/\/leatai.com\/products\/\"},{\"@type\":\"ListItem\",\"position\":3,\"name\":\"Prodotti regalo e di pelle\",\"item\":\"https:\/\/leatai.com\/it\/categoria-prodotto\/prodotti-regalo-e-di-pelle\/\"},{\"@type\":\"ListItem\",\"position\":4,\"name\":\"Prodotti in feltro\",\"item\":\"https:\/\/leatai.com\/it\/categoria-prodotto\/prodotti-regalo-e-di-pelle\/prodotti-in-feltro\/\"},{\"@type\":\"ListItem\",\"position\":5,\"name\":\"Sottobicchiere in feltro brevettato\"}]},{\"@type\":\"WebSite\",\"@id\":\"https:\/\/leatai.com\/it\/#website\",\"url\":\"https:\/\/leatai.com\/it\/\",\"name\":\"Leatai \u2013 Produttore di taccuini personalizzati\",\"description\":\"Leatai fornisce taccuini e planner personalizzati per brand e distributori a livello globale.\",\"publisher\":{\"@id\":\"https:\/\/leatai.com\/it\/#organization\"},\"potentialAction\":[{\"@type\":\"SearchAction\",\"target\":{\"@type\":\"EntryPoint\",\"urlTemplate\":\"https:\/\/leatai.com\/it\/?s={search_term_string}\"},\"query-input\":{\"@type\":\"PropertyValueSpecification\",\"valueRequired\":true,\"valueName\":\"search_term_string\"}}],\"inLanguage\":\"it-IT\"},{\"@type\":\"Organization\",\"@id\":\"https:\/\/leatai.com\/it\/#organization\",\"name\":\"Leatai Diary, customized journal and business organizer\",\"url\":\"https:\/\/leatai.com\/it\/\",\"logo\":{\"@type\":\"ImageObject\",\"inLanguage\":\"it-IT\",\"@id\":\"https:\/\/leatai.com\/it\/#\/schema\/logo\/image\/\",\"url\":\"https:\/\/leatai.com\/wp-content\/uploads\/logo-blue.png\",\"contentUrl\":\"https:\/\/leatai.com\/wp-content\/uploads\/logo-blue.png\",\"width\":230,\"height\":60,\"caption\":\"Leatai Diary, customized journal and business organizer\"},\"image\":{\"@id\":\"https:\/\/leatai.com\/it\/#\/schema\/logo\/image\/\"}}]}<\/script>\n<!-- \/ Yoast SEO plugin. -->","yoast_head_json":{"title":"Sottobicchiere in feltro brevettato - Leatai \u2013 Produttore di taccuini personalizzati","description":"Grazie al processo esclusivo sviluppato da Leatai, la superficie risulta liscia e uniforme, riducendo del 90% l'effetto ispido. Il taglio con fustella lascia pochissime fibre residue e, durante la cucitura, non si formano segni di affossamento. Inoltre, il materiale acquisisce propriet\u00e0 antimacchia che in origine non possedeva, mantenendo colori vivaci e offrendo infinite possibilit\u00e0 creative.","robots":{"index":"index","follow":"follow","max-snippet":"max-snippet:-1","max-image-preview":"max-image-preview:large","max-video-preview":"max-video-preview:-1"},"canonical":"https:\/\/leatai.com\/it\/product\/prodotti-regalo-e-di-pelle\/prodotti-in-feltro\/sottobicchiere-in-feltro-brevettato\/","og_locale":"it_IT","og_type":"article","og_title":"Sottobicchiere in feltro brevettato - Leatai \u2013 Produttore di taccuini personalizzati","og_description":"Grazie al processo esclusivo sviluppato da Leatai, la superficie risulta liscia e uniforme, riducendo del 90% l'effetto ispido. Il taglio con fustella lascia pochissime fibre residue e, durante la cucitura, non si formano segni di affossamento. Inoltre, il materiale acquisisce propriet\u00e0 antimacchia che in origine non possedeva, mantenendo colori vivaci e offrendo infinite possibilit\u00e0 creative.","og_url":"https:\/\/leatai.com\/it\/product\/prodotti-regalo-e-di-pelle\/prodotti-in-feltro\/sottobicchiere-in-feltro-brevettato\/","og_site_name":"Leatai \u2013 Produttore di taccuini personalizzati","article_modified_time":"2025-04-29T08:07:28+00:00","og_image":[{"width":1000,"height":750,"url":"https:\/\/leatai.com\/wp-content\/uploads\/2016_01_04_1436500.jpg","type":"image\/jpeg"}],"twitter_card":"summary_large_image","twitter_misc":{"Tempo di lettura stimato":"2 minuti"},"schema":{"@context":"https:\/\/schema.org","@graph":[{"@type":"WebPage","@id":"https:\/\/leatai.com\/it\/product\/prodotti-regalo-e-di-pelle\/prodotti-in-feltro\/sottobicchiere-in-feltro-brevettato\/","url":"https:\/\/leatai.com\/it\/product\/prodotti-regalo-e-di-pelle\/prodotti-in-feltro\/sottobicchiere-in-feltro-brevettato\/","name":"Sottobicchiere in feltro brevettato - Leatai \u2013 Produttore di taccuini personalizzati","isPartOf":{"@id":"https:\/\/leatai.com\/it\/#website"},"primaryImageOfPage":{"@id":"https:\/\/leatai.com\/it\/product\/prodotti-regalo-e-di-pelle\/prodotti-in-feltro\/sottobicchiere-in-feltro-brevettato\/#primaryimage"},"image":{"@id":"https:\/\/leatai.com\/it\/product\/prodotti-regalo-e-di-pelle\/prodotti-in-feltro\/sottobicchiere-in-feltro-brevettato\/#primaryimage"},"thumbnailUrl":"https:\/\/leatai.com\/wp-content\/uploads\/2016_01_04_1436500.jpg","datePublished":"2021-06-24T05:17:56+00:00","dateModified":"2025-04-29T08:07:28+00:00","description":"Grazie al processo esclusivo sviluppato da Leatai, la superficie risulta liscia e uniforme, riducendo del 90% l'effetto ispido. Il taglio con fustella lascia pochissime fibre residue e, durante la cucitura, non si formano segni di affossamento. Inoltre, il materiale acquisisce propriet\u00e0 antimacchia che in origine non possedeva, mantenendo colori vivaci e offrendo infinite possibilit\u00e0 creative.","breadcrumb":{"@id":"https:\/\/leatai.com\/it\/product\/prodotti-regalo-e-di-pelle\/prodotti-in-feltro\/sottobicchiere-in-feltro-brevettato\/#breadcrumb"},"inLanguage":"it-IT","potentialAction":[{"@type":"ReadAction","target":["https:\/\/leatai.com\/it\/product\/prodotti-regalo-e-di-pelle\/prodotti-in-feltro\/sottobicchiere-in-feltro-brevettato\/"]}]},{"@type":"ImageObject","inLanguage":"it-IT","@id":"https:\/\/leatai.com\/it\/product\/prodotti-regalo-e-di-pelle\/prodotti-in-feltro\/sottobicchiere-in-feltro-brevettato\/#primaryimage","url":"https:\/\/leatai.com\/wp-content\/uploads\/2016_01_04_1436500.jpg","contentUrl":"https:\/\/leatai.com\/wp-content\/uploads\/2016_01_04_1436500.jpg","width":1000,"height":750},{"@type":"BreadcrumbList","@id":"https:\/\/leatai.com\/it\/product\/prodotti-regalo-e-di-pelle\/prodotti-in-feltro\/sottobicchiere-in-feltro-brevettato\/#breadcrumb","itemListElement":[{"@type":"ListItem","position":1,"name":"Home","item":"https:\/\/leatai.com\/it\/"},{"@type":"ListItem","position":2,"name":"Presentazione dei prodotti","item":"https:\/\/leatai.com\/products\/"},{"@type":"ListItem","position":3,"name":"Prodotti regalo e di pelle","item":"https:\/\/leatai.com\/it\/categoria-prodotto\/prodotti-regalo-e-di-pelle\/"},{"@type":"ListItem","position":4,"name":"Prodotti in feltro","item":"https:\/\/leatai.com\/it\/categoria-prodotto\/prodotti-regalo-e-di-pelle\/prodotti-in-feltro\/"},{"@type":"ListItem","position":5,"name":"Sottobicchiere in feltro brevettato"}]},{"@type":"WebSite","@id":"https:\/\/leatai.com\/it\/#website","url":"https:\/\/leatai.com\/it\/","name":"Leatai \u2013 Produttore di taccuini personalizzati","description":"Leatai fornisce taccuini e planner personalizzati per brand e distributori a livello globale.","publisher":{"@id":"https:\/\/leatai.com\/it\/#organization"},"potentialAction":[{"@type":"SearchAction","target":{"@type":"EntryPoint","urlTemplate":"https:\/\/leatai.com\/it\/?s={search_term_string}"},"query-input":{"@type":"PropertyValueSpecification","valueRequired":true,"valueName":"search_term_string"}}],"inLanguage":"it-IT"},{"@type":"Organization","@id":"https:\/\/leatai.com\/it\/#organization","name":"Leatai Diary, customized journal and business organizer","url":"https:\/\/leatai.com\/it\/","logo":{"@type":"ImageObject","inLanguage":"it-IT","@id":"https:\/\/leatai.com\/it\/#\/schema\/logo\/image\/","url":"https:\/\/leatai.com\/wp-content\/uploads\/logo-blue.png","contentUrl":"https:\/\/leatai.com\/wp-content\/uploads\/logo-blue.png","width":230,"height":60,"caption":"Leatai Diary, customized journal and business organizer"},"image":{"@id":"https:\/\/leatai.com\/it\/#\/schema\/logo\/image\/"}}]}},"_links":{"self":[{"href":"https:\/\/leatai.com\/it\/wp-json\/wp\/v2\/product\/195612","targetHints":{"allow":["GET"]}}],"collection":[{"href":"https:\/\/leatai.com\/it\/wp-json\/wp\/v2\/product"}],"about":[{"href":"https:\/\/leatai.com\/it\/wp-json\/wp\/v2\/types\/product"}],"wp:featuredmedia":[{"embeddable":true,"href":"https:\/\/leatai.com\/it\/wp-json\/wp\/v2\/media\/195613"}],"wp:attachment":[{"href":"https:\/\/leatai.com\/it\/wp-json\/wp\/v2\/media?parent=195612"}],"wp:term":[{"taxonomy":"product_brand","embeddable":true,"href":"https:\/\/leatai.com\/it\/wp-json\/wp\/v2\/product_brand?post=195612"},{"taxonomy":"product_cat","embeddable":true,"href":"https:\/\/leatai.com\/it\/wp-json\/wp\/v2\/product_cat?post=195612"},{"taxonomy":"product_tag","embeddable":true,"href":"https:\/\/leatai.com\/it\/wp-json\/wp\/v2\/product_tag?post=195612"},{"taxonomy":"home_works","embeddable":true,"href":"https:\/\/leatai.com\/it\/wp-json\/wp\/v2\/home_works?post=195612"}],"curies":[{"name":"wp","href":"https:\/\/api.w.org\/{rel}","templated":true}]}}