{"id":195609,"date":"2021-06-24T13:22:46","date_gmt":"2021-06-24T05:22:46","guid":{"rendered":"https:\/\/leatai.com\/product\/senza-categoria\/portachiavi-in-vera-pelle-con-effetto-artigianale\/"},"modified":"2025-04-29T16:00:22","modified_gmt":"2025-04-29T08:00:22","slug":"portachiavi-in-vera-pelle-con-effetto-artigianale","status":"publish","type":"product","link":"https:\/\/leatai.com\/it\/product\/prodotti-regalo-e-di-pelle\/prodotti-in-pelle-e-forniture-per-ufficio\/portachiavi-in-vera-pelle-con-effetto-artigianale\/","title":{"rendered":"Portachiavi in vera pelle con effetto artigianale"},"content":{"rendered":"<p>Materiale: vera pelle bovina importata + pelle di agnello<br \/>\nConfezione: sacchetto OPP<\/p>\n<p>Descrizione del prodotto<\/p>\n<p>Questo portachiavi dal design particolare \u00e8 realizzato in pelle bovina e pelle di agnello importate.<br \/>\nIl campione in foto \u00e8 stato cucito a mano con filo cerato; per la produzione in serie verr\u00e0 utilizzata una cucitura a macchina con filo spesso, per aggiungere maggiore precisione e raffinatezza.<br \/>\nOltre ai portachiavi, \u00e8 possibile ordinare anche altri articoli in vera pelle, come custodie, portamonete, portapassaporti, porta biglietti da visita, porta badge e molti altri prodotti personalizzati in vera pelle.<br \/>\nContattaci per maggiori informazioni.<\/p>\n","protected":false},"excerpt":{"rendered":"<p>Materiale: vera pelle bovina importata + pelle di agnello Confezione: sacchetto OPP Descrizione del prodotto Questo portachiavi dal design particolare \u00e8 realizzato in pelle bovina e pelle di agnello importate. Il campione in foto \u00e8 stato cucito a mano con filo cerato; per la produzione in serie verr\u00e0 utilizzata una cucitura a macchina con filo [&hellip;]<\/p>\n","protected":false},"featured_media":195610,"template":"","meta":{"_acf_changed":false},"product_brand":[],"product_cat":[1130],"product_tag":[],"home_works":[],"class_list":{"0":"post-195609","1":"product","2":"type-product","3":"status-publish","4":"has-post-thumbnail","6":"product_cat-prodotti-in-pelle-e-forniture-per-ufficio","8":"first","9":"instock","10":"sold-individually","11":"shipping-taxable","12":"purchasable","13":"product-type-simple"},"acf":[],"yoast_head":"<!-- This site is optimized with the Yoast SEO plugin v27.2 - https:\/\/yoast.com\/product\/yoast-seo-wordpress\/ -->\n<title>Portachiavi in vera pelle con effetto artigianale - Leatai \u2013 Produttore di taccuini personalizzati<\/title>\n<meta name=\"description\" content=\"Questo portachiavi \u00e8 realizzato a forma di cuore tridimensionale, con una lavorazione artigianale complessa e accurata. L&#039;abbinamento con la morbida pelle di agnello dona una sensazione al tatto particolarmente pregiata. \u00c8 un articolo in vera pelle raro e di alta qualit\u00e0.\" \/>\n<meta name=\"robots\" content=\"index, follow, max-snippet:-1, max-image-preview:large, max-video-preview:-1\" \/>\n<link rel=\"canonical\" href=\"https:\/\/leatai.com\/it\/product\/prodotti-regalo-e-di-pelle\/prodotti-in-pelle-e-forniture-per-ufficio\/portachiavi-in-vera-pelle-con-effetto-artigianale\/\" \/>\n<meta property=\"og:locale\" content=\"it_IT\" \/>\n<meta property=\"og:type\" content=\"article\" \/>\n<meta property=\"og:title\" content=\"Portachiavi in vera pelle con effetto artigianale - Leatai \u2013 Produttore di taccuini personalizzati\" \/>\n<meta property=\"og:description\" content=\"Questo portachiavi \u00e8 realizzato a forma di cuore tridimensionale, con una lavorazione artigianale complessa e accurata. L&#039;abbinamento con la morbida pelle di agnello dona una sensazione al tatto particolarmente pregiata. \u00c8 un articolo in vera pelle raro e di alta qualit\u00e0.\" \/>\n<meta property=\"og:url\" content=\"https:\/\/leatai.com\/it\/product\/prodotti-regalo-e-di-pelle\/prodotti-in-pelle-e-forniture-per-ufficio\/portachiavi-in-vera-pelle-con-effetto-artigianale\/\" \/>\n<meta property=\"og:site_name\" content=\"Leatai \u2013 Produttore di taccuini personalizzati\" \/>\n<meta property=\"article:modified_time\" content=\"2025-04-29T08:00:22+00:00\" \/>\n<meta property=\"og:image\" content=\"https:\/\/leatai.com\/wp-content\/uploads\/2016_01_20_1758360.jpg\" \/>\n\t<meta property=\"og:image:width\" content=\"1000\" \/>\n\t<meta property=\"og:image:height\" content=\"750\" \/>\n\t<meta property=\"og:image:type\" content=\"image\/jpeg\" \/>\n<meta name=\"twitter:card\" content=\"summary_large_image\" \/>\n<meta name=\"twitter:label1\" content=\"Tempo di lettura stimato\" \/>\n\t<meta name=\"twitter:data1\" content=\"1 minuto\" \/>\n<script type=\"application\/ld+json\" class=\"yoast-schema-graph\">{\"@context\":\"https:\/\/schema.org\",\"@graph\":[{\"@type\":\"WebPage\",\"@id\":\"https:\/\/leatai.com\/it\/product\/prodotti-regalo-e-di-pelle\/prodotti-in-pelle-e-forniture-per-ufficio\/portachiavi-in-vera-pelle-con-effetto-artigianale\/\",\"url\":\"https:\/\/leatai.com\/it\/product\/prodotti-regalo-e-di-pelle\/prodotti-in-pelle-e-forniture-per-ufficio\/portachiavi-in-vera-pelle-con-effetto-artigianale\/\",\"name\":\"Portachiavi in vera pelle con effetto artigianale - Leatai \u2013 Produttore di taccuini personalizzati\",\"isPartOf\":{\"@id\":\"https:\/\/leatai.com\/it\/#website\"},\"primaryImageOfPage\":{\"@id\":\"https:\/\/leatai.com\/it\/product\/prodotti-regalo-e-di-pelle\/prodotti-in-pelle-e-forniture-per-ufficio\/portachiavi-in-vera-pelle-con-effetto-artigianale\/#primaryimage\"},\"image\":{\"@id\":\"https:\/\/leatai.com\/it\/product\/prodotti-regalo-e-di-pelle\/prodotti-in-pelle-e-forniture-per-ufficio\/portachiavi-in-vera-pelle-con-effetto-artigianale\/#primaryimage\"},\"thumbnailUrl\":\"https:\/\/leatai.com\/wp-content\/uploads\/2016_01_20_1758360.jpg\",\"datePublished\":\"2021-06-24T05:22:46+00:00\",\"dateModified\":\"2025-04-29T08:00:22+00:00\",\"description\":\"Questo portachiavi \u00e8 realizzato a forma di cuore tridimensionale, con una lavorazione artigianale complessa e accurata. L'abbinamento con la morbida pelle di agnello dona una sensazione al tatto particolarmente pregiata. \u00c8 un articolo in vera pelle raro e di alta qualit\u00e0.\",\"breadcrumb\":{\"@id\":\"https:\/\/leatai.com\/it\/product\/prodotti-regalo-e-di-pelle\/prodotti-in-pelle-e-forniture-per-ufficio\/portachiavi-in-vera-pelle-con-effetto-artigianale\/#breadcrumb\"},\"inLanguage\":\"it-IT\",\"potentialAction\":[{\"@type\":\"ReadAction\",\"target\":[\"https:\/\/leatai.com\/it\/product\/prodotti-regalo-e-di-pelle\/prodotti-in-pelle-e-forniture-per-ufficio\/portachiavi-in-vera-pelle-con-effetto-artigianale\/\"]}]},{\"@type\":\"ImageObject\",\"inLanguage\":\"it-IT\",\"@id\":\"https:\/\/leatai.com\/it\/product\/prodotti-regalo-e-di-pelle\/prodotti-in-pelle-e-forniture-per-ufficio\/portachiavi-in-vera-pelle-con-effetto-artigianale\/#primaryimage\",\"url\":\"https:\/\/leatai.com\/wp-content\/uploads\/2016_01_20_1758360.jpg\",\"contentUrl\":\"https:\/\/leatai.com\/wp-content\/uploads\/2016_01_20_1758360.jpg\",\"width\":1000,\"height\":750},{\"@type\":\"BreadcrumbList\",\"@id\":\"https:\/\/leatai.com\/it\/product\/prodotti-regalo-e-di-pelle\/prodotti-in-pelle-e-forniture-per-ufficio\/portachiavi-in-vera-pelle-con-effetto-artigianale\/#breadcrumb\",\"itemListElement\":[{\"@type\":\"ListItem\",\"position\":1,\"name\":\"Home\",\"item\":\"https:\/\/leatai.com\/it\/\"},{\"@type\":\"ListItem\",\"position\":2,\"name\":\"Presentazione dei prodotti\",\"item\":\"https:\/\/leatai.com\/products\/\"},{\"@type\":\"ListItem\",\"position\":3,\"name\":\"Prodotti regalo e di pelle\",\"item\":\"https:\/\/leatai.com\/it\/categoria-prodotto\/prodotti-regalo-e-di-pelle\/\"},{\"@type\":\"ListItem\",\"position\":4,\"name\":\"Prodotti in pelle e forniture per ufficio\",\"item\":\"https:\/\/leatai.com\/it\/categoria-prodotto\/prodotti-regalo-e-di-pelle\/prodotti-in-pelle-e-forniture-per-ufficio\/\"},{\"@type\":\"ListItem\",\"position\":5,\"name\":\"Portachiavi in vera pelle con effetto artigianale\"}]},{\"@type\":\"WebSite\",\"@id\":\"https:\/\/leatai.com\/it\/#website\",\"url\":\"https:\/\/leatai.com\/it\/\",\"name\":\"Leatai \u2013 Produttore di taccuini personalizzati\",\"description\":\"Leatai fornisce taccuini e planner personalizzati per brand e distributori a livello globale.\",\"publisher\":{\"@id\":\"https:\/\/leatai.com\/it\/#organization\"},\"potentialAction\":[{\"@type\":\"SearchAction\",\"target\":{\"@type\":\"EntryPoint\",\"urlTemplate\":\"https:\/\/leatai.com\/it\/?s={search_term_string}\"},\"query-input\":{\"@type\":\"PropertyValueSpecification\",\"valueRequired\":true,\"valueName\":\"search_term_string\"}}],\"inLanguage\":\"it-IT\"},{\"@type\":\"Organization\",\"@id\":\"https:\/\/leatai.com\/it\/#organization\",\"name\":\"Leatai Diary, customized journal and business organizer\",\"url\":\"https:\/\/leatai.com\/it\/\",\"logo\":{\"@type\":\"ImageObject\",\"inLanguage\":\"it-IT\",\"@id\":\"https:\/\/leatai.com\/it\/#\/schema\/logo\/image\/\",\"url\":\"https:\/\/leatai.com\/wp-content\/uploads\/logo-blue.png\",\"contentUrl\":\"https:\/\/leatai.com\/wp-content\/uploads\/logo-blue.png\",\"width\":230,\"height\":60,\"caption\":\"Leatai Diary, customized journal and business organizer\"},\"image\":{\"@id\":\"https:\/\/leatai.com\/it\/#\/schema\/logo\/image\/\"}}]}<\/script>\n<!-- \/ Yoast SEO plugin. -->","yoast_head_json":{"title":"Portachiavi in vera pelle con effetto artigianale - Leatai \u2013 Produttore di taccuini personalizzati","description":"Questo portachiavi \u00e8 realizzato a forma di cuore tridimensionale, con una lavorazione artigianale complessa e accurata. L'abbinamento con la morbida pelle di agnello dona una sensazione al tatto particolarmente pregiata. \u00c8 un articolo in vera pelle raro e di alta qualit\u00e0.","robots":{"index":"index","follow":"follow","max-snippet":"max-snippet:-1","max-image-preview":"max-image-preview:large","max-video-preview":"max-video-preview:-1"},"canonical":"https:\/\/leatai.com\/it\/product\/prodotti-regalo-e-di-pelle\/prodotti-in-pelle-e-forniture-per-ufficio\/portachiavi-in-vera-pelle-con-effetto-artigianale\/","og_locale":"it_IT","og_type":"article","og_title":"Portachiavi in vera pelle con effetto artigianale - Leatai \u2013 Produttore di taccuini personalizzati","og_description":"Questo portachiavi \u00e8 realizzato a forma di cuore tridimensionale, con una lavorazione artigianale complessa e accurata. L'abbinamento con la morbida pelle di agnello dona una sensazione al tatto particolarmente pregiata. \u00c8 un articolo in vera pelle raro e di alta qualit\u00e0.","og_url":"https:\/\/leatai.com\/it\/product\/prodotti-regalo-e-di-pelle\/prodotti-in-pelle-e-forniture-per-ufficio\/portachiavi-in-vera-pelle-con-effetto-artigianale\/","og_site_name":"Leatai \u2013 Produttore di taccuini personalizzati","article_modified_time":"2025-04-29T08:00:22+00:00","og_image":[{"width":1000,"height":750,"url":"https:\/\/leatai.com\/wp-content\/uploads\/2016_01_20_1758360.jpg","type":"image\/jpeg"}],"twitter_card":"summary_large_image","twitter_misc":{"Tempo di lettura stimato":"1 minuto"},"schema":{"@context":"https:\/\/schema.org","@graph":[{"@type":"WebPage","@id":"https:\/\/leatai.com\/it\/product\/prodotti-regalo-e-di-pelle\/prodotti-in-pelle-e-forniture-per-ufficio\/portachiavi-in-vera-pelle-con-effetto-artigianale\/","url":"https:\/\/leatai.com\/it\/product\/prodotti-regalo-e-di-pelle\/prodotti-in-pelle-e-forniture-per-ufficio\/portachiavi-in-vera-pelle-con-effetto-artigianale\/","name":"Portachiavi in vera pelle con effetto artigianale - Leatai \u2013 Produttore di taccuini personalizzati","isPartOf":{"@id":"https:\/\/leatai.com\/it\/#website"},"primaryImageOfPage":{"@id":"https:\/\/leatai.com\/it\/product\/prodotti-regalo-e-di-pelle\/prodotti-in-pelle-e-forniture-per-ufficio\/portachiavi-in-vera-pelle-con-effetto-artigianale\/#primaryimage"},"image":{"@id":"https:\/\/leatai.com\/it\/product\/prodotti-regalo-e-di-pelle\/prodotti-in-pelle-e-forniture-per-ufficio\/portachiavi-in-vera-pelle-con-effetto-artigianale\/#primaryimage"},"thumbnailUrl":"https:\/\/leatai.com\/wp-content\/uploads\/2016_01_20_1758360.jpg","datePublished":"2021-06-24T05:22:46+00:00","dateModified":"2025-04-29T08:00:22+00:00","description":"Questo portachiavi \u00e8 realizzato a forma di cuore tridimensionale, con una lavorazione artigianale complessa e accurata. L'abbinamento con la morbida pelle di agnello dona una sensazione al tatto particolarmente pregiata. \u00c8 un articolo in vera pelle raro e di alta qualit\u00e0.","breadcrumb":{"@id":"https:\/\/leatai.com\/it\/product\/prodotti-regalo-e-di-pelle\/prodotti-in-pelle-e-forniture-per-ufficio\/portachiavi-in-vera-pelle-con-effetto-artigianale\/#breadcrumb"},"inLanguage":"it-IT","potentialAction":[{"@type":"ReadAction","target":["https:\/\/leatai.com\/it\/product\/prodotti-regalo-e-di-pelle\/prodotti-in-pelle-e-forniture-per-ufficio\/portachiavi-in-vera-pelle-con-effetto-artigianale\/"]}]},{"@type":"ImageObject","inLanguage":"it-IT","@id":"https:\/\/leatai.com\/it\/product\/prodotti-regalo-e-di-pelle\/prodotti-in-pelle-e-forniture-per-ufficio\/portachiavi-in-vera-pelle-con-effetto-artigianale\/#primaryimage","url":"https:\/\/leatai.com\/wp-content\/uploads\/2016_01_20_1758360.jpg","contentUrl":"https:\/\/leatai.com\/wp-content\/uploads\/2016_01_20_1758360.jpg","width":1000,"height":750},{"@type":"BreadcrumbList","@id":"https:\/\/leatai.com\/it\/product\/prodotti-regalo-e-di-pelle\/prodotti-in-pelle-e-forniture-per-ufficio\/portachiavi-in-vera-pelle-con-effetto-artigianale\/#breadcrumb","itemListElement":[{"@type":"ListItem","position":1,"name":"Home","item":"https:\/\/leatai.com\/it\/"},{"@type":"ListItem","position":2,"name":"Presentazione dei prodotti","item":"https:\/\/leatai.com\/products\/"},{"@type":"ListItem","position":3,"name":"Prodotti regalo e di pelle","item":"https:\/\/leatai.com\/it\/categoria-prodotto\/prodotti-regalo-e-di-pelle\/"},{"@type":"ListItem","position":4,"name":"Prodotti in pelle e forniture per ufficio","item":"https:\/\/leatai.com\/it\/categoria-prodotto\/prodotti-regalo-e-di-pelle\/prodotti-in-pelle-e-forniture-per-ufficio\/"},{"@type":"ListItem","position":5,"name":"Portachiavi in vera pelle con effetto artigianale"}]},{"@type":"WebSite","@id":"https:\/\/leatai.com\/it\/#website","url":"https:\/\/leatai.com\/it\/","name":"Leatai \u2013 Produttore di taccuini personalizzati","description":"Leatai fornisce taccuini e planner personalizzati per brand e distributori a livello globale.","publisher":{"@id":"https:\/\/leatai.com\/it\/#organization"},"potentialAction":[{"@type":"SearchAction","target":{"@type":"EntryPoint","urlTemplate":"https:\/\/leatai.com\/it\/?s={search_term_string}"},"query-input":{"@type":"PropertyValueSpecification","valueRequired":true,"valueName":"search_term_string"}}],"inLanguage":"it-IT"},{"@type":"Organization","@id":"https:\/\/leatai.com\/it\/#organization","name":"Leatai Diary, customized journal and business organizer","url":"https:\/\/leatai.com\/it\/","logo":{"@type":"ImageObject","inLanguage":"it-IT","@id":"https:\/\/leatai.com\/it\/#\/schema\/logo\/image\/","url":"https:\/\/leatai.com\/wp-content\/uploads\/logo-blue.png","contentUrl":"https:\/\/leatai.com\/wp-content\/uploads\/logo-blue.png","width":230,"height":60,"caption":"Leatai Diary, customized journal and business organizer"},"image":{"@id":"https:\/\/leatai.com\/it\/#\/schema\/logo\/image\/"}}]}},"_links":{"self":[{"href":"https:\/\/leatai.com\/it\/wp-json\/wp\/v2\/product\/195609","targetHints":{"allow":["GET"]}}],"collection":[{"href":"https:\/\/leatai.com\/it\/wp-json\/wp\/v2\/product"}],"about":[{"href":"https:\/\/leatai.com\/it\/wp-json\/wp\/v2\/types\/product"}],"wp:featuredmedia":[{"embeddable":true,"href":"https:\/\/leatai.com\/it\/wp-json\/wp\/v2\/media\/195610"}],"wp:attachment":[{"href":"https:\/\/leatai.com\/it\/wp-json\/wp\/v2\/media?parent=195609"}],"wp:term":[{"taxonomy":"product_brand","embeddable":true,"href":"https:\/\/leatai.com\/it\/wp-json\/wp\/v2\/product_brand?post=195609"},{"taxonomy":"product_cat","embeddable":true,"href":"https:\/\/leatai.com\/it\/wp-json\/wp\/v2\/product_cat?post=195609"},{"taxonomy":"product_tag","embeddable":true,"href":"https:\/\/leatai.com\/it\/wp-json\/wp\/v2\/product_tag?post=195609"},{"taxonomy":"home_works","embeddable":true,"href":"https:\/\/leatai.com\/it\/wp-json\/wp\/v2\/home_works?post=195609"}],"curies":[{"name":"wp","href":"https:\/\/api.w.org\/{rel}","templated":true}]}}