{"id":195589,"date":"2021-06-24T13:23:08","date_gmt":"2021-06-24T05:23:08","guid":{"rendered":"https:\/\/leatai.com\/product\/senza-categoria\/vera-pelle-portapassaporto-classico\/"},"modified":"2025-04-29T15:52:50","modified_gmt":"2025-04-29T07:52:50","slug":"vera-pelle-portapassaporto-classico","status":"publish","type":"product","link":"https:\/\/leatai.com\/it\/product\/prodotti-regalo-e-di-pelle\/prodotti-in-pelle-e-forniture-per-ufficio\/vera-pelle-portapassaporto-classico\/","title":{"rendered":"Vera pelle &#8211; Portapassaporto classico"},"content":{"rendered":"<p>Materiale: vera pelle bovina importata<br \/>\nConfezione: sacchetto OPP<\/p>\n<p>Descrizione del prodotto<\/p>\n<p>Possiamo realizzare articoli per ristoranti e hotel come portamemo, portaconti, portamenu, portadocumenti e altri accessori, sia in vera pelle che in pelle sintetica.<br \/>\nLeatai offre un servizio completo di progettazione e produzione.<br \/>\n\u00c8 inoltre possibile ordinare altri articoli in vera pelle, come custodie in pelle, portamonete in pelle, portapassaporto in pelle, porta biglietti da visita in pelle, porta badge in pelle e molti altri prodotti personalizzati in vera pelle.<br \/>\nContattaci per maggiori informazioni.<\/p>\n","protected":false},"excerpt":{"rendered":"<p>Materiale: vera pelle bovina importata Confezione: sacchetto OPP Descrizione del prodotto Possiamo realizzare articoli per ristoranti e hotel come portamemo, portaconti, portamenu, portadocumenti e altri accessori, sia in vera pelle che in pelle sintetica. Leatai offre un servizio completo di progettazione e produzione. \u00c8 inoltre possibile ordinare altri articoli in vera pelle, come custodie in [&hellip;]<\/p>\n","protected":false},"featured_media":195590,"template":"","meta":{"_acf_changed":false},"product_brand":[],"product_cat":[1117,1130],"product_tag":[],"home_works":[],"class_list":{"0":"post-195589","1":"product","2":"type-product","3":"status-publish","4":"has-post-thumbnail","6":"product_cat-prodotti-regalo-e-di-pelle","7":"product_cat-prodotti-in-pelle-e-forniture-per-ufficio","9":"first","10":"instock","11":"sold-individually","12":"shipping-taxable","13":"purchasable","14":"product-type-simple"},"acf":[],"yoast_head":"<!-- This site is optimized with the Yoast SEO plugin v27.2 - https:\/\/yoast.com\/product\/yoast-seo-wordpress\/ -->\n<title>Vera pelle - Portapassaporto classico - Leatai \u2013 Produttore di taccuini personalizzati<\/title>\n<meta name=\"description\" content=\"Portapassaporto estremamente pratico, realizzato in pelle bovina di alta qualit\u00e0. Cucito interamente a mano, punto dopo punto, unisce classicit\u00e0 e resistenza. La texture \u00e8 calda e piacevole al tatto, rendendolo un prodotto in vera pelle che merita di essere collezionato.\" \/>\n<meta name=\"robots\" content=\"index, follow, max-snippet:-1, max-image-preview:large, max-video-preview:-1\" \/>\n<link rel=\"canonical\" href=\"https:\/\/leatai.com\/it\/product\/prodotti-regalo-e-di-pelle\/prodotti-in-pelle-e-forniture-per-ufficio\/vera-pelle-portapassaporto-classico\/\" \/>\n<meta property=\"og:locale\" content=\"it_IT\" \/>\n<meta property=\"og:type\" content=\"article\" \/>\n<meta property=\"og:title\" content=\"Vera pelle - Portapassaporto classico - Leatai \u2013 Produttore di taccuini personalizzati\" \/>\n<meta property=\"og:description\" content=\"Portapassaporto estremamente pratico, realizzato in pelle bovina di alta qualit\u00e0. Cucito interamente a mano, punto dopo punto, unisce classicit\u00e0 e resistenza. La texture \u00e8 calda e piacevole al tatto, rendendolo un prodotto in vera pelle che merita di essere collezionato.\" \/>\n<meta property=\"og:url\" content=\"https:\/\/leatai.com\/it\/product\/prodotti-regalo-e-di-pelle\/prodotti-in-pelle-e-forniture-per-ufficio\/vera-pelle-portapassaporto-classico\/\" \/>\n<meta property=\"og:site_name\" content=\"Leatai \u2013 Produttore di taccuini personalizzati\" \/>\n<meta property=\"article:modified_time\" content=\"2025-04-29T07:52:50+00:00\" \/>\n<meta property=\"og:image\" content=\"https:\/\/leatai.com\/wp-content\/uploads\/2016_01_20_1759520.jpg\" \/>\n\t<meta property=\"og:image:width\" content=\"1000\" \/>\n\t<meta property=\"og:image:height\" content=\"750\" \/>\n\t<meta property=\"og:image:type\" content=\"image\/jpeg\" \/>\n<meta name=\"twitter:card\" content=\"summary_large_image\" \/>\n<meta name=\"twitter:label1\" content=\"Tempo di lettura stimato\" \/>\n\t<meta name=\"twitter:data1\" content=\"1 minuto\" \/>\n<script type=\"application\/ld+json\" class=\"yoast-schema-graph\">{\"@context\":\"https:\/\/schema.org\",\"@graph\":[{\"@type\":\"WebPage\",\"@id\":\"https:\/\/leatai.com\/it\/product\/prodotti-regalo-e-di-pelle\/prodotti-in-pelle-e-forniture-per-ufficio\/vera-pelle-portapassaporto-classico\/\",\"url\":\"https:\/\/leatai.com\/it\/product\/prodotti-regalo-e-di-pelle\/prodotti-in-pelle-e-forniture-per-ufficio\/vera-pelle-portapassaporto-classico\/\",\"name\":\"Vera pelle - Portapassaporto classico - Leatai \u2013 Produttore di taccuini personalizzati\",\"isPartOf\":{\"@id\":\"https:\/\/leatai.com\/it\/#website\"},\"primaryImageOfPage\":{\"@id\":\"https:\/\/leatai.com\/it\/product\/prodotti-regalo-e-di-pelle\/prodotti-in-pelle-e-forniture-per-ufficio\/vera-pelle-portapassaporto-classico\/#primaryimage\"},\"image\":{\"@id\":\"https:\/\/leatai.com\/it\/product\/prodotti-regalo-e-di-pelle\/prodotti-in-pelle-e-forniture-per-ufficio\/vera-pelle-portapassaporto-classico\/#primaryimage\"},\"thumbnailUrl\":\"https:\/\/leatai.com\/wp-content\/uploads\/2016_01_20_1759520.jpg\",\"datePublished\":\"2021-06-24T05:23:08+00:00\",\"dateModified\":\"2025-04-29T07:52:50+00:00\",\"description\":\"Portapassaporto estremamente pratico, realizzato in pelle bovina di alta qualit\u00e0. Cucito interamente a mano, punto dopo punto, unisce classicit\u00e0 e resistenza. La texture \u00e8 calda e piacevole al tatto, rendendolo un prodotto in vera pelle che merita di essere collezionato.\",\"breadcrumb\":{\"@id\":\"https:\/\/leatai.com\/it\/product\/prodotti-regalo-e-di-pelle\/prodotti-in-pelle-e-forniture-per-ufficio\/vera-pelle-portapassaporto-classico\/#breadcrumb\"},\"inLanguage\":\"it-IT\",\"potentialAction\":[{\"@type\":\"ReadAction\",\"target\":[\"https:\/\/leatai.com\/it\/product\/prodotti-regalo-e-di-pelle\/prodotti-in-pelle-e-forniture-per-ufficio\/vera-pelle-portapassaporto-classico\/\"]}]},{\"@type\":\"ImageObject\",\"inLanguage\":\"it-IT\",\"@id\":\"https:\/\/leatai.com\/it\/product\/prodotti-regalo-e-di-pelle\/prodotti-in-pelle-e-forniture-per-ufficio\/vera-pelle-portapassaporto-classico\/#primaryimage\",\"url\":\"https:\/\/leatai.com\/wp-content\/uploads\/2016_01_20_1759520.jpg\",\"contentUrl\":\"https:\/\/leatai.com\/wp-content\/uploads\/2016_01_20_1759520.jpg\",\"width\":1000,\"height\":750},{\"@type\":\"BreadcrumbList\",\"@id\":\"https:\/\/leatai.com\/it\/product\/prodotti-regalo-e-di-pelle\/prodotti-in-pelle-e-forniture-per-ufficio\/vera-pelle-portapassaporto-classico\/#breadcrumb\",\"itemListElement\":[{\"@type\":\"ListItem\",\"position\":1,\"name\":\"Home\",\"item\":\"https:\/\/leatai.com\/it\/\"},{\"@type\":\"ListItem\",\"position\":2,\"name\":\"Presentazione dei prodotti\",\"item\":\"https:\/\/leatai.com\/products\/\"},{\"@type\":\"ListItem\",\"position\":3,\"name\":\"Prodotti regalo e di pelle\",\"item\":\"https:\/\/leatai.com\/it\/categoria-prodotto\/prodotti-regalo-e-di-pelle\/\"},{\"@type\":\"ListItem\",\"position\":4,\"name\":\"Vera pelle &#8211; Portapassaporto classico\"}]},{\"@type\":\"WebSite\",\"@id\":\"https:\/\/leatai.com\/it\/#website\",\"url\":\"https:\/\/leatai.com\/it\/\",\"name\":\"Leatai \u2013 Produttore di taccuini personalizzati\",\"description\":\"Leatai fornisce taccuini e planner personalizzati per brand e distributori a livello globale.\",\"publisher\":{\"@id\":\"https:\/\/leatai.com\/it\/#organization\"},\"potentialAction\":[{\"@type\":\"SearchAction\",\"target\":{\"@type\":\"EntryPoint\",\"urlTemplate\":\"https:\/\/leatai.com\/it\/?s={search_term_string}\"},\"query-input\":{\"@type\":\"PropertyValueSpecification\",\"valueRequired\":true,\"valueName\":\"search_term_string\"}}],\"inLanguage\":\"it-IT\"},{\"@type\":\"Organization\",\"@id\":\"https:\/\/leatai.com\/it\/#organization\",\"name\":\"Leatai Diary, customized journal and business organizer\",\"url\":\"https:\/\/leatai.com\/it\/\",\"logo\":{\"@type\":\"ImageObject\",\"inLanguage\":\"it-IT\",\"@id\":\"https:\/\/leatai.com\/it\/#\/schema\/logo\/image\/\",\"url\":\"https:\/\/leatai.com\/wp-content\/uploads\/logo-blue.png\",\"contentUrl\":\"https:\/\/leatai.com\/wp-content\/uploads\/logo-blue.png\",\"width\":230,\"height\":60,\"caption\":\"Leatai Diary, customized journal and business organizer\"},\"image\":{\"@id\":\"https:\/\/leatai.com\/it\/#\/schema\/logo\/image\/\"}}]}<\/script>\n<!-- \/ Yoast SEO plugin. -->","yoast_head_json":{"title":"Vera pelle - Portapassaporto classico - Leatai \u2013 Produttore di taccuini personalizzati","description":"Portapassaporto estremamente pratico, realizzato in pelle bovina di alta qualit\u00e0. Cucito interamente a mano, punto dopo punto, unisce classicit\u00e0 e resistenza. La texture \u00e8 calda e piacevole al tatto, rendendolo un prodotto in vera pelle che merita di essere collezionato.","robots":{"index":"index","follow":"follow","max-snippet":"max-snippet:-1","max-image-preview":"max-image-preview:large","max-video-preview":"max-video-preview:-1"},"canonical":"https:\/\/leatai.com\/it\/product\/prodotti-regalo-e-di-pelle\/prodotti-in-pelle-e-forniture-per-ufficio\/vera-pelle-portapassaporto-classico\/","og_locale":"it_IT","og_type":"article","og_title":"Vera pelle - Portapassaporto classico - Leatai \u2013 Produttore di taccuini personalizzati","og_description":"Portapassaporto estremamente pratico, realizzato in pelle bovina di alta qualit\u00e0. Cucito interamente a mano, punto dopo punto, unisce classicit\u00e0 e resistenza. La texture \u00e8 calda e piacevole al tatto, rendendolo un prodotto in vera pelle che merita di essere collezionato.","og_url":"https:\/\/leatai.com\/it\/product\/prodotti-regalo-e-di-pelle\/prodotti-in-pelle-e-forniture-per-ufficio\/vera-pelle-portapassaporto-classico\/","og_site_name":"Leatai \u2013 Produttore di taccuini personalizzati","article_modified_time":"2025-04-29T07:52:50+00:00","og_image":[{"width":1000,"height":750,"url":"https:\/\/leatai.com\/wp-content\/uploads\/2016_01_20_1759520.jpg","type":"image\/jpeg"}],"twitter_card":"summary_large_image","twitter_misc":{"Tempo di lettura stimato":"1 minuto"},"schema":{"@context":"https:\/\/schema.org","@graph":[{"@type":"WebPage","@id":"https:\/\/leatai.com\/it\/product\/prodotti-regalo-e-di-pelle\/prodotti-in-pelle-e-forniture-per-ufficio\/vera-pelle-portapassaporto-classico\/","url":"https:\/\/leatai.com\/it\/product\/prodotti-regalo-e-di-pelle\/prodotti-in-pelle-e-forniture-per-ufficio\/vera-pelle-portapassaporto-classico\/","name":"Vera pelle - Portapassaporto classico - Leatai \u2013 Produttore di taccuini personalizzati","isPartOf":{"@id":"https:\/\/leatai.com\/it\/#website"},"primaryImageOfPage":{"@id":"https:\/\/leatai.com\/it\/product\/prodotti-regalo-e-di-pelle\/prodotti-in-pelle-e-forniture-per-ufficio\/vera-pelle-portapassaporto-classico\/#primaryimage"},"image":{"@id":"https:\/\/leatai.com\/it\/product\/prodotti-regalo-e-di-pelle\/prodotti-in-pelle-e-forniture-per-ufficio\/vera-pelle-portapassaporto-classico\/#primaryimage"},"thumbnailUrl":"https:\/\/leatai.com\/wp-content\/uploads\/2016_01_20_1759520.jpg","datePublished":"2021-06-24T05:23:08+00:00","dateModified":"2025-04-29T07:52:50+00:00","description":"Portapassaporto estremamente pratico, realizzato in pelle bovina di alta qualit\u00e0. Cucito interamente a mano, punto dopo punto, unisce classicit\u00e0 e resistenza. La texture \u00e8 calda e piacevole al tatto, rendendolo un prodotto in vera pelle che merita di essere collezionato.","breadcrumb":{"@id":"https:\/\/leatai.com\/it\/product\/prodotti-regalo-e-di-pelle\/prodotti-in-pelle-e-forniture-per-ufficio\/vera-pelle-portapassaporto-classico\/#breadcrumb"},"inLanguage":"it-IT","potentialAction":[{"@type":"ReadAction","target":["https:\/\/leatai.com\/it\/product\/prodotti-regalo-e-di-pelle\/prodotti-in-pelle-e-forniture-per-ufficio\/vera-pelle-portapassaporto-classico\/"]}]},{"@type":"ImageObject","inLanguage":"it-IT","@id":"https:\/\/leatai.com\/it\/product\/prodotti-regalo-e-di-pelle\/prodotti-in-pelle-e-forniture-per-ufficio\/vera-pelle-portapassaporto-classico\/#primaryimage","url":"https:\/\/leatai.com\/wp-content\/uploads\/2016_01_20_1759520.jpg","contentUrl":"https:\/\/leatai.com\/wp-content\/uploads\/2016_01_20_1759520.jpg","width":1000,"height":750},{"@type":"BreadcrumbList","@id":"https:\/\/leatai.com\/it\/product\/prodotti-regalo-e-di-pelle\/prodotti-in-pelle-e-forniture-per-ufficio\/vera-pelle-portapassaporto-classico\/#breadcrumb","itemListElement":[{"@type":"ListItem","position":1,"name":"Home","item":"https:\/\/leatai.com\/it\/"},{"@type":"ListItem","position":2,"name":"Presentazione dei prodotti","item":"https:\/\/leatai.com\/products\/"},{"@type":"ListItem","position":3,"name":"Prodotti regalo e di pelle","item":"https:\/\/leatai.com\/it\/categoria-prodotto\/prodotti-regalo-e-di-pelle\/"},{"@type":"ListItem","position":4,"name":"Vera pelle &#8211; Portapassaporto classico"}]},{"@type":"WebSite","@id":"https:\/\/leatai.com\/it\/#website","url":"https:\/\/leatai.com\/it\/","name":"Leatai \u2013 Produttore di taccuini personalizzati","description":"Leatai fornisce taccuini e planner personalizzati per brand e distributori a livello globale.","publisher":{"@id":"https:\/\/leatai.com\/it\/#organization"},"potentialAction":[{"@type":"SearchAction","target":{"@type":"EntryPoint","urlTemplate":"https:\/\/leatai.com\/it\/?s={search_term_string}"},"query-input":{"@type":"PropertyValueSpecification","valueRequired":true,"valueName":"search_term_string"}}],"inLanguage":"it-IT"},{"@type":"Organization","@id":"https:\/\/leatai.com\/it\/#organization","name":"Leatai Diary, customized journal and business organizer","url":"https:\/\/leatai.com\/it\/","logo":{"@type":"ImageObject","inLanguage":"it-IT","@id":"https:\/\/leatai.com\/it\/#\/schema\/logo\/image\/","url":"https:\/\/leatai.com\/wp-content\/uploads\/logo-blue.png","contentUrl":"https:\/\/leatai.com\/wp-content\/uploads\/logo-blue.png","width":230,"height":60,"caption":"Leatai Diary, customized journal and business organizer"},"image":{"@id":"https:\/\/leatai.com\/it\/#\/schema\/logo\/image\/"}}]}},"_links":{"self":[{"href":"https:\/\/leatai.com\/it\/wp-json\/wp\/v2\/product\/195589","targetHints":{"allow":["GET"]}}],"collection":[{"href":"https:\/\/leatai.com\/it\/wp-json\/wp\/v2\/product"}],"about":[{"href":"https:\/\/leatai.com\/it\/wp-json\/wp\/v2\/types\/product"}],"wp:featuredmedia":[{"embeddable":true,"href":"https:\/\/leatai.com\/it\/wp-json\/wp\/v2\/media\/195590"}],"wp:attachment":[{"href":"https:\/\/leatai.com\/it\/wp-json\/wp\/v2\/media?parent=195589"}],"wp:term":[{"taxonomy":"product_brand","embeddable":true,"href":"https:\/\/leatai.com\/it\/wp-json\/wp\/v2\/product_brand?post=195589"},{"taxonomy":"product_cat","embeddable":true,"href":"https:\/\/leatai.com\/it\/wp-json\/wp\/v2\/product_cat?post=195589"},{"taxonomy":"product_tag","embeddable":true,"href":"https:\/\/leatai.com\/it\/wp-json\/wp\/v2\/product_tag?post=195589"},{"taxonomy":"home_works","embeddable":true,"href":"https:\/\/leatai.com\/it\/wp-json\/wp\/v2\/home_works?post=195589"}],"curies":[{"name":"wp","href":"https:\/\/api.w.org\/{rel}","templated":true}]}}