{"id":195548,"date":"2021-06-24T13:23:56","date_gmt":"2021-06-24T05:23:56","guid":{"rendered":"https:\/\/leatai.com\/product\/senza-categoria\/women-make-waves-international-film-festival-x-leatai\/"},"modified":"2025-04-29T15:13:00","modified_gmt":"2025-04-29T07:13:00","slug":"women-make-waves-international-film-festival-x-leatai","status":"publish","type":"product","link":"https:\/\/leatai.com\/it\/product\/collaborazione-intersettoriale\/industria-cinematografica\/women-make-waves-international-film-festival-x-leatai\/","title":{"rendered":"Women Make Waves International Film Festival x Leatai"},"content":{"rendered":"<p>Introduzione del Festival del Cinema Femminile:<br \/>\nBeyond Control \u2013 Il controllo \u00e8 stato una prigione, ma anche una nuova forma di espressione<br \/>\n&#8220;Nulla spaventa Dio e gli uomini pi\u00f9 della perdita del controllo sulle donne.&#8221; \u2013 Mary Daly<br \/>\nQuest\u2019anno il Festival del Cinema Femminile sceglie &#8220;Beyond Control&#8221; come tema principale, per raccontare, attraverso diverse sezioni, come le donne cerchino e comprendano il concetto di controllo.<br \/>\nAttraverso il linguaggio morbido e potente dell\u2019arte, viene espressa una forza spirituale immensa.<br \/>\n&#8220;Me too: Le forme della violenza sessuale&#8221; agisce come uno specchio rivelatore dei movimenti &#8220;Time\u2019s Up&#8221; e &#8220;#MeTooMeToo&#8221;.<\/p>\n<p>Concetto del design del logo:<\/p>\n<ul>\n<li>Bao Dashan &#8211;<br \/>\nMolti non si rendono conto del controllo che subiscono nella vita quotidiana, pensando di voler diventare ci\u00f2 che desiderano, mentre in realt\u00e0 si trasformano in ci\u00f2 che gli altri vogliono che siano.<br \/>\nCredo che il percorso delle ragazze verso il diventare la versione migliore di s\u00e9 stesse sia spesso influenzato dalle aspettative altrui: anche questo \u00e8 una forma di controllo.<br \/>\nEsistere e respirare inconsapevolmente come l\u2019immagine desiderata dagli altri non \u00e8 altro che una forma di prigionia.<br \/>\nAttraverso l\u2019immagine della vagina, si rivendica la libert\u00e0 dal controllo sessuale e dal bisogno di compiacere il prossimo con il proprio corpo, rifiutando l&#8217;illusione effimera e la ricerca di un&#8217;esistenza che necessiti di essere continuamente confermata.<\/li>\n<\/ul>\n","protected":false},"excerpt":{"rendered":"<p>Introduzione del Festival del Cinema Femminile: Beyond Control \u2013 Il controllo \u00e8 stato una prigione, ma anche una nuova forma di espressione &#8220;Nulla spaventa Dio e gli uomini pi\u00f9 della perdita del controllo sulle donne.&#8221; \u2013 Mary Daly Quest\u2019anno il Festival del Cinema Femminile sceglie &#8220;Beyond Control&#8221; come tema principale, per raccontare, attraverso diverse sezioni, [&hellip;]<\/p>\n","protected":false},"featured_media":195549,"template":"","meta":{"_acf_changed":false},"product_brand":[],"product_cat":[1091],"product_tag":[],"home_works":[],"class_list":{"0":"post-195548","1":"product","2":"type-product","3":"status-publish","4":"has-post-thumbnail","6":"product_cat-industria-cinematografica","8":"first","9":"instock","10":"sold-individually","11":"shipping-taxable","12":"purchasable","13":"product-type-simple"},"acf":[],"yoast_head":"<!-- This site is optimized with the Yoast SEO plugin v27.2 - https:\/\/yoast.com\/product\/yoast-seo-wordpress\/ -->\n<title>Women Make Waves International Film Festival x Leatai - \u6210\u70ba\u66f4\u597d\u7684\u81ea\u5df1 - Leatai \u2013 Produttore di taccuini personalizzati<\/title>\n<meta name=\"description\" content=\"Il Festival del Cinema Femminile sceglie &quot;Beyond Control&quot; come tema principale, raccontando attraverso diverse sezioni come le donne cerchino e comprendano il concetto di controllo. Attraverso morbidi mezzi artistici, viene espressa una potente forza spirituale. Beyond Control \u2013 Il controllo \u00e8 stato una prigione, ma anche una nuova forma di espressione.\" \/>\n<meta name=\"robots\" content=\"index, follow, max-snippet:-1, max-image-preview:large, max-video-preview:-1\" \/>\n<link rel=\"canonical\" href=\"https:\/\/leatai.com\/it\/product\/collaborazione-intersettoriale\/industria-cinematografica\/women-make-waves-international-film-festival-x-leatai\/\" \/>\n<meta property=\"og:locale\" content=\"it_IT\" \/>\n<meta property=\"og:type\" content=\"article\" \/>\n<meta property=\"og:title\" content=\"Women Make Waves International Film Festival x Leatai - \u6210\u70ba\u66f4\u597d\u7684\u81ea\u5df1 - Leatai \u2013 Produttore di taccuini personalizzati\" \/>\n<meta property=\"og:description\" content=\"Il Festival del Cinema Femminile sceglie &quot;Beyond Control&quot; come tema principale, raccontando attraverso diverse sezioni come le donne cerchino e comprendano il concetto di controllo. Attraverso morbidi mezzi artistici, viene espressa una potente forza spirituale. Beyond Control \u2013 Il controllo \u00e8 stato una prigione, ma anche una nuova forma di espressione.\" \/>\n<meta property=\"og:url\" content=\"https:\/\/leatai.com\/it\/product\/collaborazione-intersettoriale\/industria-cinematografica\/women-make-waves-international-film-festival-x-leatai\/\" \/>\n<meta property=\"og:site_name\" content=\"Leatai \u2013 Produttore di taccuini personalizzati\" \/>\n<meta property=\"article:modified_time\" content=\"2025-04-29T07:13:00+00:00\" \/>\n<meta property=\"og:image\" content=\"https:\/\/leatai.com\/wp-content\/uploads\/2020_04_25_1743240.jpg\" \/>\n\t<meta property=\"og:image:width\" content=\"1000\" \/>\n\t<meta property=\"og:image:height\" content=\"750\" \/>\n\t<meta property=\"og:image:type\" content=\"image\/jpeg\" \/>\n<meta name=\"twitter:card\" content=\"summary_large_image\" \/>\n<meta name=\"twitter:label1\" content=\"Tempo di lettura stimato\" \/>\n\t<meta name=\"twitter:data1\" content=\"2 minuti\" \/>\n<script type=\"application\/ld+json\" class=\"yoast-schema-graph\">{\"@context\":\"https:\/\/schema.org\",\"@graph\":[{\"@type\":\"WebPage\",\"@id\":\"https:\/\/leatai.com\/it\/product\/collaborazione-intersettoriale\/industria-cinematografica\/women-make-waves-international-film-festival-x-leatai\/\",\"url\":\"https:\/\/leatai.com\/it\/product\/collaborazione-intersettoriale\/industria-cinematografica\/women-make-waves-international-film-festival-x-leatai\/\",\"name\":\"Women Make Waves International Film Festival x Leatai - \u6210\u70ba\u66f4\u597d\u7684\u81ea\u5df1 - Leatai \u2013 Produttore di taccuini personalizzati\",\"isPartOf\":{\"@id\":\"https:\/\/leatai.com\/it\/#website\"},\"primaryImageOfPage\":{\"@id\":\"https:\/\/leatai.com\/it\/product\/collaborazione-intersettoriale\/industria-cinematografica\/women-make-waves-international-film-festival-x-leatai\/#primaryimage\"},\"image\":{\"@id\":\"https:\/\/leatai.com\/it\/product\/collaborazione-intersettoriale\/industria-cinematografica\/women-make-waves-international-film-festival-x-leatai\/#primaryimage\"},\"thumbnailUrl\":\"https:\/\/leatai.com\/wp-content\/uploads\/2020_04_25_1743240.jpg\",\"datePublished\":\"2021-06-24T05:23:56+00:00\",\"dateModified\":\"2025-04-29T07:13:00+00:00\",\"description\":\"Il Festival del Cinema Femminile sceglie \\\"Beyond Control\\\" come tema principale, raccontando attraverso diverse sezioni come le donne cerchino e comprendano il concetto di controllo. Attraverso morbidi mezzi artistici, viene espressa una potente forza spirituale. Beyond Control \u2013 Il controllo \u00e8 stato una prigione, ma anche una nuova forma di espressione.\",\"breadcrumb\":{\"@id\":\"https:\/\/leatai.com\/it\/product\/collaborazione-intersettoriale\/industria-cinematografica\/women-make-waves-international-film-festival-x-leatai\/#breadcrumb\"},\"inLanguage\":\"it-IT\",\"potentialAction\":[{\"@type\":\"ReadAction\",\"target\":[\"https:\/\/leatai.com\/it\/product\/collaborazione-intersettoriale\/industria-cinematografica\/women-make-waves-international-film-festival-x-leatai\/\"]}]},{\"@type\":\"ImageObject\",\"inLanguage\":\"it-IT\",\"@id\":\"https:\/\/leatai.com\/it\/product\/collaborazione-intersettoriale\/industria-cinematografica\/women-make-waves-international-film-festival-x-leatai\/#primaryimage\",\"url\":\"https:\/\/leatai.com\/wp-content\/uploads\/2020_04_25_1743240.jpg\",\"contentUrl\":\"https:\/\/leatai.com\/wp-content\/uploads\/2020_04_25_1743240.jpg\",\"width\":1000,\"height\":750},{\"@type\":\"BreadcrumbList\",\"@id\":\"https:\/\/leatai.com\/it\/product\/collaborazione-intersettoriale\/industria-cinematografica\/women-make-waves-international-film-festival-x-leatai\/#breadcrumb\",\"itemListElement\":[{\"@type\":\"ListItem\",\"position\":1,\"name\":\"Home\",\"item\":\"https:\/\/leatai.com\/it\/\"},{\"@type\":\"ListItem\",\"position\":2,\"name\":\"Presentazione dei prodotti\",\"item\":\"https:\/\/leatai.com\/products\/\"},{\"@type\":\"ListItem\",\"position\":3,\"name\":\"Collaborazione intersettoriale\",\"item\":\"https:\/\/leatai.com\/it\/categoria-prodotto\/collaborazione-intersettoriale\/\"},{\"@type\":\"ListItem\",\"position\":4,\"name\":\"Industria cinematografica\",\"item\":\"https:\/\/leatai.com\/it\/categoria-prodotto\/collaborazione-intersettoriale\/industria-cinematografica\/\"},{\"@type\":\"ListItem\",\"position\":5,\"name\":\"Women Make Waves International Film Festival x Leatai\"}]},{\"@type\":\"WebSite\",\"@id\":\"https:\/\/leatai.com\/it\/#website\",\"url\":\"https:\/\/leatai.com\/it\/\",\"name\":\"Leatai \u2013 Produttore di taccuini personalizzati\",\"description\":\"Leatai fornisce taccuini e planner personalizzati per brand e distributori a livello globale.\",\"publisher\":{\"@id\":\"https:\/\/leatai.com\/it\/#organization\"},\"potentialAction\":[{\"@type\":\"SearchAction\",\"target\":{\"@type\":\"EntryPoint\",\"urlTemplate\":\"https:\/\/leatai.com\/it\/?s={search_term_string}\"},\"query-input\":{\"@type\":\"PropertyValueSpecification\",\"valueRequired\":true,\"valueName\":\"search_term_string\"}}],\"inLanguage\":\"it-IT\"},{\"@type\":\"Organization\",\"@id\":\"https:\/\/leatai.com\/it\/#organization\",\"name\":\"Leatai Diary, customized journal and business organizer\",\"url\":\"https:\/\/leatai.com\/it\/\",\"logo\":{\"@type\":\"ImageObject\",\"inLanguage\":\"it-IT\",\"@id\":\"https:\/\/leatai.com\/it\/#\/schema\/logo\/image\/\",\"url\":\"https:\/\/leatai.com\/wp-content\/uploads\/logo-blue.png\",\"contentUrl\":\"https:\/\/leatai.com\/wp-content\/uploads\/logo-blue.png\",\"width\":230,\"height\":60,\"caption\":\"Leatai Diary, customized journal and business organizer\"},\"image\":{\"@id\":\"https:\/\/leatai.com\/it\/#\/schema\/logo\/image\/\"}}]}<\/script>\n<!-- \/ Yoast SEO plugin. -->","yoast_head_json":{"title":"Women Make Waves International Film Festival x Leatai - \u6210\u70ba\u66f4\u597d\u7684\u81ea\u5df1 - Leatai \u2013 Produttore di taccuini personalizzati","description":"Il Festival del Cinema Femminile sceglie \"Beyond Control\" come tema principale, raccontando attraverso diverse sezioni come le donne cerchino e comprendano il concetto di controllo. Attraverso morbidi mezzi artistici, viene espressa una potente forza spirituale. Beyond Control \u2013 Il controllo \u00e8 stato una prigione, ma anche una nuova forma di espressione.","robots":{"index":"index","follow":"follow","max-snippet":"max-snippet:-1","max-image-preview":"max-image-preview:large","max-video-preview":"max-video-preview:-1"},"canonical":"https:\/\/leatai.com\/it\/product\/collaborazione-intersettoriale\/industria-cinematografica\/women-make-waves-international-film-festival-x-leatai\/","og_locale":"it_IT","og_type":"article","og_title":"Women Make Waves International Film Festival x Leatai - \u6210\u70ba\u66f4\u597d\u7684\u81ea\u5df1 - Leatai \u2013 Produttore di taccuini personalizzati","og_description":"Il Festival del Cinema Femminile sceglie \"Beyond Control\" come tema principale, raccontando attraverso diverse sezioni come le donne cerchino e comprendano il concetto di controllo. Attraverso morbidi mezzi artistici, viene espressa una potente forza spirituale. Beyond Control \u2013 Il controllo \u00e8 stato una prigione, ma anche una nuova forma di espressione.","og_url":"https:\/\/leatai.com\/it\/product\/collaborazione-intersettoriale\/industria-cinematografica\/women-make-waves-international-film-festival-x-leatai\/","og_site_name":"Leatai \u2013 Produttore di taccuini personalizzati","article_modified_time":"2025-04-29T07:13:00+00:00","og_image":[{"width":1000,"height":750,"url":"https:\/\/leatai.com\/wp-content\/uploads\/2020_04_25_1743240.jpg","type":"image\/jpeg"}],"twitter_card":"summary_large_image","twitter_misc":{"Tempo di lettura stimato":"2 minuti"},"schema":{"@context":"https:\/\/schema.org","@graph":[{"@type":"WebPage","@id":"https:\/\/leatai.com\/it\/product\/collaborazione-intersettoriale\/industria-cinematografica\/women-make-waves-international-film-festival-x-leatai\/","url":"https:\/\/leatai.com\/it\/product\/collaborazione-intersettoriale\/industria-cinematografica\/women-make-waves-international-film-festival-x-leatai\/","name":"Women Make Waves International Film Festival x Leatai - \u6210\u70ba\u66f4\u597d\u7684\u81ea\u5df1 - Leatai \u2013 Produttore di taccuini personalizzati","isPartOf":{"@id":"https:\/\/leatai.com\/it\/#website"},"primaryImageOfPage":{"@id":"https:\/\/leatai.com\/it\/product\/collaborazione-intersettoriale\/industria-cinematografica\/women-make-waves-international-film-festival-x-leatai\/#primaryimage"},"image":{"@id":"https:\/\/leatai.com\/it\/product\/collaborazione-intersettoriale\/industria-cinematografica\/women-make-waves-international-film-festival-x-leatai\/#primaryimage"},"thumbnailUrl":"https:\/\/leatai.com\/wp-content\/uploads\/2020_04_25_1743240.jpg","datePublished":"2021-06-24T05:23:56+00:00","dateModified":"2025-04-29T07:13:00+00:00","description":"Il Festival del Cinema Femminile sceglie \"Beyond Control\" come tema principale, raccontando attraverso diverse sezioni come le donne cerchino e comprendano il concetto di controllo. Attraverso morbidi mezzi artistici, viene espressa una potente forza spirituale. Beyond Control \u2013 Il controllo \u00e8 stato una prigione, ma anche una nuova forma di espressione.","breadcrumb":{"@id":"https:\/\/leatai.com\/it\/product\/collaborazione-intersettoriale\/industria-cinematografica\/women-make-waves-international-film-festival-x-leatai\/#breadcrumb"},"inLanguage":"it-IT","potentialAction":[{"@type":"ReadAction","target":["https:\/\/leatai.com\/it\/product\/collaborazione-intersettoriale\/industria-cinematografica\/women-make-waves-international-film-festival-x-leatai\/"]}]},{"@type":"ImageObject","inLanguage":"it-IT","@id":"https:\/\/leatai.com\/it\/product\/collaborazione-intersettoriale\/industria-cinematografica\/women-make-waves-international-film-festival-x-leatai\/#primaryimage","url":"https:\/\/leatai.com\/wp-content\/uploads\/2020_04_25_1743240.jpg","contentUrl":"https:\/\/leatai.com\/wp-content\/uploads\/2020_04_25_1743240.jpg","width":1000,"height":750},{"@type":"BreadcrumbList","@id":"https:\/\/leatai.com\/it\/product\/collaborazione-intersettoriale\/industria-cinematografica\/women-make-waves-international-film-festival-x-leatai\/#breadcrumb","itemListElement":[{"@type":"ListItem","position":1,"name":"Home","item":"https:\/\/leatai.com\/it\/"},{"@type":"ListItem","position":2,"name":"Presentazione dei prodotti","item":"https:\/\/leatai.com\/products\/"},{"@type":"ListItem","position":3,"name":"Collaborazione intersettoriale","item":"https:\/\/leatai.com\/it\/categoria-prodotto\/collaborazione-intersettoriale\/"},{"@type":"ListItem","position":4,"name":"Industria cinematografica","item":"https:\/\/leatai.com\/it\/categoria-prodotto\/collaborazione-intersettoriale\/industria-cinematografica\/"},{"@type":"ListItem","position":5,"name":"Women Make Waves International Film Festival x Leatai"}]},{"@type":"WebSite","@id":"https:\/\/leatai.com\/it\/#website","url":"https:\/\/leatai.com\/it\/","name":"Leatai \u2013 Produttore di taccuini personalizzati","description":"Leatai fornisce taccuini e planner personalizzati per brand e distributori a livello globale.","publisher":{"@id":"https:\/\/leatai.com\/it\/#organization"},"potentialAction":[{"@type":"SearchAction","target":{"@type":"EntryPoint","urlTemplate":"https:\/\/leatai.com\/it\/?s={search_term_string}"},"query-input":{"@type":"PropertyValueSpecification","valueRequired":true,"valueName":"search_term_string"}}],"inLanguage":"it-IT"},{"@type":"Organization","@id":"https:\/\/leatai.com\/it\/#organization","name":"Leatai Diary, customized journal and business organizer","url":"https:\/\/leatai.com\/it\/","logo":{"@type":"ImageObject","inLanguage":"it-IT","@id":"https:\/\/leatai.com\/it\/#\/schema\/logo\/image\/","url":"https:\/\/leatai.com\/wp-content\/uploads\/logo-blue.png","contentUrl":"https:\/\/leatai.com\/wp-content\/uploads\/logo-blue.png","width":230,"height":60,"caption":"Leatai Diary, customized journal and business organizer"},"image":{"@id":"https:\/\/leatai.com\/it\/#\/schema\/logo\/image\/"}}]}},"_links":{"self":[{"href":"https:\/\/leatai.com\/it\/wp-json\/wp\/v2\/product\/195548","targetHints":{"allow":["GET"]}}],"collection":[{"href":"https:\/\/leatai.com\/it\/wp-json\/wp\/v2\/product"}],"about":[{"href":"https:\/\/leatai.com\/it\/wp-json\/wp\/v2\/types\/product"}],"wp:featuredmedia":[{"embeddable":true,"href":"https:\/\/leatai.com\/it\/wp-json\/wp\/v2\/media\/195549"}],"wp:attachment":[{"href":"https:\/\/leatai.com\/it\/wp-json\/wp\/v2\/media?parent=195548"}],"wp:term":[{"taxonomy":"product_brand","embeddable":true,"href":"https:\/\/leatai.com\/it\/wp-json\/wp\/v2\/product_brand?post=195548"},{"taxonomy":"product_cat","embeddable":true,"href":"https:\/\/leatai.com\/it\/wp-json\/wp\/v2\/product_cat?post=195548"},{"taxonomy":"product_tag","embeddable":true,"href":"https:\/\/leatai.com\/it\/wp-json\/wp\/v2\/product_tag?post=195548"},{"taxonomy":"home_works","embeddable":true,"href":"https:\/\/leatai.com\/it\/wp-json\/wp\/v2\/home_works?post=195548"}],"curies":[{"name":"wp","href":"https:\/\/api.w.org\/{rel}","templated":true}]}}