{"id":195452,"date":"2021-06-24T13:17:30","date_gmt":"2021-06-24T05:17:30","guid":{"rendered":"https:\/\/leatai.com\/product\/senza-categoria\/lgp-pianificazione-mensile-in-formato-taccuino-a25k\/"},"modified":"2025-04-29T10:47:34","modified_gmt":"2025-04-29T02:47:34","slug":"lgp-pianificazione-mensile-in-formato-taccuino-a25k","status":"publish","type":"product","link":"https:\/\/leatai.com\/it\/product\/formato-delle-pagine-interne\/pagine-interne-a5\/lgp-pianificazione-mensile-in-formato-taccuino-a25k\/","title":{"rendered":"LGP &#8211; Pianificazione mensile in formato taccuino &#8211; A25K"},"content":{"rendered":"<p>Carta: carta bianca Daolin<br \/>\nFormato: <a href=\"https:\/\/leatai.com\/it\/faq\/quali-sono-le-dimensioni-dei-planner-8k-16k-e-25k-quanto-sono-grandi\/\" target=\"_blank\" rel=\"noopener\">25K (A5)<\/a> <a href=\"https:\/\/leatai.com\/it\/faq\/quali-sono-le-dimensioni-dei-planner-8k-16k-e-25k-quanto-sono-grandi\/\" target=\"_blank\" rel=\"noopener\">(secondo la tabella di riferimento delle dimensioni delle agende aziendali)<\/a><br \/>\nSpessore: 80 libbre (80 fogli, 160 pagine per ogni quaderno)<br \/>\nStampa: bicromatica<br \/>\nContenuto: calendario annuale + pianificazione mensile + pagine di note a righe + sezione informativa<\/p>\n<p>P.1 Elenco delle festivit\u00e0 e dei giorni festivi<br \/>\nP.2~P.3 Calendario annuale<br \/>\nP.4~P.5 Pianificazione annuale<br \/>\nP.6~P.29 Pianificazione mensile (da gennaio a dicembre dell&#8217;anno corrente, due pagine affiancate per ogni mese)<br \/>\nP.30~P.143 Pagine di note a righe<br \/>\nP.144~P.160 Sezione informativa (rubrica, codici postali, codici internazionali delle citt\u00e0, prefissi telefonici delle citt\u00e0 cinesi, tabella di conversione delle unit\u00e0 di misura, tabella dei volumi, numeri di telefono dei servizi utili, elenco delle compagnie aeree internazionali, numeri di assistenza ai trasporti, mappa della metropolitana, mappa delle autostrade, scheda dati personali)<\/p>\n","protected":false},"excerpt":{"rendered":"<p>Carta: carta bianca Daolin Formato: 25K (A5) (secondo la tabella di riferimento delle dimensioni delle agende aziendali) Spessore: 80 libbre (80 fogli, 160 pagine per ogni quaderno) Stampa: bicromatica Contenuto: calendario annuale + pianificazione mensile + pagine di note a righe + sezione informativa P.1 Elenco delle festivit\u00e0 e dei giorni festivi P.2~P.3 Calendario annuale [&hellip;]<\/p>\n","protected":false},"featured_media":195456,"template":"","meta":{"_acf_changed":false},"product_brand":[],"product_cat":[974,1000],"product_tag":[1528,1529,1526],"home_works":[],"class_list":{"0":"post-195452","1":"product","2":"type-product","3":"status-publish","4":"has-post-thumbnail","6":"product_cat-formato-delle-pagine-interne","7":"product_cat-pagine-interne-a5","8":"product_tag-25k-it","9":"product_tag-a5-it","10":"product_tag-pagine-interne-del-diario-commerciale","12":"first","13":"instock","14":"sold-individually","15":"shipping-taxable","16":"purchasable","17":"product-type-simple"},"acf":[],"yoast_head":"<!-- This site is optimized with the Yoast SEO plugin v27.2 - https:\/\/yoast.com\/product\/yoast-seo-wordpress\/ -->\n<title>LGP - Pianificazione mensile in formato taccuino - A25K - Pagine interne del diario commerciale - Leatai \u2013 Produttore di taccuini personalizzati<\/title>\n<meta name=\"description\" content=\"Formato interno del diario aziendale: pianificazione mensile Carta: carta bianca Daolin Formato: 25K (A5) Spessore: 80 libbre (80 fogli, 160 pagine per ogni quaderno) Stampa: bicromatica Contenuto: calendario annuale + pianificazione mensile + pagine di note a righe + sezione informativa Formato interno molto richiesto.\" \/>\n<meta name=\"robots\" content=\"index, follow, max-snippet:-1, max-image-preview:large, max-video-preview:-1\" \/>\n<link rel=\"canonical\" href=\"https:\/\/leatai.com\/it\/product\/formato-delle-pagine-interne\/pagine-interne-a5\/lgp-pianificazione-mensile-in-formato-taccuino-a25k\/\" \/>\n<meta property=\"og:locale\" content=\"it_IT\" \/>\n<meta property=\"og:type\" content=\"article\" \/>\n<meta property=\"og:title\" content=\"LGP - Pianificazione mensile in formato taccuino - A25K - Pagine interne del diario commerciale - Leatai \u2013 Produttore di taccuini personalizzati\" \/>\n<meta property=\"og:description\" content=\"Formato interno del diario aziendale: pianificazione mensile Carta: carta bianca Daolin Formato: 25K (A5) Spessore: 80 libbre (80 fogli, 160 pagine per ogni quaderno) Stampa: bicromatica Contenuto: calendario annuale + pianificazione mensile + pagine di note a righe + sezione informativa Formato interno molto richiesto.\" \/>\n<meta property=\"og:url\" content=\"https:\/\/leatai.com\/it\/product\/formato-delle-pagine-interne\/pagine-interne-a5\/lgp-pianificazione-mensile-in-formato-taccuino-a25k\/\" \/>\n<meta property=\"og:site_name\" content=\"Leatai \u2013 Produttore di taccuini personalizzati\" \/>\n<meta property=\"article:modified_time\" content=\"2025-04-29T02:47:34+00:00\" \/>\n<meta property=\"og:image\" content=\"https:\/\/leatai.com\/wp-content\/uploads\/\u6708\u8a08\u756b-01-1-scaled.jpg\" \/>\n\t<meta property=\"og:image:width\" content=\"2560\" \/>\n\t<meta property=\"og:image:height\" content=\"1776\" \/>\n\t<meta property=\"og:image:type\" content=\"image\/jpeg\" \/>\n<meta name=\"twitter:card\" content=\"summary_large_image\" \/>\n<meta name=\"twitter:label1\" content=\"Tempo di lettura stimato\" \/>\n\t<meta name=\"twitter:data1\" content=\"1 minuto\" \/>\n<script type=\"application\/ld+json\" class=\"yoast-schema-graph\">{\"@context\":\"https:\/\/schema.org\",\"@graph\":[{\"@type\":\"WebPage\",\"@id\":\"https:\/\/leatai.com\/it\/product\/formato-delle-pagine-interne\/pagine-interne-a5\/lgp-pianificazione-mensile-in-formato-taccuino-a25k\/\",\"url\":\"https:\/\/leatai.com\/it\/product\/formato-delle-pagine-interne\/pagine-interne-a5\/lgp-pianificazione-mensile-in-formato-taccuino-a25k\/\",\"name\":\"LGP - Pianificazione mensile in formato taccuino - A25K - Pagine interne del diario commerciale - Leatai \u2013 Produttore di taccuini personalizzati\",\"isPartOf\":{\"@id\":\"https:\/\/leatai.com\/it\/#website\"},\"primaryImageOfPage\":{\"@id\":\"https:\/\/leatai.com\/it\/product\/formato-delle-pagine-interne\/pagine-interne-a5\/lgp-pianificazione-mensile-in-formato-taccuino-a25k\/#primaryimage\"},\"image\":{\"@id\":\"https:\/\/leatai.com\/it\/product\/formato-delle-pagine-interne\/pagine-interne-a5\/lgp-pianificazione-mensile-in-formato-taccuino-a25k\/#primaryimage\"},\"thumbnailUrl\":\"https:\/\/leatai.com\/wp-content\/uploads\/\u6708\u8a08\u756b-01-1-scaled.jpg\",\"datePublished\":\"2021-06-24T05:17:30+00:00\",\"dateModified\":\"2025-04-29T02:47:34+00:00\",\"description\":\"Formato interno del diario aziendale: pianificazione mensile Carta: carta bianca Daolin Formato: 25K (A5) Spessore: 80 libbre (80 fogli, 160 pagine per ogni quaderno) Stampa: bicromatica Contenuto: calendario annuale + pianificazione mensile + pagine di note a righe + sezione informativa Formato interno molto richiesto.\",\"breadcrumb\":{\"@id\":\"https:\/\/leatai.com\/it\/product\/formato-delle-pagine-interne\/pagine-interne-a5\/lgp-pianificazione-mensile-in-formato-taccuino-a25k\/#breadcrumb\"},\"inLanguage\":\"it-IT\",\"potentialAction\":[{\"@type\":\"ReadAction\",\"target\":[\"https:\/\/leatai.com\/it\/product\/formato-delle-pagine-interne\/pagine-interne-a5\/lgp-pianificazione-mensile-in-formato-taccuino-a25k\/\"]}]},{\"@type\":\"ImageObject\",\"inLanguage\":\"it-IT\",\"@id\":\"https:\/\/leatai.com\/it\/product\/formato-delle-pagine-interne\/pagine-interne-a5\/lgp-pianificazione-mensile-in-formato-taccuino-a25k\/#primaryimage\",\"url\":\"https:\/\/leatai.com\/wp-content\/uploads\/\u6708\u8a08\u756b-01-1-scaled.jpg\",\"contentUrl\":\"https:\/\/leatai.com\/wp-content\/uploads\/\u6708\u8a08\u756b-01-1-scaled.jpg\",\"width\":2560,\"height\":1776,\"caption\":\"Pagine interne del diario commerciale\"},{\"@type\":\"BreadcrumbList\",\"@id\":\"https:\/\/leatai.com\/it\/product\/formato-delle-pagine-interne\/pagine-interne-a5\/lgp-pianificazione-mensile-in-formato-taccuino-a25k\/#breadcrumb\",\"itemListElement\":[{\"@type\":\"ListItem\",\"position\":1,\"name\":\"Home\",\"item\":\"https:\/\/leatai.com\/it\/\"},{\"@type\":\"ListItem\",\"position\":2,\"name\":\"Presentazione dei prodotti\",\"item\":\"https:\/\/leatai.com\/products\/\"},{\"@type\":\"ListItem\",\"position\":3,\"name\":\"Formato delle pagine interne\",\"item\":\"https:\/\/leatai.com\/it\/categoria-prodotto\/formato-delle-pagine-interne\/\"},{\"@type\":\"ListItem\",\"position\":4,\"name\":\"Pagine Interne A5\",\"item\":\"https:\/\/leatai.com\/it\/categoria-prodotto\/formato-delle-pagine-interne\/pagine-interne-a5\/\"},{\"@type\":\"ListItem\",\"position\":5,\"name\":\"LGP &#8211; Pianificazione mensile in formato taccuino &#8211; A25K\"}]},{\"@type\":\"WebSite\",\"@id\":\"https:\/\/leatai.com\/it\/#website\",\"url\":\"https:\/\/leatai.com\/it\/\",\"name\":\"Leatai \u2013 Produttore di taccuini personalizzati\",\"description\":\"Leatai fornisce taccuini e planner personalizzati per brand e distributori a livello globale.\",\"publisher\":{\"@id\":\"https:\/\/leatai.com\/it\/#organization\"},\"potentialAction\":[{\"@type\":\"SearchAction\",\"target\":{\"@type\":\"EntryPoint\",\"urlTemplate\":\"https:\/\/leatai.com\/it\/?s={search_term_string}\"},\"query-input\":{\"@type\":\"PropertyValueSpecification\",\"valueRequired\":true,\"valueName\":\"search_term_string\"}}],\"inLanguage\":\"it-IT\"},{\"@type\":\"Organization\",\"@id\":\"https:\/\/leatai.com\/it\/#organization\",\"name\":\"Leatai Diary, customized journal and business organizer\",\"url\":\"https:\/\/leatai.com\/it\/\",\"logo\":{\"@type\":\"ImageObject\",\"inLanguage\":\"it-IT\",\"@id\":\"https:\/\/leatai.com\/it\/#\/schema\/logo\/image\/\",\"url\":\"https:\/\/leatai.com\/wp-content\/uploads\/logo-blue.png\",\"contentUrl\":\"https:\/\/leatai.com\/wp-content\/uploads\/logo-blue.png\",\"width\":230,\"height\":60,\"caption\":\"Leatai Diary, customized journal and business organizer\"},\"image\":{\"@id\":\"https:\/\/leatai.com\/it\/#\/schema\/logo\/image\/\"}}]}<\/script>\n<!-- \/ Yoast SEO plugin. -->","yoast_head_json":{"title":"LGP - Pianificazione mensile in formato taccuino - A25K - Pagine interne del diario commerciale - Leatai \u2013 Produttore di taccuini personalizzati","description":"Formato interno del diario aziendale: pianificazione mensile Carta: carta bianca Daolin Formato: 25K (A5) Spessore: 80 libbre (80 fogli, 160 pagine per ogni quaderno) Stampa: bicromatica Contenuto: calendario annuale + pianificazione mensile + pagine di note a righe + sezione informativa Formato interno molto richiesto.","robots":{"index":"index","follow":"follow","max-snippet":"max-snippet:-1","max-image-preview":"max-image-preview:large","max-video-preview":"max-video-preview:-1"},"canonical":"https:\/\/leatai.com\/it\/product\/formato-delle-pagine-interne\/pagine-interne-a5\/lgp-pianificazione-mensile-in-formato-taccuino-a25k\/","og_locale":"it_IT","og_type":"article","og_title":"LGP - Pianificazione mensile in formato taccuino - A25K - Pagine interne del diario commerciale - Leatai \u2013 Produttore di taccuini personalizzati","og_description":"Formato interno del diario aziendale: pianificazione mensile Carta: carta bianca Daolin Formato: 25K (A5) Spessore: 80 libbre (80 fogli, 160 pagine per ogni quaderno) Stampa: bicromatica Contenuto: calendario annuale + pianificazione mensile + pagine di note a righe + sezione informativa Formato interno molto richiesto.","og_url":"https:\/\/leatai.com\/it\/product\/formato-delle-pagine-interne\/pagine-interne-a5\/lgp-pianificazione-mensile-in-formato-taccuino-a25k\/","og_site_name":"Leatai \u2013 Produttore di taccuini personalizzati","article_modified_time":"2025-04-29T02:47:34+00:00","og_image":[{"width":2560,"height":1776,"url":"https:\/\/leatai.com\/wp-content\/uploads\/\u6708\u8a08\u756b-01-1-scaled.jpg","type":"image\/jpeg"}],"twitter_card":"summary_large_image","twitter_misc":{"Tempo di lettura stimato":"1 minuto"},"schema":{"@context":"https:\/\/schema.org","@graph":[{"@type":"WebPage","@id":"https:\/\/leatai.com\/it\/product\/formato-delle-pagine-interne\/pagine-interne-a5\/lgp-pianificazione-mensile-in-formato-taccuino-a25k\/","url":"https:\/\/leatai.com\/it\/product\/formato-delle-pagine-interne\/pagine-interne-a5\/lgp-pianificazione-mensile-in-formato-taccuino-a25k\/","name":"LGP - Pianificazione mensile in formato taccuino - A25K - Pagine interne del diario commerciale - Leatai \u2013 Produttore di taccuini personalizzati","isPartOf":{"@id":"https:\/\/leatai.com\/it\/#website"},"primaryImageOfPage":{"@id":"https:\/\/leatai.com\/it\/product\/formato-delle-pagine-interne\/pagine-interne-a5\/lgp-pianificazione-mensile-in-formato-taccuino-a25k\/#primaryimage"},"image":{"@id":"https:\/\/leatai.com\/it\/product\/formato-delle-pagine-interne\/pagine-interne-a5\/lgp-pianificazione-mensile-in-formato-taccuino-a25k\/#primaryimage"},"thumbnailUrl":"https:\/\/leatai.com\/wp-content\/uploads\/\u6708\u8a08\u756b-01-1-scaled.jpg","datePublished":"2021-06-24T05:17:30+00:00","dateModified":"2025-04-29T02:47:34+00:00","description":"Formato interno del diario aziendale: pianificazione mensile Carta: carta bianca Daolin Formato: 25K (A5) Spessore: 80 libbre (80 fogli, 160 pagine per ogni quaderno) Stampa: bicromatica Contenuto: calendario annuale + pianificazione mensile + pagine di note a righe + sezione informativa Formato interno molto richiesto.","breadcrumb":{"@id":"https:\/\/leatai.com\/it\/product\/formato-delle-pagine-interne\/pagine-interne-a5\/lgp-pianificazione-mensile-in-formato-taccuino-a25k\/#breadcrumb"},"inLanguage":"it-IT","potentialAction":[{"@type":"ReadAction","target":["https:\/\/leatai.com\/it\/product\/formato-delle-pagine-interne\/pagine-interne-a5\/lgp-pianificazione-mensile-in-formato-taccuino-a25k\/"]}]},{"@type":"ImageObject","inLanguage":"it-IT","@id":"https:\/\/leatai.com\/it\/product\/formato-delle-pagine-interne\/pagine-interne-a5\/lgp-pianificazione-mensile-in-formato-taccuino-a25k\/#primaryimage","url":"https:\/\/leatai.com\/wp-content\/uploads\/\u6708\u8a08\u756b-01-1-scaled.jpg","contentUrl":"https:\/\/leatai.com\/wp-content\/uploads\/\u6708\u8a08\u756b-01-1-scaled.jpg","width":2560,"height":1776,"caption":"Pagine interne del diario commerciale"},{"@type":"BreadcrumbList","@id":"https:\/\/leatai.com\/it\/product\/formato-delle-pagine-interne\/pagine-interne-a5\/lgp-pianificazione-mensile-in-formato-taccuino-a25k\/#breadcrumb","itemListElement":[{"@type":"ListItem","position":1,"name":"Home","item":"https:\/\/leatai.com\/it\/"},{"@type":"ListItem","position":2,"name":"Presentazione dei prodotti","item":"https:\/\/leatai.com\/products\/"},{"@type":"ListItem","position":3,"name":"Formato delle pagine interne","item":"https:\/\/leatai.com\/it\/categoria-prodotto\/formato-delle-pagine-interne\/"},{"@type":"ListItem","position":4,"name":"Pagine Interne A5","item":"https:\/\/leatai.com\/it\/categoria-prodotto\/formato-delle-pagine-interne\/pagine-interne-a5\/"},{"@type":"ListItem","position":5,"name":"LGP &#8211; Pianificazione mensile in formato taccuino &#8211; A25K"}]},{"@type":"WebSite","@id":"https:\/\/leatai.com\/it\/#website","url":"https:\/\/leatai.com\/it\/","name":"Leatai \u2013 Produttore di taccuini personalizzati","description":"Leatai fornisce taccuini e planner personalizzati per brand e distributori a livello globale.","publisher":{"@id":"https:\/\/leatai.com\/it\/#organization"},"potentialAction":[{"@type":"SearchAction","target":{"@type":"EntryPoint","urlTemplate":"https:\/\/leatai.com\/it\/?s={search_term_string}"},"query-input":{"@type":"PropertyValueSpecification","valueRequired":true,"valueName":"search_term_string"}}],"inLanguage":"it-IT"},{"@type":"Organization","@id":"https:\/\/leatai.com\/it\/#organization","name":"Leatai Diary, customized journal and business organizer","url":"https:\/\/leatai.com\/it\/","logo":{"@type":"ImageObject","inLanguage":"it-IT","@id":"https:\/\/leatai.com\/it\/#\/schema\/logo\/image\/","url":"https:\/\/leatai.com\/wp-content\/uploads\/logo-blue.png","contentUrl":"https:\/\/leatai.com\/wp-content\/uploads\/logo-blue.png","width":230,"height":60,"caption":"Leatai Diary, customized journal and business organizer"},"image":{"@id":"https:\/\/leatai.com\/it\/#\/schema\/logo\/image\/"}}]}},"_links":{"self":[{"href":"https:\/\/leatai.com\/it\/wp-json\/wp\/v2\/product\/195452","targetHints":{"allow":["GET"]}}],"collection":[{"href":"https:\/\/leatai.com\/it\/wp-json\/wp\/v2\/product"}],"about":[{"href":"https:\/\/leatai.com\/it\/wp-json\/wp\/v2\/types\/product"}],"wp:featuredmedia":[{"embeddable":true,"href":"https:\/\/leatai.com\/it\/wp-json\/wp\/v2\/media\/195456"}],"wp:attachment":[{"href":"https:\/\/leatai.com\/it\/wp-json\/wp\/v2\/media?parent=195452"}],"wp:term":[{"taxonomy":"product_brand","embeddable":true,"href":"https:\/\/leatai.com\/it\/wp-json\/wp\/v2\/product_brand?post=195452"},{"taxonomy":"product_cat","embeddable":true,"href":"https:\/\/leatai.com\/it\/wp-json\/wp\/v2\/product_cat?post=195452"},{"taxonomy":"product_tag","embeddable":true,"href":"https:\/\/leatai.com\/it\/wp-json\/wp\/v2\/product_tag?post=195452"},{"taxonomy":"home_works","embeddable":true,"href":"https:\/\/leatai.com\/it\/wp-json\/wp\/v2\/home_works?post=195452"}],"curies":[{"name":"wp","href":"https:\/\/api.w.org\/{rel}","templated":true}]}}