{"id":195277,"date":"2021-06-24T13:22:00","date_gmt":"2021-06-24T05:22:00","guid":{"rendered":"https:\/\/leatai.com\/product\/senza-categoria\/servizi-di-lavorazione-conto-terzi-laminazione-di-materiali-in-pelle\/"},"modified":"2025-04-28T15:13:53","modified_gmt":"2025-04-28T07:13:53","slug":"servizi-di-lavorazione-conto-terzi-laminazione-di-materiali-in-pelle","status":"publish","type":"product","link":"https:\/\/leatai.com\/it\/product\/altra-produzione\/servizi-di-lavorazione-conto-terzi-laminazione-di-materiali-in-pelle\/","title":{"rendered":"Servizi di lavorazione conto terzi: Laminazione di materiali in pelle"},"content":{"rendered":"<p>Progetto di lavorazione conto terzi: Laminazione di materiali in pelle<br \/>\nDescrizione: Dopo essere stata tagliata nelle dimensioni appropriate, la pelle viene incollata ad altri materiali per poter procedere alle fasi successive della lavorazione. A seconda dei materiali utilizzati, \u00e8 necessario scegliere tipi di colla differenti. Anche se il processo pu\u00f2 sembrare semplice, in realt\u00e0 richiede molta attenzione ed \u00e8 piuttosto complesso.<\/p>\n<p><iframe title=\"Leather Gluing and Bonding\" width=\"800\" height=\"450\" src=\"https:\/\/www.youtube.com\/embed\/g-Tz9qr5Liw?feature=oembed&#038;enablejsapi=1&#038;origin=https:\/\/leatai.com\" frameborder=\"0\" allow=\"accelerometer; autoplay; clipboard-write; encrypted-media; gyroscope; picture-in-picture; web-share\" referrerpolicy=\"strict-origin-when-cross-origin\" allowfullscreen><\/iframe><\/p>\n","protected":false},"excerpt":{"rendered":"<p>Progetto di lavorazione conto terzi: Laminazione di materiali in pelle Descrizione: Dopo essere stata tagliata nelle dimensioni appropriate, la pelle viene incollata ad altri materiali per poter procedere alle fasi successive della lavorazione. A seconda dei materiali utilizzati, \u00e8 necessario scegliere tipi di colla differenti. Anche se il processo pu\u00f2 sembrare semplice, in realt\u00e0 richiede [&hellip;]<\/p>\n","protected":false},"featured_media":195278,"template":"","meta":{"_acf_changed":false},"product_brand":[],"product_cat":[1156],"product_tag":[],"home_works":[],"class_list":{"0":"post-195277","1":"product","2":"type-product","3":"status-publish","4":"has-post-thumbnail","6":"product_cat-altra-produzione","8":"first","9":"outofstock","10":"sold-individually","11":"shipping-taxable","12":"purchasable","13":"product-type-variable","14":"has-default-attributes"},"acf":[],"yoast_head":"<!-- This site is optimized with the Yoast SEO plugin v27.2 - https:\/\/yoast.com\/product\/yoast-seo-wordpress\/ -->\n<title>Servizi di lavorazione conto terzi: Laminazione di materiali in pelle - Leatai \u2013 Produttore di taccuini personalizzati<\/title>\n<meta name=\"description\" content=\"Progetto di lavorazione conto terzi: Laminazione di materiali in pelle Descrizione: Dopo che la pelle \u00e8 stata tagliata nelle dimensioni appropriate, viene applicata la colla per l\u2019adesione ad altri materiali, rendendola pronta per le successive fasi di lavorazione. Ogni tipo di materiale richiede un tipo specifico di colla. Sebbene il procedimento appaia semplice, \u00e8 in realt\u00e0 un passaggio complesso e molto meticoloso.\" \/>\n<meta name=\"robots\" content=\"index, follow, max-snippet:-1, max-image-preview:large, max-video-preview:-1\" \/>\n<link rel=\"canonical\" href=\"https:\/\/leatai.com\/it\/product\/altra-produzione\/servizi-di-lavorazione-conto-terzi-laminazione-di-materiali-in-pelle\/\" \/>\n<meta property=\"og:locale\" content=\"it_IT\" \/>\n<meta property=\"og:type\" content=\"article\" \/>\n<meta property=\"og:title\" content=\"Servizi di lavorazione conto terzi: Laminazione di materiali in pelle - Leatai \u2013 Produttore di taccuini personalizzati\" \/>\n<meta property=\"og:description\" content=\"Progetto di lavorazione conto terzi: Laminazione di materiali in pelle Descrizione: Dopo che la pelle \u00e8 stata tagliata nelle dimensioni appropriate, viene applicata la colla per l\u2019adesione ad altri materiali, rendendola pronta per le successive fasi di lavorazione. Ogni tipo di materiale richiede un tipo specifico di colla. Sebbene il procedimento appaia semplice, \u00e8 in realt\u00e0 un passaggio complesso e molto meticoloso.\" \/>\n<meta property=\"og:url\" content=\"https:\/\/leatai.com\/it\/product\/altra-produzione\/servizi-di-lavorazione-conto-terzi-laminazione-di-materiali-in-pelle\/\" \/>\n<meta property=\"og:site_name\" content=\"Leatai \u2013 Produttore di taccuini personalizzati\" \/>\n<meta property=\"article:modified_time\" content=\"2025-04-28T07:13:53+00:00\" \/>\n<meta property=\"og:image\" content=\"https:\/\/leatai.com\/wp-content\/uploads\/2016_01_20_1509170.jpg\" \/>\n\t<meta property=\"og:image:width\" content=\"1000\" \/>\n\t<meta property=\"og:image:height\" content=\"750\" \/>\n\t<meta property=\"og:image:type\" content=\"image\/jpeg\" \/>\n<meta name=\"twitter:card\" content=\"summary_large_image\" \/>\n<meta name=\"twitter:label1\" content=\"Tempo di lettura stimato\" \/>\n\t<meta name=\"twitter:data1\" content=\"1 minuto\" \/>\n<script type=\"application\/ld+json\" class=\"yoast-schema-graph\">{\"@context\":\"https:\/\/schema.org\",\"@graph\":[{\"@type\":\"WebPage\",\"@id\":\"https:\/\/leatai.com\/it\/product\/altra-produzione\/servizi-di-lavorazione-conto-terzi-laminazione-di-materiali-in-pelle\/\",\"url\":\"https:\/\/leatai.com\/it\/product\/altra-produzione\/servizi-di-lavorazione-conto-terzi-laminazione-di-materiali-in-pelle\/\",\"name\":\"Servizi di lavorazione conto terzi: Laminazione di materiali in pelle - Leatai \u2013 Produttore di taccuini personalizzati\",\"isPartOf\":{\"@id\":\"https:\/\/leatai.com\/it\/#website\"},\"primaryImageOfPage\":{\"@id\":\"https:\/\/leatai.com\/it\/product\/altra-produzione\/servizi-di-lavorazione-conto-terzi-laminazione-di-materiali-in-pelle\/#primaryimage\"},\"image\":{\"@id\":\"https:\/\/leatai.com\/it\/product\/altra-produzione\/servizi-di-lavorazione-conto-terzi-laminazione-di-materiali-in-pelle\/#primaryimage\"},\"thumbnailUrl\":\"https:\/\/leatai.com\/wp-content\/uploads\/2016_01_20_1509170.jpg\",\"datePublished\":\"2021-06-24T05:22:00+00:00\",\"dateModified\":\"2025-04-28T07:13:53+00:00\",\"description\":\"Progetto di lavorazione conto terzi: Laminazione di materiali in pelle Descrizione: Dopo che la pelle \u00e8 stata tagliata nelle dimensioni appropriate, viene applicata la colla per l\u2019adesione ad altri materiali, rendendola pronta per le successive fasi di lavorazione. Ogni tipo di materiale richiede un tipo specifico di colla. Sebbene il procedimento appaia semplice, \u00e8 in realt\u00e0 un passaggio complesso e molto meticoloso.\",\"breadcrumb\":{\"@id\":\"https:\/\/leatai.com\/it\/product\/altra-produzione\/servizi-di-lavorazione-conto-terzi-laminazione-di-materiali-in-pelle\/#breadcrumb\"},\"inLanguage\":\"it-IT\",\"potentialAction\":[{\"@type\":\"ReadAction\",\"target\":[\"https:\/\/leatai.com\/it\/product\/altra-produzione\/servizi-di-lavorazione-conto-terzi-laminazione-di-materiali-in-pelle\/\"]}]},{\"@type\":\"ImageObject\",\"inLanguage\":\"it-IT\",\"@id\":\"https:\/\/leatai.com\/it\/product\/altra-produzione\/servizi-di-lavorazione-conto-terzi-laminazione-di-materiali-in-pelle\/#primaryimage\",\"url\":\"https:\/\/leatai.com\/wp-content\/uploads\/2016_01_20_1509170.jpg\",\"contentUrl\":\"https:\/\/leatai.com\/wp-content\/uploads\/2016_01_20_1509170.jpg\",\"width\":1000,\"height\":750,\"caption\":\"Servizi di lavorazione conto terzi: Laminazione di materiali in pelle\"},{\"@type\":\"BreadcrumbList\",\"@id\":\"https:\/\/leatai.com\/it\/product\/altra-produzione\/servizi-di-lavorazione-conto-terzi-laminazione-di-materiali-in-pelle\/#breadcrumb\",\"itemListElement\":[{\"@type\":\"ListItem\",\"position\":1,\"name\":\"Home\",\"item\":\"https:\/\/leatai.com\/it\/\"},{\"@type\":\"ListItem\",\"position\":2,\"name\":\"Presentazione dei prodotti\",\"item\":\"https:\/\/leatai.com\/products\/\"},{\"@type\":\"ListItem\",\"position\":3,\"name\":\"Altra produzione\",\"item\":\"https:\/\/leatai.com\/it\/categoria-prodotto\/altra-produzione\/\"},{\"@type\":\"ListItem\",\"position\":4,\"name\":\"Servizi di lavorazione conto terzi: Laminazione di materiali in pelle\"}]},{\"@type\":\"WebSite\",\"@id\":\"https:\/\/leatai.com\/it\/#website\",\"url\":\"https:\/\/leatai.com\/it\/\",\"name\":\"Leatai \u2013 Produttore di taccuini personalizzati\",\"description\":\"Leatai fornisce taccuini e planner personalizzati per brand e distributori a livello globale.\",\"publisher\":{\"@id\":\"https:\/\/leatai.com\/it\/#organization\"},\"potentialAction\":[{\"@type\":\"SearchAction\",\"target\":{\"@type\":\"EntryPoint\",\"urlTemplate\":\"https:\/\/leatai.com\/it\/?s={search_term_string}\"},\"query-input\":{\"@type\":\"PropertyValueSpecification\",\"valueRequired\":true,\"valueName\":\"search_term_string\"}}],\"inLanguage\":\"it-IT\"},{\"@type\":\"Organization\",\"@id\":\"https:\/\/leatai.com\/it\/#organization\",\"name\":\"Leatai Diary, customized journal and business organizer\",\"url\":\"https:\/\/leatai.com\/it\/\",\"logo\":{\"@type\":\"ImageObject\",\"inLanguage\":\"it-IT\",\"@id\":\"https:\/\/leatai.com\/it\/#\/schema\/logo\/image\/\",\"url\":\"https:\/\/leatai.com\/wp-content\/uploads\/logo-blue.png\",\"contentUrl\":\"https:\/\/leatai.com\/wp-content\/uploads\/logo-blue.png\",\"width\":230,\"height\":60,\"caption\":\"Leatai Diary, customized journal and business organizer\"},\"image\":{\"@id\":\"https:\/\/leatai.com\/it\/#\/schema\/logo\/image\/\"}}]}<\/script>\n<!-- \/ Yoast SEO plugin. -->","yoast_head_json":{"title":"Servizi di lavorazione conto terzi: Laminazione di materiali in pelle - Leatai \u2013 Produttore di taccuini personalizzati","description":"Progetto di lavorazione conto terzi: Laminazione di materiali in pelle Descrizione: Dopo che la pelle \u00e8 stata tagliata nelle dimensioni appropriate, viene applicata la colla per l\u2019adesione ad altri materiali, rendendola pronta per le successive fasi di lavorazione. Ogni tipo di materiale richiede un tipo specifico di colla. Sebbene il procedimento appaia semplice, \u00e8 in realt\u00e0 un passaggio complesso e molto meticoloso.","robots":{"index":"index","follow":"follow","max-snippet":"max-snippet:-1","max-image-preview":"max-image-preview:large","max-video-preview":"max-video-preview:-1"},"canonical":"https:\/\/leatai.com\/it\/product\/altra-produzione\/servizi-di-lavorazione-conto-terzi-laminazione-di-materiali-in-pelle\/","og_locale":"it_IT","og_type":"article","og_title":"Servizi di lavorazione conto terzi: Laminazione di materiali in pelle - Leatai \u2013 Produttore di taccuini personalizzati","og_description":"Progetto di lavorazione conto terzi: Laminazione di materiali in pelle Descrizione: Dopo che la pelle \u00e8 stata tagliata nelle dimensioni appropriate, viene applicata la colla per l\u2019adesione ad altri materiali, rendendola pronta per le successive fasi di lavorazione. Ogni tipo di materiale richiede un tipo specifico di colla. Sebbene il procedimento appaia semplice, \u00e8 in realt\u00e0 un passaggio complesso e molto meticoloso.","og_url":"https:\/\/leatai.com\/it\/product\/altra-produzione\/servizi-di-lavorazione-conto-terzi-laminazione-di-materiali-in-pelle\/","og_site_name":"Leatai \u2013 Produttore di taccuini personalizzati","article_modified_time":"2025-04-28T07:13:53+00:00","og_image":[{"width":1000,"height":750,"url":"https:\/\/leatai.com\/wp-content\/uploads\/2016_01_20_1509170.jpg","type":"image\/jpeg"}],"twitter_card":"summary_large_image","twitter_misc":{"Tempo di lettura stimato":"1 minuto"},"schema":{"@context":"https:\/\/schema.org","@graph":[{"@type":"WebPage","@id":"https:\/\/leatai.com\/it\/product\/altra-produzione\/servizi-di-lavorazione-conto-terzi-laminazione-di-materiali-in-pelle\/","url":"https:\/\/leatai.com\/it\/product\/altra-produzione\/servizi-di-lavorazione-conto-terzi-laminazione-di-materiali-in-pelle\/","name":"Servizi di lavorazione conto terzi: Laminazione di materiali in pelle - Leatai \u2013 Produttore di taccuini personalizzati","isPartOf":{"@id":"https:\/\/leatai.com\/it\/#website"},"primaryImageOfPage":{"@id":"https:\/\/leatai.com\/it\/product\/altra-produzione\/servizi-di-lavorazione-conto-terzi-laminazione-di-materiali-in-pelle\/#primaryimage"},"image":{"@id":"https:\/\/leatai.com\/it\/product\/altra-produzione\/servizi-di-lavorazione-conto-terzi-laminazione-di-materiali-in-pelle\/#primaryimage"},"thumbnailUrl":"https:\/\/leatai.com\/wp-content\/uploads\/2016_01_20_1509170.jpg","datePublished":"2021-06-24T05:22:00+00:00","dateModified":"2025-04-28T07:13:53+00:00","description":"Progetto di lavorazione conto terzi: Laminazione di materiali in pelle Descrizione: Dopo che la pelle \u00e8 stata tagliata nelle dimensioni appropriate, viene applicata la colla per l\u2019adesione ad altri materiali, rendendola pronta per le successive fasi di lavorazione. Ogni tipo di materiale richiede un tipo specifico di colla. Sebbene il procedimento appaia semplice, \u00e8 in realt\u00e0 un passaggio complesso e molto meticoloso.","breadcrumb":{"@id":"https:\/\/leatai.com\/it\/product\/altra-produzione\/servizi-di-lavorazione-conto-terzi-laminazione-di-materiali-in-pelle\/#breadcrumb"},"inLanguage":"it-IT","potentialAction":[{"@type":"ReadAction","target":["https:\/\/leatai.com\/it\/product\/altra-produzione\/servizi-di-lavorazione-conto-terzi-laminazione-di-materiali-in-pelle\/"]}]},{"@type":"ImageObject","inLanguage":"it-IT","@id":"https:\/\/leatai.com\/it\/product\/altra-produzione\/servizi-di-lavorazione-conto-terzi-laminazione-di-materiali-in-pelle\/#primaryimage","url":"https:\/\/leatai.com\/wp-content\/uploads\/2016_01_20_1509170.jpg","contentUrl":"https:\/\/leatai.com\/wp-content\/uploads\/2016_01_20_1509170.jpg","width":1000,"height":750,"caption":"Servizi di lavorazione conto terzi: Laminazione di materiali in pelle"},{"@type":"BreadcrumbList","@id":"https:\/\/leatai.com\/it\/product\/altra-produzione\/servizi-di-lavorazione-conto-terzi-laminazione-di-materiali-in-pelle\/#breadcrumb","itemListElement":[{"@type":"ListItem","position":1,"name":"Home","item":"https:\/\/leatai.com\/it\/"},{"@type":"ListItem","position":2,"name":"Presentazione dei prodotti","item":"https:\/\/leatai.com\/products\/"},{"@type":"ListItem","position":3,"name":"Altra produzione","item":"https:\/\/leatai.com\/it\/categoria-prodotto\/altra-produzione\/"},{"@type":"ListItem","position":4,"name":"Servizi di lavorazione conto terzi: Laminazione di materiali in pelle"}]},{"@type":"WebSite","@id":"https:\/\/leatai.com\/it\/#website","url":"https:\/\/leatai.com\/it\/","name":"Leatai \u2013 Produttore di taccuini personalizzati","description":"Leatai fornisce taccuini e planner personalizzati per brand e distributori a livello globale.","publisher":{"@id":"https:\/\/leatai.com\/it\/#organization"},"potentialAction":[{"@type":"SearchAction","target":{"@type":"EntryPoint","urlTemplate":"https:\/\/leatai.com\/it\/?s={search_term_string}"},"query-input":{"@type":"PropertyValueSpecification","valueRequired":true,"valueName":"search_term_string"}}],"inLanguage":"it-IT"},{"@type":"Organization","@id":"https:\/\/leatai.com\/it\/#organization","name":"Leatai Diary, customized journal and business organizer","url":"https:\/\/leatai.com\/it\/","logo":{"@type":"ImageObject","inLanguage":"it-IT","@id":"https:\/\/leatai.com\/it\/#\/schema\/logo\/image\/","url":"https:\/\/leatai.com\/wp-content\/uploads\/logo-blue.png","contentUrl":"https:\/\/leatai.com\/wp-content\/uploads\/logo-blue.png","width":230,"height":60,"caption":"Leatai Diary, customized journal and business organizer"},"image":{"@id":"https:\/\/leatai.com\/it\/#\/schema\/logo\/image\/"}}]}},"_links":{"self":[{"href":"https:\/\/leatai.com\/it\/wp-json\/wp\/v2\/product\/195277","targetHints":{"allow":["GET"]}}],"collection":[{"href":"https:\/\/leatai.com\/it\/wp-json\/wp\/v2\/product"}],"about":[{"href":"https:\/\/leatai.com\/it\/wp-json\/wp\/v2\/types\/product"}],"wp:featuredmedia":[{"embeddable":true,"href":"https:\/\/leatai.com\/it\/wp-json\/wp\/v2\/media\/195278"}],"wp:attachment":[{"href":"https:\/\/leatai.com\/it\/wp-json\/wp\/v2\/media?parent=195277"}],"wp:term":[{"taxonomy":"product_brand","embeddable":true,"href":"https:\/\/leatai.com\/it\/wp-json\/wp\/v2\/product_brand?post=195277"},{"taxonomy":"product_cat","embeddable":true,"href":"https:\/\/leatai.com\/it\/wp-json\/wp\/v2\/product_cat?post=195277"},{"taxonomy":"product_tag","embeddable":true,"href":"https:\/\/leatai.com\/it\/wp-json\/wp\/v2\/product_tag?post=195277"},{"taxonomy":"home_works","embeddable":true,"href":"https:\/\/leatai.com\/it\/wp-json\/wp\/v2\/home_works?post=195277"}],"curies":[{"name":"wp","href":"https:\/\/api.w.org\/{rel}","templated":true}]}}