{"id":195259,"date":"2021-06-24T13:22:00","date_gmt":"2021-06-24T05:22:00","guid":{"rendered":"https:\/\/leatai.com\/product\/senza-categoria\/servizi-di-lavorazione-conto-terzi-verniciatura-dei-bordi-oil-edge\/"},"modified":"2025-04-28T15:10:46","modified_gmt":"2025-04-28T07:10:46","slug":"servizi-di-lavorazione-conto-terzi-verniciatura-dei-bordi-oil-edge","status":"publish","type":"product","link":"https:\/\/leatai.com\/it\/product\/altra-produzione\/servizi-di-lavorazione-conto-terzi-verniciatura-dei-bordi-oil-edge\/","title":{"rendered":"Servizi di lavorazione conto terzi: Verniciatura dei bordi (Oil Edge)"},"content":{"rendered":"<p>Progetto di lavorazione conto terzi: Verniciatura dei bordi (Oil Edge)<br \/>\nDescrizione: Nel processo di produzione degli articoli in pelle, la verniciatura dei bordi \u00e8 una fase che mette a dura prova l\u2019abilit\u00e0 artigianale. A causa della complessit\u00e0 delle sagome, questa lavorazione pu\u00f2 essere eseguita quasi esclusivamente a mano. Nell\u2019era moderna, in cui la tecnologia \u00e8 onnipresente, la conservazione di questa tecnica artigianale \u00e8 diventata ancora pi\u00f9 preziosa.<\/p>\n","protected":false},"excerpt":{"rendered":"<p>Servizi di lavorazione conto terzi: Verniciatura dei bordi (Oil Edge)<\/p>\n","protected":false},"featured_media":195260,"template":"","meta":{"_acf_changed":false},"product_brand":[],"product_cat":[1156],"product_tag":[],"home_works":[],"class_list":{"0":"post-195259","1":"product","2":"type-product","3":"status-publish","4":"has-post-thumbnail","6":"product_cat-altra-produzione","8":"first","9":"outofstock","10":"sold-individually","11":"shipping-taxable","12":"purchasable","13":"product-type-variable","14":"has-default-attributes"},"acf":[],"yoast_head":"<!-- This site is optimized with the Yoast SEO plugin v27.2 - https:\/\/yoast.com\/product\/yoast-seo-wordpress\/ -->\n<title>Servizi di lavorazione conto terzi: Verniciatura dei bordi (Oil Edge) - Una preziosa tecnica realizzata completamente a mano. - Leatai \u2013 Produttore di taccuini personalizzati<\/title>\n<meta name=\"description\" content=\"Progetto di lavorazione conto terzi: Verniciatura dei bordi (Oil Edge) Descrizione: Nel processo di produzione degli articoli in pelle, la verniciatura dei bordi rappresenta una fase che richiede un&#039;eccellente abilit\u00e0 manuale. A causa delle particolari forme dei modelli, questa lavorazione viene eseguita quasi esclusivamente a mano. Nell&#039;epoca attuale, caratterizzata da un rapido sviluppo tecnologico, la conservazione di questa tecnica artigianale \u00e8 ancora pi\u00f9 preziosa.\" \/>\n<meta name=\"robots\" content=\"index, follow, max-snippet:-1, max-image-preview:large, max-video-preview:-1\" \/>\n<link rel=\"canonical\" href=\"https:\/\/leatai.com\/it\/product\/altra-produzione\/servizi-di-lavorazione-conto-terzi-verniciatura-dei-bordi-oil-edge\/\" \/>\n<meta property=\"og:locale\" content=\"it_IT\" \/>\n<meta property=\"og:type\" content=\"article\" \/>\n<meta property=\"og:title\" content=\"Servizi di lavorazione conto terzi: Verniciatura dei bordi (Oil Edge) - Una preziosa tecnica realizzata completamente a mano. - Leatai \u2013 Produttore di taccuini personalizzati\" \/>\n<meta property=\"og:description\" content=\"Progetto di lavorazione conto terzi: Verniciatura dei bordi (Oil Edge) Descrizione: Nel processo di produzione degli articoli in pelle, la verniciatura dei bordi rappresenta una fase che richiede un&#039;eccellente abilit\u00e0 manuale. A causa delle particolari forme dei modelli, questa lavorazione viene eseguita quasi esclusivamente a mano. Nell&#039;epoca attuale, caratterizzata da un rapido sviluppo tecnologico, la conservazione di questa tecnica artigianale \u00e8 ancora pi\u00f9 preziosa.\" \/>\n<meta property=\"og:url\" content=\"https:\/\/leatai.com\/it\/product\/altra-produzione\/servizi-di-lavorazione-conto-terzi-verniciatura-dei-bordi-oil-edge\/\" \/>\n<meta property=\"og:site_name\" content=\"Leatai \u2013 Produttore di taccuini personalizzati\" \/>\n<meta property=\"article:modified_time\" content=\"2025-04-28T07:10:46+00:00\" \/>\n<meta property=\"og:image\" content=\"https:\/\/leatai.com\/wp-content\/uploads\/2016_01_20_1510510.jpg\" \/>\n\t<meta property=\"og:image:width\" content=\"1000\" \/>\n\t<meta property=\"og:image:height\" content=\"750\" \/>\n\t<meta property=\"og:image:type\" content=\"image\/jpeg\" \/>\n<meta name=\"twitter:card\" content=\"summary_large_image\" \/>\n<meta name=\"twitter:label1\" content=\"Tempo di lettura stimato\" \/>\n\t<meta name=\"twitter:data1\" content=\"1 minuto\" \/>\n<script type=\"application\/ld+json\" class=\"yoast-schema-graph\">{\"@context\":\"https:\/\/schema.org\",\"@graph\":[{\"@type\":\"WebPage\",\"@id\":\"https:\/\/leatai.com\/it\/product\/altra-produzione\/servizi-di-lavorazione-conto-terzi-verniciatura-dei-bordi-oil-edge\/\",\"url\":\"https:\/\/leatai.com\/it\/product\/altra-produzione\/servizi-di-lavorazione-conto-terzi-verniciatura-dei-bordi-oil-edge\/\",\"name\":\"Servizi di lavorazione conto terzi: Verniciatura dei bordi (Oil Edge) - Una preziosa tecnica realizzata completamente a mano. - Leatai \u2013 Produttore di taccuini personalizzati\",\"isPartOf\":{\"@id\":\"https:\/\/leatai.com\/it\/#website\"},\"primaryImageOfPage\":{\"@id\":\"https:\/\/leatai.com\/it\/product\/altra-produzione\/servizi-di-lavorazione-conto-terzi-verniciatura-dei-bordi-oil-edge\/#primaryimage\"},\"image\":{\"@id\":\"https:\/\/leatai.com\/it\/product\/altra-produzione\/servizi-di-lavorazione-conto-terzi-verniciatura-dei-bordi-oil-edge\/#primaryimage\"},\"thumbnailUrl\":\"https:\/\/leatai.com\/wp-content\/uploads\/2016_01_20_1510510.jpg\",\"datePublished\":\"2021-06-24T05:22:00+00:00\",\"dateModified\":\"2025-04-28T07:10:46+00:00\",\"description\":\"Progetto di lavorazione conto terzi: Verniciatura dei bordi (Oil Edge) Descrizione: Nel processo di produzione degli articoli in pelle, la verniciatura dei bordi rappresenta una fase che richiede un'eccellente abilit\u00e0 manuale. A causa delle particolari forme dei modelli, questa lavorazione viene eseguita quasi esclusivamente a mano. Nell'epoca attuale, caratterizzata da un rapido sviluppo tecnologico, la conservazione di questa tecnica artigianale \u00e8 ancora pi\u00f9 preziosa.\",\"breadcrumb\":{\"@id\":\"https:\/\/leatai.com\/it\/product\/altra-produzione\/servizi-di-lavorazione-conto-terzi-verniciatura-dei-bordi-oil-edge\/#breadcrumb\"},\"inLanguage\":\"it-IT\",\"potentialAction\":[{\"@type\":\"ReadAction\",\"target\":[\"https:\/\/leatai.com\/it\/product\/altra-produzione\/servizi-di-lavorazione-conto-terzi-verniciatura-dei-bordi-oil-edge\/\"]}]},{\"@type\":\"ImageObject\",\"inLanguage\":\"it-IT\",\"@id\":\"https:\/\/leatai.com\/it\/product\/altra-produzione\/servizi-di-lavorazione-conto-terzi-verniciatura-dei-bordi-oil-edge\/#primaryimage\",\"url\":\"https:\/\/leatai.com\/wp-content\/uploads\/2016_01_20_1510510.jpg\",\"contentUrl\":\"https:\/\/leatai.com\/wp-content\/uploads\/2016_01_20_1510510.jpg\",\"width\":1000,\"height\":750,\"caption\":\"Servizi di lavorazione conto terzi: Verniciatura dei bordi (Oil Edge)\"},{\"@type\":\"BreadcrumbList\",\"@id\":\"https:\/\/leatai.com\/it\/product\/altra-produzione\/servizi-di-lavorazione-conto-terzi-verniciatura-dei-bordi-oil-edge\/#breadcrumb\",\"itemListElement\":[{\"@type\":\"ListItem\",\"position\":1,\"name\":\"Home\",\"item\":\"https:\/\/leatai.com\/it\/\"},{\"@type\":\"ListItem\",\"position\":2,\"name\":\"Presentazione dei prodotti\",\"item\":\"https:\/\/leatai.com\/products\/\"},{\"@type\":\"ListItem\",\"position\":3,\"name\":\"Altra produzione\",\"item\":\"https:\/\/leatai.com\/it\/categoria-prodotto\/altra-produzione\/\"},{\"@type\":\"ListItem\",\"position\":4,\"name\":\"Servizi di lavorazione conto terzi: Verniciatura dei bordi (Oil Edge)\"}]},{\"@type\":\"WebSite\",\"@id\":\"https:\/\/leatai.com\/it\/#website\",\"url\":\"https:\/\/leatai.com\/it\/\",\"name\":\"Leatai \u2013 Produttore di taccuini personalizzati\",\"description\":\"Leatai fornisce taccuini e planner personalizzati per brand e distributori a livello globale.\",\"publisher\":{\"@id\":\"https:\/\/leatai.com\/it\/#organization\"},\"potentialAction\":[{\"@type\":\"SearchAction\",\"target\":{\"@type\":\"EntryPoint\",\"urlTemplate\":\"https:\/\/leatai.com\/it\/?s={search_term_string}\"},\"query-input\":{\"@type\":\"PropertyValueSpecification\",\"valueRequired\":true,\"valueName\":\"search_term_string\"}}],\"inLanguage\":\"it-IT\"},{\"@type\":\"Organization\",\"@id\":\"https:\/\/leatai.com\/it\/#organization\",\"name\":\"Leatai Diary, customized journal and business organizer\",\"url\":\"https:\/\/leatai.com\/it\/\",\"logo\":{\"@type\":\"ImageObject\",\"inLanguage\":\"it-IT\",\"@id\":\"https:\/\/leatai.com\/it\/#\/schema\/logo\/image\/\",\"url\":\"https:\/\/leatai.com\/wp-content\/uploads\/logo-blue.png\",\"contentUrl\":\"https:\/\/leatai.com\/wp-content\/uploads\/logo-blue.png\",\"width\":230,\"height\":60,\"caption\":\"Leatai Diary, customized journal and business organizer\"},\"image\":{\"@id\":\"https:\/\/leatai.com\/it\/#\/schema\/logo\/image\/\"}}]}<\/script>\n<!-- \/ Yoast SEO plugin. -->","yoast_head_json":{"title":"Servizi di lavorazione conto terzi: Verniciatura dei bordi (Oil Edge) - Una preziosa tecnica realizzata completamente a mano. - Leatai \u2013 Produttore di taccuini personalizzati","description":"Progetto di lavorazione conto terzi: Verniciatura dei bordi (Oil Edge) Descrizione: Nel processo di produzione degli articoli in pelle, la verniciatura dei bordi rappresenta una fase che richiede un'eccellente abilit\u00e0 manuale. A causa delle particolari forme dei modelli, questa lavorazione viene eseguita quasi esclusivamente a mano. Nell'epoca attuale, caratterizzata da un rapido sviluppo tecnologico, la conservazione di questa tecnica artigianale \u00e8 ancora pi\u00f9 preziosa.","robots":{"index":"index","follow":"follow","max-snippet":"max-snippet:-1","max-image-preview":"max-image-preview:large","max-video-preview":"max-video-preview:-1"},"canonical":"https:\/\/leatai.com\/it\/product\/altra-produzione\/servizi-di-lavorazione-conto-terzi-verniciatura-dei-bordi-oil-edge\/","og_locale":"it_IT","og_type":"article","og_title":"Servizi di lavorazione conto terzi: Verniciatura dei bordi (Oil Edge) - Una preziosa tecnica realizzata completamente a mano. - Leatai \u2013 Produttore di taccuini personalizzati","og_description":"Progetto di lavorazione conto terzi: Verniciatura dei bordi (Oil Edge) Descrizione: Nel processo di produzione degli articoli in pelle, la verniciatura dei bordi rappresenta una fase che richiede un'eccellente abilit\u00e0 manuale. A causa delle particolari forme dei modelli, questa lavorazione viene eseguita quasi esclusivamente a mano. Nell'epoca attuale, caratterizzata da un rapido sviluppo tecnologico, la conservazione di questa tecnica artigianale \u00e8 ancora pi\u00f9 preziosa.","og_url":"https:\/\/leatai.com\/it\/product\/altra-produzione\/servizi-di-lavorazione-conto-terzi-verniciatura-dei-bordi-oil-edge\/","og_site_name":"Leatai \u2013 Produttore di taccuini personalizzati","article_modified_time":"2025-04-28T07:10:46+00:00","og_image":[{"width":1000,"height":750,"url":"https:\/\/leatai.com\/wp-content\/uploads\/2016_01_20_1510510.jpg","type":"image\/jpeg"}],"twitter_card":"summary_large_image","twitter_misc":{"Tempo di lettura stimato":"1 minuto"},"schema":{"@context":"https:\/\/schema.org","@graph":[{"@type":"WebPage","@id":"https:\/\/leatai.com\/it\/product\/altra-produzione\/servizi-di-lavorazione-conto-terzi-verniciatura-dei-bordi-oil-edge\/","url":"https:\/\/leatai.com\/it\/product\/altra-produzione\/servizi-di-lavorazione-conto-terzi-verniciatura-dei-bordi-oil-edge\/","name":"Servizi di lavorazione conto terzi: Verniciatura dei bordi (Oil Edge) - Una preziosa tecnica realizzata completamente a mano. - Leatai \u2013 Produttore di taccuini personalizzati","isPartOf":{"@id":"https:\/\/leatai.com\/it\/#website"},"primaryImageOfPage":{"@id":"https:\/\/leatai.com\/it\/product\/altra-produzione\/servizi-di-lavorazione-conto-terzi-verniciatura-dei-bordi-oil-edge\/#primaryimage"},"image":{"@id":"https:\/\/leatai.com\/it\/product\/altra-produzione\/servizi-di-lavorazione-conto-terzi-verniciatura-dei-bordi-oil-edge\/#primaryimage"},"thumbnailUrl":"https:\/\/leatai.com\/wp-content\/uploads\/2016_01_20_1510510.jpg","datePublished":"2021-06-24T05:22:00+00:00","dateModified":"2025-04-28T07:10:46+00:00","description":"Progetto di lavorazione conto terzi: Verniciatura dei bordi (Oil Edge) Descrizione: Nel processo di produzione degli articoli in pelle, la verniciatura dei bordi rappresenta una fase che richiede un'eccellente abilit\u00e0 manuale. A causa delle particolari forme dei modelli, questa lavorazione viene eseguita quasi esclusivamente a mano. Nell'epoca attuale, caratterizzata da un rapido sviluppo tecnologico, la conservazione di questa tecnica artigianale \u00e8 ancora pi\u00f9 preziosa.","breadcrumb":{"@id":"https:\/\/leatai.com\/it\/product\/altra-produzione\/servizi-di-lavorazione-conto-terzi-verniciatura-dei-bordi-oil-edge\/#breadcrumb"},"inLanguage":"it-IT","potentialAction":[{"@type":"ReadAction","target":["https:\/\/leatai.com\/it\/product\/altra-produzione\/servizi-di-lavorazione-conto-terzi-verniciatura-dei-bordi-oil-edge\/"]}]},{"@type":"ImageObject","inLanguage":"it-IT","@id":"https:\/\/leatai.com\/it\/product\/altra-produzione\/servizi-di-lavorazione-conto-terzi-verniciatura-dei-bordi-oil-edge\/#primaryimage","url":"https:\/\/leatai.com\/wp-content\/uploads\/2016_01_20_1510510.jpg","contentUrl":"https:\/\/leatai.com\/wp-content\/uploads\/2016_01_20_1510510.jpg","width":1000,"height":750,"caption":"Servizi di lavorazione conto terzi: Verniciatura dei bordi (Oil Edge)"},{"@type":"BreadcrumbList","@id":"https:\/\/leatai.com\/it\/product\/altra-produzione\/servizi-di-lavorazione-conto-terzi-verniciatura-dei-bordi-oil-edge\/#breadcrumb","itemListElement":[{"@type":"ListItem","position":1,"name":"Home","item":"https:\/\/leatai.com\/it\/"},{"@type":"ListItem","position":2,"name":"Presentazione dei prodotti","item":"https:\/\/leatai.com\/products\/"},{"@type":"ListItem","position":3,"name":"Altra produzione","item":"https:\/\/leatai.com\/it\/categoria-prodotto\/altra-produzione\/"},{"@type":"ListItem","position":4,"name":"Servizi di lavorazione conto terzi: Verniciatura dei bordi (Oil Edge)"}]},{"@type":"WebSite","@id":"https:\/\/leatai.com\/it\/#website","url":"https:\/\/leatai.com\/it\/","name":"Leatai \u2013 Produttore di taccuini personalizzati","description":"Leatai fornisce taccuini e planner personalizzati per brand e distributori a livello globale.","publisher":{"@id":"https:\/\/leatai.com\/it\/#organization"},"potentialAction":[{"@type":"SearchAction","target":{"@type":"EntryPoint","urlTemplate":"https:\/\/leatai.com\/it\/?s={search_term_string}"},"query-input":{"@type":"PropertyValueSpecification","valueRequired":true,"valueName":"search_term_string"}}],"inLanguage":"it-IT"},{"@type":"Organization","@id":"https:\/\/leatai.com\/it\/#organization","name":"Leatai Diary, customized journal and business organizer","url":"https:\/\/leatai.com\/it\/","logo":{"@type":"ImageObject","inLanguage":"it-IT","@id":"https:\/\/leatai.com\/it\/#\/schema\/logo\/image\/","url":"https:\/\/leatai.com\/wp-content\/uploads\/logo-blue.png","contentUrl":"https:\/\/leatai.com\/wp-content\/uploads\/logo-blue.png","width":230,"height":60,"caption":"Leatai Diary, customized journal and business organizer"},"image":{"@id":"https:\/\/leatai.com\/it\/#\/schema\/logo\/image\/"}}]}},"_links":{"self":[{"href":"https:\/\/leatai.com\/it\/wp-json\/wp\/v2\/product\/195259","targetHints":{"allow":["GET"]}}],"collection":[{"href":"https:\/\/leatai.com\/it\/wp-json\/wp\/v2\/product"}],"about":[{"href":"https:\/\/leatai.com\/it\/wp-json\/wp\/v2\/types\/product"}],"wp:featuredmedia":[{"embeddable":true,"href":"https:\/\/leatai.com\/it\/wp-json\/wp\/v2\/media\/195260"}],"wp:attachment":[{"href":"https:\/\/leatai.com\/it\/wp-json\/wp\/v2\/media?parent=195259"}],"wp:term":[{"taxonomy":"product_brand","embeddable":true,"href":"https:\/\/leatai.com\/it\/wp-json\/wp\/v2\/product_brand?post=195259"},{"taxonomy":"product_cat","embeddable":true,"href":"https:\/\/leatai.com\/it\/wp-json\/wp\/v2\/product_cat?post=195259"},{"taxonomy":"product_tag","embeddable":true,"href":"https:\/\/leatai.com\/it\/wp-json\/wp\/v2\/product_tag?post=195259"},{"taxonomy":"home_works","embeddable":true,"href":"https:\/\/leatai.com\/it\/wp-json\/wp\/v2\/home_works?post=195259"}],"curies":[{"name":"wp","href":"https:\/\/api.w.org\/{rel}","templated":true}]}}